{"id":30670,"date":"2024-03-01T10:03:35","date_gmt":"2024-03-01T09:03:35","guid":{"rendered":"https:\/\/www.joab.se\/?post_type=product&#038;p=30670"},"modified":"2024-10-07T10:11:56","modified_gmt":"2024-10-07T08:11:56","slug":"joab-fni4","status":"publish","type":"product","link":"https:\/\/www.joab.se\/fi\/tuote\/joab-fni4\/","title":{"rendered":"JOAB FNI-4"},"content":{"rendered":"<div id=\"pl-30670\"  class=\"panel-layout\" ><div id=\"pg-30670-0\"  class=\"panel-grid panel-no-style\" ><div id=\"pgc-30670-0-0\"  class=\"panel-grid-cell\" ><div id=\"panel-30670-0-0-0\" class=\"so-panel widget widget_joab-hero-banner-widget panel-first-child panel-last-child\" data-index=\"0\" ><div\n\t\t\t\n\t\t\tclass=\"so-widget-joab-hero-banner-widget so-widget-joab-hero-banner-widget-default-d75171398898-30670\"\n\t\t\t\n\t\t><div class=\"hero-banner-container\" style=\"background: linear-gradient( rgba(0, 0, 0, 0.5), rgba(0, 0, 0, 0.5) ), url('https:\/\/www.joab.se\/wp-content\/uploads\/2020\/09\/322A3880-1920x1281.jpg');background-position: 50% 50%\">\n        <div class=\"hero-content\">\n      <div class=\"border-container\" style=\"max-width: 40%\">\n          <h1 style=\"font-size: 3vw\">JOAB FNI-4<\/h1>\n      <\/div>\n    <\/div>\n<\/div>\n\n<div class=\"breadcrumbs\">\n            <p id=\"breadcrumbs\"><span><span><a href=\"https:\/\/www.joab.se\/fi\/\">Etusivu<\/a> \u00bb <span><a href=\"https:\/\/www.joab.se\/fi\/tuotteet\/\">Tuotteet<\/a> \u00bb <span><a href=\"https:\/\/www.joab.se\/fi\/tuotteet\/jatepakkaajat\/\">J\u00e4tepakkaajat<\/a> \u00bb <span class=\"breadcrumb_last\" aria-current=\"page\">JOAB FNI-4<\/span><\/span><\/span><\/span><\/span><\/p>    <\/div>\n\n<\/div><\/div><\/div><\/div><div id=\"pg-30670-1\"  class=\"panel-grid panel-no-style\" ><div id=\"pgc-30670-1-0\"  class=\"panel-grid-cell\" ><div id=\"panel-30670-1-0-0\" class=\"so-panel widget widget_sow-editor panel-first-child\" data-index=\"1\" ><div\n\t\t\t\n\t\t\tclass=\"so-widget-sow-editor so-widget-sow-editor-base\"\n\t\t\t\n\t\t>\n<div class=\"siteorigin-widget-tinymce textwidget\">\n\t<h2>JOAB FNI-4<\/h2>\n<p>Vastuullisuus- ja tehokkuusvaatimusten kasvaessa esittelemme uusimman innovaatiomme j\u00e4tteidenk\u00e4sittelyss\u00e4 \u2013 FNI-4:n. JOAB FNI-4 vie j\u00e4tehuollon aivan uudelle tasolle tarjoamalla ainutlaatuisen yhdistelm\u00e4n innovatiivista teknologiaa ja monipuolisia toimintoja. Yhdist\u00e4m\u00e4ll\u00e4 hyv\u00e4ksi havaitun teknologian moderniin muotoiluun olemme luoneet ratkaisun, joka paitsi lis\u00e4\u00e4 tuottavuutta my\u00f6s v\u00e4hent\u00e4\u00e4 ymp\u00e4rist\u00f6vaikutuksia.<\/p>\n<p>Vastuullisuuteen, tuottavuuteen, joustavuuteen ja turvallisuuteen keskittyv\u00e4 FNI-4 edustaa uutta standardia j\u00e4tteenker\u00e4ykselle. Tutkitaan nyt nelj\u00e4\u00e4 ydinkomponenttia, jotka tekev\u00e4t FNI-4:st\u00e4 itsest\u00e4\u00e4n selv\u00e4n valinnan nykyaikaiseen j\u00e4tteenker\u00e4ykseen.<\/p>\n<p><strong>Innovatiivinen<br \/>\n<\/strong>Uusimmalla innovaatiollamme, FNI-4:ll\u00e4, otamme merkitt\u00e4v\u00e4n askeleen kohti vastuullisuutta. K\u00e4ytt\u00e4m\u00e4ll\u00e4 ja yhdistelem\u00e4ll\u00e4 olemassa olevia tuotteita olemme luoneet t\u00e4ysin ainutlaatuisen tuotteen. T\u00e4t\u00e4 me kutsumme innovaatioksi.<\/p>\n<p><strong>Tuottava<br \/>\n<\/strong>Luomalla ty\u00f6paikan jalkak\u00e4yt\u00e4v\u00e4n puolelle aivan ohjaamon viereen s\u00e4\u00e4st\u00e4mme huomattavasti kuljettajiemme aikaa. Sen sijaan, ett\u00e4 kuljettaja k\u00e4velisi edestakaisin roska-astioiden kanssa auton ymp\u00e4rill\u00e4, h\u00e4n voi ty\u00f6skennell\u00e4 tehokkaasti hyvin pienell\u00e4 alueella, mik\u00e4 optimaalisissa olosuhteissa voi s\u00e4\u00e4st\u00e4\u00e4 jopa 5 km k\u00e4velymatkaa p\u00e4iv\u00e4ss\u00e4. Lis\u00e4ksi olemme tehostaneet auton tyhjennyst\u00e4, mik\u00e4 tarkoittaa, ett\u00e4 s\u00e4\u00e4st\u00e4mme arvokasta aikaa joka p\u00e4iv\u00e4. Lis\u00e4ksi autossa on eritt\u00e4in pieni ylitys, mik\u00e4 tekee siit\u00e4 eritt\u00e4in helpon ohjata ahtaissa tiloissa! N\u00e4in lis\u00e4\u00e4mme tuottavuutta innovatiivisilla ratkaisuilla.<\/p>\n<p><strong>Joustava<br \/>\n<\/strong>Koska markkinoilla on yh\u00e4 enemm\u00e4n astiatyyppej\u00e4 ja -merkkej\u00e4, voi olla haastavaa pysy\u00e4 per\u00e4ss\u00e4. FNI-4-p\u00e4\u00e4llirakenteen ansiosta tarvitaan kuitenkin vain yksi kuorma-auto k\u00e4sittelem\u00e4\u00e4n kaikkia erityyppisi\u00e4 j\u00e4teastioita 4-lokeroisista ja jaetuista j\u00e4teastioista tavallisiin 80\u2013770 litran vakioj\u00e4teastioihin. Lis\u00e4ksi sinulla on vapaus tyhjent\u00e4\u00e4 mik\u00e4 tahansa j\u00e4teastia mihin tahansa auton lokeroon. Ainutlaatuista joustavuutta kannattavuus keski\u00f6ss\u00e4.<\/p>\n<p><strong>Turvallinen<br \/>\n<\/strong>Markkinoiden turvallisin j\u00e4teautop\u00e4\u00e4llirakenne? Kun kuljettajan ty\u00f6skentelyalue on sijoitettu jalkak\u00e4yt\u00e4v\u00e4n puolelle, h\u00e4n on tehokkaasti suojattu ymp\u00e4r\u00f6iv\u00e4lt\u00e4 liikenteelt\u00e4. Emme kuitenkaan tyytyneet siihen. K\u00e4ytt\u00e4jien, py\u00f6r\u00e4ilij\u00f6iden ja jalankulkijoiden turvallisuuden lis\u00e4\u00e4miseksi entisest\u00e4\u00e4n valaisemme ty\u00f6skentelyalueen punaisilla varoitusvaloilla. Se on innovatiivista turvallisuutta, joka tekee yrityksest\u00e4si sek\u00e4 turvallisemman ett\u00e4 tuottavamman.<\/p>\n<\/div>\n<\/div><\/div><div id=\"panel-30670-1-0-1\" class=\"so-panel widget widget_joab-product-puffs-widget panel-last-child\" data-index=\"2\" ><div\n\t\t\t\n\t\t\tclass=\"so-widget-joab-product-puffs-widget so-widget-joab-product-puffs-widget-default-d75171398898-30670\"\n\t\t\t\n\t\t><div class=\"product-puffs-container\">\n        <div class=\"product-puff\">\n                <div class=\"puff-icon\">\n            <img loading=\"lazy\" decoding=\"async\" src=\"https:\/\/www.joab.se\/wp-content\/themes\/joab\/img\/icons\/laddaner.svg\" width=\"100\" height=\"100\" class=\"joab-icon laddaner\" \/>        <\/div>\n\n                <h3>Lataa tuotesivu (pdf)<\/h3>\n        \n                    <ul>\n                                    <li><a href=\"https:\/\/www.joab.se\/wp-content\/uploads\/2024\/03\/JOAB-Sopbil-FNI4-broschyr_FI_digital-1.pdf\"> JOAB FNI-4<\/a><\/li>\n                            <\/ul>\n        \n            <\/div>\n        <div class=\"product-puff\">\n                <a href=\"https:\/\/www.joab.se\/fi\/yhteystiedot\/\">\n                <div class=\"puff-icon\">\n            <img loading=\"lazy\" decoding=\"async\" src=\"https:\/\/www.joab.se\/wp-content\/themes\/joab\/img\/icons\/faq.svg\" width=\"100\" height=\"100\" class=\"joab-icon faq\" \/>        <\/div>\n\n                <h3>Ota yhteytt\u00e4<\/h3>\n        \n        \n                <\/a>\n            <\/div>\n        <div class=\"product-puff\">\n                <a href=\"https:\/\/www.joab.se\/fi\/varaa-koeajo\/\">\n                <div class=\"puff-icon\">\n            <img loading=\"lazy\" decoding=\"async\" src=\"https:\/\/www.joab.se\/wp-content\/themes\/joab\/img\/icons\/provkorning.svg\" width=\"100\" height=\"100\" class=\"joab-icon provkorning\" \/>        <\/div>\n\n                <h3>Varaa koeajo<\/h3>\n        \n        \n                <\/a>\n            <\/div>\n        <div class=\"product-puff\">\n                <a href=\"https:\/\/www.joab.se\/fi\/tarjouspyynto\/\">\n                <div class=\"puff-icon\">\n            <img loading=\"lazy\" decoding=\"async\" src=\"https:\/\/www.joab.se\/wp-content\/themes\/joab\/img\/icons\/offert.svg\" width=\"100\" height=\"100\" class=\"joab-icon offert\" \/>        <\/div>\n\n                <h3>Pyyd\u00e4 tarjous<\/h3>\n        \n        \n                <\/a>\n            <\/div>\n    <\/div>\n\n<\/div><\/div><\/div><div id=\"pgc-30670-1-1\"  class=\"panel-grid-cell\" ><div id=\"panel-30670-1-1-0\" class=\"so-panel widget widget_sow-editor panel-first-child\" data-index=\"3\" ><div\n\t\t\t\n\t\t\tclass=\"so-widget-sow-editor so-widget-sow-editor-base\"\n\t\t\t\n\t\t>\n<div class=\"siteorigin-widget-tinymce textwidget\">\n\t<\/div>\n<\/div><\/div><div id=\"panel-30670-1-1-1\" class=\"so-panel widget widget_joab-product-image-gallery-widget panel-last-child\" data-index=\"4\" ><div\n\t\t\t\n\t\t\tclass=\"so-widget-joab-product-image-gallery-widget so-widget-joab-product-image-gallery-widget-default-d75171398898-30670\"\n\t\t\t\n\t\t><div class=\"product-gallery-container\">\n    <ul class=\"lightbox-gallery\">\n                        <li><div class=\"gallery-main-video\">\n            <iframe loading=\"lazy\" width=\"100%\" height=\"100%\" src=\"https:\/\/www.youtube.com\/embed\/Cq_WKq_1oy8?&autoplay=1&mute=1&controls=0&rel=0&disablekb=1&playlist=Cq_WKq_1oy8&loop=1\" frameborder=\"0\" allow=\"autoplay; loop; mute; disablekb;\" allowfullscreen><\/iframe>\n            <\/div><\/li>\n                        <li><div class=\"gallery-item image-thumbnail\" data-original-src=\"https:\/\/www.joab.se\/wp-content\/uploads\/2024\/03\/JOAB-FNI4_innovativ-produktiv-flexibel-och-saker-_vanster-1-1000x723.jpg\" data-poptype=\"image\"><img loading=\"lazy\" decoding=\"async\" width=\"300\" height=\"220\" src=\"https:\/\/www.joab.se\/wp-content\/uploads\/2024\/03\/JOAB-FNI4_innovativ-produktiv-flexibel-och-saker-_vanster-1-300x220.jpg\" class=\"attachment-joab-product-thumb size-joab-product-thumb\" alt=\"\" \/><\/div><\/li>\n                        <li><div class=\"gallery-item image-thumbnail\" data-original-src=\"https:\/\/www.joab.se\/wp-content\/uploads\/2024\/03\/JOAB-FNI4_innovativ-produktiv-flexibel-och-saker-_varningsljus-750x1000.jpg\" data-poptype=\"image\"><img loading=\"lazy\" decoding=\"async\" width=\"300\" height=\"220\" src=\"https:\/\/www.joab.se\/wp-content\/uploads\/2024\/03\/JOAB-FNI4_innovativ-produktiv-flexibel-och-saker-_varningsljus-300x220.jpg\" class=\"attachment-joab-product-thumb size-joab-product-thumb\" alt=\"\" \/><\/div><\/li>\n                        <li><div class=\"gallery-item image-thumbnail\" data-original-src=\"https:\/\/www.joab.se\/wp-content\/uploads\/2024\/03\/JOAB-FNI4_innovativ-produktiv-flexibel-och-saker-_fyrfackskarls-tomning-1-1000x750.jpg\" data-poptype=\"image\"><img loading=\"lazy\" decoding=\"async\" width=\"300\" height=\"220\" src=\"https:\/\/www.joab.se\/wp-content\/uploads\/2024\/03\/JOAB-FNI4_innovativ-produktiv-flexibel-och-saker-_fyrfackskarls-tomning-1-300x220.jpg\" class=\"attachment-joab-product-thumb size-joab-product-thumb\" alt=\"\" \/><\/div><\/li>\n                        <li><div class=\"gallery-item image-thumbnail\" data-original-src=\"https:\/\/www.joab.se\/wp-content\/uploads\/2024\/03\/JOAB-FNI4_innovativ-produktiv-flexibel-och-saker-_manoverpanel-1000x664.jpg\" data-poptype=\"image\"><img loading=\"lazy\" decoding=\"async\" width=\"300\" height=\"220\" src=\"https:\/\/www.joab.se\/wp-content\/uploads\/2024\/03\/JOAB-FNI4_innovativ-produktiv-flexibel-och-saker-_manoverpanel-300x220.jpg\" class=\"attachment-joab-product-thumb size-joab-product-thumb\" alt=\"\" \/><\/div><\/li>\n                        <li><div class=\"gallery-item image-thumbnail\" data-original-src=\"https:\/\/www.joab.se\/wp-content\/uploads\/2024\/03\/JOAB-FNI4_innovativ-produktiv-flexibel-och-saker-_fyrfackskarl-750x1000.jpeg\" data-poptype=\"image\"><img loading=\"lazy\" decoding=\"async\" width=\"300\" height=\"220\" src=\"https:\/\/www.joab.se\/wp-content\/uploads\/2024\/03\/JOAB-FNI4_innovativ-produktiv-flexibel-och-saker-_fyrfackskarl-300x220.jpeg\" class=\"attachment-joab-product-thumb size-joab-product-thumb\" alt=\"\" \/><\/div><\/li>\n                        <li><div class=\"gallery-item image-thumbnail\" data-original-src=\"https:\/\/www.joab.se\/wp-content\/uploads\/2024\/03\/JOAB-Sopbil-FNI-4_Volvo-1000x664.jpg\" data-poptype=\"image\"><img loading=\"lazy\" decoding=\"async\" width=\"300\" height=\"220\" src=\"https:\/\/www.joab.se\/wp-content\/uploads\/2024\/03\/JOAB-Sopbil-FNI-4_Volvo-300x220.jpg\" class=\"attachment-joab-product-thumb size-joab-product-thumb\" alt=\"\" \/><\/div><\/li>\n                        <li><div class=\"gallery-item image-thumbnail\" data-original-src=\"https:\/\/www.joab.se\/wp-content\/uploads\/2024\/03\/JOAB-FNI4_innovativ-produktiv-flexibel-och-saker-hemsida-1000x790.jpg\" data-poptype=\"image\"><img loading=\"lazy\" decoding=\"async\" width=\"300\" height=\"220\" src=\"https:\/\/www.joab.se\/wp-content\/uploads\/2024\/03\/JOAB-FNI4_innovativ-produktiv-flexibel-och-saker-hemsida-300x220.jpg\" class=\"attachment-joab-product-thumb size-joab-product-thumb\" alt=\"\" \/><\/div><\/li>\n            <\/ul>\n<\/div>\n\n<\/div><\/div><\/div><\/div><div id=\"pg-30670-2\"  class=\"panel-grid panel-no-style\" ><div id=\"pgc-30670-2-0\"  class=\"panel-grid-cell panel-grid-cell-empty\" ><\/div><\/div><\/div>","protected":false},"excerpt":{"rendered":"<p>JOAB FNI-4 Vastuullisuus- ja tehokkuusvaatimusten kasvaessa esittelemme uusimman innovaatiomme j\u00e4tteidenk\u00e4sittelyss\u00e4 \u2013 FNI-4:n. JOAB FNI-4 vie j\u00e4tehuollon aivan uudelle tasolle tarjoamalla ainutlaatuisen yhdistelm\u00e4n innovatiivista teknologiaa ja monipuolisia toimintoja. Yhdist\u00e4m\u00e4ll\u00e4 hyv\u00e4ksi havaitun teknologian moderniin muotoiluun olemme luoneet ratkaisun, joka paitsi lis\u00e4\u00e4 tuottavuutta my\u00f6s v\u00e4hent\u00e4\u00e4 ymp\u00e4rist\u00f6vaikutuksia. Vastuullisuuteen, tuottavuuteen, joustavuuteen ja turvallisuuteen keskittyv\u00e4 FNI-4 edustaa uutta standardia j\u00e4tteenker\u00e4ykselle. Tutkitaan [&hellip;]<\/p>\n","protected":false},"author":2,"featured_media":31844,"parent":0,"template":"","meta":{"footnotes":""},"product_type":[4],"class_list":["post-30670","product","type-product","status-publish","has-post-thumbnail","hentry"],"yoast_head":"<!-- This site is optimized with the Yoast SEO plugin v27.4 - https:\/\/yoast.com\/product\/yoast-seo-wordpress\/ -->\n<title>JOAB FNI-4 - JOAB<\/title>\n<meta name=\"robots\" content=\"index, follow, max-snippet:-1, max-image-preview:large, max-video-preview:-1\" \/>\n<link rel=\"canonical\" href=\"https:\/\/www.joab.se\/fi\/tuote\/joab-fni4\/\" \/>\n<meta property=\"og:locale\" content=\"fi_FI\" \/>\n<meta property=\"og:type\" content=\"article\" \/>\n<meta property=\"og:title\" content=\"JOAB FNI-4 - JOAB\" \/>\n<meta property=\"og:description\" content=\"JOAB FNI-4 Vastuullisuus- ja tehokkuusvaatimusten kasvaessa esittelemme uusimman innovaatiomme j\u00e4tteidenk\u00e4sittelyss\u00e4 \u2013 FNI-4:n. JOAB FNI-4 vie j\u00e4tehuollon aivan uudelle tasolle tarjoamalla ainutlaatuisen yhdistelm\u00e4n innovatiivista teknologiaa ja monipuolisia toimintoja. Yhdist\u00e4m\u00e4ll\u00e4 hyv\u00e4ksi havaitun teknologian moderniin muotoiluun olemme luoneet ratkaisun, joka paitsi lis\u00e4\u00e4 tuottavuutta my\u00f6s v\u00e4hent\u00e4\u00e4 ymp\u00e4rist\u00f6vaikutuksia. Vastuullisuuteen, tuottavuuteen, joustavuuteen ja turvallisuuteen keskittyv\u00e4 FNI-4 edustaa uutta standardia j\u00e4tteenker\u00e4ykselle. Tutkitaan [&hellip;]\" \/>\n<meta property=\"og:url\" content=\"https:\/\/www.joab.se\/fi\/tuote\/joab-fni4\/\" \/>\n<meta property=\"og:site_name\" content=\"JOAB\" \/>\n<meta property=\"article:publisher\" content=\"https:\/\/www.facebook.com\/joabsverige\/\" \/>\n<meta property=\"article:modified_time\" content=\"2024-10-07T08:11:56+00:00\" \/>\n<meta property=\"og:image\" content=\"https:\/\/www.joab.se\/wp-content\/uploads\/2024\/03\/JOAB-FNI4_innovativ-produktiv-flexibel-och-saker-_hoger-scaled.jpg\" \/>\n\t<meta property=\"og:image:width\" content=\"2560\" \/>\n\t<meta property=\"og:image:height\" content=\"1888\" \/>\n\t<meta property=\"og:image:type\" content=\"image\/jpeg\" \/>\n<meta name=\"twitter:card\" content=\"summary_large_image\" \/>\n<meta name=\"twitter:label1\" content=\"Arvioitu lukuaika\" \/>\n\t<meta name=\"twitter:data1\" content=\"4 minuuttia\" \/>\n<script type=\"application\/ld+json\" class=\"yoast-schema-graph\">{\"@context\":\"https:\\\/\\\/schema.org\",\"@graph\":[{\"@type\":\"WebPage\",\"@id\":\"https:\\\/\\\/www.joab.se\\\/fi\\\/tuote\\\/joab-fni4\\\/\",\"url\":\"https:\\\/\\\/www.joab.se\\\/fi\\\/tuote\\\/joab-fni4\\\/\",\"name\":\"JOAB FNI-4 - JOAB\",\"isPartOf\":{\"@id\":\"https:\\\/\\\/www.joab.se\\\/#website\"},\"primaryImageOfPage\":{\"@id\":\"https:\\\/\\\/www.joab.se\\\/fi\\\/tuote\\\/joab-fni4\\\/#primaryimage\"},\"image\":{\"@id\":\"https:\\\/\\\/www.joab.se\\\/fi\\\/tuote\\\/joab-fni4\\\/#primaryimage\"},\"thumbnailUrl\":\"https:\\\/\\\/www.joab.se\\\/wp-content\\\/uploads\\\/2024\\\/03\\\/JOAB-FOUR-S-FNI4.png\",\"datePublished\":\"2024-03-01T09:03:35+00:00\",\"dateModified\":\"2024-10-07T08:11:56+00:00\",\"breadcrumb\":{\"@id\":\"https:\\\/\\\/www.joab.se\\\/fi\\\/tuote\\\/joab-fni4\\\/#breadcrumb\"},\"inLanguage\":\"fi\",\"potentialAction\":[{\"@type\":\"ReadAction\",\"target\":[\"https:\\\/\\\/www.joab.se\\\/fi\\\/tuote\\\/joab-fni4\\\/\"]}]},{\"@type\":\"ImageObject\",\"inLanguage\":\"fi\",\"@id\":\"https:\\\/\\\/www.joab.se\\\/fi\\\/tuote\\\/joab-fni4\\\/#primaryimage\",\"url\":\"https:\\\/\\\/www.joab.se\\\/wp-content\\\/uploads\\\/2024\\\/03\\\/JOAB-FOUR-S-FNI4.png\",\"contentUrl\":\"https:\\\/\\\/www.joab.se\\\/wp-content\\\/uploads\\\/2024\\\/03\\\/JOAB-FOUR-S-FNI4.png\",\"width\":1245,\"height\":890},{\"@type\":\"BreadcrumbList\",\"@id\":\"https:\\\/\\\/www.joab.se\\\/fi\\\/tuote\\\/joab-fni4\\\/#breadcrumb\",\"itemListElement\":[{\"@type\":\"ListItem\",\"position\":1,\"name\":\"Etusivu\",\"item\":\"https:\\\/\\\/www.joab.se\\\/fi\\\/\"},{\"@type\":\"ListItem\",\"position\":2,\"name\":\"JOAB FNI-4\"}]},{\"@type\":\"WebSite\",\"@id\":\"https:\\\/\\\/www.joab.se\\\/#website\",\"url\":\"https:\\\/\\\/www.joab.se\\\/\",\"name\":\"JOAB\",\"description\":\"En till WordPress-webbplats\",\"publisher\":{\"@id\":\"https:\\\/\\\/www.joab.se\\\/#organization\"},\"potentialAction\":[{\"@type\":\"SearchAction\",\"target\":{\"@type\":\"EntryPoint\",\"urlTemplate\":\"https:\\\/\\\/www.joab.se\\\/?s={search_term_string}\"},\"query-input\":{\"@type\":\"PropertyValueSpecification\",\"valueRequired\":true,\"valueName\":\"search_term_string\"}}],\"inLanguage\":\"fi\"},{\"@type\":\"Organization\",\"@id\":\"https:\\\/\\\/www.joab.se\\\/#organization\",\"name\":\"JOAB F\u00f6rs\u00e4ljnings AB\",\"url\":\"https:\\\/\\\/www.joab.se\\\/\",\"logo\":{\"@type\":\"ImageObject\",\"inLanguage\":\"fi\",\"@id\":\"https:\\\/\\\/www.joab.se\\\/#\\\/schema\\\/logo\\\/image\\\/\",\"url\":\"https:\\\/\\\/www.joab.se\\\/wp-content\\\/uploads\\\/2023\\\/02\\\/logo_storre.png\",\"contentUrl\":\"https:\\\/\\\/www.joab.se\\\/wp-content\\\/uploads\\\/2023\\\/02\\\/logo_storre.png\",\"width\":3100,\"height\":889,\"caption\":\"JOAB F\u00f6rs\u00e4ljnings AB\"},\"image\":{\"@id\":\"https:\\\/\\\/www.joab.se\\\/#\\\/schema\\\/logo\\\/image\\\/\"},\"sameAs\":[\"https:\\\/\\\/www.facebook.com\\\/joabsverige\\\/\",\"https:\\\/\\\/www.instagram.com\\\/joab.se\\\/?hl=sv\",\"https:\\\/\\\/www.linkedin.com\\\/company\\\/joab-ab\\\/\",\"https:\\\/\\\/www.youtube.com\\\/@joab2194\\\/featured\"]}]}<\/script>\n<!-- \/ Yoast SEO plugin. -->","yoast_head_json":{"title":"JOAB FNI-4 - JOAB","robots":{"index":"index","follow":"follow","max-snippet":"max-snippet:-1","max-image-preview":"max-image-preview:large","max-video-preview":"max-video-preview:-1"},"canonical":"https:\/\/www.joab.se\/fi\/tuote\/joab-fni4\/","og_locale":"fi_FI","og_type":"article","og_title":"JOAB FNI-4 - JOAB","og_description":"JOAB FNI-4 Vastuullisuus- ja tehokkuusvaatimusten kasvaessa esittelemme uusimman innovaatiomme j\u00e4tteidenk\u00e4sittelyss\u00e4 \u2013 FNI-4:n. JOAB FNI-4 vie j\u00e4tehuollon aivan uudelle tasolle tarjoamalla ainutlaatuisen yhdistelm\u00e4n innovatiivista teknologiaa ja monipuolisia toimintoja. Yhdist\u00e4m\u00e4ll\u00e4 hyv\u00e4ksi havaitun teknologian moderniin muotoiluun olemme luoneet ratkaisun, joka paitsi lis\u00e4\u00e4 tuottavuutta my\u00f6s v\u00e4hent\u00e4\u00e4 ymp\u00e4rist\u00f6vaikutuksia. Vastuullisuuteen, tuottavuuteen, joustavuuteen ja turvallisuuteen keskittyv\u00e4 FNI-4 edustaa uutta standardia j\u00e4tteenker\u00e4ykselle. Tutkitaan [&hellip;]","og_url":"https:\/\/www.joab.se\/fi\/tuote\/joab-fni4\/","og_site_name":"JOAB","article_publisher":"https:\/\/www.facebook.com\/joabsverige\/","article_modified_time":"2024-10-07T08:11:56+00:00","og_image":[{"width":2560,"height":1888,"url":"https:\/\/www.joab.se\/wp-content\/uploads\/2024\/03\/JOAB-FNI4_innovativ-produktiv-flexibel-och-saker-_hoger-scaled.jpg","type":"image\/jpeg"}],"twitter_card":"summary_large_image","twitter_misc":{"Arvioitu lukuaika":"4 minuuttia"},"schema":{"@context":"https:\/\/schema.org","@graph":[{"@type":"WebPage","@id":"https:\/\/www.joab.se\/fi\/tuote\/joab-fni4\/","url":"https:\/\/www.joab.se\/fi\/tuote\/joab-fni4\/","name":"JOAB FNI-4 - JOAB","isPartOf":{"@id":"https:\/\/www.joab.se\/#website"},"primaryImageOfPage":{"@id":"https:\/\/www.joab.se\/fi\/tuote\/joab-fni4\/#primaryimage"},"image":{"@id":"https:\/\/www.joab.se\/fi\/tuote\/joab-fni4\/#primaryimage"},"thumbnailUrl":"https:\/\/www.joab.se\/wp-content\/uploads\/2024\/03\/JOAB-FOUR-S-FNI4.png","datePublished":"2024-03-01T09:03:35+00:00","dateModified":"2024-10-07T08:11:56+00:00","breadcrumb":{"@id":"https:\/\/www.joab.se\/fi\/tuote\/joab-fni4\/#breadcrumb"},"inLanguage":"fi","potentialAction":[{"@type":"ReadAction","target":["https:\/\/www.joab.se\/fi\/tuote\/joab-fni4\/"]}]},{"@type":"ImageObject","inLanguage":"fi","@id":"https:\/\/www.joab.se\/fi\/tuote\/joab-fni4\/#primaryimage","url":"https:\/\/www.joab.se\/wp-content\/uploads\/2024\/03\/JOAB-FOUR-S-FNI4.png","contentUrl":"https:\/\/www.joab.se\/wp-content\/uploads\/2024\/03\/JOAB-FOUR-S-FNI4.png","width":1245,"height":890},{"@type":"BreadcrumbList","@id":"https:\/\/www.joab.se\/fi\/tuote\/joab-fni4\/#breadcrumb","itemListElement":[{"@type":"ListItem","position":1,"name":"Etusivu","item":"https:\/\/www.joab.se\/fi\/"},{"@type":"ListItem","position":2,"name":"JOAB FNI-4"}]},{"@type":"WebSite","@id":"https:\/\/www.joab.se\/#website","url":"https:\/\/www.joab.se\/","name":"JOAB","description":"En till WordPress-webbplats","publisher":{"@id":"https:\/\/www.joab.se\/#organization"},"potentialAction":[{"@type":"SearchAction","target":{"@type":"EntryPoint","urlTemplate":"https:\/\/www.joab.se\/?s={search_term_string}"},"query-input":{"@type":"PropertyValueSpecification","valueRequired":true,"valueName":"search_term_string"}}],"inLanguage":"fi"},{"@type":"Organization","@id":"https:\/\/www.joab.se\/#organization","name":"JOAB F\u00f6rs\u00e4ljnings AB","url":"https:\/\/www.joab.se\/","logo":{"@type":"ImageObject","inLanguage":"fi","@id":"https:\/\/www.joab.se\/#\/schema\/logo\/image\/","url":"https:\/\/www.joab.se\/wp-content\/uploads\/2023\/02\/logo_storre.png","contentUrl":"https:\/\/www.joab.se\/wp-content\/uploads\/2023\/02\/logo_storre.png","width":3100,"height":889,"caption":"JOAB F\u00f6rs\u00e4ljnings AB"},"image":{"@id":"https:\/\/www.joab.se\/#\/schema\/logo\/image\/"},"sameAs":["https:\/\/www.facebook.com\/joabsverige\/","https:\/\/www.instagram.com\/joab.se\/?hl=sv","https:\/\/www.linkedin.com\/company\/joab-ab\/","https:\/\/www.youtube.com\/@joab2194\/featured"]}]}},"_links":{"self":[{"href":"https:\/\/www.joab.se\/fi\/wp-json\/wp\/v2\/product\/30670","targetHints":{"allow":["GET"]}}],"collection":[{"href":"https:\/\/www.joab.se\/fi\/wp-json\/wp\/v2\/product"}],"about":[{"href":"https:\/\/www.joab.se\/fi\/wp-json\/wp\/v2\/types\/product"}],"author":[{"embeddable":true,"href":"https:\/\/www.joab.se\/fi\/wp-json\/wp\/v2\/users\/2"}],"version-history":[{"count":7,"href":"https:\/\/www.joab.se\/fi\/wp-json\/wp\/v2\/product\/30670\/revisions"}],"predecessor-version":[{"id":30696,"href":"https:\/\/www.joab.se\/fi\/wp-json\/wp\/v2\/product\/30670\/revisions\/30696"}],"wp:featuredmedia":[{"embeddable":true,"href":"https:\/\/www.joab.se\/fi\/wp-json\/wp\/v2\/media\/31844"}],"wp:attachment":[{"href":"https:\/\/www.joab.se\/fi\/wp-json\/wp\/v2\/media?parent=30670"}],"wp:term":[{"taxonomy":"product_type","embeddable":true,"href":"https:\/\/www.joab.se\/fi\/wp-json\/wp\/v2\/product_type?post=30670"}],"curies":[{"name":"wp","href":"https:\/\/api.w.org\/{rel}","templated":true}]}}