{"id":30410,"date":"2024-08-30T11:34:49","date_gmt":"2024-08-30T09:34:49","guid":{"rendered":"https:\/\/www.joab.se\/?post_type=product&#038;p=30410"},"modified":"2025-08-05T08:30:13","modified_gmt":"2025-08-05T06:30:13","slug":"clu-container-loading-unit","status":"publish","type":"product","link":"https:\/\/www.joab.se\/fi\/tuote\/clu-container-loading-unit\/","title":{"rendered":"CLU &#8211; Container Loading Unit"},"content":{"rendered":"<div id=\"pl-30410\"  class=\"panel-layout\" ><div id=\"pg-30410-0\"  class=\"panel-grid panel-no-style\" ><div id=\"pgc-30410-0-0\"  class=\"panel-grid-cell\" ><div id=\"panel-30410-0-0-0\" class=\"so-panel widget widget_joab-hero-banner-widget panel-first-child\" data-index=\"0\" ><div\n\t\t\t\n\t\t\tclass=\"so-widget-joab-hero-banner-widget so-widget-joab-hero-banner-widget-default-d75171398898-30410\"\n\t\t\t\n\t\t><div class=\"hero-banner-container\" style=\"background: linear-gradient( rgba(0, 0, 0, 0.5), rgba(0, 0, 0, 0.5) ), url('https:\/\/www.joab.se\/wp-content\/uploads\/2024\/08\/JOAB-CLU_containertransport_lastbilspabyggnad7.jpg.png');background-position: 50% 50%\">\n        <div class=\"hero-content\">\n      <div class=\"border-container\" style=\"max-width: 40%\">\n          <h1 style=\"font-size: 2.5vw\">Turvallisempi, joustavampi ja tehokkaampi  konttien kuljetus<\/h1>\n      <\/div>\n    <\/div>\n<\/div>\n\n\n<\/div><\/div><div id=\"panel-30410-0-0-1\" class=\"widget_text so-panel widget widget_custom_html panel-last-child\" data-index=\"1\" ><div class=\"textwidget custom-html-widget\"><div class=\"breadcrumbs\"><p id=\"breadcrumbs\"><span><span><a href=\"https:\/\/www.joab.se\/fi\/\">Etusivu<\/a> \u00bb <span><a href=\"https:\/\/www.joab.se\/fi\/tuotteet\/\">Tuotteet<\/a> \u00bb <span><a href=\"https:\/\/www.https:\/\/www.joab.se\/fi\/tuote\/clu-container-loading-unit\/\/\">Konttien kuljetus<\/a> \u00bb <span class=\"breadcrumb_last\" aria-current=\"page\">JOAB CLU<\/span><\/span><\/span><\/span><\/span><\/p><\/div><\/div><\/div><\/div><\/div><div id=\"pg-30410-1\"  class=\"panel-grid panel-no-style\" ><div id=\"pgc-30410-1-0\"  class=\"panel-grid-cell\" ><div id=\"panel-30410-1-0-0\" class=\"so-panel widget widget_sow-editor panel-first-child\" data-index=\"2\" ><div\n\t\t\t\n\t\t\tclass=\"so-widget-sow-editor so-widget-sow-editor-base\"\n\t\t\t\n\t\t>\n<div class=\"siteorigin-widget-tinymce textwidget\">\n\t<h2>CLU - Container Loading Unit<\/h2>\n<p>JOAB CLU on ratkaisumme joka tarjoaa erinomaista turvallisuutta, joustavuutta ja tehokkuutta 20 jalan konttien kuljetukseen. Vaikuttava kantavuus ja mahdollisuus lastata ja purkaa kuorma yksin vaihtolavalaitteella tekev\u00e4t JOAB CLU:sta oivan ratkaisun siviili- ja sotilaskonttikuljetusten t\u00e4m\u00e4n p\u00e4iv\u00e4n ja huomisen haasteisiin.<\/p>\n<p>Tavoitteenamme on tarjota luotettava ratkaisu, joka paitsi optimoi toiminnan, my\u00f6s lis\u00e4\u00e4 turvallisuutta ja v\u00e4hent\u00e4\u00e4 k\u00e4ytt\u00f6kustannuksia. Keskittym\u00e4ll\u00e4 innovaatioon ja laatuun olemme kehitt\u00e4neet ratkaisun, joka t\u00e4ytt\u00e4\u00e4 alan vaatimukset ja odotukset.<\/p>\n<h3><strong>EDUT<\/strong><\/h3>\n<ul>\n<li><strong>Tehokas lastaus ja purku<\/strong>:<br \/>\nJOAB CLU:n ja vaihtolavaper\u00e4vaunun yhdistelm\u00e4ll\u00e4 voit kuljettaa jopa kolme konttia, mik\u00e4 v\u00e4hent\u00e4\u00e4 lis\u00e4ty\u00f6voiman tarvetta ja lis\u00e4\u00e4 lastaustehokkuutta.<\/li>\n<li><strong>Valittavissa oleva lavastandardi:<\/strong><br \/>\nJOAB CLU voidaan tilata kaikkien olemassa olevien lavastandardien mukaisena (esim. SS3021, SS3659, DIN30722, SFS4417, STANAG, Wirehejs), mik\u00e4 tarkoittaa helppoa integrointia olemassa oleviin toimintoihin.<\/li>\n<li><strong>Parannettu turvallisuus:<\/strong><br \/>\nEnint\u00e4\u00e4n noin 30 cm nostokorkeuden ansiosta sek\u00e4 lastin ett\u00e4 ajoneuvon vaurioitumisriski pienenee, mik\u00e4 varmistaa turvallisemman ty\u00f6ymp\u00e4rist\u00f6n.<\/li>\n<li><strong>Vakaa siirrett\u00e4ess\u00e4:<\/strong><br \/>\nMahdollisuus k\u00e4ytt\u00e4\u00e4 nostovarsia erikseen tekee JOAB CLU:sta v\u00e4hemm\u00e4n herk\u00e4n ep\u00e4tasaiselle maastolle, mik\u00e4 takaa vakaan ja luotettavan suorituskyvyn vaikeissakin olosuhteissa.<\/li>\n<li><strong>Erikorkuisten konttien joustava k\u00e4sittely:<\/strong><br \/>\nK\u00e4ytt\u00e4m\u00e4ll\u00e4 vain alempia konttilukkoja JOAB CLU pystyy k\u00e4sittelem\u00e4\u00e4n erikorkuisia kontteja, mik\u00e4 lis\u00e4\u00e4 sen joustavuutta ja k\u00e4ytett\u00e4vyytt\u00e4.<\/li>\n<li><strong>Helppo lastaus ja purku:<\/strong><br \/>\nKontteja voidaan my\u00f6s k\u00e4sitell\u00e4 helposti sek\u00e4 nosturilla ett\u00e4 haarukkatrukilla, mik\u00e4 s\u00e4\u00e4st\u00e4\u00e4 aikaa ja lis\u00e4\u00e4 tuottavuutta muihin markkinoilla oleviin ratkaisuihin verrattuna.<\/li>\n<li><strong>Suuri kantavuus:<\/strong><br \/>\nJOAB CLU:n enimm\u00e4iskantavuus on 18 tonnia, joten se k\u00e4sittelee raskaimmatkin kuormat helposti ja tehokkaasti.<\/li>\n<li><strong>Helppo kytkent\u00e4:<\/strong><br \/>\nJOAB CLU vaatii vain alustan takaosassa olevat hydrauliset ulostulot 200 baarin hydraulipaineella ja 24 V:n pistorasian, jotka on jo useimmissa ajoneuvoissa.<\/li>\n<li><strong>Parempi tarkkuus:<\/strong><br \/>\nLangallisella kauko-ohjaimella k\u00e4ytt\u00e4j\u00e4 hallitsee t\u00e4ydellisesti nostovarsien liikkeit\u00e4, mik\u00e4 takaa turvallisemmat ja tehokkaammat ty\u00f6skentelyolosuhteet.<\/li>\n<li><strong>Tasaisesti jakautunut kuorma:<\/strong><br \/>\nNostamalla konttia nostokohdista v\u00e4ltet\u00e4\u00e4n kontin vaurioitumisriski k\u00e4sittelyn aikana.<\/li>\n<li><strong>Optimoitu korkeus:<\/strong><br \/>\nAlustasta ja vaihtolavalaitteen rakennekorkeudesta riippuen kokonaiskorkeus on useimmissa tapauksissa alle 4 metri\u00e4. Ota yhteytt\u00e4 JOABin myyntiin saadaksesi tarjouksen alustastasi.<\/li>\n<\/ul>\n<\/div>\n<\/div><\/div><div id=\"panel-30410-1-0-1\" class=\"so-panel widget widget_joab-product-puffs-widget panel-last-child\" data-index=\"3\" ><div\n\t\t\t\n\t\t\tclass=\"so-widget-joab-product-puffs-widget so-widget-joab-product-puffs-widget-default-d75171398898-30410\"\n\t\t\t\n\t\t><div class=\"product-puffs-container\">\n        <div class=\"product-puff\">\n                <div class=\"puff-icon\">\n            <img loading=\"lazy\" decoding=\"async\" src=\"https:\/\/www.joab.se\/wp-content\/themes\/joab\/img\/icons\/laddaner.svg\" width=\"100\" height=\"100\" class=\"joab-icon laddaner\" \/>        <\/div>\n\n                <h3>Lataa tuotesivu (pdf)<\/h3>\n        \n                    <ul>\n                                    <li><a href=\"https:\/\/www.joab.se\/wp-content\/uploads\/2024\/08\/JOAB-CLU_Konttien_kuljetus_webb-1.pdf\"> JOAB CLU<\/a><\/li>\n                            <\/ul>\n        \n            <\/div>\n        <div class=\"product-puff\">\n                <a href=\"https:\/\/www.joab.se\/fi\/yhteystiedot\/\">\n                <div class=\"puff-icon\">\n            <img loading=\"lazy\" decoding=\"async\" src=\"https:\/\/www.joab.se\/wp-content\/themes\/joab\/img\/icons\/faq.svg\" width=\"100\" height=\"100\" class=\"joab-icon faq\" \/>        <\/div>\n\n                <h3>Ota yhteytt\u00e4<\/h3>\n        \n        \n                <\/a>\n            <\/div>\n        <div class=\"product-puff\">\n                <a href=\"https:\/\/www.joab.se\/fi\/varaa-koeajo\/\">\n                <div class=\"puff-icon\">\n            <img loading=\"lazy\" decoding=\"async\" src=\"https:\/\/www.joab.se\/wp-content\/themes\/joab\/img\/icons\/provkorning.svg\" width=\"100\" height=\"100\" class=\"joab-icon provkorning\" \/>        <\/div>\n\n                <h3>Varaa koeajo<\/h3>\n        \n        \n                <\/a>\n            <\/div>\n        <div class=\"product-puff\">\n                <a href=\"https:\/\/www.joab.se\/fi\/tarjouspyynto\/\">\n                <div class=\"puff-icon\">\n            <img loading=\"lazy\" decoding=\"async\" src=\"https:\/\/www.joab.se\/wp-content\/themes\/joab\/img\/icons\/offert.svg\" width=\"100\" height=\"100\" class=\"joab-icon offert\" \/>        <\/div>\n\n                <h3>Pyyd\u00e4 tarjous<\/h3>\n        \n        \n                <\/a>\n            <\/div>\n    <\/div>\n\n<\/div><\/div><\/div><div id=\"pgc-30410-1-1\"  class=\"panel-grid-cell\" ><div id=\"panel-30410-1-1-0\" class=\"so-panel widget widget_joab-product-image-gallery-widget panel-first-child panel-last-child\" data-index=\"4\" ><div\n\t\t\t\n\t\t\tclass=\"so-widget-joab-product-image-gallery-widget so-widget-joab-product-image-gallery-widget-default-d75171398898-30410\"\n\t\t\t\n\t\t><div class=\"product-gallery-container\">\n    <ul class=\"lightbox-gallery\">\n                        <li><div class=\"gallery-main-video\">\n            <iframe loading=\"lazy\" width=\"100%\" height=\"100%\" src=\"https:\/\/www.youtube.com\/embed\/klw20wGLWhQ?&autoplay=1&mute=1&controls=0&rel=0&disablekb=1&playlist=klw20wGLWhQ&loop=1\" frameborder=\"0\" allow=\"autoplay; loop; mute; disablekb;\" allowfullscreen><\/iframe>\n            <\/div><\/li>\n                        <li><div class=\"gallery-item image-thumbnail\" data-original-src=\"https:\/\/www.joab.se\/wp-content\/uploads\/2024\/08\/JOAB-CLU_containertransport_lastbilspabyggnad4-1000x562.jpg\" data-poptype=\"image\"><img loading=\"lazy\" decoding=\"async\" width=\"300\" height=\"220\" src=\"https:\/\/www.joab.se\/wp-content\/uploads\/2024\/08\/JOAB-CLU_containertransport_lastbilspabyggnad4-300x220.jpg\" class=\"attachment-joab-product-thumb size-joab-product-thumb\" alt=\"JOAB CLU f\u00f6r flexibel, s\u00e4ker och effektiv containertransport\" \/><\/div><\/li>\n                        <li><div class=\"gallery-item image-thumbnail\" data-original-src=\"https:\/\/www.joab.se\/wp-content\/uploads\/2024\/08\/JOAB-CLU_containertransport_lastbilspabyggnad3-1000x562.jpg\" data-poptype=\"image\"><img loading=\"lazy\" decoding=\"async\" width=\"300\" height=\"220\" src=\"https:\/\/www.joab.se\/wp-content\/uploads\/2024\/08\/JOAB-CLU_containertransport_lastbilspabyggnad3-300x220.jpg\" class=\"attachment-joab-product-thumb size-joab-product-thumb\" alt=\"JOAB CLU f\u00f6r flexibel, s\u00e4ker och effektiv containertransport\" \/><\/div><\/li>\n                        <li><div class=\"gallery-item image-thumbnail\" data-original-src=\"https:\/\/www.joab.se\/wp-content\/uploads\/2024\/08\/JOAB-CLU_containertransport_lastbilspabyggnad2-1000x562.jpg\" data-poptype=\"image\"><img loading=\"lazy\" decoding=\"async\" width=\"300\" height=\"220\" src=\"https:\/\/www.joab.se\/wp-content\/uploads\/2024\/08\/JOAB-CLU_containertransport_lastbilspabyggnad2-300x220.jpg\" class=\"attachment-joab-product-thumb size-joab-product-thumb\" alt=\"JOAB CLU f\u00f6r flexibel, s\u00e4ker och effektiv containertransport\" \/><\/div><\/li>\n                        <li><div class=\"gallery-item image-thumbnail\" data-original-src=\"https:\/\/www.joab.se\/wp-content\/uploads\/2024\/08\/JOAB-CLU_containertransport_lastbilspabyggnad1-1000x562.jpg\" data-poptype=\"image\"><img loading=\"lazy\" decoding=\"async\" width=\"300\" height=\"220\" src=\"https:\/\/www.joab.se\/wp-content\/uploads\/2024\/08\/JOAB-CLU_containertransport_lastbilspabyggnad1-300x220.jpg\" class=\"attachment-joab-product-thumb size-joab-product-thumb\" alt=\"JOAB CLU f\u00f6r flexibel, s\u00e4ker och effektiv containertransport\" \/><\/div><\/li>\n                        <li><div class=\"gallery-item image-thumbnail\" data-original-src=\"https:\/\/www.joab.se\/wp-content\/uploads\/2024\/08\/JOAB-CLU_containertransport_lastbilspabyggnad-1000x562.jpg\" data-poptype=\"image\"><img loading=\"lazy\" decoding=\"async\" width=\"300\" height=\"220\" src=\"https:\/\/www.joab.se\/wp-content\/uploads\/2024\/08\/JOAB-CLU_containertransport_lastbilspabyggnad-300x220.jpg\" class=\"attachment-joab-product-thumb size-joab-product-thumb\" alt=\"\" \/><\/div><\/li>\n                        <li><div class=\"gallery-item image-thumbnail\" data-original-src=\"https:\/\/www.joab.se\/wp-content\/uploads\/2024\/08\/JOAB-CLU_containertransport_lastbilspabyggnad5-1000x562.jpg\" data-poptype=\"image\"><img loading=\"lazy\" decoding=\"async\" width=\"300\" height=\"220\" src=\"https:\/\/www.joab.se\/wp-content\/uploads\/2024\/08\/JOAB-CLU_containertransport_lastbilspabyggnad5-300x220.jpg\" class=\"attachment-joab-product-thumb size-joab-product-thumb\" alt=\"JOAB CLU f\u00f6r flexibel, s\u00e4ker och effektiv containertransport\" \/><\/div><\/li>\n                        <li><div class=\"gallery-item image-thumbnail\" data-original-src=\"https:\/\/www.joab.se\/wp-content\/uploads\/2024\/08\/JOAB-CLU_Containertransport_Elmia-750x1000.jpg\" data-poptype=\"image\"><img loading=\"lazy\" decoding=\"async\" width=\"300\" height=\"220\" src=\"https:\/\/www.joab.se\/wp-content\/uploads\/2024\/08\/JOAB-CLU_Containertransport_Elmia-300x220.jpg\" class=\"attachment-joab-product-thumb size-joab-product-thumb\" alt=\"JOAB CLU f\u00f6r flexibel, s\u00e4ker och effektiv containertransport\" \/><\/div><\/li>\n                        <li><div class=\"gallery-item image-thumbnail\" data-original-src=\"https:\/\/www.joab.se\/wp-content\/uploads\/2024\/08\/JOAb-CLU_Containertransport_Elmia2-750x1000.jpg\" data-poptype=\"image\"><img loading=\"lazy\" decoding=\"async\" width=\"300\" height=\"220\" src=\"https:\/\/www.joab.se\/wp-content\/uploads\/2024\/08\/JOAb-CLU_Containertransport_Elmia2-300x220.jpg\" class=\"attachment-joab-product-thumb size-joab-product-thumb\" alt=\"JOAB CLU f\u00f6r flexibel, s\u00e4ker och effektiv containertransport\" \/><\/div><\/li>\n            <\/ul>\n<\/div>\n\n<\/div><\/div><\/div><\/div><div id=\"pg-30410-2\"  class=\"panel-grid panel-no-style\" ><div id=\"pgc-30410-2-0\"  class=\"panel-grid-cell panel-grid-cell-empty\" ><\/div><\/div><\/div>","protected":false},"excerpt":{"rendered":"<p>CLU &#8211; Container Loading Unit JOAB CLU on ratkaisumme joka tarjoaa erinomaista turvallisuutta, joustavuutta ja tehokkuutta 20 jalan konttien kuljetukseen. Vaikuttava kantavuus ja mahdollisuus lastata ja purkaa kuorma yksin vaihtolavalaitteella tekev\u00e4t JOAB CLU:sta oivan ratkaisun siviili- ja sotilaskonttikuljetusten t\u00e4m\u00e4n p\u00e4iv\u00e4n ja huomisen haasteisiin. Tavoitteenamme on tarjota luotettava ratkaisu, joka paitsi optimoi toiminnan, my\u00f6s lis\u00e4\u00e4 turvallisuutta [&hellip;]<\/p>\n","protected":false},"author":2,"featured_media":30095,"parent":0,"template":"","meta":{"footnotes":""},"product_type":[41],"class_list":["post-30410","product","type-product","status-publish","has-post-thumbnail","hentry"],"yoast_head":"<!-- This site is optimized with the Yoast SEO plugin v27.4 - https:\/\/yoast.com\/product\/yoast-seo-wordpress\/ -->\n<title>CLU - Container Loading Unit - JOAB<\/title>\n<meta name=\"robots\" content=\"index, follow, max-snippet:-1, max-image-preview:large, max-video-preview:-1\" \/>\n<link rel=\"canonical\" href=\"https:\/\/www.joab.se\/fi\/tuote\/clu-container-loading-unit\/\" \/>\n<meta property=\"og:locale\" content=\"fi_FI\" \/>\n<meta property=\"og:type\" content=\"article\" \/>\n<meta property=\"og:title\" content=\"CLU - Container Loading Unit - JOAB\" \/>\n<meta property=\"og:description\" content=\"CLU - Container Loading Unit JOAB CLU on ratkaisumme joka tarjoaa erinomaista turvallisuutta, joustavuutta ja tehokkuutta 20 jalan konttien kuljetukseen. Vaikuttava kantavuus ja mahdollisuus lastata ja purkaa kuorma yksin vaihtolavalaitteella tekev\u00e4t JOAB CLU:sta oivan ratkaisun siviili- ja sotilaskonttikuljetusten t\u00e4m\u00e4n p\u00e4iv\u00e4n ja huomisen haasteisiin. Tavoitteenamme on tarjota luotettava ratkaisu, joka paitsi optimoi toiminnan, my\u00f6s lis\u00e4\u00e4 turvallisuutta [&hellip;]\" \/>\n<meta property=\"og:url\" content=\"https:\/\/www.joab.se\/fi\/tuote\/clu-container-loading-unit\/\" \/>\n<meta property=\"og:site_name\" content=\"JOAB\" \/>\n<meta property=\"article:publisher\" content=\"https:\/\/www.facebook.com\/joabsverige\/\" \/>\n<meta property=\"article:modified_time\" content=\"2025-08-05T06:30:13+00:00\" \/>\n<meta property=\"og:image\" content=\"https:\/\/www.joab.se\/wp-content\/uploads\/2024\/08\/JOAB-CLU_containertransport_lastbilspabyggnad-scaled.jpg\" \/>\n\t<meta property=\"og:image:width\" content=\"2560\" \/>\n\t<meta property=\"og:image:height\" content=\"1440\" \/>\n\t<meta property=\"og:image:type\" content=\"image\/jpeg\" \/>\n<meta name=\"twitter:card\" content=\"summary_large_image\" \/>\n<meta name=\"twitter:label1\" content=\"Arvioitu lukuaika\" \/>\n\t<meta name=\"twitter:data1\" content=\"5 minuuttia\" \/>\n<script type=\"application\/ld+json\" class=\"yoast-schema-graph\">{\"@context\":\"https:\\\/\\\/schema.org\",\"@graph\":[{\"@type\":\"WebPage\",\"@id\":\"https:\\\/\\\/www.joab.se\\\/fi\\\/tuote\\\/clu-container-loading-unit\\\/\",\"url\":\"https:\\\/\\\/www.joab.se\\\/fi\\\/tuote\\\/clu-container-loading-unit\\\/\",\"name\":\"CLU - Container Loading Unit - JOAB\",\"isPartOf\":{\"@id\":\"https:\\\/\\\/www.joab.se\\\/#website\"},\"primaryImageOfPage\":{\"@id\":\"https:\\\/\\\/www.joab.se\\\/fi\\\/tuote\\\/clu-container-loading-unit\\\/#primaryimage\"},\"image\":{\"@id\":\"https:\\\/\\\/www.joab.se\\\/fi\\\/tuote\\\/clu-container-loading-unit\\\/#primaryimage\"},\"thumbnailUrl\":\"https:\\\/\\\/www.joab.se\\\/wp-content\\\/uploads\\\/2024\\\/08\\\/JOAB-CLU_containertransport_lastbilspabyggnad-scaled.jpg\",\"datePublished\":\"2024-08-30T09:34:49+00:00\",\"dateModified\":\"2025-08-05T06:30:13+00:00\",\"breadcrumb\":{\"@id\":\"https:\\\/\\\/www.joab.se\\\/fi\\\/tuote\\\/clu-container-loading-unit\\\/#breadcrumb\"},\"inLanguage\":\"fi\",\"potentialAction\":[{\"@type\":\"ReadAction\",\"target\":[\"https:\\\/\\\/www.joab.se\\\/fi\\\/tuote\\\/clu-container-loading-unit\\\/\"]}]},{\"@type\":\"ImageObject\",\"inLanguage\":\"fi\",\"@id\":\"https:\\\/\\\/www.joab.se\\\/fi\\\/tuote\\\/clu-container-loading-unit\\\/#primaryimage\",\"url\":\"https:\\\/\\\/www.joab.se\\\/wp-content\\\/uploads\\\/2024\\\/08\\\/JOAB-CLU_containertransport_lastbilspabyggnad-scaled.jpg\",\"contentUrl\":\"https:\\\/\\\/www.joab.se\\\/wp-content\\\/uploads\\\/2024\\\/08\\\/JOAB-CLU_containertransport_lastbilspabyggnad-scaled.jpg\",\"width\":2560,\"height\":1440},{\"@type\":\"BreadcrumbList\",\"@id\":\"https:\\\/\\\/www.joab.se\\\/fi\\\/tuote\\\/clu-container-loading-unit\\\/#breadcrumb\",\"itemListElement\":[{\"@type\":\"ListItem\",\"position\":1,\"name\":\"Etusivu\",\"item\":\"https:\\\/\\\/www.joab.se\\\/fi\\\/\"},{\"@type\":\"ListItem\",\"position\":2,\"name\":\"CLU &#8211; Container Loading Unit\"}]},{\"@type\":\"WebSite\",\"@id\":\"https:\\\/\\\/www.joab.se\\\/#website\",\"url\":\"https:\\\/\\\/www.joab.se\\\/\",\"name\":\"JOAB\",\"description\":\"En till WordPress-webbplats\",\"publisher\":{\"@id\":\"https:\\\/\\\/www.joab.se\\\/#organization\"},\"potentialAction\":[{\"@type\":\"SearchAction\",\"target\":{\"@type\":\"EntryPoint\",\"urlTemplate\":\"https:\\\/\\\/www.joab.se\\\/?s={search_term_string}\"},\"query-input\":{\"@type\":\"PropertyValueSpecification\",\"valueRequired\":true,\"valueName\":\"search_term_string\"}}],\"inLanguage\":\"fi\"},{\"@type\":\"Organization\",\"@id\":\"https:\\\/\\\/www.joab.se\\\/#organization\",\"name\":\"JOAB F\u00f6rs\u00e4ljnings AB\",\"url\":\"https:\\\/\\\/www.joab.se\\\/\",\"logo\":{\"@type\":\"ImageObject\",\"inLanguage\":\"fi\",\"@id\":\"https:\\\/\\\/www.joab.se\\\/#\\\/schema\\\/logo\\\/image\\\/\",\"url\":\"https:\\\/\\\/www.joab.se\\\/wp-content\\\/uploads\\\/2023\\\/02\\\/logo_storre.png\",\"contentUrl\":\"https:\\\/\\\/www.joab.se\\\/wp-content\\\/uploads\\\/2023\\\/02\\\/logo_storre.png\",\"width\":3100,\"height\":889,\"caption\":\"JOAB F\u00f6rs\u00e4ljnings AB\"},\"image\":{\"@id\":\"https:\\\/\\\/www.joab.se\\\/#\\\/schema\\\/logo\\\/image\\\/\"},\"sameAs\":[\"https:\\\/\\\/www.facebook.com\\\/joabsverige\\\/\",\"https:\\\/\\\/www.instagram.com\\\/joab.se\\\/?hl=sv\",\"https:\\\/\\\/www.linkedin.com\\\/company\\\/joab-ab\\\/\",\"https:\\\/\\\/www.youtube.com\\\/@joab2194\\\/featured\"]}]}<\/script>\n<!-- \/ Yoast SEO plugin. -->","yoast_head_json":{"title":"CLU - Container Loading Unit - JOAB","robots":{"index":"index","follow":"follow","max-snippet":"max-snippet:-1","max-image-preview":"max-image-preview:large","max-video-preview":"max-video-preview:-1"},"canonical":"https:\/\/www.joab.se\/fi\/tuote\/clu-container-loading-unit\/","og_locale":"fi_FI","og_type":"article","og_title":"CLU - Container Loading Unit - JOAB","og_description":"CLU - Container Loading Unit JOAB CLU on ratkaisumme joka tarjoaa erinomaista turvallisuutta, joustavuutta ja tehokkuutta 20 jalan konttien kuljetukseen. Vaikuttava kantavuus ja mahdollisuus lastata ja purkaa kuorma yksin vaihtolavalaitteella tekev\u00e4t JOAB CLU:sta oivan ratkaisun siviili- ja sotilaskonttikuljetusten t\u00e4m\u00e4n p\u00e4iv\u00e4n ja huomisen haasteisiin. Tavoitteenamme on tarjota luotettava ratkaisu, joka paitsi optimoi toiminnan, my\u00f6s lis\u00e4\u00e4 turvallisuutta [&hellip;]","og_url":"https:\/\/www.joab.se\/fi\/tuote\/clu-container-loading-unit\/","og_site_name":"JOAB","article_publisher":"https:\/\/www.facebook.com\/joabsverige\/","article_modified_time":"2025-08-05T06:30:13+00:00","og_image":[{"width":2560,"height":1440,"url":"https:\/\/www.joab.se\/wp-content\/uploads\/2024\/08\/JOAB-CLU_containertransport_lastbilspabyggnad-scaled.jpg","type":"image\/jpeg"}],"twitter_card":"summary_large_image","twitter_misc":{"Arvioitu lukuaika":"5 minuuttia"},"schema":{"@context":"https:\/\/schema.org","@graph":[{"@type":"WebPage","@id":"https:\/\/www.joab.se\/fi\/tuote\/clu-container-loading-unit\/","url":"https:\/\/www.joab.se\/fi\/tuote\/clu-container-loading-unit\/","name":"CLU - Container Loading Unit - JOAB","isPartOf":{"@id":"https:\/\/www.joab.se\/#website"},"primaryImageOfPage":{"@id":"https:\/\/www.joab.se\/fi\/tuote\/clu-container-loading-unit\/#primaryimage"},"image":{"@id":"https:\/\/www.joab.se\/fi\/tuote\/clu-container-loading-unit\/#primaryimage"},"thumbnailUrl":"https:\/\/www.joab.se\/wp-content\/uploads\/2024\/08\/JOAB-CLU_containertransport_lastbilspabyggnad-scaled.jpg","datePublished":"2024-08-30T09:34:49+00:00","dateModified":"2025-08-05T06:30:13+00:00","breadcrumb":{"@id":"https:\/\/www.joab.se\/fi\/tuote\/clu-container-loading-unit\/#breadcrumb"},"inLanguage":"fi","potentialAction":[{"@type":"ReadAction","target":["https:\/\/www.joab.se\/fi\/tuote\/clu-container-loading-unit\/"]}]},{"@type":"ImageObject","inLanguage":"fi","@id":"https:\/\/www.joab.se\/fi\/tuote\/clu-container-loading-unit\/#primaryimage","url":"https:\/\/www.joab.se\/wp-content\/uploads\/2024\/08\/JOAB-CLU_containertransport_lastbilspabyggnad-scaled.jpg","contentUrl":"https:\/\/www.joab.se\/wp-content\/uploads\/2024\/08\/JOAB-CLU_containertransport_lastbilspabyggnad-scaled.jpg","width":2560,"height":1440},{"@type":"BreadcrumbList","@id":"https:\/\/www.joab.se\/fi\/tuote\/clu-container-loading-unit\/#breadcrumb","itemListElement":[{"@type":"ListItem","position":1,"name":"Etusivu","item":"https:\/\/www.joab.se\/fi\/"},{"@type":"ListItem","position":2,"name":"CLU &#8211; Container Loading Unit"}]},{"@type":"WebSite","@id":"https:\/\/www.joab.se\/#website","url":"https:\/\/www.joab.se\/","name":"JOAB","description":"En till WordPress-webbplats","publisher":{"@id":"https:\/\/www.joab.se\/#organization"},"potentialAction":[{"@type":"SearchAction","target":{"@type":"EntryPoint","urlTemplate":"https:\/\/www.joab.se\/?s={search_term_string}"},"query-input":{"@type":"PropertyValueSpecification","valueRequired":true,"valueName":"search_term_string"}}],"inLanguage":"fi"},{"@type":"Organization","@id":"https:\/\/www.joab.se\/#organization","name":"JOAB F\u00f6rs\u00e4ljnings AB","url":"https:\/\/www.joab.se\/","logo":{"@type":"ImageObject","inLanguage":"fi","@id":"https:\/\/www.joab.se\/#\/schema\/logo\/image\/","url":"https:\/\/www.joab.se\/wp-content\/uploads\/2023\/02\/logo_storre.png","contentUrl":"https:\/\/www.joab.se\/wp-content\/uploads\/2023\/02\/logo_storre.png","width":3100,"height":889,"caption":"JOAB F\u00f6rs\u00e4ljnings AB"},"image":{"@id":"https:\/\/www.joab.se\/#\/schema\/logo\/image\/"},"sameAs":["https:\/\/www.facebook.com\/joabsverige\/","https:\/\/www.instagram.com\/joab.se\/?hl=sv","https:\/\/www.linkedin.com\/company\/joab-ab\/","https:\/\/www.youtube.com\/@joab2194\/featured"]}]}},"_links":{"self":[{"href":"https:\/\/www.joab.se\/fi\/wp-json\/wp\/v2\/product\/30410","targetHints":{"allow":["GET"]}}],"collection":[{"href":"https:\/\/www.joab.se\/fi\/wp-json\/wp\/v2\/product"}],"about":[{"href":"https:\/\/www.joab.se\/fi\/wp-json\/wp\/v2\/types\/product"}],"author":[{"embeddable":true,"href":"https:\/\/www.joab.se\/fi\/wp-json\/wp\/v2\/users\/2"}],"version-history":[{"count":8,"href":"https:\/\/www.joab.se\/fi\/wp-json\/wp\/v2\/product\/30410\/revisions"}],"predecessor-version":[{"id":32945,"href":"https:\/\/www.joab.se\/fi\/wp-json\/wp\/v2\/product\/30410\/revisions\/32945"}],"wp:featuredmedia":[{"embeddable":true,"href":"https:\/\/www.joab.se\/fi\/wp-json\/wp\/v2\/media\/30095"}],"wp:attachment":[{"href":"https:\/\/www.joab.se\/fi\/wp-json\/wp\/v2\/media?parent=30410"}],"wp:term":[{"taxonomy":"product_type","embeddable":true,"href":"https:\/\/www.joab.se\/fi\/wp-json\/wp\/v2\/product_type?post=30410"}],"curies":[{"name":"wp","href":"https:\/\/api.w.org\/{rel}","templated":true}]}}