{"id":16780,"date":"2021-01-22T12:43:38","date_gmt":"2021-01-22T11:43:38","guid":{"rendered":"https:\/\/www.joab.se\/?post_type=product&#038;p=16780"},"modified":"2021-01-22T12:49:59","modified_gmt":"2021-01-22T11:49:59","slug":"elhydraulik%e2%80%8b","status":"publish","type":"product","link":"https:\/\/www.joab.se\/fi\/tuote\/elhydraulik%e2%80%8b\/","title":{"rendered":"Elhydraulik\u200b"},"content":{"rendered":"<div id=\"pl-16780\"  class=\"panel-layout\" ><div id=\"pg-16780-0\"  class=\"panel-grid panel-no-style\" ><div id=\"pgc-16780-0-0\"  class=\"panel-grid-cell\" ><div id=\"panel-16780-0-0-0\" class=\"so-panel widget widget_joab-hero-banner-widget panel-first-child panel-last-child\" data-index=\"0\" ><div\n\t\t\t\n\t\t\tclass=\"so-widget-joab-hero-banner-widget so-widget-joab-hero-banner-widget-default-d75171398898-16780\"\n\t\t\t\n\t\t><div class=\"hero-banner-container\" style=\"background: url('https:\/\/www.joab.se\/wp-content\/uploads\/2020\/12\/BSV-knapp.jpg');background-position: 50% 50%\">\n        <div class=\"hero-content\">\n      <div class=\"border-container\" style=\"max-width: 40%\">\n          <h1 style=\"font-size: 2.5vw\">Elhydraulik\u200b<\/h1>\n      <\/div>\n    <\/div>\n<\/div>\n\n<div class=\"breadcrumbs\">\n            <p id=\"breadcrumbs\"><span><span><a href=\"https:\/\/www.joab.se\/fi\/\">Etusivu<\/a> \u00bb <span><a href=\"https:\/\/www.joab.se\/fi\/tuotteet\/\">Tuotteet<\/a> \u00bb <span><a href=\"https:\/\/www.joab.se\/fi\/tuotteet\/bsv-nostoapuvalineet\/\">BSV-nostoapuv\u00e4lineet<\/a> \u00bb <span class=\"breadcrumb_last\" aria-current=\"page\">Elhydraulik\u200b<\/span><\/span><\/span><\/span><\/span><\/p>    <\/div>\n\n<\/div><\/div><\/div><\/div><div id=\"pg-16780-1\"  class=\"panel-grid panel-no-style\" ><div id=\"pgc-16780-1-0\"  class=\"panel-grid-cell\" ><div id=\"panel-16780-1-0-0\" class=\"so-panel widget widget_sow-editor panel-first-child\" data-index=\"1\" ><div\n\t\t\t\n\t\t\tclass=\"so-widget-sow-editor so-widget-sow-editor-base\"\n\t\t\t\n\t\t>\n<div class=\"siteorigin-widget-tinymce textwidget\">\n\t<div class=\"column step-9-12\">\n<div id=\"site-container-16718\" class=\"Container ModuleElement Textarea con-85 \" data-snap=\"1\" data-containertype=\"Textarea\" data-moduleelement=\"6719\">\n<div class=\"Module-6719 Textarea\">\n<div class=\"column step-12-12\">\n<div id=\"site-container-55512\" class=\"Container ModuleElement Textarea con-80 \" data-snap=\"1\" data-containertype=\"Textarea\" data-moduleelement=\"21997\">\n<div class=\"Module-21997 Textarea\">\n<h2>Elhydraulik<\/h2>\n<p>&nbsp;<\/p>\n<\/div>\n<\/div>\n<\/div>\n<\/div>\n<\/div>\n<\/div>\n<\/div>\n<\/div><\/div><div id=\"panel-16780-1-0-1\" class=\"so-panel widget widget_sow-editor\" data-index=\"2\" ><div\n\t\t\t\n\t\t\tclass=\"so-widget-sow-editor so-widget-sow-editor-base\"\n\t\t\t\n\t\t>\n<div class=\"siteorigin-widget-tinymce textwidget\">\n\t<div class=\"column step-9-12\">\n<div id=\"site-container-16718\" class=\"Container ModuleElement Textarea con-85 \" data-snap=\"1\" data-containertype=\"Textarea\" data-moduleelement=\"6719\">\n<div class=\"Module-6719 Textarea\">\n<div class=\"column step-12-12\">\n<div id=\"site-container-55512\" class=\"Container ModuleElement Textarea con-80 \" data-snap=\"1\" data-containertype=\"Textarea\" data-moduleelement=\"21997\">\n<div class=\"Module-21997 Textarea\">\n<h3>Gripklor<\/h3>\n<p>Elhydrauliska gripklor fr\u00e5n BSV \u00e4r utformade f\u00f6r anv\u00e4ndning inom avfallsf\u00f6rbr\u00e4nningsbranschen vid hantering av avfall, tr\u00e4flis och liknande material. Standardsortimentets gripklor finns i storlekar mellan 325 och 15 000 liter. De h\u00e4r griparna har 5, 6 eller 7 armar beroende p\u00e5 gripens volym och vilket material som ska hanteras. De finns i \u00f6ppna, halv\u00f6ppna och st\u00e4ngda modeller.<\/p>\n<p>P\u00e5 standardmodeller finns det en ventil som s\u00e4kerst\u00e4ller att gripen \u00f6ppnas och st\u00e4ngs snabbt och friktionsfritt.<\/p>\n<p>Du kan l\u00e4sa tekniska specifikationer mm genom att\u00a0<a href=\"https:\/\/www.bsv-vejen.dk\/se\/produkter\/elhydraulik\/gripklor.aspx\">klicka h\u00e4r.<\/a><\/p>\n<p>&nbsp;<\/p>\n<\/div>\n<\/div>\n<\/div>\n<\/div>\n<\/div>\n<\/div>\n<\/div>\n<\/div><\/div><div id=\"panel-16780-1-0-2\" class=\"so-panel widget widget_sow-editor\" data-index=\"3\" ><div\n\t\t\t\n\t\t\tclass=\"so-widget-sow-editor so-widget-sow-editor-base\"\n\t\t\t\n\t\t>\n<div class=\"siteorigin-widget-tinymce textwidget\">\n\t<div class=\"column step-9-12\">\n<div id=\"site-container-16718\" class=\"Container ModuleElement Textarea con-85 \" data-snap=\"1\" data-containertype=\"Textarea\" data-moduleelement=\"6719\">\n<div class=\"Module-6719 Textarea\">\n<div class=\"column step-12-12\">\n<div id=\"site-container-55512\" class=\"Container ModuleElement Textarea con-80 \" data-snap=\"1\" data-containertype=\"Textarea\" data-moduleelement=\"21997\">\n<div class=\"Module-21997 Textarea\">\n<h3>Gripskopa<\/h3>\n<p>Elektrohydrauliska gripskopor fr\u00e5n BSV \u00e4r m\u00e5ngsidiga och testade, och har tagits fram f\u00f6r hantering av massamaterial p\u00e5 huvudsakligen fj\u00e4rrv\u00e4rme- och f\u00f6rbr\u00e4nningsanl\u00e4ggningar. Vi s\u00e4ljer tv\u00e5 typer av gripskopor med 2 respektive 4 cylindrar. Skopans storlek varierar mellan 400 och 6 000 liter. Griparna k\u00e4nnetecknas av l\u00e5g egenvikt, l\u00e5g tyngdpunkt och l\u00e5g inbyggnadsh\u00f6jd.<\/p>\n<p>De elhydrauliska komponenterna \u00e4r skyddade och enkelt \u00e5tkomliga via gripens huvudkonsol. Som alternativ till traditionella, st\u00e4ngda skopor erbjuder vi \u00e4ven andra armar och andra modeller i enlighet med kundens krav. Du kan l\u00e4sa tekniska specifikationer mm genom att\u00a0<a href=\"https:\/\/www.bsv-vejen.dk\/se\/produkter\/elhydraulik\/gripskopa.aspx\">klicka h\u00e4r.<\/a><\/p>\n<p>&nbsp;<\/p>\n<\/div>\n<\/div>\n<\/div>\n<\/div>\n<\/div>\n<\/div>\n<\/div>\n<\/div><\/div><div id=\"panel-16780-1-0-3\" class=\"so-panel widget widget_sow-editor\" data-index=\"4\" ><div\n\t\t\t\n\t\t\tclass=\"so-widget-sow-editor so-widget-sow-editor-base\"\n\t\t\t\n\t\t>\n<div class=\"siteorigin-widget-tinymce textwidget\">\n\t<div class=\"column step-9-12\">\n<div id=\"site-container-16718\" class=\"Container ModuleElement Textarea con-85 \" data-snap=\"1\" data-containertype=\"Textarea\" data-moduleelement=\"6719\">\n<div class=\"Module-6719 Textarea\">\n<div class=\"column step-12-12\">\n<div id=\"site-container-55512\" class=\"Container ModuleElement Textarea con-80 \" data-snap=\"1\" data-containertype=\"Textarea\" data-moduleelement=\"21997\">\n<div class=\"Module-21997 Textarea\">\n<h3>Hantering av halmbalar<\/h3>\n<p>BSV erbjuder halmt\u00e4nger f\u00f6r hantering av enskilda balar eller halmok f\u00f6r lossning av m\u00e5nga balar p\u00e5 en g\u00e5ng.<br \/>\nDu kan l\u00e4sa mer genom att\u00a0<a href=\"https:\/\/www.bsv-vejen.dk\/se\/produkter\/elhydraulik\/halm.aspx\">klicka h\u00e4r<\/a>.<\/p>\n<p>&nbsp;<\/p>\n<\/div>\n<\/div>\n<\/div>\n<\/div>\n<\/div>\n<\/div>\n<\/div>\n<\/div><\/div><div id=\"panel-16780-1-0-4\" class=\"so-panel widget widget_joab-product-puffs-widget panel-last-child\" data-index=\"5\" ><div class=\"panel-widget-style panel-widget-style-for-16780-1-0-4\" ><div\n\t\t\t\n\t\t\tclass=\"so-widget-joab-product-puffs-widget so-widget-joab-product-puffs-widget-default-d75171398898-16780\"\n\t\t\t\n\t\t><div class=\"product-puffs-container\">\n        <div class=\"product-puff\">\n                <a href=\"https:\/\/www.joab.se\/fi\/yhteystiedot\/\">\n                <div class=\"puff-icon\">\n            <img loading=\"lazy\" decoding=\"async\" src=\"https:\/\/www.joab.se\/wp-content\/themes\/joab\/img\/icons\/faq.svg\" width=\"100\" height=\"100\" class=\"joab-icon faq\" \/>        <\/div>\n\n                <h3>Ota yhteytt\u00e4<\/h3>\n        \n        \n                <\/a>\n            <\/div>\n        <div class=\"product-puff\">\n                <a href=\"https:\/\/www.joab.se\/fi\/tarjouspyynto\/\">\n                <div class=\"puff-icon\">\n            <img loading=\"lazy\" decoding=\"async\" src=\"https:\/\/www.joab.se\/wp-content\/themes\/joab\/img\/icons\/offert.svg\" width=\"100\" height=\"100\" class=\"joab-icon offert\" \/>        <\/div>\n\n                <h3>Pyyd\u00e4 tarjous<\/h3>\n        \n        \n                <\/a>\n            <\/div>\n    <\/div>\n\n<\/div><\/div><\/div><\/div><div id=\"pgc-16780-1-1\"  class=\"panel-grid-cell\" ><div id=\"panel-16780-1-1-0\" class=\"so-panel widget widget_joab-product-image-gallery-widget panel-first-child panel-last-child\" data-index=\"6\" ><div\n\t\t\t\n\t\t\tclass=\"so-widget-joab-product-image-gallery-widget so-widget-joab-product-image-gallery-widget-default-d75171398898-16780\"\n\t\t\t\n\t\t><div class=\"product-gallery-container\">\n    <ul class=\"lightbox-gallery\">\n                        <li><img loading=\"lazy\" decoding=\"async\" width=\"405\" height=\"419\" src=\"https:\/\/www.joab.se\/wp-content\/uploads\/2021\/01\/gripklo2.png\" class=\"attachment-joab-product-large size-joab-product-large\" alt=\"\" data-original-src=\"https:\/\/www.joab.se\/wp-content\/uploads\/2021\/01\/gripklo2.png\" data-poptype=\"image\" srcset=\"https:\/\/www.joab.se\/wp-content\/uploads\/2021\/01\/gripklo2.png 405w, https:\/\/www.joab.se\/wp-content\/uploads\/2021\/01\/gripklo2-290x300.png 290w\" sizes=\"auto, (max-width: 405px) 100vw, 405px\" \/><\/li>\n                        <li><div class=\"gallery-item image-thumbnail\" data-original-src=\"https:\/\/www.joab.se\/wp-content\/uploads\/2021\/01\/halmbalar1.png\" data-poptype=\"image\"><img loading=\"lazy\" decoding=\"async\" width=\"300\" height=\"220\" src=\"https:\/\/www.joab.se\/wp-content\/uploads\/2021\/01\/halmbalar1-300x220.png\" class=\"attachment-joab-product-thumb size-joab-product-thumb\" alt=\"\" \/><\/div><\/li>\n                        <li><div class=\"gallery-item image-thumbnail\" data-original-src=\"https:\/\/www.joab.se\/wp-content\/uploads\/2021\/01\/gripklo2.png\" data-poptype=\"image\"><img loading=\"lazy\" decoding=\"async\" width=\"300\" height=\"220\" src=\"https:\/\/www.joab.se\/wp-content\/uploads\/2021\/01\/gripklo2-300x220.png\" class=\"attachment-joab-product-thumb size-joab-product-thumb\" alt=\"\" \/><\/div><\/li>\n                        <li><div class=\"gallery-item image-thumbnail\" data-original-src=\"https:\/\/www.joab.se\/wp-content\/uploads\/2021\/01\/gripklo.png\" data-poptype=\"image\"><img loading=\"lazy\" decoding=\"async\" width=\"300\" height=\"220\" src=\"https:\/\/www.joab.se\/wp-content\/uploads\/2021\/01\/gripklo-300x220.png\" class=\"attachment-joab-product-thumb size-joab-product-thumb\" alt=\"\" \/><\/div><\/li>\n                        <li><div class=\"gallery-item image-thumbnail\" data-original-src=\"https:\/\/www.joab.se\/wp-content\/uploads\/2021\/01\/halmaag_351.jpg\" data-poptype=\"image\"><img loading=\"lazy\" decoding=\"async\" width=\"300\" height=\"220\" src=\"https:\/\/www.joab.se\/wp-content\/uploads\/2021\/01\/halmaag_351-300x220.jpg\" class=\"attachment-joab-product-thumb size-joab-product-thumb\" alt=\"\" \/><\/div><\/li>\n                        <li><div class=\"gallery-item image-thumbnail\" data-original-src=\"https:\/\/www.joab.se\/wp-content\/uploads\/2021\/01\/gripskopor.png\" data-poptype=\"image\"><img loading=\"lazy\" decoding=\"async\" width=\"300\" height=\"220\" src=\"https:\/\/www.joab.se\/wp-content\/uploads\/2021\/01\/gripskopor-300x220.png\" class=\"attachment-joab-product-thumb size-joab-product-thumb\" alt=\"\" \/><\/div><\/li>\n            <\/ul>\n<\/div>\n\n<\/div><\/div><\/div><\/div><div id=\"pg-16780-2\"  class=\"panel-grid panel-has-style\" ><div class=\"panel-row-style panel-row-style-for-16780-2\" ><div id=\"pgc-16780-2-0\"  class=\"panel-grid-cell panel-grid-cell-empty\" ><\/div><\/div><\/div><\/div>","protected":false},"excerpt":{"rendered":"<p>Elhydraulik &nbsp; Gripklor Elhydrauliska gripklor fr\u00e5n BSV \u00e4r utformade f\u00f6r anv\u00e4ndning inom avfallsf\u00f6rbr\u00e4nningsbranschen vid hantering av avfall, tr\u00e4flis och liknande material. Standardsortimentets gripklor finns i storlekar mellan 325 och 15 000 liter. De h\u00e4r griparna har 5, 6 eller 7 armar beroende p\u00e5 gripens volym och vilket material som ska hanteras. De finns i \u00f6ppna, [&hellip;]<\/p>\n","protected":false},"author":2,"featured_media":16796,"parent":0,"template":"","meta":{"footnotes":""},"product_type":[38],"class_list":["post-16780","product","type-product","status-publish","has-post-thumbnail","hentry"],"yoast_head":"<!-- This site is optimized with the Yoast SEO plugin v27.4 - https:\/\/yoast.com\/product\/yoast-seo-wordpress\/ -->\n<title>Elhydraulik\u200b - JOAB<\/title>\n<meta name=\"robots\" content=\"index, follow, max-snippet:-1, max-image-preview:large, max-video-preview:-1\" \/>\n<link rel=\"canonical\" href=\"https:\/\/www.joab.se\/fi\/tuote\/elhydraulik\u200b\/\" \/>\n<meta property=\"og:locale\" content=\"fi_FI\" \/>\n<meta property=\"og:type\" content=\"article\" \/>\n<meta property=\"og:title\" content=\"Elhydraulik\u200b - JOAB\" \/>\n<meta property=\"og:description\" content=\"Elhydraulik &nbsp; Gripklor Elhydrauliska gripklor fr\u00e5n BSV \u00e4r utformade f\u00f6r anv\u00e4ndning inom avfallsf\u00f6rbr\u00e4nningsbranschen vid hantering av avfall, tr\u00e4flis och liknande material. Standardsortimentets gripklor finns i storlekar mellan 325 och 15 000 liter. De h\u00e4r griparna har 5, 6 eller 7 armar beroende p\u00e5 gripens volym och vilket material som ska hanteras. De finns i \u00f6ppna, [&hellip;]\" \/>\n<meta property=\"og:url\" content=\"https:\/\/www.joab.se\/fi\/tuote\/elhydraulik\u200b\/\" \/>\n<meta property=\"og:site_name\" content=\"JOAB\" \/>\n<meta property=\"article:publisher\" content=\"https:\/\/www.facebook.com\/joabsverige\/\" \/>\n<meta property=\"article:modified_time\" content=\"2021-01-22T11:49:59+00:00\" \/>\n<meta property=\"og:image\" content=\"https:\/\/www.joab.se\/wp-content\/uploads\/2021\/01\/gripklo2.png\" \/>\n\t<meta property=\"og:image:width\" content=\"405\" \/>\n\t<meta property=\"og:image:height\" content=\"419\" \/>\n\t<meta property=\"og:image:type\" content=\"image\/png\" \/>\n<meta name=\"twitter:card\" content=\"summary_large_image\" \/>\n<meta name=\"twitter:label1\" content=\"Arvioitu lukuaika\" \/>\n\t<meta name=\"twitter:data1\" content=\"1 minuutti\" \/>\n<script type=\"application\/ld+json\" class=\"yoast-schema-graph\">{\"@context\":\"https:\\\/\\\/schema.org\",\"@graph\":[{\"@type\":\"WebPage\",\"@id\":\"https:\\\/\\\/www.joab.se\\\/fi\\\/tuote\\\/elhydraulik%e2%80%8b\\\/\",\"url\":\"https:\\\/\\\/www.joab.se\\\/fi\\\/tuote\\\/elhydraulik%e2%80%8b\\\/\",\"name\":\"Elhydraulik\u200b - JOAB\",\"isPartOf\":{\"@id\":\"https:\\\/\\\/www.joab.se\\\/#website\"},\"primaryImageOfPage\":{\"@id\":\"https:\\\/\\\/www.joab.se\\\/fi\\\/tuote\\\/elhydraulik%e2%80%8b\\\/#primaryimage\"},\"image\":{\"@id\":\"https:\\\/\\\/www.joab.se\\\/fi\\\/tuote\\\/elhydraulik%e2%80%8b\\\/#primaryimage\"},\"thumbnailUrl\":\"https:\\\/\\\/www.joab.se\\\/wp-content\\\/uploads\\\/2021\\\/01\\\/gripklo2.png\",\"datePublished\":\"2021-01-22T11:43:38+00:00\",\"dateModified\":\"2021-01-22T11:49:59+00:00\",\"breadcrumb\":{\"@id\":\"https:\\\/\\\/www.joab.se\\\/fi\\\/tuote\\\/elhydraulik%e2%80%8b\\\/#breadcrumb\"},\"inLanguage\":\"fi\",\"potentialAction\":[{\"@type\":\"ReadAction\",\"target\":[\"https:\\\/\\\/www.joab.se\\\/fi\\\/tuote\\\/elhydraulik%e2%80%8b\\\/\"]}]},{\"@type\":\"ImageObject\",\"inLanguage\":\"fi\",\"@id\":\"https:\\\/\\\/www.joab.se\\\/fi\\\/tuote\\\/elhydraulik%e2%80%8b\\\/#primaryimage\",\"url\":\"https:\\\/\\\/www.joab.se\\\/wp-content\\\/uploads\\\/2021\\\/01\\\/gripklo2.png\",\"contentUrl\":\"https:\\\/\\\/www.joab.se\\\/wp-content\\\/uploads\\\/2021\\\/01\\\/gripklo2.png\",\"width\":405,\"height\":419},{\"@type\":\"BreadcrumbList\",\"@id\":\"https:\\\/\\\/www.joab.se\\\/fi\\\/tuote\\\/elhydraulik%e2%80%8b\\\/#breadcrumb\",\"itemListElement\":[{\"@type\":\"ListItem\",\"position\":1,\"name\":\"Etusivu\",\"item\":\"https:\\\/\\\/www.joab.se\\\/fi\\\/\"},{\"@type\":\"ListItem\",\"position\":2,\"name\":\"Elhydraulik\u200b\"}]},{\"@type\":\"WebSite\",\"@id\":\"https:\\\/\\\/www.joab.se\\\/#website\",\"url\":\"https:\\\/\\\/www.joab.se\\\/\",\"name\":\"JOAB\",\"description\":\"En till WordPress-webbplats\",\"publisher\":{\"@id\":\"https:\\\/\\\/www.joab.se\\\/#organization\"},\"potentialAction\":[{\"@type\":\"SearchAction\",\"target\":{\"@type\":\"EntryPoint\",\"urlTemplate\":\"https:\\\/\\\/www.joab.se\\\/?s={search_term_string}\"},\"query-input\":{\"@type\":\"PropertyValueSpecification\",\"valueRequired\":true,\"valueName\":\"search_term_string\"}}],\"inLanguage\":\"fi\"},{\"@type\":\"Organization\",\"@id\":\"https:\\\/\\\/www.joab.se\\\/#organization\",\"name\":\"JOAB F\u00f6rs\u00e4ljnings AB\",\"url\":\"https:\\\/\\\/www.joab.se\\\/\",\"logo\":{\"@type\":\"ImageObject\",\"inLanguage\":\"fi\",\"@id\":\"https:\\\/\\\/www.joab.se\\\/#\\\/schema\\\/logo\\\/image\\\/\",\"url\":\"https:\\\/\\\/www.joab.se\\\/wp-content\\\/uploads\\\/2023\\\/02\\\/logo_storre.png\",\"contentUrl\":\"https:\\\/\\\/www.joab.se\\\/wp-content\\\/uploads\\\/2023\\\/02\\\/logo_storre.png\",\"width\":3100,\"height\":889,\"caption\":\"JOAB F\u00f6rs\u00e4ljnings AB\"},\"image\":{\"@id\":\"https:\\\/\\\/www.joab.se\\\/#\\\/schema\\\/logo\\\/image\\\/\"},\"sameAs\":[\"https:\\\/\\\/www.facebook.com\\\/joabsverige\\\/\",\"https:\\\/\\\/www.instagram.com\\\/joab.se\\\/?hl=sv\",\"https:\\\/\\\/www.linkedin.com\\\/company\\\/joab-ab\\\/\",\"https:\\\/\\\/www.youtube.com\\\/@joab2194\\\/featured\"]}]}<\/script>\n<!-- \/ Yoast SEO plugin. -->","yoast_head_json":{"title":"Elhydraulik\u200b - JOAB","robots":{"index":"index","follow":"follow","max-snippet":"max-snippet:-1","max-image-preview":"max-image-preview:large","max-video-preview":"max-video-preview:-1"},"canonical":"https:\/\/www.joab.se\/fi\/tuote\/elhydraulik\u200b\/","og_locale":"fi_FI","og_type":"article","og_title":"Elhydraulik\u200b - JOAB","og_description":"Elhydraulik &nbsp; Gripklor Elhydrauliska gripklor fr\u00e5n BSV \u00e4r utformade f\u00f6r anv\u00e4ndning inom avfallsf\u00f6rbr\u00e4nningsbranschen vid hantering av avfall, tr\u00e4flis och liknande material. Standardsortimentets gripklor finns i storlekar mellan 325 och 15 000 liter. De h\u00e4r griparna har 5, 6 eller 7 armar beroende p\u00e5 gripens volym och vilket material som ska hanteras. De finns i \u00f6ppna, [&hellip;]","og_url":"https:\/\/www.joab.se\/fi\/tuote\/elhydraulik\u200b\/","og_site_name":"JOAB","article_publisher":"https:\/\/www.facebook.com\/joabsverige\/","article_modified_time":"2021-01-22T11:49:59+00:00","og_image":[{"width":405,"height":419,"url":"https:\/\/www.joab.se\/wp-content\/uploads\/2021\/01\/gripklo2.png","type":"image\/png"}],"twitter_card":"summary_large_image","twitter_misc":{"Arvioitu lukuaika":"1 minuutti"},"schema":{"@context":"https:\/\/schema.org","@graph":[{"@type":"WebPage","@id":"https:\/\/www.joab.se\/fi\/tuote\/elhydraulik%e2%80%8b\/","url":"https:\/\/www.joab.se\/fi\/tuote\/elhydraulik%e2%80%8b\/","name":"Elhydraulik\u200b - JOAB","isPartOf":{"@id":"https:\/\/www.joab.se\/#website"},"primaryImageOfPage":{"@id":"https:\/\/www.joab.se\/fi\/tuote\/elhydraulik%e2%80%8b\/#primaryimage"},"image":{"@id":"https:\/\/www.joab.se\/fi\/tuote\/elhydraulik%e2%80%8b\/#primaryimage"},"thumbnailUrl":"https:\/\/www.joab.se\/wp-content\/uploads\/2021\/01\/gripklo2.png","datePublished":"2021-01-22T11:43:38+00:00","dateModified":"2021-01-22T11:49:59+00:00","breadcrumb":{"@id":"https:\/\/www.joab.se\/fi\/tuote\/elhydraulik%e2%80%8b\/#breadcrumb"},"inLanguage":"fi","potentialAction":[{"@type":"ReadAction","target":["https:\/\/www.joab.se\/fi\/tuote\/elhydraulik%e2%80%8b\/"]}]},{"@type":"ImageObject","inLanguage":"fi","@id":"https:\/\/www.joab.se\/fi\/tuote\/elhydraulik%e2%80%8b\/#primaryimage","url":"https:\/\/www.joab.se\/wp-content\/uploads\/2021\/01\/gripklo2.png","contentUrl":"https:\/\/www.joab.se\/wp-content\/uploads\/2021\/01\/gripklo2.png","width":405,"height":419},{"@type":"BreadcrumbList","@id":"https:\/\/www.joab.se\/fi\/tuote\/elhydraulik%e2%80%8b\/#breadcrumb","itemListElement":[{"@type":"ListItem","position":1,"name":"Etusivu","item":"https:\/\/www.joab.se\/fi\/"},{"@type":"ListItem","position":2,"name":"Elhydraulik\u200b"}]},{"@type":"WebSite","@id":"https:\/\/www.joab.se\/#website","url":"https:\/\/www.joab.se\/","name":"JOAB","description":"En till WordPress-webbplats","publisher":{"@id":"https:\/\/www.joab.se\/#organization"},"potentialAction":[{"@type":"SearchAction","target":{"@type":"EntryPoint","urlTemplate":"https:\/\/www.joab.se\/?s={search_term_string}"},"query-input":{"@type":"PropertyValueSpecification","valueRequired":true,"valueName":"search_term_string"}}],"inLanguage":"fi"},{"@type":"Organization","@id":"https:\/\/www.joab.se\/#organization","name":"JOAB F\u00f6rs\u00e4ljnings AB","url":"https:\/\/www.joab.se\/","logo":{"@type":"ImageObject","inLanguage":"fi","@id":"https:\/\/www.joab.se\/#\/schema\/logo\/image\/","url":"https:\/\/www.joab.se\/wp-content\/uploads\/2023\/02\/logo_storre.png","contentUrl":"https:\/\/www.joab.se\/wp-content\/uploads\/2023\/02\/logo_storre.png","width":3100,"height":889,"caption":"JOAB F\u00f6rs\u00e4ljnings AB"},"image":{"@id":"https:\/\/www.joab.se\/#\/schema\/logo\/image\/"},"sameAs":["https:\/\/www.facebook.com\/joabsverige\/","https:\/\/www.instagram.com\/joab.se\/?hl=sv","https:\/\/www.linkedin.com\/company\/joab-ab\/","https:\/\/www.youtube.com\/@joab2194\/featured"]}]}},"_links":{"self":[{"href":"https:\/\/www.joab.se\/fi\/wp-json\/wp\/v2\/product\/16780","targetHints":{"allow":["GET"]}}],"collection":[{"href":"https:\/\/www.joab.se\/fi\/wp-json\/wp\/v2\/product"}],"about":[{"href":"https:\/\/www.joab.se\/fi\/wp-json\/wp\/v2\/types\/product"}],"author":[{"embeddable":true,"href":"https:\/\/www.joab.se\/fi\/wp-json\/wp\/v2\/users\/2"}],"version-history":[{"count":23,"href":"https:\/\/www.joab.se\/fi\/wp-json\/wp\/v2\/product\/16780\/revisions"}],"predecessor-version":[{"id":16816,"href":"https:\/\/www.joab.se\/fi\/wp-json\/wp\/v2\/product\/16780\/revisions\/16816"}],"wp:featuredmedia":[{"embeddable":true,"href":"https:\/\/www.joab.se\/fi\/wp-json\/wp\/v2\/media\/16796"}],"wp:attachment":[{"href":"https:\/\/www.joab.se\/fi\/wp-json\/wp\/v2\/media?parent=16780"}],"wp:term":[{"taxonomy":"product_type","embeddable":true,"href":"https:\/\/www.joab.se\/fi\/wp-json\/wp\/v2\/product_type?post=16780"}],"curies":[{"name":"wp","href":"https:\/\/api.w.org\/{rel}","templated":true}]}}