{"id":16486,"date":"2021-01-20T13:04:00","date_gmt":"2021-01-20T12:04:00","guid":{"rendered":"https:\/\/www.joab.se\/?post_type=product&#038;p=16486"},"modified":"2021-01-22T09:42:14","modified_gmt":"2021-01-22T08:42:14","slug":"hydrauliska-gripar","status":"publish","type":"product","link":"https:\/\/www.joab.se\/fi\/tuote\/hydrauliska-gripar\/","title":{"rendered":"Hydrauliska gripar"},"content":{"rendered":"<div id=\"pl-16486\"  class=\"panel-layout\" ><div id=\"pg-16486-0\"  class=\"panel-grid panel-no-style\" ><div id=\"pgc-16486-0-0\"  class=\"panel-grid-cell\" ><div id=\"panel-16486-0-0-0\" class=\"so-panel widget widget_joab-hero-banner-widget panel-first-child panel-last-child\" data-index=\"0\" ><div\n\t\t\t\n\t\t\tclass=\"so-widget-joab-hero-banner-widget so-widget-joab-hero-banner-widget-default-d75171398898-16486\"\n\t\t\t\n\t\t><div class=\"hero-banner-container\" style=\"background: url('https:\/\/www.joab.se\/wp-content\/uploads\/2020\/12\/BSV-knapp.jpg');background-position: 50% 50%\">\n        <div class=\"hero-content\">\n      <div class=\"border-container\" style=\"max-width: 40%\">\n          <h1 style=\"font-size: 2.5vw\">Hydrauliska gripar <\/h1>\n      <\/div>\n    <\/div>\n<\/div>\n\n<div class=\"breadcrumbs\">\n            <p id=\"breadcrumbs\"><span><span><a href=\"https:\/\/www.joab.se\/fi\/\">Etusivu<\/a> \u00bb <span><a href=\"https:\/\/www.joab.se\/fi\/tuotteet\/\">Tuotteet<\/a> \u00bb <span><a href=\"https:\/\/www.joab.se\/fi\/tuotteet\/nosturit\/\">Nosturit<\/a> \u00bb <span class=\"breadcrumb_last\" aria-current=\"page\">Hydrauliska gripar<\/span><\/span><\/span><\/span><\/span><\/p>    <\/div>\n\n<\/div><\/div><\/div><\/div><div id=\"pg-16486-1\"  class=\"panel-grid panel-no-style\" ><div id=\"pgc-16486-1-0\"  class=\"panel-grid-cell\" ><div id=\"panel-16486-1-0-0\" class=\"so-panel widget widget_sow-editor panel-first-child\" data-index=\"1\" ><div\n\t\t\t\n\t\t\tclass=\"so-widget-sow-editor so-widget-sow-editor-base\"\n\t\t\t\n\t\t>\n<div class=\"siteorigin-widget-tinymce textwidget\">\n\t<div class=\"column step-9-12\">\n<div id=\"site-container-16718\" class=\"Container ModuleElement Textarea con-85 \" data-snap=\"1\" data-containertype=\"Textarea\" data-moduleelement=\"6719\">\n<div class=\"Module-6719 Textarea\">\n<div class=\"column step-12-12\">\n<div id=\"site-container-55512\" class=\"Container ModuleElement Textarea con-80 \" data-snap=\"1\" data-containertype=\"Textarea\" data-moduleelement=\"21997\">\n<div class=\"Module-21997 Textarea\">\n<h2>Gripar f\u00f6r kran<\/h2>\n<\/div>\n<\/div>\n<\/div>\n<div class=\"column step-12-12\">\n<div id=\"site-container-58306\" class=\"Container ModuleElement Textarea AutoResizable con-112 \" data-snap=\"1\" data-containertype=\"Textarea\" data-moduleelement=\"22044\">\n<div class=\"Module-22044 Textarea\">\n<p>BSV s\u00e4ljer tv\u00e5 huvudserier med gripar f\u00f6r kranar. BSV erbjuder de b\u00e4sta redskapen som ger dig det du beh\u00f6ver och lite till, och v\u00e5ra gripar f\u00f6r kranar \u00e4r robusta och slitstarka. Vi har designat och tillverkat kran- och lyfttillbeh\u00f6r med h\u00f6g kvalitet i m\u00e5nga \u00e5r.<\/p>\n<p>BSV hydrauliska gripar h\u00e5ller h\u00f6g kvalitet och har en modern utformning, vilket g\u00f6r att de ocks\u00e5 klarar av de allra senaste typerna av till\u00e4mpningar.<\/p>\n<p>\u200b<\/p>\n<h3>De tv\u00e5 gripserierna f\u00f6r kranar<\/h3>\n<p>BSV s\u00e4ljer tv\u00e5 typer av gripar f\u00f6r kranar: En KS-grip och en kombigrip.<\/p>\n<p>KS-gripen \u00e4r avsedd f\u00f6r stora kranar. Den h\u00e4r gripen ing\u00e5r i en serie robusta skopor med fokus p\u00e5 entreprenadk\u00f6rning. F\u00f6r dessa gripvarianter \u00e4r det viktigt att anv\u00e4nda ett noga utvalt material som \u00e4r slitstarkt och h\u00e5ller h\u00f6g kvalitet.\u00a0L\u00e4s mer om KS-gripen och dess tekniska specifikationer genom att <a href=\"http:\/\/www.bsv-vejen.dk\/hydrauliske-grabbe\/ks-grab.aspx\">klicka h\u00e4r<\/a>.<\/p>\n<p>Kombigripen passar i synnerhet f\u00f6r anv\u00e4ndning tillsammans med mindre kranar och kan anv\u00e4ndas f\u00f6r de flesta \u00e4ndam\u00e5l. Kombigripen kan ha olika redskapsutf\u00f6randen beroende p\u00e5 arbetsuppgiften. L\u00e4s mer om kombigripen och dess tekniska specifikationer genom att\u00a0<a href=\"http:\/\/www.bsv-vejen.dk\/hydrauliske-grabbe\/combi.aspx\">klicka h\u00e4r<\/a>.<\/p>\n<\/div>\n<\/div>\n<\/div>\n<\/div>\n<\/div>\n<\/div>\n<\/div>\n<\/div><\/div><div id=\"panel-16486-1-0-1\" class=\"so-panel widget widget_joab-product-puffs-widget panel-last-child\" data-index=\"2\" ><div\n\t\t\t\n\t\t\tclass=\"so-widget-joab-product-puffs-widget so-widget-joab-product-puffs-widget-default-d75171398898-16486\"\n\t\t\t\n\t\t><div class=\"product-puffs-container\">\n        <div class=\"product-puff\">\n                <div class=\"puff-icon\">\n            <img loading=\"lazy\" decoding=\"async\" src=\"https:\/\/www.joab.se\/wp-content\/themes\/joab\/img\/icons\/laddaner.svg\" width=\"100\" height=\"100\" class=\"joab-icon laddaner\" \/>        <\/div>\n\n                <h3>Lataa tuotesivu (pdf)<\/h3>\n        \n                    <ul>\n                                    <li><a href=\"https:\/\/www.joab.se\/wp-content\/uploads\/2021\/01\/KSII-data-sheet.pdf\"> KSI Data sheet - ENG<\/a><\/li>\n                                    <li><a href=\"https:\/\/www.joab.se\/wp-content\/uploads\/2021\/01\/BSV-grab-type-Combi_data-sheet.pdf\"> Combi data sheet - ENG<\/a><\/li>\n                            <\/ul>\n        \n            <\/div>\n        <div class=\"product-puff\">\n                <a href=\"https:\/\/www.joab.se\/fi\/yhteystiedot\/\">\n                <div class=\"puff-icon\">\n            <img loading=\"lazy\" decoding=\"async\" src=\"https:\/\/www.joab.se\/wp-content\/themes\/joab\/img\/icons\/faq.svg\" width=\"100\" height=\"100\" class=\"joab-icon faq\" \/>        <\/div>\n\n                <h3>Ota yhteytt\u00e4<\/h3>\n        \n        \n                <\/a>\n            <\/div>\n        <div class=\"product-puff\">\n                <a href=\"https:\/\/www.joab.se\/fi\/tarjouspyynto\/\">\n                <div class=\"puff-icon\">\n            <img loading=\"lazy\" decoding=\"async\" src=\"https:\/\/www.joab.se\/wp-content\/themes\/joab\/img\/icons\/offert.svg\" width=\"100\" height=\"100\" class=\"joab-icon offert\" \/>        <\/div>\n\n                <h3>Pyyd\u00e4 tarjous<\/h3>\n        \n        \n                <\/a>\n            <\/div>\n    <\/div>\n\n<\/div><\/div><\/div><div id=\"pgc-16486-1-1\"  class=\"panel-grid-cell\" ><div id=\"panel-16486-1-1-0\" class=\"so-panel widget widget_joab-product-image-gallery-widget panel-first-child panel-last-child\" data-index=\"3\" ><div\n\t\t\t\n\t\t\tclass=\"so-widget-joab-product-image-gallery-widget so-widget-joab-product-image-gallery-widget-default-d75171398898-16486\"\n\t\t\t\n\t\t><div class=\"product-gallery-container\">\n    <ul class=\"lightbox-gallery\">\n                        <li><img loading=\"lazy\" decoding=\"async\" width=\"1000\" height=\"667\" src=\"https:\/\/www.joab.se\/wp-content\/uploads\/2021\/01\/BSV-grab-type-KSII-GXS-open-model-1000x667.jpg\" class=\"attachment-joab-product-large size-joab-product-large wp-post-image\" alt=\"\" data-original-src=\"https:\/\/www.joab.se\/wp-content\/uploads\/2021\/01\/BSV-grab-type-KSII-GXS-open-model-1000x667.jpg\" data-poptype=\"image\" srcset=\"https:\/\/www.joab.se\/wp-content\/uploads\/2021\/01\/BSV-grab-type-KSII-GXS-open-model-1000x667.jpg 1000w, https:\/\/www.joab.se\/wp-content\/uploads\/2021\/01\/BSV-grab-type-KSII-GXS-open-model-300x200.jpg 300w, https:\/\/www.joab.se\/wp-content\/uploads\/2021\/01\/BSV-grab-type-KSII-GXS-open-model-1024x683.jpg 1024w, https:\/\/www.joab.se\/wp-content\/uploads\/2021\/01\/BSV-grab-type-KSII-GXS-open-model-768x512.jpg 768w, https:\/\/www.joab.se\/wp-content\/uploads\/2021\/01\/BSV-grab-type-KSII-GXS-open-model-600x400.jpg 600w, https:\/\/www.joab.se\/wp-content\/uploads\/2021\/01\/BSV-grab-type-KSII-GXS-open-model-272x182.jpg 272w, https:\/\/www.joab.se\/wp-content\/uploads\/2021\/01\/BSV-grab-type-KSII-GXS-open-model.jpg 1320w\" sizes=\"auto, (max-width: 1000px) 100vw, 1000px\" \/><\/li>\n                        <li><div class=\"gallery-item image-thumbnail\" data-original-src=\"https:\/\/www.joab.se\/wp-content\/uploads\/2021\/01\/BSV-grab-type-KSII-GXS-open-model-1000x667.jpg\" data-poptype=\"image\"><img loading=\"lazy\" decoding=\"async\" width=\"300\" height=\"220\" src=\"https:\/\/www.joab.se\/wp-content\/uploads\/2021\/01\/BSV-grab-type-KSII-GXS-open-model-300x220.jpg\" class=\"attachment-joab-product-thumb size-joab-product-thumb\" alt=\"\" \/><\/div><\/li>\n                        <li><div class=\"gallery-item image-thumbnail\" data-original-src=\"https:\/\/www.joab.se\/wp-content\/uploads\/2021\/01\/BSV-grab-type-KSII-G-closed-model-1000x714.jpg\" data-poptype=\"image\"><img loading=\"lazy\" decoding=\"async\" width=\"300\" height=\"220\" src=\"https:\/\/www.joab.se\/wp-content\/uploads\/2021\/01\/BSV-grab-type-KSII-G-closed-model-300x220.jpg\" class=\"attachment-joab-product-thumb size-joab-product-thumb\" alt=\"\" \/><\/div><\/li>\n                        <li><div class=\"gallery-item image-thumbnail\" data-original-src=\"https:\/\/www.joab.se\/wp-content\/uploads\/2021\/01\/BSV-Combi-grab_bucket-grab-1000x667.jpg\" data-poptype=\"image\"><img loading=\"lazy\" decoding=\"async\" width=\"300\" height=\"220\" src=\"https:\/\/www.joab.se\/wp-content\/uploads\/2021\/01\/BSV-Combi-grab_bucket-grab-300x220.jpg\" class=\"attachment-joab-product-thumb size-joab-product-thumb\" alt=\"\" \/><\/div><\/li>\n                        <li><div class=\"gallery-item image-thumbnail\" data-original-src=\"https:\/\/www.joab.se\/wp-content\/uploads\/2021\/01\/KSII-G-skitse_drawing-1000x707.jpg\" data-poptype=\"image\"><img loading=\"lazy\" decoding=\"async\" width=\"300\" height=\"220\" src=\"https:\/\/www.joab.se\/wp-content\/uploads\/2021\/01\/KSII-G-skitse_drawing-300x220.jpg\" class=\"attachment-joab-product-thumb size-joab-product-thumb\" alt=\"\" \/><\/div><\/li>\n            <\/ul>\n<\/div>\n\n<\/div><\/div><\/div><\/div><div id=\"pg-16486-2\"  class=\"panel-grid panel-no-style\" ><div id=\"pgc-16486-2-0\"  class=\"panel-grid-cell panel-grid-cell-empty\" ><\/div><\/div><\/div>","protected":false},"excerpt":{"rendered":"<p>Gripar f\u00f6r kran BSV s\u00e4ljer tv\u00e5 huvudserier med gripar f\u00f6r kranar. BSV erbjuder de b\u00e4sta redskapen som ger dig det du beh\u00f6ver och lite till, och v\u00e5ra gripar f\u00f6r kranar \u00e4r robusta och slitstarka. Vi har designat och tillverkat kran- och lyfttillbeh\u00f6r med h\u00f6g kvalitet i m\u00e5nga \u00e5r. BSV hydrauliska gripar h\u00e5ller h\u00f6g kvalitet och [&hellip;]<\/p>\n","protected":false},"author":2,"featured_media":16500,"parent":0,"template":"","meta":{"footnotes":""},"product_type":[38],"class_list":["post-16486","product","type-product","status-publish","has-post-thumbnail","hentry"],"yoast_head":"<!-- This site is optimized with the Yoast SEO plugin v27.4 - https:\/\/yoast.com\/product\/yoast-seo-wordpress\/ -->\n<title>Hydrauliska gripar - JOAB<\/title>\n<meta name=\"robots\" content=\"index, follow, max-snippet:-1, max-image-preview:large, max-video-preview:-1\" \/>\n<link rel=\"canonical\" href=\"https:\/\/www.joab.se\/fi\/tuote\/hydrauliska-gripar\/\" \/>\n<meta property=\"og:locale\" content=\"fi_FI\" \/>\n<meta property=\"og:type\" content=\"article\" \/>\n<meta property=\"og:title\" content=\"Hydrauliska gripar - JOAB\" \/>\n<meta property=\"og:description\" content=\"Gripar f\u00f6r kran BSV s\u00e4ljer tv\u00e5 huvudserier med gripar f\u00f6r kranar. BSV erbjuder de b\u00e4sta redskapen som ger dig det du beh\u00f6ver och lite till, och v\u00e5ra gripar f\u00f6r kranar \u00e4r robusta och slitstarka. Vi har designat och tillverkat kran- och lyfttillbeh\u00f6r med h\u00f6g kvalitet i m\u00e5nga \u00e5r. BSV hydrauliska gripar h\u00e5ller h\u00f6g kvalitet och [&hellip;]\" \/>\n<meta property=\"og:url\" content=\"https:\/\/www.joab.se\/fi\/tuote\/hydrauliska-gripar\/\" \/>\n<meta property=\"og:site_name\" content=\"JOAB\" \/>\n<meta property=\"article:publisher\" content=\"https:\/\/www.facebook.com\/joabsverige\/\" \/>\n<meta property=\"article:modified_time\" content=\"2021-01-22T08:42:14+00:00\" \/>\n<meta property=\"og:image\" content=\"https:\/\/www.joab.se\/wp-content\/uploads\/2021\/01\/BSV-grab-type-KSII-GXS-open-model.jpg\" \/>\n\t<meta property=\"og:image:width\" content=\"1320\" \/>\n\t<meta property=\"og:image:height\" content=\"880\" \/>\n\t<meta property=\"og:image:type\" content=\"image\/jpeg\" \/>\n<meta name=\"twitter:card\" content=\"summary_large_image\" \/>\n<meta name=\"twitter:label1\" content=\"Arvioitu lukuaika\" \/>\n\t<meta name=\"twitter:data1\" content=\"1 minuutti\" \/>\n<script type=\"application\/ld+json\" class=\"yoast-schema-graph\">{\"@context\":\"https:\\\/\\\/schema.org\",\"@graph\":[{\"@type\":\"WebPage\",\"@id\":\"https:\\\/\\\/www.joab.se\\\/fi\\\/tuote\\\/hydrauliska-gripar\\\/\",\"url\":\"https:\\\/\\\/www.joab.se\\\/fi\\\/tuote\\\/hydrauliska-gripar\\\/\",\"name\":\"Hydrauliska gripar - JOAB\",\"isPartOf\":{\"@id\":\"https:\\\/\\\/www.joab.se\\\/#website\"},\"primaryImageOfPage\":{\"@id\":\"https:\\\/\\\/www.joab.se\\\/fi\\\/tuote\\\/hydrauliska-gripar\\\/#primaryimage\"},\"image\":{\"@id\":\"https:\\\/\\\/www.joab.se\\\/fi\\\/tuote\\\/hydrauliska-gripar\\\/#primaryimage\"},\"thumbnailUrl\":\"https:\\\/\\\/www.joab.se\\\/wp-content\\\/uploads\\\/2021\\\/01\\\/BSV-grab-type-KSII-GXS-open-model.jpg\",\"datePublished\":\"2021-01-20T12:04:00+00:00\",\"dateModified\":\"2021-01-22T08:42:14+00:00\",\"breadcrumb\":{\"@id\":\"https:\\\/\\\/www.joab.se\\\/fi\\\/tuote\\\/hydrauliska-gripar\\\/#breadcrumb\"},\"inLanguage\":\"fi\",\"potentialAction\":[{\"@type\":\"ReadAction\",\"target\":[\"https:\\\/\\\/www.joab.se\\\/fi\\\/tuote\\\/hydrauliska-gripar\\\/\"]}]},{\"@type\":\"ImageObject\",\"inLanguage\":\"fi\",\"@id\":\"https:\\\/\\\/www.joab.se\\\/fi\\\/tuote\\\/hydrauliska-gripar\\\/#primaryimage\",\"url\":\"https:\\\/\\\/www.joab.se\\\/wp-content\\\/uploads\\\/2021\\\/01\\\/BSV-grab-type-KSII-GXS-open-model.jpg\",\"contentUrl\":\"https:\\\/\\\/www.joab.se\\\/wp-content\\\/uploads\\\/2021\\\/01\\\/BSV-grab-type-KSII-GXS-open-model.jpg\",\"width\":1320,\"height\":880},{\"@type\":\"BreadcrumbList\",\"@id\":\"https:\\\/\\\/www.joab.se\\\/fi\\\/tuote\\\/hydrauliska-gripar\\\/#breadcrumb\",\"itemListElement\":[{\"@type\":\"ListItem\",\"position\":1,\"name\":\"Etusivu\",\"item\":\"https:\\\/\\\/www.joab.se\\\/fi\\\/\"},{\"@type\":\"ListItem\",\"position\":2,\"name\":\"Hydrauliska gripar\"}]},{\"@type\":\"WebSite\",\"@id\":\"https:\\\/\\\/www.joab.se\\\/#website\",\"url\":\"https:\\\/\\\/www.joab.se\\\/\",\"name\":\"JOAB\",\"description\":\"En till WordPress-webbplats\",\"publisher\":{\"@id\":\"https:\\\/\\\/www.joab.se\\\/#organization\"},\"potentialAction\":[{\"@type\":\"SearchAction\",\"target\":{\"@type\":\"EntryPoint\",\"urlTemplate\":\"https:\\\/\\\/www.joab.se\\\/?s={search_term_string}\"},\"query-input\":{\"@type\":\"PropertyValueSpecification\",\"valueRequired\":true,\"valueName\":\"search_term_string\"}}],\"inLanguage\":\"fi\"},{\"@type\":\"Organization\",\"@id\":\"https:\\\/\\\/www.joab.se\\\/#organization\",\"name\":\"JOAB F\u00f6rs\u00e4ljnings AB\",\"url\":\"https:\\\/\\\/www.joab.se\\\/\",\"logo\":{\"@type\":\"ImageObject\",\"inLanguage\":\"fi\",\"@id\":\"https:\\\/\\\/www.joab.se\\\/#\\\/schema\\\/logo\\\/image\\\/\",\"url\":\"https:\\\/\\\/www.joab.se\\\/wp-content\\\/uploads\\\/2023\\\/02\\\/logo_storre.png\",\"contentUrl\":\"https:\\\/\\\/www.joab.se\\\/wp-content\\\/uploads\\\/2023\\\/02\\\/logo_storre.png\",\"width\":3100,\"height\":889,\"caption\":\"JOAB F\u00f6rs\u00e4ljnings AB\"},\"image\":{\"@id\":\"https:\\\/\\\/www.joab.se\\\/#\\\/schema\\\/logo\\\/image\\\/\"},\"sameAs\":[\"https:\\\/\\\/www.facebook.com\\\/joabsverige\\\/\",\"https:\\\/\\\/www.instagram.com\\\/joab.se\\\/?hl=sv\",\"https:\\\/\\\/www.linkedin.com\\\/company\\\/joab-ab\\\/\",\"https:\\\/\\\/www.youtube.com\\\/@joab2194\\\/featured\"]}]}<\/script>\n<!-- \/ Yoast SEO plugin. -->","yoast_head_json":{"title":"Hydrauliska gripar - JOAB","robots":{"index":"index","follow":"follow","max-snippet":"max-snippet:-1","max-image-preview":"max-image-preview:large","max-video-preview":"max-video-preview:-1"},"canonical":"https:\/\/www.joab.se\/fi\/tuote\/hydrauliska-gripar\/","og_locale":"fi_FI","og_type":"article","og_title":"Hydrauliska gripar - JOAB","og_description":"Gripar f\u00f6r kran BSV s\u00e4ljer tv\u00e5 huvudserier med gripar f\u00f6r kranar. BSV erbjuder de b\u00e4sta redskapen som ger dig det du beh\u00f6ver och lite till, och v\u00e5ra gripar f\u00f6r kranar \u00e4r robusta och slitstarka. Vi har designat och tillverkat kran- och lyfttillbeh\u00f6r med h\u00f6g kvalitet i m\u00e5nga \u00e5r. BSV hydrauliska gripar h\u00e5ller h\u00f6g kvalitet och [&hellip;]","og_url":"https:\/\/www.joab.se\/fi\/tuote\/hydrauliska-gripar\/","og_site_name":"JOAB","article_publisher":"https:\/\/www.facebook.com\/joabsverige\/","article_modified_time":"2021-01-22T08:42:14+00:00","og_image":[{"width":1320,"height":880,"url":"https:\/\/www.joab.se\/wp-content\/uploads\/2021\/01\/BSV-grab-type-KSII-GXS-open-model.jpg","type":"image\/jpeg"}],"twitter_card":"summary_large_image","twitter_misc":{"Arvioitu lukuaika":"1 minuutti"},"schema":{"@context":"https:\/\/schema.org","@graph":[{"@type":"WebPage","@id":"https:\/\/www.joab.se\/fi\/tuote\/hydrauliska-gripar\/","url":"https:\/\/www.joab.se\/fi\/tuote\/hydrauliska-gripar\/","name":"Hydrauliska gripar - JOAB","isPartOf":{"@id":"https:\/\/www.joab.se\/#website"},"primaryImageOfPage":{"@id":"https:\/\/www.joab.se\/fi\/tuote\/hydrauliska-gripar\/#primaryimage"},"image":{"@id":"https:\/\/www.joab.se\/fi\/tuote\/hydrauliska-gripar\/#primaryimage"},"thumbnailUrl":"https:\/\/www.joab.se\/wp-content\/uploads\/2021\/01\/BSV-grab-type-KSII-GXS-open-model.jpg","datePublished":"2021-01-20T12:04:00+00:00","dateModified":"2021-01-22T08:42:14+00:00","breadcrumb":{"@id":"https:\/\/www.joab.se\/fi\/tuote\/hydrauliska-gripar\/#breadcrumb"},"inLanguage":"fi","potentialAction":[{"@type":"ReadAction","target":["https:\/\/www.joab.se\/fi\/tuote\/hydrauliska-gripar\/"]}]},{"@type":"ImageObject","inLanguage":"fi","@id":"https:\/\/www.joab.se\/fi\/tuote\/hydrauliska-gripar\/#primaryimage","url":"https:\/\/www.joab.se\/wp-content\/uploads\/2021\/01\/BSV-grab-type-KSII-GXS-open-model.jpg","contentUrl":"https:\/\/www.joab.se\/wp-content\/uploads\/2021\/01\/BSV-grab-type-KSII-GXS-open-model.jpg","width":1320,"height":880},{"@type":"BreadcrumbList","@id":"https:\/\/www.joab.se\/fi\/tuote\/hydrauliska-gripar\/#breadcrumb","itemListElement":[{"@type":"ListItem","position":1,"name":"Etusivu","item":"https:\/\/www.joab.se\/fi\/"},{"@type":"ListItem","position":2,"name":"Hydrauliska gripar"}]},{"@type":"WebSite","@id":"https:\/\/www.joab.se\/#website","url":"https:\/\/www.joab.se\/","name":"JOAB","description":"En till WordPress-webbplats","publisher":{"@id":"https:\/\/www.joab.se\/#organization"},"potentialAction":[{"@type":"SearchAction","target":{"@type":"EntryPoint","urlTemplate":"https:\/\/www.joab.se\/?s={search_term_string}"},"query-input":{"@type":"PropertyValueSpecification","valueRequired":true,"valueName":"search_term_string"}}],"inLanguage":"fi"},{"@type":"Organization","@id":"https:\/\/www.joab.se\/#organization","name":"JOAB F\u00f6rs\u00e4ljnings AB","url":"https:\/\/www.joab.se\/","logo":{"@type":"ImageObject","inLanguage":"fi","@id":"https:\/\/www.joab.se\/#\/schema\/logo\/image\/","url":"https:\/\/www.joab.se\/wp-content\/uploads\/2023\/02\/logo_storre.png","contentUrl":"https:\/\/www.joab.se\/wp-content\/uploads\/2023\/02\/logo_storre.png","width":3100,"height":889,"caption":"JOAB F\u00f6rs\u00e4ljnings AB"},"image":{"@id":"https:\/\/www.joab.se\/#\/schema\/logo\/image\/"},"sameAs":["https:\/\/www.facebook.com\/joabsverige\/","https:\/\/www.instagram.com\/joab.se\/?hl=sv","https:\/\/www.linkedin.com\/company\/joab-ab\/","https:\/\/www.youtube.com\/@joab2194\/featured"]}]}},"_links":{"self":[{"href":"https:\/\/www.joab.se\/fi\/wp-json\/wp\/v2\/product\/16486","targetHints":{"allow":["GET"]}}],"collection":[{"href":"https:\/\/www.joab.se\/fi\/wp-json\/wp\/v2\/product"}],"about":[{"href":"https:\/\/www.joab.se\/fi\/wp-json\/wp\/v2\/types\/product"}],"author":[{"embeddable":true,"href":"https:\/\/www.joab.se\/fi\/wp-json\/wp\/v2\/users\/2"}],"version-history":[{"count":15,"href":"https:\/\/www.joab.se\/fi\/wp-json\/wp\/v2\/product\/16486\/revisions"}],"predecessor-version":[{"id":16607,"href":"https:\/\/www.joab.se\/fi\/wp-json\/wp\/v2\/product\/16486\/revisions\/16607"}],"wp:featuredmedia":[{"embeddable":true,"href":"https:\/\/www.joab.se\/fi\/wp-json\/wp\/v2\/media\/16500"}],"wp:attachment":[{"href":"https:\/\/www.joab.se\/fi\/wp-json\/wp\/v2\/media?parent=16486"}],"wp:term":[{"taxonomy":"product_type","embeddable":true,"href":"https:\/\/www.joab.se\/fi\/wp-json\/wp\/v2\/product_type?post=16486"}],"curies":[{"name":"wp","href":"https:\/\/api.w.org\/{rel}","templated":true}]}}