{"id":16397,"date":"2020-09-10T10:02:43","date_gmt":"2020-09-10T08:02:43","guid":{"rendered":"https:\/\/www.joab.se\/?post_type=product&#038;p=16397"},"modified":"2024-09-26T10:24:02","modified_gmt":"2024-09-26T08:24:02","slug":"joab-anaconda-ecopac","status":"publish","type":"product","link":"https:\/\/www.joab.se\/fi\/tuote\/joab-anaconda-ecopac\/","title":{"rendered":"JOAB Anaconda Ecopac"},"content":{"rendered":"<div id=\"pl-16397\"  class=\"panel-layout\" ><div id=\"pg-16397-0\"  class=\"panel-grid panel-no-style\" ><div id=\"pgc-16397-0-0\"  class=\"panel-grid-cell\" ><div id=\"panel-16397-0-0-0\" class=\"so-panel widget widget_joab-hero-banner-widget panel-first-child panel-last-child\" data-index=\"0\" ><div\n\t\t\t\n\t\t\tclass=\"so-widget-joab-hero-banner-widget so-widget-joab-hero-banner-widget-default-d75171398898-16397\"\n\t\t\t\n\t\t><div class=\"hero-banner-container\" style=\"background: linear-gradient( rgba(0, 0, 0, 0.5), rgba(0, 0, 0, 0.5) ), url('https:\/\/www.joab.se\/wp-content\/uploads\/2020\/09\/322A3880-1920x1281.jpg');background-position: 50% 50%\">\n        <div class=\"hero-content\">\n      <div class=\"border-container\" style=\"max-width: 40%\">\n          <h1 style=\"font-size: 3vw\">JOAB Anaconda Ecopac<\/h1>\n      <\/div>\n    <\/div>\n<\/div>\n\n<div class=\"breadcrumbs\">\n            <p id=\"breadcrumbs\"><span><span><a href=\"https:\/\/www.joab.se\/fi\/\">Etusivu<\/a> \u00bb <span><a href=\"https:\/\/www.joab.se\/fi\/tuotteet\/\">Tuotteet<\/a> \u00bb <span><a href=\"https:\/\/www.joab.se\/fi\/tuotteet\/jatepakkaajat\/\">J\u00e4tepakkaajat<\/a> \u00bb <span class=\"breadcrumb_last\" aria-current=\"page\">JOAB Anaconda Ecopac<\/span><\/span><\/span><\/span><\/span><\/p>    <\/div>\n\n<\/div><\/div><\/div><\/div><div id=\"pg-16397-1\"  class=\"panel-grid panel-no-style\" ><div id=\"pgc-16397-1-0\"  class=\"panel-grid-cell\" ><div id=\"panel-16397-1-0-0\" class=\"so-panel widget widget_sow-editor panel-first-child\" data-index=\"1\" ><div\n\t\t\t\n\t\t\tclass=\"so-widget-sow-editor so-widget-sow-editor-base\"\n\t\t\t\n\t\t>\n<div class=\"siteorigin-widget-tinymce textwidget\">\n\t<h2>JOAB Anaconda Ecopac<\/h2>\n<p>JOAB Ecopac Mini &amp; Super\u00a0ovat t\u00e4ydelliset j\u00e4tepakkaajat \u00a0erikoisj\u00e4tteiden ker\u00e4ykseen. N\u00e4m\u00e4 j\u00e4tepakkaajat sopivat j\u00e4tteiden noutamiseen paikoista, joihin tavalliset\u00a0 j\u00e4tepakkaajat eiv\u00e4t p\u00e4\u00e4se kokonsa vuoksi. Kokonaan hitsatun s\u00e4ili\u00f6n ansiosta ne sopivat erityisesti m\u00e4r\u00e4n j\u00e4tteen ker\u00e4\u00e4miseen.<\/p>\n<p>JOAB Ecopac Mini &amp; Super\u00a0tarjoavat mahdollisuuden hakea j\u00e4tteet vanhemmista kaupunginosista kapeine kujineen ja mataline k\u00e4yt\u00e4vineen. Niill\u00e4 voit my\u00f6s ajaa pys\u00e4k\u00f6intihalleihin ja vastaaviin mataliin rakennuksiin. JOAB Ecopac Mini &amp; Super tarjoavat vakaan rakenteen ja pienen omapainon, joka mahdollistaa suuret hy\u00f6tykuormat \u00a0ja helppok\u00e4ytt\u00f6isyyden.<\/p>\n<p><strong>Lyhyesti<\/strong><\/p>\n<ul>\n<li>Koneen leveys n. 1800 mm<\/li>\n<li>Paksusta metallilevyst\u00e4 t\u00e4ysin hitsattu s\u00e4ili\u00f6 tukevilla vahvistuksilla.<\/li>\n<li>PLC-ohjatut toiminnot - sis\u00e4\u00e4nrakennetulla turvaj\u00e4rjestelm\u00e4ll\u00e4.<\/li>\n<li>Mahdollisuus tyhjent\u00e4\u00e4 takakuormaavaan j\u00e4tepakkaajaan lis\u00e4\u00e4 joustavuutta.<\/li>\n<li>Kaksi hydraulista tukijalkaa turvalliseen purkamiseen.<\/li>\n<li>Valaistus voimassa olevien vaatimusten mukaan.<\/li>\n<\/ul>\n<\/div>\n<\/div><\/div><div id=\"panel-16397-1-0-1\" class=\"so-panel widget widget_joab-product-puffs-widget panel-last-child\" data-index=\"2\" ><div\n\t\t\t\n\t\t\tclass=\"so-widget-joab-product-puffs-widget so-widget-joab-product-puffs-widget-default-d75171398898-16397\"\n\t\t\t\n\t\t><div class=\"product-puffs-container\">\n        <div class=\"product-puff\">\n                <div class=\"puff-icon\">\n            <img loading=\"lazy\" decoding=\"async\" src=\"https:\/\/www.joab.se\/wp-content\/themes\/joab\/img\/icons\/laddaner.svg\" width=\"100\" height=\"100\" class=\"joab-icon laddaner\" \/>        <\/div>\n\n                <h3>Lataa tuotesivu (pdf)<\/h3>\n        \n                    <ul>\n                                    <li><a href=\"https:\/\/www.joab.se\/wp-content\/uploads\/2020\/09\/Ecopac-201806.pdf\"> Anaconda Ecopac - SV<\/a><\/li>\n                                    <li><a href=\"https:\/\/www.joab.se\/wp-content\/uploads\/2020\/09\/Anaconda-Ecopac-202010-ENG.pdf\"> Anaconda Ecopac - ENG<\/a><\/li>\n                            <\/ul>\n        \n            <\/div>\n        <div class=\"product-puff\">\n                <a href=\"https:\/\/www.joab.se\/fi\/yhteystiedot\/\">\n                <div class=\"puff-icon\">\n            <img loading=\"lazy\" decoding=\"async\" src=\"https:\/\/www.joab.se\/wp-content\/themes\/joab\/img\/icons\/faq.svg\" width=\"100\" height=\"100\" class=\"joab-icon faq\" \/>        <\/div>\n\n                <h3>Ota yhteytt\u00e4<\/h3>\n        \n        \n                <\/a>\n            <\/div>\n        <div class=\"product-puff\">\n                <a href=\"https:\/\/www.joab.se\/fi\/varaa-koeajo\/\">\n                <div class=\"puff-icon\">\n            <img loading=\"lazy\" decoding=\"async\" src=\"https:\/\/www.joab.se\/wp-content\/themes\/joab\/img\/icons\/provkorning.svg\" width=\"100\" height=\"100\" class=\"joab-icon provkorning\" \/>        <\/div>\n\n                <h3>Varaa koeajo<\/h3>\n        \n        \n                <\/a>\n            <\/div>\n        <div class=\"product-puff\">\n                <a href=\"https:\/\/www.joab.se\/fi\/tarjouspyynto\/\">\n                <div class=\"puff-icon\">\n            <img loading=\"lazy\" decoding=\"async\" src=\"https:\/\/www.joab.se\/wp-content\/themes\/joab\/img\/icons\/offert.svg\" width=\"100\" height=\"100\" class=\"joab-icon offert\" \/>        <\/div>\n\n                <h3>Pyyd\u00e4 tarjous<\/h3>\n        \n        \n                <\/a>\n            <\/div>\n    <\/div>\n\n<\/div><\/div><\/div><div id=\"pgc-16397-1-1\"  class=\"panel-grid-cell\" ><div id=\"panel-16397-1-1-0\" class=\"so-panel widget widget_joab-product-image-gallery-widget panel-first-child panel-last-child\" data-index=\"3\" ><div\n\t\t\t\n\t\t\tclass=\"so-widget-joab-product-image-gallery-widget so-widget-joab-product-image-gallery-widget-default-d75171398898-16397\"\n\t\t\t\n\t\t><div class=\"product-gallery-container\">\n    <ul class=\"lightbox-gallery\">\n                        <li><img loading=\"lazy\" decoding=\"async\" width=\"1000\" height=\"600\" src=\"https:\/\/www.joab.se\/wp-content\/uploads\/2020\/09\/ecopac_2-1000x600.jpg\" class=\"attachment-joab-product-large size-joab-product-large wp-post-image\" alt=\"\" data-original-src=\"https:\/\/www.joab.se\/wp-content\/uploads\/2020\/09\/ecopac_2-1000x600.jpg\" data-poptype=\"image\" srcset=\"https:\/\/www.joab.se\/wp-content\/uploads\/2020\/09\/ecopac_2-1000x600.jpg 1000w, https:\/\/www.joab.se\/wp-content\/uploads\/2020\/09\/ecopac_2-300x180.jpg 300w, https:\/\/www.joab.se\/wp-content\/uploads\/2020\/09\/ecopac_2-1024x614.jpg 1024w, https:\/\/www.joab.se\/wp-content\/uploads\/2020\/09\/ecopac_2-768x461.jpg 768w, https:\/\/www.joab.se\/wp-content\/uploads\/2020\/09\/ecopac_2.jpg 1280w\" sizes=\"auto, (max-width: 1000px) 100vw, 1000px\" \/><\/li>\n                        <li><div class=\"gallery-item image-thumbnail\" data-original-src=\"https:\/\/www.joab.se\/wp-content\/uploads\/2020\/09\/ecopac_1-1-1000x600.jpg\" data-poptype=\"image\"><img loading=\"lazy\" decoding=\"async\" width=\"300\" height=\"220\" src=\"https:\/\/www.joab.se\/wp-content\/uploads\/2020\/09\/ecopac_1-1-300x220.jpg\" class=\"attachment-joab-product-thumb size-joab-product-thumb\" alt=\"\" \/><\/div><\/li>\n                        <li><div class=\"gallery-item image-thumbnail\" data-original-src=\"https:\/\/www.joab.se\/wp-content\/uploads\/2020\/09\/Ecopac-Super-1000x750.jpg\" data-poptype=\"image\"><img loading=\"lazy\" decoding=\"async\" width=\"300\" height=\"220\" src=\"https:\/\/www.joab.se\/wp-content\/uploads\/2020\/09\/Ecopac-Super-300x220.jpg\" class=\"attachment-joab-product-thumb size-joab-product-thumb\" alt=\"\" \/><\/div><\/li>\n            <\/ul>\n<\/div>\n\n<\/div><\/div><\/div><\/div><div id=\"pg-16397-2\"  class=\"panel-grid panel-no-style\" ><div id=\"pgc-16397-2-0\"  class=\"panel-grid-cell panel-grid-cell-empty\" ><\/div><\/div><\/div>","protected":false},"excerpt":{"rendered":"<p>JOAB Anaconda Ecopac JOAB Ecopac Mini &amp; Super\u00a0ovat t\u00e4ydelliset j\u00e4tepakkaajat \u00a0erikoisj\u00e4tteiden ker\u00e4ykseen. N\u00e4m\u00e4 j\u00e4tepakkaajat sopivat j\u00e4tteiden noutamiseen paikoista, joihin tavalliset\u00a0 j\u00e4tepakkaajat eiv\u00e4t p\u00e4\u00e4se kokonsa vuoksi. Kokonaan hitsatun s\u00e4ili\u00f6n ansiosta ne sopivat erityisesti m\u00e4r\u00e4n j\u00e4tteen ker\u00e4\u00e4miseen. JOAB Ecopac Mini &amp; Super\u00a0tarjoavat mahdollisuuden hakea j\u00e4tteet vanhemmista kaupunginosista kapeine kujineen ja mataline k\u00e4yt\u00e4vineen. Niill\u00e4 voit my\u00f6s ajaa pys\u00e4k\u00f6intihalleihin [&hellip;]<\/p>\n","protected":false},"author":2,"featured_media":10242,"parent":0,"template":"","meta":{"footnotes":""},"product_type":[4],"class_list":["post-16397","product","type-product","status-publish","has-post-thumbnail","hentry"],"yoast_head":"<!-- This site is optimized with the Yoast SEO plugin v27.4 - https:\/\/yoast.com\/product\/yoast-seo-wordpress\/ -->\n<title>JOAB Anaconda Ecopac - JOAB<\/title>\n<meta name=\"robots\" content=\"index, follow, max-snippet:-1, max-image-preview:large, max-video-preview:-1\" \/>\n<link rel=\"canonical\" href=\"https:\/\/www.joab.se\/fi\/tuote\/joab-anaconda-ecopac\/\" \/>\n<meta property=\"og:locale\" content=\"fi_FI\" \/>\n<meta property=\"og:type\" content=\"article\" \/>\n<meta property=\"og:title\" content=\"JOAB Anaconda Ecopac - JOAB\" \/>\n<meta property=\"og:description\" content=\"JOAB Anaconda Ecopac JOAB Ecopac Mini &amp; Super\u00a0ovat t\u00e4ydelliset j\u00e4tepakkaajat \u00a0erikoisj\u00e4tteiden ker\u00e4ykseen. N\u00e4m\u00e4 j\u00e4tepakkaajat sopivat j\u00e4tteiden noutamiseen paikoista, joihin tavalliset\u00a0 j\u00e4tepakkaajat eiv\u00e4t p\u00e4\u00e4se kokonsa vuoksi. Kokonaan hitsatun s\u00e4ili\u00f6n ansiosta ne sopivat erityisesti m\u00e4r\u00e4n j\u00e4tteen ker\u00e4\u00e4miseen. JOAB Ecopac Mini &amp; Super\u00a0tarjoavat mahdollisuuden hakea j\u00e4tteet vanhemmista kaupunginosista kapeine kujineen ja mataline k\u00e4yt\u00e4vineen. Niill\u00e4 voit my\u00f6s ajaa pys\u00e4k\u00f6intihalleihin [&hellip;]\" \/>\n<meta property=\"og:url\" content=\"https:\/\/www.joab.se\/fi\/tuote\/joab-anaconda-ecopac\/\" \/>\n<meta property=\"og:site_name\" content=\"JOAB\" \/>\n<meta property=\"article:publisher\" content=\"https:\/\/www.facebook.com\/joabsverige\/\" \/>\n<meta property=\"article:modified_time\" content=\"2024-09-26T08:24:02+00:00\" \/>\n<meta property=\"og:image\" content=\"https:\/\/www.joab.se\/wp-content\/uploads\/2020\/09\/ecopac_2.jpg\" \/>\n\t<meta property=\"og:image:width\" content=\"1280\" \/>\n\t<meta property=\"og:image:height\" content=\"768\" \/>\n\t<meta property=\"og:image:type\" content=\"image\/jpeg\" \/>\n<meta name=\"twitter:card\" content=\"summary_large_image\" \/>\n<meta name=\"twitter:label1\" content=\"Arvioitu lukuaika\" \/>\n\t<meta name=\"twitter:data1\" content=\"3 minuuttia\" \/>\n<script type=\"application\/ld+json\" class=\"yoast-schema-graph\">{\"@context\":\"https:\\\/\\\/schema.org\",\"@graph\":[{\"@type\":\"WebPage\",\"@id\":\"https:\\\/\\\/www.joab.se\\\/fi\\\/tuote\\\/joab-anaconda-ecopac\\\/\",\"url\":\"https:\\\/\\\/www.joab.se\\\/fi\\\/tuote\\\/joab-anaconda-ecopac\\\/\",\"name\":\"JOAB Anaconda Ecopac - JOAB\",\"isPartOf\":{\"@id\":\"https:\\\/\\\/www.joab.se\\\/#website\"},\"primaryImageOfPage\":{\"@id\":\"https:\\\/\\\/www.joab.se\\\/fi\\\/tuote\\\/joab-anaconda-ecopac\\\/#primaryimage\"},\"image\":{\"@id\":\"https:\\\/\\\/www.joab.se\\\/fi\\\/tuote\\\/joab-anaconda-ecopac\\\/#primaryimage\"},\"thumbnailUrl\":\"https:\\\/\\\/www.joab.se\\\/wp-content\\\/uploads\\\/2020\\\/09\\\/ecopac_2.jpg\",\"datePublished\":\"2020-09-10T08:02:43+00:00\",\"dateModified\":\"2024-09-26T08:24:02+00:00\",\"breadcrumb\":{\"@id\":\"https:\\\/\\\/www.joab.se\\\/fi\\\/tuote\\\/joab-anaconda-ecopac\\\/#breadcrumb\"},\"inLanguage\":\"fi\",\"potentialAction\":[{\"@type\":\"ReadAction\",\"target\":[\"https:\\\/\\\/www.joab.se\\\/fi\\\/tuote\\\/joab-anaconda-ecopac\\\/\"]}]},{\"@type\":\"ImageObject\",\"inLanguage\":\"fi\",\"@id\":\"https:\\\/\\\/www.joab.se\\\/fi\\\/tuote\\\/joab-anaconda-ecopac\\\/#primaryimage\",\"url\":\"https:\\\/\\\/www.joab.se\\\/wp-content\\\/uploads\\\/2020\\\/09\\\/ecopac_2.jpg\",\"contentUrl\":\"https:\\\/\\\/www.joab.se\\\/wp-content\\\/uploads\\\/2020\\\/09\\\/ecopac_2.jpg\",\"width\":1280,\"height\":768},{\"@type\":\"BreadcrumbList\",\"@id\":\"https:\\\/\\\/www.joab.se\\\/fi\\\/tuote\\\/joab-anaconda-ecopac\\\/#breadcrumb\",\"itemListElement\":[{\"@type\":\"ListItem\",\"position\":1,\"name\":\"Etusivu\",\"item\":\"https:\\\/\\\/www.joab.se\\\/fi\\\/\"},{\"@type\":\"ListItem\",\"position\":2,\"name\":\"JOAB Anaconda Ecopac\"}]},{\"@type\":\"WebSite\",\"@id\":\"https:\\\/\\\/www.joab.se\\\/#website\",\"url\":\"https:\\\/\\\/www.joab.se\\\/\",\"name\":\"JOAB\",\"description\":\"En till WordPress-webbplats\",\"publisher\":{\"@id\":\"https:\\\/\\\/www.joab.se\\\/#organization\"},\"potentialAction\":[{\"@type\":\"SearchAction\",\"target\":{\"@type\":\"EntryPoint\",\"urlTemplate\":\"https:\\\/\\\/www.joab.se\\\/?s={search_term_string}\"},\"query-input\":{\"@type\":\"PropertyValueSpecification\",\"valueRequired\":true,\"valueName\":\"search_term_string\"}}],\"inLanguage\":\"fi\"},{\"@type\":\"Organization\",\"@id\":\"https:\\\/\\\/www.joab.se\\\/#organization\",\"name\":\"JOAB F\u00f6rs\u00e4ljnings AB\",\"url\":\"https:\\\/\\\/www.joab.se\\\/\",\"logo\":{\"@type\":\"ImageObject\",\"inLanguage\":\"fi\",\"@id\":\"https:\\\/\\\/www.joab.se\\\/#\\\/schema\\\/logo\\\/image\\\/\",\"url\":\"https:\\\/\\\/www.joab.se\\\/wp-content\\\/uploads\\\/2023\\\/02\\\/logo_storre.png\",\"contentUrl\":\"https:\\\/\\\/www.joab.se\\\/wp-content\\\/uploads\\\/2023\\\/02\\\/logo_storre.png\",\"width\":3100,\"height\":889,\"caption\":\"JOAB F\u00f6rs\u00e4ljnings AB\"},\"image\":{\"@id\":\"https:\\\/\\\/www.joab.se\\\/#\\\/schema\\\/logo\\\/image\\\/\"},\"sameAs\":[\"https:\\\/\\\/www.facebook.com\\\/joabsverige\\\/\",\"https:\\\/\\\/www.instagram.com\\\/joab.se\\\/?hl=sv\",\"https:\\\/\\\/www.linkedin.com\\\/company\\\/joab-ab\\\/\",\"https:\\\/\\\/www.youtube.com\\\/@joab2194\\\/featured\"]}]}<\/script>\n<!-- \/ Yoast SEO plugin. -->","yoast_head_json":{"title":"JOAB Anaconda Ecopac - JOAB","robots":{"index":"index","follow":"follow","max-snippet":"max-snippet:-1","max-image-preview":"max-image-preview:large","max-video-preview":"max-video-preview:-1"},"canonical":"https:\/\/www.joab.se\/fi\/tuote\/joab-anaconda-ecopac\/","og_locale":"fi_FI","og_type":"article","og_title":"JOAB Anaconda Ecopac - JOAB","og_description":"JOAB Anaconda Ecopac JOAB Ecopac Mini &amp; Super\u00a0ovat t\u00e4ydelliset j\u00e4tepakkaajat \u00a0erikoisj\u00e4tteiden ker\u00e4ykseen. N\u00e4m\u00e4 j\u00e4tepakkaajat sopivat j\u00e4tteiden noutamiseen paikoista, joihin tavalliset\u00a0 j\u00e4tepakkaajat eiv\u00e4t p\u00e4\u00e4se kokonsa vuoksi. Kokonaan hitsatun s\u00e4ili\u00f6n ansiosta ne sopivat erityisesti m\u00e4r\u00e4n j\u00e4tteen ker\u00e4\u00e4miseen. JOAB Ecopac Mini &amp; Super\u00a0tarjoavat mahdollisuuden hakea j\u00e4tteet vanhemmista kaupunginosista kapeine kujineen ja mataline k\u00e4yt\u00e4vineen. Niill\u00e4 voit my\u00f6s ajaa pys\u00e4k\u00f6intihalleihin [&hellip;]","og_url":"https:\/\/www.joab.se\/fi\/tuote\/joab-anaconda-ecopac\/","og_site_name":"JOAB","article_publisher":"https:\/\/www.facebook.com\/joabsverige\/","article_modified_time":"2024-09-26T08:24:02+00:00","og_image":[{"width":1280,"height":768,"url":"https:\/\/www.joab.se\/wp-content\/uploads\/2020\/09\/ecopac_2.jpg","type":"image\/jpeg"}],"twitter_card":"summary_large_image","twitter_misc":{"Arvioitu lukuaika":"3 minuuttia"},"schema":{"@context":"https:\/\/schema.org","@graph":[{"@type":"WebPage","@id":"https:\/\/www.joab.se\/fi\/tuote\/joab-anaconda-ecopac\/","url":"https:\/\/www.joab.se\/fi\/tuote\/joab-anaconda-ecopac\/","name":"JOAB Anaconda Ecopac - JOAB","isPartOf":{"@id":"https:\/\/www.joab.se\/#website"},"primaryImageOfPage":{"@id":"https:\/\/www.joab.se\/fi\/tuote\/joab-anaconda-ecopac\/#primaryimage"},"image":{"@id":"https:\/\/www.joab.se\/fi\/tuote\/joab-anaconda-ecopac\/#primaryimage"},"thumbnailUrl":"https:\/\/www.joab.se\/wp-content\/uploads\/2020\/09\/ecopac_2.jpg","datePublished":"2020-09-10T08:02:43+00:00","dateModified":"2024-09-26T08:24:02+00:00","breadcrumb":{"@id":"https:\/\/www.joab.se\/fi\/tuote\/joab-anaconda-ecopac\/#breadcrumb"},"inLanguage":"fi","potentialAction":[{"@type":"ReadAction","target":["https:\/\/www.joab.se\/fi\/tuote\/joab-anaconda-ecopac\/"]}]},{"@type":"ImageObject","inLanguage":"fi","@id":"https:\/\/www.joab.se\/fi\/tuote\/joab-anaconda-ecopac\/#primaryimage","url":"https:\/\/www.joab.se\/wp-content\/uploads\/2020\/09\/ecopac_2.jpg","contentUrl":"https:\/\/www.joab.se\/wp-content\/uploads\/2020\/09\/ecopac_2.jpg","width":1280,"height":768},{"@type":"BreadcrumbList","@id":"https:\/\/www.joab.se\/fi\/tuote\/joab-anaconda-ecopac\/#breadcrumb","itemListElement":[{"@type":"ListItem","position":1,"name":"Etusivu","item":"https:\/\/www.joab.se\/fi\/"},{"@type":"ListItem","position":2,"name":"JOAB Anaconda Ecopac"}]},{"@type":"WebSite","@id":"https:\/\/www.joab.se\/#website","url":"https:\/\/www.joab.se\/","name":"JOAB","description":"En till WordPress-webbplats","publisher":{"@id":"https:\/\/www.joab.se\/#organization"},"potentialAction":[{"@type":"SearchAction","target":{"@type":"EntryPoint","urlTemplate":"https:\/\/www.joab.se\/?s={search_term_string}"},"query-input":{"@type":"PropertyValueSpecification","valueRequired":true,"valueName":"search_term_string"}}],"inLanguage":"fi"},{"@type":"Organization","@id":"https:\/\/www.joab.se\/#organization","name":"JOAB F\u00f6rs\u00e4ljnings AB","url":"https:\/\/www.joab.se\/","logo":{"@type":"ImageObject","inLanguage":"fi","@id":"https:\/\/www.joab.se\/#\/schema\/logo\/image\/","url":"https:\/\/www.joab.se\/wp-content\/uploads\/2023\/02\/logo_storre.png","contentUrl":"https:\/\/www.joab.se\/wp-content\/uploads\/2023\/02\/logo_storre.png","width":3100,"height":889,"caption":"JOAB F\u00f6rs\u00e4ljnings AB"},"image":{"@id":"https:\/\/www.joab.se\/#\/schema\/logo\/image\/"},"sameAs":["https:\/\/www.facebook.com\/joabsverige\/","https:\/\/www.instagram.com\/joab.se\/?hl=sv","https:\/\/www.linkedin.com\/company\/joab-ab\/","https:\/\/www.youtube.com\/@joab2194\/featured"]}]}},"_links":{"self":[{"href":"https:\/\/www.joab.se\/fi\/wp-json\/wp\/v2\/product\/16397","targetHints":{"allow":["GET"]}}],"collection":[{"href":"https:\/\/www.joab.se\/fi\/wp-json\/wp\/v2\/product"}],"about":[{"href":"https:\/\/www.joab.se\/fi\/wp-json\/wp\/v2\/types\/product"}],"author":[{"embeddable":true,"href":"https:\/\/www.joab.se\/fi\/wp-json\/wp\/v2\/users\/2"}],"version-history":[{"count":3,"href":"https:\/\/www.joab.se\/fi\/wp-json\/wp\/v2\/product\/16397\/revisions"}],"predecessor-version":[{"id":30506,"href":"https:\/\/www.joab.se\/fi\/wp-json\/wp\/v2\/product\/16397\/revisions\/30506"}],"wp:featuredmedia":[{"embeddable":true,"href":"https:\/\/www.joab.se\/fi\/wp-json\/wp\/v2\/media\/10242"}],"wp:attachment":[{"href":"https:\/\/www.joab.se\/fi\/wp-json\/wp\/v2\/media?parent=16397"}],"wp:term":[{"taxonomy":"product_type","embeddable":true,"href":"https:\/\/www.joab.se\/fi\/wp-json\/wp\/v2\/product_type?post=16397"}],"curies":[{"name":"wp","href":"https:\/\/api.w.org\/{rel}","templated":true}]}}