{"id":16388,"date":"2020-09-10T10:14:42","date_gmt":"2020-09-10T08:14:42","guid":{"rendered":"https:\/\/www.joab.se\/?post_type=product&#038;p=16388"},"modified":"2024-09-26T10:22:27","modified_gmt":"2024-09-26T08:22:27","slug":"hillend-etulastaaja-by-joab","status":"publish","type":"product","link":"https:\/\/www.joab.se\/fi\/tuote\/hillend-etulastaaja-by-joab\/","title":{"rendered":"Hillend Etulastaaja by JOAB"},"content":{"rendered":"<div id=\"pl-16388\"  class=\"panel-layout\" ><div id=\"pg-16388-0\"  class=\"panel-grid panel-no-style\" ><div id=\"pgc-16388-0-0\"  class=\"panel-grid-cell\" ><div id=\"panel-16388-0-0-0\" class=\"so-panel widget widget_joab-hero-banner-widget panel-first-child panel-last-child\" data-index=\"0\" ><div\n\t\t\t\n\t\t\tclass=\"so-widget-joab-hero-banner-widget so-widget-joab-hero-banner-widget-default-d75171398898-16388\"\n\t\t\t\n\t\t><div class=\"hero-banner-container\" style=\"background: linear-gradient( rgba(0, 0, 0, 0.5), rgba(0, 0, 0, 0.5) ), url('https:\/\/www.joab.se\/wp-content\/uploads\/2020\/09\/322A3880-1920x1281.jpg');background-position: 50% 50%\">\n        <div class=\"hero-content\">\n      <div class=\"border-container\" style=\"max-width: 40%\">\n          <h1 style=\"font-size: 3vw\">Hillend Etulastaaja by JOAB<\/h1>\n      <\/div>\n    <\/div>\n<\/div>\n\n<div class=\"breadcrumbs\">\n            <p id=\"breadcrumbs\"><span><span><a href=\"https:\/\/www.joab.se\/fi\/\">Etusivu<\/a> \u00bb <span><a href=\"https:\/\/www.joab.se\/fi\/tuotteet\/\">Tuotteet<\/a> \u00bb <span><a href=\"https:\/\/www.joab.se\/fi\/tuotteet\/jatepakkaajat\/\">J\u00e4tepakkaajat<\/a> \u00bb <span class=\"breadcrumb_last\" aria-current=\"page\">Hillend Etulastaaja by JOAB<\/span><\/span><\/span><\/span><\/span><\/p>    <\/div>\n\n<\/div><\/div><\/div><\/div><div id=\"pg-16388-1\"  class=\"panel-grid panel-no-style\" ><div id=\"pgc-16388-1-0\"  class=\"panel-grid-cell\" ><div id=\"panel-16388-1-0-0\" class=\"so-panel widget widget_sow-editor panel-first-child\" data-index=\"1\" ><div\n\t\t\t\n\t\t\tclass=\"so-widget-sow-editor so-widget-sow-editor-base\"\n\t\t\t\n\t\t>\n<div class=\"siteorigin-widget-tinymce textwidget\">\n\t<h2>Hillend Etulastaaja by JOAB<\/h2>\n<p>Hillend etukuormaaja on vakiintunut tuotemerkki Pohjoismaissa, ja se on nyky\u00e4\u00e4n Euroopan suurin etukuormaajien valmistaja.<\/p>\n<p>S\u00e4ili\u00f6n tilavuus on n. 30\u201336,5 m3 ja se voidaan asentaa 3- ja 4-akseliselle alustalle. Puristus tapahtuu puristuslevyll\u00e4 ja vahvoilla lyhytiskuisilla sylintereill\u00e4. Purku tehd\u00e4\u00e4n puristuslevyn avulla. Lastaustaskuun mahtuu 9,2 m3 ja haarukoiden nostokapasiteetti on 3,6 tonnia.<\/p>\n<p>Hissi toimitetaan vakiona s\u00e4\u00e4dett\u00e4vill\u00e4 haarukoilla, joiden leveys on 900-1800 mm kaikenlaisten konttien k\u00e4sittely\u00e4 varten. Ohjaus tapahtuu manuaalisesti ja automaattikierto on saatavana lis\u00e4varusteena.<\/p>\n<p>Hillend-etukuormaajat on varustettu nykyaikaisella CAN-v\u00e4yl\u00e4j\u00e4rjestelm\u00e4ll\u00e4, jossa kaikkia toimintoja voidaan ohjata ja diagnosoida ohjaamon ohjauspaneelilla. Vakiona on asennettu kamera, joka valvoo s\u00e4ili\u00f6n turvallista tyhjent\u00e4mist\u00e4. Useamman kameran asennus valvontaa varten on saatavana lis\u00e4varusteena.<\/p>\n<p><strong>Lyhyesti<\/strong><\/p>\n<ul>\n<li>Minimoidut p\u00e4\u00e4st\u00f6t - s\u00e4\u00e4dett\u00e4v\u00e4 pumppu minimoi ymp\u00e4rist\u00f6vaikutukset.<\/li>\n<li>Pieni omapaino \u2013 tarjoaa suuren hy\u00f6tykuorman ja optimaalisen akselijakauman.<\/li>\n<li>Esteett\u00f6myys \u2013 helposti saatavilla oleva s\u00e4hk\u00f6- ja hydraulij\u00e4rjestelm\u00e4.<\/li>\n<li>Manuaalinen \u2013 s\u00e4ili\u00f6n automaattinen tyhjennys.<\/li>\n<li>Alhaiset polttoainekustannukset \u2013 s\u00e4\u00e4dett\u00e4v\u00e4 pumppu tarjoaa pienen polttoaineenkulutuksen.<\/li>\n<li>Ergonomia \u2013 helppo k\u00e4ytt\u00e4\u00e4 ja turvallinen ty\u00f6paikka.<\/li>\n<li>Turvallinen \u2013 hyv\u00e4 n\u00e4kyvyys konttien turvalliseen k\u00e4sittelyyn.<\/li>\n<li>JOAB BAS -sopimus \u2013 saat alennuksen varaosista ja hallitset kunnossapitokustannuksiasi.<\/li>\n<\/ul>\n<\/div>\n<\/div><\/div><div id=\"panel-16388-1-0-1\" class=\"so-panel widget widget_joab-product-puffs-widget panel-last-child\" data-index=\"2\" ><div\n\t\t\t\n\t\t\tclass=\"so-widget-joab-product-puffs-widget so-widget-joab-product-puffs-widget-default-d75171398898-16388\"\n\t\t\t\n\t\t><div class=\"product-puffs-container\">\n        <div class=\"product-puff\">\n                <div class=\"puff-icon\">\n            <img loading=\"lazy\" decoding=\"async\" src=\"https:\/\/www.joab.se\/wp-content\/themes\/joab\/img\/icons\/laddaner.svg\" width=\"100\" height=\"100\" class=\"joab-icon laddaner\" \/>        <\/div>\n\n                <h3>Lataa tuotesivu (pdf)<\/h3>\n        \n                    <ul>\n                                    <li><a href=\"https:\/\/www.joab.se\/wp-content\/uploads\/2020\/09\/Hillend-Frontlastare-by-Joab-202008.pdf\"> Hillend Frontlastare - SV<\/a><\/li>\n                                    <li><a href=\"https:\/\/www.joab.se\/wp-content\/uploads\/2020\/09\/Hillend-Frontlastare-by-Joab-202010-ENG.pdf\"> Hillend Frontloader - ENG<\/a><\/li>\n                            <\/ul>\n        \n            <\/div>\n        <div class=\"product-puff\">\n                <a href=\"https:\/\/www.joab.se\/fi\/yhteystiedot\/\">\n                <div class=\"puff-icon\">\n            <img loading=\"lazy\" decoding=\"async\" src=\"https:\/\/www.joab.se\/wp-content\/themes\/joab\/img\/icons\/faq.svg\" width=\"100\" height=\"100\" class=\"joab-icon faq\" \/>        <\/div>\n\n                <h3>Ota yhteytt\u00e4<\/h3>\n        \n        \n                <\/a>\n            <\/div>\n        <div class=\"product-puff\">\n                <a href=\"https:\/\/www.joab.se\/fi\/varaa-koeajo\/\">\n                <div class=\"puff-icon\">\n            <img loading=\"lazy\" decoding=\"async\" src=\"https:\/\/www.joab.se\/wp-content\/themes\/joab\/img\/icons\/provkorning.svg\" width=\"100\" height=\"100\" class=\"joab-icon provkorning\" \/>        <\/div>\n\n                <h3>Varaa koeajo<\/h3>\n        \n        \n                <\/a>\n            <\/div>\n        <div class=\"product-puff\">\n                <a href=\"https:\/\/www.joab.se\/fi\/tarjouspyynto\/\">\n                <div class=\"puff-icon\">\n            <img loading=\"lazy\" decoding=\"async\" src=\"https:\/\/www.joab.se\/wp-content\/themes\/joab\/img\/icons\/offert.svg\" width=\"100\" height=\"100\" class=\"joab-icon offert\" \/>        <\/div>\n\n                <h3>Pyyd\u00e4 tarjous<\/h3>\n        \n        \n                <\/a>\n            <\/div>\n    <\/div>\n\n<\/div><\/div><\/div><div id=\"pgc-16388-1-1\"  class=\"panel-grid-cell\" ><div id=\"panel-16388-1-1-0\" class=\"so-panel widget widget_joab-product-image-gallery-widget panel-first-child panel-last-child\" data-index=\"3\" ><div\n\t\t\t\n\t\t\tclass=\"so-widget-joab-product-image-gallery-widget so-widget-joab-product-image-gallery-widget-default-d75171398898-16388\"\n\t\t\t\n\t\t><div class=\"product-gallery-container\">\n    <ul class=\"lightbox-gallery\">\n                        <li><img loading=\"lazy\" decoding=\"async\" width=\"850\" height=\"565\" src=\"https:\/\/www.joab.se\/wp-content\/uploads\/2020\/09\/Bild-frontlastare2.png\" class=\"attachment-joab-product-large size-joab-product-large wp-post-image\" alt=\"\" data-original-src=\"https:\/\/www.joab.se\/wp-content\/uploads\/2020\/09\/Bild-frontlastare2.png\" data-poptype=\"image\" srcset=\"https:\/\/www.joab.se\/wp-content\/uploads\/2020\/09\/Bild-frontlastare2.png 850w, https:\/\/www.joab.se\/wp-content\/uploads\/2020\/09\/Bild-frontlastare2-600x400.png 600w, https:\/\/www.joab.se\/wp-content\/uploads\/2020\/09\/Bild-frontlastare2-300x199.png 300w, https:\/\/www.joab.se\/wp-content\/uploads\/2020\/09\/Bild-frontlastare2-768x510.png 768w, https:\/\/www.joab.se\/wp-content\/uploads\/2020\/09\/Bild-frontlastare2-272x182.png 272w\" sizes=\"auto, (max-width: 850px) 100vw, 850px\" \/><\/li>\n                        <li><div class=\"gallery-item image-thumbnail\" data-original-src=\"https:\/\/www.joab.se\/wp-content\/uploads\/2020\/09\/Bild-frontlastare.jpg\" data-poptype=\"image\"><img loading=\"lazy\" decoding=\"async\" width=\"300\" height=\"220\" src=\"https:\/\/www.joab.se\/wp-content\/uploads\/2020\/09\/Bild-frontlastare-300x220.jpg\" class=\"attachment-joab-product-thumb size-joab-product-thumb\" alt=\"\" \/><\/div><\/li>\n            <\/ul>\n<\/div>\n\n<\/div><\/div><\/div><\/div><div id=\"pg-16388-2\"  class=\"panel-grid panel-no-style\" ><div id=\"pgc-16388-2-0\"  class=\"panel-grid-cell panel-grid-cell-empty\" ><\/div><\/div><\/div>","protected":false},"excerpt":{"rendered":"<p>Hillend Etulastaaja by JOAB Hillend etukuormaaja on vakiintunut tuotemerkki Pohjoismaissa, ja se on nyky\u00e4\u00e4n Euroopan suurin etukuormaajien valmistaja. S\u00e4ili\u00f6n tilavuus on n. 30\u201336,5 m3 ja se voidaan asentaa 3- ja 4-akseliselle alustalle. Puristus tapahtuu puristuslevyll\u00e4 ja vahvoilla lyhytiskuisilla sylintereill\u00e4. Purku tehd\u00e4\u00e4n puristuslevyn avulla. Lastaustaskuun mahtuu 9,2 m3 ja haarukoiden nostokapasiteetti on 3,6 tonnia. Hissi toimitetaan [&hellip;]<\/p>\n","protected":false},"author":2,"featured_media":9120,"parent":0,"template":"","meta":{"footnotes":""},"product_type":[4],"class_list":["post-16388","product","type-product","status-publish","has-post-thumbnail","hentry"],"yoast_head":"<!-- This site is optimized with the Yoast SEO plugin v27.4 - https:\/\/yoast.com\/product\/yoast-seo-wordpress\/ -->\n<title>Hillend Etulastaaja by JOAB - JOAB<\/title>\n<meta name=\"robots\" content=\"index, follow, max-snippet:-1, max-image-preview:large, max-video-preview:-1\" \/>\n<link rel=\"canonical\" href=\"https:\/\/www.joab.se\/fi\/tuote\/hillend-etulastaaja-by-joab\/\" \/>\n<meta property=\"og:locale\" content=\"fi_FI\" \/>\n<meta property=\"og:type\" content=\"article\" \/>\n<meta property=\"og:title\" content=\"Hillend Etulastaaja by JOAB - JOAB\" \/>\n<meta property=\"og:description\" content=\"Hillend Etulastaaja by JOAB Hillend etukuormaaja on vakiintunut tuotemerkki Pohjoismaissa, ja se on nyky\u00e4\u00e4n Euroopan suurin etukuormaajien valmistaja. S\u00e4ili\u00f6n tilavuus on n. 30\u201336,5 m3 ja se voidaan asentaa 3- ja 4-akseliselle alustalle. Puristus tapahtuu puristuslevyll\u00e4 ja vahvoilla lyhytiskuisilla sylintereill\u00e4. Purku tehd\u00e4\u00e4n puristuslevyn avulla. Lastaustaskuun mahtuu 9,2 m3 ja haarukoiden nostokapasiteetti on 3,6 tonnia. Hissi toimitetaan [&hellip;]\" \/>\n<meta property=\"og:url\" content=\"https:\/\/www.joab.se\/fi\/tuote\/hillend-etulastaaja-by-joab\/\" \/>\n<meta property=\"og:site_name\" content=\"JOAB\" \/>\n<meta property=\"article:publisher\" content=\"https:\/\/www.facebook.com\/joabsverige\/\" \/>\n<meta property=\"article:modified_time\" content=\"2024-09-26T08:22:27+00:00\" \/>\n<meta property=\"og:image\" content=\"https:\/\/www.joab.se\/wp-content\/uploads\/2020\/09\/Bild-frontlastare2.png\" \/>\n\t<meta property=\"og:image:width\" content=\"850\" \/>\n\t<meta property=\"og:image:height\" content=\"565\" \/>\n\t<meta property=\"og:image:type\" content=\"image\/png\" \/>\n<meta name=\"twitter:card\" content=\"summary_large_image\" \/>\n<meta name=\"twitter:label1\" content=\"Arvioitu lukuaika\" \/>\n\t<meta name=\"twitter:data1\" content=\"3 minuuttia\" \/>\n<script type=\"application\/ld+json\" class=\"yoast-schema-graph\">{\"@context\":\"https:\\\/\\\/schema.org\",\"@graph\":[{\"@type\":\"WebPage\",\"@id\":\"https:\\\/\\\/www.joab.se\\\/fi\\\/tuote\\\/hillend-etulastaaja-by-joab\\\/\",\"url\":\"https:\\\/\\\/www.joab.se\\\/fi\\\/tuote\\\/hillend-etulastaaja-by-joab\\\/\",\"name\":\"Hillend Etulastaaja by JOAB - JOAB\",\"isPartOf\":{\"@id\":\"https:\\\/\\\/www.joab.se\\\/#website\"},\"primaryImageOfPage\":{\"@id\":\"https:\\\/\\\/www.joab.se\\\/fi\\\/tuote\\\/hillend-etulastaaja-by-joab\\\/#primaryimage\"},\"image\":{\"@id\":\"https:\\\/\\\/www.joab.se\\\/fi\\\/tuote\\\/hillend-etulastaaja-by-joab\\\/#primaryimage\"},\"thumbnailUrl\":\"https:\\\/\\\/www.joab.se\\\/wp-content\\\/uploads\\\/2020\\\/09\\\/Bild-frontlastare2.png\",\"datePublished\":\"2020-09-10T08:14:42+00:00\",\"dateModified\":\"2024-09-26T08:22:27+00:00\",\"breadcrumb\":{\"@id\":\"https:\\\/\\\/www.joab.se\\\/fi\\\/tuote\\\/hillend-etulastaaja-by-joab\\\/#breadcrumb\"},\"inLanguage\":\"fi\",\"potentialAction\":[{\"@type\":\"ReadAction\",\"target\":[\"https:\\\/\\\/www.joab.se\\\/fi\\\/tuote\\\/hillend-etulastaaja-by-joab\\\/\"]}]},{\"@type\":\"ImageObject\",\"inLanguage\":\"fi\",\"@id\":\"https:\\\/\\\/www.joab.se\\\/fi\\\/tuote\\\/hillend-etulastaaja-by-joab\\\/#primaryimage\",\"url\":\"https:\\\/\\\/www.joab.se\\\/wp-content\\\/uploads\\\/2020\\\/09\\\/Bild-frontlastare2.png\",\"contentUrl\":\"https:\\\/\\\/www.joab.se\\\/wp-content\\\/uploads\\\/2020\\\/09\\\/Bild-frontlastare2.png\",\"width\":850,\"height\":565},{\"@type\":\"BreadcrumbList\",\"@id\":\"https:\\\/\\\/www.joab.se\\\/fi\\\/tuote\\\/hillend-etulastaaja-by-joab\\\/#breadcrumb\",\"itemListElement\":[{\"@type\":\"ListItem\",\"position\":1,\"name\":\"Etusivu\",\"item\":\"https:\\\/\\\/www.joab.se\\\/fi\\\/\"},{\"@type\":\"ListItem\",\"position\":2,\"name\":\"Hillend Etulastaaja by JOAB\"}]},{\"@type\":\"WebSite\",\"@id\":\"https:\\\/\\\/www.joab.se\\\/#website\",\"url\":\"https:\\\/\\\/www.joab.se\\\/\",\"name\":\"JOAB\",\"description\":\"En till WordPress-webbplats\",\"publisher\":{\"@id\":\"https:\\\/\\\/www.joab.se\\\/#organization\"},\"potentialAction\":[{\"@type\":\"SearchAction\",\"target\":{\"@type\":\"EntryPoint\",\"urlTemplate\":\"https:\\\/\\\/www.joab.se\\\/?s={search_term_string}\"},\"query-input\":{\"@type\":\"PropertyValueSpecification\",\"valueRequired\":true,\"valueName\":\"search_term_string\"}}],\"inLanguage\":\"fi\"},{\"@type\":\"Organization\",\"@id\":\"https:\\\/\\\/www.joab.se\\\/#organization\",\"name\":\"JOAB F\u00f6rs\u00e4ljnings AB\",\"url\":\"https:\\\/\\\/www.joab.se\\\/\",\"logo\":{\"@type\":\"ImageObject\",\"inLanguage\":\"fi\",\"@id\":\"https:\\\/\\\/www.joab.se\\\/#\\\/schema\\\/logo\\\/image\\\/\",\"url\":\"https:\\\/\\\/www.joab.se\\\/wp-content\\\/uploads\\\/2023\\\/02\\\/logo_storre.png\",\"contentUrl\":\"https:\\\/\\\/www.joab.se\\\/wp-content\\\/uploads\\\/2023\\\/02\\\/logo_storre.png\",\"width\":3100,\"height\":889,\"caption\":\"JOAB F\u00f6rs\u00e4ljnings AB\"},\"image\":{\"@id\":\"https:\\\/\\\/www.joab.se\\\/#\\\/schema\\\/logo\\\/image\\\/\"},\"sameAs\":[\"https:\\\/\\\/www.facebook.com\\\/joabsverige\\\/\",\"https:\\\/\\\/www.instagram.com\\\/joab.se\\\/?hl=sv\",\"https:\\\/\\\/www.linkedin.com\\\/company\\\/joab-ab\\\/\",\"https:\\\/\\\/www.youtube.com\\\/@joab2194\\\/featured\"]}]}<\/script>\n<!-- \/ Yoast SEO plugin. -->","yoast_head_json":{"title":"Hillend Etulastaaja by JOAB - JOAB","robots":{"index":"index","follow":"follow","max-snippet":"max-snippet:-1","max-image-preview":"max-image-preview:large","max-video-preview":"max-video-preview:-1"},"canonical":"https:\/\/www.joab.se\/fi\/tuote\/hillend-etulastaaja-by-joab\/","og_locale":"fi_FI","og_type":"article","og_title":"Hillend Etulastaaja by JOAB - JOAB","og_description":"Hillend Etulastaaja by JOAB Hillend etukuormaaja on vakiintunut tuotemerkki Pohjoismaissa, ja se on nyky\u00e4\u00e4n Euroopan suurin etukuormaajien valmistaja. S\u00e4ili\u00f6n tilavuus on n. 30\u201336,5 m3 ja se voidaan asentaa 3- ja 4-akseliselle alustalle. Puristus tapahtuu puristuslevyll\u00e4 ja vahvoilla lyhytiskuisilla sylintereill\u00e4. Purku tehd\u00e4\u00e4n puristuslevyn avulla. Lastaustaskuun mahtuu 9,2 m3 ja haarukoiden nostokapasiteetti on 3,6 tonnia. Hissi toimitetaan [&hellip;]","og_url":"https:\/\/www.joab.se\/fi\/tuote\/hillend-etulastaaja-by-joab\/","og_site_name":"JOAB","article_publisher":"https:\/\/www.facebook.com\/joabsverige\/","article_modified_time":"2024-09-26T08:22:27+00:00","og_image":[{"width":850,"height":565,"url":"https:\/\/www.joab.se\/wp-content\/uploads\/2020\/09\/Bild-frontlastare2.png","type":"image\/png"}],"twitter_card":"summary_large_image","twitter_misc":{"Arvioitu lukuaika":"3 minuuttia"},"schema":{"@context":"https:\/\/schema.org","@graph":[{"@type":"WebPage","@id":"https:\/\/www.joab.se\/fi\/tuote\/hillend-etulastaaja-by-joab\/","url":"https:\/\/www.joab.se\/fi\/tuote\/hillend-etulastaaja-by-joab\/","name":"Hillend Etulastaaja by JOAB - JOAB","isPartOf":{"@id":"https:\/\/www.joab.se\/#website"},"primaryImageOfPage":{"@id":"https:\/\/www.joab.se\/fi\/tuote\/hillend-etulastaaja-by-joab\/#primaryimage"},"image":{"@id":"https:\/\/www.joab.se\/fi\/tuote\/hillend-etulastaaja-by-joab\/#primaryimage"},"thumbnailUrl":"https:\/\/www.joab.se\/wp-content\/uploads\/2020\/09\/Bild-frontlastare2.png","datePublished":"2020-09-10T08:14:42+00:00","dateModified":"2024-09-26T08:22:27+00:00","breadcrumb":{"@id":"https:\/\/www.joab.se\/fi\/tuote\/hillend-etulastaaja-by-joab\/#breadcrumb"},"inLanguage":"fi","potentialAction":[{"@type":"ReadAction","target":["https:\/\/www.joab.se\/fi\/tuote\/hillend-etulastaaja-by-joab\/"]}]},{"@type":"ImageObject","inLanguage":"fi","@id":"https:\/\/www.joab.se\/fi\/tuote\/hillend-etulastaaja-by-joab\/#primaryimage","url":"https:\/\/www.joab.se\/wp-content\/uploads\/2020\/09\/Bild-frontlastare2.png","contentUrl":"https:\/\/www.joab.se\/wp-content\/uploads\/2020\/09\/Bild-frontlastare2.png","width":850,"height":565},{"@type":"BreadcrumbList","@id":"https:\/\/www.joab.se\/fi\/tuote\/hillend-etulastaaja-by-joab\/#breadcrumb","itemListElement":[{"@type":"ListItem","position":1,"name":"Etusivu","item":"https:\/\/www.joab.se\/fi\/"},{"@type":"ListItem","position":2,"name":"Hillend Etulastaaja by JOAB"}]},{"@type":"WebSite","@id":"https:\/\/www.joab.se\/#website","url":"https:\/\/www.joab.se\/","name":"JOAB","description":"En till WordPress-webbplats","publisher":{"@id":"https:\/\/www.joab.se\/#organization"},"potentialAction":[{"@type":"SearchAction","target":{"@type":"EntryPoint","urlTemplate":"https:\/\/www.joab.se\/?s={search_term_string}"},"query-input":{"@type":"PropertyValueSpecification","valueRequired":true,"valueName":"search_term_string"}}],"inLanguage":"fi"},{"@type":"Organization","@id":"https:\/\/www.joab.se\/#organization","name":"JOAB F\u00f6rs\u00e4ljnings AB","url":"https:\/\/www.joab.se\/","logo":{"@type":"ImageObject","inLanguage":"fi","@id":"https:\/\/www.joab.se\/#\/schema\/logo\/image\/","url":"https:\/\/www.joab.se\/wp-content\/uploads\/2023\/02\/logo_storre.png","contentUrl":"https:\/\/www.joab.se\/wp-content\/uploads\/2023\/02\/logo_storre.png","width":3100,"height":889,"caption":"JOAB F\u00f6rs\u00e4ljnings AB"},"image":{"@id":"https:\/\/www.joab.se\/#\/schema\/logo\/image\/"},"sameAs":["https:\/\/www.facebook.com\/joabsverige\/","https:\/\/www.instagram.com\/joab.se\/?hl=sv","https:\/\/www.linkedin.com\/company\/joab-ab\/","https:\/\/www.youtube.com\/@joab2194\/featured"]}]}},"_links":{"self":[{"href":"https:\/\/www.joab.se\/fi\/wp-json\/wp\/v2\/product\/16388","targetHints":{"allow":["GET"]}}],"collection":[{"href":"https:\/\/www.joab.se\/fi\/wp-json\/wp\/v2\/product"}],"about":[{"href":"https:\/\/www.joab.se\/fi\/wp-json\/wp\/v2\/types\/product"}],"author":[{"embeddable":true,"href":"https:\/\/www.joab.se\/fi\/wp-json\/wp\/v2\/users\/2"}],"version-history":[{"count":11,"href":"https:\/\/www.joab.se\/fi\/wp-json\/wp\/v2\/product\/16388\/revisions"}],"predecessor-version":[{"id":30504,"href":"https:\/\/www.joab.se\/fi\/wp-json\/wp\/v2\/product\/16388\/revisions\/30504"}],"wp:featuredmedia":[{"embeddable":true,"href":"https:\/\/www.joab.se\/fi\/wp-json\/wp\/v2\/media\/9120"}],"wp:attachment":[{"href":"https:\/\/www.joab.se\/fi\/wp-json\/wp\/v2\/media?parent=16388"}],"wp:term":[{"taxonomy":"product_type","embeddable":true,"href":"https:\/\/www.joab.se\/fi\/wp-json\/wp\/v2\/product_type?post=16388"}],"curies":[{"name":"wp","href":"https:\/\/api.w.org\/{rel}","templated":true}]}}