{"id":16372,"date":"2020-09-10T09:49:19","date_gmt":"2020-09-10T07:49:19","guid":{"rendered":"https:\/\/www.joab.se\/?post_type=product&#038;p=16372"},"modified":"2024-09-26T10:21:24","modified_gmt":"2024-09-26T08:21:24","slug":"joab-anaconda-pluskaappi","status":"publish","type":"product","link":"https:\/\/www.joab.se\/fi\/tuote\/joab-anaconda-pluskaappi\/","title":{"rendered":"JOAB Anaconda Pluskaappi"},"content":{"rendered":"<div id=\"pl-16372\"  class=\"panel-layout\" ><div id=\"pg-16372-0\"  class=\"panel-grid panel-no-style\" ><div id=\"pgc-16372-0-0\"  class=\"panel-grid-cell\" ><div id=\"panel-16372-0-0-0\" class=\"so-panel widget widget_joab-hero-banner-widget panel-first-child panel-last-child\" data-index=\"0\" ><div\n\t\t\t\n\t\t\tclass=\"so-widget-joab-hero-banner-widget so-widget-joab-hero-banner-widget-default-d75171398898-16372\"\n\t\t\t\n\t\t><div class=\"hero-banner-container\" style=\"background: linear-gradient( rgba(0, 0, 0, 0.5), rgba(0, 0, 0, 0.5) ), url('https:\/\/www.joab.se\/wp-content\/uploads\/2020\/09\/322A3880-1920x1281.jpg');background-position: 50% 50%\">\n        <div class=\"hero-content\">\n      <div class=\"border-container\" style=\"max-width: 40%\">\n          <h1 style=\"font-size: 3vw\">JOAB Anaconda Pluskaappi <\/h1>\n      <\/div>\n    <\/div>\n<\/div>\n\n<div class=\"breadcrumbs\">\n            <p id=\"breadcrumbs\"><span><span><a href=\"https:\/\/www.joab.se\/fi\/\">Etusivu<\/a> \u00bb <span><a href=\"https:\/\/www.joab.se\/fi\/tuotteet\/\">Tuotteet<\/a> \u00bb <span><a href=\"https:\/\/www.joab.se\/fi\/tuotteet\/jatepakkaajat\/\">J\u00e4tepakkaajat<\/a> \u00bb <span class=\"breadcrumb_last\" aria-current=\"page\">JOAB Anaconda Pluskaappi<\/span><\/span><\/span><\/span><\/span><\/p>    <\/div>\n\n<\/div><\/div><\/div><\/div><div id=\"pg-16372-1\"  class=\"panel-grid panel-no-style\" ><div id=\"pgc-16372-1-0\"  class=\"panel-grid-cell\" ><div id=\"panel-16372-1-0-0\" class=\"so-panel widget widget_sow-editor panel-first-child\" data-index=\"1\" ><div\n\t\t\t\n\t\t\tclass=\"so-widget-sow-editor so-widget-sow-editor-base\"\n\t\t\t\n\t\t>\n<div class=\"siteorigin-widget-tinymce textwidget\">\n\t<h2>JOAB Anaconda Pluskaappi<\/h2>\n<p>JOAB Anaconda Pluskaappi on kierr\u00e4tysmateriaalin tai bioj\u00e4tteen keruus\u00e4ili\u00f6, joka asennetaan ohjaamon ja tavallisen j\u00e4tepakkaajan v\u00e4liin. Kaappi on t\u00e4ysin tiivis, joten sopii m\u00e4rkien materiaalien ker\u00e4\u00e4miseen. Pluskaappeja on saatavana eri tyyppisi\u00e4 k\u00e4ytt\u00f6tarkoituksesta riippuen.<\/p>\n<p>Pluskaappi on varustettu pystysuoraan liikkuvalla hissill\u00e4, ja sen t\u00e4ytt\u00f6 tapahtuu oikealta sivulta. Hissej\u00e4 on eri levyisi\u00e4 astian koosta riippuen. S\u00e4ili\u00f6 tyhjennet\u00e4\u00e4n vasemmalle ja on korkealta tyhjennett\u00e4v\u00e4, mik\u00e4 helpottaa s\u00e4ili\u00f6ihin tyhjent\u00e4mist\u00e4. Hallinta tapahtuu ohjaussauvalla laitteen ulkopuolelta, mutta tyhjennyst\u00e4 ohjataan ohjaamosta. Pluskaappi hissill\u00e4 on suunniteltu siten, ett\u00e4 alustavarusteet, kuten \u00e4\u00e4nenvaimentimet ja polttoaines\u00e4ili\u00f6, voivat s\u00e4ilytt\u00e4\u00e4 alkuper\u00e4isen paikkansa.<\/p>\n<p>Pienen omapainon ja modernin tekniikan ansiosta JOAB Anaconda Plussk\u00e5p on markkinoiden \u00e4lykk\u00e4in ja tehokkain vaihtoehto kierr\u00e4tysmateriaalin ker\u00e4ykseen. Ymp\u00e4rist\u00f6n huomiointi, pienet k\u00e4ytt\u00f6- ja kunnossapitokustannukset ja k\u00e4ytt\u00e4j\u00e4yst\u00e4v\u00e4llisyys olivat keskeisi\u00e4 tavoitteita sen kehitysty\u00f6ss\u00e4. Anacondan \u00e4lykk\u00e4\u00e4t ratkaisut tekev\u00e4t siit\u00e4 ymp\u00e4rist\u00f6yst\u00e4v\u00e4llisimm\u00e4n ja taloudellisimman j\u00e4tepakkaajan.<\/p>\n<p><strong>Lyhyesti<\/strong><\/p>\n<ul>\n<li>Optimoitu hydraulij\u00e4rjestelm\u00e4 \u2013 pienempi polttoaineenkulutus kuormantunnistavalla j\u00e4rjestelm\u00e4ll\u00e4.<\/li>\n<li>Alhainen melutaso \u2013 parempi ty\u00f6ymp\u00e4rist\u00f6 kuljettajalle ja l\u00e4hiymp\u00e4rist\u00f6n asukkaille.<\/li>\n<li>Voiteluvapaat laakerit vakiona \u2013 alentavat huolto- ja kunnossapitokustannuksia.<\/li>\n<li>Pieni omapaino \u2013 suurempi hy\u00f6tykuorma ja parempi kokonaistalous.<\/li>\n<li>Letkujen asennus \u2013 suojattu asennus, helppo vaihtaa.<\/li>\n<li>Ohjauslaitteet \u2013 ergonomisesti suunnitellut ja helposti saavutettavissa sek\u00e4 maanpinnalta ett\u00e4 lastauslaiturilta.<\/li>\n<li>Kest\u00e4v\u00e4 \u2013 k\u00e4ytetyn suurlujuusmateriaalin ansiosta.<\/li>\n<li>JOAB BAS -sopimus \u2013 saat alennuksen varaosista ja hallitset kunnossapitokustannuksiasi.<\/li>\n<\/ul>\n<\/div>\n<\/div><\/div><div id=\"panel-16372-1-0-1\" class=\"so-panel widget widget_joab-product-puffs-widget panel-last-child\" data-index=\"2\" ><div\n\t\t\t\n\t\t\tclass=\"so-widget-joab-product-puffs-widget so-widget-joab-product-puffs-widget-default-d75171398898-16372\"\n\t\t\t\n\t\t><div class=\"product-puffs-container\">\n        <div class=\"product-puff\">\n                <div class=\"puff-icon\">\n            <img loading=\"lazy\" decoding=\"async\" src=\"https:\/\/www.joab.se\/wp-content\/themes\/joab\/img\/icons\/laddaner.svg\" width=\"100\" height=\"100\" class=\"joab-icon laddaner\" \/>        <\/div>\n\n                <h3>Lataa tuotesivu (pdf)<\/h3>\n        \n                    <ul>\n                                    <li><a href=\"https:\/\/www.joab.se\/wp-content\/uploads\/2020\/09\/Anaconda-Plusskap-20208.pdf\"> Anaconda Plussk\u00e5p - SV<\/a><\/li>\n                                    <li><a href=\"https:\/\/www.joab.se\/wp-content\/uploads\/2020\/09\/Anaconda-Plus-Body-202010-ENG.pdf\"> Anaconda Plus body - ENG<\/a><\/li>\n                            <\/ul>\n        \n            <\/div>\n        <div class=\"product-puff\">\n                <a href=\"https:\/\/www.joab.se\/fi\/yhteystiedot\/\">\n                <div class=\"puff-icon\">\n            <img loading=\"lazy\" decoding=\"async\" src=\"https:\/\/www.joab.se\/wp-content\/themes\/joab\/img\/icons\/faq.svg\" width=\"100\" height=\"100\" class=\"joab-icon faq\" \/>        <\/div>\n\n                <h3>Ota yhteytt\u00e4<\/h3>\n        \n        \n                <\/a>\n            <\/div>\n        <div class=\"product-puff\">\n                <a href=\"https:\/\/www.joab.se\/fi\/varaa-koeajo\/\">\n                <div class=\"puff-icon\">\n            <img loading=\"lazy\" decoding=\"async\" src=\"https:\/\/www.joab.se\/wp-content\/themes\/joab\/img\/icons\/provkorning.svg\" width=\"100\" height=\"100\" class=\"joab-icon provkorning\" \/>        <\/div>\n\n                <h3>Varaa koeajo<\/h3>\n        \n        \n                <\/a>\n            <\/div>\n        <div class=\"product-puff\">\n                <a href=\"https:\/\/www.joab.se\/fi\/tarjouspyynto\/\">\n                <div class=\"puff-icon\">\n            <img loading=\"lazy\" decoding=\"async\" src=\"https:\/\/www.joab.se\/wp-content\/themes\/joab\/img\/icons\/offert.svg\" width=\"100\" height=\"100\" class=\"joab-icon offert\" \/>        <\/div>\n\n                <h3>Pyyd\u00e4 tarjous<\/h3>\n        \n        \n                <\/a>\n            <\/div>\n    <\/div>\n\n<\/div><\/div><\/div><div id=\"pgc-16372-1-1\"  class=\"panel-grid-cell\" ><div id=\"panel-16372-1-1-0\" class=\"so-panel widget widget_joab-product-image-gallery-widget panel-first-child panel-last-child\" data-index=\"3\" ><div\n\t\t\t\n\t\t\tclass=\"so-widget-joab-product-image-gallery-widget so-widget-joab-product-image-gallery-widget-default-d75171398898-16372\"\n\t\t\t\n\t\t><div class=\"product-gallery-container\">\n    <ul class=\"lightbox-gallery\">\n                        <li><img loading=\"lazy\" decoding=\"async\" width=\"1000\" height=\"667\" src=\"https:\/\/www.joab.se\/wp-content\/uploads\/2020\/09\/Plusskap_suez-1000x667.jpg\" class=\"attachment-joab-product-large size-joab-product-large wp-post-image\" alt=\"\" data-original-src=\"https:\/\/www.joab.se\/wp-content\/uploads\/2020\/09\/Plusskap_suez-1000x667.jpg\" data-poptype=\"image\" srcset=\"https:\/\/www.joab.se\/wp-content\/uploads\/2020\/09\/Plusskap_suez-1000x667.jpg 1000w, https:\/\/www.joab.se\/wp-content\/uploads\/2020\/09\/Plusskap_suez-300x200.jpg 300w, https:\/\/www.joab.se\/wp-content\/uploads\/2020\/09\/Plusskap_suez-1024x683.jpg 1024w, https:\/\/www.joab.se\/wp-content\/uploads\/2020\/09\/Plusskap_suez-768x512.jpg 768w, https:\/\/www.joab.se\/wp-content\/uploads\/2020\/09\/Plusskap_suez-1536x1024.jpg 1536w, https:\/\/www.joab.se\/wp-content\/uploads\/2020\/09\/Plusskap_suez-2048x1365.jpg 2048w, https:\/\/www.joab.se\/wp-content\/uploads\/2020\/09\/Plusskap_suez-1920x1280.jpg 1920w, https:\/\/www.joab.se\/wp-content\/uploads\/2020\/09\/Plusskap_suez-600x400.jpg 600w, https:\/\/www.joab.se\/wp-content\/uploads\/2020\/09\/Plusskap_suez-272x182.jpg 272w\" sizes=\"auto, (max-width: 1000px) 100vw, 1000px\" \/><\/li>\n                        <li><div class=\"gallery-item image-thumbnail\" data-original-src=\"https:\/\/www.joab.se\/wp-content\/uploads\/2020\/09\/Plusskap_volvo1-1000x750.jpg\" data-poptype=\"image\"><img loading=\"lazy\" decoding=\"async\" width=\"300\" height=\"220\" src=\"https:\/\/www.joab.se\/wp-content\/uploads\/2020\/09\/Plusskap_volvo1-300x220.jpg\" class=\"attachment-joab-product-thumb size-joab-product-thumb\" alt=\"\" \/><\/div><\/li>\n                        <li><div class=\"gallery-item image-thumbnail\" data-original-src=\"https:\/\/www.joab.se\/wp-content\/uploads\/2020\/09\/rs-twin-plus-1000x710.jpg\" data-poptype=\"image\"><img loading=\"lazy\" decoding=\"async\" width=\"300\" height=\"220\" src=\"https:\/\/www.joab.se\/wp-content\/uploads\/2020\/09\/rs-twin-plus-300x220.jpg\" class=\"attachment-joab-product-thumb size-joab-product-thumb\" alt=\"\" \/><\/div><\/li>\n                        <li><div class=\"gallery-item image-thumbnail\" data-original-src=\"https:\/\/www.joab.se\/wp-content\/uploads\/2020\/09\/plusskap_suez2-1000x667.jpg\" data-poptype=\"image\"><img loading=\"lazy\" decoding=\"async\" width=\"300\" height=\"220\" src=\"https:\/\/www.joab.se\/wp-content\/uploads\/2020\/09\/plusskap_suez2-300x220.jpg\" class=\"attachment-joab-product-thumb size-joab-product-thumb\" alt=\"\" \/><\/div><\/li>\n                        <li><div class=\"gallery-item image-thumbnail\" data-original-src=\"https:\/\/www.joab.se\/wp-content\/uploads\/2020\/09\/Plusskap_volvo2-1000x750.jpg\" data-poptype=\"image\"><img loading=\"lazy\" decoding=\"async\" width=\"300\" height=\"220\" src=\"https:\/\/www.joab.se\/wp-content\/uploads\/2020\/09\/Plusskap_volvo2-300x220.jpg\" class=\"attachment-joab-product-thumb size-joab-product-thumb\" alt=\"\" \/><\/div><\/li>\n            <\/ul>\n<\/div>\n\n<\/div><\/div><\/div><\/div><div id=\"pg-16372-2\"  class=\"panel-grid panel-no-style\" ><div id=\"pgc-16372-2-0\"  class=\"panel-grid-cell panel-grid-cell-empty\" ><\/div><\/div><\/div>","protected":false},"excerpt":{"rendered":"<p>JOAB Anaconda Pluskaappi JOAB Anaconda Pluskaappi on kierr\u00e4tysmateriaalin tai bioj\u00e4tteen keruus\u00e4ili\u00f6, joka asennetaan ohjaamon ja tavallisen j\u00e4tepakkaajan v\u00e4liin. Kaappi on t\u00e4ysin tiivis, joten sopii m\u00e4rkien materiaalien ker\u00e4\u00e4miseen. Pluskaappeja on saatavana eri tyyppisi\u00e4 k\u00e4ytt\u00f6tarkoituksesta riippuen. Pluskaappi on varustettu pystysuoraan liikkuvalla hissill\u00e4, ja sen t\u00e4ytt\u00f6 tapahtuu oikealta sivulta. Hissej\u00e4 on eri levyisi\u00e4 astian koosta riippuen. S\u00e4ili\u00f6 tyhjennet\u00e4\u00e4n [&hellip;]<\/p>\n","protected":false},"author":2,"featured_media":18042,"parent":0,"template":"","meta":{"footnotes":""},"product_type":[4],"class_list":["post-16372","product","type-product","status-publish","has-post-thumbnail","hentry"],"yoast_head":"<!-- This site is optimized with the Yoast SEO plugin v27.4 - https:\/\/yoast.com\/product\/yoast-seo-wordpress\/ -->\n<title>JOAB Anaconda Pluskaappi - JOAB<\/title>\n<meta name=\"robots\" content=\"index, follow, max-snippet:-1, max-image-preview:large, max-video-preview:-1\" \/>\n<link rel=\"canonical\" href=\"https:\/\/www.joab.se\/fi\/tuote\/joab-anaconda-pluskaappi\/\" \/>\n<meta property=\"og:locale\" content=\"fi_FI\" \/>\n<meta property=\"og:type\" content=\"article\" \/>\n<meta property=\"og:title\" content=\"JOAB Anaconda Pluskaappi - JOAB\" \/>\n<meta property=\"og:description\" content=\"JOAB Anaconda Pluskaappi JOAB Anaconda Pluskaappi on kierr\u00e4tysmateriaalin tai bioj\u00e4tteen keruus\u00e4ili\u00f6, joka asennetaan ohjaamon ja tavallisen j\u00e4tepakkaajan v\u00e4liin. Kaappi on t\u00e4ysin tiivis, joten sopii m\u00e4rkien materiaalien ker\u00e4\u00e4miseen. Pluskaappeja on saatavana eri tyyppisi\u00e4 k\u00e4ytt\u00f6tarkoituksesta riippuen. Pluskaappi on varustettu pystysuoraan liikkuvalla hissill\u00e4, ja sen t\u00e4ytt\u00f6 tapahtuu oikealta sivulta. Hissej\u00e4 on eri levyisi\u00e4 astian koosta riippuen. S\u00e4ili\u00f6 tyhjennet\u00e4\u00e4n [&hellip;]\" \/>\n<meta property=\"og:url\" content=\"https:\/\/www.joab.se\/fi\/tuote\/joab-anaconda-pluskaappi\/\" \/>\n<meta property=\"og:site_name\" content=\"JOAB\" \/>\n<meta property=\"article:publisher\" content=\"https:\/\/www.facebook.com\/joabsverige\/\" \/>\n<meta property=\"article:modified_time\" content=\"2024-09-26T08:21:24+00:00\" \/>\n<meta property=\"og:image\" content=\"https:\/\/www.joab.se\/wp-content\/uploads\/2020\/09\/Plusskap_suez-scaled.jpg\" \/>\n\t<meta property=\"og:image:width\" content=\"2560\" \/>\n\t<meta property=\"og:image:height\" content=\"1707\" \/>\n\t<meta property=\"og:image:type\" content=\"image\/jpeg\" \/>\n<meta name=\"twitter:card\" content=\"summary_large_image\" \/>\n<meta name=\"twitter:label1\" content=\"Arvioitu lukuaika\" \/>\n\t<meta name=\"twitter:data1\" content=\"3 minuuttia\" \/>\n<script type=\"application\/ld+json\" class=\"yoast-schema-graph\">{\"@context\":\"https:\\\/\\\/schema.org\",\"@graph\":[{\"@type\":\"WebPage\",\"@id\":\"https:\\\/\\\/www.joab.se\\\/fi\\\/tuote\\\/joab-anaconda-pluskaappi\\\/\",\"url\":\"https:\\\/\\\/www.joab.se\\\/fi\\\/tuote\\\/joab-anaconda-pluskaappi\\\/\",\"name\":\"JOAB Anaconda Pluskaappi - JOAB\",\"isPartOf\":{\"@id\":\"https:\\\/\\\/www.joab.se\\\/#website\"},\"primaryImageOfPage\":{\"@id\":\"https:\\\/\\\/www.joab.se\\\/fi\\\/tuote\\\/joab-anaconda-pluskaappi\\\/#primaryimage\"},\"image\":{\"@id\":\"https:\\\/\\\/www.joab.se\\\/fi\\\/tuote\\\/joab-anaconda-pluskaappi\\\/#primaryimage\"},\"thumbnailUrl\":\"https:\\\/\\\/www.joab.se\\\/wp-content\\\/uploads\\\/2020\\\/09\\\/Plusskap_suez-scaled.jpg\",\"datePublished\":\"2020-09-10T07:49:19+00:00\",\"dateModified\":\"2024-09-26T08:21:24+00:00\",\"breadcrumb\":{\"@id\":\"https:\\\/\\\/www.joab.se\\\/fi\\\/tuote\\\/joab-anaconda-pluskaappi\\\/#breadcrumb\"},\"inLanguage\":\"fi\",\"potentialAction\":[{\"@type\":\"ReadAction\",\"target\":[\"https:\\\/\\\/www.joab.se\\\/fi\\\/tuote\\\/joab-anaconda-pluskaappi\\\/\"]}]},{\"@type\":\"ImageObject\",\"inLanguage\":\"fi\",\"@id\":\"https:\\\/\\\/www.joab.se\\\/fi\\\/tuote\\\/joab-anaconda-pluskaappi\\\/#primaryimage\",\"url\":\"https:\\\/\\\/www.joab.se\\\/wp-content\\\/uploads\\\/2020\\\/09\\\/Plusskap_suez-scaled.jpg\",\"contentUrl\":\"https:\\\/\\\/www.joab.se\\\/wp-content\\\/uploads\\\/2020\\\/09\\\/Plusskap_suez-scaled.jpg\",\"width\":2560,\"height\":1707},{\"@type\":\"BreadcrumbList\",\"@id\":\"https:\\\/\\\/www.joab.se\\\/fi\\\/tuote\\\/joab-anaconda-pluskaappi\\\/#breadcrumb\",\"itemListElement\":[{\"@type\":\"ListItem\",\"position\":1,\"name\":\"Etusivu\",\"item\":\"https:\\\/\\\/www.joab.se\\\/fi\\\/\"},{\"@type\":\"ListItem\",\"position\":2,\"name\":\"JOAB Anaconda Pluskaappi\"}]},{\"@type\":\"WebSite\",\"@id\":\"https:\\\/\\\/www.joab.se\\\/#website\",\"url\":\"https:\\\/\\\/www.joab.se\\\/\",\"name\":\"JOAB\",\"description\":\"En till WordPress-webbplats\",\"publisher\":{\"@id\":\"https:\\\/\\\/www.joab.se\\\/#organization\"},\"potentialAction\":[{\"@type\":\"SearchAction\",\"target\":{\"@type\":\"EntryPoint\",\"urlTemplate\":\"https:\\\/\\\/www.joab.se\\\/?s={search_term_string}\"},\"query-input\":{\"@type\":\"PropertyValueSpecification\",\"valueRequired\":true,\"valueName\":\"search_term_string\"}}],\"inLanguage\":\"fi\"},{\"@type\":\"Organization\",\"@id\":\"https:\\\/\\\/www.joab.se\\\/#organization\",\"name\":\"JOAB F\u00f6rs\u00e4ljnings AB\",\"url\":\"https:\\\/\\\/www.joab.se\\\/\",\"logo\":{\"@type\":\"ImageObject\",\"inLanguage\":\"fi\",\"@id\":\"https:\\\/\\\/www.joab.se\\\/#\\\/schema\\\/logo\\\/image\\\/\",\"url\":\"https:\\\/\\\/www.joab.se\\\/wp-content\\\/uploads\\\/2023\\\/02\\\/logo_storre.png\",\"contentUrl\":\"https:\\\/\\\/www.joab.se\\\/wp-content\\\/uploads\\\/2023\\\/02\\\/logo_storre.png\",\"width\":3100,\"height\":889,\"caption\":\"JOAB F\u00f6rs\u00e4ljnings AB\"},\"image\":{\"@id\":\"https:\\\/\\\/www.joab.se\\\/#\\\/schema\\\/logo\\\/image\\\/\"},\"sameAs\":[\"https:\\\/\\\/www.facebook.com\\\/joabsverige\\\/\",\"https:\\\/\\\/www.instagram.com\\\/joab.se\\\/?hl=sv\",\"https:\\\/\\\/www.linkedin.com\\\/company\\\/joab-ab\\\/\",\"https:\\\/\\\/www.youtube.com\\\/@joab2194\\\/featured\"]}]}<\/script>\n<!-- \/ Yoast SEO plugin. -->","yoast_head_json":{"title":"JOAB Anaconda Pluskaappi - JOAB","robots":{"index":"index","follow":"follow","max-snippet":"max-snippet:-1","max-image-preview":"max-image-preview:large","max-video-preview":"max-video-preview:-1"},"canonical":"https:\/\/www.joab.se\/fi\/tuote\/joab-anaconda-pluskaappi\/","og_locale":"fi_FI","og_type":"article","og_title":"JOAB Anaconda Pluskaappi - JOAB","og_description":"JOAB Anaconda Pluskaappi JOAB Anaconda Pluskaappi on kierr\u00e4tysmateriaalin tai bioj\u00e4tteen keruus\u00e4ili\u00f6, joka asennetaan ohjaamon ja tavallisen j\u00e4tepakkaajan v\u00e4liin. Kaappi on t\u00e4ysin tiivis, joten sopii m\u00e4rkien materiaalien ker\u00e4\u00e4miseen. Pluskaappeja on saatavana eri tyyppisi\u00e4 k\u00e4ytt\u00f6tarkoituksesta riippuen. Pluskaappi on varustettu pystysuoraan liikkuvalla hissill\u00e4, ja sen t\u00e4ytt\u00f6 tapahtuu oikealta sivulta. Hissej\u00e4 on eri levyisi\u00e4 astian koosta riippuen. S\u00e4ili\u00f6 tyhjennet\u00e4\u00e4n [&hellip;]","og_url":"https:\/\/www.joab.se\/fi\/tuote\/joab-anaconda-pluskaappi\/","og_site_name":"JOAB","article_publisher":"https:\/\/www.facebook.com\/joabsverige\/","article_modified_time":"2024-09-26T08:21:24+00:00","og_image":[{"width":2560,"height":1707,"url":"https:\/\/www.joab.se\/wp-content\/uploads\/2020\/09\/Plusskap_suez-scaled.jpg","type":"image\/jpeg"}],"twitter_card":"summary_large_image","twitter_misc":{"Arvioitu lukuaika":"3 minuuttia"},"schema":{"@context":"https:\/\/schema.org","@graph":[{"@type":"WebPage","@id":"https:\/\/www.joab.se\/fi\/tuote\/joab-anaconda-pluskaappi\/","url":"https:\/\/www.joab.se\/fi\/tuote\/joab-anaconda-pluskaappi\/","name":"JOAB Anaconda Pluskaappi - JOAB","isPartOf":{"@id":"https:\/\/www.joab.se\/#website"},"primaryImageOfPage":{"@id":"https:\/\/www.joab.se\/fi\/tuote\/joab-anaconda-pluskaappi\/#primaryimage"},"image":{"@id":"https:\/\/www.joab.se\/fi\/tuote\/joab-anaconda-pluskaappi\/#primaryimage"},"thumbnailUrl":"https:\/\/www.joab.se\/wp-content\/uploads\/2020\/09\/Plusskap_suez-scaled.jpg","datePublished":"2020-09-10T07:49:19+00:00","dateModified":"2024-09-26T08:21:24+00:00","breadcrumb":{"@id":"https:\/\/www.joab.se\/fi\/tuote\/joab-anaconda-pluskaappi\/#breadcrumb"},"inLanguage":"fi","potentialAction":[{"@type":"ReadAction","target":["https:\/\/www.joab.se\/fi\/tuote\/joab-anaconda-pluskaappi\/"]}]},{"@type":"ImageObject","inLanguage":"fi","@id":"https:\/\/www.joab.se\/fi\/tuote\/joab-anaconda-pluskaappi\/#primaryimage","url":"https:\/\/www.joab.se\/wp-content\/uploads\/2020\/09\/Plusskap_suez-scaled.jpg","contentUrl":"https:\/\/www.joab.se\/wp-content\/uploads\/2020\/09\/Plusskap_suez-scaled.jpg","width":2560,"height":1707},{"@type":"BreadcrumbList","@id":"https:\/\/www.joab.se\/fi\/tuote\/joab-anaconda-pluskaappi\/#breadcrumb","itemListElement":[{"@type":"ListItem","position":1,"name":"Etusivu","item":"https:\/\/www.joab.se\/fi\/"},{"@type":"ListItem","position":2,"name":"JOAB Anaconda Pluskaappi"}]},{"@type":"WebSite","@id":"https:\/\/www.joab.se\/#website","url":"https:\/\/www.joab.se\/","name":"JOAB","description":"En till WordPress-webbplats","publisher":{"@id":"https:\/\/www.joab.se\/#organization"},"potentialAction":[{"@type":"SearchAction","target":{"@type":"EntryPoint","urlTemplate":"https:\/\/www.joab.se\/?s={search_term_string}"},"query-input":{"@type":"PropertyValueSpecification","valueRequired":true,"valueName":"search_term_string"}}],"inLanguage":"fi"},{"@type":"Organization","@id":"https:\/\/www.joab.se\/#organization","name":"JOAB F\u00f6rs\u00e4ljnings AB","url":"https:\/\/www.joab.se\/","logo":{"@type":"ImageObject","inLanguage":"fi","@id":"https:\/\/www.joab.se\/#\/schema\/logo\/image\/","url":"https:\/\/www.joab.se\/wp-content\/uploads\/2023\/02\/logo_storre.png","contentUrl":"https:\/\/www.joab.se\/wp-content\/uploads\/2023\/02\/logo_storre.png","width":3100,"height":889,"caption":"JOAB F\u00f6rs\u00e4ljnings AB"},"image":{"@id":"https:\/\/www.joab.se\/#\/schema\/logo\/image\/"},"sameAs":["https:\/\/www.facebook.com\/joabsverige\/","https:\/\/www.instagram.com\/joab.se\/?hl=sv","https:\/\/www.linkedin.com\/company\/joab-ab\/","https:\/\/www.youtube.com\/@joab2194\/featured"]}]}},"_links":{"self":[{"href":"https:\/\/www.joab.se\/fi\/wp-json\/wp\/v2\/product\/16372","targetHints":{"allow":["GET"]}}],"collection":[{"href":"https:\/\/www.joab.se\/fi\/wp-json\/wp\/v2\/product"}],"about":[{"href":"https:\/\/www.joab.se\/fi\/wp-json\/wp\/v2\/types\/product"}],"author":[{"embeddable":true,"href":"https:\/\/www.joab.se\/fi\/wp-json\/wp\/v2\/users\/2"}],"version-history":[{"count":6,"href":"https:\/\/www.joab.se\/fi\/wp-json\/wp\/v2\/product\/16372\/revisions"}],"predecessor-version":[{"id":30503,"href":"https:\/\/www.joab.se\/fi\/wp-json\/wp\/v2\/product\/16372\/revisions\/30503"}],"wp:featuredmedia":[{"embeddable":true,"href":"https:\/\/www.joab.se\/fi\/wp-json\/wp\/v2\/media\/18042"}],"wp:attachment":[{"href":"https:\/\/www.joab.se\/fi\/wp-json\/wp\/v2\/media?parent=16372"}],"wp:term":[{"taxonomy":"product_type","embeddable":true,"href":"https:\/\/www.joab.se\/fi\/wp-json\/wp\/v2\/product_type?post=16372"}],"curies":[{"name":"wp","href":"https:\/\/api.w.org\/{rel}","templated":true}]}}