{"id":16367,"date":"2020-09-10T09:41:45","date_gmt":"2020-09-10T07:41:45","guid":{"rendered":"https:\/\/www.joab.se\/?post_type=product&#038;p=16367"},"modified":"2022-11-25T12:29:15","modified_gmt":"2022-11-25T11:29:15","slug":"joab-anaconda-sl-twin","status":"publish","type":"product","link":"https:\/\/www.joab.se\/fi\/tuote\/joab-anaconda-sl-twin\/","title":{"rendered":"JOAB Anaconda SL Twin"},"content":{"rendered":"<div id=\"pl-16367\"  class=\"panel-layout\" ><div id=\"pg-16367-0\"  class=\"panel-grid panel-no-style\" ><div id=\"pgc-16367-0-0\"  class=\"panel-grid-cell\" ><div id=\"panel-16367-0-0-0\" class=\"so-panel widget widget_joab-hero-banner-widget panel-first-child panel-last-child\" data-index=\"0\" ><div\n\t\t\t\n\t\t\tclass=\"so-widget-joab-hero-banner-widget so-widget-joab-hero-banner-widget-default-d75171398898-16367\"\n\t\t\t\n\t\t><div class=\"hero-banner-container\" style=\"background: url('https:\/\/www.joab.se\/wp-content\/uploads\/2020\/09\/sopbilsaggregat_joab_hd_1-1920x1282.jpg');background-position: 50% 50%\">\n        <div class=\"hero-content\">\n      <div class=\"border-container\" style=\"max-width: 40%\">\n          <h1 style=\"font-size: 3vw\">JOAB Anaconda SL Twin<\/h1>\n      <\/div>\n    <\/div>\n<\/div>\n\n<div class=\"breadcrumbs\">\n            <p id=\"breadcrumbs\"><span><span><a href=\"https:\/\/www.joab.se\/fi\/\">Etusivu<\/a> \u00bb <span><a href=\"https:\/\/www.joab.se\/fi\/tuotteet\/\">Tuotteet<\/a> \u00bb <span><a href=\"https:\/\/www.joab.se\/fi\/tuotteet\/jatepakkaajat\/\">J\u00e4tepakkaajat<\/a> \u00bb <span class=\"breadcrumb_last\" aria-current=\"page\">JOAB Anaconda SL Twin<\/span><\/span><\/span><\/span><\/span><\/p>    <\/div>\n\n<\/div><\/div><\/div><\/div><div id=\"pg-16367-1\"  class=\"panel-grid panel-no-style\" ><div id=\"pgc-16367-1-0\"  class=\"panel-grid-cell\" ><div id=\"panel-16367-1-0-0\" class=\"so-panel widget widget_sow-editor panel-first-child\" data-index=\"1\" ><div\n\t\t\t\n\t\t\tclass=\"so-widget-sow-editor so-widget-sow-editor-base\"\n\t\t\t\n\t\t>\n<div class=\"siteorigin-widget-tinymce textwidget\">\n\t<h2>JOAB Anaconda SL Twin<\/h2>\n<p>JOAB Anaconda SL Twin on sivulta kuormaava 2-kammioinen j\u00e4tepakkaaja, joka kehitetty markkinoilla koetellun heiluritekniikan pohjalta.<\/p>\n<p>S\u00e4ili\u00f6 on per\u00e4isin kippaavasta mallista ilman purkauslevyj\u00e4, ja sivukuormaajan astiahissi on kampatyyppinen. Sivukuormaajan varsia on kaksi erilaista, mink\u00e4 ansiosta se on helppo asentaa kaikkiin markkinoilla oleviin alustoihin riippumatta siit\u00e4, onko etu- ja taka-akselin v\u00e4liss\u00e4 kaasus\u00e4ili\u00f6it\u00e4 vai ei. Hallinta tapahtuu ohjaussauvalla ohjaamosta tai laitteen sivulla olevasta ohjauspaneelista.<\/p>\n<p><strong>Lyhyesti<\/strong><\/p>\n<ul>\n<li>Optimoitu hydraulij\u00e4rjestelm\u00e4 \u2013 pienempi polttoaineenkulutus kuormantunnistavalla j\u00e4rjestelm\u00e4ll\u00e4.<\/li>\n<li>Alhainen melutaso \u2013 parempi ty\u00f6ymp\u00e4rist\u00f6 kuljettajalle ja l\u00e4hiymp\u00e4rist\u00f6n asukkaille.<\/li>\n<li>Voiteluvapaat laakerit vakiona \u2013 alentavat huolto- ja kunnossapitokustannuksia.<\/li>\n<li>Pieni omapaino \u2013 suurempi hy\u00f6tykuorma ja parempi kokonaistalous.<\/li>\n<li>S\u00e4hk\u00f6- ja hydraulikeskus \u2013 suojattu sijainti ja helppo k\u00e4siksi p\u00e4\u00e4sy.<\/li>\n<li>Ohjausj\u00e4rjestelm\u00e4 \u2013 CAN-v\u00e4yl\u00e4 ja visuaalinen vianhaku.<\/li>\n<li>Ohjaamon tietokone \u2013 n\u00e4et aina visuaalisesti mit\u00e4 tapahtuu ja aktivoidaan.<\/li>\n<li>Nostosylinterit \u2013 katon takaluukun nostosylintereill\u00e4 saat minimaalisen kuormituksen ja paremman painojakauman.<\/li>\n<li>Kest\u00e4v\u00e4 \u2013 k\u00e4ytetyn suurlujuusmateriaalin ansiosta.<\/li>\n<li>Voidaan toimittaa s\u00e4hk\u00f6hybriditekniikalla akkuk\u00e4ytt\u00f6isen\u00e4.<\/li>\n<li>JOAB BAS -sopimus \u2013 saat alennuksen varaosista ja hallitset kunnossapitokustannuksiasi.<\/li>\n<\/ul>\n<\/div>\n<\/div><\/div><div id=\"panel-16367-1-0-1\" class=\"so-panel widget widget_joab-product-puffs-widget panel-last-child\" data-index=\"2\" ><div\n\t\t\t\n\t\t\tclass=\"so-widget-joab-product-puffs-widget so-widget-joab-product-puffs-widget-default-d75171398898-16367\"\n\t\t\t\n\t\t><div class=\"product-puffs-container\">\n        <div class=\"product-puff\">\n                <div class=\"puff-icon\">\n            <img loading=\"lazy\" decoding=\"async\" src=\"https:\/\/www.joab.se\/wp-content\/themes\/joab\/img\/icons\/laddaner.svg\" width=\"100\" height=\"100\" class=\"joab-icon laddaner\" \/>        <\/div>\n\n                <h3>Lataa tuotesivu (pdf)<\/h3>\n        \n                    <ul>\n                                    <li><a href=\"https:\/\/www.joab.se\/wp-content\/uploads\/2020\/09\/Anaconda-SL-Twin-202009.pdf\"> Anaconda SL Twin - SV<\/a><\/li>\n                                    <li><a href=\"https:\/\/www.joab.se\/wp-content\/uploads\/2020\/09\/Anaconda-SL-Twin-202010-ENG.pdf\"> Anaconda SL Twin - ENG<\/a><\/li>\n                            <\/ul>\n        \n            <\/div>\n        <div class=\"product-puff\">\n                <a href=\"https:\/\/www.joab.se\/fi\/yhteystiedot\/\">\n                <div class=\"puff-icon\">\n            <img loading=\"lazy\" decoding=\"async\" src=\"https:\/\/www.joab.se\/wp-content\/themes\/joab\/img\/icons\/faq.svg\" width=\"100\" height=\"100\" class=\"joab-icon faq\" \/>        <\/div>\n\n                <h3>Ota yhteytt\u00e4<\/h3>\n        \n        \n                <\/a>\n            <\/div>\n        <div class=\"product-puff\">\n                <a href=\"https:\/\/www.joab.se\/fi\/varaa-koeajo\/\">\n                <div class=\"puff-icon\">\n            <img loading=\"lazy\" decoding=\"async\" src=\"https:\/\/www.joab.se\/wp-content\/themes\/joab\/img\/icons\/provkorning.svg\" width=\"100\" height=\"100\" class=\"joab-icon provkorning\" \/>        <\/div>\n\n                <h3>Varaa koeajo<\/h3>\n        \n        \n                <\/a>\n            <\/div>\n        <div class=\"product-puff\">\n                <a href=\"https:\/\/www.joab.se\/fi\/tarjouspyynto\/\">\n                <div class=\"puff-icon\">\n            <img loading=\"lazy\" decoding=\"async\" src=\"https:\/\/www.joab.se\/wp-content\/themes\/joab\/img\/icons\/offert.svg\" width=\"100\" height=\"100\" class=\"joab-icon offert\" \/>        <\/div>\n\n                <h3>Pyyd\u00e4 tarjous<\/h3>\n        \n        \n                <\/a>\n            <\/div>\n    <\/div>\n\n<\/div><\/div><\/div><div id=\"pgc-16367-1-1\"  class=\"panel-grid-cell\" ><div id=\"panel-16367-1-1-0\" class=\"so-panel widget widget_joab-product-image-gallery-widget panel-first-child panel-last-child\" data-index=\"3\" ><div\n\t\t\t\n\t\t\tclass=\"so-widget-joab-product-image-gallery-widget so-widget-joab-product-image-gallery-widget-default-d75171398898-16367\"\n\t\t\t\n\t\t><div class=\"product-gallery-container\">\n    <ul class=\"lightbox-gallery\">\n                        <li><img loading=\"lazy\" decoding=\"async\" width=\"1000\" height=\"667\" src=\"https:\/\/www.joab.se\/wp-content\/uploads\/2020\/09\/Sidolastare-Twin_1_OK-1000x667.jpg\" class=\"attachment-joab-product-large size-joab-product-large wp-post-image\" alt=\"\" data-original-src=\"https:\/\/www.joab.se\/wp-content\/uploads\/2020\/09\/Sidolastare-Twin_1_OK-1000x667.jpg\" data-poptype=\"image\" srcset=\"https:\/\/www.joab.se\/wp-content\/uploads\/2020\/09\/Sidolastare-Twin_1_OK-1000x667.jpg 1000w, https:\/\/www.joab.se\/wp-content\/uploads\/2020\/09\/Sidolastare-Twin_1_OK-300x200.jpg 300w, https:\/\/www.joab.se\/wp-content\/uploads\/2020\/09\/Sidolastare-Twin_1_OK-1024x683.jpg 1024w, https:\/\/www.joab.se\/wp-content\/uploads\/2020\/09\/Sidolastare-Twin_1_OK-768x512.jpg 768w, https:\/\/www.joab.se\/wp-content\/uploads\/2020\/09\/Sidolastare-Twin_1_OK-1536x1024.jpg 1536w, https:\/\/www.joab.se\/wp-content\/uploads\/2020\/09\/Sidolastare-Twin_1_OK-2048x1365.jpg 2048w, https:\/\/www.joab.se\/wp-content\/uploads\/2020\/09\/Sidolastare-Twin_1_OK-1920x1280.jpg 1920w, https:\/\/www.joab.se\/wp-content\/uploads\/2020\/09\/Sidolastare-Twin_1_OK-600x400.jpg 600w, https:\/\/www.joab.se\/wp-content\/uploads\/2020\/09\/Sidolastare-Twin_1_OK-272x182.jpg 272w\" sizes=\"auto, (max-width: 1000px) 100vw, 1000px\" \/><\/li>\n                        <li><div class=\"gallery-item image-thumbnail\" data-original-src=\"https:\/\/www.joab.se\/wp-content\/uploads\/2020\/09\/Sidolastare-Twin_1_OK-1000x667.jpg\" data-poptype=\"image\"><img loading=\"lazy\" decoding=\"async\" width=\"300\" height=\"220\" src=\"https:\/\/www.joab.se\/wp-content\/uploads\/2020\/09\/Sidolastare-Twin_1_OK-300x220.jpg\" class=\"attachment-joab-product-thumb size-joab-product-thumb\" alt=\"\" \/><\/div><\/li>\n                        <li><div class=\"gallery-item image-thumbnail\" data-original-src=\"https:\/\/www.joab.se\/wp-content\/uploads\/2020\/09\/Sidolastare-Twin-1000x750.jpg\" data-poptype=\"image\"><img loading=\"lazy\" decoding=\"async\" width=\"300\" height=\"220\" src=\"https:\/\/www.joab.se\/wp-content\/uploads\/2020\/09\/Sidolastare-Twin-300x220.jpg\" class=\"attachment-joab-product-thumb size-joab-product-thumb\" alt=\"\" \/><\/div><\/li>\n            <\/ul>\n<\/div>\n\n<\/div><\/div><\/div><\/div><div id=\"pg-16367-2\"  class=\"panel-grid panel-no-style\" ><div id=\"pgc-16367-2-0\"  class=\"panel-grid-cell panel-grid-cell-empty\" ><\/div><\/div><\/div>","protected":false},"excerpt":{"rendered":"<p>JOAB Anaconda SL Twin JOAB Anaconda SL Twin on sivulta kuormaava 2-kammioinen j\u00e4tepakkaaja, joka kehitetty markkinoilla koetellun heiluritekniikan pohjalta. S\u00e4ili\u00f6 on per\u00e4isin kippaavasta mallista ilman purkauslevyj\u00e4, ja sivukuormaajan astiahissi on kampatyyppinen. Sivukuormaajan varsia on kaksi erilaista, mink\u00e4 ansiosta se on helppo asentaa kaikkiin markkinoilla oleviin alustoihin riippumatta siit\u00e4, onko etu- ja taka-akselin v\u00e4liss\u00e4 kaasus\u00e4ili\u00f6it\u00e4 vai [&hellip;]<\/p>\n","protected":false},"author":2,"featured_media":17930,"parent":0,"template":"","meta":{"footnotes":""},"product_type":[4],"class_list":["post-16367","product","type-product","status-publish","has-post-thumbnail","hentry"],"yoast_head":"<!-- This site is optimized with the Yoast SEO plugin v27.4 - https:\/\/yoast.com\/product\/yoast-seo-wordpress\/ -->\n<title>JOAB Anaconda SL Twin - JOAB<\/title>\n<meta name=\"robots\" content=\"index, follow, max-snippet:-1, max-image-preview:large, max-video-preview:-1\" \/>\n<link rel=\"canonical\" href=\"https:\/\/www.joab.se\/fi\/tuote\/joab-anaconda-sl-twin\/\" \/>\n<meta property=\"og:locale\" content=\"fi_FI\" \/>\n<meta property=\"og:type\" content=\"article\" \/>\n<meta property=\"og:title\" content=\"JOAB Anaconda SL Twin - JOAB\" \/>\n<meta property=\"og:description\" content=\"JOAB Anaconda SL Twin JOAB Anaconda SL Twin on sivulta kuormaava 2-kammioinen j\u00e4tepakkaaja, joka kehitetty markkinoilla koetellun heiluritekniikan pohjalta. S\u00e4ili\u00f6 on per\u00e4isin kippaavasta mallista ilman purkauslevyj\u00e4, ja sivukuormaajan astiahissi on kampatyyppinen. Sivukuormaajan varsia on kaksi erilaista, mink\u00e4 ansiosta se on helppo asentaa kaikkiin markkinoilla oleviin alustoihin riippumatta siit\u00e4, onko etu- ja taka-akselin v\u00e4liss\u00e4 kaasus\u00e4ili\u00f6it\u00e4 vai [&hellip;]\" \/>\n<meta property=\"og:url\" content=\"https:\/\/www.joab.se\/fi\/tuote\/joab-anaconda-sl-twin\/\" \/>\n<meta property=\"og:site_name\" content=\"JOAB\" \/>\n<meta property=\"article:publisher\" content=\"https:\/\/www.facebook.com\/joabsverige\/\" \/>\n<meta property=\"article:modified_time\" content=\"2022-11-25T11:29:15+00:00\" \/>\n<meta property=\"og:image\" content=\"https:\/\/www.joab.se\/wp-content\/uploads\/2020\/09\/Sidolastare-Twin_1_OK-scaled.jpg\" \/>\n\t<meta property=\"og:image:width\" content=\"2560\" \/>\n\t<meta property=\"og:image:height\" content=\"1707\" \/>\n\t<meta property=\"og:image:type\" content=\"image\/jpeg\" \/>\n<meta name=\"twitter:card\" content=\"summary_large_image\" \/>\n<meta name=\"twitter:label1\" content=\"Arvioitu lukuaika\" \/>\n\t<meta name=\"twitter:data1\" content=\"1 minuutti\" \/>\n<script type=\"application\/ld+json\" class=\"yoast-schema-graph\">{\"@context\":\"https:\\\/\\\/schema.org\",\"@graph\":[{\"@type\":\"WebPage\",\"@id\":\"https:\\\/\\\/www.joab.se\\\/fi\\\/tuote\\\/joab-anaconda-sl-twin\\\/\",\"url\":\"https:\\\/\\\/www.joab.se\\\/fi\\\/tuote\\\/joab-anaconda-sl-twin\\\/\",\"name\":\"JOAB Anaconda SL Twin - JOAB\",\"isPartOf\":{\"@id\":\"https:\\\/\\\/www.joab.se\\\/#website\"},\"primaryImageOfPage\":{\"@id\":\"https:\\\/\\\/www.joab.se\\\/fi\\\/tuote\\\/joab-anaconda-sl-twin\\\/#primaryimage\"},\"image\":{\"@id\":\"https:\\\/\\\/www.joab.se\\\/fi\\\/tuote\\\/joab-anaconda-sl-twin\\\/#primaryimage\"},\"thumbnailUrl\":\"https:\\\/\\\/www.joab.se\\\/wp-content\\\/uploads\\\/2020\\\/09\\\/Sidolastare-Twin_1_OK-scaled.jpg\",\"datePublished\":\"2020-09-10T07:41:45+00:00\",\"dateModified\":\"2022-11-25T11:29:15+00:00\",\"breadcrumb\":{\"@id\":\"https:\\\/\\\/www.joab.se\\\/fi\\\/tuote\\\/joab-anaconda-sl-twin\\\/#breadcrumb\"},\"inLanguage\":\"fi\",\"potentialAction\":[{\"@type\":\"ReadAction\",\"target\":[\"https:\\\/\\\/www.joab.se\\\/fi\\\/tuote\\\/joab-anaconda-sl-twin\\\/\"]}]},{\"@type\":\"ImageObject\",\"inLanguage\":\"fi\",\"@id\":\"https:\\\/\\\/www.joab.se\\\/fi\\\/tuote\\\/joab-anaconda-sl-twin\\\/#primaryimage\",\"url\":\"https:\\\/\\\/www.joab.se\\\/wp-content\\\/uploads\\\/2020\\\/09\\\/Sidolastare-Twin_1_OK-scaled.jpg\",\"contentUrl\":\"https:\\\/\\\/www.joab.se\\\/wp-content\\\/uploads\\\/2020\\\/09\\\/Sidolastare-Twin_1_OK-scaled.jpg\",\"width\":2560,\"height\":1707},{\"@type\":\"BreadcrumbList\",\"@id\":\"https:\\\/\\\/www.joab.se\\\/fi\\\/tuote\\\/joab-anaconda-sl-twin\\\/#breadcrumb\",\"itemListElement\":[{\"@type\":\"ListItem\",\"position\":1,\"name\":\"Etusivu\",\"item\":\"https:\\\/\\\/www.joab.se\\\/fi\\\/\"},{\"@type\":\"ListItem\",\"position\":2,\"name\":\"JOAB Anaconda SL Twin\"}]},{\"@type\":\"WebSite\",\"@id\":\"https:\\\/\\\/www.joab.se\\\/#website\",\"url\":\"https:\\\/\\\/www.joab.se\\\/\",\"name\":\"JOAB\",\"description\":\"En till WordPress-webbplats\",\"publisher\":{\"@id\":\"https:\\\/\\\/www.joab.se\\\/#organization\"},\"potentialAction\":[{\"@type\":\"SearchAction\",\"target\":{\"@type\":\"EntryPoint\",\"urlTemplate\":\"https:\\\/\\\/www.joab.se\\\/?s={search_term_string}\"},\"query-input\":{\"@type\":\"PropertyValueSpecification\",\"valueRequired\":true,\"valueName\":\"search_term_string\"}}],\"inLanguage\":\"fi\"},{\"@type\":\"Organization\",\"@id\":\"https:\\\/\\\/www.joab.se\\\/#organization\",\"name\":\"JOAB F\u00f6rs\u00e4ljnings AB\",\"url\":\"https:\\\/\\\/www.joab.se\\\/\",\"logo\":{\"@type\":\"ImageObject\",\"inLanguage\":\"fi\",\"@id\":\"https:\\\/\\\/www.joab.se\\\/#\\\/schema\\\/logo\\\/image\\\/\",\"url\":\"https:\\\/\\\/www.joab.se\\\/wp-content\\\/uploads\\\/2023\\\/02\\\/logo_storre.png\",\"contentUrl\":\"https:\\\/\\\/www.joab.se\\\/wp-content\\\/uploads\\\/2023\\\/02\\\/logo_storre.png\",\"width\":3100,\"height\":889,\"caption\":\"JOAB F\u00f6rs\u00e4ljnings AB\"},\"image\":{\"@id\":\"https:\\\/\\\/www.joab.se\\\/#\\\/schema\\\/logo\\\/image\\\/\"},\"sameAs\":[\"https:\\\/\\\/www.facebook.com\\\/joabsverige\\\/\",\"https:\\\/\\\/www.instagram.com\\\/joab.se\\\/?hl=sv\",\"https:\\\/\\\/www.linkedin.com\\\/company\\\/joab-ab\\\/\",\"https:\\\/\\\/www.youtube.com\\\/@joab2194\\\/featured\"]}]}<\/script>\n<!-- \/ Yoast SEO plugin. -->","yoast_head_json":{"title":"JOAB Anaconda SL Twin - JOAB","robots":{"index":"index","follow":"follow","max-snippet":"max-snippet:-1","max-image-preview":"max-image-preview:large","max-video-preview":"max-video-preview:-1"},"canonical":"https:\/\/www.joab.se\/fi\/tuote\/joab-anaconda-sl-twin\/","og_locale":"fi_FI","og_type":"article","og_title":"JOAB Anaconda SL Twin - JOAB","og_description":"JOAB Anaconda SL Twin JOAB Anaconda SL Twin on sivulta kuormaava 2-kammioinen j\u00e4tepakkaaja, joka kehitetty markkinoilla koetellun heiluritekniikan pohjalta. S\u00e4ili\u00f6 on per\u00e4isin kippaavasta mallista ilman purkauslevyj\u00e4, ja sivukuormaajan astiahissi on kampatyyppinen. Sivukuormaajan varsia on kaksi erilaista, mink\u00e4 ansiosta se on helppo asentaa kaikkiin markkinoilla oleviin alustoihin riippumatta siit\u00e4, onko etu- ja taka-akselin v\u00e4liss\u00e4 kaasus\u00e4ili\u00f6it\u00e4 vai [&hellip;]","og_url":"https:\/\/www.joab.se\/fi\/tuote\/joab-anaconda-sl-twin\/","og_site_name":"JOAB","article_publisher":"https:\/\/www.facebook.com\/joabsverige\/","article_modified_time":"2022-11-25T11:29:15+00:00","og_image":[{"width":2560,"height":1707,"url":"https:\/\/www.joab.se\/wp-content\/uploads\/2020\/09\/Sidolastare-Twin_1_OK-scaled.jpg","type":"image\/jpeg"}],"twitter_card":"summary_large_image","twitter_misc":{"Arvioitu lukuaika":"1 minuutti"},"schema":{"@context":"https:\/\/schema.org","@graph":[{"@type":"WebPage","@id":"https:\/\/www.joab.se\/fi\/tuote\/joab-anaconda-sl-twin\/","url":"https:\/\/www.joab.se\/fi\/tuote\/joab-anaconda-sl-twin\/","name":"JOAB Anaconda SL Twin - JOAB","isPartOf":{"@id":"https:\/\/www.joab.se\/#website"},"primaryImageOfPage":{"@id":"https:\/\/www.joab.se\/fi\/tuote\/joab-anaconda-sl-twin\/#primaryimage"},"image":{"@id":"https:\/\/www.joab.se\/fi\/tuote\/joab-anaconda-sl-twin\/#primaryimage"},"thumbnailUrl":"https:\/\/www.joab.se\/wp-content\/uploads\/2020\/09\/Sidolastare-Twin_1_OK-scaled.jpg","datePublished":"2020-09-10T07:41:45+00:00","dateModified":"2022-11-25T11:29:15+00:00","breadcrumb":{"@id":"https:\/\/www.joab.se\/fi\/tuote\/joab-anaconda-sl-twin\/#breadcrumb"},"inLanguage":"fi","potentialAction":[{"@type":"ReadAction","target":["https:\/\/www.joab.se\/fi\/tuote\/joab-anaconda-sl-twin\/"]}]},{"@type":"ImageObject","inLanguage":"fi","@id":"https:\/\/www.joab.se\/fi\/tuote\/joab-anaconda-sl-twin\/#primaryimage","url":"https:\/\/www.joab.se\/wp-content\/uploads\/2020\/09\/Sidolastare-Twin_1_OK-scaled.jpg","contentUrl":"https:\/\/www.joab.se\/wp-content\/uploads\/2020\/09\/Sidolastare-Twin_1_OK-scaled.jpg","width":2560,"height":1707},{"@type":"BreadcrumbList","@id":"https:\/\/www.joab.se\/fi\/tuote\/joab-anaconda-sl-twin\/#breadcrumb","itemListElement":[{"@type":"ListItem","position":1,"name":"Etusivu","item":"https:\/\/www.joab.se\/fi\/"},{"@type":"ListItem","position":2,"name":"JOAB Anaconda SL Twin"}]},{"@type":"WebSite","@id":"https:\/\/www.joab.se\/#website","url":"https:\/\/www.joab.se\/","name":"JOAB","description":"En till WordPress-webbplats","publisher":{"@id":"https:\/\/www.joab.se\/#organization"},"potentialAction":[{"@type":"SearchAction","target":{"@type":"EntryPoint","urlTemplate":"https:\/\/www.joab.se\/?s={search_term_string}"},"query-input":{"@type":"PropertyValueSpecification","valueRequired":true,"valueName":"search_term_string"}}],"inLanguage":"fi"},{"@type":"Organization","@id":"https:\/\/www.joab.se\/#organization","name":"JOAB F\u00f6rs\u00e4ljnings AB","url":"https:\/\/www.joab.se\/","logo":{"@type":"ImageObject","inLanguage":"fi","@id":"https:\/\/www.joab.se\/#\/schema\/logo\/image\/","url":"https:\/\/www.joab.se\/wp-content\/uploads\/2023\/02\/logo_storre.png","contentUrl":"https:\/\/www.joab.se\/wp-content\/uploads\/2023\/02\/logo_storre.png","width":3100,"height":889,"caption":"JOAB F\u00f6rs\u00e4ljnings AB"},"image":{"@id":"https:\/\/www.joab.se\/#\/schema\/logo\/image\/"},"sameAs":["https:\/\/www.facebook.com\/joabsverige\/","https:\/\/www.instagram.com\/joab.se\/?hl=sv","https:\/\/www.linkedin.com\/company\/joab-ab\/","https:\/\/www.youtube.com\/@joab2194\/featured"]}]}},"_links":{"self":[{"href":"https:\/\/www.joab.se\/fi\/wp-json\/wp\/v2\/product\/16367","targetHints":{"allow":["GET"]}}],"collection":[{"href":"https:\/\/www.joab.se\/fi\/wp-json\/wp\/v2\/product"}],"about":[{"href":"https:\/\/www.joab.se\/fi\/wp-json\/wp\/v2\/types\/product"}],"author":[{"embeddable":true,"href":"https:\/\/www.joab.se\/fi\/wp-json\/wp\/v2\/users\/2"}],"version-history":[{"count":6,"href":"https:\/\/www.joab.se\/fi\/wp-json\/wp\/v2\/product\/16367\/revisions"}],"predecessor-version":[{"id":24745,"href":"https:\/\/www.joab.se\/fi\/wp-json\/wp\/v2\/product\/16367\/revisions\/24745"}],"wp:featuredmedia":[{"embeddable":true,"href":"https:\/\/www.joab.se\/fi\/wp-json\/wp\/v2\/media\/17930"}],"wp:attachment":[{"href":"https:\/\/www.joab.se\/fi\/wp-json\/wp\/v2\/media?parent=16367"}],"wp:term":[{"taxonomy":"product_type","embeddable":true,"href":"https:\/\/www.joab.se\/fi\/wp-json\/wp\/v2\/product_type?post=16367"}],"curies":[{"name":"wp","href":"https:\/\/api.w.org\/{rel}","templated":true}]}}