{"id":16357,"date":"2020-09-10T09:26:38","date_gmt":"2020-09-10T07:26:38","guid":{"rendered":"https:\/\/www.joab.se\/?post_type=product&#038;p=16357"},"modified":"2024-09-26T10:59:36","modified_gmt":"2024-09-26T08:59:36","slug":"joab-anaconda-twin","status":"publish","type":"product","link":"https:\/\/www.joab.se\/fi\/tuote\/joab-anaconda-twin\/","title":{"rendered":"JOAB Anaconda Twin"},"content":{"rendered":"<div id=\"pl-16357\"  class=\"panel-layout\" ><div id=\"pg-16357-0\"  class=\"panel-grid panel-no-style\" ><div id=\"pgc-16357-0-0\"  class=\"panel-grid-cell\" ><div id=\"panel-16357-0-0-0\" class=\"so-panel widget widget_joab-hero-banner-widget panel-first-child panel-last-child\" data-index=\"0\" ><div\n\t\t\t\n\t\t\tclass=\"so-widget-joab-hero-banner-widget so-widget-joab-hero-banner-widget-default-d75171398898-16357\"\n\t\t\t\n\t\t><div class=\"hero-banner-container\" style=\"background: linear-gradient( rgba(0, 0, 0, 0.5), rgba(0, 0, 0, 0.5) ), url('https:\/\/www.joab.se\/wp-content\/uploads\/2020\/09\/322A3880-1920x1281.jpg');background-position: 50% 50%\">\n        <div class=\"hero-content\">\n      <div class=\"border-container\" style=\"max-width: 40%\">\n          <h1 style=\"font-size: 3vw\">JOAB Anaconda Twin<\/h1>\n      <\/div>\n    <\/div>\n<\/div>\n\n<div class=\"breadcrumbs\">\n            <p id=\"breadcrumbs\"><span><span><a href=\"https:\/\/www.joab.se\/fi\/\">Etusivu<\/a> \u00bb <span><a href=\"https:\/\/www.joab.se\/fi\/tuotteet\/\">Tuotteet<\/a> \u00bb <span><a href=\"https:\/\/www.joab.se\/fi\/tuotteet\/jatepakkaajat\/\">J\u00e4tepakkaajat<\/a> \u00bb <span class=\"breadcrumb_last\" aria-current=\"page\">JOAB Anaconda Twin<\/span><\/span><\/span><\/span><\/span><\/p>    <\/div>\n\n<\/div><\/div><\/div><\/div><div id=\"pg-16357-1\"  class=\"panel-grid panel-no-style\" ><div id=\"pgc-16357-1-0\"  class=\"panel-grid-cell\" ><div id=\"panel-16357-1-0-0\" class=\"so-panel widget widget_sow-editor panel-first-child\" data-index=\"1\" ><div\n\t\t\t\n\t\t\tclass=\"so-widget-sow-editor so-widget-sow-editor-base\"\n\t\t\t\n\t\t>\n<div class=\"siteorigin-widget-tinymce textwidget\">\n\t<h2>JOAB Anaconda Twin<\/h2>\n<p>JOAB Anaconda Twin on nykyaikaisesti muotoilu j\u00e4tepakkaaja, joka on t\u00e4ynn\u00e4 luovia ratkaisuja. Malli on JOABin takaa kuormaava 2-kammiopakkaaja talousj\u00e4tteiden, kierr\u00e4tysmateriaalien ja bioj\u00e4tteiden ker\u00e4\u00e4miseen.<\/p>\n<p>Kokovalikoima on n. 10 \u2013 18 m3. J\u00e4tepakkaajassa on kaksi erillist\u00e4 takaporttia ja jaettu s\u00e4ili\u00f6, jotta materiaalit pysyisiv\u00e4t erill\u00e4\u00e4n. Pienen omapainonsa, suuren puristusvoimansa ja nykyaikaisen tekniikkansa ansiosta laite on markkinoiden \u00e4lykk\u00e4impi\u00e4 ja tehokkaimpia vaihtoehtoja kierr\u00e4tysmateriaalin ker\u00e4\u00e4miseen, k\u00e4ytettiinp\u00e4 sitten suuria, pieni\u00e4 tai jaettuja s\u00e4ili\u00f6it\u00e4.<\/p>\n<p>Ymp\u00e4rist\u00f6n huomiointi, pienet k\u00e4ytt\u00f6- ja kunnossapitokustannukset ja k\u00e4ytt\u00e4j\u00e4yst\u00e4v\u00e4llisyys olivat keskeisi\u00e4 tavoitteita sen kehitysty\u00f6ss\u00e4. Anaconda Twinin \u00e4lykk\u00e4\u00e4t ratkaisut tekev\u00e4t siit\u00e4 ymp\u00e4rist\u00f6yst\u00e4v\u00e4llisimm\u00e4n ja taloudellisimman j\u00e4tepakkaajan. JOAB Anaconda on j\u00e4tepakkaaja yritykselle, joka suojelee ty\u00f6ntekij\u00f6it\u00e4\u00e4n ja heid\u00e4n ty\u00f6ymp\u00e4rist\u00f6\u00e4\u00e4n, v\u00e4litt\u00e4\u00e4 l\u00e4hialueen asukkaista ja maailmanlaajuisista ymp\u00e4rist\u00f6vaikutuksista, mutta haluaa samalla nykyaikaisen ja kustannustehokkaan ja korkealaatuisen ajoneuvon.<\/p>\n<p><strong>Lyhyesti<\/strong><\/p>\n<ul>\n<li>Optimoitu hydraulij\u00e4rjestelm\u00e4 \u2013 pienempi polttoaineenkulutus kuormantunnistavalla j\u00e4rjestelm\u00e4ll\u00e4.<\/li>\n<li>Alhainen melutaso \u2013 parempi ty\u00f6ymp\u00e4rist\u00f6 kuljettajalle ja l\u00e4hiymp\u00e4rist\u00f6n asukkaille.<\/li>\n<li>Voiteluvapaat laakerit vakiona \u2013 alentavat huolto- ja kunnossapitokustannuksia<\/li>\n<li>Pieni omapaino \u2013 suurempi hy\u00f6tykuorma ja parempi kokonaistalous.<\/li>\n<li>S\u00e4hk\u00f6- ja hydraulikeskus \u2013 suojattu sijainti ja helppo k\u00e4siksi p\u00e4\u00e4sy.<\/li>\n<li>Ohjausj\u00e4rjestelm\u00e4 \u2013 CAN-v\u00e4yl\u00e4 ja visuaalinen vianhaku<\/li>\n<li>Kest\u00e4v\u00e4 \u2013 k\u00e4ytetyn suurlujuusmateriaalin ansiosta.<\/li>\n<li>JOAB BAS -sopimus \u2013 saat alennuksen varaosista ja hallitset kunnossapitokustannuksiasi.<\/li>\n<\/ul>\n<\/div>\n<\/div><\/div><div id=\"panel-16357-1-0-1\" class=\"so-panel widget widget_joab-product-puffs-widget panel-last-child\" data-index=\"2\" ><div\n\t\t\t\n\t\t\tclass=\"so-widget-joab-product-puffs-widget so-widget-joab-product-puffs-widget-default-d75171398898-16357\"\n\t\t\t\n\t\t><div class=\"product-puffs-container\">\n        <div class=\"product-puff\">\n                <div class=\"puff-icon\">\n            <img loading=\"lazy\" decoding=\"async\" src=\"https:\/\/www.joab.se\/wp-content\/themes\/joab\/img\/icons\/laddaner.svg\" width=\"100\" height=\"100\" class=\"joab-icon laddaner\" \/>        <\/div>\n\n                <h3>Lataa tuotesivu (pdf)<\/h3>\n        \n                    <ul>\n                                    <li><a href=\"https:\/\/www.joab.se\/wp-content\/uploads\/2020\/09\/Anaconda-Twin-202008.pdf\"> Anaconda Twin - SV<\/a><\/li>\n                                    <li><a href=\"https:\/\/www.joab.se\/wp-content\/uploads\/2020\/09\/Anaconda-Twin-202010-ENG.pdf\"> Anaconda Twin - ENG<\/a><\/li>\n                            <\/ul>\n        \n            <\/div>\n        <div class=\"product-puff\">\n                <a href=\"https:\/\/www.joab.se\/fi\/yhteystiedot\/\">\n                <div class=\"puff-icon\">\n            <img loading=\"lazy\" decoding=\"async\" src=\"https:\/\/www.joab.se\/wp-content\/themes\/joab\/img\/icons\/faq.svg\" width=\"100\" height=\"100\" class=\"joab-icon faq\" \/>        <\/div>\n\n                <h3>Ota yhteytt\u00e4<\/h3>\n        \n        \n                <\/a>\n            <\/div>\n        <div class=\"product-puff\">\n                <a href=\"https:\/\/www.joab.se\/fi\/varaa-koeajo\/\">\n                <div class=\"puff-icon\">\n            <img loading=\"lazy\" decoding=\"async\" src=\"https:\/\/www.joab.se\/wp-content\/themes\/joab\/img\/icons\/provkorning.svg\" width=\"100\" height=\"100\" class=\"joab-icon provkorning\" \/>        <\/div>\n\n                <h3>Varaa koeajo<\/h3>\n        \n        \n                <\/a>\n            <\/div>\n        <div class=\"product-puff\">\n                <a href=\"https:\/\/www.joab.se\/fi\/tarjouspyynto\/\">\n                <div class=\"puff-icon\">\n            <img loading=\"lazy\" decoding=\"async\" src=\"https:\/\/www.joab.se\/wp-content\/themes\/joab\/img\/icons\/offert.svg\" width=\"100\" height=\"100\" class=\"joab-icon offert\" \/>        <\/div>\n\n                <h3>Pyyd\u00e4 tarjous<\/h3>\n        \n        \n                <\/a>\n            <\/div>\n    <\/div>\n\n<\/div><\/div><\/div><div id=\"pgc-16357-1-1\"  class=\"panel-grid-cell\" ><div id=\"panel-16357-1-1-0\" class=\"so-panel widget widget_joab-product-image-gallery-widget panel-first-child panel-last-child\" data-index=\"3\" ><div\n\t\t\t\n\t\t\tclass=\"so-widget-joab-product-image-gallery-widget so-widget-joab-product-image-gallery-widget-default-d75171398898-16357\"\n\t\t\t\n\t\t><div class=\"product-gallery-container\">\n    <ul class=\"lightbox-gallery\">\n                        <li><div class=\"gallery-main-video\">\n            <iframe loading=\"lazy\" width=\"100%\" height=\"100%\" src=\"https:\/\/www.youtube.com\/embed\/nR1J4abWN0w&amp;t?&autoplay=1&mute=1&controls=0&rel=0&disablekb=1&playlist=nR1J4abWN0w&amp;t&loop=1\" frameborder=\"0\" allow=\"autoplay; loop; mute; disablekb;\" allowfullscreen><\/iframe>\n            <\/div><\/li>\n                        <li><div class=\"gallery-item image-thumbnail\" data-original-src=\"https:\/\/www.joab.se\/wp-content\/uploads\/2020\/09\/rs-twin-plus-1000x710.jpg\" data-poptype=\"image\"><img loading=\"lazy\" decoding=\"async\" width=\"300\" height=\"220\" src=\"https:\/\/www.joab.se\/wp-content\/uploads\/2020\/09\/rs-twin-plus-300x220.jpg\" class=\"attachment-joab-product-thumb size-joab-product-thumb\" alt=\"\" \/><\/div><\/li>\n                        <li><div class=\"gallery-item image-thumbnail\" data-original-src=\"https:\/\/www.joab.se\/wp-content\/uploads\/2020\/09\/Hemsida-10-1000x600.jpg\" data-poptype=\"image\"><img loading=\"lazy\" decoding=\"async\" width=\"300\" height=\"220\" src=\"https:\/\/www.joab.se\/wp-content\/uploads\/2020\/09\/Hemsida-10-300x220.jpg\" class=\"attachment-joab-product-thumb size-joab-product-thumb\" alt=\"\" \/><\/div><\/li>\n                        <li><div class=\"gallery-item image-thumbnail\" data-original-src=\"https:\/\/www.joab.se\/wp-content\/uploads\/2020\/09\/Anaconda-Twin_3-1000x667.jpg\" data-poptype=\"image\"><img loading=\"lazy\" decoding=\"async\" width=\"300\" height=\"220\" src=\"https:\/\/www.joab.se\/wp-content\/uploads\/2020\/09\/Anaconda-Twin_3-300x220.jpg\" class=\"attachment-joab-product-thumb size-joab-product-thumb\" alt=\"\" \/><\/div><\/li>\n                        <li><div class=\"gallery-item image-thumbnail\" data-original-src=\"https:\/\/www.joab.se\/wp-content\/uploads\/2020\/09\/Anaconda-Twin_2-1000x683.jpg\" data-poptype=\"image\"><img loading=\"lazy\" decoding=\"async\" width=\"300\" height=\"220\" src=\"https:\/\/www.joab.se\/wp-content\/uploads\/2020\/09\/Anaconda-Twin_2-300x220.jpg\" class=\"attachment-joab-product-thumb size-joab-product-thumb\" alt=\"\" \/><\/div><\/li>\n                        <li><div class=\"gallery-item image-thumbnail\" data-original-src=\"https:\/\/www.joab.se\/wp-content\/uploads\/2020\/09\/Anaconda-Twin_1-1000x750.jpg\" data-poptype=\"image\"><img loading=\"lazy\" decoding=\"async\" width=\"300\" height=\"220\" src=\"https:\/\/www.joab.se\/wp-content\/uploads\/2020\/09\/Anaconda-Twin_1-300x220.jpg\" class=\"attachment-joab-product-thumb size-joab-product-thumb\" alt=\"\" \/><\/div><\/li>\n                        <li><div class=\"gallery-item image-thumbnail\" data-original-src=\"https:\/\/www.joab.se\/wp-content\/uploads\/2020\/09\/JOAB_Twin_sopbilsaggregat-1000x583.png\" data-poptype=\"image\"><img loading=\"lazy\" decoding=\"async\" width=\"300\" height=\"220\" src=\"https:\/\/www.joab.se\/wp-content\/uploads\/2020\/09\/JOAB_Twin_sopbilsaggregat-300x220.png\" class=\"attachment-joab-product-thumb size-joab-product-thumb\" alt=\"\" \/><\/div><\/li>\n            <\/ul>\n<\/div>\n\n<\/div><\/div><\/div><\/div><div id=\"pg-16357-2\"  class=\"panel-grid panel-no-style\" ><div id=\"pgc-16357-2-0\"  class=\"panel-grid-cell panel-grid-cell-empty\" ><\/div><\/div><\/div>","protected":false},"excerpt":{"rendered":"<p>JOAB Anaconda Twin JOAB Anaconda Twin on nykyaikaisesti muotoilu j\u00e4tepakkaaja, joka on t\u00e4ynn\u00e4 luovia ratkaisuja. Malli on JOABin takaa kuormaava 2-kammiopakkaaja talousj\u00e4tteiden, kierr\u00e4tysmateriaalien ja bioj\u00e4tteiden ker\u00e4\u00e4miseen. Kokovalikoima on n. 10 \u2013 18 m3. J\u00e4tepakkaajassa on kaksi erillist\u00e4 takaporttia ja jaettu s\u00e4ili\u00f6, jotta materiaalit pysyisiv\u00e4t erill\u00e4\u00e4n. Pienen omapainonsa, suuren puristusvoimansa ja nykyaikaisen tekniikkansa ansiosta laite on [&hellip;]<\/p>\n","protected":false},"author":2,"featured_media":27058,"parent":0,"template":"","meta":{"footnotes":""},"product_type":[4],"class_list":["post-16357","product","type-product","status-publish","has-post-thumbnail","hentry"],"yoast_head":"<!-- This site is optimized with the Yoast SEO plugin v27.4 - https:\/\/yoast.com\/product\/yoast-seo-wordpress\/ -->\n<title>JOAB Anaconda Twin - JOAB<\/title>\n<meta name=\"robots\" content=\"index, follow, max-snippet:-1, max-image-preview:large, max-video-preview:-1\" \/>\n<link rel=\"canonical\" href=\"https:\/\/www.joab.se\/fi\/tuote\/joab-anaconda-twin\/\" \/>\n<meta property=\"og:locale\" content=\"fi_FI\" \/>\n<meta property=\"og:type\" content=\"article\" \/>\n<meta property=\"og:title\" content=\"JOAB Anaconda Twin - JOAB\" \/>\n<meta property=\"og:description\" content=\"JOAB Anaconda Twin JOAB Anaconda Twin on nykyaikaisesti muotoilu j\u00e4tepakkaaja, joka on t\u00e4ynn\u00e4 luovia ratkaisuja. Malli on JOABin takaa kuormaava 2-kammiopakkaaja talousj\u00e4tteiden, kierr\u00e4tysmateriaalien ja bioj\u00e4tteiden ker\u00e4\u00e4miseen. Kokovalikoima on n. 10 \u2013 18 m3. J\u00e4tepakkaajassa on kaksi erillist\u00e4 takaporttia ja jaettu s\u00e4ili\u00f6, jotta materiaalit pysyisiv\u00e4t erill\u00e4\u00e4n. Pienen omapainonsa, suuren puristusvoimansa ja nykyaikaisen tekniikkansa ansiosta laite on [&hellip;]\" \/>\n<meta property=\"og:url\" content=\"https:\/\/www.joab.se\/fi\/tuote\/joab-anaconda-twin\/\" \/>\n<meta property=\"og:site_name\" content=\"JOAB\" \/>\n<meta property=\"article:publisher\" content=\"https:\/\/www.facebook.com\/joabsverige\/\" \/>\n<meta property=\"article:modified_time\" content=\"2024-09-26T08:59:36+00:00\" \/>\n<meta property=\"og:image\" content=\"https:\/\/www.joab.se\/wp-content\/uploads\/2020\/09\/JOAB-Twin-med-vikvagg-768x1024.png\" \/>\n\t<meta property=\"og:image:width\" content=\"768\" \/>\n\t<meta property=\"og:image:height\" content=\"1024\" \/>\n\t<meta property=\"og:image:type\" content=\"image\/png\" \/>\n<meta name=\"twitter:card\" content=\"summary_large_image\" \/>\n<meta name=\"twitter:label1\" content=\"Arvioitu lukuaika\" \/>\n\t<meta name=\"twitter:data1\" content=\"4 minuuttia\" \/>\n<script type=\"application\/ld+json\" class=\"yoast-schema-graph\">{\"@context\":\"https:\\\/\\\/schema.org\",\"@graph\":[{\"@type\":\"WebPage\",\"@id\":\"https:\\\/\\\/www.joab.se\\\/fi\\\/tuote\\\/joab-anaconda-twin\\\/\",\"url\":\"https:\\\/\\\/www.joab.se\\\/fi\\\/tuote\\\/joab-anaconda-twin\\\/\",\"name\":\"JOAB Anaconda Twin - JOAB\",\"isPartOf\":{\"@id\":\"https:\\\/\\\/www.joab.se\\\/#website\"},\"primaryImageOfPage\":{\"@id\":\"https:\\\/\\\/www.joab.se\\\/fi\\\/tuote\\\/joab-anaconda-twin\\\/#primaryimage\"},\"image\":{\"@id\":\"https:\\\/\\\/www.joab.se\\\/fi\\\/tuote\\\/joab-anaconda-twin\\\/#primaryimage\"},\"thumbnailUrl\":\"https:\\\/\\\/www.joab.se\\\/wp-content\\\/uploads\\\/2020\\\/09\\\/JOAB-Twin-med-vikvagg.png\",\"datePublished\":\"2020-09-10T07:26:38+00:00\",\"dateModified\":\"2024-09-26T08:59:36+00:00\",\"breadcrumb\":{\"@id\":\"https:\\\/\\\/www.joab.se\\\/fi\\\/tuote\\\/joab-anaconda-twin\\\/#breadcrumb\"},\"inLanguage\":\"fi\",\"potentialAction\":[{\"@type\":\"ReadAction\",\"target\":[\"https:\\\/\\\/www.joab.se\\\/fi\\\/tuote\\\/joab-anaconda-twin\\\/\"]}]},{\"@type\":\"ImageObject\",\"inLanguage\":\"fi\",\"@id\":\"https:\\\/\\\/www.joab.se\\\/fi\\\/tuote\\\/joab-anaconda-twin\\\/#primaryimage\",\"url\":\"https:\\\/\\\/www.joab.se\\\/wp-content\\\/uploads\\\/2020\\\/09\\\/JOAB-Twin-med-vikvagg.png\",\"contentUrl\":\"https:\\\/\\\/www.joab.se\\\/wp-content\\\/uploads\\\/2020\\\/09\\\/JOAB-Twin-med-vikvagg.png\",\"width\":3024,\"height\":4032},{\"@type\":\"BreadcrumbList\",\"@id\":\"https:\\\/\\\/www.joab.se\\\/fi\\\/tuote\\\/joab-anaconda-twin\\\/#breadcrumb\",\"itemListElement\":[{\"@type\":\"ListItem\",\"position\":1,\"name\":\"Etusivu\",\"item\":\"https:\\\/\\\/www.joab.se\\\/fi\\\/\"},{\"@type\":\"ListItem\",\"position\":2,\"name\":\"JOAB Anaconda Twin\"}]},{\"@type\":\"WebSite\",\"@id\":\"https:\\\/\\\/www.joab.se\\\/#website\",\"url\":\"https:\\\/\\\/www.joab.se\\\/\",\"name\":\"JOAB\",\"description\":\"En till WordPress-webbplats\",\"publisher\":{\"@id\":\"https:\\\/\\\/www.joab.se\\\/#organization\"},\"potentialAction\":[{\"@type\":\"SearchAction\",\"target\":{\"@type\":\"EntryPoint\",\"urlTemplate\":\"https:\\\/\\\/www.joab.se\\\/?s={search_term_string}\"},\"query-input\":{\"@type\":\"PropertyValueSpecification\",\"valueRequired\":true,\"valueName\":\"search_term_string\"}}],\"inLanguage\":\"fi\"},{\"@type\":\"Organization\",\"@id\":\"https:\\\/\\\/www.joab.se\\\/#organization\",\"name\":\"JOAB F\u00f6rs\u00e4ljnings AB\",\"url\":\"https:\\\/\\\/www.joab.se\\\/\",\"logo\":{\"@type\":\"ImageObject\",\"inLanguage\":\"fi\",\"@id\":\"https:\\\/\\\/www.joab.se\\\/#\\\/schema\\\/logo\\\/image\\\/\",\"url\":\"https:\\\/\\\/www.joab.se\\\/wp-content\\\/uploads\\\/2023\\\/02\\\/logo_storre.png\",\"contentUrl\":\"https:\\\/\\\/www.joab.se\\\/wp-content\\\/uploads\\\/2023\\\/02\\\/logo_storre.png\",\"width\":3100,\"height\":889,\"caption\":\"JOAB F\u00f6rs\u00e4ljnings AB\"},\"image\":{\"@id\":\"https:\\\/\\\/www.joab.se\\\/#\\\/schema\\\/logo\\\/image\\\/\"},\"sameAs\":[\"https:\\\/\\\/www.facebook.com\\\/joabsverige\\\/\",\"https:\\\/\\\/www.instagram.com\\\/joab.se\\\/?hl=sv\",\"https:\\\/\\\/www.linkedin.com\\\/company\\\/joab-ab\\\/\",\"https:\\\/\\\/www.youtube.com\\\/@joab2194\\\/featured\"]}]}<\/script>\n<!-- \/ Yoast SEO plugin. -->","yoast_head_json":{"title":"JOAB Anaconda Twin - JOAB","robots":{"index":"index","follow":"follow","max-snippet":"max-snippet:-1","max-image-preview":"max-image-preview:large","max-video-preview":"max-video-preview:-1"},"canonical":"https:\/\/www.joab.se\/fi\/tuote\/joab-anaconda-twin\/","og_locale":"fi_FI","og_type":"article","og_title":"JOAB Anaconda Twin - JOAB","og_description":"JOAB Anaconda Twin JOAB Anaconda Twin on nykyaikaisesti muotoilu j\u00e4tepakkaaja, joka on t\u00e4ynn\u00e4 luovia ratkaisuja. Malli on JOABin takaa kuormaava 2-kammiopakkaaja talousj\u00e4tteiden, kierr\u00e4tysmateriaalien ja bioj\u00e4tteiden ker\u00e4\u00e4miseen. Kokovalikoima on n. 10 \u2013 18 m3. J\u00e4tepakkaajassa on kaksi erillist\u00e4 takaporttia ja jaettu s\u00e4ili\u00f6, jotta materiaalit pysyisiv\u00e4t erill\u00e4\u00e4n. Pienen omapainonsa, suuren puristusvoimansa ja nykyaikaisen tekniikkansa ansiosta laite on [&hellip;]","og_url":"https:\/\/www.joab.se\/fi\/tuote\/joab-anaconda-twin\/","og_site_name":"JOAB","article_publisher":"https:\/\/www.facebook.com\/joabsverige\/","article_modified_time":"2024-09-26T08:59:36+00:00","og_image":[{"width":768,"height":1024,"url":"https:\/\/www.joab.se\/wp-content\/uploads\/2020\/09\/JOAB-Twin-med-vikvagg-768x1024.png","type":"image\/png"}],"twitter_card":"summary_large_image","twitter_misc":{"Arvioitu lukuaika":"4 minuuttia"},"schema":{"@context":"https:\/\/schema.org","@graph":[{"@type":"WebPage","@id":"https:\/\/www.joab.se\/fi\/tuote\/joab-anaconda-twin\/","url":"https:\/\/www.joab.se\/fi\/tuote\/joab-anaconda-twin\/","name":"JOAB Anaconda Twin - JOAB","isPartOf":{"@id":"https:\/\/www.joab.se\/#website"},"primaryImageOfPage":{"@id":"https:\/\/www.joab.se\/fi\/tuote\/joab-anaconda-twin\/#primaryimage"},"image":{"@id":"https:\/\/www.joab.se\/fi\/tuote\/joab-anaconda-twin\/#primaryimage"},"thumbnailUrl":"https:\/\/www.joab.se\/wp-content\/uploads\/2020\/09\/JOAB-Twin-med-vikvagg.png","datePublished":"2020-09-10T07:26:38+00:00","dateModified":"2024-09-26T08:59:36+00:00","breadcrumb":{"@id":"https:\/\/www.joab.se\/fi\/tuote\/joab-anaconda-twin\/#breadcrumb"},"inLanguage":"fi","potentialAction":[{"@type":"ReadAction","target":["https:\/\/www.joab.se\/fi\/tuote\/joab-anaconda-twin\/"]}]},{"@type":"ImageObject","inLanguage":"fi","@id":"https:\/\/www.joab.se\/fi\/tuote\/joab-anaconda-twin\/#primaryimage","url":"https:\/\/www.joab.se\/wp-content\/uploads\/2020\/09\/JOAB-Twin-med-vikvagg.png","contentUrl":"https:\/\/www.joab.se\/wp-content\/uploads\/2020\/09\/JOAB-Twin-med-vikvagg.png","width":3024,"height":4032},{"@type":"BreadcrumbList","@id":"https:\/\/www.joab.se\/fi\/tuote\/joab-anaconda-twin\/#breadcrumb","itemListElement":[{"@type":"ListItem","position":1,"name":"Etusivu","item":"https:\/\/www.joab.se\/fi\/"},{"@type":"ListItem","position":2,"name":"JOAB Anaconda Twin"}]},{"@type":"WebSite","@id":"https:\/\/www.joab.se\/#website","url":"https:\/\/www.joab.se\/","name":"JOAB","description":"En till WordPress-webbplats","publisher":{"@id":"https:\/\/www.joab.se\/#organization"},"potentialAction":[{"@type":"SearchAction","target":{"@type":"EntryPoint","urlTemplate":"https:\/\/www.joab.se\/?s={search_term_string}"},"query-input":{"@type":"PropertyValueSpecification","valueRequired":true,"valueName":"search_term_string"}}],"inLanguage":"fi"},{"@type":"Organization","@id":"https:\/\/www.joab.se\/#organization","name":"JOAB F\u00f6rs\u00e4ljnings AB","url":"https:\/\/www.joab.se\/","logo":{"@type":"ImageObject","inLanguage":"fi","@id":"https:\/\/www.joab.se\/#\/schema\/logo\/image\/","url":"https:\/\/www.joab.se\/wp-content\/uploads\/2023\/02\/logo_storre.png","contentUrl":"https:\/\/www.joab.se\/wp-content\/uploads\/2023\/02\/logo_storre.png","width":3100,"height":889,"caption":"JOAB F\u00f6rs\u00e4ljnings AB"},"image":{"@id":"https:\/\/www.joab.se\/#\/schema\/logo\/image\/"},"sameAs":["https:\/\/www.facebook.com\/joabsverige\/","https:\/\/www.instagram.com\/joab.se\/?hl=sv","https:\/\/www.linkedin.com\/company\/joab-ab\/","https:\/\/www.youtube.com\/@joab2194\/featured"]}]}},"_links":{"self":[{"href":"https:\/\/www.joab.se\/fi\/wp-json\/wp\/v2\/product\/16357","targetHints":{"allow":["GET"]}}],"collection":[{"href":"https:\/\/www.joab.se\/fi\/wp-json\/wp\/v2\/product"}],"about":[{"href":"https:\/\/www.joab.se\/fi\/wp-json\/wp\/v2\/types\/product"}],"author":[{"embeddable":true,"href":"https:\/\/www.joab.se\/fi\/wp-json\/wp\/v2\/users\/2"}],"version-history":[{"count":7,"href":"https:\/\/www.joab.se\/fi\/wp-json\/wp\/v2\/product\/16357\/revisions"}],"predecessor-version":[{"id":30527,"href":"https:\/\/www.joab.se\/fi\/wp-json\/wp\/v2\/product\/16357\/revisions\/30527"}],"wp:featuredmedia":[{"embeddable":true,"href":"https:\/\/www.joab.se\/fi\/wp-json\/wp\/v2\/media\/27058"}],"wp:attachment":[{"href":"https:\/\/www.joab.se\/fi\/wp-json\/wp\/v2\/media?parent=16357"}],"wp:term":[{"taxonomy":"product_type","embeddable":true,"href":"https:\/\/www.joab.se\/fi\/wp-json\/wp\/v2\/product_type?post=16357"}],"curies":[{"name":"wp","href":"https:\/\/api.w.org\/{rel}","templated":true}]}}