{"id":16339,"date":"2020-09-10T08:37:28","date_gmt":"2020-09-10T06:37:28","guid":{"rendered":"https:\/\/www.joab.se\/?post_type=product&#038;p=16339"},"modified":"2024-09-26T10:27:50","modified_gmt":"2024-09-26T08:27:50","slug":"joab-perushuolto","status":"publish","type":"product","link":"https:\/\/www.joab.se\/fi\/tuote\/joab-perushuolto\/","title":{"rendered":"JOAB Perushuolto"},"content":{"rendered":"<div id=\"pl-16339\"  class=\"panel-layout\" ><div id=\"pg-16339-0\"  class=\"panel-grid panel-no-style\" ><div id=\"pgc-16339-0-0\"  class=\"panel-grid-cell\" ><div id=\"panel-16339-0-0-0\" class=\"so-panel widget widget_joab-hero-banner-widget panel-first-child panel-last-child\" data-index=\"0\" ><div\n\t\t\t\n\t\t\tclass=\"so-widget-joab-hero-banner-widget so-widget-joab-hero-banner-widget-default-d75171398898-16339\"\n\t\t\t\n\t\t><div class=\"hero-banner-container\" style=\"background: linear-gradient( rgba(0, 0, 0, 0.5), rgba(0, 0, 0, 0.5) ), url('https:\/\/www.joab.se\/wp-content\/uploads\/2023\/08\/322A3880-Redigera-1920x1281.jpg');background-position: 50% 50%\">\n        <div class=\"hero-content\">\n      <div class=\"border-container\" style=\"max-width: 40%\">\n          <h1 style=\"font-size: 3vw\">Perushuolto<\/h1>\n      <\/div>\n    <\/div>\n<\/div>\n\n<div class=\"breadcrumbs\">\n            <p id=\"breadcrumbs\"><span><span><a href=\"https:\/\/www.joab.se\/fi\/\">Etusivu<\/a> \u00bb <span><a href=\"https:\/\/www.joab.se\/fi\/tuotteet\/\">Tuotteet<\/a> \u00bb <span><a href=\"https:\/\/www.joab.se\/fi\/tuotteet\/jatepakkaajat\/\">J\u00e4tepakkaajat<\/a> \u00bb <span class=\"breadcrumb_last\" aria-current=\"page\">JOAB Perushuolto<\/span><\/span><\/span><\/span><\/span><\/p>    <\/div>\n\n<\/div><\/div><\/div><\/div><div id=\"pg-16339-1\"  class=\"panel-grid panel-no-style\" ><div id=\"pgc-16339-1-0\"  class=\"panel-grid-cell\" ><div id=\"panel-16339-1-0-0\" class=\"so-panel widget widget_sow-editor panel-first-child\" data-index=\"1\" ><div\n\t\t\t\n\t\t\tclass=\"so-widget-sow-editor so-widget-sow-editor-base\"\n\t\t\t\n\t\t>\n<div class=\"siteorigin-widget-tinymce textwidget\">\n\t<h2>JOAB Perushuolto<\/h2>\n<p>&nbsp;<\/p>\n<p><strong>JOAB Perushuolto turvaa konekantasi<\/strong><br \/>\nJOAB Perushuolto on huoltosopimus ennaltaehk\u00e4isev\u00e4st\u00e4 kunnossapidosta. Solmimalla JOAB Perushuolto -sopimuksen hallitset paremmin konekantasi k\u00e4ytt\u00f6kustannuksia.<\/p>\n<p><strong>L\u00e4heisyys antaa turvaa<\/strong><br \/>\nLogistiikan v\u00e4hent\u00e4miseksi ja suunnittelun helpottamiseksi huolto voidaan suorittaa my\u00f6s asiakkaan tiloissa tai valtuutettujen kumppaneidemme tiloissa.<\/p>\n<p>Solmittuasi Perushuolto-sopimuksen saat 15 % alennuksen varaosista, jotka tilataan huollon yhteydess\u00e4.<\/p>\n<p>&nbsp;<\/p>\n<p>Lis\u00e4tietoja JOAB Bas-sopimuksesta antaa:<\/p>\n<p>Petri Holopainen<br \/>\n<a href=\"mailto:petri.holopainen@joab.fi\">petri.holopainen@joab.fi<\/a><br \/>\n<a href=\"tel:+358458702400\">+358 45 8702400<\/a><\/p>\n<\/div>\n<\/div><\/div><div id=\"panel-16339-1-0-1\" class=\"so-panel widget widget_joab-product-puffs-widget panel-last-child\" data-index=\"2\" ><div\n\t\t\t\n\t\t\tclass=\"so-widget-joab-product-puffs-widget so-widget-joab-product-puffs-widget-default-d75171398898-16339\"\n\t\t\t\n\t\t><div class=\"product-puffs-container\">\n    <\/div>\n\n<\/div><\/div><\/div><div id=\"pgc-16339-1-1\"  class=\"panel-grid-cell\" ><div id=\"panel-16339-1-1-0\" class=\"so-panel widget widget_joab-product-image-gallery-widget panel-first-child panel-last-child\" data-index=\"3\" ><div\n\t\t\t\n\t\t\tclass=\"so-widget-joab-product-image-gallery-widget so-widget-joab-product-image-gallery-widget-default-d75171398898-16339\"\n\t\t\t\n\t\t><div class=\"product-gallery-container\">\n    <ul class=\"lightbox-gallery\">\n                        <li><img loading=\"lazy\" decoding=\"async\" width=\"1000\" height=\"667\" src=\"https:\/\/www.joab.se\/wp-content\/uploads\/2020\/09\/DSC_9980-Edit-1000x667.jpg\" class=\"attachment-joab-product-large size-joab-product-large\" alt=\"\" data-original-src=\"https:\/\/www.joab.se\/wp-content\/uploads\/2020\/09\/DSC_9980-Edit-1000x667.jpg\" data-poptype=\"image\" srcset=\"https:\/\/www.joab.se\/wp-content\/uploads\/2020\/09\/DSC_9980-Edit-1000x667.jpg 1000w, https:\/\/www.joab.se\/wp-content\/uploads\/2020\/09\/DSC_9980-Edit-300x200.jpg 300w, https:\/\/www.joab.se\/wp-content\/uploads\/2020\/09\/DSC_9980-Edit-1024x683.jpg 1024w, https:\/\/www.joab.se\/wp-content\/uploads\/2020\/09\/DSC_9980-Edit-768x513.jpg 768w, https:\/\/www.joab.se\/wp-content\/uploads\/2020\/09\/DSC_9980-Edit-1536x1025.jpg 1536w, https:\/\/www.joab.se\/wp-content\/uploads\/2020\/09\/DSC_9980-Edit-2048x1367.jpg 2048w, https:\/\/www.joab.se\/wp-content\/uploads\/2020\/09\/DSC_9980-Edit-1920x1281.jpg 1920w, https:\/\/www.joab.se\/wp-content\/uploads\/2020\/09\/DSC_9980-Edit-600x400.jpg 600w, https:\/\/www.joab.se\/wp-content\/uploads\/2020\/09\/DSC_9980-Edit-272x182.jpg 272w\" sizes=\"auto, (max-width: 1000px) 100vw, 1000px\" \/><\/li>\n            <\/ul>\n<\/div>\n\n<\/div><\/div><\/div><\/div><div id=\"pg-16339-2\"  class=\"panel-grid panel-no-style\" ><div id=\"pgc-16339-2-0\"  class=\"panel-grid-cell panel-grid-cell-empty\" ><\/div><\/div><\/div>","protected":false},"excerpt":{"rendered":"<p>JOAB Perushuolto &nbsp; JOAB Perushuolto turvaa konekantasi JOAB Perushuolto on huoltosopimus ennaltaehk\u00e4isev\u00e4st\u00e4 kunnossapidosta. Solmimalla JOAB Perushuolto -sopimuksen hallitset paremmin konekantasi k\u00e4ytt\u00f6kustannuksia. L\u00e4heisyys antaa turvaa Logistiikan v\u00e4hent\u00e4miseksi ja suunnittelun helpottamiseksi huolto voidaan suorittaa my\u00f6s asiakkaan tiloissa tai valtuutettujen kumppaneidemme tiloissa. Solmittuasi Perushuolto-sopimuksen saat 15 % alennuksen varaosista, jotka tilataan huollon yhteydess\u00e4. &nbsp; Lis\u00e4tietoja JOAB Bas-sopimuksesta antaa: [&hellip;]<\/p>\n","protected":false},"author":2,"featured_media":17941,"parent":0,"template":"","meta":{"footnotes":""},"product_type":[4],"class_list":["post-16339","product","type-product","status-publish","has-post-thumbnail","hentry"],"yoast_head":"<!-- This site is optimized with the Yoast SEO plugin v27.4 - https:\/\/yoast.com\/product\/yoast-seo-wordpress\/ -->\n<title>JOAB Perushuolto - JOAB<\/title>\n<meta name=\"robots\" content=\"index, follow, max-snippet:-1, max-image-preview:large, max-video-preview:-1\" \/>\n<link rel=\"canonical\" href=\"https:\/\/www.joab.se\/fi\/tuote\/joab-perushuolto\/\" \/>\n<meta property=\"og:locale\" content=\"fi_FI\" \/>\n<meta property=\"og:type\" content=\"article\" \/>\n<meta property=\"og:title\" content=\"JOAB Perushuolto - JOAB\" \/>\n<meta property=\"og:description\" content=\"JOAB Perushuolto &nbsp; JOAB Perushuolto turvaa konekantasi JOAB Perushuolto on huoltosopimus ennaltaehk\u00e4isev\u00e4st\u00e4 kunnossapidosta. Solmimalla JOAB Perushuolto -sopimuksen hallitset paremmin konekantasi k\u00e4ytt\u00f6kustannuksia. L\u00e4heisyys antaa turvaa Logistiikan v\u00e4hent\u00e4miseksi ja suunnittelun helpottamiseksi huolto voidaan suorittaa my\u00f6s asiakkaan tiloissa tai valtuutettujen kumppaneidemme tiloissa. Solmittuasi Perushuolto-sopimuksen saat 15 % alennuksen varaosista, jotka tilataan huollon yhteydess\u00e4. &nbsp; Lis\u00e4tietoja JOAB Bas-sopimuksesta antaa: [&hellip;]\" \/>\n<meta property=\"og:url\" content=\"https:\/\/www.joab.se\/fi\/tuote\/joab-perushuolto\/\" \/>\n<meta property=\"og:site_name\" content=\"JOAB\" \/>\n<meta property=\"article:publisher\" content=\"https:\/\/www.facebook.com\/joabsverige\/\" \/>\n<meta property=\"article:modified_time\" content=\"2024-09-26T08:27:50+00:00\" \/>\n<meta property=\"og:image\" content=\"https:\/\/www.joab.se\/wp-content\/uploads\/2020\/09\/DSC_3280-scaled.jpg\" \/>\n\t<meta property=\"og:image:width\" content=\"2560\" \/>\n\t<meta property=\"og:image:height\" content=\"1707\" \/>\n\t<meta property=\"og:image:type\" content=\"image\/jpeg\" \/>\n<meta name=\"twitter:card\" content=\"summary_large_image\" \/>\n<meta name=\"twitter:label1\" content=\"Arvioitu lukuaika\" \/>\n\t<meta name=\"twitter:data1\" content=\"1 minuutti\" \/>\n<script type=\"application\/ld+json\" class=\"yoast-schema-graph\">{\"@context\":\"https:\\\/\\\/schema.org\",\"@graph\":[{\"@type\":\"WebPage\",\"@id\":\"https:\\\/\\\/www.joab.se\\\/fi\\\/tuote\\\/joab-perushuolto\\\/\",\"url\":\"https:\\\/\\\/www.joab.se\\\/fi\\\/tuote\\\/joab-perushuolto\\\/\",\"name\":\"JOAB Perushuolto - JOAB\",\"isPartOf\":{\"@id\":\"https:\\\/\\\/www.joab.se\\\/#website\"},\"primaryImageOfPage\":{\"@id\":\"https:\\\/\\\/www.joab.se\\\/fi\\\/tuote\\\/joab-perushuolto\\\/#primaryimage\"},\"image\":{\"@id\":\"https:\\\/\\\/www.joab.se\\\/fi\\\/tuote\\\/joab-perushuolto\\\/#primaryimage\"},\"thumbnailUrl\":\"https:\\\/\\\/www.joab.se\\\/wp-content\\\/uploads\\\/2020\\\/09\\\/DSC_3280-scaled.jpg\",\"datePublished\":\"2020-09-10T06:37:28+00:00\",\"dateModified\":\"2024-09-26T08:27:50+00:00\",\"breadcrumb\":{\"@id\":\"https:\\\/\\\/www.joab.se\\\/fi\\\/tuote\\\/joab-perushuolto\\\/#breadcrumb\"},\"inLanguage\":\"fi\",\"potentialAction\":[{\"@type\":\"ReadAction\",\"target\":[\"https:\\\/\\\/www.joab.se\\\/fi\\\/tuote\\\/joab-perushuolto\\\/\"]}]},{\"@type\":\"ImageObject\",\"inLanguage\":\"fi\",\"@id\":\"https:\\\/\\\/www.joab.se\\\/fi\\\/tuote\\\/joab-perushuolto\\\/#primaryimage\",\"url\":\"https:\\\/\\\/www.joab.se\\\/wp-content\\\/uploads\\\/2020\\\/09\\\/DSC_3280-scaled.jpg\",\"contentUrl\":\"https:\\\/\\\/www.joab.se\\\/wp-content\\\/uploads\\\/2020\\\/09\\\/DSC_3280-scaled.jpg\",\"width\":2560,\"height\":1707},{\"@type\":\"BreadcrumbList\",\"@id\":\"https:\\\/\\\/www.joab.se\\\/fi\\\/tuote\\\/joab-perushuolto\\\/#breadcrumb\",\"itemListElement\":[{\"@type\":\"ListItem\",\"position\":1,\"name\":\"Etusivu\",\"item\":\"https:\\\/\\\/www.joab.se\\\/fi\\\/\"},{\"@type\":\"ListItem\",\"position\":2,\"name\":\"JOAB Perushuolto\"}]},{\"@type\":\"WebSite\",\"@id\":\"https:\\\/\\\/www.joab.se\\\/#website\",\"url\":\"https:\\\/\\\/www.joab.se\\\/\",\"name\":\"JOAB\",\"description\":\"En till WordPress-webbplats\",\"publisher\":{\"@id\":\"https:\\\/\\\/www.joab.se\\\/#organization\"},\"potentialAction\":[{\"@type\":\"SearchAction\",\"target\":{\"@type\":\"EntryPoint\",\"urlTemplate\":\"https:\\\/\\\/www.joab.se\\\/?s={search_term_string}\"},\"query-input\":{\"@type\":\"PropertyValueSpecification\",\"valueRequired\":true,\"valueName\":\"search_term_string\"}}],\"inLanguage\":\"fi\"},{\"@type\":\"Organization\",\"@id\":\"https:\\\/\\\/www.joab.se\\\/#organization\",\"name\":\"JOAB F\u00f6rs\u00e4ljnings AB\",\"url\":\"https:\\\/\\\/www.joab.se\\\/\",\"logo\":{\"@type\":\"ImageObject\",\"inLanguage\":\"fi\",\"@id\":\"https:\\\/\\\/www.joab.se\\\/#\\\/schema\\\/logo\\\/image\\\/\",\"url\":\"https:\\\/\\\/www.joab.se\\\/wp-content\\\/uploads\\\/2023\\\/02\\\/logo_storre.png\",\"contentUrl\":\"https:\\\/\\\/www.joab.se\\\/wp-content\\\/uploads\\\/2023\\\/02\\\/logo_storre.png\",\"width\":3100,\"height\":889,\"caption\":\"JOAB F\u00f6rs\u00e4ljnings AB\"},\"image\":{\"@id\":\"https:\\\/\\\/www.joab.se\\\/#\\\/schema\\\/logo\\\/image\\\/\"},\"sameAs\":[\"https:\\\/\\\/www.facebook.com\\\/joabsverige\\\/\",\"https:\\\/\\\/www.instagram.com\\\/joab.se\\\/?hl=sv\",\"https:\\\/\\\/www.linkedin.com\\\/company\\\/joab-ab\\\/\",\"https:\\\/\\\/www.youtube.com\\\/@joab2194\\\/featured\"]}]}<\/script>\n<!-- \/ Yoast SEO plugin. -->","yoast_head_json":{"title":"JOAB Perushuolto - JOAB","robots":{"index":"index","follow":"follow","max-snippet":"max-snippet:-1","max-image-preview":"max-image-preview:large","max-video-preview":"max-video-preview:-1"},"canonical":"https:\/\/www.joab.se\/fi\/tuote\/joab-perushuolto\/","og_locale":"fi_FI","og_type":"article","og_title":"JOAB Perushuolto - JOAB","og_description":"JOAB Perushuolto &nbsp; JOAB Perushuolto turvaa konekantasi JOAB Perushuolto on huoltosopimus ennaltaehk\u00e4isev\u00e4st\u00e4 kunnossapidosta. Solmimalla JOAB Perushuolto -sopimuksen hallitset paremmin konekantasi k\u00e4ytt\u00f6kustannuksia. L\u00e4heisyys antaa turvaa Logistiikan v\u00e4hent\u00e4miseksi ja suunnittelun helpottamiseksi huolto voidaan suorittaa my\u00f6s asiakkaan tiloissa tai valtuutettujen kumppaneidemme tiloissa. Solmittuasi Perushuolto-sopimuksen saat 15 % alennuksen varaosista, jotka tilataan huollon yhteydess\u00e4. &nbsp; Lis\u00e4tietoja JOAB Bas-sopimuksesta antaa: [&hellip;]","og_url":"https:\/\/www.joab.se\/fi\/tuote\/joab-perushuolto\/","og_site_name":"JOAB","article_publisher":"https:\/\/www.facebook.com\/joabsverige\/","article_modified_time":"2024-09-26T08:27:50+00:00","og_image":[{"width":2560,"height":1707,"url":"https:\/\/www.joab.se\/wp-content\/uploads\/2020\/09\/DSC_3280-scaled.jpg","type":"image\/jpeg"}],"twitter_card":"summary_large_image","twitter_misc":{"Arvioitu lukuaika":"1 minuutti"},"schema":{"@context":"https:\/\/schema.org","@graph":[{"@type":"WebPage","@id":"https:\/\/www.joab.se\/fi\/tuote\/joab-perushuolto\/","url":"https:\/\/www.joab.se\/fi\/tuote\/joab-perushuolto\/","name":"JOAB Perushuolto - JOAB","isPartOf":{"@id":"https:\/\/www.joab.se\/#website"},"primaryImageOfPage":{"@id":"https:\/\/www.joab.se\/fi\/tuote\/joab-perushuolto\/#primaryimage"},"image":{"@id":"https:\/\/www.joab.se\/fi\/tuote\/joab-perushuolto\/#primaryimage"},"thumbnailUrl":"https:\/\/www.joab.se\/wp-content\/uploads\/2020\/09\/DSC_3280-scaled.jpg","datePublished":"2020-09-10T06:37:28+00:00","dateModified":"2024-09-26T08:27:50+00:00","breadcrumb":{"@id":"https:\/\/www.joab.se\/fi\/tuote\/joab-perushuolto\/#breadcrumb"},"inLanguage":"fi","potentialAction":[{"@type":"ReadAction","target":["https:\/\/www.joab.se\/fi\/tuote\/joab-perushuolto\/"]}]},{"@type":"ImageObject","inLanguage":"fi","@id":"https:\/\/www.joab.se\/fi\/tuote\/joab-perushuolto\/#primaryimage","url":"https:\/\/www.joab.se\/wp-content\/uploads\/2020\/09\/DSC_3280-scaled.jpg","contentUrl":"https:\/\/www.joab.se\/wp-content\/uploads\/2020\/09\/DSC_3280-scaled.jpg","width":2560,"height":1707},{"@type":"BreadcrumbList","@id":"https:\/\/www.joab.se\/fi\/tuote\/joab-perushuolto\/#breadcrumb","itemListElement":[{"@type":"ListItem","position":1,"name":"Etusivu","item":"https:\/\/www.joab.se\/fi\/"},{"@type":"ListItem","position":2,"name":"JOAB Perushuolto"}]},{"@type":"WebSite","@id":"https:\/\/www.joab.se\/#website","url":"https:\/\/www.joab.se\/","name":"JOAB","description":"En till WordPress-webbplats","publisher":{"@id":"https:\/\/www.joab.se\/#organization"},"potentialAction":[{"@type":"SearchAction","target":{"@type":"EntryPoint","urlTemplate":"https:\/\/www.joab.se\/?s={search_term_string}"},"query-input":{"@type":"PropertyValueSpecification","valueRequired":true,"valueName":"search_term_string"}}],"inLanguage":"fi"},{"@type":"Organization","@id":"https:\/\/www.joab.se\/#organization","name":"JOAB F\u00f6rs\u00e4ljnings AB","url":"https:\/\/www.joab.se\/","logo":{"@type":"ImageObject","inLanguage":"fi","@id":"https:\/\/www.joab.se\/#\/schema\/logo\/image\/","url":"https:\/\/www.joab.se\/wp-content\/uploads\/2023\/02\/logo_storre.png","contentUrl":"https:\/\/www.joab.se\/wp-content\/uploads\/2023\/02\/logo_storre.png","width":3100,"height":889,"caption":"JOAB F\u00f6rs\u00e4ljnings AB"},"image":{"@id":"https:\/\/www.joab.se\/#\/schema\/logo\/image\/"},"sameAs":["https:\/\/www.facebook.com\/joabsverige\/","https:\/\/www.instagram.com\/joab.se\/?hl=sv","https:\/\/www.linkedin.com\/company\/joab-ab\/","https:\/\/www.youtube.com\/@joab2194\/featured"]}]}},"_links":{"self":[{"href":"https:\/\/www.joab.se\/fi\/wp-json\/wp\/v2\/product\/16339","targetHints":{"allow":["GET"]}}],"collection":[{"href":"https:\/\/www.joab.se\/fi\/wp-json\/wp\/v2\/product"}],"about":[{"href":"https:\/\/www.joab.se\/fi\/wp-json\/wp\/v2\/types\/product"}],"author":[{"embeddable":true,"href":"https:\/\/www.joab.se\/fi\/wp-json\/wp\/v2\/users\/2"}],"version-history":[{"count":17,"href":"https:\/\/www.joab.se\/fi\/wp-json\/wp\/v2\/product\/16339\/revisions"}],"predecessor-version":[{"id":30511,"href":"https:\/\/www.joab.se\/fi\/wp-json\/wp\/v2\/product\/16339\/revisions\/30511"}],"wp:featuredmedia":[{"embeddable":true,"href":"https:\/\/www.joab.se\/fi\/wp-json\/wp\/v2\/media\/17941"}],"wp:attachment":[{"href":"https:\/\/www.joab.se\/fi\/wp-json\/wp\/v2\/media?parent=16339"}],"wp:term":[{"taxonomy":"product_type","embeddable":true,"href":"https:\/\/www.joab.se\/fi\/wp-json\/wp\/v2\/product_type?post=16339"}],"curies":[{"name":"wp","href":"https:\/\/api.w.org\/{rel}","templated":true}]}}