{"id":16106,"date":"2020-09-10T00:59:49","date_gmt":"2020-09-09T22:59:49","guid":{"rendered":"https:\/\/www.joab.se\/?post_type=product&#038;p=16106"},"modified":"2024-09-26T10:31:55","modified_gmt":"2024-09-26T08:31:55","slug":"nosturilavan-s","status":"publish","type":"product","link":"https:\/\/www.joab.se\/fi\/tuote\/nosturilavan-s\/","title":{"rendered":"Nosturilavan &#8211; Small"},"content":{"rendered":"<div id=\"pl-16106\"  class=\"panel-layout\" ><div id=\"pg-16106-0\"  class=\"panel-grid panel-no-style\" ><div id=\"pgc-16106-0-0\"  class=\"panel-grid-cell\" ><div id=\"panel-16106-0-0-0\" class=\"so-panel widget widget_joab-hero-banner-widget panel-first-child panel-last-child\" data-index=\"0\" ><div\n\t\t\t\n\t\t\tclass=\"so-widget-joab-hero-banner-widget so-widget-joab-hero-banner-widget-default-d75171398898-16106\"\n\t\t\t\n\t\t><div class=\"hero-banner-container\" style=\"background: linear-gradient( rgba(0, 0, 0, 0.5), rgba(0, 0, 0, 0.5) ), url('https:\/\/www.joab.se\/wp-content\/uploads\/2023\/08\/322A4179-Redigera-1920x1281.jpg');background-position: 50% 50%\">\n        <div class=\"hero-content\">\n      <div class=\"border-container\" style=\"max-width: 40%\">\n          <h1 style=\"font-size: 3vw\">Nosturilavan <\/h1>\n      <\/div>\n    <\/div>\n<\/div>\n\n<div class=\"breadcrumbs\">\n            <p id=\"breadcrumbs\"><span><span><a href=\"https:\/\/www.joab.se\/fi\/\">Etusivu<\/a> \u00bb <span><a href=\"https:\/\/www.joab.se\/fi\/tuotteet\/\">Tuotteet<\/a> \u00bb <span><a href=\"https:\/\/www.joab.se\/fi\/tuotteet\/nosturilavan\/\">Nosturilavan<\/a> \u00bb <span class=\"breadcrumb_last\" aria-current=\"page\">Nosturilavan - Small<\/span><\/span><\/span><\/span><\/span><\/p>    <\/div>\n\n<\/div><\/div><\/div><\/div><div id=\"pg-16106-1\"  class=\"panel-grid panel-no-style\" ><div id=\"pgc-16106-1-0\"  class=\"panel-grid-cell\" ><div id=\"panel-16106-1-0-0\" class=\"so-panel widget widget_sow-editor panel-first-child\" data-index=\"1\" ><div\n\t\t\t\n\t\t\tclass=\"so-widget-sow-editor so-widget-sow-editor-base\"\n\t\t\t\n\t\t>\n<div class=\"siteorigin-widget-tinymce textwidget\">\n\t<h2><strong>Nosturilavan - Small<\/strong><\/h2>\n<p>Lavan muotoilu on standardoitu vastaamaan kuljetusalan k\u00e4ytt\u00e4jien jokap\u00e4iv\u00e4isess\u00e4 el\u00e4m\u00e4ss\u00e4 kohtaamia tarpeita ja haasteita. T\u00e4m\u00e4n avulla he voivat helposti suorittaa turvallisia ja taloudellisia kuljetuksia. Lava on my\u00f6s matalarakenteinen, ja sen omapaino on alhainen parhaan talouden saavuttamiseksi ja ymp\u00e4rist\u00f6vaikutusten pienent\u00e4miseksi. Jotta k\u00e4ytt\u00e4j\u00e4t pystyisiv\u00e4t suorittamaan ty\u00f6n mahdollisimman turvallisesti, kiinte\u00e4lle lavalle on suunniteltu hyv\u00e4t kuormankiinnitysmahdollisuudet vakiomallin noin 120 valitulla kuormankiinnityskohdalla, ja se on siten sovitettu kattamaan esim. eurooppalaiset standardit EN12640.<\/p>\n<p>&nbsp;<\/p>\n<p><strong>Lyhyesti - Kiintolava S<\/strong><\/p>\n<ul>\n<li>Matala lavapinta 216 mm.<\/li>\n<li>Voidaan tilata jopa 28 tonnimetrin nosturilla.<\/li>\n<li>Kuorman sulkemiseksi parhaalla mahdollisella tavalla lavassa on rei\u00e4t pankoille, jotka on jaettu koko lavan alueelle.<\/li>\n<li>Pankot on varastoitu eturunkoon, jotta niihin p\u00e4\u00e4see tarvittaessa helposti ja ergonomisesti k\u00e4siksi.<\/li>\n<li>Jotta k\u00e4ytt\u00e4j\u00e4t voisivat suorittaa ty\u00f6n mahdollisimman turvallisesti, kiintolavaan on suunniteltu hyv\u00e4t kuormankiinnitysmahdollisuukset. Vakiomallissa on noin 120 huolellisesti valittua kuormankiinnityskohtaa.<\/li>\n<li>Hyv\u00e4t kiinnitysominaisuudet minimoivat my\u00f6s hihnojen m\u00e4\u00e4r\u00e4n ja v\u00e4hent\u00e4v\u00e4t ty\u00f6vaiheiden m\u00e4\u00e4r\u00e4\u00e4.<\/li>\n<li>Ergonominen ty\u00f6skentelyasento matalan lavakorkeuden ansiosta.<\/li>\n<li>Tikkaiden ansiosta lavan k\u00e4ytt\u00f6 on helppoa ja ergonomista.<\/li>\n<li>Suunniteltu parasta mahdollista turvallisuutta varten, seuraavat eurooppalaiset standardit t\u00e4yttyv\u00e4t: EN 12642, EN 12640, EN 12999.<\/li>\n<li>Parhaan ergonomian varmistamiseksi per\u00e4lauta on valmistettu alumiinista.<\/li>\n<li>Lava on kevyt parhaan talouden saavuttamiseksi ja ymp\u00e4rist\u00f6vaikutusten pienent\u00e4miseksi.<\/li>\n<li>Parhaan k\u00e4ytt\u00f6i\u00e4n saavuttamiseksi lavat ovat vakiona kuumasinkittyj\u00e4.<\/li>\n<li>Lavan ovi helpottaa ty\u00f6skentely\u00e4 lavan kanssa.<\/li>\n<\/ul>\n<\/div>\n<\/div><\/div><div id=\"panel-16106-1-0-1\" class=\"so-panel widget widget_joab-product-puffs-widget panel-last-child\" data-index=\"2\" ><div\n\t\t\t\n\t\t\tclass=\"so-widget-joab-product-puffs-widget so-widget-joab-product-puffs-widget-default-d75171398898-16106\"\n\t\t\t\n\t\t><div class=\"product-puffs-container\">\n        <div class=\"product-puff\">\n                <div class=\"puff-icon\">\n            <img loading=\"lazy\" decoding=\"async\" src=\"https:\/\/www.joab.se\/wp-content\/themes\/joab\/img\/icons\/laddaner.svg\" width=\"100\" height=\"100\" class=\"joab-icon laddaner\" \/>        <\/div>\n\n                <h3>Lataa tuotesivu (pdf)<\/h3>\n        \n                    <ul>\n                                    <li><a href=\"\"> Kiintolavanosturi S - FI (pdf)<\/a><\/li>\n                                    <li><a href=\"https:\/\/www.joab.se\/wp-content\/uploads\/2020\/09\/Fastflak-med-kran_produktblad-S_webb.pdf\"> Fastflak med kran S - SV (pdf)<\/a><\/li>\n                                    <li><a href=\"\"> Fixed flat bed with crane S - ENG (pdf)<\/a><\/li>\n                            <\/ul>\n        \n            <\/div>\n        <div class=\"product-puff\">\n                <a href=\"https:\/\/www.joab.se\/fi\/yhteystiedot\/\">\n                <div class=\"puff-icon\">\n            <img loading=\"lazy\" decoding=\"async\" src=\"https:\/\/www.joab.se\/wp-content\/themes\/joab\/img\/icons\/faq.svg\" width=\"100\" height=\"100\" class=\"joab-icon faq\" \/>        <\/div>\n\n                <h3>Ota yhteytt\u00e4<\/h3>\n        \n        \n                <\/a>\n            <\/div>\n        <div class=\"product-puff\">\n                <a href=\"https:\/\/www.joab.se\/fi\/varaa-koeajo\/\">\n                <div class=\"puff-icon\">\n            <img loading=\"lazy\" decoding=\"async\" src=\"https:\/\/www.joab.se\/wp-content\/themes\/joab\/img\/icons\/provkorning.svg\" width=\"100\" height=\"100\" class=\"joab-icon provkorning\" \/>        <\/div>\n\n                <h3>Varaa koeajo<\/h3>\n        \n        \n                <\/a>\n            <\/div>\n        <div class=\"product-puff\">\n                <a href=\"https:\/\/www.joab.se\/fi\/tarjouspyynto\/\">\n                <div class=\"puff-icon\">\n            <img loading=\"lazy\" decoding=\"async\" src=\"https:\/\/www.joab.se\/wp-content\/themes\/joab\/img\/icons\/offert.svg\" width=\"100\" height=\"100\" class=\"joab-icon offert\" \/>        <\/div>\n\n                <h3>Pyyd\u00e4 tarjous<\/h3>\n        \n        \n                <\/a>\n            <\/div>\n    <\/div>\n\n<\/div><\/div><\/div><div id=\"pgc-16106-1-1\"  class=\"panel-grid-cell\" ><div id=\"panel-16106-1-1-0\" class=\"so-panel widget widget_joab-product-image-gallery-widget panel-first-child panel-last-child\" data-index=\"3\" ><div\n\t\t\t\n\t\t\tclass=\"so-widget-joab-product-image-gallery-widget so-widget-joab-product-image-gallery-widget-default-d75171398898-16106\"\n\t\t\t\n\t\t><div class=\"product-gallery-container\">\n    <ul class=\"lightbox-gallery\">\n                        <li><img loading=\"lazy\" decoding=\"async\" width=\"1000\" height=\"750\" src=\"https:\/\/www.joab.se\/wp-content\/uploads\/2020\/09\/Fasta-flak-1000x750.jpg\" class=\"attachment-joab-product-large size-joab-product-large wp-post-image\" alt=\"\" data-original-src=\"https:\/\/www.joab.se\/wp-content\/uploads\/2020\/09\/Fasta-flak-1000x750.jpg\" data-poptype=\"image\" srcset=\"https:\/\/www.joab.se\/wp-content\/uploads\/2020\/09\/Fasta-flak-1000x750.jpg 1000w, https:\/\/www.joab.se\/wp-content\/uploads\/2020\/09\/Fasta-flak-300x225.jpg 300w, https:\/\/www.joab.se\/wp-content\/uploads\/2020\/09\/Fasta-flak-1024x768.jpg 1024w, https:\/\/www.joab.se\/wp-content\/uploads\/2020\/09\/Fasta-flak-768x576.jpg 768w, https:\/\/www.joab.se\/wp-content\/uploads\/2020\/09\/Fasta-flak-1536x1152.jpg 1536w, https:\/\/www.joab.se\/wp-content\/uploads\/2020\/09\/Fasta-flak-2048x1536.jpg 2048w, https:\/\/www.joab.se\/wp-content\/uploads\/2020\/09\/Fasta-flak-1920x1440.jpg 1920w\" sizes=\"auto, (max-width: 1000px) 100vw, 1000px\" \/><\/li>\n                        <li><div class=\"gallery-item image-thumbnail\" data-original-src=\"https:\/\/www.joab.se\/wp-content\/uploads\/2020\/09\/Fastflak_Scania-1000x550.jpg\" data-poptype=\"image\"><img loading=\"lazy\" decoding=\"async\" width=\"300\" height=\"220\" src=\"https:\/\/www.joab.se\/wp-content\/uploads\/2020\/09\/Fastflak_Scania-300x220.jpg\" class=\"attachment-joab-product-thumb size-joab-product-thumb\" alt=\"\" \/><\/div><\/li>\n                        <li><div class=\"gallery-item image-thumbnail\" data-original-src=\"https:\/\/www.joab.se\/wp-content\/uploads\/2020\/09\/file3-2-1000x750.jpeg\" data-poptype=\"image\"><img loading=\"lazy\" decoding=\"async\" width=\"300\" height=\"220\" src=\"https:\/\/www.joab.se\/wp-content\/uploads\/2020\/09\/file3-2-300x220.jpeg\" class=\"attachment-joab-product-thumb size-joab-product-thumb\" alt=\"\" \/><\/div><\/li>\n                        <li><div class=\"gallery-item image-thumbnail\" data-original-src=\"https:\/\/www.joab.se\/wp-content\/uploads\/2020\/09\/Overview_2-1000x777.jpg\" data-poptype=\"image\"><img loading=\"lazy\" decoding=\"async\" width=\"300\" height=\"220\" src=\"https:\/\/www.joab.se\/wp-content\/uploads\/2020\/09\/Overview_2-300x220.jpg\" class=\"attachment-joab-product-thumb size-joab-product-thumb\" alt=\"\" \/><\/div><\/li>\n                        <li><div class=\"gallery-item image-thumbnail\" data-original-src=\"https:\/\/www.joab.se\/wp-content\/uploads\/2020\/09\/Kranflak_stege-1000x1000.jpg\" data-poptype=\"image\"><img loading=\"lazy\" decoding=\"async\" width=\"300\" height=\"220\" src=\"https:\/\/www.joab.se\/wp-content\/uploads\/2020\/09\/Kranflak_stege-300x220.jpg\" class=\"attachment-joab-product-thumb size-joab-product-thumb\" alt=\"\" \/><\/div><\/li>\n                        <li><div class=\"gallery-item image-thumbnail\" data-original-src=\"https:\/\/www.joab.se\/wp-content\/uploads\/2020\/09\/Kranflak_1-1000x1000.jpg\" data-poptype=\"image\"><img loading=\"lazy\" decoding=\"async\" width=\"300\" height=\"220\" src=\"https:\/\/www.joab.se\/wp-content\/uploads\/2020\/09\/Kranflak_1-300x220.jpg\" class=\"attachment-joab-product-thumb size-joab-product-thumb\" alt=\"\" \/><\/div><\/li>\n                        <li><div class=\"gallery-item image-thumbnail\" data-original-src=\"https:\/\/www.joab.se\/wp-content\/uploads\/2020\/09\/Kranflak_2-750x1000.png\" data-poptype=\"image\"><img loading=\"lazy\" decoding=\"async\" width=\"300\" height=\"220\" src=\"https:\/\/www.joab.se\/wp-content\/uploads\/2020\/09\/Kranflak_2-300x220.png\" class=\"attachment-joab-product-thumb size-joab-product-thumb\" alt=\"\" \/><\/div><\/li>\n                        <li><div class=\"gallery-item video-thumbnail\" data-original-src=\"https:\/\/www.youtube.com\/embed\/eJh5kaQpPcA\" data-poptype=\"video\"><img decoding=\"async\" src=\"https:\/\/img.youtube.com\/vi\/eJh5kaQpPcA\/0.jpg\" alt=\"YouTube video\"  \/><\/div><\/li>\n            <\/ul>\n<\/div>\n\n<\/div><\/div><\/div><\/div><div id=\"pg-16106-2\"  class=\"panel-grid panel-no-style\" ><div id=\"pgc-16106-2-0\"  class=\"panel-grid-cell\" ><div id=\"panel-16106-2-0-0\" class=\"so-panel widget widget_joab-product-spec-widget panel-first-child panel-last-child\" data-index=\"4\" ><div\n\t\t\t\n\t\t\tclass=\"so-widget-joab-product-spec-widget so-widget-joab-product-spec-widget-default-d75171398898-16106\"\n\t\t\t\n\t\t><div class=\"product-specification-container\">\n        <h2>TUOTETIEDOT<\/h2>\n    \n    <ul class=\"product-specifications\">\n            <li><strong>Ulkomitat: <\/strong> Pituus 6625 mm<\/li>\n            <li><strong>Apurunko: <\/strong> Nosturin asennukseen<\/li>\n            <li><strong>Lavan pohja: <\/strong> 35 mm, vaneri<\/li>\n            <li><strong>Kiinnitys: <\/strong> Kiskot avoprofiilisten reunaprofiilien v\u00e4lill\u00e4<\/li>\n            <li><strong>Per\u00e4lauta: <\/strong> Korkeus 800 mm eloksoitua alumiinilevy\u00e4<\/li>\n            <li><strong>Ovi: <\/strong> 2 kpl on asennettu oikealle ja vasemmalle puolelle.<\/li>\n            <li><strong>Pankonpitimet: <\/strong> 6 pankkoa, pituus 2400 mm vaaka-asennossa eturungossa<\/li>\n            <li><strong>Eturunko: <\/strong> Korkeus: 1530 mm<\/li>\n            <li><strong>Pintak\u00e4sittely: <\/strong> Kuumasinkitty rakenne<\/li>\n        <\/ul>\n\n    <\/div>\n<\/div><\/div><\/div><\/div><div id=\"pg-16106-3\"  class=\"panel-grid panel-no-style\" ><div id=\"pgc-16106-3-0\"  class=\"panel-grid-cell\" ><div id=\"panel-16106-3-0-0\" class=\"so-panel widget widget_joab-product-function-widget panel-first-child panel-last-child\" data-index=\"5\" ><div\n\t\t\t\n\t\t\tclass=\"so-widget-joab-product-function-widget so-widget-joab-product-function-widget-default-d75171398898-16106\"\n\t\t\t\n\t\t><div class=\"product-functions-container\">\n    <h2>TOIMINNOT<\/h2>\n\n    <div class=\"product-function-list\">\n                <div class=\"product-function\">\n                        <h3>Pankkojen varastointi<\/h3>\n            <p>Pankkojen k\u00e4tev\u00e4 s\u00e4ilytyspaikka on integroitu eturunkoon, jotta ne ovat aina k\u00e4sill\u00e4 viem\u00e4tt\u00e4 tilaa lavan kuormapinnalla.<\/p>\n\n                    <\/div>\n                <div class=\"product-function\">\n                        <h3>Kiinnitysj\u00e4rjestelm\u00e4<\/h3>\n            <p>Joustava ainutlaatuinen kiinnitysj\u00e4rjestelm\u00e4, joka minimoi hihnojen ja ty\u00f6vaiheiden m\u00e4\u00e4r\u00e4n.<\/p>\n\n                    <\/div>\n                <div class=\"product-function\">\n                        <h3>Matalarakenteiset lavat<\/h3>\n            <p>Matalarakenteiset ja kevyet lavat takaavat parhaan mahdollisen ergonomian ja hy\u00f6tykuorman.<\/p>\n\n                    <\/div>\n                <div class=\"product-function\">\n                        <h3>Kuumasinkitty rakenne<\/h3>\n            <p>Korkealaatuinen kuumasinkitty rakenne suurlujuuster\u00e4ksest\u00e4.<\/p>\n\n                    <\/div>\n            <\/div>\n<\/div>\n<\/div><\/div><\/div><\/div><\/div>","protected":false},"excerpt":{"rendered":"<p>Nosturilavan &#8211; Small Lavan muotoilu on standardoitu vastaamaan kuljetusalan k\u00e4ytt\u00e4jien jokap\u00e4iv\u00e4isess\u00e4 el\u00e4m\u00e4ss\u00e4 kohtaamia tarpeita ja haasteita. T\u00e4m\u00e4n avulla he voivat helposti suorittaa turvallisia ja taloudellisia kuljetuksia. Lava on my\u00f6s matalarakenteinen, ja sen omapaino on alhainen parhaan talouden saavuttamiseksi ja ymp\u00e4rist\u00f6vaikutusten pienent\u00e4miseksi. Jotta k\u00e4ytt\u00e4j\u00e4t pystyisiv\u00e4t suorittamaan ty\u00f6n mahdollisimman turvallisesti, kiinte\u00e4lle lavalle on suunniteltu hyv\u00e4t kuormankiinnitysmahdollisuudet vakiomallin [&hellip;]<\/p>\n","protected":false},"author":2,"featured_media":10009,"parent":0,"template":"","meta":{"footnotes":""},"product_type":[19],"class_list":["post-16106","product","type-product","status-publish","has-post-thumbnail","hentry"],"yoast_head":"<!-- This site is optimized with the Yoast SEO plugin v27.4 - https:\/\/yoast.com\/product\/yoast-seo-wordpress\/ -->\n<title>Nosturilavan - Small - JOAB<\/title>\n<meta name=\"robots\" content=\"index, follow, max-snippet:-1, max-image-preview:large, max-video-preview:-1\" \/>\n<link rel=\"canonical\" href=\"https:\/\/www.joab.se\/fi\/tuote\/nosturilavan-s\/\" \/>\n<meta property=\"og:locale\" content=\"fi_FI\" \/>\n<meta property=\"og:type\" content=\"article\" \/>\n<meta property=\"og:title\" content=\"Nosturilavan - Small - JOAB\" \/>\n<meta property=\"og:description\" content=\"Nosturilavan - Small Lavan muotoilu on standardoitu vastaamaan kuljetusalan k\u00e4ytt\u00e4jien jokap\u00e4iv\u00e4isess\u00e4 el\u00e4m\u00e4ss\u00e4 kohtaamia tarpeita ja haasteita. T\u00e4m\u00e4n avulla he voivat helposti suorittaa turvallisia ja taloudellisia kuljetuksia. Lava on my\u00f6s matalarakenteinen, ja sen omapaino on alhainen parhaan talouden saavuttamiseksi ja ymp\u00e4rist\u00f6vaikutusten pienent\u00e4miseksi. Jotta k\u00e4ytt\u00e4j\u00e4t pystyisiv\u00e4t suorittamaan ty\u00f6n mahdollisimman turvallisesti, kiinte\u00e4lle lavalle on suunniteltu hyv\u00e4t kuormankiinnitysmahdollisuudet vakiomallin [&hellip;]\" \/>\n<meta property=\"og:url\" content=\"https:\/\/www.joab.se\/fi\/tuote\/nosturilavan-s\/\" \/>\n<meta property=\"og:site_name\" content=\"JOAB\" \/>\n<meta property=\"article:publisher\" content=\"https:\/\/www.facebook.com\/joabsverige\/\" \/>\n<meta property=\"article:modified_time\" content=\"2024-09-26T08:31:55+00:00\" \/>\n<meta property=\"og:image\" content=\"https:\/\/www.joab.se\/wp-content\/uploads\/2020\/09\/Fasta-flak.jpg\" \/>\n\t<meta property=\"og:image:width\" content=\"4032\" \/>\n\t<meta property=\"og:image:height\" content=\"3024\" \/>\n\t<meta property=\"og:image:type\" content=\"image\/jpeg\" \/>\n<meta name=\"twitter:card\" content=\"summary_large_image\" \/>\n<meta name=\"twitter:label1\" content=\"Arvioitu lukuaika\" \/>\n\t<meta name=\"twitter:data1\" content=\"5 minuuttia\" \/>\n<script type=\"application\/ld+json\" class=\"yoast-schema-graph\">{\"@context\":\"https:\\\/\\\/schema.org\",\"@graph\":[{\"@type\":\"WebPage\",\"@id\":\"https:\\\/\\\/www.joab.se\\\/fi\\\/tuote\\\/nosturilavan-s\\\/\",\"url\":\"https:\\\/\\\/www.joab.se\\\/fi\\\/tuote\\\/nosturilavan-s\\\/\",\"name\":\"Nosturilavan - Small - JOAB\",\"isPartOf\":{\"@id\":\"https:\\\/\\\/www.joab.se\\\/#website\"},\"primaryImageOfPage\":{\"@id\":\"https:\\\/\\\/www.joab.se\\\/fi\\\/tuote\\\/nosturilavan-s\\\/#primaryimage\"},\"image\":{\"@id\":\"https:\\\/\\\/www.joab.se\\\/fi\\\/tuote\\\/nosturilavan-s\\\/#primaryimage\"},\"thumbnailUrl\":\"https:\\\/\\\/www.joab.se\\\/wp-content\\\/uploads\\\/2020\\\/09\\\/Fasta-flak.jpg\",\"datePublished\":\"2020-09-09T22:59:49+00:00\",\"dateModified\":\"2024-09-26T08:31:55+00:00\",\"breadcrumb\":{\"@id\":\"https:\\\/\\\/www.joab.se\\\/fi\\\/tuote\\\/nosturilavan-s\\\/#breadcrumb\"},\"inLanguage\":\"fi\",\"potentialAction\":[{\"@type\":\"ReadAction\",\"target\":[\"https:\\\/\\\/www.joab.se\\\/fi\\\/tuote\\\/nosturilavan-s\\\/\"]}]},{\"@type\":\"ImageObject\",\"inLanguage\":\"fi\",\"@id\":\"https:\\\/\\\/www.joab.se\\\/fi\\\/tuote\\\/nosturilavan-s\\\/#primaryimage\",\"url\":\"https:\\\/\\\/www.joab.se\\\/wp-content\\\/uploads\\\/2020\\\/09\\\/Fasta-flak.jpg\",\"contentUrl\":\"https:\\\/\\\/www.joab.se\\\/wp-content\\\/uploads\\\/2020\\\/09\\\/Fasta-flak.jpg\",\"width\":4032,\"height\":3024},{\"@type\":\"BreadcrumbList\",\"@id\":\"https:\\\/\\\/www.joab.se\\\/fi\\\/tuote\\\/nosturilavan-s\\\/#breadcrumb\",\"itemListElement\":[{\"@type\":\"ListItem\",\"position\":1,\"name\":\"Etusivu\",\"item\":\"https:\\\/\\\/www.joab.se\\\/fi\\\/\"},{\"@type\":\"ListItem\",\"position\":2,\"name\":\"Nosturilavan &#8211; Small\"}]},{\"@type\":\"WebSite\",\"@id\":\"https:\\\/\\\/www.joab.se\\\/#website\",\"url\":\"https:\\\/\\\/www.joab.se\\\/\",\"name\":\"JOAB\",\"description\":\"En till WordPress-webbplats\",\"publisher\":{\"@id\":\"https:\\\/\\\/www.joab.se\\\/#organization\"},\"potentialAction\":[{\"@type\":\"SearchAction\",\"target\":{\"@type\":\"EntryPoint\",\"urlTemplate\":\"https:\\\/\\\/www.joab.se\\\/?s={search_term_string}\"},\"query-input\":{\"@type\":\"PropertyValueSpecification\",\"valueRequired\":true,\"valueName\":\"search_term_string\"}}],\"inLanguage\":\"fi\"},{\"@type\":\"Organization\",\"@id\":\"https:\\\/\\\/www.joab.se\\\/#organization\",\"name\":\"JOAB F\u00f6rs\u00e4ljnings AB\",\"url\":\"https:\\\/\\\/www.joab.se\\\/\",\"logo\":{\"@type\":\"ImageObject\",\"inLanguage\":\"fi\",\"@id\":\"https:\\\/\\\/www.joab.se\\\/#\\\/schema\\\/logo\\\/image\\\/\",\"url\":\"https:\\\/\\\/www.joab.se\\\/wp-content\\\/uploads\\\/2023\\\/02\\\/logo_storre.png\",\"contentUrl\":\"https:\\\/\\\/www.joab.se\\\/wp-content\\\/uploads\\\/2023\\\/02\\\/logo_storre.png\",\"width\":3100,\"height\":889,\"caption\":\"JOAB F\u00f6rs\u00e4ljnings AB\"},\"image\":{\"@id\":\"https:\\\/\\\/www.joab.se\\\/#\\\/schema\\\/logo\\\/image\\\/\"},\"sameAs\":[\"https:\\\/\\\/www.facebook.com\\\/joabsverige\\\/\",\"https:\\\/\\\/www.instagram.com\\\/joab.se\\\/?hl=sv\",\"https:\\\/\\\/www.linkedin.com\\\/company\\\/joab-ab\\\/\",\"https:\\\/\\\/www.youtube.com\\\/@joab2194\\\/featured\"]}]}<\/script>\n<!-- \/ Yoast SEO plugin. -->","yoast_head_json":{"title":"Nosturilavan - Small - JOAB","robots":{"index":"index","follow":"follow","max-snippet":"max-snippet:-1","max-image-preview":"max-image-preview:large","max-video-preview":"max-video-preview:-1"},"canonical":"https:\/\/www.joab.se\/fi\/tuote\/nosturilavan-s\/","og_locale":"fi_FI","og_type":"article","og_title":"Nosturilavan - Small - JOAB","og_description":"Nosturilavan - Small Lavan muotoilu on standardoitu vastaamaan kuljetusalan k\u00e4ytt\u00e4jien jokap\u00e4iv\u00e4isess\u00e4 el\u00e4m\u00e4ss\u00e4 kohtaamia tarpeita ja haasteita. T\u00e4m\u00e4n avulla he voivat helposti suorittaa turvallisia ja taloudellisia kuljetuksia. Lava on my\u00f6s matalarakenteinen, ja sen omapaino on alhainen parhaan talouden saavuttamiseksi ja ymp\u00e4rist\u00f6vaikutusten pienent\u00e4miseksi. Jotta k\u00e4ytt\u00e4j\u00e4t pystyisiv\u00e4t suorittamaan ty\u00f6n mahdollisimman turvallisesti, kiinte\u00e4lle lavalle on suunniteltu hyv\u00e4t kuormankiinnitysmahdollisuudet vakiomallin [&hellip;]","og_url":"https:\/\/www.joab.se\/fi\/tuote\/nosturilavan-s\/","og_site_name":"JOAB","article_publisher":"https:\/\/www.facebook.com\/joabsverige\/","article_modified_time":"2024-09-26T08:31:55+00:00","og_image":[{"width":4032,"height":3024,"url":"https:\/\/www.joab.se\/wp-content\/uploads\/2020\/09\/Fasta-flak.jpg","type":"image\/jpeg"}],"twitter_card":"summary_large_image","twitter_misc":{"Arvioitu lukuaika":"5 minuuttia"},"schema":{"@context":"https:\/\/schema.org","@graph":[{"@type":"WebPage","@id":"https:\/\/www.joab.se\/fi\/tuote\/nosturilavan-s\/","url":"https:\/\/www.joab.se\/fi\/tuote\/nosturilavan-s\/","name":"Nosturilavan - Small - JOAB","isPartOf":{"@id":"https:\/\/www.joab.se\/#website"},"primaryImageOfPage":{"@id":"https:\/\/www.joab.se\/fi\/tuote\/nosturilavan-s\/#primaryimage"},"image":{"@id":"https:\/\/www.joab.se\/fi\/tuote\/nosturilavan-s\/#primaryimage"},"thumbnailUrl":"https:\/\/www.joab.se\/wp-content\/uploads\/2020\/09\/Fasta-flak.jpg","datePublished":"2020-09-09T22:59:49+00:00","dateModified":"2024-09-26T08:31:55+00:00","breadcrumb":{"@id":"https:\/\/www.joab.se\/fi\/tuote\/nosturilavan-s\/#breadcrumb"},"inLanguage":"fi","potentialAction":[{"@type":"ReadAction","target":["https:\/\/www.joab.se\/fi\/tuote\/nosturilavan-s\/"]}]},{"@type":"ImageObject","inLanguage":"fi","@id":"https:\/\/www.joab.se\/fi\/tuote\/nosturilavan-s\/#primaryimage","url":"https:\/\/www.joab.se\/wp-content\/uploads\/2020\/09\/Fasta-flak.jpg","contentUrl":"https:\/\/www.joab.se\/wp-content\/uploads\/2020\/09\/Fasta-flak.jpg","width":4032,"height":3024},{"@type":"BreadcrumbList","@id":"https:\/\/www.joab.se\/fi\/tuote\/nosturilavan-s\/#breadcrumb","itemListElement":[{"@type":"ListItem","position":1,"name":"Etusivu","item":"https:\/\/www.joab.se\/fi\/"},{"@type":"ListItem","position":2,"name":"Nosturilavan &#8211; Small"}]},{"@type":"WebSite","@id":"https:\/\/www.joab.se\/#website","url":"https:\/\/www.joab.se\/","name":"JOAB","description":"En till WordPress-webbplats","publisher":{"@id":"https:\/\/www.joab.se\/#organization"},"potentialAction":[{"@type":"SearchAction","target":{"@type":"EntryPoint","urlTemplate":"https:\/\/www.joab.se\/?s={search_term_string}"},"query-input":{"@type":"PropertyValueSpecification","valueRequired":true,"valueName":"search_term_string"}}],"inLanguage":"fi"},{"@type":"Organization","@id":"https:\/\/www.joab.se\/#organization","name":"JOAB F\u00f6rs\u00e4ljnings AB","url":"https:\/\/www.joab.se\/","logo":{"@type":"ImageObject","inLanguage":"fi","@id":"https:\/\/www.joab.se\/#\/schema\/logo\/image\/","url":"https:\/\/www.joab.se\/wp-content\/uploads\/2023\/02\/logo_storre.png","contentUrl":"https:\/\/www.joab.se\/wp-content\/uploads\/2023\/02\/logo_storre.png","width":3100,"height":889,"caption":"JOAB F\u00f6rs\u00e4ljnings AB"},"image":{"@id":"https:\/\/www.joab.se\/#\/schema\/logo\/image\/"},"sameAs":["https:\/\/www.facebook.com\/joabsverige\/","https:\/\/www.instagram.com\/joab.se\/?hl=sv","https:\/\/www.linkedin.com\/company\/joab-ab\/","https:\/\/www.youtube.com\/@joab2194\/featured"]}]}},"_links":{"self":[{"href":"https:\/\/www.joab.se\/fi\/wp-json\/wp\/v2\/product\/16106","targetHints":{"allow":["GET"]}}],"collection":[{"href":"https:\/\/www.joab.se\/fi\/wp-json\/wp\/v2\/product"}],"about":[{"href":"https:\/\/www.joab.se\/fi\/wp-json\/wp\/v2\/types\/product"}],"author":[{"embeddable":true,"href":"https:\/\/www.joab.se\/fi\/wp-json\/wp\/v2\/users\/2"}],"version-history":[{"count":26,"href":"https:\/\/www.joab.se\/fi\/wp-json\/wp\/v2\/product\/16106\/revisions"}],"predecessor-version":[{"id":30513,"href":"https:\/\/www.joab.se\/fi\/wp-json\/wp\/v2\/product\/16106\/revisions\/30513"}],"wp:featuredmedia":[{"embeddable":true,"href":"https:\/\/www.joab.se\/fi\/wp-json\/wp\/v2\/media\/10009"}],"wp:attachment":[{"href":"https:\/\/www.joab.se\/fi\/wp-json\/wp\/v2\/media?parent=16106"}],"wp:term":[{"taxonomy":"product_type","embeddable":true,"href":"https:\/\/www.joab.se\/fi\/wp-json\/wp\/v2\/product_type?post=16106"}],"curies":[{"name":"wp","href":"https:\/\/api.w.org\/{rel}","templated":true}]}}