{"id":16087,"date":"2020-09-10T01:10:27","date_gmt":"2020-09-09T23:10:27","guid":{"rendered":"https:\/\/www.joab.se\/?post_type=product&#038;p=16087"},"modified":"2025-09-11T13:24:04","modified_gmt":"2025-09-11T11:24:04","slug":"cameleont","status":"publish","type":"product","link":"https:\/\/www.joab.se\/fi\/tuote\/cameleont\/","title":{"rendered":"Cameleont"},"content":{"rendered":"<div id=\"pl-16087\"  class=\"panel-layout\" ><div id=\"pg-16087-0\"  class=\"panel-grid panel-no-style\" ><div id=\"pgc-16087-0-0\"  class=\"panel-grid-cell\" ><div id=\"panel-16087-0-0-0\" class=\"so-panel widget widget_joab-hero-banner-widget panel-first-child panel-last-child\" data-index=\"0\" ><div\n\t\t\t\n\t\t\tclass=\"so-widget-joab-hero-banner-widget so-widget-joab-hero-banner-widget-default-d75171398898-16087\"\n\t\t\t\n\t\t><div class=\"hero-banner-container\" style=\"background: linear-gradient( rgba(0, 0, 0, 0.5), rgba(0, 0, 0, 0.5) ), url('https:\/\/www.joab.se\/wp-content\/uploads\/2020\/09\/Cameleont_Skiftessystem_JOAB2-1920x1440.jpg');background-position: 50% 50%\">\n        <div class=\"hero-content\">\n      <div class=\"border-container\" style=\"max-width: 40%\">\n          <h1 style=\"font-size: 3vw\">Cameleont <\/h1>\n      <\/div>\n    <\/div>\n<\/div>\n\n<div class=\"breadcrumbs\">\n            <p id=\"breadcrumbs\"><span><span><a href=\"https:\/\/www.joab.se\/fi\/\">Etusivu<\/a> \u00bb <span><a href=\"https:\/\/www.joab.se\/fi\/tuotteet\/\">Tuotteet<\/a> \u00bb <span><a href=\"https:\/\/www.joab.se\/fi\/tuotteet\/vaihtojarjestelma-skiftessystem\/\">Vaihtoj\u00e4rjestelm\u00e4<\/a> \u00bb <span class=\"breadcrumb_last\" aria-current=\"page\">Cameleont<\/span><\/span><\/span><\/span><\/span><\/p>    <\/div>\n\n<\/div><\/div><\/div><\/div><div id=\"pg-16087-1\"  class=\"panel-grid panel-no-style\" ><div id=\"pgc-16087-1-0\"  class=\"panel-grid-cell\" ><div id=\"panel-16087-1-0-0\" class=\"so-panel widget widget_sow-editor panel-first-child\" data-index=\"1\" ><div\n\t\t\t\n\t\t\tclass=\"so-widget-sow-editor so-widget-sow-editor-base\"\n\t\t\t\n\t\t>\n<div class=\"siteorigin-widget-tinymce textwidget\">\n\t<h2>CAMELEONT<\/h2>\n<p>Cameleont on innovatiivinen ja nopea vaihtoj\u00e4rjestelm\u00e4mme, joka luo t\u00e4ysin uusia mahdollisuuksia pitk\u00e4aikaiseen investointiin.<\/p>\n<p>Vaihtoj\u00e4rjestelm\u00e4mme ei ole vain \u00e4lyk\u00e4s ja joustava, vaan my\u00f6s helppok\u00e4ytt\u00f6inen ja suunniteltu yrityksille, joilla ei ole samaa teht\u00e4v\u00e4\u00e4 ajoneuvoilleen ymp\u00e4ri vuoden. K\u00e4ytt\u00e4m\u00e4ll\u00e4 JOABin Cameleont-j\u00e4rjestelm\u00e4\u00e4 voit helposti vaihtaa p\u00e4\u00e4llirakennetta tarpeidesi mukaan, kaikki samalla kuorma-auton alustalla, alle 5 minuutissa. T\u00e4m\u00e4 lis\u00e4\u00e4 k\u00e4ytt\u00f6astetta ja siten yrityksesi kannattavuutta.<\/p>\n<p>V\u00e4lirunkomme on markkinoiden matalin, vain 60 mm:n rakennuskorkeudella. Se sopii t\u00e4ydellisesti riippumatta alustan valmistajasta ja mallista. Cameleontin avulla on helpompaa kuin koskaan mukauttaa kuorma-autosi tarpeidesi mukaan. Mit\u00e4 haluat ajaa t\u00e4n\u00e4\u00e4n? JOAB Cameleont tekee sen mahdolliseksi.<\/p>\n<p>&nbsp;<\/p>\n<p><strong>Lyhyesti<\/strong><\/p>\n<ul>\n<li>Nopea vaihto, sovitettu asiakkaasi kuljetustarpeisiin.<\/li>\n<li>Sovitettu 2-, 3- ja 4-akselisille alustoille.<\/li>\n<li>Vaihda p\u00e4\u00e4llirakenne alle 5 minuutissa.<\/li>\n<li>Sovitettu sek\u00e4 ilma- ja lehtijousitukselle.<\/li>\n<li>Pieni rakennekorkeus, vain 60 mm.<\/li>\n<li>Hyv\u00e4ksytty k\u00e4\u00e4nt\u00f6p\u00f6yt\u00e4rungolle.<\/li>\n<li>Voidaan sovittaa jopa 29\u00a0 tonnimetrin nosturilavoille.<\/li>\n<li>Tarjoaa sinulle monivuotisen, kannattavan omistajuuden.<\/li>\n<\/ul>\n<p>&nbsp;<\/p>\n<p>Olemme aina asettaneet etusijalle tuotteidemme turvallisuuden ja helppok\u00e4ytt\u00f6isyyden. Rakenteessa on monia yksityiskohtia ja komponentteja, jotka parantavat kuljettajan turvallisuutta ja helpottavat k\u00e4sittely\u00e4.<\/p>\n<p>&nbsp;<\/p>\n<p>&nbsp;<\/p>\n<\/div>\n<\/div><\/div><div id=\"panel-16087-1-0-1\" class=\"so-panel widget widget_joab-product-puffs-widget panel-last-child\" data-index=\"2\" ><div\n\t\t\t\n\t\t\tclass=\"so-widget-joab-product-puffs-widget so-widget-joab-product-puffs-widget-default-d75171398898-16087\"\n\t\t\t\n\t\t><div class=\"product-puffs-container\">\n        <div class=\"product-puff\">\n                <div class=\"puff-icon\">\n            <img loading=\"lazy\" decoding=\"async\" src=\"https:\/\/www.joab.se\/wp-content\/themes\/joab\/img\/icons\/laddaner.svg\" width=\"100\" height=\"100\" class=\"joab-icon laddaner\" \/>        <\/div>\n\n                <h3>Lataa tuotesivu (pdf)<\/h3>\n        \n                    <ul>\n                                    <li><a href=\"https:\/\/www.joab.se\/wp-content\/uploads\/2020\/09\/Cameleont-202101-FI_webb.pdf\"> Cameleont FI (pdf)<\/a><\/li>\n                                    <li><a href=\"https:\/\/www.joab.se\/wp-content\/uploads\/2020\/09\/Cameleont-202009_.pdf\"> Cameleont SV (pdf)<\/a><\/li>\n                                    <li><a href=\"https:\/\/www.joab.se\/wp-content\/uploads\/2020\/09\/Cameleont-202010-ENG_webb.pdf\"> Cameleont ENG (pdf)<\/a><\/li>\n                            <\/ul>\n        \n            <\/div>\n        <div class=\"product-puff\">\n                <a href=\"https:\/\/www.joab.se\/fi\/yhteystiedot\/\">\n                <div class=\"puff-icon\">\n            <img loading=\"lazy\" decoding=\"async\" src=\"https:\/\/www.joab.se\/wp-content\/themes\/joab\/img\/icons\/faq.svg\" width=\"100\" height=\"100\" class=\"joab-icon faq\" \/>        <\/div>\n\n                <h3>Ota yhteytt\u00e4<\/h3>\n        \n        \n                <\/a>\n            <\/div>\n        <div class=\"product-puff\">\n                <a href=\"https:\/\/www.joab.se\/fi\/varaa-koeajo\/\">\n                <div class=\"puff-icon\">\n            <img loading=\"lazy\" decoding=\"async\" src=\"https:\/\/www.joab.se\/wp-content\/themes\/joab\/img\/icons\/provkorning.svg\" width=\"100\" height=\"100\" class=\"joab-icon provkorning\" \/>        <\/div>\n\n                <h3>Varaa koeajo<\/h3>\n        \n        \n                <\/a>\n            <\/div>\n        <div class=\"product-puff\">\n                <a href=\"https:\/\/www.joab.se\/fi\/tarjouspyynto\/\">\n                <div class=\"puff-icon\">\n            <img loading=\"lazy\" decoding=\"async\" src=\"https:\/\/www.joab.se\/wp-content\/themes\/joab\/img\/icons\/offert.svg\" width=\"100\" height=\"100\" class=\"joab-icon offert\" \/>        <\/div>\n\n                <h3>Pyyd\u00e4 tarjous<\/h3>\n        \n        \n                <\/a>\n            <\/div>\n    <\/div>\n\n<\/div><\/div><\/div><div id=\"pgc-16087-1-1\"  class=\"panel-grid-cell\" ><div id=\"panel-16087-1-1-0\" class=\"so-panel widget widget_joab-product-image-gallery-widget panel-first-child panel-last-child\" data-index=\"3\" ><div\n\t\t\t\n\t\t\tclass=\"so-widget-joab-product-image-gallery-widget so-widget-joab-product-image-gallery-widget-default-d75171398898-16087\"\n\t\t\t\n\t\t><div class=\"product-gallery-container\">\n    <ul class=\"lightbox-gallery\">\n                        <li><div class=\"gallery-main-video\">\n            <iframe loading=\"lazy\" width=\"100%\" height=\"100%\" src=\"https:\/\/www.youtube.com\/embed\/I6zA9k_GraI?&autoplay=1&mute=1&controls=0&rel=0&disablekb=1&playlist=I6zA9k_GraI&loop=1\" frameborder=\"0\" allow=\"autoplay; loop; mute; disablekb;\" allowfullscreen><\/iframe>\n            <\/div><\/li>\n                        <li><div class=\"gallery-item image-thumbnail\" data-original-src=\"https:\/\/www.joab.se\/wp-content\/uploads\/2020\/09\/Cameleontram.jpg\" data-poptype=\"image\"><img loading=\"lazy\" decoding=\"async\" width=\"300\" height=\"220\" src=\"https:\/\/www.joab.se\/wp-content\/uploads\/2020\/09\/Cameleontram-300x220.jpg\" class=\"attachment-joab-product-thumb size-joab-product-thumb\" alt=\"\" \/><\/div><\/li>\n                        <li><div class=\"gallery-item image-thumbnail\" data-original-src=\"https:\/\/www.joab.se\/wp-content\/uploads\/2025\/03\/Cameleont-Skiftessystem-1000x750.jpg\" data-poptype=\"image\"><img loading=\"lazy\" decoding=\"async\" width=\"300\" height=\"220\" src=\"https:\/\/www.joab.se\/wp-content\/uploads\/2025\/03\/Cameleont-Skiftessystem-300x220.jpg\" class=\"attachment-joab-product-thumb size-joab-product-thumb\" alt=\"Skiftessystem Cameleont JOAB\" \/><\/div><\/li>\n                        <li><div class=\"gallery-item image-thumbnail\" data-original-src=\"https:\/\/www.joab.se\/wp-content\/uploads\/2020\/09\/Anaconda-HD-pa-Cameleont-1000x750.jpg\" data-poptype=\"image\"><img loading=\"lazy\" decoding=\"async\" width=\"300\" height=\"220\" src=\"https:\/\/www.joab.se\/wp-content\/uploads\/2020\/09\/Anaconda-HD-pa-Cameleont-300x220.jpg\" class=\"attachment-joab-product-thumb size-joab-product-thumb\" alt=\"\" \/><\/div><\/li>\n                        <li><div class=\"gallery-item image-thumbnail\" data-original-src=\"https:\/\/www.joab.se\/wp-content\/uploads\/2020\/09\/Cameleontbilder_los-1000x579.jpg\" data-poptype=\"image\"><img loading=\"lazy\" decoding=\"async\" width=\"300\" height=\"220\" src=\"https:\/\/www.joab.se\/wp-content\/uploads\/2020\/09\/Cameleontbilder_los-300x220.jpg\" class=\"attachment-joab-product-thumb size-joab-product-thumb\" alt=\"\" \/><\/div><\/li>\n            <\/ul>\n<\/div>\n\n<\/div><\/div><\/div><\/div><div id=\"pg-16087-2\"  class=\"panel-grid panel-no-style\" ><div id=\"pgc-16087-2-0\"  class=\"panel-grid-cell panel-grid-cell-empty\" ><\/div><\/div><\/div>","protected":false},"excerpt":{"rendered":"<p>CAMELEONT Cameleont on innovatiivinen ja nopea vaihtoj\u00e4rjestelm\u00e4mme, joka luo t\u00e4ysin uusia mahdollisuuksia pitk\u00e4aikaiseen investointiin. Vaihtoj\u00e4rjestelm\u00e4mme ei ole vain \u00e4lyk\u00e4s ja joustava, vaan my\u00f6s helppok\u00e4ytt\u00f6inen ja suunniteltu yrityksille, joilla ei ole samaa teht\u00e4v\u00e4\u00e4 ajoneuvoilleen ymp\u00e4ri vuoden. K\u00e4ytt\u00e4m\u00e4ll\u00e4 JOABin Cameleont-j\u00e4rjestelm\u00e4\u00e4 voit helposti vaihtaa p\u00e4\u00e4llirakennetta tarpeidesi mukaan, kaikki samalla kuorma-auton alustalla, alle 5 minuutissa. T\u00e4m\u00e4 lis\u00e4\u00e4 k\u00e4ytt\u00f6astetta ja [&hellip;]<\/p>\n","protected":false},"author":2,"featured_media":31908,"parent":0,"template":"","meta":{"footnotes":""},"product_type":[20],"class_list":["post-16087","product","type-product","status-publish","has-post-thumbnail","hentry"],"yoast_head":"<!-- This site is optimized with the Yoast SEO plugin v27.4 - https:\/\/yoast.com\/product\/yoast-seo-wordpress\/ -->\n<title>Cameleont - JOAB<\/title>\n<meta name=\"robots\" content=\"index, follow, max-snippet:-1, max-image-preview:large, max-video-preview:-1\" \/>\n<link rel=\"canonical\" href=\"https:\/\/www.joab.se\/fi\/tuote\/cameleont\/\" \/>\n<meta property=\"og:locale\" content=\"fi_FI\" \/>\n<meta property=\"og:type\" content=\"article\" \/>\n<meta property=\"og:title\" content=\"Cameleont - JOAB\" \/>\n<meta property=\"og:description\" content=\"CAMELEONT Cameleont on innovatiivinen ja nopea vaihtoj\u00e4rjestelm\u00e4mme, joka luo t\u00e4ysin uusia mahdollisuuksia pitk\u00e4aikaiseen investointiin. Vaihtoj\u00e4rjestelm\u00e4mme ei ole vain \u00e4lyk\u00e4s ja joustava, vaan my\u00f6s helppok\u00e4ytt\u00f6inen ja suunniteltu yrityksille, joilla ei ole samaa teht\u00e4v\u00e4\u00e4 ajoneuvoilleen ymp\u00e4ri vuoden. K\u00e4ytt\u00e4m\u00e4ll\u00e4 JOABin Cameleont-j\u00e4rjestelm\u00e4\u00e4 voit helposti vaihtaa p\u00e4\u00e4llirakennetta tarpeidesi mukaan, kaikki samalla kuorma-auton alustalla, alle 5 minuutissa. T\u00e4m\u00e4 lis\u00e4\u00e4 k\u00e4ytt\u00f6astetta ja [&hellip;]\" \/>\n<meta property=\"og:url\" content=\"https:\/\/www.joab.se\/fi\/tuote\/cameleont\/\" \/>\n<meta property=\"og:site_name\" content=\"JOAB\" \/>\n<meta property=\"article:publisher\" content=\"https:\/\/www.facebook.com\/joabsverige\/\" \/>\n<meta property=\"article:modified_time\" content=\"2025-09-11T11:24:04+00:00\" \/>\n<meta property=\"og:image\" content=\"https:\/\/www.joab.se\/wp-content\/uploads\/2025\/03\/Cameleont-Skiftessystem-scaled.jpg\" \/>\n\t<meta property=\"og:image:width\" content=\"2560\" \/>\n\t<meta property=\"og:image:height\" content=\"1920\" \/>\n\t<meta property=\"og:image:type\" content=\"image\/jpeg\" \/>\n<meta name=\"twitter:card\" content=\"summary_large_image\" \/>\n<meta name=\"twitter:label1\" content=\"Arvioitu lukuaika\" \/>\n\t<meta name=\"twitter:data1\" content=\"3 minuuttia\" \/>\n<script type=\"application\/ld+json\" class=\"yoast-schema-graph\">{\"@context\":\"https:\\\/\\\/schema.org\",\"@graph\":[{\"@type\":\"WebPage\",\"@id\":\"https:\\\/\\\/www.joab.se\\\/fi\\\/tuote\\\/cameleont\\\/\",\"url\":\"https:\\\/\\\/www.joab.se\\\/fi\\\/tuote\\\/cameleont\\\/\",\"name\":\"Cameleont - JOAB\",\"isPartOf\":{\"@id\":\"https:\\\/\\\/www.joab.se\\\/#website\"},\"primaryImageOfPage\":{\"@id\":\"https:\\\/\\\/www.joab.se\\\/fi\\\/tuote\\\/cameleont\\\/#primaryimage\"},\"image\":{\"@id\":\"https:\\\/\\\/www.joab.se\\\/fi\\\/tuote\\\/cameleont\\\/#primaryimage\"},\"thumbnailUrl\":\"https:\\\/\\\/www.joab.se\\\/wp-content\\\/uploads\\\/2025\\\/03\\\/Cameleont-Skiftessystem-scaled.jpg\",\"datePublished\":\"2020-09-09T23:10:27+00:00\",\"dateModified\":\"2025-09-11T11:24:04+00:00\",\"breadcrumb\":{\"@id\":\"https:\\\/\\\/www.joab.se\\\/fi\\\/tuote\\\/cameleont\\\/#breadcrumb\"},\"inLanguage\":\"fi\",\"potentialAction\":[{\"@type\":\"ReadAction\",\"target\":[\"https:\\\/\\\/www.joab.se\\\/fi\\\/tuote\\\/cameleont\\\/\"]}]},{\"@type\":\"ImageObject\",\"inLanguage\":\"fi\",\"@id\":\"https:\\\/\\\/www.joab.se\\\/fi\\\/tuote\\\/cameleont\\\/#primaryimage\",\"url\":\"https:\\\/\\\/www.joab.se\\\/wp-content\\\/uploads\\\/2025\\\/03\\\/Cameleont-Skiftessystem-scaled.jpg\",\"contentUrl\":\"https:\\\/\\\/www.joab.se\\\/wp-content\\\/uploads\\\/2025\\\/03\\\/Cameleont-Skiftessystem-scaled.jpg\",\"width\":2560,\"height\":1920,\"caption\":\"Skiftessystem Cameleont JOAB\"},{\"@type\":\"BreadcrumbList\",\"@id\":\"https:\\\/\\\/www.joab.se\\\/fi\\\/tuote\\\/cameleont\\\/#breadcrumb\",\"itemListElement\":[{\"@type\":\"ListItem\",\"position\":1,\"name\":\"Etusivu\",\"item\":\"https:\\\/\\\/www.joab.se\\\/fi\\\/\"},{\"@type\":\"ListItem\",\"position\":2,\"name\":\"Cameleont\"}]},{\"@type\":\"WebSite\",\"@id\":\"https:\\\/\\\/www.joab.se\\\/#website\",\"url\":\"https:\\\/\\\/www.joab.se\\\/\",\"name\":\"JOAB\",\"description\":\"En till WordPress-webbplats\",\"publisher\":{\"@id\":\"https:\\\/\\\/www.joab.se\\\/#organization\"},\"potentialAction\":[{\"@type\":\"SearchAction\",\"target\":{\"@type\":\"EntryPoint\",\"urlTemplate\":\"https:\\\/\\\/www.joab.se\\\/?s={search_term_string}\"},\"query-input\":{\"@type\":\"PropertyValueSpecification\",\"valueRequired\":true,\"valueName\":\"search_term_string\"}}],\"inLanguage\":\"fi\"},{\"@type\":\"Organization\",\"@id\":\"https:\\\/\\\/www.joab.se\\\/#organization\",\"name\":\"JOAB F\u00f6rs\u00e4ljnings AB\",\"url\":\"https:\\\/\\\/www.joab.se\\\/\",\"logo\":{\"@type\":\"ImageObject\",\"inLanguage\":\"fi\",\"@id\":\"https:\\\/\\\/www.joab.se\\\/#\\\/schema\\\/logo\\\/image\\\/\",\"url\":\"https:\\\/\\\/www.joab.se\\\/wp-content\\\/uploads\\\/2023\\\/02\\\/logo_storre.png\",\"contentUrl\":\"https:\\\/\\\/www.joab.se\\\/wp-content\\\/uploads\\\/2023\\\/02\\\/logo_storre.png\",\"width\":3100,\"height\":889,\"caption\":\"JOAB F\u00f6rs\u00e4ljnings AB\"},\"image\":{\"@id\":\"https:\\\/\\\/www.joab.se\\\/#\\\/schema\\\/logo\\\/image\\\/\"},\"sameAs\":[\"https:\\\/\\\/www.facebook.com\\\/joabsverige\\\/\",\"https:\\\/\\\/www.instagram.com\\\/joab.se\\\/?hl=sv\",\"https:\\\/\\\/www.linkedin.com\\\/company\\\/joab-ab\\\/\",\"https:\\\/\\\/www.youtube.com\\\/@joab2194\\\/featured\"]}]}<\/script>\n<!-- \/ Yoast SEO plugin. -->","yoast_head_json":{"title":"Cameleont - JOAB","robots":{"index":"index","follow":"follow","max-snippet":"max-snippet:-1","max-image-preview":"max-image-preview:large","max-video-preview":"max-video-preview:-1"},"canonical":"https:\/\/www.joab.se\/fi\/tuote\/cameleont\/","og_locale":"fi_FI","og_type":"article","og_title":"Cameleont - JOAB","og_description":"CAMELEONT Cameleont on innovatiivinen ja nopea vaihtoj\u00e4rjestelm\u00e4mme, joka luo t\u00e4ysin uusia mahdollisuuksia pitk\u00e4aikaiseen investointiin. Vaihtoj\u00e4rjestelm\u00e4mme ei ole vain \u00e4lyk\u00e4s ja joustava, vaan my\u00f6s helppok\u00e4ytt\u00f6inen ja suunniteltu yrityksille, joilla ei ole samaa teht\u00e4v\u00e4\u00e4 ajoneuvoilleen ymp\u00e4ri vuoden. K\u00e4ytt\u00e4m\u00e4ll\u00e4 JOABin Cameleont-j\u00e4rjestelm\u00e4\u00e4 voit helposti vaihtaa p\u00e4\u00e4llirakennetta tarpeidesi mukaan, kaikki samalla kuorma-auton alustalla, alle 5 minuutissa. T\u00e4m\u00e4 lis\u00e4\u00e4 k\u00e4ytt\u00f6astetta ja [&hellip;]","og_url":"https:\/\/www.joab.se\/fi\/tuote\/cameleont\/","og_site_name":"JOAB","article_publisher":"https:\/\/www.facebook.com\/joabsverige\/","article_modified_time":"2025-09-11T11:24:04+00:00","og_image":[{"width":2560,"height":1920,"url":"https:\/\/www.joab.se\/wp-content\/uploads\/2025\/03\/Cameleont-Skiftessystem-scaled.jpg","type":"image\/jpeg"}],"twitter_card":"summary_large_image","twitter_misc":{"Arvioitu lukuaika":"3 minuuttia"},"schema":{"@context":"https:\/\/schema.org","@graph":[{"@type":"WebPage","@id":"https:\/\/www.joab.se\/fi\/tuote\/cameleont\/","url":"https:\/\/www.joab.se\/fi\/tuote\/cameleont\/","name":"Cameleont - JOAB","isPartOf":{"@id":"https:\/\/www.joab.se\/#website"},"primaryImageOfPage":{"@id":"https:\/\/www.joab.se\/fi\/tuote\/cameleont\/#primaryimage"},"image":{"@id":"https:\/\/www.joab.se\/fi\/tuote\/cameleont\/#primaryimage"},"thumbnailUrl":"https:\/\/www.joab.se\/wp-content\/uploads\/2025\/03\/Cameleont-Skiftessystem-scaled.jpg","datePublished":"2020-09-09T23:10:27+00:00","dateModified":"2025-09-11T11:24:04+00:00","breadcrumb":{"@id":"https:\/\/www.joab.se\/fi\/tuote\/cameleont\/#breadcrumb"},"inLanguage":"fi","potentialAction":[{"@type":"ReadAction","target":["https:\/\/www.joab.se\/fi\/tuote\/cameleont\/"]}]},{"@type":"ImageObject","inLanguage":"fi","@id":"https:\/\/www.joab.se\/fi\/tuote\/cameleont\/#primaryimage","url":"https:\/\/www.joab.se\/wp-content\/uploads\/2025\/03\/Cameleont-Skiftessystem-scaled.jpg","contentUrl":"https:\/\/www.joab.se\/wp-content\/uploads\/2025\/03\/Cameleont-Skiftessystem-scaled.jpg","width":2560,"height":1920,"caption":"Skiftessystem Cameleont JOAB"},{"@type":"BreadcrumbList","@id":"https:\/\/www.joab.se\/fi\/tuote\/cameleont\/#breadcrumb","itemListElement":[{"@type":"ListItem","position":1,"name":"Etusivu","item":"https:\/\/www.joab.se\/fi\/"},{"@type":"ListItem","position":2,"name":"Cameleont"}]},{"@type":"WebSite","@id":"https:\/\/www.joab.se\/#website","url":"https:\/\/www.joab.se\/","name":"JOAB","description":"En till WordPress-webbplats","publisher":{"@id":"https:\/\/www.joab.se\/#organization"},"potentialAction":[{"@type":"SearchAction","target":{"@type":"EntryPoint","urlTemplate":"https:\/\/www.joab.se\/?s={search_term_string}"},"query-input":{"@type":"PropertyValueSpecification","valueRequired":true,"valueName":"search_term_string"}}],"inLanguage":"fi"},{"@type":"Organization","@id":"https:\/\/www.joab.se\/#organization","name":"JOAB F\u00f6rs\u00e4ljnings AB","url":"https:\/\/www.joab.se\/","logo":{"@type":"ImageObject","inLanguage":"fi","@id":"https:\/\/www.joab.se\/#\/schema\/logo\/image\/","url":"https:\/\/www.joab.se\/wp-content\/uploads\/2023\/02\/logo_storre.png","contentUrl":"https:\/\/www.joab.se\/wp-content\/uploads\/2023\/02\/logo_storre.png","width":3100,"height":889,"caption":"JOAB F\u00f6rs\u00e4ljnings AB"},"image":{"@id":"https:\/\/www.joab.se\/#\/schema\/logo\/image\/"},"sameAs":["https:\/\/www.facebook.com\/joabsverige\/","https:\/\/www.instagram.com\/joab.se\/?hl=sv","https:\/\/www.linkedin.com\/company\/joab-ab\/","https:\/\/www.youtube.com\/@joab2194\/featured"]}]}},"_links":{"self":[{"href":"https:\/\/www.joab.se\/fi\/wp-json\/wp\/v2\/product\/16087","targetHints":{"allow":["GET"]}}],"collection":[{"href":"https:\/\/www.joab.se\/fi\/wp-json\/wp\/v2\/product"}],"about":[{"href":"https:\/\/www.joab.se\/fi\/wp-json\/wp\/v2\/types\/product"}],"author":[{"embeddable":true,"href":"https:\/\/www.joab.se\/fi\/wp-json\/wp\/v2\/users\/2"}],"version-history":[{"count":13,"href":"https:\/\/www.joab.se\/fi\/wp-json\/wp\/v2\/product\/16087\/revisions"}],"predecessor-version":[{"id":33170,"href":"https:\/\/www.joab.se\/fi\/wp-json\/wp\/v2\/product\/16087\/revisions\/33170"}],"wp:featuredmedia":[{"embeddable":true,"href":"https:\/\/www.joab.se\/fi\/wp-json\/wp\/v2\/media\/31908"}],"wp:attachment":[{"href":"https:\/\/www.joab.se\/fi\/wp-json\/wp\/v2\/media?parent=16087"}],"wp:term":[{"taxonomy":"product_type","embeddable":true,"href":"https:\/\/www.joab.se\/fi\/wp-json\/wp\/v2\/product_type?post=16087"}],"curies":[{"name":"wp","href":"https:\/\/api.w.org\/{rel}","templated":true}]}}