{"id":15577,"date":"2020-09-09T23:54:49","date_gmt":"2020-09-09T21:54:49","guid":{"rendered":"https:\/\/www.joab.se\/?post_type=product&#038;p=15577"},"modified":"2022-10-14T11:52:36","modified_gmt":"2022-10-14T09:52:36","slug":"hmf-nosturi-1320-k","status":"publish","type":"product","link":"https:\/\/www.joab.se\/fi\/tuote\/hmf-nosturi-1320-k\/","title":{"rendered":"HMF Nosturi 1320-K"},"content":{"rendered":"<div id=\"pl-15577\"  class=\"panel-layout\" ><div id=\"pg-15577-0\"  class=\"panel-grid panel-no-style\" ><div id=\"pgc-15577-0-0\"  class=\"panel-grid-cell\" ><div id=\"panel-15577-0-0-0\" class=\"so-panel widget widget_joab-hero-banner-widget panel-first-child panel-last-child\" data-index=\"0\" ><div\n\t\t\t\n\t\t\tclass=\"so-widget-joab-hero-banner-widget so-widget-joab-hero-banner-widget-default-d75171398898-15577\"\n\t\t\t\n\t\t><div class=\"hero-banner-container\" style=\"background: url('https:\/\/www.joab.se\/wp-content\/uploads\/2020\/09\/kran4-scaled-1-1600x1600.jpg');background-position: 50% 50%\">\n        <div class=\"hero-content\">\n      <div class=\"border-container\" style=\"max-width: 40%\">\n          <h1 style=\"font-size: 2.5vw\">HMF 1320-K<\/h1>\n      <\/div>\n    <\/div>\n<\/div>\n\n<div class=\"breadcrumbs\">\n            <p id=\"breadcrumbs\"><span><span><a href=\"https:\/\/www.joab.se\/fi\/\">Etusivu<\/a> \u00bb <span><a href=\"https:\/\/www.joab.se\/fi\/tuotteet\/\">Tuotteet<\/a> \u00bb <span><a href=\"https:\/\/www.joab.se\/fi\/tuotteet\/nosturit\/\">Nosturit<\/a> \u00bb <span class=\"breadcrumb_last\" aria-current=\"page\">HMF Nosturi 1320-K<\/span><\/span><\/span><\/span><\/span><\/p>    <\/div>\n\n<\/div><\/div><\/div><\/div><div id=\"pg-15577-1\"  class=\"panel-grid panel-no-style\" ><div id=\"pgc-15577-1-0\"  class=\"panel-grid-cell\" ><div id=\"panel-15577-1-0-0\" class=\"so-panel widget widget_sow-editor panel-first-child\" data-index=\"1\" ><div\n\t\t\t\n\t\t\tclass=\"so-widget-sow-editor so-widget-sow-editor-base\"\n\t\t\t\n\t\t>\n<div class=\"siteorigin-widget-tinymce textwidget\">\n\t<h2><strong>HMF-NOSTURI 1320-K<\/strong><\/h2>\n<p><strong>L\u00e4pikotaisin testattu<\/strong><br \/>\nEnnen tehtaasta l\u00e4ht\u00f6\u00e4\u00e4n HMF-nosturin on l\u00e4p\u00e4ist\u00e4v\u00e4 useita testej\u00e4. Kaikki nosturisarjat joutuvat testipenkkiin, jossa niit\u00e4 kuormitetaan v\u00e4hint\u00e4\u00e4n 125 %:lla nimellissuorituskyvyst\u00e4 kaikissa asennoissa. Eik\u00e4 vain kerran, vaan 145 000 kertaa! Nostureille suoritetaan lis\u00e4ksi dynaamisia testej\u00e4, joissa testaamme kaikkien komponenttien kest\u00e4vyyden.<\/p>\n<p><strong>Monipuoliset tukijalkaratkaisut<\/strong><br \/>\nNosturin tukijalkojen on oltava vakaat, mutta niiden on oltava kevyit\u00e4 k\u00e4sitell\u00e4 eiv\u00e4tk\u00e4 ne saa vied\u00e4 paljoa tilaa silloin, kun ne eiv\u00e4t ole k\u00e4yt\u00f6ss\u00e4. Siksi voit valita vapaasti kiinteiden tukijalkojen, 180\u00b0 manuaalisesti kaasujousilla yl\u00f6sk\u00e4\u00e4nnett\u00e4vien tukijalkojen tai 180\u00b0 hydraulisesti yl\u00f6sk\u00e4\u00e4nnett\u00e4vien tukijalkojen v\u00e4lill\u00e4. Valittavana on my\u00f6s hydraulisesti tai manuaalisesti ulosajettava puomi sek\u00e4 edistyksellinen vakavuudenvalvontaj\u00e4rjestelm\u00e4 EVS.<\/p>\n<p><strong>HMF-radio-ohjaus<\/strong><br \/>\nHMF:n radio-ohjaus on osa ainutlaatuista ohjaus- ja turvallisuusj\u00e4rjestelm\u00e4\u00e4 (TCC \u2013 Total Crane Control), joka tarjoaa nosturin k\u00e4ytt\u00e4j\u00e4lle nosturitoimintojen ja HMF RCL -turvallisuusj\u00e4rjestelm\u00e4n oleellisten turvatoimintojen radio-ohjauksen edut ja mahdollisuudet. J\u00e4rjestelm\u00e4 mahdollistaa nosturin ohjaamisen siirrett\u00e4v\u00e4ll\u00e4 ohjaimella.<\/p>\n<p><strong>EVS \u2013 aktiivinen vakavuudenvalvontaj\u00e4rjestelm\u00e4<\/strong><br \/>\nHMF:n patentoitu vakavuuden varmistusj\u00e4rjestelm\u00e4, EVS, laskee jatkuvasti ajoneuvon kuorman niin, ett\u00e4 nosturi ja kuorma-auto ovat t\u00e4ydellisess\u00e4 tasapainossa. Koska j\u00e4rjestelm\u00e4 laskee lavalla olevan kuorman ajoneuvon omapainoksi, EVS:n sallima ty\u00f6alue on huomattavasti suurempi, kun lavalla on kuormaa.<\/p>\n<\/div>\n<\/div><\/div><div id=\"panel-15577-1-0-1\" class=\"so-panel widget widget_joab-product-puffs-widget panel-last-child\" data-index=\"2\" ><div\n\t\t\t\n\t\t\tclass=\"so-widget-joab-product-puffs-widget so-widget-joab-product-puffs-widget-default-d75171398898-15577\"\n\t\t\t\n\t\t><div class=\"product-puffs-container\">\n        <div class=\"product-puff\">\n                <div class=\"puff-icon\">\n            <img loading=\"lazy\" decoding=\"async\" src=\"https:\/\/www.joab.se\/wp-content\/themes\/joab\/img\/icons\/laddaner.svg\" width=\"100\" height=\"100\" class=\"joab-icon laddaner\" \/>        <\/div>\n\n                <h3>Lataa tuotesivu (pdf)<\/h3>\n        \n                    <ul>\n                                    <li><a href=\"https:\/\/www.joab.se\/wp-content\/uploads\/2020\/09\/Productflyer-1320K-RCS.pdf\"> Productflyer 1320K-RCS (eng)<\/a><\/li>\n                                    <li><a href=\"https:\/\/www.joab.se\/wp-content\/uploads\/2020\/09\/Teknisk-datablad-1320K-RCS.pdf\"> Technical information 1320K-RCS (eng)<\/a><\/li>\n                            <\/ul>\n        \n            <\/div>\n        <div class=\"product-puff\">\n                <a href=\"https:\/\/www.joab.se\/fi\/yhteystiedot\/\">\n                <div class=\"puff-icon\">\n            <img loading=\"lazy\" decoding=\"async\" src=\"https:\/\/www.joab.se\/wp-content\/themes\/joab\/img\/icons\/faq.svg\" width=\"100\" height=\"100\" class=\"joab-icon faq\" \/>        <\/div>\n\n                <h3>Ota yhteytt\u00e4<\/h3>\n        \n        \n                <\/a>\n            <\/div>\n        <div class=\"product-puff\">\n                <a href=\"https:\/\/www.joab.se\/fi\/varaa-koeajo\/\">\n                <div class=\"puff-icon\">\n            <img loading=\"lazy\" decoding=\"async\" src=\"https:\/\/www.joab.se\/wp-content\/themes\/joab\/img\/icons\/provkorning.svg\" width=\"100\" height=\"100\" class=\"joab-icon provkorning\" \/>        <\/div>\n\n                <h3>Varaa koeajo<\/h3>\n        \n        \n                <\/a>\n            <\/div>\n        <div class=\"product-puff\">\n                <a href=\"https:\/\/www.joab.se\/fi\/tarjouspyynto\/\">\n                <div class=\"puff-icon\">\n            <img loading=\"lazy\" decoding=\"async\" src=\"https:\/\/www.joab.se\/wp-content\/themes\/joab\/img\/icons\/offert.svg\" width=\"100\" height=\"100\" class=\"joab-icon offert\" \/>        <\/div>\n\n                <h3>Pyyd\u00e4 tarjous<\/h3>\n        \n        \n                <\/a>\n            <\/div>\n    <\/div>\n\n<\/div><\/div><\/div><div id=\"pgc-15577-1-1\"  class=\"panel-grid-cell\" ><div id=\"panel-15577-1-1-0\" class=\"so-panel widget widget_joab-product-image-gallery-widget panel-first-child panel-last-child\" data-index=\"3\" ><div\n\t\t\t\n\t\t\tclass=\"so-widget-joab-product-image-gallery-widget so-widget-joab-product-image-gallery-widget-default-d75171398898-15577\"\n\t\t\t\n\t\t><div class=\"product-gallery-container\">\n    <ul class=\"lightbox-gallery\">\n                        <li><img loading=\"lazy\" decoding=\"async\" width=\"1000\" height=\"933\" src=\"https:\/\/www.joab.se\/wp-content\/uploads\/2020\/09\/1320_4-1000x933.jpg\" class=\"attachment-joab-product-large size-joab-product-large wp-post-image\" alt=\"\" data-original-src=\"https:\/\/www.joab.se\/wp-content\/uploads\/2020\/09\/1320_4-1000x933.jpg\" data-poptype=\"image\" srcset=\"https:\/\/www.joab.se\/wp-content\/uploads\/2020\/09\/1320_4-1000x933.jpg 1000w, https:\/\/www.joab.se\/wp-content\/uploads\/2020\/09\/1320_4-300x280.jpg 300w, https:\/\/www.joab.se\/wp-content\/uploads\/2020\/09\/1320_4-1024x956.jpg 1024w, https:\/\/www.joab.se\/wp-content\/uploads\/2020\/09\/1320_4-768x717.jpg 768w, https:\/\/www.joab.se\/wp-content\/uploads\/2020\/09\/1320_4.jpg 1500w\" sizes=\"auto, (max-width: 1000px) 100vw, 1000px\" \/><\/li>\n                        <li><div class=\"gallery-item image-thumbnail\" data-original-src=\"https:\/\/www.joab.se\/wp-content\/uploads\/2020\/09\/1320K-RCS-667x1000.jpg\" data-poptype=\"image\"><img loading=\"lazy\" decoding=\"async\" width=\"300\" height=\"220\" src=\"https:\/\/www.joab.se\/wp-content\/uploads\/2020\/09\/1320K-RCS-300x220.jpg\" class=\"attachment-joab-product-thumb size-joab-product-thumb\" alt=\"\" \/><\/div><\/li>\n            <\/ul>\n<\/div>\n\n<\/div><\/div><\/div><\/div><div id=\"pg-15577-2\"  class=\"panel-grid panel-no-style\" ><div id=\"pgc-15577-2-0\"  class=\"panel-grid-cell\" ><div id=\"panel-15577-2-0-0\" class=\"so-panel widget widget_joab-product-function-widget panel-first-child panel-last-child\" data-index=\"4\" ><div\n\t\t\t\n\t\t\tclass=\"so-widget-joab-product-function-widget so-widget-joab-product-function-widget-default-d75171398898-15577\"\n\t\t\t\n\t\t><div class=\"product-functions-container\">\n    <h2>Toiminnot<\/h2>\n\n    <div class=\"product-function-list\">\n                <div class=\"product-function\">\n                        <h3>HMF radio-ohjaus<\/h3>\n            <p>HMF:n radio-ohjaus on osa ainutlaatuista ohjaus- ja turvallisuusj\u00e4rjestelm\u00e4\u00e4 (TCC \u2013 Total Crane Control), joka tarjoaa nosturin k\u00e4ytt\u00e4j\u00e4lle nosturitoimintojen ja HMF RCL -turvallisuusj\u00e4rjestelm\u00e4n oleellisten turvatoimintojen radio-ohjauksen edut ja mahdollisuudet. J\u00e4rjestelm\u00e4 mahdollistaa nosturin ohjaamisen siirrett\u00e4v\u00e4ll\u00e4 ohjaimella.<\/p>\n\n                    <\/div>\n                <div class=\"product-function\">\n                        <h3>EVS \u2013 vakavuudenvalvontaj\u00e4rjestelm\u00e4<\/h3>\n            <p>Elektroninen vakavuudenvalvontaj\u00e4rjestelm\u00e4 (EVS) on dynaaminen ajoneuvon vakausj\u00e4rjestelm\u00e4, joka valvoo jatkuvasti ajoneuvon vakautta kaikilla sektoreilla nosturin k\u00e4yt\u00f6n aikana. EVS ottaa huomioon ajoneuvon kuormituksen, maan kaltevuuden, ajoneuvon kallistumisen, nosturin kuormitusmomentin ja nosturin ty\u00f6skentelynopeuden. EVS voi sallia nosturin suuremman ty\u00f6skentelyalueen laskemalla ja hy\u00f6dynt\u00e4m\u00e4ll\u00e4 vakautta parantavia tekij\u00f6it\u00e4, kuten ajoneuvon kuormitus tai tukijalkojen v\u00e4linen leveys. J\u00e4rjestelm\u00e4 t\u00e4ytt\u00e4\u00e4 standardin EN 12999 [&hellip;]<\/p>\n\n                    <\/div>\n                <div class=\"product-function\">\n                        <h3>Monipuoliset tukijalkaratkaisut<\/h3>\n            <p>Nosturin tukijalkojen on oltava vakaat, mutta niiden on oltava kevyit\u00e4 k\u00e4sitell\u00e4 eiv\u00e4tk\u00e4 ne saa vied\u00e4 paljoa tilaa silloin, kun ne eiv\u00e4t ole k\u00e4yt\u00f6ss\u00e4. Siksi voit valita vapaasti kiinteiden tukijalkojen, 180\u00b0 manuaalisesti kaasujousilla yl\u00f6sk\u00e4\u00e4nnett\u00e4vien tukijalkojen tai 180\u00b0 hydraulisesti yl\u00f6sk\u00e4\u00e4nnett\u00e4vien tukijalkojen v\u00e4lill\u00e4. Valittavana on my\u00f6s hydraulisesti tai manuaalisesti ulosajettava puomi sek\u00e4 edistyksellinen vakavuudenvalvontaj\u00e4rjestelm\u00e4 EVS.<\/p>\n\n                    <\/div>\n            <\/div>\n<\/div>\n<\/div><\/div><\/div><\/div><\/div>","protected":false},"excerpt":{"rendered":"<p>HMF-NOSTURI 1320-K L\u00e4pikotaisin testattu Ennen tehtaasta l\u00e4ht\u00f6\u00e4\u00e4n HMF-nosturin on l\u00e4p\u00e4ist\u00e4v\u00e4 useita testej\u00e4. Kaikki nosturisarjat joutuvat testipenkkiin, jossa niit\u00e4 kuormitetaan v\u00e4hint\u00e4\u00e4n 125 %:lla nimellissuorituskyvyst\u00e4 kaikissa asennoissa. Eik\u00e4 vain kerran, vaan 145 000 kertaa! Nostureille suoritetaan lis\u00e4ksi dynaamisia testej\u00e4, joissa testaamme kaikkien komponenttien kest\u00e4vyyden. Monipuoliset tukijalkaratkaisut Nosturin tukijalkojen on oltava vakaat, mutta niiden on oltava kevyit\u00e4 k\u00e4sitell\u00e4 [&hellip;]<\/p>\n","protected":false},"author":2,"featured_media":9884,"parent":0,"template":"","meta":{"footnotes":""},"product_type":[18],"class_list":["post-15577","product","type-product","status-publish","has-post-thumbnail","hentry"],"yoast_head":"<!-- This site is optimized with the Yoast SEO plugin v27.4 - https:\/\/yoast.com\/product\/yoast-seo-wordpress\/ -->\n<title>HMF Nosturi 1320-K - JOAB<\/title>\n<meta name=\"robots\" content=\"index, follow, max-snippet:-1, max-image-preview:large, max-video-preview:-1\" \/>\n<link rel=\"canonical\" href=\"https:\/\/www.joab.se\/fi\/tuote\/hmf-nosturi-1320-k\/\" \/>\n<meta property=\"og:locale\" content=\"fi_FI\" \/>\n<meta property=\"og:type\" content=\"article\" \/>\n<meta property=\"og:title\" content=\"HMF Nosturi 1320-K - JOAB\" \/>\n<meta property=\"og:description\" content=\"HMF-NOSTURI 1320-K L\u00e4pikotaisin testattu Ennen tehtaasta l\u00e4ht\u00f6\u00e4\u00e4n HMF-nosturin on l\u00e4p\u00e4ist\u00e4v\u00e4 useita testej\u00e4. Kaikki nosturisarjat joutuvat testipenkkiin, jossa niit\u00e4 kuormitetaan v\u00e4hint\u00e4\u00e4n 125 %:lla nimellissuorituskyvyst\u00e4 kaikissa asennoissa. Eik\u00e4 vain kerran, vaan 145 000 kertaa! Nostureille suoritetaan lis\u00e4ksi dynaamisia testej\u00e4, joissa testaamme kaikkien komponenttien kest\u00e4vyyden. Monipuoliset tukijalkaratkaisut Nosturin tukijalkojen on oltava vakaat, mutta niiden on oltava kevyit\u00e4 k\u00e4sitell\u00e4 [&hellip;]\" \/>\n<meta property=\"og:url\" content=\"https:\/\/www.joab.se\/fi\/tuote\/hmf-nosturi-1320-k\/\" \/>\n<meta property=\"og:site_name\" content=\"JOAB\" \/>\n<meta property=\"article:publisher\" content=\"https:\/\/www.facebook.com\/joabsverige\/\" \/>\n<meta property=\"article:modified_time\" content=\"2022-10-14T09:52:36+00:00\" \/>\n<meta property=\"og:image\" content=\"https:\/\/www.joab.se\/wp-content\/uploads\/2020\/09\/1320_4.jpg\" \/>\n\t<meta property=\"og:image:width\" content=\"1500\" \/>\n\t<meta property=\"og:image:height\" content=\"1400\" \/>\n\t<meta property=\"og:image:type\" content=\"image\/jpeg\" \/>\n<meta name=\"twitter:card\" content=\"summary_large_image\" \/>\n<meta name=\"twitter:label1\" content=\"Arvioitu lukuaika\" \/>\n\t<meta name=\"twitter:data1\" content=\"1 minuutti\" \/>\n<script type=\"application\/ld+json\" class=\"yoast-schema-graph\">{\"@context\":\"https:\\\/\\\/schema.org\",\"@graph\":[{\"@type\":\"WebPage\",\"@id\":\"https:\\\/\\\/www.joab.se\\\/fi\\\/tuote\\\/hmf-nosturi-1320-k\\\/\",\"url\":\"https:\\\/\\\/www.joab.se\\\/fi\\\/tuote\\\/hmf-nosturi-1320-k\\\/\",\"name\":\"HMF Nosturi 1320-K - JOAB\",\"isPartOf\":{\"@id\":\"https:\\\/\\\/www.joab.se\\\/#website\"},\"primaryImageOfPage\":{\"@id\":\"https:\\\/\\\/www.joab.se\\\/fi\\\/tuote\\\/hmf-nosturi-1320-k\\\/#primaryimage\"},\"image\":{\"@id\":\"https:\\\/\\\/www.joab.se\\\/fi\\\/tuote\\\/hmf-nosturi-1320-k\\\/#primaryimage\"},\"thumbnailUrl\":\"https:\\\/\\\/www.joab.se\\\/wp-content\\\/uploads\\\/2020\\\/09\\\/1320_4.jpg\",\"datePublished\":\"2020-09-09T21:54:49+00:00\",\"dateModified\":\"2022-10-14T09:52:36+00:00\",\"breadcrumb\":{\"@id\":\"https:\\\/\\\/www.joab.se\\\/fi\\\/tuote\\\/hmf-nosturi-1320-k\\\/#breadcrumb\"},\"inLanguage\":\"fi\",\"potentialAction\":[{\"@type\":\"ReadAction\",\"target\":[\"https:\\\/\\\/www.joab.se\\\/fi\\\/tuote\\\/hmf-nosturi-1320-k\\\/\"]}]},{\"@type\":\"ImageObject\",\"inLanguage\":\"fi\",\"@id\":\"https:\\\/\\\/www.joab.se\\\/fi\\\/tuote\\\/hmf-nosturi-1320-k\\\/#primaryimage\",\"url\":\"https:\\\/\\\/www.joab.se\\\/wp-content\\\/uploads\\\/2020\\\/09\\\/1320_4.jpg\",\"contentUrl\":\"https:\\\/\\\/www.joab.se\\\/wp-content\\\/uploads\\\/2020\\\/09\\\/1320_4.jpg\",\"width\":1500,\"height\":1400},{\"@type\":\"BreadcrumbList\",\"@id\":\"https:\\\/\\\/www.joab.se\\\/fi\\\/tuote\\\/hmf-nosturi-1320-k\\\/#breadcrumb\",\"itemListElement\":[{\"@type\":\"ListItem\",\"position\":1,\"name\":\"Etusivu\",\"item\":\"https:\\\/\\\/www.joab.se\\\/fi\\\/\"},{\"@type\":\"ListItem\",\"position\":2,\"name\":\"HMF Nosturi 1320-K\"}]},{\"@type\":\"WebSite\",\"@id\":\"https:\\\/\\\/www.joab.se\\\/#website\",\"url\":\"https:\\\/\\\/www.joab.se\\\/\",\"name\":\"JOAB\",\"description\":\"En till WordPress-webbplats\",\"publisher\":{\"@id\":\"https:\\\/\\\/www.joab.se\\\/#organization\"},\"potentialAction\":[{\"@type\":\"SearchAction\",\"target\":{\"@type\":\"EntryPoint\",\"urlTemplate\":\"https:\\\/\\\/www.joab.se\\\/?s={search_term_string}\"},\"query-input\":{\"@type\":\"PropertyValueSpecification\",\"valueRequired\":true,\"valueName\":\"search_term_string\"}}],\"inLanguage\":\"fi\"},{\"@type\":\"Organization\",\"@id\":\"https:\\\/\\\/www.joab.se\\\/#organization\",\"name\":\"JOAB F\u00f6rs\u00e4ljnings AB\",\"url\":\"https:\\\/\\\/www.joab.se\\\/\",\"logo\":{\"@type\":\"ImageObject\",\"inLanguage\":\"fi\",\"@id\":\"https:\\\/\\\/www.joab.se\\\/#\\\/schema\\\/logo\\\/image\\\/\",\"url\":\"https:\\\/\\\/www.joab.se\\\/wp-content\\\/uploads\\\/2023\\\/02\\\/logo_storre.png\",\"contentUrl\":\"https:\\\/\\\/www.joab.se\\\/wp-content\\\/uploads\\\/2023\\\/02\\\/logo_storre.png\",\"width\":3100,\"height\":889,\"caption\":\"JOAB F\u00f6rs\u00e4ljnings AB\"},\"image\":{\"@id\":\"https:\\\/\\\/www.joab.se\\\/#\\\/schema\\\/logo\\\/image\\\/\"},\"sameAs\":[\"https:\\\/\\\/www.facebook.com\\\/joabsverige\\\/\",\"https:\\\/\\\/www.instagram.com\\\/joab.se\\\/?hl=sv\",\"https:\\\/\\\/www.linkedin.com\\\/company\\\/joab-ab\\\/\",\"https:\\\/\\\/www.youtube.com\\\/@joab2194\\\/featured\"]}]}<\/script>\n<!-- \/ Yoast SEO plugin. -->","yoast_head_json":{"title":"HMF Nosturi 1320-K - JOAB","robots":{"index":"index","follow":"follow","max-snippet":"max-snippet:-1","max-image-preview":"max-image-preview:large","max-video-preview":"max-video-preview:-1"},"canonical":"https:\/\/www.joab.se\/fi\/tuote\/hmf-nosturi-1320-k\/","og_locale":"fi_FI","og_type":"article","og_title":"HMF Nosturi 1320-K - JOAB","og_description":"HMF-NOSTURI 1320-K L\u00e4pikotaisin testattu Ennen tehtaasta l\u00e4ht\u00f6\u00e4\u00e4n HMF-nosturin on l\u00e4p\u00e4ist\u00e4v\u00e4 useita testej\u00e4. Kaikki nosturisarjat joutuvat testipenkkiin, jossa niit\u00e4 kuormitetaan v\u00e4hint\u00e4\u00e4n 125 %:lla nimellissuorituskyvyst\u00e4 kaikissa asennoissa. Eik\u00e4 vain kerran, vaan 145 000 kertaa! Nostureille suoritetaan lis\u00e4ksi dynaamisia testej\u00e4, joissa testaamme kaikkien komponenttien kest\u00e4vyyden. Monipuoliset tukijalkaratkaisut Nosturin tukijalkojen on oltava vakaat, mutta niiden on oltava kevyit\u00e4 k\u00e4sitell\u00e4 [&hellip;]","og_url":"https:\/\/www.joab.se\/fi\/tuote\/hmf-nosturi-1320-k\/","og_site_name":"JOAB","article_publisher":"https:\/\/www.facebook.com\/joabsverige\/","article_modified_time":"2022-10-14T09:52:36+00:00","og_image":[{"width":1500,"height":1400,"url":"https:\/\/www.joab.se\/wp-content\/uploads\/2020\/09\/1320_4.jpg","type":"image\/jpeg"}],"twitter_card":"summary_large_image","twitter_misc":{"Arvioitu lukuaika":"1 minuutti"},"schema":{"@context":"https:\/\/schema.org","@graph":[{"@type":"WebPage","@id":"https:\/\/www.joab.se\/fi\/tuote\/hmf-nosturi-1320-k\/","url":"https:\/\/www.joab.se\/fi\/tuote\/hmf-nosturi-1320-k\/","name":"HMF Nosturi 1320-K - JOAB","isPartOf":{"@id":"https:\/\/www.joab.se\/#website"},"primaryImageOfPage":{"@id":"https:\/\/www.joab.se\/fi\/tuote\/hmf-nosturi-1320-k\/#primaryimage"},"image":{"@id":"https:\/\/www.joab.se\/fi\/tuote\/hmf-nosturi-1320-k\/#primaryimage"},"thumbnailUrl":"https:\/\/www.joab.se\/wp-content\/uploads\/2020\/09\/1320_4.jpg","datePublished":"2020-09-09T21:54:49+00:00","dateModified":"2022-10-14T09:52:36+00:00","breadcrumb":{"@id":"https:\/\/www.joab.se\/fi\/tuote\/hmf-nosturi-1320-k\/#breadcrumb"},"inLanguage":"fi","potentialAction":[{"@type":"ReadAction","target":["https:\/\/www.joab.se\/fi\/tuote\/hmf-nosturi-1320-k\/"]}]},{"@type":"ImageObject","inLanguage":"fi","@id":"https:\/\/www.joab.se\/fi\/tuote\/hmf-nosturi-1320-k\/#primaryimage","url":"https:\/\/www.joab.se\/wp-content\/uploads\/2020\/09\/1320_4.jpg","contentUrl":"https:\/\/www.joab.se\/wp-content\/uploads\/2020\/09\/1320_4.jpg","width":1500,"height":1400},{"@type":"BreadcrumbList","@id":"https:\/\/www.joab.se\/fi\/tuote\/hmf-nosturi-1320-k\/#breadcrumb","itemListElement":[{"@type":"ListItem","position":1,"name":"Etusivu","item":"https:\/\/www.joab.se\/fi\/"},{"@type":"ListItem","position":2,"name":"HMF Nosturi 1320-K"}]},{"@type":"WebSite","@id":"https:\/\/www.joab.se\/#website","url":"https:\/\/www.joab.se\/","name":"JOAB","description":"En till WordPress-webbplats","publisher":{"@id":"https:\/\/www.joab.se\/#organization"},"potentialAction":[{"@type":"SearchAction","target":{"@type":"EntryPoint","urlTemplate":"https:\/\/www.joab.se\/?s={search_term_string}"},"query-input":{"@type":"PropertyValueSpecification","valueRequired":true,"valueName":"search_term_string"}}],"inLanguage":"fi"},{"@type":"Organization","@id":"https:\/\/www.joab.se\/#organization","name":"JOAB F\u00f6rs\u00e4ljnings AB","url":"https:\/\/www.joab.se\/","logo":{"@type":"ImageObject","inLanguage":"fi","@id":"https:\/\/www.joab.se\/#\/schema\/logo\/image\/","url":"https:\/\/www.joab.se\/wp-content\/uploads\/2023\/02\/logo_storre.png","contentUrl":"https:\/\/www.joab.se\/wp-content\/uploads\/2023\/02\/logo_storre.png","width":3100,"height":889,"caption":"JOAB F\u00f6rs\u00e4ljnings AB"},"image":{"@id":"https:\/\/www.joab.se\/#\/schema\/logo\/image\/"},"sameAs":["https:\/\/www.facebook.com\/joabsverige\/","https:\/\/www.instagram.com\/joab.se\/?hl=sv","https:\/\/www.linkedin.com\/company\/joab-ab\/","https:\/\/www.youtube.com\/@joab2194\/featured"]}]}},"_links":{"self":[{"href":"https:\/\/www.joab.se\/fi\/wp-json\/wp\/v2\/product\/15577","targetHints":{"allow":["GET"]}}],"collection":[{"href":"https:\/\/www.joab.se\/fi\/wp-json\/wp\/v2\/product"}],"about":[{"href":"https:\/\/www.joab.se\/fi\/wp-json\/wp\/v2\/types\/product"}],"author":[{"embeddable":true,"href":"https:\/\/www.joab.se\/fi\/wp-json\/wp\/v2\/users\/2"}],"version-history":[{"count":10,"href":"https:\/\/www.joab.se\/fi\/wp-json\/wp\/v2\/product\/15577\/revisions"}],"predecessor-version":[{"id":24156,"href":"https:\/\/www.joab.se\/fi\/wp-json\/wp\/v2\/product\/15577\/revisions\/24156"}],"wp:featuredmedia":[{"embeddable":true,"href":"https:\/\/www.joab.se\/fi\/wp-json\/wp\/v2\/media\/9884"}],"wp:attachment":[{"href":"https:\/\/www.joab.se\/fi\/wp-json\/wp\/v2\/media?parent=15577"}],"wp:term":[{"taxonomy":"product_type","embeddable":true,"href":"https:\/\/www.joab.se\/fi\/wp-json\/wp\/v2\/product_type?post=15577"}],"curies":[{"name":"wp","href":"https:\/\/api.w.org\/{rel}","templated":true}]}}