{"id":15565,"date":"2020-09-09T23:08:44","date_gmt":"2020-09-09T21:08:44","guid":{"rendered":"https:\/\/www.joab.se\/?post_type=product&#038;p=15565"},"modified":"2022-09-26T09:07:17","modified_gmt":"2022-09-26T07:07:17","slug":"hmf-nosturi-340-k","status":"publish","type":"product","link":"https:\/\/www.joab.se\/fi\/tuote\/hmf-nosturi-340-k\/","title":{"rendered":"HMF Nosturi 340-K"},"content":{"rendered":"<div id=\"pl-15565\"  class=\"panel-layout\" ><div id=\"pg-15565-0\"  class=\"panel-grid panel-no-style\" ><div id=\"pgc-15565-0-0\"  class=\"panel-grid-cell\" ><div id=\"panel-15565-0-0-0\" class=\"so-panel widget widget_joab-hero-banner-widget panel-first-child panel-last-child\" data-index=\"0\" ><div\n\t\t\t\n\t\t\tclass=\"so-widget-joab-hero-banner-widget so-widget-joab-hero-banner-widget-default-d75171398898-15565\"\n\t\t\t\n\t\t><div class=\"hero-banner-container\" style=\"background: url('https:\/\/www.joab.se\/wp-content\/uploads\/2020\/09\/kran4-scaled-1-1600x1600.jpg');background-position: 50% 50%\">\n        <div class=\"hero-content\">\n      <div class=\"border-container\" style=\"max-width: 40%\">\n          <h1 style=\"font-size: 2.5vw\">HMF 340-K<\/h1>\n      <\/div>\n    <\/div>\n<\/div>\n\n<div class=\"breadcrumbs\">\n            <p id=\"breadcrumbs\"><span><span><a href=\"https:\/\/www.joab.se\/fi\/\">Etusivu<\/a> \u00bb <span><a href=\"https:\/\/www.joab.se\/fi\/tuotteet\/\">Tuotteet<\/a> \u00bb <span><a href=\"https:\/\/www.joab.se\/fi\/tuotteet\/nosturit\/\">Nosturit<\/a> \u00bb <span class=\"breadcrumb_last\" aria-current=\"page\">HMF Nosturi 340-K<\/span><\/span><\/span><\/span><\/span><\/p>    <\/div>\n\n<\/div><\/div><\/div><\/div><div id=\"pg-15565-1\"  class=\"panel-grid panel-no-style\" ><div id=\"pgc-15565-1-0\"  class=\"panel-grid-cell\" ><div id=\"panel-15565-1-0-0\" class=\"so-panel widget widget_sow-editor panel-first-child\" data-index=\"1\" ><div\n\t\t\t\n\t\t\tclass=\"so-widget-sow-editor so-widget-sow-editor-base\"\n\t\t\t\n\t\t>\n<div class=\"siteorigin-widget-tinymce textwidget\">\n\t<h2><strong>HMF-NOSTURI 340-K<\/strong><\/h2>\n<p>Vakaa ja joustava monipuolinen nosturi. Nosturia 340-K on saatavana kolmella hydraulisella jatkeella ja se varustettu taittovarsivivulla, joka tarjoaa hyv\u00e4n koukun korkeuden nosturin rungon l\u00e4hell\u00e4 ja lis\u00e4\u00e4 nostokapasiteettia pitk\u00e4ll\u00e4 ulottumalla.<\/p>\n<p>Lis\u00e4ksi t\u00e4t\u00e4 nosturia on saatavana kahta leveytt\u00e4: 1700 mm tukijalkojen vakioleveydell\u00e4 3300 mm ja 2000 mm kaksinkertaisella tukijalkaleveydell\u00e4 3900 mm. T\u00e4ll\u00e4 tavoin suuri nostokyky voidaan yhdist\u00e4\u00e4 ajoneuvon parempaan vakauteen. T\u00e4m\u00e4 varmistaa suuremman ty\u00f6skentelyalueen ja suuremman nostokyvyn.<\/p>\n<ul>\n<li>Pienempi nosturi, joka tarjoaa suurempien ominaisuudet.<\/li>\n<li>Luotettava ja kest\u00e4v\u00e4 rakenne.<\/li>\n<li>Kauko-ohjaus lis\u00e4varusteena.<\/li>\n<li>2 lis\u00e4venttiili\u00e4 tarrainta ja rotaattoria varten.<\/li>\n<\/ul>\n<\/div>\n<\/div><\/div><div id=\"panel-15565-1-0-1\" class=\"so-panel widget widget_joab-product-puffs-widget panel-last-child\" data-index=\"2\" ><div\n\t\t\t\n\t\t\tclass=\"so-widget-joab-product-puffs-widget so-widget-joab-product-puffs-widget-default-d75171398898-15565\"\n\t\t\t\n\t\t><div class=\"product-puffs-container\">\n        <div class=\"product-puff\">\n                <div class=\"puff-icon\">\n            <img loading=\"lazy\" decoding=\"async\" src=\"https:\/\/www.joab.se\/wp-content\/themes\/joab\/img\/icons\/laddaner.svg\" width=\"100\" height=\"100\" class=\"joab-icon laddaner\" \/>        <\/div>\n\n                <h3>Lataa tuotesivu (pdf)<\/h3>\n        \n                    <ul>\n                                    <li><a href=\"https:\/\/www.joab.se\/wp-content\/uploads\/2020\/09\/Productflyer-340K-RC.pdf\"> Productflyer 340-K <\/a><\/li>\n                                    <li><a href=\"https:\/\/www.joab.se\/wp-content\/uploads\/2020\/09\/Teknisk-datablad-340K-RC.pdf\"> Technical information 340-K<\/a><\/li>\n                            <\/ul>\n        \n            <\/div>\n        <div class=\"product-puff\">\n                <a href=\"https:\/\/www.joab.se\/fi\/yhteystiedot\/\">\n                <div class=\"puff-icon\">\n            <img loading=\"lazy\" decoding=\"async\" src=\"https:\/\/www.joab.se\/wp-content\/themes\/joab\/img\/icons\/faq.svg\" width=\"100\" height=\"100\" class=\"joab-icon faq\" \/>        <\/div>\n\n                <h3>Ota yhteytt\u00e4<\/h3>\n        \n        \n                <\/a>\n            <\/div>\n        <div class=\"product-puff\">\n                <a href=\"https:\/\/www.joab.se\/fi\/varaa-koeajo\/\">\n                <div class=\"puff-icon\">\n            <img loading=\"lazy\" decoding=\"async\" src=\"https:\/\/www.joab.se\/wp-content\/themes\/joab\/img\/icons\/provkorning.svg\" width=\"100\" height=\"100\" class=\"joab-icon provkorning\" \/>        <\/div>\n\n                <h3>Varaa koeajo<\/h3>\n        \n        \n                <\/a>\n            <\/div>\n        <div class=\"product-puff\">\n                <a href=\"https:\/\/www.joab.se\/fi\/tarjouspyynto\/\">\n                <div class=\"puff-icon\">\n            <img loading=\"lazy\" decoding=\"async\" src=\"https:\/\/www.joab.se\/wp-content\/themes\/joab\/img\/icons\/offert.svg\" width=\"100\" height=\"100\" class=\"joab-icon offert\" \/>        <\/div>\n\n                <h3>Pyyd\u00e4 tarjous<\/h3>\n        \n        \n                <\/a>\n            <\/div>\n    <\/div>\n\n<\/div><\/div><\/div><div id=\"pgc-15565-1-1\"  class=\"panel-grid-cell\" ><div id=\"panel-15565-1-1-0\" class=\"so-panel widget widget_joab-product-image-gallery-widget panel-first-child panel-last-child\" data-index=\"3\" ><div\n\t\t\t\n\t\t\tclass=\"so-widget-joab-product-image-gallery-widget so-widget-joab-product-image-gallery-widget-default-d75171398898-15565\"\n\t\t\t\n\t\t><div class=\"product-gallery-container\">\n    <ul class=\"lightbox-gallery\">\n                        <li><img loading=\"lazy\" decoding=\"async\" width=\"666\" height=\"1000\" src=\"https:\/\/www.joab.se\/wp-content\/uploads\/2020\/09\/340K-RC_01-scaled-1-666x1000.jpg\" class=\"attachment-joab-product-large size-joab-product-large wp-post-image\" alt=\"\" data-original-src=\"https:\/\/www.joab.se\/wp-content\/uploads\/2020\/09\/340K-RC_01-scaled-1-666x1000.jpg\" data-poptype=\"image\" srcset=\"https:\/\/www.joab.se\/wp-content\/uploads\/2020\/09\/340K-RC_01-scaled-1-666x1000.jpg 666w, https:\/\/www.joab.se\/wp-content\/uploads\/2020\/09\/340K-RC_01-scaled-1-360x540.jpg 360w, https:\/\/www.joab.se\/wp-content\/uploads\/2020\/09\/340K-RC_01-scaled-1-200x300.jpg 200w, https:\/\/www.joab.se\/wp-content\/uploads\/2020\/09\/340K-RC_01-scaled-1-682x1024.jpg 682w, https:\/\/www.joab.se\/wp-content\/uploads\/2020\/09\/340K-RC_01-scaled-1-768x1153.jpg 768w, https:\/\/www.joab.se\/wp-content\/uploads\/2020\/09\/340K-RC_01-scaled-1-1023x1536.jpg 1023w, https:\/\/www.joab.se\/wp-content\/uploads\/2020\/09\/340K-RC_01-scaled-1-1364x2048.jpg 1364w, https:\/\/www.joab.se\/wp-content\/uploads\/2020\/09\/340K-RC_01-scaled-1-1066x1600.jpg 1066w, https:\/\/www.joab.se\/wp-content\/uploads\/2020\/09\/340K-RC_01-scaled-1.jpg 1705w\" sizes=\"auto, (max-width: 666px) 100vw, 666px\" \/><\/li>\n                        <li><div class=\"gallery-item image-thumbnail\" data-original-src=\"https:\/\/www.joab.se\/wp-content\/uploads\/2020\/09\/340-K_1.jpg\" data-poptype=\"image\"><img loading=\"lazy\" decoding=\"async\" width=\"300\" height=\"220\" src=\"https:\/\/www.joab.se\/wp-content\/uploads\/2020\/09\/340-K_1-300x220.jpg\" class=\"attachment-joab-product-thumb size-joab-product-thumb\" alt=\"\" \/><\/div><\/li>\n            <\/ul>\n<\/div>\n\n<\/div><\/div><\/div><\/div><div id=\"pg-15565-2\"  class=\"panel-grid panel-no-style\" ><div id=\"pgc-15565-2-0\"  class=\"panel-grid-cell\" ><div id=\"panel-15565-2-0-0\" class=\"so-panel widget widget_joab-product-function-widget panel-first-child panel-last-child\" data-index=\"4\" ><div\n\t\t\t\n\t\t\tclass=\"so-widget-joab-product-function-widget so-widget-joab-product-function-widget-default-d75171398898-15565\"\n\t\t\t\n\t\t><div class=\"product-functions-container\">\n    <h2>Toiminnot<\/h2>\n\n    <div class=\"product-function-list\">\n                <div class=\"product-function\">\n                        <h3>Slew Braking Control - SBC<\/h3>\n            <p>SBC-k\u00e4\u00e4nt\u00f6jarruj\u00e4rjestelm\u00e4 vaimentaa nosturin k\u00e4\u00e4nt\u00f6liikett\u00e4 \u00e4killisten pys\u00e4ytysten sattuessa, varmistaa tasaisen k\u00e4\u00e4nt\u00f6liikkeen ja tekee nosturista mukavan ja tehokkaan my\u00f6s nopean ja intensiivisen ty\u00f6n ja suurten \u00f6ljyvirtausten aikana. Ty\u00f6skentely useilla nopeilla nosturiliikkeill\u00e4, kuten lastaus ja purkaminen puukouralla, sujuu nopeammin. Nosturin osien kuluminen v\u00e4henee, mik\u00e4 tarkoittaa suurempaa j\u00e4lleenmyyntiarvoa.<\/p>\n\n                    <\/div>\n                <div class=\"product-function\">\n                        <h3>EVS \u2013 vakavuudenvalvontaj\u00e4rjestelm\u00e4<\/h3>\n            <p>Elektroninen vakavuudenvalvontaj\u00e4rjestelm\u00e4 (EVS) on dynaaminen ajoneuvon vakausj\u00e4rjestelm\u00e4, joka valvoo jatkuvasti ajoneuvon vakautta kaikilla sektoreilla nosturin k\u00e4yt\u00f6n aikana. EVS ottaa huomioon ajoneuvon kuormituksen, maan kaltevuuden, ajoneuvon kallistumisen, nosturin kuormitusmomentin ja nosturin ty\u00f6skentelynopeuden. EVS voi sallia nosturin suuremman ty\u00f6skentelyalueen laskemalla ja hy\u00f6dynt\u00e4m\u00e4ll\u00e4 vakautta parantavia tekij\u00f6it\u00e4, kuten ajoneuvon kuormitus tai tukijalkojen v\u00e4linen leveys. J\u00e4rjestelm\u00e4 t\u00e4ytt\u00e4\u00e4 standardin EN 12999 [&hellip;]<\/p>\n\n                    <\/div>\n                <div class=\"product-function\">\n                        <h3>Progressiivinen nosturin ohjaus - PCC<\/h3>\n            <p>Progressiivinen nosturinohjausj\u00e4rjestelm\u00e4 PCC vaimentaa sek\u00e4 mekaanisia ett\u00e4 hydraulisia v\u00e4r\u00e4htelyj\u00e4, joita voi ilmet\u00e4 nopeiden ja \u00e4killisten ohjausvivun liikkeiden aikana. T\u00e4m\u00e4 tekee nosturin liikkeist\u00e4 pehme\u00e4mpi\u00e4, tehokkaampia ja v\u00e4hent\u00e4\u00e4 nosturin kulumista.<\/p>\n\n                    <\/div>\n                <div class=\"product-function\">\n                        <h3>HMF Nosturi 340-K<\/h3>\n            <p>HMF-NOSTURI 340-K Vakaa ja joustava monipuolinen nosturi. Nosturia 340-K on saatavana kolmella hydraulisella jatkeella ja se varustettu taittovarsivivulla, joka tarjoaa hyv\u00e4n koukun korkeuden nosturin rungon l\u00e4hell\u00e4 ja lis\u00e4\u00e4 nostokapasiteettia pitk\u00e4ll\u00e4 ulottumalla. Lis\u00e4ksi t\u00e4t\u00e4 nosturia on saatavana kahta leveytt\u00e4: 1700 mm tukijalkojen vakioleveydell\u00e4 3300 mm ja 2000 mm kaksinkertaisella tukijalkaleveydell\u00e4 3900 mm. T\u00e4ll\u00e4 tavoin suuri nostokyky [&hellip;]<\/p>\n\n                    <\/div>\n            <\/div>\n<\/div>\n<\/div><\/div><\/div><\/div><\/div>","protected":false},"excerpt":{"rendered":"<p>HMF-NOSTURI 340-K Vakaa ja joustava monipuolinen nosturi. Nosturia 340-K on saatavana kolmella hydraulisella jatkeella ja se varustettu taittovarsivivulla, joka tarjoaa hyv\u00e4n koukun korkeuden nosturin rungon l\u00e4hell\u00e4 ja lis\u00e4\u00e4 nostokapasiteettia pitk\u00e4ll\u00e4 ulottumalla. Lis\u00e4ksi t\u00e4t\u00e4 nosturia on saatavana kahta leveytt\u00e4: 1700 mm tukijalkojen vakioleveydell\u00e4 3300 mm ja 2000 mm kaksinkertaisella tukijalkaleveydell\u00e4 3900 mm. T\u00e4ll\u00e4 tavoin suuri nostokyky [&hellip;]<\/p>\n","protected":false},"author":2,"featured_media":9753,"parent":0,"template":"","meta":{"footnotes":""},"product_type":[18],"class_list":["post-15565","product","type-product","status-publish","has-post-thumbnail","hentry"],"yoast_head":"<!-- This site is optimized with the Yoast SEO plugin v27.4 - https:\/\/yoast.com\/product\/yoast-seo-wordpress\/ -->\n<title>HMF Nosturi 340-K - JOAB<\/title>\n<meta name=\"robots\" content=\"index, follow, max-snippet:-1, max-image-preview:large, max-video-preview:-1\" \/>\n<link rel=\"canonical\" href=\"https:\/\/www.joab.se\/fi\/tuote\/hmf-nosturi-340-k\/\" \/>\n<meta property=\"og:locale\" content=\"fi_FI\" \/>\n<meta property=\"og:type\" content=\"article\" \/>\n<meta property=\"og:title\" content=\"HMF Nosturi 340-K - JOAB\" \/>\n<meta property=\"og:description\" content=\"HMF-NOSTURI 340-K Vakaa ja joustava monipuolinen nosturi. Nosturia 340-K on saatavana kolmella hydraulisella jatkeella ja se varustettu taittovarsivivulla, joka tarjoaa hyv\u00e4n koukun korkeuden nosturin rungon l\u00e4hell\u00e4 ja lis\u00e4\u00e4 nostokapasiteettia pitk\u00e4ll\u00e4 ulottumalla. Lis\u00e4ksi t\u00e4t\u00e4 nosturia on saatavana kahta leveytt\u00e4: 1700 mm tukijalkojen vakioleveydell\u00e4 3300 mm ja 2000 mm kaksinkertaisella tukijalkaleveydell\u00e4 3900 mm. T\u00e4ll\u00e4 tavoin suuri nostokyky [&hellip;]\" \/>\n<meta property=\"og:url\" content=\"https:\/\/www.joab.se\/fi\/tuote\/hmf-nosturi-340-k\/\" \/>\n<meta property=\"og:site_name\" content=\"JOAB\" \/>\n<meta property=\"article:publisher\" content=\"https:\/\/www.facebook.com\/joabsverige\/\" \/>\n<meta property=\"article:modified_time\" content=\"2022-09-26T07:07:17+00:00\" \/>\n<meta property=\"og:image\" content=\"https:\/\/www.joab.se\/wp-content\/uploads\/2020\/09\/340K-RC_01-scaled-1.jpg\" \/>\n\t<meta property=\"og:image:width\" content=\"1705\" \/>\n\t<meta property=\"og:image:height\" content=\"2560\" \/>\n\t<meta property=\"og:image:type\" content=\"image\/jpeg\" \/>\n<meta name=\"twitter:card\" content=\"summary_large_image\" \/>\n<meta name=\"twitter:label1\" content=\"Arvioitu lukuaika\" \/>\n\t<meta name=\"twitter:data1\" content=\"1 minuutti\" \/>\n<script type=\"application\/ld+json\" class=\"yoast-schema-graph\">{\"@context\":\"https:\\\/\\\/schema.org\",\"@graph\":[{\"@type\":\"WebPage\",\"@id\":\"https:\\\/\\\/www.joab.se\\\/fi\\\/tuote\\\/hmf-nosturi-340-k\\\/\",\"url\":\"https:\\\/\\\/www.joab.se\\\/fi\\\/tuote\\\/hmf-nosturi-340-k\\\/\",\"name\":\"HMF Nosturi 340-K - JOAB\",\"isPartOf\":{\"@id\":\"https:\\\/\\\/www.joab.se\\\/#website\"},\"primaryImageOfPage\":{\"@id\":\"https:\\\/\\\/www.joab.se\\\/fi\\\/tuote\\\/hmf-nosturi-340-k\\\/#primaryimage\"},\"image\":{\"@id\":\"https:\\\/\\\/www.joab.se\\\/fi\\\/tuote\\\/hmf-nosturi-340-k\\\/#primaryimage\"},\"thumbnailUrl\":\"https:\\\/\\\/www.joab.se\\\/wp-content\\\/uploads\\\/2020\\\/09\\\/340K-RC_01-scaled-1.jpg\",\"datePublished\":\"2020-09-09T21:08:44+00:00\",\"dateModified\":\"2022-09-26T07:07:17+00:00\",\"breadcrumb\":{\"@id\":\"https:\\\/\\\/www.joab.se\\\/fi\\\/tuote\\\/hmf-nosturi-340-k\\\/#breadcrumb\"},\"inLanguage\":\"fi\",\"potentialAction\":[{\"@type\":\"ReadAction\",\"target\":[\"https:\\\/\\\/www.joab.se\\\/fi\\\/tuote\\\/hmf-nosturi-340-k\\\/\"]}]},{\"@type\":\"ImageObject\",\"inLanguage\":\"fi\",\"@id\":\"https:\\\/\\\/www.joab.se\\\/fi\\\/tuote\\\/hmf-nosturi-340-k\\\/#primaryimage\",\"url\":\"https:\\\/\\\/www.joab.se\\\/wp-content\\\/uploads\\\/2020\\\/09\\\/340K-RC_01-scaled-1.jpg\",\"contentUrl\":\"https:\\\/\\\/www.joab.se\\\/wp-content\\\/uploads\\\/2020\\\/09\\\/340K-RC_01-scaled-1.jpg\",\"width\":1705,\"height\":2560},{\"@type\":\"BreadcrumbList\",\"@id\":\"https:\\\/\\\/www.joab.se\\\/fi\\\/tuote\\\/hmf-nosturi-340-k\\\/#breadcrumb\",\"itemListElement\":[{\"@type\":\"ListItem\",\"position\":1,\"name\":\"Etusivu\",\"item\":\"https:\\\/\\\/www.joab.se\\\/fi\\\/\"},{\"@type\":\"ListItem\",\"position\":2,\"name\":\"HMF Nosturi 340-K\"}]},{\"@type\":\"WebSite\",\"@id\":\"https:\\\/\\\/www.joab.se\\\/#website\",\"url\":\"https:\\\/\\\/www.joab.se\\\/\",\"name\":\"JOAB\",\"description\":\"En till WordPress-webbplats\",\"publisher\":{\"@id\":\"https:\\\/\\\/www.joab.se\\\/#organization\"},\"potentialAction\":[{\"@type\":\"SearchAction\",\"target\":{\"@type\":\"EntryPoint\",\"urlTemplate\":\"https:\\\/\\\/www.joab.se\\\/?s={search_term_string}\"},\"query-input\":{\"@type\":\"PropertyValueSpecification\",\"valueRequired\":true,\"valueName\":\"search_term_string\"}}],\"inLanguage\":\"fi\"},{\"@type\":\"Organization\",\"@id\":\"https:\\\/\\\/www.joab.se\\\/#organization\",\"name\":\"JOAB F\u00f6rs\u00e4ljnings AB\",\"url\":\"https:\\\/\\\/www.joab.se\\\/\",\"logo\":{\"@type\":\"ImageObject\",\"inLanguage\":\"fi\",\"@id\":\"https:\\\/\\\/www.joab.se\\\/#\\\/schema\\\/logo\\\/image\\\/\",\"url\":\"https:\\\/\\\/www.joab.se\\\/wp-content\\\/uploads\\\/2023\\\/02\\\/logo_storre.png\",\"contentUrl\":\"https:\\\/\\\/www.joab.se\\\/wp-content\\\/uploads\\\/2023\\\/02\\\/logo_storre.png\",\"width\":3100,\"height\":889,\"caption\":\"JOAB F\u00f6rs\u00e4ljnings AB\"},\"image\":{\"@id\":\"https:\\\/\\\/www.joab.se\\\/#\\\/schema\\\/logo\\\/image\\\/\"},\"sameAs\":[\"https:\\\/\\\/www.facebook.com\\\/joabsverige\\\/\",\"https:\\\/\\\/www.instagram.com\\\/joab.se\\\/?hl=sv\",\"https:\\\/\\\/www.linkedin.com\\\/company\\\/joab-ab\\\/\",\"https:\\\/\\\/www.youtube.com\\\/@joab2194\\\/featured\"]}]}<\/script>\n<!-- \/ Yoast SEO plugin. -->","yoast_head_json":{"title":"HMF Nosturi 340-K - JOAB","robots":{"index":"index","follow":"follow","max-snippet":"max-snippet:-1","max-image-preview":"max-image-preview:large","max-video-preview":"max-video-preview:-1"},"canonical":"https:\/\/www.joab.se\/fi\/tuote\/hmf-nosturi-340-k\/","og_locale":"fi_FI","og_type":"article","og_title":"HMF Nosturi 340-K - JOAB","og_description":"HMF-NOSTURI 340-K Vakaa ja joustava monipuolinen nosturi. Nosturia 340-K on saatavana kolmella hydraulisella jatkeella ja se varustettu taittovarsivivulla, joka tarjoaa hyv\u00e4n koukun korkeuden nosturin rungon l\u00e4hell\u00e4 ja lis\u00e4\u00e4 nostokapasiteettia pitk\u00e4ll\u00e4 ulottumalla. Lis\u00e4ksi t\u00e4t\u00e4 nosturia on saatavana kahta leveytt\u00e4: 1700 mm tukijalkojen vakioleveydell\u00e4 3300 mm ja 2000 mm kaksinkertaisella tukijalkaleveydell\u00e4 3900 mm. T\u00e4ll\u00e4 tavoin suuri nostokyky [&hellip;]","og_url":"https:\/\/www.joab.se\/fi\/tuote\/hmf-nosturi-340-k\/","og_site_name":"JOAB","article_publisher":"https:\/\/www.facebook.com\/joabsverige\/","article_modified_time":"2022-09-26T07:07:17+00:00","og_image":[{"width":1705,"height":2560,"url":"https:\/\/www.joab.se\/wp-content\/uploads\/2020\/09\/340K-RC_01-scaled-1.jpg","type":"image\/jpeg"}],"twitter_card":"summary_large_image","twitter_misc":{"Arvioitu lukuaika":"1 minuutti"},"schema":{"@context":"https:\/\/schema.org","@graph":[{"@type":"WebPage","@id":"https:\/\/www.joab.se\/fi\/tuote\/hmf-nosturi-340-k\/","url":"https:\/\/www.joab.se\/fi\/tuote\/hmf-nosturi-340-k\/","name":"HMF Nosturi 340-K - JOAB","isPartOf":{"@id":"https:\/\/www.joab.se\/#website"},"primaryImageOfPage":{"@id":"https:\/\/www.joab.se\/fi\/tuote\/hmf-nosturi-340-k\/#primaryimage"},"image":{"@id":"https:\/\/www.joab.se\/fi\/tuote\/hmf-nosturi-340-k\/#primaryimage"},"thumbnailUrl":"https:\/\/www.joab.se\/wp-content\/uploads\/2020\/09\/340K-RC_01-scaled-1.jpg","datePublished":"2020-09-09T21:08:44+00:00","dateModified":"2022-09-26T07:07:17+00:00","breadcrumb":{"@id":"https:\/\/www.joab.se\/fi\/tuote\/hmf-nosturi-340-k\/#breadcrumb"},"inLanguage":"fi","potentialAction":[{"@type":"ReadAction","target":["https:\/\/www.joab.se\/fi\/tuote\/hmf-nosturi-340-k\/"]}]},{"@type":"ImageObject","inLanguage":"fi","@id":"https:\/\/www.joab.se\/fi\/tuote\/hmf-nosturi-340-k\/#primaryimage","url":"https:\/\/www.joab.se\/wp-content\/uploads\/2020\/09\/340K-RC_01-scaled-1.jpg","contentUrl":"https:\/\/www.joab.se\/wp-content\/uploads\/2020\/09\/340K-RC_01-scaled-1.jpg","width":1705,"height":2560},{"@type":"BreadcrumbList","@id":"https:\/\/www.joab.se\/fi\/tuote\/hmf-nosturi-340-k\/#breadcrumb","itemListElement":[{"@type":"ListItem","position":1,"name":"Etusivu","item":"https:\/\/www.joab.se\/fi\/"},{"@type":"ListItem","position":2,"name":"HMF Nosturi 340-K"}]},{"@type":"WebSite","@id":"https:\/\/www.joab.se\/#website","url":"https:\/\/www.joab.se\/","name":"JOAB","description":"En till WordPress-webbplats","publisher":{"@id":"https:\/\/www.joab.se\/#organization"},"potentialAction":[{"@type":"SearchAction","target":{"@type":"EntryPoint","urlTemplate":"https:\/\/www.joab.se\/?s={search_term_string}"},"query-input":{"@type":"PropertyValueSpecification","valueRequired":true,"valueName":"search_term_string"}}],"inLanguage":"fi"},{"@type":"Organization","@id":"https:\/\/www.joab.se\/#organization","name":"JOAB F\u00f6rs\u00e4ljnings AB","url":"https:\/\/www.joab.se\/","logo":{"@type":"ImageObject","inLanguage":"fi","@id":"https:\/\/www.joab.se\/#\/schema\/logo\/image\/","url":"https:\/\/www.joab.se\/wp-content\/uploads\/2023\/02\/logo_storre.png","contentUrl":"https:\/\/www.joab.se\/wp-content\/uploads\/2023\/02\/logo_storre.png","width":3100,"height":889,"caption":"JOAB F\u00f6rs\u00e4ljnings AB"},"image":{"@id":"https:\/\/www.joab.se\/#\/schema\/logo\/image\/"},"sameAs":["https:\/\/www.facebook.com\/joabsverige\/","https:\/\/www.instagram.com\/joab.se\/?hl=sv","https:\/\/www.linkedin.com\/company\/joab-ab\/","https:\/\/www.youtube.com\/@joab2194\/featured"]}]}},"_links":{"self":[{"href":"https:\/\/www.joab.se\/fi\/wp-json\/wp\/v2\/product\/15565","targetHints":{"allow":["GET"]}}],"collection":[{"href":"https:\/\/www.joab.se\/fi\/wp-json\/wp\/v2\/product"}],"about":[{"href":"https:\/\/www.joab.se\/fi\/wp-json\/wp\/v2\/types\/product"}],"author":[{"embeddable":true,"href":"https:\/\/www.joab.se\/fi\/wp-json\/wp\/v2\/users\/2"}],"version-history":[{"count":10,"href":"https:\/\/www.joab.se\/fi\/wp-json\/wp\/v2\/product\/15565\/revisions"}],"predecessor-version":[{"id":23541,"href":"https:\/\/www.joab.se\/fi\/wp-json\/wp\/v2\/product\/15565\/revisions\/23541"}],"wp:featuredmedia":[{"embeddable":true,"href":"https:\/\/www.joab.se\/fi\/wp-json\/wp\/v2\/media\/9753"}],"wp:attachment":[{"href":"https:\/\/www.joab.se\/fi\/wp-json\/wp\/v2\/media?parent=15565"}],"wp:term":[{"taxonomy":"product_type","embeddable":true,"href":"https:\/\/www.joab.se\/fi\/wp-json\/wp\/v2\/product_type?post=15565"}],"curies":[{"name":"wp","href":"https:\/\/api.w.org\/{rel}","templated":true}]}}