{"id":15543,"date":"2020-09-09T22:25:25","date_gmt":"2020-09-09T20:25:25","guid":{"rendered":"https:\/\/www.joab.se\/?post_type=product&#038;p=15543"},"modified":"2024-09-26T10:11:38","modified_gmt":"2024-09-26T08:11:38","slug":"teleskooppinostin-tl","status":"publish","type":"product","link":"https:\/\/www.joab.se\/fi\/tuote\/teleskooppinostin-tl\/","title":{"rendered":"Teleskooppinostin TL"},"content":{"rendered":"<div id=\"pl-15543\"  class=\"panel-layout\" ><div id=\"pg-15543-0\"  class=\"panel-grid panel-no-style\" ><div id=\"pgc-15543-0-0\"  class=\"panel-grid-cell\" ><div id=\"panel-15543-0-0-0\" class=\"so-panel widget widget_joab-hero-banner-widget panel-first-child panel-last-child\" data-index=\"0\" ><div\n\t\t\t\n\t\t\tclass=\"so-widget-joab-hero-banner-widget so-widget-joab-hero-banner-widget-default-d75171398898-15543\"\n\t\t\t\n\t\t><div class=\"hero-banner-container\" style=\"background: linear-gradient( rgba(0, 0, 0, 0.5), rgba(0, 0, 0, 0.5) ), url('https:\/\/www.joab.se\/wp-content\/uploads\/2023\/11\/Liftdumpers_JOAB.jpg');background-position: 50% 50%\">\n        <div class=\"hero-content\">\n      <div class=\"border-container\" style=\"max-width: 40%\">\n          <h1 style=\"font-size: 2.5vw\">TELESKOOPPINOSTIN TL<\/h1>\n      <\/div>\n    <\/div>\n<\/div>\n\n<div class=\"breadcrumbs\">\n            <p id=\"breadcrumbs\"><span><span><a href=\"https:\/\/www.joab.se\/fi\/\">Etusivu<\/a> \u00bb <span><a href=\"https:\/\/www.joab.se\/produkter\/\">Produkter<\/a> \u00bb <span><a href=\"https:\/\/www.joab.se\/produkter\/liftdumpers\/\">Liftdumpers<\/a> \u00bb <span class=\"breadcrumb_last\" aria-current=\"page\">Teleskooppinostin TL<\/span><\/span><\/span><\/span><\/span><\/p>    <\/div>\n\n<\/div><\/div><\/div><\/div><div id=\"pg-15543-1\"  class=\"panel-grid panel-no-style\" ><div id=\"pgc-15543-1-0\"  class=\"panel-grid-cell\" ><div id=\"panel-15543-1-0-0\" class=\"so-panel widget widget_sow-editor panel-first-child\" data-index=\"1\" ><div\n\t\t\t\n\t\t\tclass=\"so-widget-sow-editor so-widget-sow-editor-base\"\n\t\t\t\n\t\t>\n<div class=\"siteorigin-widget-tinymce textwidget\">\n\t<h2><strong>TELESKOOPPINOSTIN TL<\/strong><\/h2>\n<p>TL Liftdumper on klassinen teleskooppinostin, joka tarjoaa useita k\u00e4yt\u00e4nn\u00f6llisi\u00e4 ja ainutlaatuisia ominaisuuksia. Pieni rakennekorkeus tarkoittaa, ett\u00e4 voit maksimoida kantavuuden ty\u00f6n tehostamiseksi. Vankka rakenne antaa lis\u00e4\u00e4 kest\u00e4vyytt\u00e4 ja pitk\u00e4n k\u00e4ytt\u00f6i\u00e4n, jotka yhdess\u00e4 varmistavat kannattavan omistuksen. TL:n matala rakennekorkeus ja teleskooppivarret tarjoavat sinulle t\u00e4ydellisen ratkaisun haastavampiin olosuhteisiin, kuten ahtaisiin ja mataliin tiloihin esim. kellarissa ja autotallissa. Teleskooppitoiminto helpottaa my\u00f6s ty\u00f6skentely\u00e4 eripituisten ja -kokoisten konttien kanssa.<\/p>\n<p><strong>Lyhyesti<\/strong><\/p>\n<ul>\n<li>8 tonnin nostokapasiteetti.<\/li>\n<li>Sovitettu 2-akselisille alustoille.<\/li>\n<li>Vankka rakenne takaa paremman kest\u00e4vyyden ja pidemm\u00e4n k\u00e4ytt\u00f6i\u00e4n.<\/li>\n<li>Erillinen nostovarsien ja jatkeiden ohjaus (k\u00e4tev\u00e4 matalissa tiloissa).<\/li>\n<li>Ei korkeusrajoitusta puomittoman rakenteen ansiosta.<\/li>\n<li>Optimoitu paino suurempaa hy\u00f6tykuormaa varten.<\/li>\n<li>S\u00e4hk\u00f6pneumaattinen ohjaamo-ohjaus 2 m kaapelilla nosto- ja kippaustoiminnoille.<\/li>\n<li>Radio-ohjaus 2 nopeudella, yhden k\u00e4den k\u00e4ytt\u00f6, h\u00e4t\u00e4pys\u00e4ytys ja pidin sis\u00e4\u00e4nrakennetulla latauslaitteella.<\/li>\n<li>Valmius Cameleont-vaihtoj\u00e4rjestelm\u00e4lle.<\/li>\n<li>Sis\u00e4ltyy FBS-konseptiimme, joka koostuu korroosionkest\u00e4vist\u00e4 tuotteista (maalattu kokoonpanon yhteydess\u00e4). FBS tarkoittaa my\u00f6s lyhyempi\u00e4 toimitusaikoja.<\/li>\n<\/ul>\n<p><strong>Lis\u00e4varusteet<\/strong><\/p>\n<ul>\n<li>Radio-ohjaus<\/li>\n<li>Ulkopuolinen k\u00e4sikaasu<\/li>\n<li>Lavassa kulutuster\u00e4kset tai Hardox-kulutuster\u00e4kset<\/li>\n<li>Hydraulinen lavan lukitus<\/li>\n<li>Manuaalinen kuormanvarmistus<\/li>\n<li>Turvanostolevyt<\/li>\n<li>Konttipys\u00e4ytin<\/li>\n<\/ul>\n<\/div>\n<\/div><\/div><div id=\"panel-15543-1-0-1\" class=\"so-panel widget widget_joab-product-puffs-widget panel-last-child\" data-index=\"2\" ><div\n\t\t\t\n\t\t\tclass=\"so-widget-joab-product-puffs-widget so-widget-joab-product-puffs-widget-default-d75171398898-15543\"\n\t\t\t\n\t\t><div class=\"product-puffs-container\">\n        <div class=\"product-puff\">\n                <div class=\"puff-icon\">\n            <img loading=\"lazy\" decoding=\"async\" src=\"https:\/\/www.joab.se\/wp-content\/themes\/joab\/img\/icons\/laddaner.svg\" width=\"100\" height=\"100\" class=\"joab-icon laddaner\" \/>        <\/div>\n\n                <h3>Lataa tuotesivu (pdf)<\/h3>\n        \n                    <ul>\n                                    <li><a href=\"https:\/\/www.joab.se\/wp-content\/uploads\/2020\/09\/TL-Teleskoplift-202008-ENG.pdf\"> Telescopic TL - ENG<\/a><\/li>\n                                    <li><a href=\"https:\/\/www.joab.se\/wp-content\/uploads\/2020\/09\/TL-Teleskoplift-202008.pdf\"> Teleskoplift TL - SV<\/a><\/li>\n                            <\/ul>\n        \n            <\/div>\n        <div class=\"product-puff\">\n                <a href=\"https:\/\/www.joab.se\/fi\/yhteystiedot\/\">\n                <div class=\"puff-icon\">\n            <img loading=\"lazy\" decoding=\"async\" src=\"https:\/\/www.joab.se\/wp-content\/themes\/joab\/img\/icons\/faq.svg\" width=\"100\" height=\"100\" class=\"joab-icon faq\" \/>        <\/div>\n\n                <h3>Ota yhteytt\u00e4<\/h3>\n        \n        \n                <\/a>\n            <\/div>\n        <div class=\"product-puff\">\n                <a href=\"https:\/\/www.joab.se\/fi\/varaa-koeajo\/\">\n                <div class=\"puff-icon\">\n            <img loading=\"lazy\" decoding=\"async\" src=\"https:\/\/www.joab.se\/wp-content\/themes\/joab\/img\/icons\/provkorning.svg\" width=\"100\" height=\"100\" class=\"joab-icon provkorning\" \/>        <\/div>\n\n                <h3>Varaa koeajo<\/h3>\n        \n        \n                <\/a>\n            <\/div>\n        <div class=\"product-puff\">\n                <a href=\"https:\/\/www.joab.se\/fi\/tarjouspyynto\/\">\n                <div class=\"puff-icon\">\n            <img loading=\"lazy\" decoding=\"async\" src=\"https:\/\/www.joab.se\/wp-content\/themes\/joab\/img\/icons\/offert.svg\" width=\"100\" height=\"100\" class=\"joab-icon offert\" \/>        <\/div>\n\n                <h3>Pyyd\u00e4 tarjous<\/h3>\n        \n        \n                <\/a>\n            <\/div>\n    <\/div>\n\n<\/div><\/div><\/div><div id=\"pgc-15543-1-1\"  class=\"panel-grid-cell\" ><div id=\"panel-15543-1-1-0\" class=\"so-panel widget widget_joab-product-image-gallery-widget panel-first-child panel-last-child\" data-index=\"3\" ><div\n\t\t\t\n\t\t\tclass=\"so-widget-joab-product-image-gallery-widget so-widget-joab-product-image-gallery-widget-default-d75171398898-15543\"\n\t\t\t\n\t\t><div class=\"product-gallery-container\">\n    <ul class=\"lightbox-gallery\">\n                        <li><img loading=\"lazy\" decoding=\"async\" width=\"1000\" height=\"750\" src=\"https:\/\/www.joab.se\/wp-content\/uploads\/2020\/09\/TL8-1-1000x750.jpg\" class=\"attachment-joab-product-large size-joab-product-large wp-post-image\" alt=\"\" data-original-src=\"https:\/\/www.joab.se\/wp-content\/uploads\/2020\/09\/TL8-1-1000x750.jpg\" data-poptype=\"image\" srcset=\"https:\/\/www.joab.se\/wp-content\/uploads\/2020\/09\/TL8-1-1000x750.jpg 1000w, https:\/\/www.joab.se\/wp-content\/uploads\/2020\/09\/TL8-1-300x225.jpg 300w, https:\/\/www.joab.se\/wp-content\/uploads\/2020\/09\/TL8-1-1024x768.jpg 1024w, https:\/\/www.joab.se\/wp-content\/uploads\/2020\/09\/TL8-1-768x576.jpg 768w, https:\/\/www.joab.se\/wp-content\/uploads\/2020\/09\/TL8-1-1536x1152.jpg 1536w, https:\/\/www.joab.se\/wp-content\/uploads\/2020\/09\/TL8-1-2048x1536.jpg 2048w, https:\/\/www.joab.se\/wp-content\/uploads\/2020\/09\/TL8-1-1920x1440.jpg 1920w\" sizes=\"auto, (max-width: 1000px) 100vw, 1000px\" \/><\/li>\n                        <li><div class=\"gallery-item image-thumbnail\" data-original-src=\"https:\/\/www.joab.se\/wp-content\/uploads\/2020\/09\/TL_hemsida-1000x750.jpg\" data-poptype=\"image\"><img loading=\"lazy\" decoding=\"async\" width=\"300\" height=\"220\" src=\"https:\/\/www.joab.se\/wp-content\/uploads\/2020\/09\/TL_hemsida-300x220.jpg\" class=\"attachment-joab-product-thumb size-joab-product-thumb\" alt=\"\" \/><\/div><\/li>\n                        <li><div class=\"gallery-item image-thumbnail\" data-original-src=\"https:\/\/www.joab.se\/wp-content\/uploads\/2020\/09\/TL8-Volvo-Sortera-1000x750.jpg\" data-poptype=\"image\"><img loading=\"lazy\" decoding=\"async\" width=\"300\" height=\"220\" src=\"https:\/\/www.joab.se\/wp-content\/uploads\/2020\/09\/TL8-Volvo-Sortera-300x220.jpg\" class=\"attachment-joab-product-thumb size-joab-product-thumb\" alt=\"\" \/><\/div><\/li>\n                        <li><div class=\"gallery-item image-thumbnail\" data-original-src=\"https:\/\/www.joab.se\/wp-content\/uploads\/2020\/09\/TL8-MAN-1000x750.jpg\" data-poptype=\"image\"><img loading=\"lazy\" decoding=\"async\" width=\"300\" height=\"220\" src=\"https:\/\/www.joab.se\/wp-content\/uploads\/2020\/09\/TL8-MAN-300x220.jpg\" class=\"attachment-joab-product-thumb size-joab-product-thumb\" alt=\"\" \/><\/div><\/li>\n                        <li><div class=\"gallery-item image-thumbnail\" data-original-src=\"https:\/\/www.joab.se\/wp-content\/uploads\/2020\/09\/TL_CAD.jpg\" data-poptype=\"image\"><img loading=\"lazy\" decoding=\"async\" width=\"300\" height=\"220\" src=\"https:\/\/www.joab.se\/wp-content\/uploads\/2020\/09\/TL_CAD-300x220.jpg\" class=\"attachment-joab-product-thumb size-joab-product-thumb\" alt=\"\" \/><\/div><\/li>\n            <\/ul>\n<\/div>\n\n<\/div><\/div><\/div><\/div><div id=\"pg-15543-2\"  class=\"panel-grid panel-has-style\" ><div class=\"panel-row-style panel-row-style-for-15543-2\" ><div id=\"pgc-15543-2-0\"  class=\"panel-grid-cell\" ><div id=\"panel-15543-2-0-0\" class=\"so-panel widget widget_joab-product-spec-table-widget panel-first-child\" data-index=\"4\" ><div\n\t\t\t\n\t\t\tclass=\"so-widget-joab-product-spec-table-widget so-widget-joab-product-spec-table-widget-default-d75171398898-15543\"\n\t\t\t\n\t\t><div class=\"product-spec-3d-container\">\n    <h2>TUOTETIEDOT<\/h2>\n\n    <div class=\"spec-table-container table-responsive\">\n        <table class=\"table table-striped table-bordered joab-product-spec-table\">\n            <thead>\n                <tr>\n                                        <th>\n                        Malli                    <\/th>\n                                        <th>\n                        Kapasiteetti (tonnia)                    <\/th>\n                                        <th>\n                        Paino (kg)                    <\/th>\n                                        <th>\n                        Paine (bar)                    <\/th>\n                                        <th>\n                        Lavan pituus (mm)                    <\/th>\n                                        <th>\n                        Suos. akseliv\u00e4li                    <\/th>\n                                        <th>\n                        Huomautus                    <\/th>\n                                    <\/tr>\n            <\/thead>\n            <tbody>\n                                <tr>\n                                        <td>\n                        TL 8                    <\/td>\n                                        <td>\n                        8                    <\/td>\n                                        <td>\n                        2200                    <\/td>\n                                        <td>\n                        220                    <\/td>\n                                        <td>\n                        3800                    <\/td>\n                                        <td>\n                        3800-4200                    <\/td>\n                                        <td>\n                        Utan utskjut                    <\/td>\n                                    <\/tr>\n                            <\/tbody>\n        <\/table>\n    <\/div>\n<\/div>\n\n<\/div><\/div><div id=\"panel-15543-2-0-1\" class=\"so-panel widget widget_joab-product-spec-widget panel-last-child\" data-index=\"5\" ><div\n\t\t\t\n\t\t\tclass=\"so-widget-joab-product-spec-widget so-widget-joab-product-spec-widget-default-d75171398898-15543\"\n\t\t\t\n\t\t><div class=\"product-specification-container\">\n    \n    <ul class=\"product-specifications\">\n        <\/ul>\n\n        <ul class=\"product-specifications-illustrations\">\n                    <li><span href=\"#\" class=\"btn btn-secondary\">N\u00e4yt\u00e4 luonnosmitat &gt;&gt;<\/span><img loading=\"lazy\" decoding=\"async\" width=\"964\" height=\"454\" src=\"https:\/\/www.joab.se\/wp-content\/uploads\/2020\/09\/Skissmatt_TL.jpg\" class=\"attachment-large size-large\" alt=\"\" srcset=\"https:\/\/www.joab.se\/wp-content\/uploads\/2020\/09\/Skissmatt_TL.jpg 964w, https:\/\/www.joab.se\/wp-content\/uploads\/2020\/09\/Skissmatt_TL-300x141.jpg 300w, https:\/\/www.joab.se\/wp-content\/uploads\/2020\/09\/Skissmatt_TL-768x362.jpg 768w\" sizes=\"auto, (max-width: 964px) 100vw, 964px\" \/><\/li>\n            <\/ul>\n    <\/div>\n<\/div><\/div><\/div><\/div><\/div><div id=\"pg-15543-3\"  class=\"panel-grid panel-no-style\" ><div id=\"pgc-15543-3-0\"  class=\"panel-grid-cell\" ><div id=\"panel-15543-3-0-0\" class=\"so-panel widget widget_joab-product-function-widget panel-first-child panel-last-child\" data-index=\"6\" ><div\n\t\t\t\n\t\t\tclass=\"so-widget-joab-product-function-widget so-widget-joab-product-function-widget-default-d75171398898-15543\"\n\t\t\t\n\t\t><div class=\"product-functions-container\">\n    <h2>TOIMINNOT<\/h2>\n\n    <div class=\"product-function-list\">\n                <div class=\"product-function\">\n                        <h3>Radio-ohjaus<\/h3>\n            <p>Nosturin kauko-ohjaus on turvallisin ja joustavin vaihtoehto. T\u00e4ysi valvonta ja nopein ty\u00f6skentelytapa.<\/p>\n\n                    <\/div>\n                <div class=\"product-function\">\n                        <h3>Hydraulinen lavan lukitus<\/h3>\n            <p>Nopea ja helppo kontin kiinnitys.<\/p>\n\n                    <\/div>\n                <div class=\"product-function\">\n                        <h3>Teleskooppivarret<\/h3>\n            <p>Nostovarsien erillinen ajaminen on eduksi autotallissa.<\/p>\n\n                    <\/div>\n                <div class=\"product-function\">\n                        <h3>Lavapeite<\/h3>\n            <p>Helpottaa lavan peittoa.<\/p>\n\n                    <\/div>\n            <\/div>\n<\/div>\n<\/div><\/div><\/div><\/div><\/div>","protected":false},"excerpt":{"rendered":"<p>TELESKOOPPINOSTIN TL TL Liftdumper on klassinen teleskooppinostin, joka tarjoaa useita k\u00e4yt\u00e4nn\u00f6llisi\u00e4 ja ainutlaatuisia ominaisuuksia. Pieni rakennekorkeus tarkoittaa, ett\u00e4 voit maksimoida kantavuuden ty\u00f6n tehostamiseksi. Vankka rakenne antaa lis\u00e4\u00e4 kest\u00e4vyytt\u00e4 ja pitk\u00e4n k\u00e4ytt\u00f6i\u00e4n, jotka yhdess\u00e4 varmistavat kannattavan omistuksen. TL:n matala rakennekorkeus ja teleskooppivarret tarjoavat sinulle t\u00e4ydellisen ratkaisun haastavampiin olosuhteisiin, kuten ahtaisiin ja mataliin tiloihin esim. kellarissa ja [&hellip;]<\/p>\n","protected":false},"author":2,"featured_media":9658,"parent":0,"template":"","meta":{"footnotes":""},"product_type":[17],"class_list":["post-15543","product","type-product","status-publish","has-post-thumbnail","hentry"],"yoast_head":"<!-- This site is optimized with the Yoast SEO plugin v27.4 - https:\/\/yoast.com\/product\/yoast-seo-wordpress\/ -->\n<title>Teleskooppinostin TL - JOAB<\/title>\n<meta name=\"robots\" content=\"index, follow, max-snippet:-1, max-image-preview:large, max-video-preview:-1\" \/>\n<link rel=\"canonical\" href=\"https:\/\/www.joab.se\/fi\/tuote\/teleskooppinostin-tl\/\" \/>\n<meta property=\"og:locale\" content=\"fi_FI\" \/>\n<meta property=\"og:type\" content=\"article\" \/>\n<meta property=\"og:title\" content=\"Teleskooppinostin TL - JOAB\" \/>\n<meta property=\"og:description\" content=\"TELESKOOPPINOSTIN TL TL Liftdumper on klassinen teleskooppinostin, joka tarjoaa useita k\u00e4yt\u00e4nn\u00f6llisi\u00e4 ja ainutlaatuisia ominaisuuksia. Pieni rakennekorkeus tarkoittaa, ett\u00e4 voit maksimoida kantavuuden ty\u00f6n tehostamiseksi. Vankka rakenne antaa lis\u00e4\u00e4 kest\u00e4vyytt\u00e4 ja pitk\u00e4n k\u00e4ytt\u00f6i\u00e4n, jotka yhdess\u00e4 varmistavat kannattavan omistuksen. TL:n matala rakennekorkeus ja teleskooppivarret tarjoavat sinulle t\u00e4ydellisen ratkaisun haastavampiin olosuhteisiin, kuten ahtaisiin ja mataliin tiloihin esim. kellarissa ja [&hellip;]\" \/>\n<meta property=\"og:url\" content=\"https:\/\/www.joab.se\/fi\/tuote\/teleskooppinostin-tl\/\" \/>\n<meta property=\"og:site_name\" content=\"JOAB\" \/>\n<meta property=\"article:publisher\" content=\"https:\/\/www.facebook.com\/joabsverige\/\" \/>\n<meta property=\"article:modified_time\" content=\"2024-09-26T08:11:38+00:00\" \/>\n<meta property=\"og:image\" content=\"https:\/\/www.joab.se\/wp-content\/uploads\/2020\/09\/TL8-1-1024x768.jpg\" \/>\n\t<meta property=\"og:image:width\" content=\"1024\" \/>\n\t<meta property=\"og:image:height\" content=\"768\" \/>\n\t<meta property=\"og:image:type\" content=\"image\/jpeg\" \/>\n<meta name=\"twitter:card\" content=\"summary_large_image\" \/>\n<meta name=\"twitter:label1\" content=\"Arvioitu lukuaika\" \/>\n\t<meta name=\"twitter:data1\" content=\"4 minuuttia\" \/>\n<script type=\"application\/ld+json\" class=\"yoast-schema-graph\">{\"@context\":\"https:\\\/\\\/schema.org\",\"@graph\":[{\"@type\":\"WebPage\",\"@id\":\"https:\\\/\\\/www.joab.se\\\/fi\\\/tuote\\\/teleskooppinostin-tl\\\/\",\"url\":\"https:\\\/\\\/www.joab.se\\\/fi\\\/tuote\\\/teleskooppinostin-tl\\\/\",\"name\":\"Teleskooppinostin TL - JOAB\",\"isPartOf\":{\"@id\":\"https:\\\/\\\/www.joab.se\\\/#website\"},\"primaryImageOfPage\":{\"@id\":\"https:\\\/\\\/www.joab.se\\\/fi\\\/tuote\\\/teleskooppinostin-tl\\\/#primaryimage\"},\"image\":{\"@id\":\"https:\\\/\\\/www.joab.se\\\/fi\\\/tuote\\\/teleskooppinostin-tl\\\/#primaryimage\"},\"thumbnailUrl\":\"https:\\\/\\\/www.joab.se\\\/wp-content\\\/uploads\\\/2020\\\/09\\\/TL8-1.jpg\",\"datePublished\":\"2020-09-09T20:25:25+00:00\",\"dateModified\":\"2024-09-26T08:11:38+00:00\",\"breadcrumb\":{\"@id\":\"https:\\\/\\\/www.joab.se\\\/fi\\\/tuote\\\/teleskooppinostin-tl\\\/#breadcrumb\"},\"inLanguage\":\"fi\",\"potentialAction\":[{\"@type\":\"ReadAction\",\"target\":[\"https:\\\/\\\/www.joab.se\\\/fi\\\/tuote\\\/teleskooppinostin-tl\\\/\"]}]},{\"@type\":\"ImageObject\",\"inLanguage\":\"fi\",\"@id\":\"https:\\\/\\\/www.joab.se\\\/fi\\\/tuote\\\/teleskooppinostin-tl\\\/#primaryimage\",\"url\":\"https:\\\/\\\/www.joab.se\\\/wp-content\\\/uploads\\\/2020\\\/09\\\/TL8-1.jpg\",\"contentUrl\":\"https:\\\/\\\/www.joab.se\\\/wp-content\\\/uploads\\\/2020\\\/09\\\/TL8-1.jpg\",\"width\":4000,\"height\":3000},{\"@type\":\"BreadcrumbList\",\"@id\":\"https:\\\/\\\/www.joab.se\\\/fi\\\/tuote\\\/teleskooppinostin-tl\\\/#breadcrumb\",\"itemListElement\":[{\"@type\":\"ListItem\",\"position\":1,\"name\":\"Etusivu\",\"item\":\"https:\\\/\\\/www.joab.se\\\/fi\\\/\"},{\"@type\":\"ListItem\",\"position\":2,\"name\":\"Teleskooppinostin TL\"}]},{\"@type\":\"WebSite\",\"@id\":\"https:\\\/\\\/www.joab.se\\\/#website\",\"url\":\"https:\\\/\\\/www.joab.se\\\/\",\"name\":\"JOAB\",\"description\":\"En till WordPress-webbplats\",\"publisher\":{\"@id\":\"https:\\\/\\\/www.joab.se\\\/#organization\"},\"potentialAction\":[{\"@type\":\"SearchAction\",\"target\":{\"@type\":\"EntryPoint\",\"urlTemplate\":\"https:\\\/\\\/www.joab.se\\\/?s={search_term_string}\"},\"query-input\":{\"@type\":\"PropertyValueSpecification\",\"valueRequired\":true,\"valueName\":\"search_term_string\"}}],\"inLanguage\":\"fi\"},{\"@type\":\"Organization\",\"@id\":\"https:\\\/\\\/www.joab.se\\\/#organization\",\"name\":\"JOAB F\u00f6rs\u00e4ljnings AB\",\"url\":\"https:\\\/\\\/www.joab.se\\\/\",\"logo\":{\"@type\":\"ImageObject\",\"inLanguage\":\"fi\",\"@id\":\"https:\\\/\\\/www.joab.se\\\/#\\\/schema\\\/logo\\\/image\\\/\",\"url\":\"https:\\\/\\\/www.joab.se\\\/wp-content\\\/uploads\\\/2023\\\/02\\\/logo_storre.png\",\"contentUrl\":\"https:\\\/\\\/www.joab.se\\\/wp-content\\\/uploads\\\/2023\\\/02\\\/logo_storre.png\",\"width\":3100,\"height\":889,\"caption\":\"JOAB F\u00f6rs\u00e4ljnings AB\"},\"image\":{\"@id\":\"https:\\\/\\\/www.joab.se\\\/#\\\/schema\\\/logo\\\/image\\\/\"},\"sameAs\":[\"https:\\\/\\\/www.facebook.com\\\/joabsverige\\\/\",\"https:\\\/\\\/www.instagram.com\\\/joab.se\\\/?hl=sv\",\"https:\\\/\\\/www.linkedin.com\\\/company\\\/joab-ab\\\/\",\"https:\\\/\\\/www.youtube.com\\\/@joab2194\\\/featured\"]}]}<\/script>\n<!-- \/ Yoast SEO plugin. -->","yoast_head_json":{"title":"Teleskooppinostin TL - JOAB","robots":{"index":"index","follow":"follow","max-snippet":"max-snippet:-1","max-image-preview":"max-image-preview:large","max-video-preview":"max-video-preview:-1"},"canonical":"https:\/\/www.joab.se\/fi\/tuote\/teleskooppinostin-tl\/","og_locale":"fi_FI","og_type":"article","og_title":"Teleskooppinostin TL - JOAB","og_description":"TELESKOOPPINOSTIN TL TL Liftdumper on klassinen teleskooppinostin, joka tarjoaa useita k\u00e4yt\u00e4nn\u00f6llisi\u00e4 ja ainutlaatuisia ominaisuuksia. Pieni rakennekorkeus tarkoittaa, ett\u00e4 voit maksimoida kantavuuden ty\u00f6n tehostamiseksi. Vankka rakenne antaa lis\u00e4\u00e4 kest\u00e4vyytt\u00e4 ja pitk\u00e4n k\u00e4ytt\u00f6i\u00e4n, jotka yhdess\u00e4 varmistavat kannattavan omistuksen. TL:n matala rakennekorkeus ja teleskooppivarret tarjoavat sinulle t\u00e4ydellisen ratkaisun haastavampiin olosuhteisiin, kuten ahtaisiin ja mataliin tiloihin esim. kellarissa ja [&hellip;]","og_url":"https:\/\/www.joab.se\/fi\/tuote\/teleskooppinostin-tl\/","og_site_name":"JOAB","article_publisher":"https:\/\/www.facebook.com\/joabsverige\/","article_modified_time":"2024-09-26T08:11:38+00:00","og_image":[{"width":1024,"height":768,"url":"https:\/\/www.joab.se\/wp-content\/uploads\/2020\/09\/TL8-1-1024x768.jpg","type":"image\/jpeg"}],"twitter_card":"summary_large_image","twitter_misc":{"Arvioitu lukuaika":"4 minuuttia"},"schema":{"@context":"https:\/\/schema.org","@graph":[{"@type":"WebPage","@id":"https:\/\/www.joab.se\/fi\/tuote\/teleskooppinostin-tl\/","url":"https:\/\/www.joab.se\/fi\/tuote\/teleskooppinostin-tl\/","name":"Teleskooppinostin TL - JOAB","isPartOf":{"@id":"https:\/\/www.joab.se\/#website"},"primaryImageOfPage":{"@id":"https:\/\/www.joab.se\/fi\/tuote\/teleskooppinostin-tl\/#primaryimage"},"image":{"@id":"https:\/\/www.joab.se\/fi\/tuote\/teleskooppinostin-tl\/#primaryimage"},"thumbnailUrl":"https:\/\/www.joab.se\/wp-content\/uploads\/2020\/09\/TL8-1.jpg","datePublished":"2020-09-09T20:25:25+00:00","dateModified":"2024-09-26T08:11:38+00:00","breadcrumb":{"@id":"https:\/\/www.joab.se\/fi\/tuote\/teleskooppinostin-tl\/#breadcrumb"},"inLanguage":"fi","potentialAction":[{"@type":"ReadAction","target":["https:\/\/www.joab.se\/fi\/tuote\/teleskooppinostin-tl\/"]}]},{"@type":"ImageObject","inLanguage":"fi","@id":"https:\/\/www.joab.se\/fi\/tuote\/teleskooppinostin-tl\/#primaryimage","url":"https:\/\/www.joab.se\/wp-content\/uploads\/2020\/09\/TL8-1.jpg","contentUrl":"https:\/\/www.joab.se\/wp-content\/uploads\/2020\/09\/TL8-1.jpg","width":4000,"height":3000},{"@type":"BreadcrumbList","@id":"https:\/\/www.joab.se\/fi\/tuote\/teleskooppinostin-tl\/#breadcrumb","itemListElement":[{"@type":"ListItem","position":1,"name":"Etusivu","item":"https:\/\/www.joab.se\/fi\/"},{"@type":"ListItem","position":2,"name":"Teleskooppinostin TL"}]},{"@type":"WebSite","@id":"https:\/\/www.joab.se\/#website","url":"https:\/\/www.joab.se\/","name":"JOAB","description":"En till WordPress-webbplats","publisher":{"@id":"https:\/\/www.joab.se\/#organization"},"potentialAction":[{"@type":"SearchAction","target":{"@type":"EntryPoint","urlTemplate":"https:\/\/www.joab.se\/?s={search_term_string}"},"query-input":{"@type":"PropertyValueSpecification","valueRequired":true,"valueName":"search_term_string"}}],"inLanguage":"fi"},{"@type":"Organization","@id":"https:\/\/www.joab.se\/#organization","name":"JOAB F\u00f6rs\u00e4ljnings AB","url":"https:\/\/www.joab.se\/","logo":{"@type":"ImageObject","inLanguage":"fi","@id":"https:\/\/www.joab.se\/#\/schema\/logo\/image\/","url":"https:\/\/www.joab.se\/wp-content\/uploads\/2023\/02\/logo_storre.png","contentUrl":"https:\/\/www.joab.se\/wp-content\/uploads\/2023\/02\/logo_storre.png","width":3100,"height":889,"caption":"JOAB F\u00f6rs\u00e4ljnings AB"},"image":{"@id":"https:\/\/www.joab.se\/#\/schema\/logo\/image\/"},"sameAs":["https:\/\/www.facebook.com\/joabsverige\/","https:\/\/www.instagram.com\/joab.se\/?hl=sv","https:\/\/www.linkedin.com\/company\/joab-ab\/","https:\/\/www.youtube.com\/@joab2194\/featured"]}]}},"_links":{"self":[{"href":"https:\/\/www.joab.se\/fi\/wp-json\/wp\/v2\/product\/15543","targetHints":{"allow":["GET"]}}],"collection":[{"href":"https:\/\/www.joab.se\/fi\/wp-json\/wp\/v2\/product"}],"about":[{"href":"https:\/\/www.joab.se\/fi\/wp-json\/wp\/v2\/types\/product"}],"author":[{"embeddable":true,"href":"https:\/\/www.joab.se\/fi\/wp-json\/wp\/v2\/users\/2"}],"version-history":[{"count":21,"href":"https:\/\/www.joab.se\/fi\/wp-json\/wp\/v2\/product\/15543\/revisions"}],"predecessor-version":[{"id":30495,"href":"https:\/\/www.joab.se\/fi\/wp-json\/wp\/v2\/product\/15543\/revisions\/30495"}],"wp:featuredmedia":[{"embeddable":true,"href":"https:\/\/www.joab.se\/fi\/wp-json\/wp\/v2\/media\/9658"}],"wp:attachment":[{"href":"https:\/\/www.joab.se\/fi\/wp-json\/wp\/v2\/media?parent=15543"}],"wp:term":[{"taxonomy":"product_type","embeddable":true,"href":"https:\/\/www.joab.se\/fi\/wp-json\/wp\/v2\/product_type?post=15543"}],"curies":[{"name":"wp","href":"https:\/\/api.w.org\/{rel}","templated":true}]}}