{"id":15528,"date":"2020-09-09T18:09:02","date_gmt":"2020-09-09T16:09:02","guid":{"rendered":"https:\/\/www.joab.se\/?post_type=product&#038;p=15528"},"modified":"2024-09-26T10:06:23","modified_gmt":"2024-09-26T08:06:23","slug":"vaihtolavalaite-s8","status":"publish","type":"product","link":"https:\/\/www.joab.se\/fi\/tuote\/vaihtolavalaite-s8\/","title":{"rendered":"Vaihtolavalaite S8"},"content":{"rendered":"<div id=\"pl-15528\"  class=\"panel-layout\" ><div id=\"pg-15528-0\"  class=\"panel-grid panel-no-style\" ><div id=\"pgc-15528-0-0\"  class=\"panel-grid-cell\" ><div id=\"panel-15528-0-0-0\" class=\"so-panel widget widget_joab-hero-banner-widget panel-first-child panel-last-child\" data-index=\"0\" ><div\n\t\t\t\n\t\t\tclass=\"so-widget-joab-hero-banner-widget so-widget-joab-hero-banner-widget-default-d75171398898-15528\"\n\t\t\t\n\t\t><div class=\"hero-banner-container\" style=\"background: linear-gradient( rgba(0, 0, 0, 0.5), rgba(0, 0, 0, 0.5) ), url('https:\/\/www.joab.se\/wp-content\/uploads\/2023\/11\/Lastvaxlare-puff_JOAB.jpg');background-position: 50% 50%\">\n        <div class=\"hero-content\">\n      <div class=\"border-container\" style=\"max-width: 40%\">\n          <h1 style=\"font-size: 2vw\">K\u00e4tev\u00e4 ja kest\u00e4v\u00e4 siirtolavalaite<\/h1>\n      <\/div>\n    <\/div>\n<\/div>\n\n<div class=\"breadcrumbs\">\n            <p id=\"breadcrumbs\"><span><span><a href=\"https:\/\/www.joab.se\/fi\/\">Etusivu<\/a> \u00bb <span><a href=\"https:\/\/www.joab.se\/fi\/tuotteet\/\">Tuotteet<\/a> \u00bb <span><a href=\"https:\/\/www.joab.se\/fi\/tuotteet\/vaihtolavalaite\/\">Vaihtolavalaite<\/a> \u00bb <span class=\"breadcrumb_last\" aria-current=\"page\">Vaihtolavalaite S8<\/span><\/span><\/span><\/span><\/span><\/p>    <\/div>\n\n<\/div><\/div><\/div><\/div><div id=\"pg-15528-1\"  class=\"panel-grid panel-no-style\" ><div id=\"pgc-15528-1-0\"  class=\"panel-grid-cell\" ><div id=\"panel-15528-1-0-0\" class=\"so-panel widget widget_sow-editor panel-first-child\" data-index=\"1\" ><div\n\t\t\t\n\t\t\tclass=\"so-widget-sow-editor so-widget-sow-editor-base\"\n\t\t\t\n\t\t>\n<div class=\"siteorigin-widget-tinymce textwidget\">\n\t<h2><strong>VAIHTOLAVALAITE <\/strong>S8<\/h2>\n<p>S8 on k\u00e4tev\u00e4, helppok\u00e4ytt\u00f6inen ja nopea vaihtolavalaite. Rakenteemme rakennekorkeus ja omapaino ovat markkinoiden matalimpia.<\/p>\n<p><strong>Lyhyesti<\/strong><\/p>\n<ul>\n<li>8 tonnin nosto- ja kippauskapasiteetti.<\/li>\n<li>Sovitettu 2-akselisille alustoille.<\/li>\n<li>Vankka rakenne takaa paremman kest\u00e4vyyden ja pidemm\u00e4n k\u00e4ytt\u00f6i\u00e4n.<\/li>\n<li>Automaattinen laskujarru rajoittaa nopeutta laskuliikkeen loppuvaiheessa.<\/li>\n<li>Koukun korkeus, 930mm.<\/li>\n<li>Laaja varustevalikoima, joka on sovitettu juuri sinun tarpeisiisi.<\/li>\n<li>Sis\u00e4ltyy FBS-konseptiimme, joka koostuu korroosionkest\u00e4vist\u00e4 tuotteista (maalattu kokoonpanon yhteydess\u00e4). FBS tarkoittaa my\u00f6s lyhyempi\u00e4 toimitusaikoja.<\/li>\n<li>Tarjoaa sinulle monivuotisen, kannattavan omistajuuden.<\/li>\n<\/ul>\n<p><strong>Lis\u00e4varusteet<\/strong><\/p>\n<ul>\n<li>Radio-ohjaus<\/li>\n<li>Nosturirungon tapit<\/li>\n<li>Ty\u00f6v\u00e4linekiinnike<\/li>\n<li>Iskunkest\u00e4v\u00e4 eturunko<\/li>\n<li>Eturungon holkit<\/li>\n<\/ul>\n<\/div>\n<\/div><\/div><div id=\"panel-15528-1-0-1\" class=\"so-panel widget widget_joab-product-puffs-widget panel-last-child\" data-index=\"2\" ><div\n\t\t\t\n\t\t\tclass=\"so-widget-joab-product-puffs-widget so-widget-joab-product-puffs-widget-default-d75171398898-15528\"\n\t\t\t\n\t\t><div class=\"product-puffs-container\">\n        <div class=\"product-puff\">\n                <div class=\"puff-icon\">\n            <img loading=\"lazy\" decoding=\"async\" src=\"https:\/\/www.joab.se\/wp-content\/themes\/joab\/img\/icons\/laddaner.svg\" width=\"100\" height=\"100\" class=\"joab-icon laddaner\" \/>        <\/div>\n\n                <h3>Lataa tuotesivu (pdf)<\/h3>\n        \n                    <ul>\n                                    <li><a href=\"https:\/\/www.joab.se\/wp-content\/uploads\/2021\/01\/S8-Lastvaxlare-202101-FI.pdf\"> Vaihtolavalaite S8 - FI<\/a><\/li>\n                                    <li><a href=\"https:\/\/www.joab.se\/wp-content\/uploads\/2020\/09\/S8-Lastvaxlare-202008.pdf\"> Lastv\u00e4xlare S8 - SV<\/a><\/li>\n                                    <li><a href=\"https:\/\/www.joab.se\/wp-content\/uploads\/2020\/09\/S8-Lastvaxlare-ENG.pdf\"> Hooklift S8 - ENG<\/a><\/li>\n                            <\/ul>\n        \n            <\/div>\n        <div class=\"product-puff\">\n                <a href=\"https:\/\/www.joab.se\/fi\/yhteystiedot\/\">\n                <div class=\"puff-icon\">\n            <img loading=\"lazy\" decoding=\"async\" src=\"https:\/\/www.joab.se\/wp-content\/themes\/joab\/img\/icons\/faq.svg\" width=\"100\" height=\"100\" class=\"joab-icon faq\" \/>        <\/div>\n\n                <h3>Ota yhteytt\u00e4<\/h3>\n        \n        \n                <\/a>\n            <\/div>\n        <div class=\"product-puff\">\n                <a href=\"https:\/\/www.joab.se\/fi\/varaa-koeajo\/\">\n                <div class=\"puff-icon\">\n            <img loading=\"lazy\" decoding=\"async\" src=\"https:\/\/www.joab.se\/wp-content\/themes\/joab\/img\/icons\/provkorning.svg\" width=\"100\" height=\"100\" class=\"joab-icon provkorning\" \/>        <\/div>\n\n                <h3>Varaa koeajo<\/h3>\n        \n        \n                <\/a>\n            <\/div>\n        <div class=\"product-puff\">\n                <a href=\"https:\/\/www.joab.se\/fi\/tarjouspyynto\/\">\n                <div class=\"puff-icon\">\n            <img loading=\"lazy\" decoding=\"async\" src=\"https:\/\/www.joab.se\/wp-content\/themes\/joab\/img\/icons\/offert.svg\" width=\"100\" height=\"100\" class=\"joab-icon offert\" \/>        <\/div>\n\n                <h3>Pyyd\u00e4 tarjous<\/h3>\n        \n        \n                <\/a>\n            <\/div>\n    <\/div>\n\n<\/div><\/div><\/div><div id=\"pgc-15528-1-1\"  class=\"panel-grid-cell\" ><div id=\"panel-15528-1-1-0\" class=\"so-panel widget widget_joab-product-image-gallery-widget panel-first-child panel-last-child\" data-index=\"3\" ><div\n\t\t\t\n\t\t\tclass=\"so-widget-joab-product-image-gallery-widget so-widget-joab-product-image-gallery-widget-default-d75171398898-15528\"\n\t\t\t\n\t\t><div class=\"product-gallery-container\">\n    <ul class=\"lightbox-gallery\">\n                        <li><img loading=\"lazy\" decoding=\"async\" width=\"1000\" height=\"729\" src=\"https:\/\/www.joab.se\/wp-content\/uploads\/2020\/09\/2013-04-30-011-1000x729.jpg\" class=\"attachment-joab-product-large size-joab-product-large wp-post-image\" alt=\"\" data-original-src=\"https:\/\/www.joab.se\/wp-content\/uploads\/2020\/09\/2013-04-30-011-1000x729.jpg\" data-poptype=\"image\" srcset=\"https:\/\/www.joab.se\/wp-content\/uploads\/2020\/09\/2013-04-30-011-1000x729.jpg 1000w, https:\/\/www.joab.se\/wp-content\/uploads\/2020\/09\/2013-04-30-011-300x219.jpg 300w, https:\/\/www.joab.se\/wp-content\/uploads\/2020\/09\/2013-04-30-011-1024x747.jpg 1024w, https:\/\/www.joab.se\/wp-content\/uploads\/2020\/09\/2013-04-30-011-768x560.jpg 768w, https:\/\/www.joab.se\/wp-content\/uploads\/2020\/09\/2013-04-30-011-1536x1120.jpg 1536w, https:\/\/www.joab.se\/wp-content\/uploads\/2020\/09\/2013-04-30-011.jpg 1920w\" sizes=\"auto, (max-width: 1000px) 100vw, 1000px\" \/><\/li>\n                        <li><div class=\"gallery-item image-thumbnail\" data-original-src=\"https:\/\/www.joab.se\/wp-content\/uploads\/2020\/09\/S-12-1000x729.jpg\" data-poptype=\"image\"><img loading=\"lazy\" decoding=\"async\" width=\"300\" height=\"220\" src=\"https:\/\/www.joab.se\/wp-content\/uploads\/2020\/09\/S-12-300x220.jpg\" class=\"attachment-joab-product-thumb size-joab-product-thumb\" alt=\"\" srcset=\"https:\/\/www.joab.se\/wp-content\/uploads\/2020\/09\/S-12-300x219.jpg 300w, https:\/\/www.joab.se\/wp-content\/uploads\/2020\/09\/S-12-1000x729.jpg 1000w, https:\/\/www.joab.se\/wp-content\/uploads\/2020\/09\/S-12-768x560.jpg 768w, https:\/\/www.joab.se\/wp-content\/uploads\/2020\/09\/S-12.jpg 1024w\" sizes=\"auto, (max-width: 300px) 100vw, 300px\" \/><\/div><\/li>\n                        <li><div class=\"gallery-item image-thumbnail\" data-original-src=\"https:\/\/www.joab.se\/wp-content\/uploads\/2020\/09\/HMF-975-med-lvx-S8-1000x664.jpg\" data-poptype=\"image\"><img loading=\"lazy\" decoding=\"async\" width=\"300\" height=\"220\" src=\"https:\/\/www.joab.se\/wp-content\/uploads\/2020\/09\/HMF-975-med-lvx-S8-300x220.jpg\" class=\"attachment-joab-product-thumb size-joab-product-thumb\" alt=\"\" \/><\/div><\/li>\n                        <li><div class=\"gallery-item image-thumbnail\" data-original-src=\"https:\/\/www.joab.se\/wp-content\/uploads\/2020\/09\/S1015_cad-1.jpg\" data-poptype=\"image\"><img loading=\"lazy\" decoding=\"async\" width=\"300\" height=\"220\" src=\"https:\/\/www.joab.se\/wp-content\/uploads\/2020\/09\/S1015_cad-1-300x220.jpg\" class=\"attachment-joab-product-thumb size-joab-product-thumb\" alt=\"\" \/><\/div><\/li>\n            <\/ul>\n<\/div>\n\n<\/div><\/div><\/div><\/div><div id=\"pg-15528-2\"  class=\"panel-grid panel-has-style\" ><div class=\"panel-row-style panel-row-style-for-15528-2\" ><div id=\"pgc-15528-2-0\"  class=\"panel-grid-cell\" ><div id=\"panel-15528-2-0-0\" class=\"so-panel widget widget_joab-product-spec-table-widget panel-first-child\" data-index=\"4\" ><div\n\t\t\t\n\t\t\tclass=\"so-widget-joab-product-spec-table-widget so-widget-joab-product-spec-table-widget-default-d75171398898-15528\"\n\t\t\t\n\t\t><div class=\"product-spec-3d-container\">\n    <h2>TUOTETIEDOT<\/h2>\n\n    <div class=\"spec-table-container table-responsive\">\n        <table class=\"table table-striped table-bordered joab-product-spec-table\">\n            <thead>\n                <tr>\n                                        <th>\n                        Malli                    <\/th>\n                                        <th>\n                        Paino (kg) (endast lvxaggregat)                    <\/th>\n                                        <th>\n                        Enimm\u00e4iskapasiteetti (t)                    <\/th>\n                                        <th>\n                        Paine (bar)                    <\/th>\n                                        <th>\n                        a                    <\/th>\n                                        <th>\n                        C\/C (mm)                    <\/th>\n                                        <th>\n                        L (mm)                    <\/th>\n                                        <th>\n                        A (mm)                    <\/th>\n                                        <th>\n                        H (mm)                    <\/th>\n                                        <th>\n                        h (mm)                     <\/th>\n                                        <th>\n                        Hydraulilukko                    <\/th>\n                                        <th>\n                        Suos. kuormalava.                    <\/th>\n                                    <\/tr>\n            <\/thead>\n            <tbody>\n                                <tr>\n                                        <td>\n                        S8-3438 CA                    <\/td>\n                                        <td>\n                        940                    <\/td>\n                                        <td>\n                        8                    <\/td>\n                                        <td>\n                        260                    <\/td>\n                                        <td>\n                        59                    <\/td>\n                                        <td>\n                        3438                    <\/td>\n                                        <td>\n                        3600                    <\/td>\n                                        <td>\n                        700                    <\/td>\n                                        <td>\n                        930                    <\/td>\n                                        <td>\n                        180                    <\/td>\n                                        <td>\n                        2135                    <\/td>\n                                        <td>\n                        3500-4000                    <\/td>\n                                    <\/tr>\n                                <tr>\n                                        <td>\n                        S8-3738 CA                    <\/td>\n                                        <td>\n                        950                    <\/td>\n                                        <td>\n                        8                    <\/td>\n                                        <td>\n                        260                    <\/td>\n                                        <td>\n                        51                    <\/td>\n                                        <td>\n                        3738                    <\/td>\n                                        <td>\n                        3900                    <\/td>\n                                        <td>\n                        700                    <\/td>\n                                        <td>\n                        930                    <\/td>\n                                        <td>\n                        180                    <\/td>\n                                        <td>\n                        2135                    <\/td>\n                                        <td>\n                        3800-4300                    <\/td>\n                                    <\/tr>\n                                <tr>\n                                        <td>\n                        S8-4038 CA                    <\/td>\n                                        <td>\n                        960                    <\/td>\n                                        <td>\n                        8                    <\/td>\n                                        <td>\n                        260                    <\/td>\n                                        <td>\n                        45                    <\/td>\n                                        <td>\n                        4038                    <\/td>\n                                        <td>\n                        4200                    <\/td>\n                                        <td>\n                        700                    <\/td>\n                                        <td>\n                        930                    <\/td>\n                                        <td>\n                        180                    <\/td>\n                                        <td>\n                        2135                    <\/td>\n                                        <td>\n                        4100-4600                    <\/td>\n                                    <\/tr>\n                            <\/tbody>\n        <\/table>\n    <\/div>\n<\/div>\n\n<\/div><\/div><div id=\"panel-15528-2-0-1\" class=\"so-panel widget widget_joab-product-spec-widget panel-last-child\" data-index=\"5\" ><div\n\t\t\t\n\t\t\tclass=\"so-widget-joab-product-spec-widget so-widget-joab-product-spec-widget-default-d75171398898-15528\"\n\t\t\t\n\t\t><div class=\"product-specification-container\">\n    \n    <ul class=\"product-specifications\">\n        <\/ul>\n\n        <ul class=\"product-specifications-illustrations\">\n                    <li><span href=\"#\" class=\"btn btn-secondary\">N\u00e4yt\u00e4 luonnosmitat &gt;&gt;<\/span><img loading=\"lazy\" decoding=\"async\" width=\"964\" height=\"454\" src=\"https:\/\/www.joab.se\/wp-content\/uploads\/2020\/09\/S8_skissmatt2.jpg\" class=\"attachment-large size-large\" alt=\"\" srcset=\"https:\/\/www.joab.se\/wp-content\/uploads\/2020\/09\/S8_skissmatt2.jpg 964w, https:\/\/www.joab.se\/wp-content\/uploads\/2020\/09\/S8_skissmatt2-300x141.jpg 300w, https:\/\/www.joab.se\/wp-content\/uploads\/2020\/09\/S8_skissmatt2-768x362.jpg 768w\" sizes=\"auto, (max-width: 964px) 100vw, 964px\" \/><\/li>\n            <\/ul>\n    <\/div>\n<\/div><\/div><\/div><\/div><\/div><div id=\"pg-15528-3\"  class=\"panel-grid panel-no-style\" ><div id=\"pgc-15528-3-0\"  class=\"panel-grid-cell panel-grid-cell-empty\" ><\/div><\/div><\/div>","protected":false},"excerpt":{"rendered":"<p>VAIHTOLAVALAITE S8 S8 on k\u00e4tev\u00e4, helppok\u00e4ytt\u00f6inen ja nopea vaihtolavalaite. Rakenteemme rakennekorkeus ja omapaino ovat markkinoiden matalimpia. Lyhyesti 8 tonnin nosto- ja kippauskapasiteetti. Sovitettu 2-akselisille alustoille. Vankka rakenne takaa paremman kest\u00e4vyyden ja pidemm\u00e4n k\u00e4ytt\u00f6i\u00e4n. Automaattinen laskujarru rajoittaa nopeutta laskuliikkeen loppuvaiheessa. Koukun korkeus, 930mm. Laaja varustevalikoima, joka on sovitettu juuri sinun tarpeisiisi. Sis\u00e4ltyy FBS-konseptiimme, joka koostuu korroosionkest\u00e4vist\u00e4 [&hellip;]<\/p>\n","protected":false},"author":2,"featured_media":9551,"parent":0,"template":"","meta":{"footnotes":""},"product_type":[3],"class_list":["post-15528","product","type-product","status-publish","has-post-thumbnail","hentry"],"yoast_head":"<!-- This site is optimized with the Yoast SEO plugin v27.4 - https:\/\/yoast.com\/product\/yoast-seo-wordpress\/ -->\n<title>Vaihtolavalaite S8 - JOAB<\/title>\n<meta name=\"robots\" content=\"index, follow, max-snippet:-1, max-image-preview:large, max-video-preview:-1\" \/>\n<link rel=\"canonical\" href=\"https:\/\/www.joab.se\/fi\/tuote\/vaihtolavalaite-s8\/\" \/>\n<meta property=\"og:locale\" content=\"fi_FI\" \/>\n<meta property=\"og:type\" content=\"article\" \/>\n<meta property=\"og:title\" content=\"Vaihtolavalaite S8 - JOAB\" \/>\n<meta property=\"og:description\" content=\"VAIHTOLAVALAITE S8 S8 on k\u00e4tev\u00e4, helppok\u00e4ytt\u00f6inen ja nopea vaihtolavalaite. Rakenteemme rakennekorkeus ja omapaino ovat markkinoiden matalimpia. Lyhyesti 8 tonnin nosto- ja kippauskapasiteetti. Sovitettu 2-akselisille alustoille. Vankka rakenne takaa paremman kest\u00e4vyyden ja pidemm\u00e4n k\u00e4ytt\u00f6i\u00e4n. Automaattinen laskujarru rajoittaa nopeutta laskuliikkeen loppuvaiheessa. Koukun korkeus, 930mm. Laaja varustevalikoima, joka on sovitettu juuri sinun tarpeisiisi. Sis\u00e4ltyy FBS-konseptiimme, joka koostuu korroosionkest\u00e4vist\u00e4 [&hellip;]\" \/>\n<meta property=\"og:url\" content=\"https:\/\/www.joab.se\/fi\/tuote\/vaihtolavalaite-s8\/\" \/>\n<meta property=\"og:site_name\" content=\"JOAB\" \/>\n<meta property=\"article:publisher\" content=\"https:\/\/www.facebook.com\/joabsverige\/\" \/>\n<meta property=\"article:modified_time\" content=\"2024-09-26T08:06:23+00:00\" \/>\n<meta property=\"og:image\" content=\"https:\/\/www.joab.se\/wp-content\/uploads\/2020\/09\/2013-04-30-011-1024x747.jpg\" \/>\n\t<meta property=\"og:image:width\" content=\"1024\" \/>\n\t<meta property=\"og:image:height\" content=\"747\" \/>\n\t<meta property=\"og:image:type\" content=\"image\/jpeg\" \/>\n<meta name=\"twitter:card\" content=\"summary_large_image\" \/>\n<meta name=\"twitter:label1\" content=\"Arvioitu lukuaika\" \/>\n\t<meta name=\"twitter:data1\" content=\"3 minuuttia\" \/>\n<script type=\"application\/ld+json\" class=\"yoast-schema-graph\">{\"@context\":\"https:\\\/\\\/schema.org\",\"@graph\":[{\"@type\":\"WebPage\",\"@id\":\"https:\\\/\\\/www.joab.se\\\/fi\\\/tuote\\\/vaihtolavalaite-s8\\\/\",\"url\":\"https:\\\/\\\/www.joab.se\\\/fi\\\/tuote\\\/vaihtolavalaite-s8\\\/\",\"name\":\"Vaihtolavalaite S8 - JOAB\",\"isPartOf\":{\"@id\":\"https:\\\/\\\/www.joab.se\\\/#website\"},\"primaryImageOfPage\":{\"@id\":\"https:\\\/\\\/www.joab.se\\\/fi\\\/tuote\\\/vaihtolavalaite-s8\\\/#primaryimage\"},\"image\":{\"@id\":\"https:\\\/\\\/www.joab.se\\\/fi\\\/tuote\\\/vaihtolavalaite-s8\\\/#primaryimage\"},\"thumbnailUrl\":\"https:\\\/\\\/www.joab.se\\\/wp-content\\\/uploads\\\/2020\\\/09\\\/2013-04-30-011.jpg\",\"datePublished\":\"2020-09-09T16:09:02+00:00\",\"dateModified\":\"2024-09-26T08:06:23+00:00\",\"breadcrumb\":{\"@id\":\"https:\\\/\\\/www.joab.se\\\/fi\\\/tuote\\\/vaihtolavalaite-s8\\\/#breadcrumb\"},\"inLanguage\":\"fi\",\"potentialAction\":[{\"@type\":\"ReadAction\",\"target\":[\"https:\\\/\\\/www.joab.se\\\/fi\\\/tuote\\\/vaihtolavalaite-s8\\\/\"]}]},{\"@type\":\"ImageObject\",\"inLanguage\":\"fi\",\"@id\":\"https:\\\/\\\/www.joab.se\\\/fi\\\/tuote\\\/vaihtolavalaite-s8\\\/#primaryimage\",\"url\":\"https:\\\/\\\/www.joab.se\\\/wp-content\\\/uploads\\\/2020\\\/09\\\/2013-04-30-011.jpg\",\"contentUrl\":\"https:\\\/\\\/www.joab.se\\\/wp-content\\\/uploads\\\/2020\\\/09\\\/2013-04-30-011.jpg\",\"width\":1920,\"height\":1400},{\"@type\":\"BreadcrumbList\",\"@id\":\"https:\\\/\\\/www.joab.se\\\/fi\\\/tuote\\\/vaihtolavalaite-s8\\\/#breadcrumb\",\"itemListElement\":[{\"@type\":\"ListItem\",\"position\":1,\"name\":\"Etusivu\",\"item\":\"https:\\\/\\\/www.joab.se\\\/fi\\\/\"},{\"@type\":\"ListItem\",\"position\":2,\"name\":\"Vaihtolavalaite S8\"}]},{\"@type\":\"WebSite\",\"@id\":\"https:\\\/\\\/www.joab.se\\\/#website\",\"url\":\"https:\\\/\\\/www.joab.se\\\/\",\"name\":\"JOAB\",\"description\":\"En till WordPress-webbplats\",\"publisher\":{\"@id\":\"https:\\\/\\\/www.joab.se\\\/#organization\"},\"potentialAction\":[{\"@type\":\"SearchAction\",\"target\":{\"@type\":\"EntryPoint\",\"urlTemplate\":\"https:\\\/\\\/www.joab.se\\\/?s={search_term_string}\"},\"query-input\":{\"@type\":\"PropertyValueSpecification\",\"valueRequired\":true,\"valueName\":\"search_term_string\"}}],\"inLanguage\":\"fi\"},{\"@type\":\"Organization\",\"@id\":\"https:\\\/\\\/www.joab.se\\\/#organization\",\"name\":\"JOAB F\u00f6rs\u00e4ljnings AB\",\"url\":\"https:\\\/\\\/www.joab.se\\\/\",\"logo\":{\"@type\":\"ImageObject\",\"inLanguage\":\"fi\",\"@id\":\"https:\\\/\\\/www.joab.se\\\/#\\\/schema\\\/logo\\\/image\\\/\",\"url\":\"https:\\\/\\\/www.joab.se\\\/wp-content\\\/uploads\\\/2023\\\/02\\\/logo_storre.png\",\"contentUrl\":\"https:\\\/\\\/www.joab.se\\\/wp-content\\\/uploads\\\/2023\\\/02\\\/logo_storre.png\",\"width\":3100,\"height\":889,\"caption\":\"JOAB F\u00f6rs\u00e4ljnings AB\"},\"image\":{\"@id\":\"https:\\\/\\\/www.joab.se\\\/#\\\/schema\\\/logo\\\/image\\\/\"},\"sameAs\":[\"https:\\\/\\\/www.facebook.com\\\/joabsverige\\\/\",\"https:\\\/\\\/www.instagram.com\\\/joab.se\\\/?hl=sv\",\"https:\\\/\\\/www.linkedin.com\\\/company\\\/joab-ab\\\/\",\"https:\\\/\\\/www.youtube.com\\\/@joab2194\\\/featured\"]}]}<\/script>\n<!-- \/ Yoast SEO plugin. -->","yoast_head_json":{"title":"Vaihtolavalaite S8 - JOAB","robots":{"index":"index","follow":"follow","max-snippet":"max-snippet:-1","max-image-preview":"max-image-preview:large","max-video-preview":"max-video-preview:-1"},"canonical":"https:\/\/www.joab.se\/fi\/tuote\/vaihtolavalaite-s8\/","og_locale":"fi_FI","og_type":"article","og_title":"Vaihtolavalaite S8 - JOAB","og_description":"VAIHTOLAVALAITE S8 S8 on k\u00e4tev\u00e4, helppok\u00e4ytt\u00f6inen ja nopea vaihtolavalaite. Rakenteemme rakennekorkeus ja omapaino ovat markkinoiden matalimpia. Lyhyesti 8 tonnin nosto- ja kippauskapasiteetti. Sovitettu 2-akselisille alustoille. Vankka rakenne takaa paremman kest\u00e4vyyden ja pidemm\u00e4n k\u00e4ytt\u00f6i\u00e4n. Automaattinen laskujarru rajoittaa nopeutta laskuliikkeen loppuvaiheessa. Koukun korkeus, 930mm. Laaja varustevalikoima, joka on sovitettu juuri sinun tarpeisiisi. Sis\u00e4ltyy FBS-konseptiimme, joka koostuu korroosionkest\u00e4vist\u00e4 [&hellip;]","og_url":"https:\/\/www.joab.se\/fi\/tuote\/vaihtolavalaite-s8\/","og_site_name":"JOAB","article_publisher":"https:\/\/www.facebook.com\/joabsverige\/","article_modified_time":"2024-09-26T08:06:23+00:00","og_image":[{"width":1024,"height":747,"url":"https:\/\/www.joab.se\/wp-content\/uploads\/2020\/09\/2013-04-30-011-1024x747.jpg","type":"image\/jpeg"}],"twitter_card":"summary_large_image","twitter_misc":{"Arvioitu lukuaika":"3 minuuttia"},"schema":{"@context":"https:\/\/schema.org","@graph":[{"@type":"WebPage","@id":"https:\/\/www.joab.se\/fi\/tuote\/vaihtolavalaite-s8\/","url":"https:\/\/www.joab.se\/fi\/tuote\/vaihtolavalaite-s8\/","name":"Vaihtolavalaite S8 - JOAB","isPartOf":{"@id":"https:\/\/www.joab.se\/#website"},"primaryImageOfPage":{"@id":"https:\/\/www.joab.se\/fi\/tuote\/vaihtolavalaite-s8\/#primaryimage"},"image":{"@id":"https:\/\/www.joab.se\/fi\/tuote\/vaihtolavalaite-s8\/#primaryimage"},"thumbnailUrl":"https:\/\/www.joab.se\/wp-content\/uploads\/2020\/09\/2013-04-30-011.jpg","datePublished":"2020-09-09T16:09:02+00:00","dateModified":"2024-09-26T08:06:23+00:00","breadcrumb":{"@id":"https:\/\/www.joab.se\/fi\/tuote\/vaihtolavalaite-s8\/#breadcrumb"},"inLanguage":"fi","potentialAction":[{"@type":"ReadAction","target":["https:\/\/www.joab.se\/fi\/tuote\/vaihtolavalaite-s8\/"]}]},{"@type":"ImageObject","inLanguage":"fi","@id":"https:\/\/www.joab.se\/fi\/tuote\/vaihtolavalaite-s8\/#primaryimage","url":"https:\/\/www.joab.se\/wp-content\/uploads\/2020\/09\/2013-04-30-011.jpg","contentUrl":"https:\/\/www.joab.se\/wp-content\/uploads\/2020\/09\/2013-04-30-011.jpg","width":1920,"height":1400},{"@type":"BreadcrumbList","@id":"https:\/\/www.joab.se\/fi\/tuote\/vaihtolavalaite-s8\/#breadcrumb","itemListElement":[{"@type":"ListItem","position":1,"name":"Etusivu","item":"https:\/\/www.joab.se\/fi\/"},{"@type":"ListItem","position":2,"name":"Vaihtolavalaite S8"}]},{"@type":"WebSite","@id":"https:\/\/www.joab.se\/#website","url":"https:\/\/www.joab.se\/","name":"JOAB","description":"En till WordPress-webbplats","publisher":{"@id":"https:\/\/www.joab.se\/#organization"},"potentialAction":[{"@type":"SearchAction","target":{"@type":"EntryPoint","urlTemplate":"https:\/\/www.joab.se\/?s={search_term_string}"},"query-input":{"@type":"PropertyValueSpecification","valueRequired":true,"valueName":"search_term_string"}}],"inLanguage":"fi"},{"@type":"Organization","@id":"https:\/\/www.joab.se\/#organization","name":"JOAB F\u00f6rs\u00e4ljnings AB","url":"https:\/\/www.joab.se\/","logo":{"@type":"ImageObject","inLanguage":"fi","@id":"https:\/\/www.joab.se\/#\/schema\/logo\/image\/","url":"https:\/\/www.joab.se\/wp-content\/uploads\/2023\/02\/logo_storre.png","contentUrl":"https:\/\/www.joab.se\/wp-content\/uploads\/2023\/02\/logo_storre.png","width":3100,"height":889,"caption":"JOAB F\u00f6rs\u00e4ljnings AB"},"image":{"@id":"https:\/\/www.joab.se\/#\/schema\/logo\/image\/"},"sameAs":["https:\/\/www.facebook.com\/joabsverige\/","https:\/\/www.instagram.com\/joab.se\/?hl=sv","https:\/\/www.linkedin.com\/company\/joab-ab\/","https:\/\/www.youtube.com\/@joab2194\/featured"]}]}},"_links":{"self":[{"href":"https:\/\/www.joab.se\/fi\/wp-json\/wp\/v2\/product\/15528","targetHints":{"allow":["GET"]}}],"collection":[{"href":"https:\/\/www.joab.se\/fi\/wp-json\/wp\/v2\/product"}],"about":[{"href":"https:\/\/www.joab.se\/fi\/wp-json\/wp\/v2\/types\/product"}],"author":[{"embeddable":true,"href":"https:\/\/www.joab.se\/fi\/wp-json\/wp\/v2\/users\/2"}],"version-history":[{"count":23,"href":"https:\/\/www.joab.se\/fi\/wp-json\/wp\/v2\/product\/15528\/revisions"}],"predecessor-version":[{"id":30488,"href":"https:\/\/www.joab.se\/fi\/wp-json\/wp\/v2\/product\/15528\/revisions\/30488"}],"wp:featuredmedia":[{"embeddable":true,"href":"https:\/\/www.joab.se\/fi\/wp-json\/wp\/v2\/media\/9551"}],"wp:attachment":[{"href":"https:\/\/www.joab.se\/fi\/wp-json\/wp\/v2\/media?parent=15528"}],"wp:term":[{"taxonomy":"product_type","embeddable":true,"href":"https:\/\/www.joab.se\/fi\/wp-json\/wp\/v2\/product_type?post=15528"}],"curies":[{"name":"wp","href":"https:\/\/api.w.org\/{rel}","templated":true}]}}