{"id":15485,"date":"2020-09-03T09:41:15","date_gmt":"2020-09-03T07:41:15","guid":{"rendered":"https:\/\/www.joab.se\/?post_type=product&#038;p=15485"},"modified":"2024-11-21T08:28:59","modified_gmt":"2024-11-21T07:28:59","slug":"ecodrive-vaihtolavalaite-l-la","status":"publish","type":"product","link":"https:\/\/www.joab.se\/fi\/tuote\/ecodrive-vaihtolavalaite-l-la\/","title":{"rendered":"EcoDrive- Vaihtolavalaite L &#038; LA"},"content":{"rendered":"<div id=\"pl-15485\"  class=\"panel-layout\" ><div id=\"pg-15485-0\"  class=\"panel-grid panel-no-style\" ><div id=\"pgc-15485-0-0\"  class=\"panel-grid-cell\" ><div id=\"panel-15485-0-0-0\" class=\"so-panel widget widget_joab-hero-banner-widget panel-first-child panel-last-child\" data-index=\"0\" ><div\n\t\t\t\n\t\t\tclass=\"so-widget-joab-hero-banner-widget so-widget-joab-hero-banner-widget-default-d75171398898-15485\"\n\t\t\t\n\t\t><div class=\"hero-banner-container\" style=\"background: linear-gradient( rgba(0, 0, 0, 0.5), rgba(0, 0, 0, 0.5) ), url('https:\/\/www.joab.se\/wp-content\/uploads\/2023\/11\/Lastvaxlare-puff_JOAB.jpg');background-position: 50% 50%\">\n        <div class=\"hero-content\">\n      <div class=\"border-container\" style=\"max-width: 40%\">\n          <h1 style=\"font-size: 3vw\">TULEVAISUUTTA VARTEN RAKENNETTU VAIHTOLAVALAITE, SINULLE RAKENNETTU<\/h1>\n      <\/div>\n    <\/div>\n<\/div>\n\n<div class=\"breadcrumbs\">\n            <p id=\"breadcrumbs\"><span><span><a href=\"https:\/\/www.joab.se\/fi\/\">Etusivu<\/a> \u00bb <span><a href=\"https:\/\/www.joab.se\/fi\/tuotteet\/\">Tuotteet<\/a> \u00bb <span><a href=\"https:\/\/www.joab.se\/fi\/tuotteet\/vaihtolavalaite\/\">Vaihtolavalaite<\/a> \u00bb <span class=\"breadcrumb_last\" aria-current=\"page\">EcoDrive- Vaihtolavalaite L & LA<\/span><\/span><\/span><\/span><\/span><\/p>    <\/div>\n\n<\/div><\/div><\/div><\/div><div id=\"pg-15485-1\"  class=\"panel-grid panel-no-style\" ><div id=\"pgc-15485-1-0\"  class=\"panel-grid-cell\" ><div id=\"panel-15485-1-0-0\" class=\"so-panel widget widget_sow-editor panel-first-child\" data-index=\"1\" ><div\n\t\t\t\n\t\t\tclass=\"so-widget-sow-editor so-widget-sow-editor-base\"\n\t\t\t\n\t\t>\n<div class=\"siteorigin-widget-tinymce textwidget\">\n\t<h2><strong>ECODRIVE-VAIHTOLAVALAITE<\/strong><\/h2>\n<p>EcoDrive-vaihtolavalaitteemme on t\u00e4ynn\u00e4 \u00e4lykk\u00e4it\u00e4 toimintoja. Patentoitu EcoDrive-j\u00e4rjestelm\u00e4 pienent\u00e4\u00e4 polttoaineenkulutusta samalla kun se auttaa kuljettajaa toimimaan turvallisemmin, nopeammin ja helpommin.<\/p>\n<ul>\n<li>18, 21, 24, 27 ja 30 tonnin nosto- ja kippauskapasiteetti.<\/li>\n<li>EcoDriven k\u00e4ytt\u00f6* s\u00e4\u00e4st\u00e4\u00e4 jopa 50 % energiaa verrattuna kilpaileviin vaihtolavalaitteisiin.<\/li>\n<li>V\u00e4hemm\u00e4n antureita ja hydrauliikkakomponentteja.<\/li>\n<li>Suurempi v\u00e4\u00e4nt\u00f6j\u00e4ykkyys ja kippausvakavuus.<\/li>\n<li>Jopa 150 kg kevyempi.<\/li>\n<li>IPC-j\u00e4rjestelm\u00e4 tunnistaa milloin pumppu pit\u00e4\u00e4 aktivoida ja se kytket\u00e4\u00e4n p\u00e4\u00e4lle ainoastaan silloin, kun voimaa tarvitaan.<\/li>\n<li>EcoDrive-j\u00e4rjestelm\u00e4 on moduulirakenteinen, mink\u00e4 ansiosta siihen on helppo lis\u00e4t\u00e4 uusia moduuleja, esim. aurahydrauliikka.<\/li>\n<li>Rakenteemme rakennekorkeus ja omapaino ovat markkinoiden matalimpia.<\/li>\n<li>Automaattinen laskujarru rajoittaa nopeutta laskuliikkeen loppuvaiheessa.<\/li>\n<li>Sis\u00e4ltyy FBS-konseptiimme, joka koostuu korroosionkest\u00e4vist\u00e4 tuotteista (maalattu kokoonpanon yhteydess\u00e4). FBS tarkoittaa my\u00f6s lyhyempi\u00e4 toimitusaikoja.<\/li>\n<li>Tarjoamme laajan valikoiman toimintoja, jotka on sovitettu juuri sinun tarpeisiisi.<\/li>\n<\/ul>\n<p>&nbsp;<\/p>\n<p>Valinnan helpottamiseksi olemme koonneet useita pakettiratkaisuja erilaisilla valinnaisvarusteilla, joista l\u00f6yd\u00e4t tarpeisiisi sopivan ratkaisun:<\/p>\n<ul>\n<li>Pikasiirtopaketti<\/li>\n<li>Tekniikkapaketti<\/li>\n<\/ul>\n<\/div>\n<\/div><\/div><div id=\"panel-15485-1-0-1\" class=\"so-panel widget widget_joab-product-puffs-widget panel-last-child\" data-index=\"2\" ><div\n\t\t\t\n\t\t\tclass=\"so-widget-joab-product-puffs-widget so-widget-joab-product-puffs-widget-default-d75171398898-15485\"\n\t\t\t\n\t\t><div class=\"product-puffs-container\">\n        <div class=\"product-puff\">\n                <div class=\"puff-icon\">\n            <img loading=\"lazy\" decoding=\"async\" src=\"https:\/\/www.joab.se\/wp-content\/themes\/joab\/img\/icons\/laddaner.svg\" width=\"100\" height=\"100\" class=\"joab-icon laddaner\" \/>        <\/div>\n\n                <h3>Lataa tuotesivu (pdf)<\/h3>\n        \n                    <ul>\n                                    <li><a href=\"https:\/\/www.joab.se\/wp-content\/uploads\/2021\/06\/JOAB_folder_Lastvaxlare_297x210mm_FI_202106.pdf\"> EcoDrive kansio<\/a><\/li>\n                                    <li><a href=\"https:\/\/www.joab.se\/wp-content\/uploads\/2020\/09\/JOAB-EcoDrive-Vaihtolavalaite-LLA-2024-webb.pdf\"> EcoDrive tuote-esite<\/a><\/li>\n                            <\/ul>\n        \n            <\/div>\n        <div class=\"product-puff\">\n                <a href=\"https:\/\/www.joab.se\/fi\/yhteystiedot\/\">\n                <div class=\"puff-icon\">\n            <img loading=\"lazy\" decoding=\"async\" src=\"https:\/\/www.joab.se\/wp-content\/themes\/joab\/img\/icons\/faq.svg\" width=\"100\" height=\"100\" class=\"joab-icon faq\" \/>        <\/div>\n\n                <h3>Ota yhteytt\u00e4<\/h3>\n        \n        \n                <\/a>\n            <\/div>\n        <div class=\"product-puff\">\n                <a href=\"https:\/\/www.joab.se\/fi\/varaa-koeajo\/\">\n                <div class=\"puff-icon\">\n            <img loading=\"lazy\" decoding=\"async\" src=\"https:\/\/www.joab.se\/wp-content\/themes\/joab\/img\/icons\/provkorning.svg\" width=\"100\" height=\"100\" class=\"joab-icon provkorning\" \/>        <\/div>\n\n                <h3>Varaa koeajo<\/h3>\n        \n        \n                <\/a>\n            <\/div>\n        <div class=\"product-puff\">\n                <a href=\"https:\/\/www.joab.se\/fi\/tarjouspyynto\/\">\n                <div class=\"puff-icon\">\n            <img loading=\"lazy\" decoding=\"async\" src=\"https:\/\/www.joab.se\/wp-content\/themes\/joab\/img\/icons\/offert.svg\" width=\"100\" height=\"100\" class=\"joab-icon offert\" \/>        <\/div>\n\n                <h3>Pyyd\u00e4 tarjous<\/h3>\n        \n        \n                <\/a>\n            <\/div>\n    <\/div>\n\n<\/div><\/div><\/div><div id=\"pgc-15485-1-1\"  class=\"panel-grid-cell\" ><div id=\"panel-15485-1-1-0\" class=\"so-panel widget widget_joab-product-image-gallery-widget panel-first-child panel-last-child\" data-index=\"3\" ><div\n\t\t\t\n\t\t\tclass=\"so-widget-joab-product-image-gallery-widget so-widget-joab-product-image-gallery-widget-default-d75171398898-15485\"\n\t\t\t\n\t\t><div class=\"product-gallery-container\">\n    <ul class=\"lightbox-gallery\">\n                        <li><div class=\"gallery-main-video\">\n            <iframe loading=\"lazy\" width=\"100%\" height=\"100%\" src=\"https:\/\/www.youtube.com\/embed\/agYemz7uNhk?&autoplay=1&mute=1&controls=0&rel=0&disablekb=1&playlist=agYemz7uNhk&loop=1\" frameborder=\"0\" allow=\"autoplay; loop; mute; disablekb;\" allowfullscreen><\/iframe>\n            <\/div><\/li>\n                        <li><div class=\"gallery-item image-thumbnail\" data-original-src=\"https:\/\/www.joab.se\/wp-content\/uploads\/2020\/09\/DSC_4042_kopia-1000x677.jpg\" data-poptype=\"image\"><img loading=\"lazy\" decoding=\"async\" width=\"300\" height=\"220\" src=\"https:\/\/www.joab.se\/wp-content\/uploads\/2020\/09\/DSC_4042_kopia-300x220.jpg\" class=\"attachment-joab-product-thumb size-joab-product-thumb\" alt=\"\" \/><\/div><\/li>\n                        <li><div class=\"gallery-item image-thumbnail\" data-original-src=\"https:\/\/www.joab.se\/wp-content\/uploads\/2020\/09\/DSC_3929-1000x668.jpg\" data-poptype=\"image\"><img loading=\"lazy\" decoding=\"async\" width=\"300\" height=\"220\" src=\"https:\/\/www.joab.se\/wp-content\/uploads\/2020\/09\/DSC_3929-300x220.jpg\" class=\"attachment-joab-product-thumb size-joab-product-thumb\" alt=\"\" \/><\/div><\/li>\n                        <li><div class=\"gallery-item image-thumbnail\" data-original-src=\"https:\/\/www.joab.se\/wp-content\/uploads\/2020\/09\/260-835x1000.jpg\" data-poptype=\"image\"><img loading=\"lazy\" decoding=\"async\" width=\"300\" height=\"220\" src=\"https:\/\/www.joab.se\/wp-content\/uploads\/2020\/09\/260-300x220.jpg\" class=\"attachment-joab-product-thumb size-joab-product-thumb\" alt=\"\" \/><\/div><\/li>\n                        <li><div class=\"gallery-item image-thumbnail\" data-original-src=\"https:\/\/www.joab.se\/wp-content\/uploads\/2020\/09\/EcoDrive_2-1000x668.jpg\" data-poptype=\"image\"><img loading=\"lazy\" decoding=\"async\" width=\"300\" height=\"220\" src=\"https:\/\/www.joab.se\/wp-content\/uploads\/2020\/09\/EcoDrive_2-300x220.jpg\" class=\"attachment-joab-product-thumb size-joab-product-thumb\" alt=\"\" \/><\/div><\/li>\n                        <li><div class=\"gallery-item image-thumbnail\" data-original-src=\"https:\/\/www.joab.se\/wp-content\/uploads\/2021\/03\/EcoDrive-nyhet-1000x668.png\" data-poptype=\"image\"><img loading=\"lazy\" decoding=\"async\" width=\"300\" height=\"220\" src=\"https:\/\/www.joab.se\/wp-content\/uploads\/2021\/03\/EcoDrive-nyhet-300x220.png\" class=\"attachment-joab-product-thumb size-joab-product-thumb\" alt=\"\" \/><\/div><\/li>\n                        <li><div class=\"gallery-item video-thumbnail\" data-original-src=\"https:\/\/www.youtube.com\/embed\/iHzytTRBpt8\" data-poptype=\"video\"><img decoding=\"async\" src=\"https:\/\/img.youtube.com\/vi\/iHzytTRBpt8\/0.jpg\" alt=\"YouTube video\"  \/><\/div><\/li>\n            <\/ul>\n<\/div>\n\n<\/div><\/div><\/div><\/div><div id=\"pg-15485-2\"  class=\"panel-grid panel-no-style\" ><div id=\"pgc-15485-2-0\"  class=\"panel-grid-cell\" ><div id=\"panel-15485-2-0-0\" class=\"so-panel widget widget_joab-product-function-widget panel-first-child panel-last-child\" data-index=\"4\" ><div\n\t\t\t\n\t\t\tclass=\"so-widget-joab-product-function-widget so-widget-joab-product-function-widget-default-d75171398898-15485\"\n\t\t\t\n\t\t><div class=\"product-functions-container\">\n    <h2>TOIMINNOT<\/h2>\n\n    <div class=\"product-function-list\">\n                <div class=\"product-function\">\n                        <h3>Adjustable Hydraulic Flow - AHF<\/h3>\n            <p>S\u00e4\u00e4dett\u00e4v\u00e4 pumppaus n\u00e4yt\u00f6n avulla, voit helposti p\u00e4\u00e4tt\u00e4\u00e4 itse, kuinka paljon virtausta haluat sy\u00f6tt\u00e4\u00e4 kippiper\u00e4vaunuliit\u00e4nt\u00e4\u00e4n. N\u00e4ytt\u00f6 n\u00e4ytt\u00e4\u00e4 selv\u00e4sti valitsemasi virtauksen.<\/p>\n\n                    <\/div>\n                <div class=\"product-function\">\n                        <h3>Position Memory System \u2013 PMS<\/h3>\n            <p>Toiminto mahdollistaa kaksi muistipaikkaa \u00e4\u00e4riasennoille, esimerkiksi haettaessa kontteja maasta ja per\u00e4vaunusta.<\/p>\n\n                    <\/div>\n                <div class=\"product-function\">\n                        <h3>Fast Drive System \u2013 FDS<\/h3>\n            <p>\u00c4lyk\u00e4s portaaton pika-ajo ulos mahdollistaa nopeamman siirron. J\u00e4rjestelm\u00e4 tunnistaa kuormituksen ja tunnistaa optimaalisen nopeuden.<\/p>\n\n                    <\/div>\n                <div class=\"product-function\">\n                        <h3>Fast Lowering System \u2013 FLS+<\/h3>\n            <p>50% nopeampi laskutoiminto kuljettajille, jotka vaativat viel\u00e4 nopeampaa vastetta.<\/p>\n\n                    <\/div>\n                <div class=\"product-function\">\n                        <h3>Trailer Safety Tipper \u2013 TST<\/h3>\n            <p>EcoDrive-j\u00e4rjestelm\u00e4n avulla voit laskea per\u00e4vaunun, vaikka pumpun painike olisi pois p\u00e4\u00e4lt\u00e4. Toiminto valvoo my\u00f6s ajoneuvon nopeutta ja yli 50 km\/h nopeudessa aktivoidaan kippiper\u00e4vaunun lasku**, mik\u00e4 v\u00e4hent\u00e4\u00e4 onnettomuusriski\u00e4. Sen lis\u00e4ksi auton kippiper\u00e4vaunuliit\u00e4nn\u00e4ss\u00e4 ei koskaan ole painetta, kun kytket pikaliittimet. ** Vaatii CAN-yhteyden<\/p>\n\n                    <\/div>\n                <div class=\"product-function\">\n                        <h3>Ecodrive Tipper Mode \u2013 ETM<\/h3>\n            <p>Kippiautotoimintomme aktivoituu kippaustilassa. T\u00e4m\u00e4 tarkoittaa, ett\u00e4 voit laskea lavan yhdell\u00e4 painikkeen painalluksella. Lava laskeutuu oman painonsa vaikutuksesta hallitulla nopeudella ja turvallisesti.<\/p>\n\n                    <\/div>\n                <div class=\"product-function\">\n                        <h3>Trailer Fastlowering System \u2013 TFS<\/h3>\n            <p>Kippiper\u00e4vaunutoimintomme on jopa 50 % nopeampi laskutilassa. Optimoidussa hydrauliikassa \u00f6ljyll\u00e4 on enemm\u00e4n tilaa virrata nopeammin ja laskea lava nopeammin.<\/p>\n\n                    <\/div>\n                <div class=\"product-function\">\n                        <h3>Ecodrive Loadholding \u2013 ELH<\/h3>\n            <p>Suuri uutinen on uusi patentoitu kuormanpitoventtiilimme. Se tarjoaa jopa 50% energians\u00e4\u00e4st\u00f6n k\u00e4ytt\u00e4m\u00e4ll\u00e4 kaikkia k\u00e4ytett\u00e4viss\u00e4 olevia kineettisi\u00e4 energioita kuorman hallintaan. Kuormanpitoventtiiliss\u00e4 on integroituja turvallisuustoimintoja, kuten h\u00e4t\u00e4pys\u00e4ytyksen yhteydess\u00e4 nopeasti sulkeutuvat hydrauliventtiilit ja v\u00e4hemm\u00e4n vikaantuvia komponentteja.<\/p>\n\n                    <\/div>\n            <\/div>\n<\/div>\n<\/div><\/div><\/div><\/div><\/div>","protected":false},"excerpt":{"rendered":"<p>ECODRIVE-VAIHTOLAVALAITE EcoDrive-vaihtolavalaitteemme on t\u00e4ynn\u00e4 \u00e4lykk\u00e4it\u00e4 toimintoja. Patentoitu EcoDrive-j\u00e4rjestelm\u00e4 pienent\u00e4\u00e4 polttoaineenkulutusta samalla kun se auttaa kuljettajaa toimimaan turvallisemmin, nopeammin ja helpommin. 18, 21, 24, 27 ja 30 tonnin nosto- ja kippauskapasiteetti. EcoDriven k\u00e4ytt\u00f6* s\u00e4\u00e4st\u00e4\u00e4 jopa 50 % energiaa verrattuna kilpaileviin vaihtolavalaitteisiin. V\u00e4hemm\u00e4n antureita ja hydrauliikkakomponentteja. Suurempi v\u00e4\u00e4nt\u00f6j\u00e4ykkyys ja kippausvakavuus. Jopa 150 kg kevyempi. IPC-j\u00e4rjestelm\u00e4 tunnistaa milloin [&hellip;]<\/p>\n","protected":false},"author":2,"featured_media":404,"parent":0,"template":"","meta":{"footnotes":""},"product_type":[3],"class_list":["post-15485","product","type-product","status-publish","has-post-thumbnail","hentry"],"yoast_head":"<!-- This site is optimized with the Yoast SEO plugin v27.4 - https:\/\/yoast.com\/product\/yoast-seo-wordpress\/ -->\n<title>EcoDrive- Vaihtolavalaite L &amp; LA - JOAB<\/title>\n<meta name=\"robots\" content=\"index, follow, max-snippet:-1, max-image-preview:large, max-video-preview:-1\" \/>\n<link rel=\"canonical\" href=\"https:\/\/www.joab.se\/fi\/tuote\/ecodrive-vaihtolavalaite-l-la\/\" \/>\n<meta property=\"og:locale\" content=\"fi_FI\" \/>\n<meta property=\"og:type\" content=\"article\" \/>\n<meta property=\"og:title\" content=\"EcoDrive- Vaihtolavalaite L &amp; LA - JOAB\" \/>\n<meta property=\"og:description\" content=\"ECODRIVE-VAIHTOLAVALAITE EcoDrive-vaihtolavalaitteemme on t\u00e4ynn\u00e4 \u00e4lykk\u00e4it\u00e4 toimintoja. Patentoitu EcoDrive-j\u00e4rjestelm\u00e4 pienent\u00e4\u00e4 polttoaineenkulutusta samalla kun se auttaa kuljettajaa toimimaan turvallisemmin, nopeammin ja helpommin. 18, 21, 24, 27 ja 30 tonnin nosto- ja kippauskapasiteetti. EcoDriven k\u00e4ytt\u00f6* s\u00e4\u00e4st\u00e4\u00e4 jopa 50 % energiaa verrattuna kilpaileviin vaihtolavalaitteisiin. V\u00e4hemm\u00e4n antureita ja hydrauliikkakomponentteja. Suurempi v\u00e4\u00e4nt\u00f6j\u00e4ykkyys ja kippausvakavuus. Jopa 150 kg kevyempi. IPC-j\u00e4rjestelm\u00e4 tunnistaa milloin [&hellip;]\" \/>\n<meta property=\"og:url\" content=\"https:\/\/www.joab.se\/fi\/tuote\/ecodrive-vaihtolavalaite-l-la\/\" \/>\n<meta property=\"og:site_name\" content=\"JOAB\" \/>\n<meta property=\"article:publisher\" content=\"https:\/\/www.facebook.com\/joabsverige\/\" \/>\n<meta property=\"article:modified_time\" content=\"2024-11-21T07:28:59+00:00\" \/>\n<meta property=\"og:image\" content=\"https:\/\/www.joab.se\/wp-content\/uploads\/2020\/09\/DSC_4031-scaled-1.jpg\" \/>\n\t<meta property=\"og:image:width\" content=\"2560\" \/>\n\t<meta property=\"og:image:height\" content=\"1709\" \/>\n\t<meta property=\"og:image:type\" content=\"image\/jpeg\" \/>\n<meta name=\"twitter:card\" content=\"summary_large_image\" \/>\n<meta name=\"twitter:label1\" content=\"Arvioitu lukuaika\" \/>\n\t<meta name=\"twitter:data1\" content=\"4 minuuttia\" \/>\n<script type=\"application\/ld+json\" class=\"yoast-schema-graph\">{\"@context\":\"https:\\\/\\\/schema.org\",\"@graph\":[{\"@type\":\"WebPage\",\"@id\":\"https:\\\/\\\/www.joab.se\\\/fi\\\/tuote\\\/ecodrive-vaihtolavalaite-l-la\\\/\",\"url\":\"https:\\\/\\\/www.joab.se\\\/fi\\\/tuote\\\/ecodrive-vaihtolavalaite-l-la\\\/\",\"name\":\"EcoDrive- Vaihtolavalaite L & LA - JOAB\",\"isPartOf\":{\"@id\":\"https:\\\/\\\/www.joab.se\\\/#website\"},\"primaryImageOfPage\":{\"@id\":\"https:\\\/\\\/www.joab.se\\\/fi\\\/tuote\\\/ecodrive-vaihtolavalaite-l-la\\\/#primaryimage\"},\"image\":{\"@id\":\"https:\\\/\\\/www.joab.se\\\/fi\\\/tuote\\\/ecodrive-vaihtolavalaite-l-la\\\/#primaryimage\"},\"thumbnailUrl\":\"https:\\\/\\\/www.joab.se\\\/wp-content\\\/uploads\\\/2020\\\/09\\\/DSC_4031-scaled-1.jpg\",\"datePublished\":\"2020-09-03T07:41:15+00:00\",\"dateModified\":\"2024-11-21T07:28:59+00:00\",\"breadcrumb\":{\"@id\":\"https:\\\/\\\/www.joab.se\\\/fi\\\/tuote\\\/ecodrive-vaihtolavalaite-l-la\\\/#breadcrumb\"},\"inLanguage\":\"fi\",\"potentialAction\":[{\"@type\":\"ReadAction\",\"target\":[\"https:\\\/\\\/www.joab.se\\\/fi\\\/tuote\\\/ecodrive-vaihtolavalaite-l-la\\\/\"]}]},{\"@type\":\"ImageObject\",\"inLanguage\":\"fi\",\"@id\":\"https:\\\/\\\/www.joab.se\\\/fi\\\/tuote\\\/ecodrive-vaihtolavalaite-l-la\\\/#primaryimage\",\"url\":\"https:\\\/\\\/www.joab.se\\\/wp-content\\\/uploads\\\/2020\\\/09\\\/DSC_4031-scaled-1.jpg\",\"contentUrl\":\"https:\\\/\\\/www.joab.se\\\/wp-content\\\/uploads\\\/2020\\\/09\\\/DSC_4031-scaled-1.jpg\",\"width\":2560,\"height\":1709},{\"@type\":\"BreadcrumbList\",\"@id\":\"https:\\\/\\\/www.joab.se\\\/fi\\\/tuote\\\/ecodrive-vaihtolavalaite-l-la\\\/#breadcrumb\",\"itemListElement\":[{\"@type\":\"ListItem\",\"position\":1,\"name\":\"Etusivu\",\"item\":\"https:\\\/\\\/www.joab.se\\\/fi\\\/\"},{\"@type\":\"ListItem\",\"position\":2,\"name\":\"EcoDrive- Vaihtolavalaite L &#038; LA\"}]},{\"@type\":\"WebSite\",\"@id\":\"https:\\\/\\\/www.joab.se\\\/#website\",\"url\":\"https:\\\/\\\/www.joab.se\\\/\",\"name\":\"JOAB\",\"description\":\"En till WordPress-webbplats\",\"publisher\":{\"@id\":\"https:\\\/\\\/www.joab.se\\\/#organization\"},\"potentialAction\":[{\"@type\":\"SearchAction\",\"target\":{\"@type\":\"EntryPoint\",\"urlTemplate\":\"https:\\\/\\\/www.joab.se\\\/?s={search_term_string}\"},\"query-input\":{\"@type\":\"PropertyValueSpecification\",\"valueRequired\":true,\"valueName\":\"search_term_string\"}}],\"inLanguage\":\"fi\"},{\"@type\":\"Organization\",\"@id\":\"https:\\\/\\\/www.joab.se\\\/#organization\",\"name\":\"JOAB F\u00f6rs\u00e4ljnings AB\",\"url\":\"https:\\\/\\\/www.joab.se\\\/\",\"logo\":{\"@type\":\"ImageObject\",\"inLanguage\":\"fi\",\"@id\":\"https:\\\/\\\/www.joab.se\\\/#\\\/schema\\\/logo\\\/image\\\/\",\"url\":\"https:\\\/\\\/www.joab.se\\\/wp-content\\\/uploads\\\/2023\\\/02\\\/logo_storre.png\",\"contentUrl\":\"https:\\\/\\\/www.joab.se\\\/wp-content\\\/uploads\\\/2023\\\/02\\\/logo_storre.png\",\"width\":3100,\"height\":889,\"caption\":\"JOAB F\u00f6rs\u00e4ljnings AB\"},\"image\":{\"@id\":\"https:\\\/\\\/www.joab.se\\\/#\\\/schema\\\/logo\\\/image\\\/\"},\"sameAs\":[\"https:\\\/\\\/www.facebook.com\\\/joabsverige\\\/\",\"https:\\\/\\\/www.instagram.com\\\/joab.se\\\/?hl=sv\",\"https:\\\/\\\/www.linkedin.com\\\/company\\\/joab-ab\\\/\",\"https:\\\/\\\/www.youtube.com\\\/@joab2194\\\/featured\"]}]}<\/script>\n<!-- \/ Yoast SEO plugin. -->","yoast_head_json":{"title":"EcoDrive- Vaihtolavalaite L & LA - JOAB","robots":{"index":"index","follow":"follow","max-snippet":"max-snippet:-1","max-image-preview":"max-image-preview:large","max-video-preview":"max-video-preview:-1"},"canonical":"https:\/\/www.joab.se\/fi\/tuote\/ecodrive-vaihtolavalaite-l-la\/","og_locale":"fi_FI","og_type":"article","og_title":"EcoDrive- Vaihtolavalaite L & LA - JOAB","og_description":"ECODRIVE-VAIHTOLAVALAITE EcoDrive-vaihtolavalaitteemme on t\u00e4ynn\u00e4 \u00e4lykk\u00e4it\u00e4 toimintoja. Patentoitu EcoDrive-j\u00e4rjestelm\u00e4 pienent\u00e4\u00e4 polttoaineenkulutusta samalla kun se auttaa kuljettajaa toimimaan turvallisemmin, nopeammin ja helpommin. 18, 21, 24, 27 ja 30 tonnin nosto- ja kippauskapasiteetti. EcoDriven k\u00e4ytt\u00f6* s\u00e4\u00e4st\u00e4\u00e4 jopa 50 % energiaa verrattuna kilpaileviin vaihtolavalaitteisiin. V\u00e4hemm\u00e4n antureita ja hydrauliikkakomponentteja. Suurempi v\u00e4\u00e4nt\u00f6j\u00e4ykkyys ja kippausvakavuus. Jopa 150 kg kevyempi. IPC-j\u00e4rjestelm\u00e4 tunnistaa milloin [&hellip;]","og_url":"https:\/\/www.joab.se\/fi\/tuote\/ecodrive-vaihtolavalaite-l-la\/","og_site_name":"JOAB","article_publisher":"https:\/\/www.facebook.com\/joabsverige\/","article_modified_time":"2024-11-21T07:28:59+00:00","og_image":[{"width":2560,"height":1709,"url":"https:\/\/www.joab.se\/wp-content\/uploads\/2020\/09\/DSC_4031-scaled-1.jpg","type":"image\/jpeg"}],"twitter_card":"summary_large_image","twitter_misc":{"Arvioitu lukuaika":"4 minuuttia"},"schema":{"@context":"https:\/\/schema.org","@graph":[{"@type":"WebPage","@id":"https:\/\/www.joab.se\/fi\/tuote\/ecodrive-vaihtolavalaite-l-la\/","url":"https:\/\/www.joab.se\/fi\/tuote\/ecodrive-vaihtolavalaite-l-la\/","name":"EcoDrive- Vaihtolavalaite L & LA - JOAB","isPartOf":{"@id":"https:\/\/www.joab.se\/#website"},"primaryImageOfPage":{"@id":"https:\/\/www.joab.se\/fi\/tuote\/ecodrive-vaihtolavalaite-l-la\/#primaryimage"},"image":{"@id":"https:\/\/www.joab.se\/fi\/tuote\/ecodrive-vaihtolavalaite-l-la\/#primaryimage"},"thumbnailUrl":"https:\/\/www.joab.se\/wp-content\/uploads\/2020\/09\/DSC_4031-scaled-1.jpg","datePublished":"2020-09-03T07:41:15+00:00","dateModified":"2024-11-21T07:28:59+00:00","breadcrumb":{"@id":"https:\/\/www.joab.se\/fi\/tuote\/ecodrive-vaihtolavalaite-l-la\/#breadcrumb"},"inLanguage":"fi","potentialAction":[{"@type":"ReadAction","target":["https:\/\/www.joab.se\/fi\/tuote\/ecodrive-vaihtolavalaite-l-la\/"]}]},{"@type":"ImageObject","inLanguage":"fi","@id":"https:\/\/www.joab.se\/fi\/tuote\/ecodrive-vaihtolavalaite-l-la\/#primaryimage","url":"https:\/\/www.joab.se\/wp-content\/uploads\/2020\/09\/DSC_4031-scaled-1.jpg","contentUrl":"https:\/\/www.joab.se\/wp-content\/uploads\/2020\/09\/DSC_4031-scaled-1.jpg","width":2560,"height":1709},{"@type":"BreadcrumbList","@id":"https:\/\/www.joab.se\/fi\/tuote\/ecodrive-vaihtolavalaite-l-la\/#breadcrumb","itemListElement":[{"@type":"ListItem","position":1,"name":"Etusivu","item":"https:\/\/www.joab.se\/fi\/"},{"@type":"ListItem","position":2,"name":"EcoDrive- Vaihtolavalaite L &#038; LA"}]},{"@type":"WebSite","@id":"https:\/\/www.joab.se\/#website","url":"https:\/\/www.joab.se\/","name":"JOAB","description":"En till WordPress-webbplats","publisher":{"@id":"https:\/\/www.joab.se\/#organization"},"potentialAction":[{"@type":"SearchAction","target":{"@type":"EntryPoint","urlTemplate":"https:\/\/www.joab.se\/?s={search_term_string}"},"query-input":{"@type":"PropertyValueSpecification","valueRequired":true,"valueName":"search_term_string"}}],"inLanguage":"fi"},{"@type":"Organization","@id":"https:\/\/www.joab.se\/#organization","name":"JOAB F\u00f6rs\u00e4ljnings AB","url":"https:\/\/www.joab.se\/","logo":{"@type":"ImageObject","inLanguage":"fi","@id":"https:\/\/www.joab.se\/#\/schema\/logo\/image\/","url":"https:\/\/www.joab.se\/wp-content\/uploads\/2023\/02\/logo_storre.png","contentUrl":"https:\/\/www.joab.se\/wp-content\/uploads\/2023\/02\/logo_storre.png","width":3100,"height":889,"caption":"JOAB F\u00f6rs\u00e4ljnings AB"},"image":{"@id":"https:\/\/www.joab.se\/#\/schema\/logo\/image\/"},"sameAs":["https:\/\/www.facebook.com\/joabsverige\/","https:\/\/www.instagram.com\/joab.se\/?hl=sv","https:\/\/www.linkedin.com\/company\/joab-ab\/","https:\/\/www.youtube.com\/@joab2194\/featured"]}]}},"_links":{"self":[{"href":"https:\/\/www.joab.se\/fi\/wp-json\/wp\/v2\/product\/15485","targetHints":{"allow":["GET"]}}],"collection":[{"href":"https:\/\/www.joab.se\/fi\/wp-json\/wp\/v2\/product"}],"about":[{"href":"https:\/\/www.joab.se\/fi\/wp-json\/wp\/v2\/types\/product"}],"author":[{"embeddable":true,"href":"https:\/\/www.joab.se\/fi\/wp-json\/wp\/v2\/users\/2"}],"version-history":[{"count":55,"href":"https:\/\/www.joab.se\/fi\/wp-json\/wp\/v2\/product\/15485\/revisions"}],"predecessor-version":[{"id":31158,"href":"https:\/\/www.joab.se\/fi\/wp-json\/wp\/v2\/product\/15485\/revisions\/31158"}],"wp:featuredmedia":[{"embeddable":true,"href":"https:\/\/www.joab.se\/fi\/wp-json\/wp\/v2\/media\/404"}],"wp:attachment":[{"href":"https:\/\/www.joab.se\/fi\/wp-json\/wp\/v2\/media?parent=15485"}],"wp:term":[{"taxonomy":"product_type","embeddable":true,"href":"https:\/\/www.joab.se\/fi\/wp-json\/wp\/v2\/product_type?post=15485"}],"curies":[{"name":"wp","href":"https:\/\/api.w.org\/{rel}","templated":true}]}}