{"id":17011,"date":"2020-09-08T20:31:59","date_gmt":"2020-09-08T18:31:59","guid":{"rendered":"https:\/\/www.joab.se\/?page_id=17011"},"modified":"2024-11-26T11:47:29","modified_gmt":"2024-11-26T10:47:29","slug":"faq","status":"publish","type":"page","link":"https:\/\/www.joab.se\/fi\/faq\/","title":{"rendered":"FAQ"},"content":{"rendered":"<div id=\"pl-17011\"  class=\"panel-layout\" ><div id=\"pg-17011-0\"  class=\"panel-grid panel-no-style\" ><div id=\"pgc-17011-0-0\"  class=\"panel-grid-cell\" ><div id=\"panel-17011-0-0-0\" class=\"so-panel widget widget_joab-hero-banner-widget panel-first-child\" data-index=\"0\" ><div\n\t\t\t\n\t\t\tclass=\"so-widget-joab-hero-banner-widget so-widget-joab-hero-banner-widget-default-d75171398898-17011\"\n\t\t\t\n\t\t><div class=\"hero-banner-container\" style=\"background: url('https:\/\/www.joab.se\/wp-content\/uploads\/2020\/09\/Kontakt_shutterstock_1433366867-scaled-1-1920x1280.jpg');background-position: 50% 50%\">\n        <div class=\"hero-content\">\n      <div class=\"border-container\" style=\"max-width: 40%\">\n          <h1 style=\"font-size: 3vw\">FAQ<\/h1>\n      <\/div>\n    <\/div>\n<\/div>\n\n<div class=\"breadcrumbs\">\n            <p id=\"breadcrumbs\"><span><span><a href=\"https:\/\/www.joab.se\/fi\/\">Etusivu<\/a><\/span><\/span><\/p>    <\/div>\n\n<\/div><\/div><div id=\"panel-17011-0-0-1\" class=\"so-panel widget widget_sow-editor panel-last-child\" data-index=\"1\" ><div\n\t\t\t\n\t\t\tclass=\"so-widget-sow-editor so-widget-sow-editor-base\"\n\t\t\t\n\t\t>\n<div class=\"siteorigin-widget-tinymce textwidget\">\n\t<h2 style=\"text-align: center;\">T\u00e4ss\u00e4 on lueteltu joitain yleisimpi\u00e4 kysymyksi\u00e4<\/h2>\n<p style=\"text-align: center;\">Jos et kuitenkaan l\u00f6yd\u00e4 vastausta kysymykseesi alla, voit yritt\u00e4\u00e4 ottaa meihin yhteytt\u00e4 napsauttamalla yhteystietosivua.<\/p>\n<\/div>\n<\/div><\/div><\/div><\/div><div id=\"pg-17011-1\"  class=\"panel-grid panel-no-style\" ><div id=\"pgc-17011-1-0\"  class=\"panel-grid-cell\" ><div id=\"panel-17011-1-0-0\" class=\"so-panel widget widget_joab-faq-widget panel-first-child panel-last-child\" data-index=\"2\" ><div\n\t\t\t\n\t\t\tclass=\"so-widget-joab-faq-widget so-widget-joab-faq-widget-default-d75171398898-17011\"\n\t\t\t\n\t\t><div class=\"faq-container\">\n    <h3>Ekonomi\/HR<\/h3>\n\n    <div class=\"faq\" id=\"faq-7851207796013d5538d0a5800570358\">\n            <div class=\"card\">\n            <div class=\"card-header question\" id=\"headingOne\">\n                <h5 class=\"mb-0\">\n                    <button class=\"btn btn-link\" data-toggle=\"collapse\" data-target=\"#answer-0-7851207796013d5538d0a5800570358\" aria-expanded=\"true\" aria-controls=\"answer-0-7851207796013d5538d0a5800570358\">\n                    <i class=\"fas fa-question-circle\"><\/i> Mik\u00e4 on laskutusosoitteesi?                    <\/button>\n                <\/h5>\n            <\/div>\n\n            <div id=\"answer-0-7851207796013d5538d0a5800570358\" class=\"collapse answer\" aria-labelledby=\"headingOne\" data-parent=\"#faq-7851207796013d5538d0a5800570358\">\n                <div class=\"card-body\">\n                <p>JOAB F\u00f6rs\u00e4ljnings AB<br \/>\n\u00d6sterg\u00e4rde Industriv\u00e4g 50<br \/>\nSE-417 29 G\u00f6teborg<\/p>\n<p>finance@joab.fi<\/p>\n                <\/div>\n            <\/div>\n        <\/div>\n            <div class=\"card\">\n            <div class=\"card-header question\" id=\"headingOne\">\n                <h5 class=\"mb-0\">\n                    <button class=\"btn btn-link\" data-toggle=\"collapse\" data-target=\"#answer-1-7851207796013d5538d0a5800570358\" aria-expanded=\"true\" aria-controls=\"answer-1-7851207796013d5538d0a5800570358\">\n                    <i class=\"fas fa-question-circle\"><\/i> Mik\u00e4 on organisaatiosi numero?                    <\/button>\n                <\/h5>\n            <\/div>\n\n            <div id=\"answer-1-7851207796013d5538d0a5800570358\" class=\"collapse answer\" aria-labelledby=\"headingOne\" data-parent=\"#faq-7851207796013d5538d0a5800570358\">\n                <div class=\"card-body\">\n                <p>Organisaatiomme numero on 2927070-9<\/p>\n                <\/div>\n            <\/div>\n        <\/div>\n            <div class=\"card\">\n            <div class=\"card-header question\" id=\"headingOne\">\n                <h5 class=\"mb-0\">\n                    <button class=\"btn btn-link\" data-toggle=\"collapse\" data-target=\"#answer-2-7851207796013d5538d0a5800570358\" aria-expanded=\"true\" aria-controls=\"answer-2-7851207796013d5538d0a5800570358\">\n                    <i class=\"fas fa-question-circle\"><\/i> Haluan ty\u00f6skennell\u00e4 sinulle, mit\u00e4 avoimia ty\u00f6paikkoja sinulla on?                    <\/button>\n                <\/h5>\n            <\/div>\n\n            <div id=\"answer-2-7851207796013d5538d0a5800570358\" class=\"collapse answer\" aria-labelledby=\"headingOne\" data-parent=\"#faq-7851207796013d5538d0a5800570358\">\n                <div class=\"card-body\">\n                <p>L\u00e4het\u00e4mme kaikki avoimet ty\u00f6paikkamme t\u00e4h\u00e4n &gt;&gt; <a href=\"https:\/\/www.joab.se\/fi\/ura\/\">Ura<\/a>. Sielt\u00e4 voit my\u00f6s lukea, millaista on ty\u00f6skennell\u00e4 JOAB: ssa ja mit\u00e4 ty\u00f6ntekij\u00e4mme ajattelevat.<\/p>\n                <\/div>\n            <\/div>\n        <\/div>\n            <div class=\"card\">\n            <div class=\"card-header question\" id=\"headingOne\">\n                <h5 class=\"mb-0\">\n                    <button class=\"btn btn-link\" data-toggle=\"collapse\" data-target=\"#answer-3-7851207796013d5538d0a5800570358\" aria-expanded=\"true\" aria-controls=\"answer-3-7851207796013d5538d0a5800570358\">\n                    <i class=\"fas fa-question-circle\"><\/i> Saatko laskuja digitaalisesti?                    <\/button>\n                <\/h5>\n            <\/div>\n\n            <div id=\"answer-3-7851207796013d5538d0a5800570358\" class=\"collapse answer\" aria-labelledby=\"headingOne\" data-parent=\"#faq-7851207796013d5538d0a5800570358\">\n                <div class=\"card-body\">\n                <p>Kyll\u00e4, se on mahdollista l\u00e4hett\u00e4\u00e4 pdf-muodossa.<br \/>\n<a href=\"mailto:finance@joab.fi\">finance@joab.fi<\/a><\/p>\n                <\/div>\n            <\/div>\n        <\/div>\n        <\/div>\n<\/div>\n\n<\/div><\/div><\/div><div id=\"pgc-17011-1-1\"  class=\"panel-grid-cell\" ><div id=\"panel-17011-1-1-0\" class=\"so-panel widget widget_joab-faq-widget panel-first-child panel-last-child\" data-index=\"3\" ><div\n\t\t\t\n\t\t\tclass=\"so-widget-joab-faq-widget so-widget-joab-faq-widget-default-d75171398898-17011\"\n\t\t\t\n\t\t><div class=\"faq-container\">\n    <h3>Huolto<\/h3>\n\n    <div class=\"faq\" id=\"faq-18804470876013d62e4c52f379156788\">\n            <div class=\"card\">\n            <div class=\"card-header question\" id=\"headingOne\">\n                <h5 class=\"mb-0\">\n                    <button class=\"btn btn-link\" data-toggle=\"collapse\" data-target=\"#answer-0-18804470876013d62e4c52f379156788\" aria-expanded=\"true\" aria-controls=\"answer-0-18804470876013d62e4c52f379156788\">\n                    <i class=\"fas fa-question-circle\"><\/i> Fr\u00e5ga                    <\/button>\n                <\/h5>\n            <\/div>\n\n            <div id=\"answer-0-18804470876013d62e4c52f379156788\" class=\"collapse answer\" aria-labelledby=\"headingOne\" data-parent=\"#faq-18804470876013d62e4c52f379156788\">\n                <div class=\"card-body\">\n                <p>...kommer inom kort<\/p>\n                <\/div>\n            <\/div>\n        <\/div>\n            <div class=\"card\">\n            <div class=\"card-header question\" id=\"headingOne\">\n                <h5 class=\"mb-0\">\n                    <button class=\"btn btn-link\" data-toggle=\"collapse\" data-target=\"#answer-1-18804470876013d62e4c52f379156788\" aria-expanded=\"true\" aria-controls=\"answer-1-18804470876013d62e4c52f379156788\">\n                    <i class=\"fas fa-question-circle\"><\/i> Fr\u00e5ga                    <\/button>\n                <\/h5>\n            <\/div>\n\n            <div id=\"answer-1-18804470876013d62e4c52f379156788\" class=\"collapse answer\" aria-labelledby=\"headingOne\" data-parent=\"#faq-18804470876013d62e4c52f379156788\">\n                <div class=\"card-body\">\n                <p>...kommer inom kort<\/p>\n                <\/div>\n            <\/div>\n        <\/div>\n            <div class=\"card\">\n            <div class=\"card-header question\" id=\"headingOne\">\n                <h5 class=\"mb-0\">\n                    <button class=\"btn btn-link\" data-toggle=\"collapse\" data-target=\"#answer-2-18804470876013d62e4c52f379156788\" aria-expanded=\"true\" aria-controls=\"answer-2-18804470876013d62e4c52f379156788\">\n                    <i class=\"fas fa-question-circle\"><\/i> Fr\u00e5ga                    <\/button>\n                <\/h5>\n            <\/div>\n\n            <div id=\"answer-2-18804470876013d62e4c52f379156788\" class=\"collapse answer\" aria-labelledby=\"headingOne\" data-parent=\"#faq-18804470876013d62e4c52f379156788\">\n                <div class=\"card-body\">\n                <p>...kommer inom kort<\/p>\n                <\/div>\n            <\/div>\n        <\/div>\n        <\/div>\n<\/div>\n\n<\/div><\/div><\/div><div id=\"pgc-17011-1-2\"  class=\"panel-grid-cell\" ><div id=\"panel-17011-1-2-0\" class=\"so-panel widget widget_joab-faq-widget panel-first-child panel-last-child\" data-index=\"4\" ><div\n\t\t\t\n\t\t\tclass=\"so-widget-joab-faq-widget so-widget-joab-faq-widget-default-d75171398898-17011\"\n\t\t\t\n\t\t><div class=\"faq-container\">\n    <h3>Varaosat<\/h3>\n\n    <div class=\"faq\" id=\"faq-19464173916013d63de6286511104756\">\n            <div class=\"card\">\n            <div class=\"card-header question\" id=\"headingOne\">\n                <h5 class=\"mb-0\">\n                    <button class=\"btn btn-link\" data-toggle=\"collapse\" data-target=\"#answer-0-19464173916013d63de6286511104756\" aria-expanded=\"true\" aria-controls=\"answer-0-19464173916013d63de6286511104756\">\n                    <i class=\"fas fa-question-circle\"><\/i> Fr\u00e5ga                    <\/button>\n                <\/h5>\n            <\/div>\n\n            <div id=\"answer-0-19464173916013d63de6286511104756\" class=\"collapse answer\" aria-labelledby=\"headingOne\" data-parent=\"#faq-19464173916013d63de6286511104756\">\n                <div class=\"card-body\">\n                <p>...kommer inom kort<\/p>\n                <\/div>\n            <\/div>\n        <\/div>\n            <div class=\"card\">\n            <div class=\"card-header question\" id=\"headingOne\">\n                <h5 class=\"mb-0\">\n                    <button class=\"btn btn-link\" data-toggle=\"collapse\" data-target=\"#answer-1-19464173916013d63de6286511104756\" aria-expanded=\"true\" aria-controls=\"answer-1-19464173916013d63de6286511104756\">\n                    <i class=\"fas fa-question-circle\"><\/i> Fr\u00e5ga                    <\/button>\n                <\/h5>\n            <\/div>\n\n            <div id=\"answer-1-19464173916013d63de6286511104756\" class=\"collapse answer\" aria-labelledby=\"headingOne\" data-parent=\"#faq-19464173916013d63de6286511104756\">\n                <div class=\"card-body\">\n                <p>...kommer inom kort<\/p>\n                <\/div>\n            <\/div>\n        <\/div>\n            <div class=\"card\">\n            <div class=\"card-header question\" id=\"headingOne\">\n                <h5 class=\"mb-0\">\n                    <button class=\"btn btn-link\" data-toggle=\"collapse\" data-target=\"#answer-2-19464173916013d63de6286511104756\" aria-expanded=\"true\" aria-controls=\"answer-2-19464173916013d63de6286511104756\">\n                    <i class=\"fas fa-question-circle\"><\/i> Fr\u00e5ga                    <\/button>\n                <\/h5>\n            <\/div>\n\n            <div id=\"answer-2-19464173916013d63de6286511104756\" class=\"collapse answer\" aria-labelledby=\"headingOne\" data-parent=\"#faq-19464173916013d63de6286511104756\">\n                <div class=\"card-body\">\n                <p>...kommer inom kort<\/p>\n                <\/div>\n            <\/div>\n        <\/div>\n        <\/div>\n<\/div>\n\n<\/div><\/div><\/div><\/div><\/div>","protected":false},"excerpt":{"rendered":"<p>T\u00e4ss\u00e4 on lueteltu joitain yleisimpi\u00e4 kysymyksi\u00e4 Jos et kuitenkaan l\u00f6yd\u00e4 vastausta kysymykseesi alla, voit yritt\u00e4\u00e4 ottaa meihin yhteytt\u00e4 napsauttamalla yhteystietosivua.<\/p>\n","protected":false},"author":2,"featured_media":0,"parent":0,"menu_order":0,"comment_status":"closed","ping_status":"closed","template":"","meta":{"footnotes":""},"class_list":["post-17011","page","type-page","status-publish","hentry"],"yoast_head":"<!-- This site is optimized with the Yoast SEO plugin v27.4 - https:\/\/yoast.com\/product\/yoast-seo-wordpress\/ -->\n<title>FAQ - JOAB<\/title>\n<meta name=\"robots\" content=\"index, follow, max-snippet:-1, max-image-preview:large, max-video-preview:-1\" \/>\n<link rel=\"canonical\" href=\"https:\/\/www.joab.se\/fi\/faq\/\" \/>\n<meta property=\"og:locale\" content=\"fi_FI\" \/>\n<meta property=\"og:type\" content=\"article\" \/>\n<meta property=\"og:title\" content=\"FAQ - JOAB\" \/>\n<meta property=\"og:description\" content=\"T\u00e4ss\u00e4 on lueteltu joitain yleisimpi\u00e4 kysymyksi\u00e4 Jos et kuitenkaan l\u00f6yd\u00e4 vastausta kysymykseesi alla, voit yritt\u00e4\u00e4 ottaa meihin yhteytt\u00e4 napsauttamalla yhteystietosivua.\" \/>\n<meta property=\"og:url\" content=\"https:\/\/www.joab.se\/fi\/faq\/\" \/>\n<meta property=\"og:site_name\" content=\"JOAB\" \/>\n<meta property=\"article:publisher\" content=\"https:\/\/www.facebook.com\/joabsverige\/\" \/>\n<meta property=\"article:modified_time\" content=\"2024-11-26T10:47:29+00:00\" \/>\n<meta name=\"twitter:card\" content=\"summary_large_image\" \/>\n<meta name=\"twitter:label1\" content=\"Arvioitu lukuaika\" \/>\n\t<meta name=\"twitter:data1\" content=\"1 minuutti\" \/>\n<script type=\"application\/ld+json\" class=\"yoast-schema-graph\">{\"@context\":\"https:\\\/\\\/schema.org\",\"@graph\":[{\"@type\":\"WebPage\",\"@id\":\"https:\\\/\\\/www.joab.se\\\/fi\\\/faq\\\/\",\"url\":\"https:\\\/\\\/www.joab.se\\\/fi\\\/faq\\\/\",\"name\":\"FAQ - JOAB\",\"isPartOf\":{\"@id\":\"https:\\\/\\\/www.joab.se\\\/#website\"},\"datePublished\":\"2020-09-08T18:31:59+00:00\",\"dateModified\":\"2024-11-26T10:47:29+00:00\",\"breadcrumb\":{\"@id\":\"https:\\\/\\\/www.joab.se\\\/fi\\\/faq\\\/#breadcrumb\"},\"inLanguage\":\"fi\",\"potentialAction\":[{\"@type\":\"ReadAction\",\"target\":[\"https:\\\/\\\/www.joab.se\\\/fi\\\/faq\\\/\"]}]},{\"@type\":\"BreadcrumbList\",\"@id\":\"https:\\\/\\\/www.joab.se\\\/fi\\\/faq\\\/#breadcrumb\",\"itemListElement\":[{\"@type\":\"ListItem\",\"position\":1,\"name\":\"Etusivu\",\"item\":\"https:\\\/\\\/www.joab.se\\\/fi\\\/\"},{\"@type\":\"ListItem\",\"position\":2,\"name\":\"FAQ\"}]},{\"@type\":\"WebSite\",\"@id\":\"https:\\\/\\\/www.joab.se\\\/#website\",\"url\":\"https:\\\/\\\/www.joab.se\\\/\",\"name\":\"JOAB\",\"description\":\"En till WordPress-webbplats\",\"publisher\":{\"@id\":\"https:\\\/\\\/www.joab.se\\\/#organization\"},\"potentialAction\":[{\"@type\":\"SearchAction\",\"target\":{\"@type\":\"EntryPoint\",\"urlTemplate\":\"https:\\\/\\\/www.joab.se\\\/?s={search_term_string}\"},\"query-input\":{\"@type\":\"PropertyValueSpecification\",\"valueRequired\":true,\"valueName\":\"search_term_string\"}}],\"inLanguage\":\"fi\"},{\"@type\":\"Organization\",\"@id\":\"https:\\\/\\\/www.joab.se\\\/#organization\",\"name\":\"JOAB F\u00f6rs\u00e4ljnings AB\",\"url\":\"https:\\\/\\\/www.joab.se\\\/\",\"logo\":{\"@type\":\"ImageObject\",\"inLanguage\":\"fi\",\"@id\":\"https:\\\/\\\/www.joab.se\\\/#\\\/schema\\\/logo\\\/image\\\/\",\"url\":\"https:\\\/\\\/www.joab.se\\\/wp-content\\\/uploads\\\/2023\\\/02\\\/logo_storre.png\",\"contentUrl\":\"https:\\\/\\\/www.joab.se\\\/wp-content\\\/uploads\\\/2023\\\/02\\\/logo_storre.png\",\"width\":3100,\"height\":889,\"caption\":\"JOAB F\u00f6rs\u00e4ljnings AB\"},\"image\":{\"@id\":\"https:\\\/\\\/www.joab.se\\\/#\\\/schema\\\/logo\\\/image\\\/\"},\"sameAs\":[\"https:\\\/\\\/www.facebook.com\\\/joabsverige\\\/\",\"https:\\\/\\\/www.instagram.com\\\/joab.se\\\/?hl=sv\",\"https:\\\/\\\/www.linkedin.com\\\/company\\\/joab-ab\\\/\",\"https:\\\/\\\/www.youtube.com\\\/@joab2194\\\/featured\"]}]}<\/script>\n<!-- \/ Yoast SEO plugin. -->","yoast_head_json":{"title":"FAQ - JOAB","robots":{"index":"index","follow":"follow","max-snippet":"max-snippet:-1","max-image-preview":"max-image-preview:large","max-video-preview":"max-video-preview:-1"},"canonical":"https:\/\/www.joab.se\/fi\/faq\/","og_locale":"fi_FI","og_type":"article","og_title":"FAQ - JOAB","og_description":"T\u00e4ss\u00e4 on lueteltu joitain yleisimpi\u00e4 kysymyksi\u00e4 Jos et kuitenkaan l\u00f6yd\u00e4 vastausta kysymykseesi alla, voit yritt\u00e4\u00e4 ottaa meihin yhteytt\u00e4 napsauttamalla yhteystietosivua.","og_url":"https:\/\/www.joab.se\/fi\/faq\/","og_site_name":"JOAB","article_publisher":"https:\/\/www.facebook.com\/joabsverige\/","article_modified_time":"2024-11-26T10:47:29+00:00","twitter_card":"summary_large_image","twitter_misc":{"Arvioitu lukuaika":"1 minuutti"},"schema":{"@context":"https:\/\/schema.org","@graph":[{"@type":"WebPage","@id":"https:\/\/www.joab.se\/fi\/faq\/","url":"https:\/\/www.joab.se\/fi\/faq\/","name":"FAQ - JOAB","isPartOf":{"@id":"https:\/\/www.joab.se\/#website"},"datePublished":"2020-09-08T18:31:59+00:00","dateModified":"2024-11-26T10:47:29+00:00","breadcrumb":{"@id":"https:\/\/www.joab.se\/fi\/faq\/#breadcrumb"},"inLanguage":"fi","potentialAction":[{"@type":"ReadAction","target":["https:\/\/www.joab.se\/fi\/faq\/"]}]},{"@type":"BreadcrumbList","@id":"https:\/\/www.joab.se\/fi\/faq\/#breadcrumb","itemListElement":[{"@type":"ListItem","position":1,"name":"Etusivu","item":"https:\/\/www.joab.se\/fi\/"},{"@type":"ListItem","position":2,"name":"FAQ"}]},{"@type":"WebSite","@id":"https:\/\/www.joab.se\/#website","url":"https:\/\/www.joab.se\/","name":"JOAB","description":"En till WordPress-webbplats","publisher":{"@id":"https:\/\/www.joab.se\/#organization"},"potentialAction":[{"@type":"SearchAction","target":{"@type":"EntryPoint","urlTemplate":"https:\/\/www.joab.se\/?s={search_term_string}"},"query-input":{"@type":"PropertyValueSpecification","valueRequired":true,"valueName":"search_term_string"}}],"inLanguage":"fi"},{"@type":"Organization","@id":"https:\/\/www.joab.se\/#organization","name":"JOAB F\u00f6rs\u00e4ljnings AB","url":"https:\/\/www.joab.se\/","logo":{"@type":"ImageObject","inLanguage":"fi","@id":"https:\/\/www.joab.se\/#\/schema\/logo\/image\/","url":"https:\/\/www.joab.se\/wp-content\/uploads\/2023\/02\/logo_storre.png","contentUrl":"https:\/\/www.joab.se\/wp-content\/uploads\/2023\/02\/logo_storre.png","width":3100,"height":889,"caption":"JOAB F\u00f6rs\u00e4ljnings AB"},"image":{"@id":"https:\/\/www.joab.se\/#\/schema\/logo\/image\/"},"sameAs":["https:\/\/www.facebook.com\/joabsverige\/","https:\/\/www.instagram.com\/joab.se\/?hl=sv","https:\/\/www.linkedin.com\/company\/joab-ab\/","https:\/\/www.youtube.com\/@joab2194\/featured"]}]}},"_links":{"self":[{"href":"https:\/\/www.joab.se\/fi\/wp-json\/wp\/v2\/pages\/17011","targetHints":{"allow":["GET"]}}],"collection":[{"href":"https:\/\/www.joab.se\/fi\/wp-json\/wp\/v2\/pages"}],"about":[{"href":"https:\/\/www.joab.se\/fi\/wp-json\/wp\/v2\/types\/page"}],"author":[{"embeddable":true,"href":"https:\/\/www.joab.se\/fi\/wp-json\/wp\/v2\/users\/2"}],"replies":[{"embeddable":true,"href":"https:\/\/www.joab.se\/fi\/wp-json\/wp\/v2\/comments?post=17011"}],"version-history":[{"count":3,"href":"https:\/\/www.joab.se\/fi\/wp-json\/wp\/v2\/pages\/17011\/revisions"}],"predecessor-version":[{"id":31183,"href":"https:\/\/www.joab.se\/fi\/wp-json\/wp\/v2\/pages\/17011\/revisions\/31183"}],"wp:attachment":[{"href":"https:\/\/www.joab.se\/fi\/wp-json\/wp\/v2\/media?parent=17011"}],"curies":[{"name":"wp","href":"https:\/\/api.w.org\/{rel}","templated":true}]}}