{"id":15990,"date":"2020-09-22T17:28:24","date_gmt":"2020-09-22T15:28:24","guid":{"rendered":"https:\/\/www.joab.se\/?page_id=15990"},"modified":"2021-01-15T08:22:59","modified_gmt":"2021-01-15T07:22:59","slug":"tietosuojakaytanto","status":"publish","type":"page","link":"https:\/\/www.joab.se\/fi\/tietosuojakaytanto\/","title":{"rendered":"Tietosuojak\u00e4yt\u00e4nto"},"content":{"rendered":"<div id=\"pl-15990\"  class=\"panel-layout\" ><div id=\"pg-15990-0\"  class=\"panel-grid panel-no-style\" ><div id=\"pgc-15990-0-0\"  class=\"panel-grid-cell\" ><div id=\"panel-15990-0-0-0\" class=\"so-panel widget widget_joab-hero-banner-widget panel-first-child panel-last-child\" data-index=\"0\" ><div\n\t\t\t\n\t\t\tclass=\"so-widget-joab-hero-banner-widget so-widget-joab-hero-banner-widget-default-d75171398898-15990\"\n\t\t\t\n\t\t><div class=\"hero-banner-container\" style=\"background: url('https:\/\/www.joab.se\/wp-content\/uploads\/2020\/09\/shutterstock_309872351-scaled-1-1920x1080.jpg');background-position: 50% 50%\">\n        <div class=\"hero-content\">\n      <div class=\"border-container\" style=\"max-width: 40%\">\n          <h1 style=\"font-size: 3vw\">Tietosuojak\u00e4yt\u00e4nto ja ev\u00e4steet<\/h1>\n      <\/div>\n    <\/div>\n<\/div>\n\n<div class=\"breadcrumbs\">\n            <p id=\"breadcrumbs\"><span><span><a href=\"https:\/\/www.joab.se\/fi\/\">Etusivu<\/a><\/span><\/span><\/p>    <\/div>\n\n<\/div><\/div><\/div><\/div><div id=\"pg-15990-1\"  class=\"panel-grid panel-no-style\" ><div id=\"pgc-15990-1-0\"  class=\"panel-grid-cell panel-grid-cell-empty\" ><\/div><div id=\"pgc-15990-1-1\"  class=\"panel-grid-cell panel-grid-cell-mobile-last\" ><div id=\"panel-15990-1-1-0\" class=\"so-panel widget widget_sow-editor panel-first-child panel-last-child\" data-index=\"1\" ><div\n\t\t\t\n\t\t\tclass=\"so-widget-sow-editor so-widget-sow-editor-base\"\n\t\t\t\n\t\t>\n<div class=\"siteorigin-widget-tinymce textwidget\">\n\t<h2 style=\"text-align: center;\"><strong>JOAB haluaa suojata yksityisyytt\u00e4si!<\/strong><\/h2>\n<p>&nbsp;<\/p>\n<p>Meille on t\u00e4rke\u00e4\u00e4, ett\u00e4 voit luottaa siihen, ett\u00e4 k\u00e4sittelemme henkil\u00f6tietojasi oikein. Tallennamme ainoastaan seuraavat henkil\u00f6tiedot: nimi, puhelinnumero, s\u00e4hk\u00f6postiosoite, yritys ja titteli, toisin sanoen ty\u00f6h\u00f6n liittyv\u00e4t tiedot. Tallennettuja tietoja k\u00e4ytet\u00e4\u00e4n mm:<\/p>\n<ul>\n<li>Tarjouksiin, tilauksiin ja sopimuksiin.<\/li>\n<li>Huoltot\u00f6ihin ja kunnossapitotietoihin.<\/li>\n<li>Tuotteiden ja ehtojen p\u00e4ivitykseen ja muihin henkil\u00f6kohtaisiin palveluihin.<\/li>\n<\/ul>\n<p>K\u00e4ynniss\u00e4 oleviin asioihin liittyvien yhteydenottojen lis\u00e4ksi voimme joskus k\u00e4ytt\u00e4\u00e4 tietoja l\u00e4hett\u00e4\u00e4ksemme sinulle asiakaskyselyj\u00e4, kilpailuja ja uutiskirjeit\u00e4.<\/p>\n<p>Ker\u00e4\u00e4mme my\u00f6s tietoa, jonka kerrot meille vapaaehtoisesti t\u00e4ytt\u00e4ess\u00e4si lomakkeen kotisivulla tai osallistut asiakastapahtumaan, kilpailuun tai koulutukseen. Ker\u00e4\u00e4mme tietoa vain niin paljon kuin on tarpeen velvoitteidemme t\u00e4ytt\u00e4miseksi. Ev\u00e4steill\u00e4 ker\u00e4tty\u00e4 tietoa (s\u00e4hk\u00f6ist\u00e4 tietoa k\u00e4ynnist\u00e4si kotisivuillamme) k\u00e4ytet\u00e4\u00e4n ainoastaan kokemuksesi r\u00e4\u00e4t\u00e4l\u00f6intiin, kun k\u00e4yt seuraavan kerran kotisivuillamme.<\/p>\n<p>Verkkosivustomme kautta ker\u00e4ttyj\u00e4 tietoja ei myyd\u00e4 tai v\u00e4litet\u00e4 kolmansille osapuolille. Jos sinulla on kysytt\u00e4v\u00e4\u00e4 henkil\u00f6tietojen k\u00e4sittelyst\u00e4 tai haluat, ett\u00e4 poistamme sinut asiakasrekisterist\u00e4mme, l\u00e4het\u00e4 viesti osoitteeseen <a href=\"mailto:info@joab.se\">info@joab.se<\/a><\/p>\n<\/div>\n<\/div><\/div><\/div><div id=\"pgc-15990-1-2\"  class=\"panel-grid-cell panel-grid-cell-empty\" ><\/div><\/div><\/div>","protected":false},"excerpt":{"rendered":"<p>JOAB haluaa suojata yksityisyytt\u00e4si! &nbsp; Meille on t\u00e4rke\u00e4\u00e4, ett\u00e4 voit luottaa siihen, ett\u00e4 k\u00e4sittelemme henkil\u00f6tietojasi oikein. Tallennamme ainoastaan seuraavat henkil\u00f6tiedot: nimi, puhelinnumero, s\u00e4hk\u00f6postiosoite, yritys ja titteli, toisin sanoen ty\u00f6h\u00f6n liittyv\u00e4t tiedot. Tallennettuja tietoja k\u00e4ytet\u00e4\u00e4n mm: Tarjouksiin, tilauksiin ja sopimuksiin. Huoltot\u00f6ihin ja kunnossapitotietoihin. Tuotteiden ja ehtojen p\u00e4ivitykseen ja muihin henkil\u00f6kohtaisiin palveluihin. K\u00e4ynniss\u00e4 oleviin asioihin liittyvien yhteydenottojen [&hellip;]<\/p>\n","protected":false},"author":2,"featured_media":0,"parent":0,"menu_order":0,"comment_status":"closed","ping_status":"closed","template":"","meta":{"footnotes":""},"class_list":["post-15990","page","type-page","status-publish","hentry"],"yoast_head":"<!-- This site is optimized with the Yoast SEO plugin v27.4 - https:\/\/yoast.com\/product\/yoast-seo-wordpress\/ -->\n<title>Tietosuojak\u00e4yt\u00e4nto - JOAB<\/title>\n<meta name=\"robots\" content=\"index, follow, max-snippet:-1, max-image-preview:large, max-video-preview:-1\" \/>\n<link rel=\"canonical\" href=\"https:\/\/www.joab.se\/fi\/tietosuojakaytanto\/\" \/>\n<meta property=\"og:locale\" content=\"fi_FI\" \/>\n<meta property=\"og:type\" content=\"article\" \/>\n<meta property=\"og:title\" content=\"Tietosuojak\u00e4yt\u00e4nto - JOAB\" \/>\n<meta property=\"og:description\" content=\"JOAB haluaa suojata yksityisyytt\u00e4si! &nbsp; Meille on t\u00e4rke\u00e4\u00e4, ett\u00e4 voit luottaa siihen, ett\u00e4 k\u00e4sittelemme henkil\u00f6tietojasi oikein. Tallennamme ainoastaan seuraavat henkil\u00f6tiedot: nimi, puhelinnumero, s\u00e4hk\u00f6postiosoite, yritys ja titteli, toisin sanoen ty\u00f6h\u00f6n liittyv\u00e4t tiedot. Tallennettuja tietoja k\u00e4ytet\u00e4\u00e4n mm: Tarjouksiin, tilauksiin ja sopimuksiin. Huoltot\u00f6ihin ja kunnossapitotietoihin. Tuotteiden ja ehtojen p\u00e4ivitykseen ja muihin henkil\u00f6kohtaisiin palveluihin. K\u00e4ynniss\u00e4 oleviin asioihin liittyvien yhteydenottojen [&hellip;]\" \/>\n<meta property=\"og:url\" content=\"https:\/\/www.joab.se\/fi\/tietosuojakaytanto\/\" \/>\n<meta property=\"og:site_name\" content=\"JOAB\" \/>\n<meta property=\"article:publisher\" content=\"https:\/\/www.facebook.com\/joabsverige\/\" \/>\n<meta property=\"article:modified_time\" content=\"2021-01-15T07:22:59+00:00\" \/>\n<meta name=\"twitter:card\" content=\"summary_large_image\" \/>\n<meta name=\"twitter:label1\" content=\"Arvioitu lukuaika\" \/>\n\t<meta name=\"twitter:data1\" content=\"1 minuutti\" \/>\n<script type=\"application\/ld+json\" class=\"yoast-schema-graph\">{\"@context\":\"https:\\\/\\\/schema.org\",\"@graph\":[{\"@type\":\"WebPage\",\"@id\":\"https:\\\/\\\/www.joab.se\\\/fi\\\/tietosuojakaytanto\\\/\",\"url\":\"https:\\\/\\\/www.joab.se\\\/fi\\\/tietosuojakaytanto\\\/\",\"name\":\"Tietosuojak\u00e4yt\u00e4nto - JOAB\",\"isPartOf\":{\"@id\":\"https:\\\/\\\/www.joab.se\\\/#website\"},\"datePublished\":\"2020-09-22T15:28:24+00:00\",\"dateModified\":\"2021-01-15T07:22:59+00:00\",\"breadcrumb\":{\"@id\":\"https:\\\/\\\/www.joab.se\\\/fi\\\/tietosuojakaytanto\\\/#breadcrumb\"},\"inLanguage\":\"fi\",\"potentialAction\":[{\"@type\":\"ReadAction\",\"target\":[\"https:\\\/\\\/www.joab.se\\\/fi\\\/tietosuojakaytanto\\\/\"]}]},{\"@type\":\"BreadcrumbList\",\"@id\":\"https:\\\/\\\/www.joab.se\\\/fi\\\/tietosuojakaytanto\\\/#breadcrumb\",\"itemListElement\":[{\"@type\":\"ListItem\",\"position\":1,\"name\":\"Etusivu\",\"item\":\"https:\\\/\\\/www.joab.se\\\/fi\\\/\"},{\"@type\":\"ListItem\",\"position\":2,\"name\":\"Tietosuojak\u00e4yt\u00e4nto\"}]},{\"@type\":\"WebSite\",\"@id\":\"https:\\\/\\\/www.joab.se\\\/#website\",\"url\":\"https:\\\/\\\/www.joab.se\\\/\",\"name\":\"JOAB\",\"description\":\"En till WordPress-webbplats\",\"publisher\":{\"@id\":\"https:\\\/\\\/www.joab.se\\\/#organization\"},\"potentialAction\":[{\"@type\":\"SearchAction\",\"target\":{\"@type\":\"EntryPoint\",\"urlTemplate\":\"https:\\\/\\\/www.joab.se\\\/?s={search_term_string}\"},\"query-input\":{\"@type\":\"PropertyValueSpecification\",\"valueRequired\":true,\"valueName\":\"search_term_string\"}}],\"inLanguage\":\"fi\"},{\"@type\":\"Organization\",\"@id\":\"https:\\\/\\\/www.joab.se\\\/#organization\",\"name\":\"JOAB F\u00f6rs\u00e4ljnings AB\",\"url\":\"https:\\\/\\\/www.joab.se\\\/\",\"logo\":{\"@type\":\"ImageObject\",\"inLanguage\":\"fi\",\"@id\":\"https:\\\/\\\/www.joab.se\\\/#\\\/schema\\\/logo\\\/image\\\/\",\"url\":\"https:\\\/\\\/www.joab.se\\\/wp-content\\\/uploads\\\/2023\\\/02\\\/logo_storre.png\",\"contentUrl\":\"https:\\\/\\\/www.joab.se\\\/wp-content\\\/uploads\\\/2023\\\/02\\\/logo_storre.png\",\"width\":3100,\"height\":889,\"caption\":\"JOAB F\u00f6rs\u00e4ljnings AB\"},\"image\":{\"@id\":\"https:\\\/\\\/www.joab.se\\\/#\\\/schema\\\/logo\\\/image\\\/\"},\"sameAs\":[\"https:\\\/\\\/www.facebook.com\\\/joabsverige\\\/\",\"https:\\\/\\\/www.instagram.com\\\/joab.se\\\/?hl=sv\",\"https:\\\/\\\/www.linkedin.com\\\/company\\\/joab-ab\\\/\",\"https:\\\/\\\/www.youtube.com\\\/@joab2194\\\/featured\"]}]}<\/script>\n<!-- \/ Yoast SEO plugin. -->","yoast_head_json":{"title":"Tietosuojak\u00e4yt\u00e4nto - JOAB","robots":{"index":"index","follow":"follow","max-snippet":"max-snippet:-1","max-image-preview":"max-image-preview:large","max-video-preview":"max-video-preview:-1"},"canonical":"https:\/\/www.joab.se\/fi\/tietosuojakaytanto\/","og_locale":"fi_FI","og_type":"article","og_title":"Tietosuojak\u00e4yt\u00e4nto - JOAB","og_description":"JOAB haluaa suojata yksityisyytt\u00e4si! &nbsp; Meille on t\u00e4rke\u00e4\u00e4, ett\u00e4 voit luottaa siihen, ett\u00e4 k\u00e4sittelemme henkil\u00f6tietojasi oikein. Tallennamme ainoastaan seuraavat henkil\u00f6tiedot: nimi, puhelinnumero, s\u00e4hk\u00f6postiosoite, yritys ja titteli, toisin sanoen ty\u00f6h\u00f6n liittyv\u00e4t tiedot. Tallennettuja tietoja k\u00e4ytet\u00e4\u00e4n mm: Tarjouksiin, tilauksiin ja sopimuksiin. Huoltot\u00f6ihin ja kunnossapitotietoihin. Tuotteiden ja ehtojen p\u00e4ivitykseen ja muihin henkil\u00f6kohtaisiin palveluihin. K\u00e4ynniss\u00e4 oleviin asioihin liittyvien yhteydenottojen [&hellip;]","og_url":"https:\/\/www.joab.se\/fi\/tietosuojakaytanto\/","og_site_name":"JOAB","article_publisher":"https:\/\/www.facebook.com\/joabsverige\/","article_modified_time":"2021-01-15T07:22:59+00:00","twitter_card":"summary_large_image","twitter_misc":{"Arvioitu lukuaika":"1 minuutti"},"schema":{"@context":"https:\/\/schema.org","@graph":[{"@type":"WebPage","@id":"https:\/\/www.joab.se\/fi\/tietosuojakaytanto\/","url":"https:\/\/www.joab.se\/fi\/tietosuojakaytanto\/","name":"Tietosuojak\u00e4yt\u00e4nto - JOAB","isPartOf":{"@id":"https:\/\/www.joab.se\/#website"},"datePublished":"2020-09-22T15:28:24+00:00","dateModified":"2021-01-15T07:22:59+00:00","breadcrumb":{"@id":"https:\/\/www.joab.se\/fi\/tietosuojakaytanto\/#breadcrumb"},"inLanguage":"fi","potentialAction":[{"@type":"ReadAction","target":["https:\/\/www.joab.se\/fi\/tietosuojakaytanto\/"]}]},{"@type":"BreadcrumbList","@id":"https:\/\/www.joab.se\/fi\/tietosuojakaytanto\/#breadcrumb","itemListElement":[{"@type":"ListItem","position":1,"name":"Etusivu","item":"https:\/\/www.joab.se\/fi\/"},{"@type":"ListItem","position":2,"name":"Tietosuojak\u00e4yt\u00e4nto"}]},{"@type":"WebSite","@id":"https:\/\/www.joab.se\/#website","url":"https:\/\/www.joab.se\/","name":"JOAB","description":"En till WordPress-webbplats","publisher":{"@id":"https:\/\/www.joab.se\/#organization"},"potentialAction":[{"@type":"SearchAction","target":{"@type":"EntryPoint","urlTemplate":"https:\/\/www.joab.se\/?s={search_term_string}"},"query-input":{"@type":"PropertyValueSpecification","valueRequired":true,"valueName":"search_term_string"}}],"inLanguage":"fi"},{"@type":"Organization","@id":"https:\/\/www.joab.se\/#organization","name":"JOAB F\u00f6rs\u00e4ljnings AB","url":"https:\/\/www.joab.se\/","logo":{"@type":"ImageObject","inLanguage":"fi","@id":"https:\/\/www.joab.se\/#\/schema\/logo\/image\/","url":"https:\/\/www.joab.se\/wp-content\/uploads\/2023\/02\/logo_storre.png","contentUrl":"https:\/\/www.joab.se\/wp-content\/uploads\/2023\/02\/logo_storre.png","width":3100,"height":889,"caption":"JOAB F\u00f6rs\u00e4ljnings AB"},"image":{"@id":"https:\/\/www.joab.se\/#\/schema\/logo\/image\/"},"sameAs":["https:\/\/www.facebook.com\/joabsverige\/","https:\/\/www.instagram.com\/joab.se\/?hl=sv","https:\/\/www.linkedin.com\/company\/joab-ab\/","https:\/\/www.youtube.com\/@joab2194\/featured"]}]}},"_links":{"self":[{"href":"https:\/\/www.joab.se\/fi\/wp-json\/wp\/v2\/pages\/15990","targetHints":{"allow":["GET"]}}],"collection":[{"href":"https:\/\/www.joab.se\/fi\/wp-json\/wp\/v2\/pages"}],"about":[{"href":"https:\/\/www.joab.se\/fi\/wp-json\/wp\/v2\/types\/page"}],"author":[{"embeddable":true,"href":"https:\/\/www.joab.se\/fi\/wp-json\/wp\/v2\/users\/2"}],"replies":[{"embeddable":true,"href":"https:\/\/www.joab.se\/fi\/wp-json\/wp\/v2\/comments?post=15990"}],"version-history":[{"count":2,"href":"https:\/\/www.joab.se\/fi\/wp-json\/wp\/v2\/pages\/15990\/revisions"}],"predecessor-version":[{"id":15992,"href":"https:\/\/www.joab.se\/fi\/wp-json\/wp\/v2\/pages\/15990\/revisions\/15992"}],"wp:attachment":[{"href":"https:\/\/www.joab.se\/fi\/wp-json\/wp\/v2\/media?parent=15990"}],"curies":[{"name":"wp","href":"https:\/\/api.w.org\/{rel}","templated":true}]}}