{"id":15474,"date":"2020-12-18T09:51:36","date_gmt":"2020-12-18T08:51:36","guid":{"rendered":"https:\/\/www.joab.se\/?page_id=15474"},"modified":"2024-09-26T09:44:24","modified_gmt":"2024-09-26T07:44:24","slug":"bsv-nostoapuvalineet","status":"publish","type":"page","link":"https:\/\/www.joab.se\/fi\/tuotteet\/bsv-nostoapuvalineet\/","title":{"rendered":"BSV-nostoapuv\u00e4lineet"},"content":{"rendered":"<div id=\"pl-15474\"  class=\"panel-layout\" ><div id=\"pg-15474-0\"  class=\"panel-grid panel-no-style\" ><div id=\"pgc-15474-0-0\"  class=\"panel-grid-cell\" ><div id=\"panel-15474-0-0-0\" class=\"so-panel widget widget_joab-hero-banner-widget panel-first-child panel-last-child\" data-index=\"0\" ><div\n\t\t\t\n\t\t\tclass=\"so-widget-joab-hero-banner-widget so-widget-joab-hero-banner-widget-default-d75171398898-15474\"\n\t\t\t\n\t\t><div class=\"hero-banner-container\" style=\"background: linear-gradient( rgba(0, 0, 0, 0.5), rgba(0, 0, 0, 0.5) ), url('https:\/\/www.joab.se\/wp-content\/uploads\/2021\/01\/BSV-grab-type-KSII-G-closed-model.jpg');background-position: 50% 50%\">\n        <div class=\"hero-content\">\n      <div class=\"border-container\" style=\"max-width: 40%\">\n          <h1 style=\"font-size: 3vw\">BSV<\/h1>\n      <\/div>\n    <\/div>\n<\/div>\n\n<div class=\"breadcrumbs\">\n            <p id=\"breadcrumbs\"><span><span><a href=\"https:\/\/www.joab.se\/fi\/\">Etusivu<\/a><\/span><\/span><\/p>    <\/div>\n\n<\/div><\/div><\/div><\/div><div id=\"pg-15474-1\"  class=\"panel-grid panel-no-style\" ><div id=\"pgc-15474-1-0\"  class=\"panel-grid-cell\" ><div id=\"panel-15474-1-0-0\" class=\"so-panel widget widget_sow-editor panel-first-child panel-last-child\" data-index=\"1\" ><div\n\t\t\t\n\t\t\tclass=\"so-widget-sow-editor so-widget-sow-editor-base\"\n\t\t\t\n\t\t>\n<div class=\"siteorigin-widget-tinymce textwidget\">\n\t<h2 style=\"text-align: center;\">BSV-nostoapuv\u00e4lineet<\/h2>\n<p style=\"text-align: center;\">BSV tarjoaa laadukkaat tuotteet erilaisiin nostoihin. Pro Liftilt\u00e4 voit tilata niin kourat ja kauhat, k\u00e4\u00e4nt\u00e4j\u00e4t ja rotaattorit, saksinostimet ja nostohaarukat kuin riipukkeet ja muut nostoapuv\u00e4lineet.<\/p>\n<h3 style=\"text-align: center;\">BSV-nostoapuv\u00e4lineet tanskalaisella taidolla<\/h3>\n<p style=\"text-align: center;\">BSV on vuonna 1960 perustettu nostoapuv\u00e4lineiden valmistaja, joka tarjoaa ratkaisuja erilaisiin nostot\u00f6ihin.<\/p>\n<p style=\"text-align: center;\">Tarvitsetko asiantuntevaa apua nostoapuv\u00e4lineiden valintaan? Autamme mielell\u00e4mme sopivien nostoapuv\u00e4lineiden ja lis\u00e4varusteiden hankkimisessa \u2013\u00a0<a href=\"https:\/\/www.joab.se\/fi\/yhteystiedot\/\">ota yhteytt\u00e4!<\/a><\/p>\n<p>&nbsp;<\/p>\n<p>&nbsp;<\/p>\n<p>&nbsp;<\/p>\n<p>&nbsp;<\/p>\n<\/div>\n<\/div><\/div><\/div><\/div><div id=\"pg-15474-2\"  class=\"panel-grid panel-no-style\" ><div id=\"pgc-15474-2-0\"  class=\"panel-grid-cell\" ><div id=\"panel-15474-2-0-0\" class=\"so-panel widget widget_joab-product-teaser-widget panel-first-child panel-last-child\" data-index=\"2\" ><div\n\t\t\t\n\t\t\tclass=\"so-widget-joab-product-teaser-widget so-widget-joab-product-teaser-widget-default-d75171398898-15474\"\n\t\t\t\n\t\t><div class=\"product-teaser-container\">\n    <a href=\"https:\/\/www.joab.se\/fi\/tuote\/hydrauliska-gripar\/\" >\n        <div class=\"img-container\">\n            <img loading=\"lazy\" decoding=\"async\" width=\"300\" height=\"220\" src=\"https:\/\/www.joab.se\/wp-content\/uploads\/2021\/01\/BSV-grab-type-KSII-GXS-open-model-300x220.jpg\" class=\"attachment-joab-product-thumb size-joab-product-thumb wp-post-image\" alt=\"\" \/>        <\/div>\n        <h3>Hydrauliska gripar<\/h3>\n    <\/a>\n<\/div>\n\n<\/div><\/div><\/div><div id=\"pgc-15474-2-1\"  class=\"panel-grid-cell\" ><div id=\"panel-15474-2-1-0\" class=\"so-panel widget widget_joab-product-teaser-widget panel-first-child panel-last-child\" data-index=\"3\" ><div\n\t\t\t\n\t\t\tclass=\"so-widget-joab-product-teaser-widget so-widget-joab-product-teaser-widget-default-d75171398898-15474\"\n\t\t\t\n\t\t><div class=\"product-teaser-container\">\n    <a href=\"https:\/\/www.joab.se\/fi\/tuote\/pallgafflar\/\" >\n        <div class=\"img-container\">\n            <img loading=\"lazy\" decoding=\"async\" width=\"300\" height=\"220\" src=\"https:\/\/www.joab.se\/wp-content\/uploads\/2021\/01\/PG-100-2-SSB-with-bow-300x220.jpg\" class=\"attachment-joab-product-thumb size-joab-product-thumb wp-post-image\" alt=\"\" \/>        <\/div>\n        <h3>Pallgafflar<\/h3>\n    <\/a>\n<\/div>\n\n<\/div><\/div><\/div><div id=\"pgc-15474-2-2\"  class=\"panel-grid-cell\" ><div id=\"panel-15474-2-2-0\" class=\"so-panel widget widget_joab-product-teaser-widget panel-first-child panel-last-child\" data-index=\"4\" ><div\n\t\t\t\n\t\t\tclass=\"so-widget-joab-product-teaser-widget so-widget-joab-product-teaser-widget-default-d75171398898-15474\"\n\t\t\t\n\t\t><div class=\"product-teaser-container\">\n    <a href=\"https:\/\/www.joab.se\/fi\/tuote\/mekaniska-lyfttanger\/\" >\n        <div class=\"img-container\">\n            <img loading=\"lazy\" decoding=\"async\" width=\"300\" height=\"220\" src=\"https:\/\/www.joab.se\/wp-content\/uploads\/2021\/01\/BSV-grab-type-801-120-300x220.jpg\" class=\"attachment-joab-product-thumb size-joab-product-thumb wp-post-image\" alt=\"\" \/>        <\/div>\n        <h3>Mekaniska lyftt\u00e4nger<\/h3>\n    <\/a>\n<\/div>\n\n<\/div><\/div><\/div><div id=\"pgc-15474-2-3\"  class=\"panel-grid-cell\" ><div id=\"panel-15474-2-3-0\" class=\"so-panel widget widget_joab-product-teaser-widget panel-first-child panel-last-child\" data-index=\"5\" ><div\n\t\t\t\n\t\t\tclass=\"so-widget-joab-product-teaser-widget so-widget-joab-product-teaser-widget-default-d75171398898-15474\"\n\t\t\t\n\t\t><div class=\"product-teaser-container\">\n    <a href=\"https:\/\/www.joab.se\/fi\/tuote\/elhydraulik%e2%80%8b\/\" >\n        <div class=\"img-container\">\n            <img loading=\"lazy\" decoding=\"async\" width=\"300\" height=\"220\" src=\"https:\/\/www.joab.se\/wp-content\/uploads\/2021\/01\/gripklo2-300x220.png\" class=\"attachment-joab-product-thumb size-joab-product-thumb wp-post-image\" alt=\"\" \/>        <\/div>\n        <h3>Elhydraulik\u200b<\/h3>\n    <\/a>\n<\/div>\n\n<\/div><\/div><\/div><\/div><div id=\"pg-15474-3\"  class=\"panel-grid panel-has-style\" ><div class=\"panel-row-style panel-row-style-for-15474-3\" ><div id=\"pgc-15474-3-0\"  class=\"panel-grid-cell\" ><div id=\"panel-15474-3-0-0\" class=\"so-panel widget widget_sow-editor panel-first-child\" data-index=\"6\" ><div\n\t\t\t\n\t\t\tclass=\"so-widget-sow-editor so-widget-sow-editor-base\"\n\t\t\t\n\t\t>\n<div class=\"siteorigin-widget-tinymce textwidget\">\n\t<div id=\"panel-15321-3-0-0\" class=\"so-panel widget widget_sow-editor panel-first-child\" data-index=\"5\">\n<div class=\"so-widget-sow-editor so-widget-sow-editor-base\">\n<div class=\"siteorigin-widget-tinymce textwidget\">\n<h2 style=\"text-align: center;\"><strong>TAPAA K\u00c4YTT\u00c4J\u00c4MME<\/strong><\/h2>\n<\/div>\n<\/div>\n<\/div>\n<\/div>\n<\/div><\/div><div id=\"panel-15474-3-0-1\" class=\"so-panel widget widget_joab-media-and-text-widget panel-last-child\" data-index=\"7\" ><div\n\t\t\t\n\t\t\tclass=\"so-widget-joab-media-and-text-widget so-widget-joab-media-and-text-widget-default-d75171398898-15474\"\n\t\t\t\n\t\t><div class=\"image-and-text-container reverse\">\n    <figure>\n        <img loading=\"lazy\" decoding=\"async\" width=\"875\" height=\"501\" src=\"https:\/\/www.joab.se\/wp-content\/uploads\/2020\/12\/PK_Transport-2.jpg\" class=\"attachment-large size-large\" alt=\"\" srcset=\"https:\/\/www.joab.se\/wp-content\/uploads\/2020\/12\/PK_Transport-2.jpg 875w, https:\/\/www.joab.se\/wp-content\/uploads\/2020\/12\/PK_Transport-2-300x172.jpg 300w, https:\/\/www.joab.se\/wp-content\/uploads\/2020\/12\/PK_Transport-2-768x440.jpg 768w\" sizes=\"auto, (max-width: 875px) 100vw, 875px\" \/>    <\/figure>\n    <div class=\"text-container\" style=\"background-color: #ffffff; color: #000000; padding: 4% 8% 4% 8%;\">\n        <h3>PK Transport AB \u2013 \u201dJOAB tarkoittaa minulle luotettavaa kumppania yritykseni jatkuvassa kehitysty\u00f6ss\u00e4\u201d<\/h3>\n<p>Peter Kjellv\u00e5s Transport AB Tukholman H\u00f6gdalenissa on k\u00e4ytt\u00e4nyt JOABin tuotteita vuodesta 2009 ja suorittaa kuljetuksia monille erilaisille asiakkaille, aina pienist\u00e4 urakoitsijoista Tukholman kaupunkiin, Sveviaan ja Skanskaan.<\/p>\n<p><a href=\"https:\/\/www.joab.se\/fi\/tapaa-kayttajamme-pk-transport-ab\/\">Lue lis\u00e4\u00e4 PK Transportista ja siit\u00e4, miksi he valitsivat JOABin &gt;&gt;<\/a><\/p>\n    <\/div>\n<\/div>\n\n<\/div><\/div><\/div><\/div><\/div><\/div>","protected":false},"excerpt":{"rendered":"<p>BSV-nostoapuv\u00e4lineet BSV tarjoaa laadukkaat tuotteet erilaisiin nostoihin. Pro Liftilt\u00e4 voit tilata niin kourat ja kauhat, k\u00e4\u00e4nt\u00e4j\u00e4t ja rotaattorit, saksinostimet ja nostohaarukat kuin riipukkeet ja muut nostoapuv\u00e4lineet. BSV-nostoapuv\u00e4lineet tanskalaisella taidolla BSV on vuonna 1960 perustettu nostoapuv\u00e4lineiden valmistaja, joka tarjoaa ratkaisuja erilaisiin nostot\u00f6ihin. Tarvitsetko asiantuntevaa apua nostoapuv\u00e4lineiden valintaan? Autamme mielell\u00e4mme sopivien nostoapuv\u00e4lineiden ja lis\u00e4varusteiden hankkimisessa \u2013\u00a0ota yhteytt\u00e4! [&hellip;]<\/p>\n","protected":false},"author":2,"featured_media":0,"parent":15311,"menu_order":0,"comment_status":"closed","ping_status":"closed","template":"","meta":{"footnotes":""},"class_list":["post-15474","page","type-page","status-publish","hentry"],"yoast_head":"<!-- This site is optimized with the Yoast SEO plugin v27.4 - https:\/\/yoast.com\/product\/yoast-seo-wordpress\/ -->\n<title>BSV-nostoapuv\u00e4lineet - JOAB<\/title>\n<meta name=\"robots\" content=\"index, follow, max-snippet:-1, max-image-preview:large, max-video-preview:-1\" \/>\n<link rel=\"canonical\" href=\"https:\/\/www.joab.se\/fi\/tuotteet\/bsv-nostoapuvalineet\/\" \/>\n<meta property=\"og:locale\" content=\"fi_FI\" \/>\n<meta property=\"og:type\" content=\"article\" \/>\n<meta property=\"og:title\" content=\"BSV-nostoapuv\u00e4lineet - JOAB\" \/>\n<meta property=\"og:description\" content=\"BSV-nostoapuv\u00e4lineet BSV tarjoaa laadukkaat tuotteet erilaisiin nostoihin. Pro Liftilt\u00e4 voit tilata niin kourat ja kauhat, k\u00e4\u00e4nt\u00e4j\u00e4t ja rotaattorit, saksinostimet ja nostohaarukat kuin riipukkeet ja muut nostoapuv\u00e4lineet. BSV-nostoapuv\u00e4lineet tanskalaisella taidolla BSV on vuonna 1960 perustettu nostoapuv\u00e4lineiden valmistaja, joka tarjoaa ratkaisuja erilaisiin nostot\u00f6ihin. Tarvitsetko asiantuntevaa apua nostoapuv\u00e4lineiden valintaan? Autamme mielell\u00e4mme sopivien nostoapuv\u00e4lineiden ja lis\u00e4varusteiden hankkimisessa \u2013\u00a0ota yhteytt\u00e4! [&hellip;]\" \/>\n<meta property=\"og:url\" content=\"https:\/\/www.joab.se\/fi\/tuotteet\/bsv-nostoapuvalineet\/\" \/>\n<meta property=\"og:site_name\" content=\"JOAB\" \/>\n<meta property=\"article:publisher\" content=\"https:\/\/www.facebook.com\/joabsverige\/\" \/>\n<meta property=\"article:modified_time\" content=\"2024-09-26T07:44:24+00:00\" \/>\n<meta name=\"twitter:card\" content=\"summary_large_image\" \/>\n<meta name=\"twitter:label1\" content=\"Arvioitu lukuaika\" \/>\n\t<meta name=\"twitter:data1\" content=\"2 minuuttia\" \/>\n<script type=\"application\/ld+json\" class=\"yoast-schema-graph\">{\"@context\":\"https:\\\/\\\/schema.org\",\"@graph\":[{\"@type\":\"WebPage\",\"@id\":\"https:\\\/\\\/www.joab.se\\\/fi\\\/tuotteet\\\/bsv-nostoapuvalineet\\\/\",\"url\":\"https:\\\/\\\/www.joab.se\\\/fi\\\/tuotteet\\\/bsv-nostoapuvalineet\\\/\",\"name\":\"BSV-nostoapuv\u00e4lineet - JOAB\",\"isPartOf\":{\"@id\":\"https:\\\/\\\/www.joab.se\\\/#website\"},\"datePublished\":\"2020-12-18T08:51:36+00:00\",\"dateModified\":\"2024-09-26T07:44:24+00:00\",\"breadcrumb\":{\"@id\":\"https:\\\/\\\/www.joab.se\\\/fi\\\/tuotteet\\\/bsv-nostoapuvalineet\\\/#breadcrumb\"},\"inLanguage\":\"fi\",\"potentialAction\":[{\"@type\":\"ReadAction\",\"target\":[\"https:\\\/\\\/www.joab.se\\\/fi\\\/tuotteet\\\/bsv-nostoapuvalineet\\\/\"]}]},{\"@type\":\"BreadcrumbList\",\"@id\":\"https:\\\/\\\/www.joab.se\\\/fi\\\/tuotteet\\\/bsv-nostoapuvalineet\\\/#breadcrumb\",\"itemListElement\":[{\"@type\":\"ListItem\",\"position\":1,\"name\":\"Etusivu\",\"item\":\"https:\\\/\\\/www.joab.se\\\/fi\\\/\"},{\"@type\":\"ListItem\",\"position\":2,\"name\":\"Tuotteet\",\"item\":\"https:\\\/\\\/www.joab.se\\\/fi\\\/tuotteet\\\/\"},{\"@type\":\"ListItem\",\"position\":3,\"name\":\"BSV-nostoapuv\u00e4lineet\"}]},{\"@type\":\"WebSite\",\"@id\":\"https:\\\/\\\/www.joab.se\\\/#website\",\"url\":\"https:\\\/\\\/www.joab.se\\\/\",\"name\":\"JOAB\",\"description\":\"En till WordPress-webbplats\",\"publisher\":{\"@id\":\"https:\\\/\\\/www.joab.se\\\/#organization\"},\"potentialAction\":[{\"@type\":\"SearchAction\",\"target\":{\"@type\":\"EntryPoint\",\"urlTemplate\":\"https:\\\/\\\/www.joab.se\\\/?s={search_term_string}\"},\"query-input\":{\"@type\":\"PropertyValueSpecification\",\"valueRequired\":true,\"valueName\":\"search_term_string\"}}],\"inLanguage\":\"fi\"},{\"@type\":\"Organization\",\"@id\":\"https:\\\/\\\/www.joab.se\\\/#organization\",\"name\":\"JOAB F\u00f6rs\u00e4ljnings AB\",\"url\":\"https:\\\/\\\/www.joab.se\\\/\",\"logo\":{\"@type\":\"ImageObject\",\"inLanguage\":\"fi\",\"@id\":\"https:\\\/\\\/www.joab.se\\\/#\\\/schema\\\/logo\\\/image\\\/\",\"url\":\"https:\\\/\\\/www.joab.se\\\/wp-content\\\/uploads\\\/2023\\\/02\\\/logo_storre.png\",\"contentUrl\":\"https:\\\/\\\/www.joab.se\\\/wp-content\\\/uploads\\\/2023\\\/02\\\/logo_storre.png\",\"width\":3100,\"height\":889,\"caption\":\"JOAB F\u00f6rs\u00e4ljnings AB\"},\"image\":{\"@id\":\"https:\\\/\\\/www.joab.se\\\/#\\\/schema\\\/logo\\\/image\\\/\"},\"sameAs\":[\"https:\\\/\\\/www.facebook.com\\\/joabsverige\\\/\",\"https:\\\/\\\/www.instagram.com\\\/joab.se\\\/?hl=sv\",\"https:\\\/\\\/www.linkedin.com\\\/company\\\/joab-ab\\\/\",\"https:\\\/\\\/www.youtube.com\\\/@joab2194\\\/featured\"]}]}<\/script>\n<!-- \/ Yoast SEO plugin. -->","yoast_head_json":{"title":"BSV-nostoapuv\u00e4lineet - JOAB","robots":{"index":"index","follow":"follow","max-snippet":"max-snippet:-1","max-image-preview":"max-image-preview:large","max-video-preview":"max-video-preview:-1"},"canonical":"https:\/\/www.joab.se\/fi\/tuotteet\/bsv-nostoapuvalineet\/","og_locale":"fi_FI","og_type":"article","og_title":"BSV-nostoapuv\u00e4lineet - JOAB","og_description":"BSV-nostoapuv\u00e4lineet BSV tarjoaa laadukkaat tuotteet erilaisiin nostoihin. Pro Liftilt\u00e4 voit tilata niin kourat ja kauhat, k\u00e4\u00e4nt\u00e4j\u00e4t ja rotaattorit, saksinostimet ja nostohaarukat kuin riipukkeet ja muut nostoapuv\u00e4lineet. BSV-nostoapuv\u00e4lineet tanskalaisella taidolla BSV on vuonna 1960 perustettu nostoapuv\u00e4lineiden valmistaja, joka tarjoaa ratkaisuja erilaisiin nostot\u00f6ihin. Tarvitsetko asiantuntevaa apua nostoapuv\u00e4lineiden valintaan? Autamme mielell\u00e4mme sopivien nostoapuv\u00e4lineiden ja lis\u00e4varusteiden hankkimisessa \u2013\u00a0ota yhteytt\u00e4! [&hellip;]","og_url":"https:\/\/www.joab.se\/fi\/tuotteet\/bsv-nostoapuvalineet\/","og_site_name":"JOAB","article_publisher":"https:\/\/www.facebook.com\/joabsverige\/","article_modified_time":"2024-09-26T07:44:24+00:00","twitter_card":"summary_large_image","twitter_misc":{"Arvioitu lukuaika":"2 minuuttia"},"schema":{"@context":"https:\/\/schema.org","@graph":[{"@type":"WebPage","@id":"https:\/\/www.joab.se\/fi\/tuotteet\/bsv-nostoapuvalineet\/","url":"https:\/\/www.joab.se\/fi\/tuotteet\/bsv-nostoapuvalineet\/","name":"BSV-nostoapuv\u00e4lineet - JOAB","isPartOf":{"@id":"https:\/\/www.joab.se\/#website"},"datePublished":"2020-12-18T08:51:36+00:00","dateModified":"2024-09-26T07:44:24+00:00","breadcrumb":{"@id":"https:\/\/www.joab.se\/fi\/tuotteet\/bsv-nostoapuvalineet\/#breadcrumb"},"inLanguage":"fi","potentialAction":[{"@type":"ReadAction","target":["https:\/\/www.joab.se\/fi\/tuotteet\/bsv-nostoapuvalineet\/"]}]},{"@type":"BreadcrumbList","@id":"https:\/\/www.joab.se\/fi\/tuotteet\/bsv-nostoapuvalineet\/#breadcrumb","itemListElement":[{"@type":"ListItem","position":1,"name":"Etusivu","item":"https:\/\/www.joab.se\/fi\/"},{"@type":"ListItem","position":2,"name":"Tuotteet","item":"https:\/\/www.joab.se\/fi\/tuotteet\/"},{"@type":"ListItem","position":3,"name":"BSV-nostoapuv\u00e4lineet"}]},{"@type":"WebSite","@id":"https:\/\/www.joab.se\/#website","url":"https:\/\/www.joab.se\/","name":"JOAB","description":"En till WordPress-webbplats","publisher":{"@id":"https:\/\/www.joab.se\/#organization"},"potentialAction":[{"@type":"SearchAction","target":{"@type":"EntryPoint","urlTemplate":"https:\/\/www.joab.se\/?s={search_term_string}"},"query-input":{"@type":"PropertyValueSpecification","valueRequired":true,"valueName":"search_term_string"}}],"inLanguage":"fi"},{"@type":"Organization","@id":"https:\/\/www.joab.se\/#organization","name":"JOAB F\u00f6rs\u00e4ljnings AB","url":"https:\/\/www.joab.se\/","logo":{"@type":"ImageObject","inLanguage":"fi","@id":"https:\/\/www.joab.se\/#\/schema\/logo\/image\/","url":"https:\/\/www.joab.se\/wp-content\/uploads\/2023\/02\/logo_storre.png","contentUrl":"https:\/\/www.joab.se\/wp-content\/uploads\/2023\/02\/logo_storre.png","width":3100,"height":889,"caption":"JOAB F\u00f6rs\u00e4ljnings AB"},"image":{"@id":"https:\/\/www.joab.se\/#\/schema\/logo\/image\/"},"sameAs":["https:\/\/www.facebook.com\/joabsverige\/","https:\/\/www.instagram.com\/joab.se\/?hl=sv","https:\/\/www.linkedin.com\/company\/joab-ab\/","https:\/\/www.youtube.com\/@joab2194\/featured"]}]}},"_links":{"self":[{"href":"https:\/\/www.joab.se\/fi\/wp-json\/wp\/v2\/pages\/15474","targetHints":{"allow":["GET"]}}],"collection":[{"href":"https:\/\/www.joab.se\/fi\/wp-json\/wp\/v2\/pages"}],"about":[{"href":"https:\/\/www.joab.se\/fi\/wp-json\/wp\/v2\/types\/page"}],"author":[{"embeddable":true,"href":"https:\/\/www.joab.se\/fi\/wp-json\/wp\/v2\/users\/2"}],"replies":[{"embeddable":true,"href":"https:\/\/www.joab.se\/fi\/wp-json\/wp\/v2\/comments?post=15474"}],"version-history":[{"count":32,"href":"https:\/\/www.joab.se\/fi\/wp-json\/wp\/v2\/pages\/15474\/revisions"}],"predecessor-version":[{"id":30460,"href":"https:\/\/www.joab.se\/fi\/wp-json\/wp\/v2\/pages\/15474\/revisions\/30460"}],"up":[{"embeddable":true,"href":"https:\/\/www.joab.se\/fi\/wp-json\/wp\/v2\/pages\/15311"}],"wp:attachment":[{"href":"https:\/\/www.joab.se\/fi\/wp-json\/wp\/v2\/media?parent=15474"}],"curies":[{"name":"wp","href":"https:\/\/api.w.org\/{rel}","templated":true}]}}