{"id":15402,"date":"2020-09-25T13:50:32","date_gmt":"2020-09-25T11:50:32","guid":{"rendered":"https:\/\/www.joab.se\/?page_id=15402"},"modified":"2021-01-13T12:22:27","modified_gmt":"2021-01-13T11:22:27","slug":"tapaa-kayttajamme-renova","status":"publish","type":"page","link":"https:\/\/www.joab.se\/fi\/tapaa-kayttajamme-renova\/","title":{"rendered":"Tapaa k\u00e4ytt\u00e4j\u00e4mme &#8211; Renova"},"content":{"rendered":"<div id=\"pl-15402\"  class=\"panel-layout\" ><div id=\"pg-15402-0\"  class=\"panel-grid panel-no-style\" ><div id=\"pgc-15402-0-0\"  class=\"panel-grid-cell\" ><div id=\"panel-15402-0-0-0\" class=\"so-panel widget widget_joab-hero-banner-widget panel-first-child panel-last-child\" data-index=\"0\" ><div\n\t\t\t\n\t\t\tclass=\"so-widget-joab-hero-banner-widget so-widget-joab-hero-banner-widget-default-d75171398898-15402\"\n\t\t\t\n\t\t><div class=\"hero-banner-container\" style=\"background: linear-gradient( rgba(0, 0, 0, 0.5), rgba(0, 0, 0, 0.5) ), url('https:\/\/www.joab.se\/wp-content\/uploads\/2020\/09\/Renova_sopbil_3-1920x1444.jpg');background-position: 50% 50%\">\n        <div class=\"hero-content\">\n      <div class=\"border-container\" style=\"max-width: 40%\">\n          <h1 style=\"font-size: 3vw\">Tapaa k\u00e4ytt\u00e4j\u00e4mme<\/h1>\n      <\/div>\n    <\/div>\n<\/div>\n\n<div class=\"breadcrumbs\">\n            <p id=\"breadcrumbs\"><span><span><a href=\"https:\/\/www.joab.se\/fi\/\">Etusivu<\/a><\/span><\/span><\/p>    <\/div>\n\n<\/div><\/div><\/div><\/div><div id=\"pg-15402-1\"  class=\"panel-grid panel-no-style\" ><div id=\"pgc-15402-1-0\"  class=\"panel-grid-cell\" ><div id=\"panel-15402-1-0-0\" class=\"so-panel widget widget_sow-editor panel-first-child panel-last-child\" data-index=\"1\" ><div\n\t\t\t\n\t\t\tclass=\"so-widget-sow-editor so-widget-sow-editor-base\"\n\t\t\t\n\t\t>\n<div class=\"siteorigin-widget-tinymce textwidget\">\n\t<h2 style=\"text-align: center;\">RENOVA AB<\/h2>\n<p>&nbsp;<\/p>\n<p>&nbsp;<\/p>\n<\/div>\n<\/div><\/div><\/div><\/div><div id=\"pg-15402-2\"  class=\"panel-grid panel-no-style\" ><div id=\"pgc-15402-2-0\"  class=\"panel-grid-cell panel-grid-cell-empty\" ><\/div><div id=\"pgc-15402-2-1\"  class=\"panel-grid-cell panel-grid-cell-mobile-last\" ><div id=\"panel-15402-2-1-0\" class=\"so-panel widget widget_siteorigin-panels-builder panel-first-child\" data-index=\"2\" ><div id=\"pl-w5ffed7f3a6222\"  class=\"panel-layout\" ><div id=\"pg-w5ffed7f3a6222-0\"  class=\"panel-grid panel-no-style\" ><div id=\"pgc-w5ffed7f3a6222-0-0\"  class=\"panel-grid-cell\" ><div id=\"panel-w5ffed7f3a6222-0-0-0\" class=\"so-panel widget widget_sow-editor panel-first-child panel-last-child\" data-index=\"0\" ><div\n\t\t\t\n\t\t\tclass=\"so-widget-sow-editor so-widget-sow-editor-base\"\n\t\t\t\n\t\t>\n<div class=\"siteorigin-widget-tinymce textwidget\">\n\t<h2><\/h2>\n<p><strong>Paikka:<\/strong> G\u00f6teborg \u2013 V\u00e4stra G\u00f6taland<\/p>\n<p><strong>Ty\u00f6ntekij\u00f6it\u00e4:<\/strong> ca 800<\/p>\n<p><strong>Liiketoiminta, mit\u00e4 teette: <\/strong>J\u00e4tteenk\u00e4sittely.<\/p>\n<p><strong>Milloin aloititte yhteisty\u00f6n JOABin kanssa? Mit\u00e4 tuotteita teill\u00e4 on?<\/strong><br \/>\nAloitimme yhteisty\u00f6n JOAB:n kanssa jo 90-luvulla, ja meill\u00e4 on p\u00e4\u00e4llirakenteita erilaisille j\u00e4teautoille.<\/p>\n<p><strong>Mit\u00e4 haasteita teill\u00e4 on: Mink\u00e4 tyyppist\u00e4 rahtia, mit\u00e4 teht\u00e4vi\u00e4, mink\u00e4 tyyppisi\u00e4 asiakkaita?<\/strong><br \/>\nKorvata ajoneuvokanta asteittain erilaisilla s\u00e4hk\u00f6autoilla. Ajamme p\u00e4\u00e4osin j\u00e4tteit\u00e4 ja kierr\u00e4tysmateriaaleja. Asiakkaamme koostuvat kunnista ja kaikenlaisista yksityisist\u00e4 toimijoista.<\/p>\n<p><strong>Kuinka JOAB-tuotteet ovat auttaneet teit\u00e4 haasteissa?<\/strong><br \/>\nJOAB:n avulla olemme pystyneet esittelem\u00e4\u00e4n 100% s\u00e4hk\u00f6istettyj\u00e4 ajoneuvoja.<\/p>\n<p><strong>Mit\u00e4 mielt\u00e4 olette JOABista? Tuki? Palvelu mm.<\/strong><br \/>\nKaiken kaikkiaan hyv\u00e4. Ty\u00f6ntekij\u00e4t tuntevat tuotteet, joten saamme oikeat tuotteet tilattaessa jne.<\/p>\n<\/div>\n<\/div><\/div><\/div><div id=\"pgc-w5ffed7f3a6222-0-1\"  class=\"panel-grid-cell\" ><div id=\"panel-w5ffed7f3a6222-0-1-0\" class=\"so-panel widget widget_sow-image panel-first-child panel-last-child\" data-index=\"1\" ><div\n\t\t\t\n\t\t\tclass=\"so-widget-sow-image so-widget-sow-image-default-a258e6bfa2d8\"\n\t\t\t\n\t\t>\n<div class=\"sow-image-container\">\n\t\t<img \n\tsrc=\"https:\/\/www.joab.se\/wp-content\/uploads\/2020\/09\/Renova_sopbil_3-768x578.jpg\" width=\"768\" height=\"578\" srcset=\"https:\/\/www.joab.se\/wp-content\/uploads\/2020\/09\/Renova_sopbil_3-768x578.jpg 768w, https:\/\/www.joab.se\/wp-content\/uploads\/2020\/09\/Renova_sopbil_3-300x226.jpg 300w, https:\/\/www.joab.se\/wp-content\/uploads\/2020\/09\/Renova_sopbil_3-1024x770.jpg 1024w, https:\/\/www.joab.se\/wp-content\/uploads\/2020\/09\/Renova_sopbil_3-1536x1155.jpg 1536w, https:\/\/www.joab.se\/wp-content\/uploads\/2020\/09\/Renova_sopbil_3-2048x1540.jpg 2048w, https:\/\/www.joab.se\/wp-content\/uploads\/2020\/09\/Renova_sopbil_3-1920x1444.jpg 1920w, https:\/\/www.joab.se\/wp-content\/uploads\/2020\/09\/Renova_sopbil_3-1000x752.jpg 1000w\" sizes=\"(max-width: 768px) 100vw, 768px\" title=\"Renova_sopbil_3\" alt=\"\" \t\tclass=\"so-widget-image\"\/>\n\t<\/div>\n\n<\/div><\/div><\/div><\/div><\/div><\/div><div id=\"panel-15402-2-1-1\" class=\"so-panel widget widget_sow-editor panel-last-child\" data-index=\"3\" ><div\n\t\t\t\n\t\t\tclass=\"so-widget-sow-editor so-widget-sow-editor-base\"\n\t\t\t\n\t\t>\n<div class=\"siteorigin-widget-tinymce textwidget\">\n\t<hr \/>\n<\/div>\n<\/div><\/div><\/div><div id=\"pgc-15402-2-2\"  class=\"panel-grid-cell panel-grid-cell-empty\" ><\/div><\/div><\/div>","protected":false},"excerpt":{"rendered":"<p>RENOVA AB &nbsp; &nbsp;<\/p>\n","protected":false},"author":2,"featured_media":0,"parent":0,"menu_order":0,"comment_status":"closed","ping_status":"closed","template":"","meta":{"footnotes":""},"class_list":["post-15402","page","type-page","status-publish","hentry"],"yoast_head":"<!-- This site is optimized with the Yoast SEO plugin v27.4 - https:\/\/yoast.com\/product\/yoast-seo-wordpress\/ -->\n<title>Tapaa k\u00e4ytt\u00e4j\u00e4mme - Renova - JOAB<\/title>\n<meta name=\"robots\" content=\"index, follow, max-snippet:-1, max-image-preview:large, max-video-preview:-1\" \/>\n<link rel=\"canonical\" href=\"https:\/\/www.joab.se\/fi\/tapaa-kayttajamme-renova\/\" \/>\n<meta property=\"og:locale\" content=\"fi_FI\" \/>\n<meta property=\"og:type\" content=\"article\" \/>\n<meta property=\"og:title\" content=\"Tapaa k\u00e4ytt\u00e4j\u00e4mme - Renova - JOAB\" \/>\n<meta property=\"og:description\" content=\"RENOVA AB &nbsp; &nbsp;\" \/>\n<meta property=\"og:url\" content=\"https:\/\/www.joab.se\/fi\/tapaa-kayttajamme-renova\/\" \/>\n<meta property=\"og:site_name\" content=\"JOAB\" \/>\n<meta property=\"article:publisher\" content=\"https:\/\/www.facebook.com\/joabsverige\/\" \/>\n<meta property=\"article:modified_time\" content=\"2021-01-13T11:22:27+00:00\" \/>\n<meta name=\"twitter:card\" content=\"summary_large_image\" \/>\n<meta name=\"twitter:label1\" content=\"Arvioitu lukuaika\" \/>\n\t<meta name=\"twitter:data1\" content=\"1 minuutti\" \/>\n<script type=\"application\/ld+json\" class=\"yoast-schema-graph\">{\"@context\":\"https:\\\/\\\/schema.org\",\"@graph\":[{\"@type\":\"WebPage\",\"@id\":\"https:\\\/\\\/www.joab.se\\\/fi\\\/tapaa-kayttajamme-renova\\\/\",\"url\":\"https:\\\/\\\/www.joab.se\\\/fi\\\/tapaa-kayttajamme-renova\\\/\",\"name\":\"Tapaa k\u00e4ytt\u00e4j\u00e4mme - Renova - JOAB\",\"isPartOf\":{\"@id\":\"https:\\\/\\\/www.joab.se\\\/#website\"},\"datePublished\":\"2020-09-25T11:50:32+00:00\",\"dateModified\":\"2021-01-13T11:22:27+00:00\",\"breadcrumb\":{\"@id\":\"https:\\\/\\\/www.joab.se\\\/fi\\\/tapaa-kayttajamme-renova\\\/#breadcrumb\"},\"inLanguage\":\"fi\",\"potentialAction\":[{\"@type\":\"ReadAction\",\"target\":[\"https:\\\/\\\/www.joab.se\\\/fi\\\/tapaa-kayttajamme-renova\\\/\"]}]},{\"@type\":\"BreadcrumbList\",\"@id\":\"https:\\\/\\\/www.joab.se\\\/fi\\\/tapaa-kayttajamme-renova\\\/#breadcrumb\",\"itemListElement\":[{\"@type\":\"ListItem\",\"position\":1,\"name\":\"Etusivu\",\"item\":\"https:\\\/\\\/www.joab.se\\\/fi\\\/\"},{\"@type\":\"ListItem\",\"position\":2,\"name\":\"Tapaa k\u00e4ytt\u00e4j\u00e4mme &#8211; Renova\"}]},{\"@type\":\"WebSite\",\"@id\":\"https:\\\/\\\/www.joab.se\\\/#website\",\"url\":\"https:\\\/\\\/www.joab.se\\\/\",\"name\":\"JOAB\",\"description\":\"En till WordPress-webbplats\",\"publisher\":{\"@id\":\"https:\\\/\\\/www.joab.se\\\/#organization\"},\"potentialAction\":[{\"@type\":\"SearchAction\",\"target\":{\"@type\":\"EntryPoint\",\"urlTemplate\":\"https:\\\/\\\/www.joab.se\\\/?s={search_term_string}\"},\"query-input\":{\"@type\":\"PropertyValueSpecification\",\"valueRequired\":true,\"valueName\":\"search_term_string\"}}],\"inLanguage\":\"fi\"},{\"@type\":\"Organization\",\"@id\":\"https:\\\/\\\/www.joab.se\\\/#organization\",\"name\":\"JOAB F\u00f6rs\u00e4ljnings AB\",\"url\":\"https:\\\/\\\/www.joab.se\\\/\",\"logo\":{\"@type\":\"ImageObject\",\"inLanguage\":\"fi\",\"@id\":\"https:\\\/\\\/www.joab.se\\\/#\\\/schema\\\/logo\\\/image\\\/\",\"url\":\"https:\\\/\\\/www.joab.se\\\/wp-content\\\/uploads\\\/2023\\\/02\\\/logo_storre.png\",\"contentUrl\":\"https:\\\/\\\/www.joab.se\\\/wp-content\\\/uploads\\\/2023\\\/02\\\/logo_storre.png\",\"width\":3100,\"height\":889,\"caption\":\"JOAB F\u00f6rs\u00e4ljnings AB\"},\"image\":{\"@id\":\"https:\\\/\\\/www.joab.se\\\/#\\\/schema\\\/logo\\\/image\\\/\"},\"sameAs\":[\"https:\\\/\\\/www.facebook.com\\\/joabsverige\\\/\",\"https:\\\/\\\/www.instagram.com\\\/joab.se\\\/?hl=sv\",\"https:\\\/\\\/www.linkedin.com\\\/company\\\/joab-ab\\\/\",\"https:\\\/\\\/www.youtube.com\\\/@joab2194\\\/featured\"]}]}<\/script>\n<!-- \/ Yoast SEO plugin. -->","yoast_head_json":{"title":"Tapaa k\u00e4ytt\u00e4j\u00e4mme - Renova - JOAB","robots":{"index":"index","follow":"follow","max-snippet":"max-snippet:-1","max-image-preview":"max-image-preview:large","max-video-preview":"max-video-preview:-1"},"canonical":"https:\/\/www.joab.se\/fi\/tapaa-kayttajamme-renova\/","og_locale":"fi_FI","og_type":"article","og_title":"Tapaa k\u00e4ytt\u00e4j\u00e4mme - Renova - JOAB","og_description":"RENOVA AB &nbsp; &nbsp;","og_url":"https:\/\/www.joab.se\/fi\/tapaa-kayttajamme-renova\/","og_site_name":"JOAB","article_publisher":"https:\/\/www.facebook.com\/joabsverige\/","article_modified_time":"2021-01-13T11:22:27+00:00","twitter_card":"summary_large_image","twitter_misc":{"Arvioitu lukuaika":"1 minuutti"},"schema":{"@context":"https:\/\/schema.org","@graph":[{"@type":"WebPage","@id":"https:\/\/www.joab.se\/fi\/tapaa-kayttajamme-renova\/","url":"https:\/\/www.joab.se\/fi\/tapaa-kayttajamme-renova\/","name":"Tapaa k\u00e4ytt\u00e4j\u00e4mme - Renova - JOAB","isPartOf":{"@id":"https:\/\/www.joab.se\/#website"},"datePublished":"2020-09-25T11:50:32+00:00","dateModified":"2021-01-13T11:22:27+00:00","breadcrumb":{"@id":"https:\/\/www.joab.se\/fi\/tapaa-kayttajamme-renova\/#breadcrumb"},"inLanguage":"fi","potentialAction":[{"@type":"ReadAction","target":["https:\/\/www.joab.se\/fi\/tapaa-kayttajamme-renova\/"]}]},{"@type":"BreadcrumbList","@id":"https:\/\/www.joab.se\/fi\/tapaa-kayttajamme-renova\/#breadcrumb","itemListElement":[{"@type":"ListItem","position":1,"name":"Etusivu","item":"https:\/\/www.joab.se\/fi\/"},{"@type":"ListItem","position":2,"name":"Tapaa k\u00e4ytt\u00e4j\u00e4mme &#8211; Renova"}]},{"@type":"WebSite","@id":"https:\/\/www.joab.se\/#website","url":"https:\/\/www.joab.se\/","name":"JOAB","description":"En till WordPress-webbplats","publisher":{"@id":"https:\/\/www.joab.se\/#organization"},"potentialAction":[{"@type":"SearchAction","target":{"@type":"EntryPoint","urlTemplate":"https:\/\/www.joab.se\/?s={search_term_string}"},"query-input":{"@type":"PropertyValueSpecification","valueRequired":true,"valueName":"search_term_string"}}],"inLanguage":"fi"},{"@type":"Organization","@id":"https:\/\/www.joab.se\/#organization","name":"JOAB F\u00f6rs\u00e4ljnings AB","url":"https:\/\/www.joab.se\/","logo":{"@type":"ImageObject","inLanguage":"fi","@id":"https:\/\/www.joab.se\/#\/schema\/logo\/image\/","url":"https:\/\/www.joab.se\/wp-content\/uploads\/2023\/02\/logo_storre.png","contentUrl":"https:\/\/www.joab.se\/wp-content\/uploads\/2023\/02\/logo_storre.png","width":3100,"height":889,"caption":"JOAB F\u00f6rs\u00e4ljnings AB"},"image":{"@id":"https:\/\/www.joab.se\/#\/schema\/logo\/image\/"},"sameAs":["https:\/\/www.facebook.com\/joabsverige\/","https:\/\/www.instagram.com\/joab.se\/?hl=sv","https:\/\/www.linkedin.com\/company\/joab-ab\/","https:\/\/www.youtube.com\/@joab2194\/featured"]}]}},"_links":{"self":[{"href":"https:\/\/www.joab.se\/fi\/wp-json\/wp\/v2\/pages\/15402","targetHints":{"allow":["GET"]}}],"collection":[{"href":"https:\/\/www.joab.se\/fi\/wp-json\/wp\/v2\/pages"}],"about":[{"href":"https:\/\/www.joab.se\/fi\/wp-json\/wp\/v2\/types\/page"}],"author":[{"embeddable":true,"href":"https:\/\/www.joab.se\/fi\/wp-json\/wp\/v2\/users\/2"}],"replies":[{"embeddable":true,"href":"https:\/\/www.joab.se\/fi\/wp-json\/wp\/v2\/comments?post=15402"}],"version-history":[{"count":6,"href":"https:\/\/www.joab.se\/fi\/wp-json\/wp\/v2\/pages\/15402\/revisions"}],"predecessor-version":[{"id":15868,"href":"https:\/\/www.joab.se\/fi\/wp-json\/wp\/v2\/pages\/15402\/revisions\/15868"}],"wp:attachment":[{"href":"https:\/\/www.joab.se\/fi\/wp-json\/wp\/v2\/media?parent=15402"}],"curies":[{"name":"wp","href":"https:\/\/api.w.org\/{rel}","templated":true}]}}