{"id":15397,"date":"2020-09-22T12:14:59","date_gmt":"2020-09-22T10:14:59","guid":{"rendered":"https:\/\/www.joab.se\/?page_id=15397"},"modified":"2021-01-13T12:15:26","modified_gmt":"2021-01-13T11:15:26","slug":"tapaa-kayttajamme-fraktad","status":"publish","type":"page","link":"https:\/\/www.joab.se\/fi\/tapaa-kayttajamme-fraktad\/","title":{"rendered":"Tapaa k\u00e4ytt\u00e4j\u00e4mme &#8211; FraktAD"},"content":{"rendered":"<div id=\"pl-15397\"  class=\"panel-layout\" ><div id=\"pg-15397-0\"  class=\"panel-grid panel-no-style\" ><div id=\"pgc-15397-0-0\"  class=\"panel-grid-cell\" ><div id=\"panel-15397-0-0-0\" class=\"so-panel widget widget_joab-hero-banner-widget panel-first-child panel-last-child\" data-index=\"0\" ><div\n\t\t\t\n\t\t\tclass=\"so-widget-joab-hero-banner-widget so-widget-joab-hero-banner-widget-default-d75171398898-15397\"\n\t\t\t\n\t\t><div class=\"hero-banner-container\" style=\"background: linear-gradient( rgba(0, 0, 0, 0.5), rgba(0, 0, 0, 0.5) ), url('https:\/\/www.joab.se\/wp-content\/uploads\/2020\/09\/David-Carlsson-1.1.jpg');background-position: 50% 50%\">\n        <div class=\"hero-content\">\n      <div class=\"border-container\" style=\"max-width: 40%\">\n          <h1 style=\"font-size: 3vw\">Tapaa k\u00e4ytt\u00e4j\u00e4mme<\/h1>\n      <\/div>\n    <\/div>\n<\/div>\n\n<div class=\"breadcrumbs\">\n            <p id=\"breadcrumbs\"><span><span><a href=\"https:\/\/www.joab.se\/fi\/\">Etusivu<\/a><\/span><\/span><\/p>    <\/div>\n\n<\/div><\/div><\/div><\/div><div id=\"pg-15397-1\"  class=\"panel-grid panel-no-style\" ><div id=\"pgc-15397-1-0\"  class=\"panel-grid-cell\" ><div id=\"panel-15397-1-0-0\" class=\"so-panel widget widget_sow-editor panel-first-child panel-last-child\" data-index=\"1\" ><div\n\t\t\t\n\t\t\tclass=\"so-widget-sow-editor so-widget-sow-editor-base\"\n\t\t\t\n\t\t>\n<div class=\"siteorigin-widget-tinymce textwidget\">\n\t<h2 style=\"text-align: center;\">FRAKTAD ALINGS\u00c5S AB<\/h2>\n<p>&nbsp;<\/p>\n<\/div>\n<\/div><\/div><\/div><\/div><div id=\"pg-15397-2\"  class=\"panel-grid panel-no-style\" ><div id=\"pgc-15397-2-0\"  class=\"panel-grid-cell panel-grid-cell-empty\" ><\/div><div id=\"pgc-15397-2-1\"  class=\"panel-grid-cell panel-grid-cell-mobile-last\" ><div id=\"panel-15397-2-1-0\" class=\"so-panel widget widget_siteorigin-panels-builder panel-first-child\" data-index=\"2\" ><div id=\"pl-w5ffed64e91e81\"  class=\"panel-layout\" ><div id=\"pg-w5ffed64e91e81-0\"  class=\"panel-grid panel-no-style\" ><div id=\"pgc-w5ffed64e91e81-0-0\"  class=\"panel-grid-cell\" ><div id=\"panel-w5ffed64e91e81-0-0-0\" class=\"so-panel widget widget_sow-editor panel-first-child panel-last-child\" data-index=\"0\" ><div\n\t\t\t\n\t\t\tclass=\"so-widget-sow-editor so-widget-sow-editor-base\"\n\t\t\t\n\t\t>\n<div class=\"siteorigin-widget-tinymce textwidget\">\n\t<h2><\/h2>\n<p><strong>Paikka<\/strong>: Alings\u00e5s \u2013 V\u00e4stra G\u00f6taland<\/p>\n<p><strong>Ty\u00f6ntekij\u00f6it\u00e4<\/strong>: 5<\/p>\n<p><strong>Liiketoiminta, mit\u00e4 teette?<\/strong><br \/>\nOlemme kuljetusliike, joka k\u00e4sittelee enimm\u00e4kseen j\u00e4tteit\u00e4 ja kierr\u00e4tyskuljetuksia. Ajamme my\u00f6s soraa, multaa, koneita ja erilaisia rakennuskuljetuksia.<\/p>\n<p><strong>Milloin aloititte yhteisty\u00f6n JOABin kanssa? Mit\u00e4 tuotteita teill\u00e4 on?<\/strong><br \/>\nOlemme luultavasti aina ty\u00f6skennelleet Joabin kanssa. Mutta vuoden 2018 alusta l\u00e4htien Joab on ollut p\u00e4\u00e4toimittajamme. T\u00e4ll\u00e4 hetkell\u00e4 meill\u00e4 on 5 teliautoa Joab L20:lla, 2 liftdumperia VLU18: lla ja my\u00f6s 2 kpl LVLU18.<\/p>\n<p><strong>Mit\u00e4 haasteita teill\u00e4 on: Mink\u00e4 tyyppist\u00e4 rahtia, mit\u00e4 teht\u00e4vi\u00e4, mink\u00e4 tyyppisi\u00e4 asiakkaita?<\/strong><br \/>\nSuurin haaste on pysty\u00e4 toimittamaan ja ratkaisemaan kaikki teht\u00e4v\u00e4t asiakkaan aikataulussa. Meill\u00e4 on asiakkaina useita suuria kierr\u00e4tysyrityksi\u00e4 ja kuntia, jotka kaikki asettavat korkeita vaatimuksia saavutettavuudelle ja asiakaspalvelulle. Ajamme p\u00e4\u00e4asiassa erilaista j\u00e4tett\u00e4 sek\u00e4 liftdumpereilla, siirtolavalaitteilla ja per\u00e4vaunuilla.<\/p>\n<p><strong>Kuinka JOAB-tuotteet ovat auttaneet teit\u00e4 haasteissa?<\/strong><br \/>\nJoab on auttanut meit\u00e4 tulemaan tehokkaammiksi tuotteilla, jotka harvoin vikaantuvat ja toimivat aina, kaikki autot siirt\u00e4v\u00e4t yleens\u00e4 noin 15 astiaa p\u00e4iv\u00e4ss\u00e4, joten luotettavuus on meille eritt\u00e4in t\u00e4rke\u00e4\u00e4. J\u00e4rjestelm\u00e4 kiinte\u00e4ll\u00e4 L20-koukulla ja LVLU18:lla on auttanut meit\u00e4 tehostamaan kuljetuksiamme ja v\u00e4hent\u00e4m\u00e4\u00e4n tyhji\u00e4 ajoja. Sen ansiosta voimme tehd\u00e4 autoillamme aivan kaikkea.<\/p>\n<p><strong>Mit\u00e4 mielt\u00e4 olette JOABista? Tuki? Palvelu mm<\/strong><br \/>\nTuki on ollut loistavaa ja pystynyt auttamaan meit\u00e4 puhelimitse asioissa, joissa tarvitsemme apua. Myyj\u00e4mme Loffe on uskomattoman hyv\u00e4, h\u00e4n auttoi meit\u00e4 yhdist\u00e4m\u00e4\u00e4n kaikki haluamamme ratkaisut.<\/p>\n<\/div>\n<\/div><\/div><\/div><div id=\"pgc-w5ffed64e91e81-0-1\"  class=\"panel-grid-cell\" ><div id=\"panel-w5ffed64e91e81-0-1-0\" class=\"so-panel widget widget_sow-image panel-first-child\" data-index=\"1\" ><div\n\t\t\t\n\t\t\tclass=\"so-widget-sow-image so-widget-sow-image-default-a258e6bfa2d8\"\n\t\t\t\n\t\t>\n<div class=\"sow-image-container\">\n\t\t<img \n\tsrc=\"https:\/\/www.joab.se\/wp-content\/uploads\/2020\/09\/David-Carlsson-2-768x576.jpg\" width=\"768\" height=\"576\" srcset=\"https:\/\/www.joab.se\/wp-content\/uploads\/2020\/09\/David-Carlsson-2-768x576.jpg 768w, https:\/\/www.joab.se\/wp-content\/uploads\/2020\/09\/David-Carlsson-2-300x225.jpg 300w, https:\/\/www.joab.se\/wp-content\/uploads\/2020\/09\/David-Carlsson-2-1024x768.jpg 1024w, https:\/\/www.joab.se\/wp-content\/uploads\/2020\/09\/David-Carlsson-2-1536x1152.jpg 1536w, https:\/\/www.joab.se\/wp-content\/uploads\/2020\/09\/David-Carlsson-2-2048x1536.jpg 2048w, https:\/\/www.joab.se\/wp-content\/uploads\/2020\/09\/David-Carlsson-2-1920x1440.jpg 1920w, https:\/\/www.joab.se\/wp-content\/uploads\/2020\/09\/David-Carlsson-2-1000x750.jpg 1000w\" sizes=\"(max-width: 768px) 100vw, 768px\" title=\"David-Carlsson-2\" alt=\"\" \t\tclass=\"so-widget-image\"\/>\n\t<\/div>\n\n<\/div><\/div><div id=\"panel-w5ffed64e91e81-0-1-1\" class=\"so-panel widget widget_sow-image panel-last-child\" data-index=\"2\" ><div\n\t\t\t\n\t\t\tclass=\"so-widget-sow-image so-widget-sow-image-default-a258e6bfa2d8\"\n\t\t\t\n\t\t>\n<div class=\"sow-image-container\">\n\t\t<img \n\tsrc=\"https:\/\/www.joab.se\/wp-content\/uploads\/2020\/09\/David-Carlsson-5-768x390.jpg\" width=\"768\" height=\"390\" srcset=\"https:\/\/www.joab.se\/wp-content\/uploads\/2020\/09\/David-Carlsson-5-768x390.jpg 768w, https:\/\/www.joab.se\/wp-content\/uploads\/2020\/09\/David-Carlsson-5-300x152.jpg 300w, https:\/\/www.joab.se\/wp-content\/uploads\/2020\/09\/David-Carlsson-5-1024x520.jpg 1024w, https:\/\/www.joab.se\/wp-content\/uploads\/2020\/09\/David-Carlsson-5-1536x781.jpg 1536w, https:\/\/www.joab.se\/wp-content\/uploads\/2020\/09\/David-Carlsson-5-2048x1041.jpg 2048w, https:\/\/www.joab.se\/wp-content\/uploads\/2020\/09\/David-Carlsson-5-1920x976.jpg 1920w, https:\/\/www.joab.se\/wp-content\/uploads\/2020\/09\/David-Carlsson-5-1000x508.jpg 1000w\" sizes=\"(max-width: 768px) 100vw, 768px\" title=\"David-Carlsson-5\" alt=\"\" \t\tclass=\"so-widget-image\"\/>\n\t<\/div>\n\n<\/div><\/div><\/div><\/div><\/div><\/div><div id=\"panel-15397-2-1-1\" class=\"so-panel widget widget_sow-editor panel-last-child\" data-index=\"3\" ><div\n\t\t\t\n\t\t\tclass=\"so-widget-sow-editor so-widget-sow-editor-base\"\n\t\t\t\n\t\t>\n<div class=\"siteorigin-widget-tinymce textwidget\">\n\t<hr \/>\n<\/div>\n<\/div><\/div><\/div><div id=\"pgc-15397-2-2\"  class=\"panel-grid-cell panel-grid-cell-empty\" ><\/div><\/div><\/div>","protected":false},"excerpt":{"rendered":"<p>FRAKTAD ALINGS\u00c5S AB &nbsp;<\/p>\n","protected":false},"author":2,"featured_media":0,"parent":0,"menu_order":0,"comment_status":"closed","ping_status":"closed","template":"","meta":{"footnotes":""},"class_list":["post-15397","page","type-page","status-publish","hentry"],"yoast_head":"<!-- This site is optimized with the Yoast SEO plugin v27.4 - https:\/\/yoast.com\/product\/yoast-seo-wordpress\/ -->\n<title>Tapaa k\u00e4ytt\u00e4j\u00e4mme - FraktAD - JOAB<\/title>\n<meta name=\"robots\" content=\"index, follow, max-snippet:-1, max-image-preview:large, max-video-preview:-1\" \/>\n<link rel=\"canonical\" href=\"https:\/\/www.joab.se\/fi\/tapaa-kayttajamme-fraktad\/\" \/>\n<meta property=\"og:locale\" content=\"fi_FI\" \/>\n<meta property=\"og:type\" content=\"article\" \/>\n<meta property=\"og:title\" content=\"Tapaa k\u00e4ytt\u00e4j\u00e4mme - FraktAD - JOAB\" \/>\n<meta property=\"og:description\" content=\"FRAKTAD ALINGS\u00c5S AB &nbsp;\" \/>\n<meta property=\"og:url\" content=\"https:\/\/www.joab.se\/fi\/tapaa-kayttajamme-fraktad\/\" \/>\n<meta property=\"og:site_name\" content=\"JOAB\" \/>\n<meta property=\"article:publisher\" content=\"https:\/\/www.facebook.com\/joabsverige\/\" \/>\n<meta property=\"article:modified_time\" content=\"2021-01-13T11:15:26+00:00\" \/>\n<meta name=\"twitter:card\" content=\"summary_large_image\" \/>\n<meta name=\"twitter:label1\" content=\"Arvioitu lukuaika\" \/>\n\t<meta name=\"twitter:data1\" content=\"1 minuutti\" \/>\n<script type=\"application\/ld+json\" class=\"yoast-schema-graph\">{\"@context\":\"https:\\\/\\\/schema.org\",\"@graph\":[{\"@type\":\"WebPage\",\"@id\":\"https:\\\/\\\/www.joab.se\\\/fi\\\/tapaa-kayttajamme-fraktad\\\/\",\"url\":\"https:\\\/\\\/www.joab.se\\\/fi\\\/tapaa-kayttajamme-fraktad\\\/\",\"name\":\"Tapaa k\u00e4ytt\u00e4j\u00e4mme - FraktAD - JOAB\",\"isPartOf\":{\"@id\":\"https:\\\/\\\/www.joab.se\\\/#website\"},\"datePublished\":\"2020-09-22T10:14:59+00:00\",\"dateModified\":\"2021-01-13T11:15:26+00:00\",\"breadcrumb\":{\"@id\":\"https:\\\/\\\/www.joab.se\\\/fi\\\/tapaa-kayttajamme-fraktad\\\/#breadcrumb\"},\"inLanguage\":\"fi\",\"potentialAction\":[{\"@type\":\"ReadAction\",\"target\":[\"https:\\\/\\\/www.joab.se\\\/fi\\\/tapaa-kayttajamme-fraktad\\\/\"]}]},{\"@type\":\"BreadcrumbList\",\"@id\":\"https:\\\/\\\/www.joab.se\\\/fi\\\/tapaa-kayttajamme-fraktad\\\/#breadcrumb\",\"itemListElement\":[{\"@type\":\"ListItem\",\"position\":1,\"name\":\"Etusivu\",\"item\":\"https:\\\/\\\/www.joab.se\\\/fi\\\/\"},{\"@type\":\"ListItem\",\"position\":2,\"name\":\"Tapaa k\u00e4ytt\u00e4j\u00e4mme &#8211; FraktAD\"}]},{\"@type\":\"WebSite\",\"@id\":\"https:\\\/\\\/www.joab.se\\\/#website\",\"url\":\"https:\\\/\\\/www.joab.se\\\/\",\"name\":\"JOAB\",\"description\":\"En till WordPress-webbplats\",\"publisher\":{\"@id\":\"https:\\\/\\\/www.joab.se\\\/#organization\"},\"potentialAction\":[{\"@type\":\"SearchAction\",\"target\":{\"@type\":\"EntryPoint\",\"urlTemplate\":\"https:\\\/\\\/www.joab.se\\\/?s={search_term_string}\"},\"query-input\":{\"@type\":\"PropertyValueSpecification\",\"valueRequired\":true,\"valueName\":\"search_term_string\"}}],\"inLanguage\":\"fi\"},{\"@type\":\"Organization\",\"@id\":\"https:\\\/\\\/www.joab.se\\\/#organization\",\"name\":\"JOAB F\u00f6rs\u00e4ljnings AB\",\"url\":\"https:\\\/\\\/www.joab.se\\\/\",\"logo\":{\"@type\":\"ImageObject\",\"inLanguage\":\"fi\",\"@id\":\"https:\\\/\\\/www.joab.se\\\/#\\\/schema\\\/logo\\\/image\\\/\",\"url\":\"https:\\\/\\\/www.joab.se\\\/wp-content\\\/uploads\\\/2023\\\/02\\\/logo_storre.png\",\"contentUrl\":\"https:\\\/\\\/www.joab.se\\\/wp-content\\\/uploads\\\/2023\\\/02\\\/logo_storre.png\",\"width\":3100,\"height\":889,\"caption\":\"JOAB F\u00f6rs\u00e4ljnings AB\"},\"image\":{\"@id\":\"https:\\\/\\\/www.joab.se\\\/#\\\/schema\\\/logo\\\/image\\\/\"},\"sameAs\":[\"https:\\\/\\\/www.facebook.com\\\/joabsverige\\\/\",\"https:\\\/\\\/www.instagram.com\\\/joab.se\\\/?hl=sv\",\"https:\\\/\\\/www.linkedin.com\\\/company\\\/joab-ab\\\/\",\"https:\\\/\\\/www.youtube.com\\\/@joab2194\\\/featured\"]}]}<\/script>\n<!-- \/ Yoast SEO plugin. -->","yoast_head_json":{"title":"Tapaa k\u00e4ytt\u00e4j\u00e4mme - FraktAD - JOAB","robots":{"index":"index","follow":"follow","max-snippet":"max-snippet:-1","max-image-preview":"max-image-preview:large","max-video-preview":"max-video-preview:-1"},"canonical":"https:\/\/www.joab.se\/fi\/tapaa-kayttajamme-fraktad\/","og_locale":"fi_FI","og_type":"article","og_title":"Tapaa k\u00e4ytt\u00e4j\u00e4mme - FraktAD - JOAB","og_description":"FRAKTAD ALINGS\u00c5S AB &nbsp;","og_url":"https:\/\/www.joab.se\/fi\/tapaa-kayttajamme-fraktad\/","og_site_name":"JOAB","article_publisher":"https:\/\/www.facebook.com\/joabsverige\/","article_modified_time":"2021-01-13T11:15:26+00:00","twitter_card":"summary_large_image","twitter_misc":{"Arvioitu lukuaika":"1 minuutti"},"schema":{"@context":"https:\/\/schema.org","@graph":[{"@type":"WebPage","@id":"https:\/\/www.joab.se\/fi\/tapaa-kayttajamme-fraktad\/","url":"https:\/\/www.joab.se\/fi\/tapaa-kayttajamme-fraktad\/","name":"Tapaa k\u00e4ytt\u00e4j\u00e4mme - FraktAD - JOAB","isPartOf":{"@id":"https:\/\/www.joab.se\/#website"},"datePublished":"2020-09-22T10:14:59+00:00","dateModified":"2021-01-13T11:15:26+00:00","breadcrumb":{"@id":"https:\/\/www.joab.se\/fi\/tapaa-kayttajamme-fraktad\/#breadcrumb"},"inLanguage":"fi","potentialAction":[{"@type":"ReadAction","target":["https:\/\/www.joab.se\/fi\/tapaa-kayttajamme-fraktad\/"]}]},{"@type":"BreadcrumbList","@id":"https:\/\/www.joab.se\/fi\/tapaa-kayttajamme-fraktad\/#breadcrumb","itemListElement":[{"@type":"ListItem","position":1,"name":"Etusivu","item":"https:\/\/www.joab.se\/fi\/"},{"@type":"ListItem","position":2,"name":"Tapaa k\u00e4ytt\u00e4j\u00e4mme &#8211; FraktAD"}]},{"@type":"WebSite","@id":"https:\/\/www.joab.se\/#website","url":"https:\/\/www.joab.se\/","name":"JOAB","description":"En till WordPress-webbplats","publisher":{"@id":"https:\/\/www.joab.se\/#organization"},"potentialAction":[{"@type":"SearchAction","target":{"@type":"EntryPoint","urlTemplate":"https:\/\/www.joab.se\/?s={search_term_string}"},"query-input":{"@type":"PropertyValueSpecification","valueRequired":true,"valueName":"search_term_string"}}],"inLanguage":"fi"},{"@type":"Organization","@id":"https:\/\/www.joab.se\/#organization","name":"JOAB F\u00f6rs\u00e4ljnings AB","url":"https:\/\/www.joab.se\/","logo":{"@type":"ImageObject","inLanguage":"fi","@id":"https:\/\/www.joab.se\/#\/schema\/logo\/image\/","url":"https:\/\/www.joab.se\/wp-content\/uploads\/2023\/02\/logo_storre.png","contentUrl":"https:\/\/www.joab.se\/wp-content\/uploads\/2023\/02\/logo_storre.png","width":3100,"height":889,"caption":"JOAB F\u00f6rs\u00e4ljnings AB"},"image":{"@id":"https:\/\/www.joab.se\/#\/schema\/logo\/image\/"},"sameAs":["https:\/\/www.facebook.com\/joabsverige\/","https:\/\/www.instagram.com\/joab.se\/?hl=sv","https:\/\/www.linkedin.com\/company\/joab-ab\/","https:\/\/www.youtube.com\/@joab2194\/featured"]}]}},"_links":{"self":[{"href":"https:\/\/www.joab.se\/fi\/wp-json\/wp\/v2\/pages\/15397","targetHints":{"allow":["GET"]}}],"collection":[{"href":"https:\/\/www.joab.se\/fi\/wp-json\/wp\/v2\/pages"}],"about":[{"href":"https:\/\/www.joab.se\/fi\/wp-json\/wp\/v2\/types\/page"}],"author":[{"embeddable":true,"href":"https:\/\/www.joab.se\/fi\/wp-json\/wp\/v2\/users\/2"}],"replies":[{"embeddable":true,"href":"https:\/\/www.joab.se\/fi\/wp-json\/wp\/v2\/comments?post=15397"}],"version-history":[{"count":6,"href":"https:\/\/www.joab.se\/fi\/wp-json\/wp\/v2\/pages\/15397\/revisions"}],"predecessor-version":[{"id":15866,"href":"https:\/\/www.joab.se\/fi\/wp-json\/wp\/v2\/pages\/15397\/revisions\/15866"}],"wp:attachment":[{"href":"https:\/\/www.joab.se\/fi\/wp-json\/wp\/v2\/media?parent=15397"}],"curies":[{"name":"wp","href":"https:\/\/api.w.org\/{rel}","templated":true}]}}