{"id":15392,"date":"2020-12-15T09:25:24","date_gmt":"2020-12-15T08:25:24","guid":{"rendered":"https:\/\/www.joab.se\/?page_id=15392"},"modified":"2021-01-20T10:26:40","modified_gmt":"2021-01-20T09:26:40","slug":"tapaa-kayttajamme-pk-transport-ab","status":"publish","type":"page","link":"https:\/\/www.joab.se\/fi\/tapaa-kayttajamme-pk-transport-ab\/","title":{"rendered":"Tapaa k\u00e4ytt\u00e4j\u00e4mme &#8211; PK Transport AB"},"content":{"rendered":"<div id=\"pl-15392\"  class=\"panel-layout\" ><div id=\"pg-15392-0\"  class=\"panel-grid panel-no-style\" ><div id=\"pgc-15392-0-0\"  class=\"panel-grid-cell\" ><div id=\"panel-15392-0-0-0\" class=\"so-panel widget widget_joab-hero-banner-widget panel-first-child panel-last-child\" data-index=\"0\" ><div\n\t\t\t\n\t\t\tclass=\"so-widget-joab-hero-banner-widget so-widget-joab-hero-banner-widget-default-d75171398898-15392\"\n\t\t\t\n\t\t><div class=\"hero-banner-container\" style=\"background: linear-gradient( rgba(0, 0, 0, 0.5), rgba(0, 0, 0, 0.5) ), url('https:\/\/www.joab.se\/wp-content\/uploads\/2020\/12\/OK_thumbnail_Image-3.jpg');background-position: 50% 50%\">\n        <div class=\"hero-content\">\n      <div class=\"border-container\" style=\"max-width: 40%\">\n          <h1 style=\"font-size: 3vw\">Tapaa k\u00e4ytt\u00e4j\u00e4mme<\/h1>\n      <\/div>\n    <\/div>\n<\/div>\n\n<div class=\"breadcrumbs\">\n            <p id=\"breadcrumbs\"><span><span><a href=\"https:\/\/www.joab.se\/fi\/\">Etusivu<\/a><\/span><\/span><\/p>    <\/div>\n\n<\/div><\/div><\/div><\/div><div id=\"pg-15392-1\"  class=\"panel-grid panel-no-style\" ><div id=\"pgc-15392-1-0\"  class=\"panel-grid-cell\" ><div id=\"panel-15392-1-0-0\" class=\"so-panel widget widget_sow-editor panel-first-child panel-last-child\" data-index=\"1\" ><div\n\t\t\t\n\t\t\tclass=\"so-widget-sow-editor so-widget-sow-editor-base\"\n\t\t\t\n\t\t>\n<div class=\"siteorigin-widget-tinymce textwidget\">\n\t<h2 style=\"text-align: center;\">PETER KJELLV\u00c5S TRANSPORT AB<\/h2>\n<p>&nbsp;<\/p>\n<\/div>\n<\/div><\/div><\/div><\/div><div id=\"pg-15392-2\"  class=\"panel-grid panel-no-style\" ><div id=\"pgc-15392-2-0\"  class=\"panel-grid-cell panel-grid-cell-empty\" ><\/div><div id=\"pgc-15392-2-1\"  class=\"panel-grid-cell panel-grid-cell-mobile-last\" ><div id=\"panel-15392-2-1-0\" class=\"so-panel widget widget_siteorigin-panels-builder panel-first-child\" data-index=\"2\" ><div id=\"pl-w6007f7494776a\"  class=\"panel-layout\" ><div id=\"pg-w6007f7494776a-0\"  class=\"panel-grid panel-no-style\" ><div id=\"pgc-w6007f7494776a-0-0\"  class=\"panel-grid-cell\" ><div id=\"panel-w6007f7494776a-0-0-0\" class=\"so-panel widget widget_sow-editor panel-first-child panel-last-child\" data-index=\"0\" ><div\n\t\t\t\n\t\t\tclass=\"so-widget-sow-editor so-widget-sow-editor-base\"\n\t\t\t\n\t\t>\n<div class=\"siteorigin-widget-tinymce textwidget\">\n\t<h2><\/h2>\n<p><strong>Paikka<\/strong>: H\u00f6gdalen \/ Tukholma<\/p>\n<p><strong>Ty\u00f6ntekij\u00f6it\u00e4<\/strong>: 2kpl<\/p>\n<p><strong>Liiketoiminta, mit\u00e4 teette?<\/strong><br \/>\nTeemme \u00a0kuljetuksia ja nostoja omille asiakkaillemme, konttikuljetuksia, materiaalikuljetuksia,lumenpoistoa sek\u00e4 \u00a0kappaletavarakuljetuksia.<\/p>\n<p><strong>Milloin aloititte yhteisty\u00f6n JOABin kanssa? Mit\u00e4 tuotteita teill\u00e4 on?<\/strong><br \/>\nAloimme ty\u00f6skennell\u00e4 Joabin kanssa vuonna 2009, meill\u00e4 on 3 kpl \u00a0Joab koukkulaitetta L 20, L24 ja L21 Ecodrive sek\u00e4 2 kpl HMF 3220 -nosturiautoa.<\/p>\n<p><strong>Mit\u00e4 haasteita teill\u00e4 on: Mink\u00e4 tyyppist\u00e4 rahtia, mit\u00e4 teht\u00e4vi\u00e4, mink\u00e4 tyyppisi\u00e4 asiakkaita?<\/strong><br \/>\nHaasteina ovat oikea-aikaiset toimitukset asiakkaillemme,kuljetamme konekuljetuksista, irtotavarasta, kappaletavaraan vaihtolavoilla, konttikuljetuksina sek\u00e4 nosturiautoilla.Asiakkaitamme ovat pienist\u00e4 kaivinkoneyritt\u00e4jista,rakennusurakoitsijoista aina Tukholman kaupunkiin ja Skanskaan.<\/p>\n<p><strong>Kuinka JOAB-tuotteet ovat auttaneet teit\u00e4 haasteissa?<br \/>\n<\/strong>Yritykseni kehittyess\u00e4 \u00a0ja kasvaessa on Joabin suunnittelu sek\u00e4 markkinointi aina vastannut tarpeisiini,sek\u00e4 asiakkaidemme tarvitsemiin palveluihin.<\/p>\n<p><strong>Mit\u00e4 mielt\u00e4 olette JOABista? Tuki? Palvelu mm.<\/strong><br \/>\nJoabin tuki toimii hyvin eik\u00e4 se ole \u00a0kuin puhelinsoiton p\u00e4\u00e4ss\u00e4 jos jokin ongelma ilmenee. Heid\u00e4n asiantunteva ty\u00f6njohtonsa sek\u00e4 korjaamohenkil\u00f6kuntansa tarkoittavat minulle luotettavaa kumppania jotka auttavat minua kehitt\u00e4m\u00e4\u00e4n yrityst\u00e4ni asiakkaidemme tarpeiden mukaan.<\/p>\n<\/div>\n<\/div><\/div><\/div><div id=\"pgc-w6007f7494776a-0-1\"  class=\"panel-grid-cell\" ><div id=\"panel-w6007f7494776a-0-1-0\" class=\"so-panel widget widget_joab-product-image-gallery-widget panel-first-child panel-last-child\" data-index=\"1\" ><div\n\t\t\t\n\t\t\tclass=\"so-widget-joab-product-image-gallery-widget so-widget-joab-product-image-gallery-widget-default-d75171398898\"\n\t\t\t\n\t\t><div class=\"product-gallery-container\">\n    <ul class=\"lightbox-gallery\">\n                        <li><img loading=\"lazy\" decoding=\"async\" width=\"750\" height=\"1000\" src=\"https:\/\/www.joab.se\/wp-content\/uploads\/2020\/12\/OK_thumbnail_Image-1-750x1000.jpg\" class=\"attachment-joab-product-large size-joab-product-large\" alt=\"\" data-original-src=\"https:\/\/www.joab.se\/wp-content\/uploads\/2020\/12\/OK_thumbnail_Image-1-750x1000.jpg\" data-poptype=\"image\" srcset=\"https:\/\/www.joab.se\/wp-content\/uploads\/2020\/12\/OK_thumbnail_Image-1-750x1000.jpg 750w, https:\/\/www.joab.se\/wp-content\/uploads\/2020\/12\/OK_thumbnail_Image-1-225x300.jpg 225w, https:\/\/www.joab.se\/wp-content\/uploads\/2020\/12\/OK_thumbnail_Image-1-768x1024.jpg 768w, https:\/\/www.joab.se\/wp-content\/uploads\/2020\/12\/OK_thumbnail_Image-1.jpg 960w\" sizes=\"auto, (max-width: 750px) 100vw, 750px\" \/><\/li>\n                        <li><div class=\"gallery-item image-thumbnail\" data-original-src=\"https:\/\/www.joab.se\/wp-content\/uploads\/2020\/12\/OK_thumbnail_Image-3-750x1000.jpg\" data-poptype=\"image\"><img loading=\"lazy\" decoding=\"async\" width=\"300\" height=\"220\" src=\"https:\/\/www.joab.se\/wp-content\/uploads\/2020\/12\/OK_thumbnail_Image-3-300x220.jpg\" class=\"attachment-joab-product-thumb size-joab-product-thumb\" alt=\"\" \/><\/div><\/li>\n                        <li><div class=\"gallery-item image-thumbnail\" data-original-src=\"https:\/\/www.joab.se\/wp-content\/uploads\/2020\/12\/OK_thumbnail_Image-6-750x1000.jpg\" data-poptype=\"image\"><img loading=\"lazy\" decoding=\"async\" width=\"300\" height=\"220\" src=\"https:\/\/www.joab.se\/wp-content\/uploads\/2020\/12\/OK_thumbnail_Image-6-300x220.jpg\" class=\"attachment-joab-product-thumb size-joab-product-thumb\" alt=\"\" \/><\/div><\/li>\n                        <li><div class=\"gallery-item image-thumbnail\" data-original-src=\"https:\/\/www.joab.se\/wp-content\/uploads\/2020\/12\/OK_thumbnail_IMG_3066-750x1000.jpg\" data-poptype=\"image\"><img loading=\"lazy\" decoding=\"async\" width=\"300\" height=\"220\" src=\"https:\/\/www.joab.se\/wp-content\/uploads\/2020\/12\/OK_thumbnail_IMG_3066-300x220.jpg\" class=\"attachment-joab-product-thumb size-joab-product-thumb\" alt=\"\" \/><\/div><\/li>\n                        <li><div class=\"gallery-item image-thumbnail\" data-original-src=\"https:\/\/www.joab.se\/wp-content\/uploads\/2020\/12\/thumbnail_Image-5.jpg\" data-poptype=\"image\"><img loading=\"lazy\" decoding=\"async\" width=\"250\" height=\"220\" src=\"https:\/\/www.joab.se\/wp-content\/uploads\/2020\/12\/thumbnail_Image-5-250x220.jpg\" class=\"attachment-joab-product-thumb size-joab-product-thumb\" alt=\"\" \/><\/div><\/li>\n            <\/ul>\n<\/div>\n\n<\/div><\/div><\/div><\/div><\/div><\/div><div id=\"panel-15392-2-1-1\" class=\"so-panel widget widget_sow-editor panel-last-child\" data-index=\"3\" ><div\n\t\t\t\n\t\t\tclass=\"so-widget-sow-editor so-widget-sow-editor-base\"\n\t\t\t\n\t\t>\n<div class=\"siteorigin-widget-tinymce textwidget\">\n\t<hr \/>\n<\/div>\n<\/div><\/div><\/div><div id=\"pgc-15392-2-2\"  class=\"panel-grid-cell panel-grid-cell-empty\" ><\/div><\/div><\/div>","protected":false},"excerpt":{"rendered":"<p>PETER KJELLV\u00c5S TRANSPORT AB &nbsp;<\/p>\n","protected":false},"author":2,"featured_media":0,"parent":0,"menu_order":0,"comment_status":"closed","ping_status":"closed","template":"","meta":{"footnotes":""},"class_list":["post-15392","page","type-page","status-publish","hentry"],"yoast_head":"<!-- This site is optimized with the Yoast SEO plugin v27.4 - https:\/\/yoast.com\/product\/yoast-seo-wordpress\/ -->\n<title>Tapaa k\u00e4ytt\u00e4j\u00e4mme - PK Transport AB - JOAB<\/title>\n<meta name=\"robots\" content=\"index, follow, max-snippet:-1, max-image-preview:large, max-video-preview:-1\" \/>\n<link rel=\"canonical\" href=\"https:\/\/www.joab.se\/fi\/tapaa-kayttajamme-pk-transport-ab\/\" \/>\n<meta property=\"og:locale\" content=\"fi_FI\" \/>\n<meta property=\"og:type\" content=\"article\" \/>\n<meta property=\"og:title\" content=\"Tapaa k\u00e4ytt\u00e4j\u00e4mme - PK Transport AB - JOAB\" \/>\n<meta property=\"og:description\" content=\"PETER KJELLV\u00c5S TRANSPORT AB &nbsp;\" \/>\n<meta property=\"og:url\" content=\"https:\/\/www.joab.se\/fi\/tapaa-kayttajamme-pk-transport-ab\/\" \/>\n<meta property=\"og:site_name\" content=\"JOAB\" \/>\n<meta property=\"article:publisher\" content=\"https:\/\/www.facebook.com\/joabsverige\/\" \/>\n<meta property=\"article:modified_time\" content=\"2021-01-20T09:26:40+00:00\" \/>\n<meta name=\"twitter:card\" content=\"summary_large_image\" \/>\n<meta name=\"twitter:label1\" content=\"Arvioitu lukuaika\" \/>\n\t<meta name=\"twitter:data1\" content=\"1 minuutti\" \/>\n<script type=\"application\/ld+json\" class=\"yoast-schema-graph\">{\"@context\":\"https:\\\/\\\/schema.org\",\"@graph\":[{\"@type\":\"WebPage\",\"@id\":\"https:\\\/\\\/www.joab.se\\\/fi\\\/tapaa-kayttajamme-pk-transport-ab\\\/\",\"url\":\"https:\\\/\\\/www.joab.se\\\/fi\\\/tapaa-kayttajamme-pk-transport-ab\\\/\",\"name\":\"Tapaa k\u00e4ytt\u00e4j\u00e4mme - PK Transport AB - JOAB\",\"isPartOf\":{\"@id\":\"https:\\\/\\\/www.joab.se\\\/#website\"},\"datePublished\":\"2020-12-15T08:25:24+00:00\",\"dateModified\":\"2021-01-20T09:26:40+00:00\",\"breadcrumb\":{\"@id\":\"https:\\\/\\\/www.joab.se\\\/fi\\\/tapaa-kayttajamme-pk-transport-ab\\\/#breadcrumb\"},\"inLanguage\":\"fi\",\"potentialAction\":[{\"@type\":\"ReadAction\",\"target\":[\"https:\\\/\\\/www.joab.se\\\/fi\\\/tapaa-kayttajamme-pk-transport-ab\\\/\"]}]},{\"@type\":\"BreadcrumbList\",\"@id\":\"https:\\\/\\\/www.joab.se\\\/fi\\\/tapaa-kayttajamme-pk-transport-ab\\\/#breadcrumb\",\"itemListElement\":[{\"@type\":\"ListItem\",\"position\":1,\"name\":\"Etusivu\",\"item\":\"https:\\\/\\\/www.joab.se\\\/fi\\\/\"},{\"@type\":\"ListItem\",\"position\":2,\"name\":\"Tapaa k\u00e4ytt\u00e4j\u00e4mme &#8211; PK Transport AB\"}]},{\"@type\":\"WebSite\",\"@id\":\"https:\\\/\\\/www.joab.se\\\/#website\",\"url\":\"https:\\\/\\\/www.joab.se\\\/\",\"name\":\"JOAB\",\"description\":\"En till WordPress-webbplats\",\"publisher\":{\"@id\":\"https:\\\/\\\/www.joab.se\\\/#organization\"},\"potentialAction\":[{\"@type\":\"SearchAction\",\"target\":{\"@type\":\"EntryPoint\",\"urlTemplate\":\"https:\\\/\\\/www.joab.se\\\/?s={search_term_string}\"},\"query-input\":{\"@type\":\"PropertyValueSpecification\",\"valueRequired\":true,\"valueName\":\"search_term_string\"}}],\"inLanguage\":\"fi\"},{\"@type\":\"Organization\",\"@id\":\"https:\\\/\\\/www.joab.se\\\/#organization\",\"name\":\"JOAB F\u00f6rs\u00e4ljnings AB\",\"url\":\"https:\\\/\\\/www.joab.se\\\/\",\"logo\":{\"@type\":\"ImageObject\",\"inLanguage\":\"fi\",\"@id\":\"https:\\\/\\\/www.joab.se\\\/#\\\/schema\\\/logo\\\/image\\\/\",\"url\":\"https:\\\/\\\/www.joab.se\\\/wp-content\\\/uploads\\\/2023\\\/02\\\/logo_storre.png\",\"contentUrl\":\"https:\\\/\\\/www.joab.se\\\/wp-content\\\/uploads\\\/2023\\\/02\\\/logo_storre.png\",\"width\":3100,\"height\":889,\"caption\":\"JOAB F\u00f6rs\u00e4ljnings AB\"},\"image\":{\"@id\":\"https:\\\/\\\/www.joab.se\\\/#\\\/schema\\\/logo\\\/image\\\/\"},\"sameAs\":[\"https:\\\/\\\/www.facebook.com\\\/joabsverige\\\/\",\"https:\\\/\\\/www.instagram.com\\\/joab.se\\\/?hl=sv\",\"https:\\\/\\\/www.linkedin.com\\\/company\\\/joab-ab\\\/\",\"https:\\\/\\\/www.youtube.com\\\/@joab2194\\\/featured\"]}]}<\/script>\n<!-- \/ Yoast SEO plugin. -->","yoast_head_json":{"title":"Tapaa k\u00e4ytt\u00e4j\u00e4mme - PK Transport AB - JOAB","robots":{"index":"index","follow":"follow","max-snippet":"max-snippet:-1","max-image-preview":"max-image-preview:large","max-video-preview":"max-video-preview:-1"},"canonical":"https:\/\/www.joab.se\/fi\/tapaa-kayttajamme-pk-transport-ab\/","og_locale":"fi_FI","og_type":"article","og_title":"Tapaa k\u00e4ytt\u00e4j\u00e4mme - PK Transport AB - JOAB","og_description":"PETER KJELLV\u00c5S TRANSPORT AB &nbsp;","og_url":"https:\/\/www.joab.se\/fi\/tapaa-kayttajamme-pk-transport-ab\/","og_site_name":"JOAB","article_publisher":"https:\/\/www.facebook.com\/joabsverige\/","article_modified_time":"2021-01-20T09:26:40+00:00","twitter_card":"summary_large_image","twitter_misc":{"Arvioitu lukuaika":"1 minuutti"},"schema":{"@context":"https:\/\/schema.org","@graph":[{"@type":"WebPage","@id":"https:\/\/www.joab.se\/fi\/tapaa-kayttajamme-pk-transport-ab\/","url":"https:\/\/www.joab.se\/fi\/tapaa-kayttajamme-pk-transport-ab\/","name":"Tapaa k\u00e4ytt\u00e4j\u00e4mme - PK Transport AB - JOAB","isPartOf":{"@id":"https:\/\/www.joab.se\/#website"},"datePublished":"2020-12-15T08:25:24+00:00","dateModified":"2021-01-20T09:26:40+00:00","breadcrumb":{"@id":"https:\/\/www.joab.se\/fi\/tapaa-kayttajamme-pk-transport-ab\/#breadcrumb"},"inLanguage":"fi","potentialAction":[{"@type":"ReadAction","target":["https:\/\/www.joab.se\/fi\/tapaa-kayttajamme-pk-transport-ab\/"]}]},{"@type":"BreadcrumbList","@id":"https:\/\/www.joab.se\/fi\/tapaa-kayttajamme-pk-transport-ab\/#breadcrumb","itemListElement":[{"@type":"ListItem","position":1,"name":"Etusivu","item":"https:\/\/www.joab.se\/fi\/"},{"@type":"ListItem","position":2,"name":"Tapaa k\u00e4ytt\u00e4j\u00e4mme &#8211; PK Transport AB"}]},{"@type":"WebSite","@id":"https:\/\/www.joab.se\/#website","url":"https:\/\/www.joab.se\/","name":"JOAB","description":"En till WordPress-webbplats","publisher":{"@id":"https:\/\/www.joab.se\/#organization"},"potentialAction":[{"@type":"SearchAction","target":{"@type":"EntryPoint","urlTemplate":"https:\/\/www.joab.se\/?s={search_term_string}"},"query-input":{"@type":"PropertyValueSpecification","valueRequired":true,"valueName":"search_term_string"}}],"inLanguage":"fi"},{"@type":"Organization","@id":"https:\/\/www.joab.se\/#organization","name":"JOAB F\u00f6rs\u00e4ljnings AB","url":"https:\/\/www.joab.se\/","logo":{"@type":"ImageObject","inLanguage":"fi","@id":"https:\/\/www.joab.se\/#\/schema\/logo\/image\/","url":"https:\/\/www.joab.se\/wp-content\/uploads\/2023\/02\/logo_storre.png","contentUrl":"https:\/\/www.joab.se\/wp-content\/uploads\/2023\/02\/logo_storre.png","width":3100,"height":889,"caption":"JOAB F\u00f6rs\u00e4ljnings AB"},"image":{"@id":"https:\/\/www.joab.se\/#\/schema\/logo\/image\/"},"sameAs":["https:\/\/www.facebook.com\/joabsverige\/","https:\/\/www.instagram.com\/joab.se\/?hl=sv","https:\/\/www.linkedin.com\/company\/joab-ab\/","https:\/\/www.youtube.com\/@joab2194\/featured"]}]}},"_links":{"self":[{"href":"https:\/\/www.joab.se\/fi\/wp-json\/wp\/v2\/pages\/15392","targetHints":{"allow":["GET"]}}],"collection":[{"href":"https:\/\/www.joab.se\/fi\/wp-json\/wp\/v2\/pages"}],"about":[{"href":"https:\/\/www.joab.se\/fi\/wp-json\/wp\/v2\/types\/page"}],"author":[{"embeddable":true,"href":"https:\/\/www.joab.se\/fi\/wp-json\/wp\/v2\/users\/2"}],"replies":[{"embeddable":true,"href":"https:\/\/www.joab.se\/fi\/wp-json\/wp\/v2\/comments?post=15392"}],"version-history":[{"count":10,"href":"https:\/\/www.joab.se\/fi\/wp-json\/wp\/v2\/pages\/15392\/revisions"}],"predecessor-version":[{"id":16457,"href":"https:\/\/www.joab.se\/fi\/wp-json\/wp\/v2\/pages\/15392\/revisions\/16457"}],"wp:attachment":[{"href":"https:\/\/www.joab.se\/fi\/wp-json\/wp\/v2\/media?parent=15392"}],"curies":[{"name":"wp","href":"https:\/\/api.w.org\/{rel}","templated":true}]}}