{"id":15370,"date":"2020-09-08T20:09:00","date_gmt":"2020-09-08T18:09:00","guid":{"rendered":"https:\/\/www.joab.se\/?page_id=15370"},"modified":"2024-11-19T08:10:45","modified_gmt":"2024-11-19T07:10:45","slug":"varaosat","status":"publish","type":"page","link":"https:\/\/www.joab.se\/fi\/huolto\/varaosat\/","title":{"rendered":"Varaosat"},"content":{"rendered":"<div id=\"pl-15370\"  class=\"panel-layout\" ><div id=\"pg-15370-0\"  class=\"panel-grid panel-no-style\" ><div id=\"pgc-15370-0-0\"  class=\"panel-grid-cell\" ><div id=\"panel-15370-0-0-0\" class=\"so-panel widget widget_joab-hero-banner-widget panel-first-child panel-last-child\" data-index=\"0\" ><div\n\t\t\t\n\t\t\tclass=\"so-widget-joab-hero-banner-widget so-widget-joab-hero-banner-widget-default-d75171398898-15370\"\n\t\t\t\n\t\t><div class=\"hero-banner-container\" style=\"background: url('https:\/\/www.joab.se\/wp-content\/uploads\/2023\/08\/Reservdelar_hemsida2.png');background-position: 50% 50%\">\n        <div class=\"hero-content\">\n      <div class=\"border-container\" style=\"max-width: 40%\">\n          <h1 style=\"font-size: 3vw\">Aina l\u00e4hell\u00e4 ja nopeasti saatavilla<\/h1>\n      <\/div>\n    <\/div>\n<\/div>\n\n<div class=\"breadcrumbs\">\n            <p id=\"breadcrumbs\"><span><span><a href=\"https:\/\/www.joab.se\/fi\/\">Etusivu<\/a><\/span><\/span><\/p>    <\/div>\n\n<\/div><\/div><\/div><\/div><div id=\"pg-15370-1\"  class=\"panel-grid panel-no-style\" ><div id=\"pgc-15370-1-0\"  class=\"panel-grid-cell panel-grid-cell-empty\" ><\/div><div id=\"pgc-15370-1-1\"  class=\"panel-grid-cell panel-grid-cell-mobile-last\" ><div id=\"panel-15370-1-1-0\" class=\"so-panel widget widget_sow-editor panel-first-child panel-last-child\" data-index=\"1\" ><div\n\t\t\t\n\t\t\tclass=\"so-widget-sow-editor so-widget-sow-editor-base\"\n\t\t\t\n\t\t>\n<div class=\"siteorigin-widget-tinymce textwidget\">\n\t<h2 style=\"text-align: center;\"><strong>Varaosat<\/strong><\/h2>\n<p style=\"text-align: center;\"><strong>Alkuper\u00e4iset osamme ovat korkealaatuisia ja valmistettu samojen tiukkojen vaatimusten ja valmistusstandardien mukaisesti kuin <\/strong><strong>uusiin p\u00e4\u00e4llirakenteissa k\u00e4ytetyt osat.<\/strong><\/p>\n<p style=\"text-align: center;\">Kaikkien varaosien on l\u00e4p\u00e4ist\u00e4v\u00e4 useita testej\u00e4 luotettavuuden, turvallisuuden ja pitk\u00e4ik\u00e4isyyden takaamiseksi. P\u00e4\u00e4llirakenteesi koostuu useista teknisist\u00e4 komponenteista, jotka on kehitetty ja valmistettu tekem\u00e4\u00e4n autosta turvallinen ja luotettava. Varaosan vaihtaminen ei saa koskaan tarkoittaa, ett\u00e4 jokin toiminto menetet\u00e4\u00e4n. JOAB-alkuper\u00e4isosia k\u00e4ytt\u00e4m\u00e4ll\u00e4 voit olla varma, ett\u00e4 autosi s\u00e4ilytt\u00e4\u00e4 kaikki ominaisuutensa luotettavuuden, turvallisuuden ja mukavuuden osalta.<\/p>\n<\/div>\n<\/div><\/div><\/div><div id=\"pgc-15370-1-2\"  class=\"panel-grid-cell panel-grid-cell-empty\" ><\/div><\/div><div id=\"pg-15370-2\"  class=\"panel-grid panel-has-style\" ><div class=\"panel-row-style panel-row-style-for-15370-2\" ><div id=\"pgc-15370-2-0\"  class=\"panel-grid-cell\" ><div id=\"panel-15370-2-0-0\" class=\"so-panel widget widget_joab-media-and-text-widget panel-first-child\" data-index=\"2\" ><div\n\t\t\t\n\t\t\tclass=\"so-widget-joab-media-and-text-widget so-widget-joab-media-and-text-widget-default-d75171398898-15370\"\n\t\t\t\n\t\t><div class=\"image-and-text-container reverse\">\n    <figure>\n        <img loading=\"lazy\" decoding=\"async\" width=\"1000\" height=\"667\" src=\"https:\/\/www.joab.se\/wp-content\/uploads\/2022\/11\/Reservdelar_hemsida_lager.png\" class=\"attachment-large size-large\" alt=\"\" srcset=\"https:\/\/www.joab.se\/wp-content\/uploads\/2022\/11\/Reservdelar_hemsida_lager.png 1000w, https:\/\/www.joab.se\/wp-content\/uploads\/2022\/11\/Reservdelar_hemsida_lager-300x200.png 300w, https:\/\/www.joab.se\/wp-content\/uploads\/2022\/11\/Reservdelar_hemsida_lager-768x512.png 768w, https:\/\/www.joab.se\/wp-content\/uploads\/2022\/11\/Reservdelar_hemsida_lager-600x400.png 600w, https:\/\/www.joab.se\/wp-content\/uploads\/2022\/11\/Reservdelar_hemsida_lager-272x182.png 272w\" sizes=\"auto, (max-width: 1000px) 100vw, 1000px\" \/>    <\/figure>\n    <div class=\"text-container\" style=\"background-color: #ffffff; color: #000000; padding: 4% 8% 4% 8%;\">\n        <h3>TILAA VARAOSIA<\/h3>\n<p>Pid\u00e4 varaosia tilatessasi esill\u00e4 asiakasnumerosi, p\u00e4\u00e4llirakennenumero ja viite. (Katso tuotenumerot alla olevista varaosaluetteloistamme.)<\/p>\n<p>L\u00e4het\u00e4 tilaus s\u00e4hk\u00f6postilla\u00a0 <a href=\"mailto:varaosat@joab.fi\">varaosat@joab.fi<\/a>\u00a0tai soita <a href=\"tel:+358 9 757 0020\">+358 9 757 0020<\/a><\/p>\n<p>Palautusta varten ota meihin yhteytt\u00e4 ja t\u00e4yt\u00e4 <a href=\"https:\/\/www.joab.se\/wp-content\/uploads\/2024\/11\/JOAB-Retursedel-FI_2024.pdf\">Palautuslomake\/takaisinosto<\/a>.<\/p>\n    <\/div>\n<\/div>\n\n<\/div><\/div><div id=\"panel-15370-2-0-1\" class=\"so-panel widget widget_joab-media-and-text-widget panel-last-child\" data-index=\"3\" ><div\n\t\t\t\n\t\t\tclass=\"so-widget-joab-media-and-text-widget so-widget-joab-media-and-text-widget-default-d75171398898-15370\"\n\t\t\t\n\t\t><div class=\"image-and-text-container \">\n    <figure>\n        <img loading=\"lazy\" decoding=\"async\" width=\"1024\" height=\"683\" src=\"https:\/\/www.joab.se\/wp-content\/uploads\/2020\/09\/e-handel-1024x683.jpg\" class=\"attachment-large size-large\" alt=\"\" srcset=\"https:\/\/www.joab.se\/wp-content\/uploads\/2020\/09\/e-handel-1024x683.jpg 1024w, https:\/\/www.joab.se\/wp-content\/uploads\/2020\/09\/e-handel-600x400.jpg 600w, https:\/\/www.joab.se\/wp-content\/uploads\/2020\/09\/e-handel-1000x667.jpg 1000w, https:\/\/www.joab.se\/wp-content\/uploads\/2020\/09\/e-handel-300x200.jpg 300w, https:\/\/www.joab.se\/wp-content\/uploads\/2020\/09\/e-handel-768x512.jpg 768w, https:\/\/www.joab.se\/wp-content\/uploads\/2020\/09\/e-handel-1536x1024.jpg 1536w, https:\/\/www.joab.se\/wp-content\/uploads\/2020\/09\/e-handel-272x182.jpg 272w, https:\/\/www.joab.se\/wp-content\/uploads\/2020\/09\/e-handel.jpg 1920w\" sizes=\"auto, (max-width: 1024px) 100vw, 1024px\" \/>    <\/figure>\n    <div class=\"text-container\" style=\"background-color: #ffffff; color: #000000; padding: 4% 8% 4% 8%;\">\n        <h3>VARAOSALUETTELOT<\/h3>\n<p>Varaosaluettelostamme l\u00f6yd\u00e4t varaosat omalle tuotteellesi. Jotta takuu olisi edelleen voimassa, sinun on otettava yhteytt\u00e4 JOAB:n valtuuttamaan huoltokumppaniin.<br \/>\nL\u00f6yd\u00e4t ne<a href=\"https:\/\/www.joab.se\/kontakt\/#service\"> t\u00e4st\u00e4<\/a>.<\/p>\n<p><u><a href=\"https:\/\/www.joab.se\/fi\/huolto\/varaosaluettelot\/\" target=\"_blank\" rel=\"noopener\">Linkki varaosaluetteloihin<\/a><\/u><\/p>\n    <\/div>\n<\/div>\n\n<\/div><\/div><\/div><\/div><\/div><\/div>","protected":false},"excerpt":{"rendered":"<p>Varaosat Alkuper\u00e4iset osamme ovat korkealaatuisia ja valmistettu samojen tiukkojen vaatimusten ja valmistusstandardien mukaisesti kuin uusiin p\u00e4\u00e4llirakenteissa k\u00e4ytetyt osat. Kaikkien varaosien on l\u00e4p\u00e4ist\u00e4v\u00e4 useita testej\u00e4 luotettavuuden, turvallisuuden ja pitk\u00e4ik\u00e4isyyden takaamiseksi. P\u00e4\u00e4llirakenteesi koostuu useista teknisist\u00e4 komponenteista, jotka on kehitetty ja valmistettu tekem\u00e4\u00e4n autosta turvallinen ja luotettava. Varaosan vaihtaminen ei saa koskaan tarkoittaa, ett\u00e4 jokin toiminto menetet\u00e4\u00e4n. JOAB-alkuper\u00e4isosia [&hellip;]<\/p>\n","protected":false},"author":1,"featured_media":0,"parent":15350,"menu_order":0,"comment_status":"closed","ping_status":"closed","template":"","meta":{"footnotes":""},"class_list":["post-15370","page","type-page","status-publish","hentry"],"yoast_head":"<!-- This site is optimized with the Yoast SEO plugin v27.4 - https:\/\/yoast.com\/product\/yoast-seo-wordpress\/ -->\n<title>Varaosat - JOAB<\/title>\n<meta name=\"robots\" content=\"index, follow, max-snippet:-1, max-image-preview:large, max-video-preview:-1\" \/>\n<link rel=\"canonical\" href=\"https:\/\/www.joab.se\/fi\/huolto\/varaosat\/\" \/>\n<meta property=\"og:locale\" content=\"fi_FI\" \/>\n<meta property=\"og:type\" content=\"article\" \/>\n<meta property=\"og:title\" content=\"Varaosat - JOAB\" \/>\n<meta property=\"og:description\" content=\"Varaosat Alkuper\u00e4iset osamme ovat korkealaatuisia ja valmistettu samojen tiukkojen vaatimusten ja valmistusstandardien mukaisesti kuin uusiin p\u00e4\u00e4llirakenteissa k\u00e4ytetyt osat. Kaikkien varaosien on l\u00e4p\u00e4ist\u00e4v\u00e4 useita testej\u00e4 luotettavuuden, turvallisuuden ja pitk\u00e4ik\u00e4isyyden takaamiseksi. P\u00e4\u00e4llirakenteesi koostuu useista teknisist\u00e4 komponenteista, jotka on kehitetty ja valmistettu tekem\u00e4\u00e4n autosta turvallinen ja luotettava. Varaosan vaihtaminen ei saa koskaan tarkoittaa, ett\u00e4 jokin toiminto menetet\u00e4\u00e4n. JOAB-alkuper\u00e4isosia [&hellip;]\" \/>\n<meta property=\"og:url\" content=\"https:\/\/www.joab.se\/fi\/huolto\/varaosat\/\" \/>\n<meta property=\"og:site_name\" content=\"JOAB\" \/>\n<meta property=\"article:publisher\" content=\"https:\/\/www.facebook.com\/joabsverige\/\" \/>\n<meta property=\"article:modified_time\" content=\"2024-11-19T07:10:45+00:00\" \/>\n<meta name=\"twitter:card\" content=\"summary_large_image\" \/>\n<meta name=\"twitter:label1\" content=\"Arvioitu lukuaika\" \/>\n\t<meta name=\"twitter:data1\" content=\"2 minuuttia\" \/>\n<script type=\"application\/ld+json\" class=\"yoast-schema-graph\">{\"@context\":\"https:\\\/\\\/schema.org\",\"@graph\":[{\"@type\":\"WebPage\",\"@id\":\"https:\\\/\\\/www.joab.se\\\/fi\\\/huolto\\\/varaosat\\\/\",\"url\":\"https:\\\/\\\/www.joab.se\\\/fi\\\/huolto\\\/varaosat\\\/\",\"name\":\"Varaosat - JOAB\",\"isPartOf\":{\"@id\":\"https:\\\/\\\/www.joab.se\\\/#website\"},\"datePublished\":\"2020-09-08T18:09:00+00:00\",\"dateModified\":\"2024-11-19T07:10:45+00:00\",\"breadcrumb\":{\"@id\":\"https:\\\/\\\/www.joab.se\\\/fi\\\/huolto\\\/varaosat\\\/#breadcrumb\"},\"inLanguage\":\"fi\",\"potentialAction\":[{\"@type\":\"ReadAction\",\"target\":[\"https:\\\/\\\/www.joab.se\\\/fi\\\/huolto\\\/varaosat\\\/\"]}]},{\"@type\":\"BreadcrumbList\",\"@id\":\"https:\\\/\\\/www.joab.se\\\/fi\\\/huolto\\\/varaosat\\\/#breadcrumb\",\"itemListElement\":[{\"@type\":\"ListItem\",\"position\":1,\"name\":\"Etusivu\",\"item\":\"https:\\\/\\\/www.joab.se\\\/fi\\\/\"},{\"@type\":\"ListItem\",\"position\":2,\"name\":\"Huolto\",\"item\":\"https:\\\/\\\/www.joab.se\\\/fi\\\/huolto\\\/\"},{\"@type\":\"ListItem\",\"position\":3,\"name\":\"Varaosat\"}]},{\"@type\":\"WebSite\",\"@id\":\"https:\\\/\\\/www.joab.se\\\/#website\",\"url\":\"https:\\\/\\\/www.joab.se\\\/\",\"name\":\"JOAB\",\"description\":\"En till WordPress-webbplats\",\"publisher\":{\"@id\":\"https:\\\/\\\/www.joab.se\\\/#organization\"},\"potentialAction\":[{\"@type\":\"SearchAction\",\"target\":{\"@type\":\"EntryPoint\",\"urlTemplate\":\"https:\\\/\\\/www.joab.se\\\/?s={search_term_string}\"},\"query-input\":{\"@type\":\"PropertyValueSpecification\",\"valueRequired\":true,\"valueName\":\"search_term_string\"}}],\"inLanguage\":\"fi\"},{\"@type\":\"Organization\",\"@id\":\"https:\\\/\\\/www.joab.se\\\/#organization\",\"name\":\"JOAB F\u00f6rs\u00e4ljnings AB\",\"url\":\"https:\\\/\\\/www.joab.se\\\/\",\"logo\":{\"@type\":\"ImageObject\",\"inLanguage\":\"fi\",\"@id\":\"https:\\\/\\\/www.joab.se\\\/#\\\/schema\\\/logo\\\/image\\\/\",\"url\":\"https:\\\/\\\/www.joab.se\\\/wp-content\\\/uploads\\\/2023\\\/02\\\/logo_storre.png\",\"contentUrl\":\"https:\\\/\\\/www.joab.se\\\/wp-content\\\/uploads\\\/2023\\\/02\\\/logo_storre.png\",\"width\":3100,\"height\":889,\"caption\":\"JOAB F\u00f6rs\u00e4ljnings AB\"},\"image\":{\"@id\":\"https:\\\/\\\/www.joab.se\\\/#\\\/schema\\\/logo\\\/image\\\/\"},\"sameAs\":[\"https:\\\/\\\/www.facebook.com\\\/joabsverige\\\/\",\"https:\\\/\\\/www.instagram.com\\\/joab.se\\\/?hl=sv\",\"https:\\\/\\\/www.linkedin.com\\\/company\\\/joab-ab\\\/\",\"https:\\\/\\\/www.youtube.com\\\/@joab2194\\\/featured\"]}]}<\/script>\n<!-- \/ Yoast SEO plugin. -->","yoast_head_json":{"title":"Varaosat - JOAB","robots":{"index":"index","follow":"follow","max-snippet":"max-snippet:-1","max-image-preview":"max-image-preview:large","max-video-preview":"max-video-preview:-1"},"canonical":"https:\/\/www.joab.se\/fi\/huolto\/varaosat\/","og_locale":"fi_FI","og_type":"article","og_title":"Varaosat - JOAB","og_description":"Varaosat Alkuper\u00e4iset osamme ovat korkealaatuisia ja valmistettu samojen tiukkojen vaatimusten ja valmistusstandardien mukaisesti kuin uusiin p\u00e4\u00e4llirakenteissa k\u00e4ytetyt osat. Kaikkien varaosien on l\u00e4p\u00e4ist\u00e4v\u00e4 useita testej\u00e4 luotettavuuden, turvallisuuden ja pitk\u00e4ik\u00e4isyyden takaamiseksi. P\u00e4\u00e4llirakenteesi koostuu useista teknisist\u00e4 komponenteista, jotka on kehitetty ja valmistettu tekem\u00e4\u00e4n autosta turvallinen ja luotettava. Varaosan vaihtaminen ei saa koskaan tarkoittaa, ett\u00e4 jokin toiminto menetet\u00e4\u00e4n. JOAB-alkuper\u00e4isosia [&hellip;]","og_url":"https:\/\/www.joab.se\/fi\/huolto\/varaosat\/","og_site_name":"JOAB","article_publisher":"https:\/\/www.facebook.com\/joabsverige\/","article_modified_time":"2024-11-19T07:10:45+00:00","twitter_card":"summary_large_image","twitter_misc":{"Arvioitu lukuaika":"2 minuuttia"},"schema":{"@context":"https:\/\/schema.org","@graph":[{"@type":"WebPage","@id":"https:\/\/www.joab.se\/fi\/huolto\/varaosat\/","url":"https:\/\/www.joab.se\/fi\/huolto\/varaosat\/","name":"Varaosat - JOAB","isPartOf":{"@id":"https:\/\/www.joab.se\/#website"},"datePublished":"2020-09-08T18:09:00+00:00","dateModified":"2024-11-19T07:10:45+00:00","breadcrumb":{"@id":"https:\/\/www.joab.se\/fi\/huolto\/varaosat\/#breadcrumb"},"inLanguage":"fi","potentialAction":[{"@type":"ReadAction","target":["https:\/\/www.joab.se\/fi\/huolto\/varaosat\/"]}]},{"@type":"BreadcrumbList","@id":"https:\/\/www.joab.se\/fi\/huolto\/varaosat\/#breadcrumb","itemListElement":[{"@type":"ListItem","position":1,"name":"Etusivu","item":"https:\/\/www.joab.se\/fi\/"},{"@type":"ListItem","position":2,"name":"Huolto","item":"https:\/\/www.joab.se\/fi\/huolto\/"},{"@type":"ListItem","position":3,"name":"Varaosat"}]},{"@type":"WebSite","@id":"https:\/\/www.joab.se\/#website","url":"https:\/\/www.joab.se\/","name":"JOAB","description":"En till WordPress-webbplats","publisher":{"@id":"https:\/\/www.joab.se\/#organization"},"potentialAction":[{"@type":"SearchAction","target":{"@type":"EntryPoint","urlTemplate":"https:\/\/www.joab.se\/?s={search_term_string}"},"query-input":{"@type":"PropertyValueSpecification","valueRequired":true,"valueName":"search_term_string"}}],"inLanguage":"fi"},{"@type":"Organization","@id":"https:\/\/www.joab.se\/#organization","name":"JOAB F\u00f6rs\u00e4ljnings AB","url":"https:\/\/www.joab.se\/","logo":{"@type":"ImageObject","inLanguage":"fi","@id":"https:\/\/www.joab.se\/#\/schema\/logo\/image\/","url":"https:\/\/www.joab.se\/wp-content\/uploads\/2023\/02\/logo_storre.png","contentUrl":"https:\/\/www.joab.se\/wp-content\/uploads\/2023\/02\/logo_storre.png","width":3100,"height":889,"caption":"JOAB F\u00f6rs\u00e4ljnings AB"},"image":{"@id":"https:\/\/www.joab.se\/#\/schema\/logo\/image\/"},"sameAs":["https:\/\/www.facebook.com\/joabsverige\/","https:\/\/www.instagram.com\/joab.se\/?hl=sv","https:\/\/www.linkedin.com\/company\/joab-ab\/","https:\/\/www.youtube.com\/@joab2194\/featured"]}]}},"_links":{"self":[{"href":"https:\/\/www.joab.se\/fi\/wp-json\/wp\/v2\/pages\/15370","targetHints":{"allow":["GET"]}}],"collection":[{"href":"https:\/\/www.joab.se\/fi\/wp-json\/wp\/v2\/pages"}],"about":[{"href":"https:\/\/www.joab.se\/fi\/wp-json\/wp\/v2\/types\/page"}],"author":[{"embeddable":true,"href":"https:\/\/www.joab.se\/fi\/wp-json\/wp\/v2\/users\/1"}],"replies":[{"embeddable":true,"href":"https:\/\/www.joab.se\/fi\/wp-json\/wp\/v2\/comments?post=15370"}],"version-history":[{"count":30,"href":"https:\/\/www.joab.se\/fi\/wp-json\/wp\/v2\/pages\/15370\/revisions"}],"predecessor-version":[{"id":31117,"href":"https:\/\/www.joab.se\/fi\/wp-json\/wp\/v2\/pages\/15370\/revisions\/31117"}],"up":[{"embeddable":true,"href":"https:\/\/www.joab.se\/fi\/wp-json\/wp\/v2\/pages\/15350"}],"wp:attachment":[{"href":"https:\/\/www.joab.se\/fi\/wp-json\/wp\/v2\/media?parent=15370"}],"curies":[{"name":"wp","href":"https:\/\/api.w.org\/{rel}","templated":true}]}}