{"id":15358,"date":"2020-09-07T23:39:14","date_gmt":"2020-09-07T21:39:14","guid":{"rendered":"https:\/\/www.joab.se\/?page_id=15358"},"modified":"2023-10-10T09:34:48","modified_gmt":"2023-10-10T07:34:48","slug":"ura","status":"publish","type":"page","link":"https:\/\/www.joab.se\/fi\/ura\/","title":{"rendered":"Ura"},"content":{"rendered":"<div id=\"pl-15358\"  class=\"panel-layout\" ><div id=\"pg-15358-0\"  class=\"panel-grid panel-no-style\" ><div id=\"pgc-15358-0-0\"  class=\"panel-grid-cell\" ><div id=\"panel-15358-0-0-0\" class=\"so-panel widget widget_joab-hero-banner-widget panel-first-child panel-last-child\" data-index=\"0\" ><div\n\t\t\t\n\t\t\tclass=\"so-widget-joab-hero-banner-widget so-widget-joab-hero-banner-widget-default-d75171398898-15358\"\n\t\t\t\n\t\t><div class=\"hero-banner-container\" style=\"background: url('https:\/\/www.joab.se\/wp-content\/uploads\/2023\/08\/Montering-1920x1280.jpg');background-position: 50% 50%\">\n        <div class=\"hero-content\">\n      <div class=\"border-container\" style=\"max-width: 40%\">\n          <h1 style=\"font-size: 3vw\">L\u00e4hde mukaan matkallemme<\/h1>\n      <\/div>\n    <\/div>\n<\/div>\n\n<div class=\"breadcrumbs\">\n            <p id=\"breadcrumbs\"><span><span><a href=\"https:\/\/www.joab.se\/fi\/\">Etusivu<\/a><\/span><\/span><\/p>    <\/div>\n\n<\/div><\/div><\/div><\/div><div id=\"pg-15358-1\"  class=\"panel-grid panel-has-style\" ><div class=\"panel-row-style panel-row-style-for-15358-1\" ><div id=\"pgc-15358-1-0\"  class=\"panel-grid-cell panel-grid-cell-empty\" ><\/div><div id=\"pgc-15358-1-1\"  class=\"panel-grid-cell panel-grid-cell-mobile-last\" ><div id=\"panel-15358-1-1-0\" class=\"so-panel widget widget_sow-editor panel-first-child panel-last-child\" data-index=\"1\" ><div\n\t\t\t\n\t\t\tclass=\"so-widget-sow-editor so-widget-sow-editor-base\"\n\t\t\t\n\t\t>\n<div class=\"siteorigin-widget-tinymce textwidget\">\n\t<h2 style=\"text-align: center;\">TERVETULOA JOABIIN - SEURAAVA URAMAHDOLLISUUTESI ODOTTAA SINUA T\u00c4\u00c4LL\u00c4<\/h2>\n<p>Olemme ylpeit\u00e4 siit\u00e4, ett\u00e4 olemme ty\u00f6paikka, jolle on ominaista yhteisty\u00f6, innovointi, lojaalisuus ja vahvuus. T\u00e4\u00e4ll\u00e4 verkkosivuillamme voit tutustua j\u00e4nnitt\u00e4viin mahdollisuuksiin, joita meill\u00e4 on tarjota juuri nyt. Uskomme vahvan, monipuolisen ja innostavan ty\u00f6voiman rakentamiseen. Siksi haluamme paitsi jakaa kanssasi avoimet ty\u00f6paikkamme, my\u00f6s esitell\u00e4 sinulle joitakin upeita ty\u00f6ntekij\u00f6it\u00e4mme, jotka ovat JOABin syd\u00e4n ja sielu.<\/p>\n<\/div>\n<\/div><\/div><\/div><div id=\"pgc-15358-1-2\"  class=\"panel-grid-cell panel-grid-cell-empty\" ><\/div><\/div><\/div><div id=\"pg-15358-2\"  class=\"panel-grid panel-has-style\" ><div id=\"Henrik\" class=\"panel-row-style panel-row-style-for-15358-2\" ><div id=\"pgc-15358-2-0\"  class=\"panel-grid-cell\" ><div id=\"panel-15358-2-0-0\" class=\"so-panel widget widget_sow-editor panel-first-child\" data-index=\"2\" ><div class=\"panel-widget-style panel-widget-style-for-15358-2-0-0\" ><div\n\t\t\t\n\t\t\tclass=\"so-widget-sow-editor so-widget-sow-editor-base\"\n\t\t\t\n\t\t>\n<div class=\"siteorigin-widget-tinymce textwidget\">\n\t<h2 style=\"text-align: center;\"><span style=\"color: #005177;\">TAPAA TULEVAT KOLLEGASI<\/span><\/h2>\n<\/div>\n<\/div><\/div><\/div><div id=\"panel-15358-2-0-1\" class=\"so-panel widget widget_joab-media-and-text-widget\" data-index=\"3\" ><div\n\t\t\t\n\t\t\tclass=\"so-widget-joab-media-and-text-widget so-widget-joab-media-and-text-widget-default-d75171398898-15358\"\n\t\t\t\n\t\t><div class=\"image-and-text-container reverse\">\n    <figure>\n        <img loading=\"lazy\" decoding=\"async\" width=\"1024\" height=\"683\" src=\"https:\/\/www.joab.se\/wp-content\/uploads\/2020\/09\/Henrik_Oscarsson-1024x683.jpg\" class=\"attachment-large size-large\" alt=\"\" srcset=\"https:\/\/www.joab.se\/wp-content\/uploads\/2020\/09\/Henrik_Oscarsson-1024x683.jpg 1024w, https:\/\/www.joab.se\/wp-content\/uploads\/2020\/09\/Henrik_Oscarsson-600x400.jpg 600w, https:\/\/www.joab.se\/wp-content\/uploads\/2020\/09\/Henrik_Oscarsson-1000x667.jpg 1000w, https:\/\/www.joab.se\/wp-content\/uploads\/2020\/09\/Henrik_Oscarsson-1920x1280.jpg 1920w, https:\/\/www.joab.se\/wp-content\/uploads\/2020\/09\/Henrik_Oscarsson-300x200.jpg 300w, https:\/\/www.joab.se\/wp-content\/uploads\/2020\/09\/Henrik_Oscarsson-768x512.jpg 768w, https:\/\/www.joab.se\/wp-content\/uploads\/2020\/09\/Henrik_Oscarsson-1536x1024.jpg 1536w, https:\/\/www.joab.se\/wp-content\/uploads\/2020\/09\/Henrik_Oscarsson-2048x1365.jpg 2048w, https:\/\/www.joab.se\/wp-content\/uploads\/2020\/09\/Henrik_Oscarsson-272x182.jpg 272w\" sizes=\"auto, (max-width: 1024px) 100vw, 1024px\" \/>    <\/figure>\n    <div class=\"text-container\" style=\"background-color: #fff; color: #000000; padding: 4% 8% 4% 8%;\">\n        <h3>HENRIK OSCARSSON<\/h3>\n<p><em>Kerro roolistasi ja tyypillisest\u00e4 ty\u00f6p\u00e4iv\u00e4st\u00e4si?<br \/>\n<\/em>- Aloitin valmistelussa\/rakentamisessa ennen kuin minusta tuli Scanian avainasiakasp\u00e4\u00e4llikk\u00f6. Ty\u00f6p\u00e4iv\u00e4t ja vastuualueet vaihtelevat p\u00e4ivitt\u00e4in. Muutaman esimerkin antaakseni ty\u00f6skentelen useiden projektien kanssa yhdess\u00e4 Scania CV:n kanssa ja osallistun myyntistrategioiden kehitt\u00e4misen, selvittelen j\u00e4lkimarkkinakysymyksi\u00e4, keskitetty\u00e4 asiakasmyynti\u00e4, suoramyynti\u00e4 j\u00e4lleenmyyjille ja istun asiakaskokouksissa arvioidakseni asiakkaan tarpeita. On haastavaa, mutta eritt\u00e4in hauskaa ty\u00f6skennell\u00e4 muiden maiden kanssa, kuten esim. Norjan ja Tanskan kanssa samaan aikaan kuin ty\u00f6skentelen kotimarkkinoiden parissa.<\/p>\n<p><em>Mik\u00e4 on j\u00e4nnitt\u00e4vint\u00e4 ty\u00f6ss\u00e4si?<br \/>\n<\/em>- Mielenkiintoisinta on ty\u00f6ni suuri vaihtelu. P\u00e4iv\u00e4t ovat harvoin samanlaisia.<\/p>\n<p><em>Mik\u00e4 JOABissa on parasta?<\/em><br \/>\n- Parasta on, ett\u00e4 JOAB arvostaa aina eniten asiakasta! Suuri osa kehityksest\u00e4mme tapahtuu yhteisty\u00f6ss\u00e4 asiakkaidemme kanssa, ja t\u00e4m\u00e4 on tietysti eritt\u00e4in arvokasta k\u00e4ytett\u00e4ess\u00e4 tuotteitamme, jotka k\u00e4ytt\u00e4j\u00e4t ovat kehitt\u00e4neet k\u00e4ytt\u00e4jille!<\/p>\n    <\/div>\n<\/div>\n\n<\/div><\/div><div id=\"panel-15358-2-0-2\" class=\"so-panel widget widget_joab-media-and-text-widget\" data-index=\"4\" ><div\n\t\t\t\n\t\t\tclass=\"so-widget-joab-media-and-text-widget so-widget-joab-media-and-text-widget-default-d75171398898-15358\"\n\t\t\t\n\t\t><div class=\"image-and-text-container \">\n    <figure>\n        <img loading=\"lazy\" decoding=\"async\" width=\"1024\" height=\"683\" src=\"https:\/\/www.joab.se\/wp-content\/uploads\/2020\/09\/JDAB2019Montering2_4.jpg\" class=\"attachment-large size-large\" alt=\"\" srcset=\"https:\/\/www.joab.se\/wp-content\/uploads\/2020\/09\/JDAB2019Montering2_4.jpg 1024w, https:\/\/www.joab.se\/wp-content\/uploads\/2020\/09\/JDAB2019Montering2_4-600x400.jpg 600w, https:\/\/www.joab.se\/wp-content\/uploads\/2020\/09\/JDAB2019Montering2_4-1000x667.jpg 1000w, https:\/\/www.joab.se\/wp-content\/uploads\/2020\/09\/JDAB2019Montering2_4-300x200.jpg 300w, https:\/\/www.joab.se\/wp-content\/uploads\/2020\/09\/JDAB2019Montering2_4-768x512.jpg 768w, https:\/\/www.joab.se\/wp-content\/uploads\/2020\/09\/JDAB2019Montering2_4-272x182.jpg 272w\" sizes=\"auto, (max-width: 1024px) 100vw, 1024px\" \/>    <\/figure>\n    <div class=\"text-container\" style=\"background-color: #fff; color: #000000; padding: 4% 8% 4% 8%;\">\n        <h3>KATHRIN EKLUND<\/h3>\n<p><em>Kuinka pitk\u00e4\u00e4n olet ollut JOABissa?<br \/>\n<\/em>- Olen ty\u00f6skennellyt JOAB:ssa lokakuusta 2018 l\u00e4htien, eli kohta 2 vuoden ajan.<\/p>\n<p><em>Kerro roolistasi ja tyypillisest\u00e4 ty\u00f6p\u00e4iv\u00e4st\u00e4si?<br \/>\n<\/em>- Ty\u00f6skentelen s\u00e4hk\u00f6asentajana, p\u00e4\u00e4teht\u00e4v\u00e4ni ovat kytkeyty\u00e4 ohjaamoon, koek\u00e4ytt\u00e4\u00e4 ja ohjelmoida auto niin, ett\u00e4 kaikki toimii niin kuin pit\u00e4\u00e4 ennen lopputarkastusta.<\/p>\n<p><em>Mik\u00e4 on j\u00e4nnitt\u00e4vint\u00e4 ty\u00f6ss\u00e4si?<br \/>\n<\/em>- Kun testaan toimintoja, jotka olen asentanut ja ohjelmoinut. Se on j\u00e4nnitt\u00e4vint\u00e4, koska sitten saat vahvistuksen siit\u00e4, ett\u00e4 teit oikein.<\/p>\n<p><em>Mik\u00e4 JOABissa on parasta?<\/em><br \/>\n- Yhteenkuuluvuus kaikkien kollegoiden kanssa. T\u00e4m\u00e4 on hieno ryhm\u00e4, joka puhaltaa yhteen hiileen ja auttaa toisiaan. Olemme todella hyv\u00e4 tiimi!<\/p>\n    <\/div>\n<\/div>\n\n<\/div><\/div><div id=\"panel-15358-2-0-3\" class=\"so-panel widget widget_joab-media-and-text-widget panel-last-child\" data-index=\"5\" ><div\n\t\t\t\n\t\t\tclass=\"so-widget-joab-media-and-text-widget so-widget-joab-media-and-text-widget-default-d75171398898-15358\"\n\t\t\t\n\t\t><div class=\"image-and-text-container reverse\">\n    <figure>\n        <img loading=\"lazy\" decoding=\"async\" width=\"1024\" height=\"819\" src=\"https:\/\/www.joab.se\/wp-content\/uploads\/2020\/09\/JOAB_Niclas-1024x819.jpg\" class=\"attachment-large size-large\" alt=\"\" srcset=\"https:\/\/www.joab.se\/wp-content\/uploads\/2020\/09\/JOAB_Niclas-1024x819.jpg 1024w, https:\/\/www.joab.se\/wp-content\/uploads\/2020\/09\/JOAB_Niclas-1000x800.jpg 1000w, https:\/\/www.joab.se\/wp-content\/uploads\/2020\/09\/JOAB_Niclas-1920x1536.jpg 1920w, https:\/\/www.joab.se\/wp-content\/uploads\/2020\/09\/JOAB_Niclas-300x240.jpg 300w, https:\/\/www.joab.se\/wp-content\/uploads\/2020\/09\/JOAB_Niclas-768x614.jpg 768w, https:\/\/www.joab.se\/wp-content\/uploads\/2020\/09\/JOAB_Niclas-1536x1229.jpg 1536w, https:\/\/www.joab.se\/wp-content\/uploads\/2020\/09\/JOAB_Niclas-2048x1639.jpg 2048w\" sizes=\"auto, (max-width: 1024px) 100vw, 1024px\" \/>    <\/figure>\n    <div class=\"text-container\" style=\"background-color: #fff; color: #000000; padding: 4% 8% 4% 8%;\">\n        <h3>NICLAS WENTHE<\/h3>\n<p><em>Kerro roolistasi ja tyypillisest\u00e4 ty\u00f6p\u00e4iv\u00e4st\u00e4si?<br \/>\n<\/em>- Ty\u00f6skentelen JOAB n teknologiaosastolla, jossa ty\u00f6ni sis\u00e4lt\u00e4\u00e4 JOAB:n myyntikonfiguroijan k\u00e4yt\u00f6n ja k\u00e4ytt\u00f6\u00f6noton sek\u00e4 tulevan kehityksen. P\u00e4iv\u00e4t voivat n\u00e4ytt\u00e4\u00e4 erilaisilta riippuen siit\u00e4, onko tukikysymyksi\u00e4, ongelmanratkaisua, koulutusta vai puhdasta kehitysty\u00f6t\u00e4. Joka p\u00e4iv\u00e4 johdan TEAM-kokousta, johon osallistuu kunkin osaston edustaja ja jossa teemme p\u00e4\u00e4t\u00f6ksi\u00e4 uusista myyntituotteista ja -palveluista.<\/p>\n<p><em>Mik\u00e4 on j\u00e4nnitt\u00e4vint\u00e4 ty\u00f6ss\u00e4si?<br \/>\n<\/em>- Olla mukana rakentamassa jotain, joka vaikuttaa monissa prosesseissamme.<\/p>\n<p><em>Mik\u00e4 JOABissa on parasta?<br \/>\n<\/em>- Se on vakaa yritys, jossa on paljon onnellisia ja lahjakkaita ty\u00f6ntekij\u00f6it\u00e4, jotka kehitt\u00e4v\u00e4t innovatiivisia tuotteita ja ratkaisuja.<\/p>\n    <\/div>\n<\/div>\n\n<\/div><\/div><\/div><\/div><\/div><\/div>","protected":false},"excerpt":{"rendered":"<p>TERVETULOA JOABIIN &#8211; SEURAAVA URAMAHDOLLISUUTESI ODOTTAA SINUA T\u00c4\u00c4LL\u00c4 Olemme ylpeit\u00e4 siit\u00e4, ett\u00e4 olemme ty\u00f6paikka, jolle on ominaista yhteisty\u00f6, innovointi, lojaalisuus ja vahvuus. T\u00e4\u00e4ll\u00e4 verkkosivuillamme voit tutustua j\u00e4nnitt\u00e4viin mahdollisuuksiin, joita meill\u00e4 on tarjota juuri nyt. Uskomme vahvan, monipuolisen ja innostavan ty\u00f6voiman rakentamiseen. Siksi haluamme paitsi jakaa kanssasi avoimet ty\u00f6paikkamme, my\u00f6s esitell\u00e4 sinulle joitakin upeita ty\u00f6ntekij\u00f6it\u00e4mme, jotka [&hellip;]<\/p>\n","protected":false},"author":2,"featured_media":0,"parent":0,"menu_order":0,"comment_status":"closed","ping_status":"closed","template":"","meta":{"footnotes":""},"class_list":["post-15358","page","type-page","status-publish","hentry"],"yoast_head":"<!-- This site is optimized with the Yoast SEO plugin v27.4 - https:\/\/yoast.com\/product\/yoast-seo-wordpress\/ -->\n<title>Ura - JOAB<\/title>\n<meta name=\"robots\" content=\"index, follow, max-snippet:-1, max-image-preview:large, max-video-preview:-1\" \/>\n<link rel=\"canonical\" href=\"https:\/\/www.joab.se\/fi\/ura\/\" \/>\n<meta property=\"og:locale\" content=\"fi_FI\" \/>\n<meta property=\"og:type\" content=\"article\" \/>\n<meta property=\"og:title\" content=\"Ura - JOAB\" \/>\n<meta property=\"og:description\" content=\"TERVETULOA JOABIIN - SEURAAVA URAMAHDOLLISUUTESI ODOTTAA SINUA T\u00c4\u00c4LL\u00c4 Olemme ylpeit\u00e4 siit\u00e4, ett\u00e4 olemme ty\u00f6paikka, jolle on ominaista yhteisty\u00f6, innovointi, lojaalisuus ja vahvuus. T\u00e4\u00e4ll\u00e4 verkkosivuillamme voit tutustua j\u00e4nnitt\u00e4viin mahdollisuuksiin, joita meill\u00e4 on tarjota juuri nyt. Uskomme vahvan, monipuolisen ja innostavan ty\u00f6voiman rakentamiseen. Siksi haluamme paitsi jakaa kanssasi avoimet ty\u00f6paikkamme, my\u00f6s esitell\u00e4 sinulle joitakin upeita ty\u00f6ntekij\u00f6it\u00e4mme, jotka [&hellip;]\" \/>\n<meta property=\"og:url\" content=\"https:\/\/www.joab.se\/fi\/ura\/\" \/>\n<meta property=\"og:site_name\" content=\"JOAB\" \/>\n<meta property=\"article:publisher\" content=\"https:\/\/www.facebook.com\/joabsverige\/\" \/>\n<meta property=\"article:modified_time\" content=\"2023-10-10T07:34:48+00:00\" \/>\n<meta name=\"twitter:card\" content=\"summary_large_image\" \/>\n<meta name=\"twitter:label1\" content=\"Arvioitu lukuaika\" \/>\n\t<meta name=\"twitter:data1\" content=\"1 minuutti\" \/>\n<script type=\"application\/ld+json\" class=\"yoast-schema-graph\">{\"@context\":\"https:\\\/\\\/schema.org\",\"@graph\":[{\"@type\":\"WebPage\",\"@id\":\"https:\\\/\\\/www.joab.se\\\/fi\\\/ura\\\/\",\"url\":\"https:\\\/\\\/www.joab.se\\\/fi\\\/ura\\\/\",\"name\":\"Ura - JOAB\",\"isPartOf\":{\"@id\":\"https:\\\/\\\/www.joab.se\\\/#website\"},\"datePublished\":\"2020-09-07T21:39:14+00:00\",\"dateModified\":\"2023-10-10T07:34:48+00:00\",\"breadcrumb\":{\"@id\":\"https:\\\/\\\/www.joab.se\\\/fi\\\/ura\\\/#breadcrumb\"},\"inLanguage\":\"fi\",\"potentialAction\":[{\"@type\":\"ReadAction\",\"target\":[\"https:\\\/\\\/www.joab.se\\\/fi\\\/ura\\\/\"]}]},{\"@type\":\"BreadcrumbList\",\"@id\":\"https:\\\/\\\/www.joab.se\\\/fi\\\/ura\\\/#breadcrumb\",\"itemListElement\":[{\"@type\":\"ListItem\",\"position\":1,\"name\":\"Etusivu\",\"item\":\"https:\\\/\\\/www.joab.se\\\/fi\\\/\"},{\"@type\":\"ListItem\",\"position\":2,\"name\":\"Ura\"}]},{\"@type\":\"WebSite\",\"@id\":\"https:\\\/\\\/www.joab.se\\\/#website\",\"url\":\"https:\\\/\\\/www.joab.se\\\/\",\"name\":\"JOAB\",\"description\":\"En till WordPress-webbplats\",\"publisher\":{\"@id\":\"https:\\\/\\\/www.joab.se\\\/#organization\"},\"potentialAction\":[{\"@type\":\"SearchAction\",\"target\":{\"@type\":\"EntryPoint\",\"urlTemplate\":\"https:\\\/\\\/www.joab.se\\\/?s={search_term_string}\"},\"query-input\":{\"@type\":\"PropertyValueSpecification\",\"valueRequired\":true,\"valueName\":\"search_term_string\"}}],\"inLanguage\":\"fi\"},{\"@type\":\"Organization\",\"@id\":\"https:\\\/\\\/www.joab.se\\\/#organization\",\"name\":\"JOAB F\u00f6rs\u00e4ljnings AB\",\"url\":\"https:\\\/\\\/www.joab.se\\\/\",\"logo\":{\"@type\":\"ImageObject\",\"inLanguage\":\"fi\",\"@id\":\"https:\\\/\\\/www.joab.se\\\/#\\\/schema\\\/logo\\\/image\\\/\",\"url\":\"https:\\\/\\\/www.joab.se\\\/wp-content\\\/uploads\\\/2023\\\/02\\\/logo_storre.png\",\"contentUrl\":\"https:\\\/\\\/www.joab.se\\\/wp-content\\\/uploads\\\/2023\\\/02\\\/logo_storre.png\",\"width\":3100,\"height\":889,\"caption\":\"JOAB F\u00f6rs\u00e4ljnings AB\"},\"image\":{\"@id\":\"https:\\\/\\\/www.joab.se\\\/#\\\/schema\\\/logo\\\/image\\\/\"},\"sameAs\":[\"https:\\\/\\\/www.facebook.com\\\/joabsverige\\\/\",\"https:\\\/\\\/www.instagram.com\\\/joab.se\\\/?hl=sv\",\"https:\\\/\\\/www.linkedin.com\\\/company\\\/joab-ab\\\/\",\"https:\\\/\\\/www.youtube.com\\\/@joab2194\\\/featured\"]}]}<\/script>\n<!-- \/ Yoast SEO plugin. -->","yoast_head_json":{"title":"Ura - JOAB","robots":{"index":"index","follow":"follow","max-snippet":"max-snippet:-1","max-image-preview":"max-image-preview:large","max-video-preview":"max-video-preview:-1"},"canonical":"https:\/\/www.joab.se\/fi\/ura\/","og_locale":"fi_FI","og_type":"article","og_title":"Ura - JOAB","og_description":"TERVETULOA JOABIIN - SEURAAVA URAMAHDOLLISUUTESI ODOTTAA SINUA T\u00c4\u00c4LL\u00c4 Olemme ylpeit\u00e4 siit\u00e4, ett\u00e4 olemme ty\u00f6paikka, jolle on ominaista yhteisty\u00f6, innovointi, lojaalisuus ja vahvuus. T\u00e4\u00e4ll\u00e4 verkkosivuillamme voit tutustua j\u00e4nnitt\u00e4viin mahdollisuuksiin, joita meill\u00e4 on tarjota juuri nyt. Uskomme vahvan, monipuolisen ja innostavan ty\u00f6voiman rakentamiseen. Siksi haluamme paitsi jakaa kanssasi avoimet ty\u00f6paikkamme, my\u00f6s esitell\u00e4 sinulle joitakin upeita ty\u00f6ntekij\u00f6it\u00e4mme, jotka [&hellip;]","og_url":"https:\/\/www.joab.se\/fi\/ura\/","og_site_name":"JOAB","article_publisher":"https:\/\/www.facebook.com\/joabsverige\/","article_modified_time":"2023-10-10T07:34:48+00:00","twitter_card":"summary_large_image","twitter_misc":{"Arvioitu lukuaika":"1 minuutti"},"schema":{"@context":"https:\/\/schema.org","@graph":[{"@type":"WebPage","@id":"https:\/\/www.joab.se\/fi\/ura\/","url":"https:\/\/www.joab.se\/fi\/ura\/","name":"Ura - JOAB","isPartOf":{"@id":"https:\/\/www.joab.se\/#website"},"datePublished":"2020-09-07T21:39:14+00:00","dateModified":"2023-10-10T07:34:48+00:00","breadcrumb":{"@id":"https:\/\/www.joab.se\/fi\/ura\/#breadcrumb"},"inLanguage":"fi","potentialAction":[{"@type":"ReadAction","target":["https:\/\/www.joab.se\/fi\/ura\/"]}]},{"@type":"BreadcrumbList","@id":"https:\/\/www.joab.se\/fi\/ura\/#breadcrumb","itemListElement":[{"@type":"ListItem","position":1,"name":"Etusivu","item":"https:\/\/www.joab.se\/fi\/"},{"@type":"ListItem","position":2,"name":"Ura"}]},{"@type":"WebSite","@id":"https:\/\/www.joab.se\/#website","url":"https:\/\/www.joab.se\/","name":"JOAB","description":"En till WordPress-webbplats","publisher":{"@id":"https:\/\/www.joab.se\/#organization"},"potentialAction":[{"@type":"SearchAction","target":{"@type":"EntryPoint","urlTemplate":"https:\/\/www.joab.se\/?s={search_term_string}"},"query-input":{"@type":"PropertyValueSpecification","valueRequired":true,"valueName":"search_term_string"}}],"inLanguage":"fi"},{"@type":"Organization","@id":"https:\/\/www.joab.se\/#organization","name":"JOAB F\u00f6rs\u00e4ljnings AB","url":"https:\/\/www.joab.se\/","logo":{"@type":"ImageObject","inLanguage":"fi","@id":"https:\/\/www.joab.se\/#\/schema\/logo\/image\/","url":"https:\/\/www.joab.se\/wp-content\/uploads\/2023\/02\/logo_storre.png","contentUrl":"https:\/\/www.joab.se\/wp-content\/uploads\/2023\/02\/logo_storre.png","width":3100,"height":889,"caption":"JOAB F\u00f6rs\u00e4ljnings AB"},"image":{"@id":"https:\/\/www.joab.se\/#\/schema\/logo\/image\/"},"sameAs":["https:\/\/www.facebook.com\/joabsverige\/","https:\/\/www.instagram.com\/joab.se\/?hl=sv","https:\/\/www.linkedin.com\/company\/joab-ab\/","https:\/\/www.youtube.com\/@joab2194\/featured"]}]}},"_links":{"self":[{"href":"https:\/\/www.joab.se\/fi\/wp-json\/wp\/v2\/pages\/15358","targetHints":{"allow":["GET"]}}],"collection":[{"href":"https:\/\/www.joab.se\/fi\/wp-json\/wp\/v2\/pages"}],"about":[{"href":"https:\/\/www.joab.se\/fi\/wp-json\/wp\/v2\/types\/page"}],"author":[{"embeddable":true,"href":"https:\/\/www.joab.se\/fi\/wp-json\/wp\/v2\/users\/2"}],"replies":[{"embeddable":true,"href":"https:\/\/www.joab.se\/fi\/wp-json\/wp\/v2\/comments?post=15358"}],"version-history":[{"count":37,"href":"https:\/\/www.joab.se\/fi\/wp-json\/wp\/v2\/pages\/15358\/revisions"}],"predecessor-version":[{"id":27206,"href":"https:\/\/www.joab.se\/fi\/wp-json\/wp\/v2\/pages\/15358\/revisions\/27206"}],"wp:attachment":[{"href":"https:\/\/www.joab.se\/fi\/wp-json\/wp\/v2\/media?parent=15358"}],"curies":[{"name":"wp","href":"https:\/\/api.w.org\/{rel}","templated":true}]}}