{"id":15345,"date":"2020-09-10T08:32:24","date_gmt":"2020-09-10T06:32:24","guid":{"rendered":"https:\/\/www.joab.se\/?page_id=15345"},"modified":"2024-10-03T10:39:32","modified_gmt":"2024-10-03T08:39:32","slug":"jatepakkaajat","status":"publish","type":"page","link":"https:\/\/www.joab.se\/fi\/tuotteet\/jatepakkaajat\/","title":{"rendered":"J\u00e4tepakkaajat"},"content":{"rendered":"<div id=\"pl-15345\"  class=\"panel-layout\" ><div id=\"pg-15345-0\"  class=\"panel-grid panel-no-style\" ><div id=\"pgc-15345-0-0\"  class=\"panel-grid-cell\" ><div id=\"panel-15345-0-0-0\" class=\"so-panel widget widget_joab-hero-banner-widget panel-first-child panel-last-child\" data-index=\"0\" ><div\n\t\t\t\n\t\t\tclass=\"so-widget-joab-hero-banner-widget so-widget-joab-hero-banner-widget-default-d75171398898-15345\"\n\t\t\t\n\t\t><div class=\"hero-banner-container\" style=\"background: linear-gradient( rgba(0, 0, 0, 0.5), rgba(0, 0, 0, 0.5) ), url('https:\/\/www.joab.se\/wp-content\/uploads\/2023\/11\/Sopbil-Sopbilsaggregat-puff_JOAB.jpg');background-position: 50% 50%\">\n        <div class=\"hero-content\">\n      <div class=\"border-container\" style=\"max-width: 40%\">\n          <h1 style=\"font-size: 3vw\">J\u00e4tepakkaajat<\/h1>\n      <\/div>\n    <\/div>\n<\/div>\n\n<div class=\"breadcrumbs\">\n            <p id=\"breadcrumbs\"><span><span><a href=\"https:\/\/www.joab.se\/fi\/\">Etusivu<\/a><\/span><\/span><\/p>    <\/div>\n\n<\/div><\/div><\/div><\/div><div id=\"pg-15345-1\"  class=\"panel-grid panel-no-style\" ><div id=\"pgc-15345-1-0\"  class=\"panel-grid-cell panel-grid-cell-empty\" ><\/div><div id=\"pgc-15345-1-1\"  class=\"panel-grid-cell panel-grid-cell-mobile-last\" ><div id=\"panel-15345-1-1-0\" class=\"so-panel widget widget_sow-editor panel-first-child panel-last-child\" data-index=\"1\" ><div\n\t\t\t\n\t\t\tclass=\"so-widget-sow-editor so-widget-sow-editor-base\"\n\t\t\t\n\t\t>\n<div class=\"siteorigin-widget-tinymce textwidget\">\n\t<h2 style=\"text-align: center;\"><strong>J\u00e4tepakkaajat<\/strong><\/h2>\n<p style=\"text-align: left;\"><strong>Asiakkaidemme tuottavuus on etusijalla, ja siksi l\u00f6yd\u00e4t meilt\u00e4 t\u00e4ydellisen j\u00e4tepakkaajaohjelman kaikkiin j\u00e4tteenk\u00e4sittelytarpeisiin.<\/strong><\/p>\n<p style=\"text-align: left;\">Innovatiivisista \u00e4lykk\u00e4ill\u00e4 toiminnoilla ja energiatehokkailla j\u00e4rjestelmill\u00e4 varustetuista j\u00e4tepakkaajista yksinkertaisiin, tehokkaisiin ja luotettaviin j\u00e4tepakkaajiin. Niit\u00e4 kaikkia yhdist\u00e4\u00e4 se, ett\u00e4 ne ovat vankkoja, kustannustehokkaita ja matalarakenteisia, niill\u00e4 pieni omapaino maksimaalista kuormitettavuutta varten ja ne soveltuvat kaikenlaisen talous- ja yritysj\u00e4tteen ker\u00e4ykseen. Jotta sin\u00e4 saat mahdollisimman paljon aikaan ty\u00f6p\u00e4iv\u00e4si aikana.<\/p>\n<\/div>\n<\/div><\/div><\/div><div id=\"pgc-15345-1-2\"  class=\"panel-grid-cell panel-grid-cell-empty\" ><\/div><\/div><div id=\"pg-15345-2\"  class=\"panel-grid panel-no-style\" ><div id=\"pgc-15345-2-0\"  class=\"panel-grid-cell panel-grid-cell-empty\" ><\/div><\/div><div id=\"pg-15345-3\"  class=\"panel-grid panel-no-style\" ><div id=\"pgc-15345-3-0\"  class=\"panel-grid-cell\" ><div id=\"panel-15345-3-0-0\" class=\"so-panel widget widget_joab-product-teaser-widget panel-first-child panel-last-child\" data-index=\"2\" ><div\n\t\t\t\n\t\t\tclass=\"so-widget-joab-product-teaser-widget so-widget-joab-product-teaser-widget-default-d75171398898-15345\"\n\t\t\t\n\t\t><div class=\"product-teaser-container\">\n    <a href=\"https:\/\/www.joab.se\/fi\/tuote\/joab-fni4\/\" >\n        <div class=\"img-container\">\n            <img loading=\"lazy\" decoding=\"async\" width=\"300\" height=\"220\" src=\"https:\/\/www.joab.se\/wp-content\/uploads\/2024\/03\/JOAB-FOUR-S-FNI4-300x220.png\" class=\"attachment-joab-product-thumb size-joab-product-thumb wp-post-image\" alt=\"\" \/>        <\/div>\n        <h3>JOAB FNI-4<\/h3>\n    <\/a>\n<\/div>\n\n<\/div><\/div><\/div><div id=\"pgc-15345-3-1\"  class=\"panel-grid-cell\" ><div id=\"panel-15345-3-1-0\" class=\"so-panel widget widget_joab-product-teaser-widget panel-first-child panel-last-child\" data-index=\"3\" ><div\n\t\t\t\n\t\t\tclass=\"so-widget-joab-product-teaser-widget so-widget-joab-product-teaser-widget-default-d75171398898-15345\"\n\t\t\t\n\t\t><div class=\"product-teaser-container\">\n    <a href=\"https:\/\/www.joab.se\/fi\/tuote\/joab-anaconda-twin\/\" >\n        <div class=\"img-container\">\n            <img loading=\"lazy\" decoding=\"async\" width=\"300\" height=\"220\" src=\"https:\/\/www.joab.se\/wp-content\/uploads\/2020\/09\/JOAB-Twin-med-vikvagg-300x220.png\" class=\"attachment-joab-product-thumb size-joab-product-thumb wp-post-image\" alt=\"\" \/>        <\/div>\n        <h3>JOAB Anaconda Twin<\/h3>\n    <\/a>\n<\/div>\n\n<\/div><\/div><\/div><div id=\"pgc-15345-3-2\"  class=\"panel-grid-cell\" ><div id=\"panel-15345-3-2-0\" class=\"so-panel widget widget_joab-product-teaser-widget panel-first-child panel-last-child\" data-index=\"4\" ><div\n\t\t\t\n\t\t\tclass=\"so-widget-joab-product-teaser-widget so-widget-joab-product-teaser-widget-default-d75171398898-15345\"\n\t\t\t\n\t\t><div class=\"product-teaser-container\">\n    <a href=\"https:\/\/www.joab.se\/fi\/tuote\/joab-anaconda-sl-twin\/\" >\n        <div class=\"img-container\">\n            <img loading=\"lazy\" decoding=\"async\" width=\"300\" height=\"220\" src=\"https:\/\/www.joab.se\/wp-content\/uploads\/2020\/09\/Sidolastare-Twin_1_OK-300x220.jpg\" class=\"attachment-joab-product-thumb size-joab-product-thumb wp-post-image\" alt=\"\" \/>        <\/div>\n        <h3>JOAB Anaconda SL Twin<\/h3>\n    <\/a>\n<\/div>\n\n<\/div><\/div><\/div><div id=\"pgc-15345-3-3\"  class=\"panel-grid-cell\" ><div id=\"panel-15345-3-3-0\" class=\"so-panel widget widget_joab-product-teaser-widget panel-first-child panel-last-child\" data-index=\"5\" ><div\n\t\t\t\n\t\t\tclass=\"so-widget-joab-product-teaser-widget so-widget-joab-product-teaser-widget-default-d75171398898-15345\"\n\t\t\t\n\t\t><div class=\"product-teaser-container\">\n    <a href=\"https:\/\/www.joab.se\/fi\/tuote\/joab-anaconda-sl\/\" >\n        <div class=\"img-container\">\n            <img loading=\"lazy\" decoding=\"async\" width=\"300\" height=\"220\" src=\"https:\/\/www.joab.se\/wp-content\/uploads\/2020\/09\/SLfront-300x220.jpg\" class=\"attachment-joab-product-thumb size-joab-product-thumb wp-post-image\" alt=\"\" \/>        <\/div>\n        <h3>JOAB Anaconda SL<\/h3>\n    <\/a>\n<\/div>\n\n<\/div><\/div><\/div><\/div><div id=\"pg-15345-4\"  class=\"panel-grid panel-no-style\" ><div id=\"pgc-15345-4-0\"  class=\"panel-grid-cell\" ><div id=\"panel-15345-4-0-0\" class=\"so-panel widget widget_joab-product-teaser-widget panel-first-child panel-last-child\" data-index=\"6\" ><div\n\t\t\t\n\t\t\tclass=\"so-widget-joab-product-teaser-widget so-widget-joab-product-teaser-widget-default-d75171398898-15345\"\n\t\t\t\n\t\t><div class=\"product-teaser-container\">\n    <a href=\"https:\/\/www.joab.se\/fi\/tuote\/joab-anaconda-md\/\" >\n        <div class=\"img-container\">\n            <img loading=\"lazy\" decoding=\"async\" width=\"300\" height=\"220\" src=\"https:\/\/www.joab.se\/wp-content\/uploads\/2020\/09\/MD-300x220.jpg\" class=\"attachment-joab-product-thumb size-joab-product-thumb wp-post-image\" alt=\"\" \/>        <\/div>\n        <h3>JOAB Anaconda MD<\/h3>\n    <\/a>\n<\/div>\n\n<\/div><\/div><\/div><div id=\"pgc-15345-4-1\"  class=\"panel-grid-cell\" ><div id=\"panel-15345-4-1-0\" class=\"so-panel widget widget_joab-product-teaser-widget panel-first-child panel-last-child\" data-index=\"7\" ><div\n\t\t\t\n\t\t\tclass=\"so-widget-joab-product-teaser-widget so-widget-joab-product-teaser-widget-default-d75171398898-15345\"\n\t\t\t\n\t\t><div class=\"product-teaser-container\">\n    <a href=\"https:\/\/www.joab.se\/fi\/tuote\/joab-anaconda-hd\/\" >\n        <div class=\"img-container\">\n            <img loading=\"lazy\" decoding=\"async\" width=\"300\" height=\"220\" src=\"https:\/\/www.joab.se\/wp-content\/uploads\/2020\/09\/Front-300x220.jpg\" class=\"attachment-joab-product-thumb size-joab-product-thumb wp-post-image\" alt=\"\" \/>        <\/div>\n        <h3>JOAB Anaconda HD<\/h3>\n    <\/a>\n<\/div>\n\n<\/div><\/div><\/div><div id=\"pgc-15345-4-2\"  class=\"panel-grid-cell\" ><div id=\"panel-15345-4-2-0\" class=\"so-panel widget widget_joab-product-teaser-widget panel-first-child panel-last-child\" data-index=\"8\" ><div\n\t\t\t\n\t\t\tclass=\"so-widget-joab-product-teaser-widget so-widget-joab-product-teaser-widget-default-d75171398898-15345\"\n\t\t\t\n\t\t><div class=\"product-teaser-container\">\n    <a href=\"https:\/\/www.joab.se\/fi\/tuote\/joab-anaconda-pluskaappi\/\" >\n        <div class=\"img-container\">\n            <img loading=\"lazy\" decoding=\"async\" width=\"300\" height=\"220\" src=\"https:\/\/www.joab.se\/wp-content\/uploads\/2020\/09\/Plusskap_suez-300x220.jpg\" class=\"attachment-joab-product-thumb size-joab-product-thumb wp-post-image\" alt=\"\" \/>        <\/div>\n        <h3>JOAB Anaconda Pluskaappi<\/h3>\n    <\/a>\n<\/div>\n\n<\/div><\/div><\/div><div id=\"pgc-15345-4-3\"  class=\"panel-grid-cell\" ><div id=\"panel-15345-4-3-0\" class=\"so-panel widget widget_joab-product-teaser-widget panel-first-child panel-last-child\" data-index=\"9\" ><div\n\t\t\t\n\t\t\tclass=\"so-widget-joab-product-teaser-widget so-widget-joab-product-teaser-widget-default-d75171398898-15345\"\n\t\t\t\n\t\t><div class=\"product-teaser-container\">\n    <a href=\"https:\/\/www.joab.se\/fi\/tuote\/hillend-etulastaaja-by-joab\/\" >\n        <div class=\"img-container\">\n            <img loading=\"lazy\" decoding=\"async\" width=\"300\" height=\"220\" src=\"https:\/\/www.joab.se\/wp-content\/uploads\/2020\/09\/Bild-frontlastare2-300x220.png\" class=\"attachment-joab-product-thumb size-joab-product-thumb wp-post-image\" alt=\"\" \/>        <\/div>\n        <h3>Hillend Etulastaaja by JOAB<\/h3>\n    <\/a>\n<\/div>\n\n<\/div><\/div><\/div><\/div><div id=\"pg-15345-5\"  class=\"panel-grid panel-no-style\" ><div id=\"pgc-15345-5-0\"  class=\"panel-grid-cell\" ><div id=\"panel-15345-5-0-0\" class=\"so-panel widget widget_joab-product-teaser-widget panel-first-child panel-last-child\" data-index=\"10\" ><div\n\t\t\t\n\t\t\tclass=\"so-widget-joab-product-teaser-widget so-widget-joab-product-teaser-widget-default-d75171398898-15345\"\n\t\t\t\n\t\t><div class=\"product-teaser-container\">\n    <a href=\"https:\/\/www.joab.se\/fi\/tuote\/joab-anaconda-ecopac\/\" >\n        <div class=\"img-container\">\n            <img loading=\"lazy\" decoding=\"async\" width=\"300\" height=\"220\" src=\"https:\/\/www.joab.se\/wp-content\/uploads\/2020\/09\/ecopac_2-300x220.jpg\" class=\"attachment-joab-product-thumb size-joab-product-thumb wp-post-image\" alt=\"\" \/>        <\/div>\n        <h3>JOAB Anaconda Ecopac<\/h3>\n    <\/a>\n<\/div>\n\n<\/div><\/div><\/div><div id=\"pgc-15345-5-1\"  class=\"panel-grid-cell\" ><div id=\"panel-15345-5-1-0\" class=\"so-panel widget widget_joab-product-teaser-widget panel-first-child panel-last-child\" data-index=\"11\" ><div\n\t\t\t\n\t\t\tclass=\"so-widget-joab-product-teaser-widget so-widget-joab-product-teaser-widget-default-d75171398898-15345\"\n\t\t\t\n\t\t><div class=\"product-teaser-container\">\n    <a href=\"https:\/\/www.joab.se\/fi\/tuote\/joab-anaconda-micro-xl\/\" >\n        <div class=\"img-container\">\n            <img loading=\"lazy\" decoding=\"async\" width=\"300\" height=\"220\" src=\"https:\/\/www.joab.se\/wp-content\/uploads\/2020\/09\/Micro-XL-1-scaled-1-300x220.jpg\" class=\"attachment-joab-product-thumb size-joab-product-thumb wp-post-image\" alt=\"\" \/>        <\/div>\n        <h3>JOAB Anaconda Micro XL<\/h3>\n    <\/a>\n<\/div>\n\n<\/div><\/div><\/div><div id=\"pgc-15345-5-2\"  class=\"panel-grid-cell panel-grid-cell-mobile-last\" ><div id=\"panel-15345-5-2-0\" class=\"so-panel widget widget_joab-product-teaser-widget panel-first-child panel-last-child\" data-index=\"12\" ><div\n\t\t\t\n\t\t\tclass=\"so-widget-joab-product-teaser-widget so-widget-joab-product-teaser-widget-default-d75171398898-15345\"\n\t\t\t\n\t\t><div class=\"product-teaser-container\">\n    <a href=\"https:\/\/www.joab.se\/fi\/tuote\/joab-perushuolto\/\" >\n        <div class=\"img-container\">\n            <img loading=\"lazy\" decoding=\"async\" width=\"300\" height=\"220\" src=\"https:\/\/www.joab.se\/wp-content\/uploads\/2020\/09\/DSC_3280-300x220.jpg\" class=\"attachment-joab-product-thumb size-joab-product-thumb wp-post-image\" alt=\"\" \/>        <\/div>\n        <h3>JOAB Perushuolto<\/h3>\n    <\/a>\n<\/div>\n\n<\/div><\/div><\/div><div id=\"pgc-15345-5-3\"  class=\"panel-grid-cell panel-grid-cell-empty\" ><\/div><\/div><div id=\"pg-15345-6\"  class=\"panel-grid panel-has-style\" ><div class=\"panel-row-style panel-row-style-for-15345-6\" ><div id=\"pgc-15345-6-0\"  class=\"panel-grid-cell\" ><div id=\"panel-15345-6-0-0\" class=\"so-panel widget widget_sow-editor panel-first-child\" data-index=\"13\" ><div\n\t\t\t\n\t\t\tclass=\"so-widget-sow-editor so-widget-sow-editor-base\"\n\t\t\t\n\t\t>\n<div class=\"siteorigin-widget-tinymce textwidget\">\n\t<div id=\"panel-15335-3-0-0\" class=\"so-panel widget widget_sow-editor panel-first-child\" data-index=\"4\">\n<div class=\"so-widget-sow-editor so-widget-sow-editor-base\">\n<div class=\"siteorigin-widget-tinymce textwidget\">\n<div id=\"panel-15321-3-0-0\" class=\"so-panel widget widget_sow-editor panel-first-child\" data-index=\"5\">\n<div class=\"so-widget-sow-editor so-widget-sow-editor-base\">\n<div class=\"siteorigin-widget-tinymce textwidget\">\n<h2 style=\"text-align: center;\"><strong>TAPAA K\u00c4YTT\u00c4J\u00c4MME<\/strong><\/h2>\n<\/div>\n<\/div>\n<\/div>\n<\/div>\n<\/div>\n<\/div>\n<\/div>\n<\/div><\/div><div id=\"panel-15345-6-0-1\" class=\"so-panel widget widget_joab-media-and-text-widget panel-last-child\" data-index=\"14\" ><div\n\t\t\t\n\t\t\tclass=\"so-widget-joab-media-and-text-widget so-widget-joab-media-and-text-widget-default-d75171398898-15345\"\n\t\t\t\n\t\t><div class=\"image-and-text-container \">\n    <figure>\n        <img loading=\"lazy\" decoding=\"async\" width=\"1024\" height=\"770\" src=\"https:\/\/www.joab.se\/wp-content\/uploads\/2020\/09\/Renova_sopbil_3-1024x770.jpg\" class=\"attachment-large size-large\" alt=\"\" srcset=\"https:\/\/www.joab.se\/wp-content\/uploads\/2020\/09\/Renova_sopbil_3-1024x770.jpg 1024w, https:\/\/www.joab.se\/wp-content\/uploads\/2020\/09\/Renova_sopbil_3-300x226.jpg 300w, https:\/\/www.joab.se\/wp-content\/uploads\/2020\/09\/Renova_sopbil_3-768x578.jpg 768w, https:\/\/www.joab.se\/wp-content\/uploads\/2020\/09\/Renova_sopbil_3-1536x1155.jpg 1536w, https:\/\/www.joab.se\/wp-content\/uploads\/2020\/09\/Renova_sopbil_3-2048x1540.jpg 2048w, https:\/\/www.joab.se\/wp-content\/uploads\/2020\/09\/Renova_sopbil_3-1920x1444.jpg 1920w, https:\/\/www.joab.se\/wp-content\/uploads\/2020\/09\/Renova_sopbil_3-1000x752.jpg 1000w\" sizes=\"auto, (max-width: 1024px) 100vw, 1024px\" \/>    <\/figure>\n    <div class=\"text-container\" style=\"background-color: #ffffff; color: #000000; padding: 4% 8% 4% 8%;\">\n        <h3>RENOVA AB - \u201dJOAB:n avulla olemme pystyneet siirtym\u00e4\u00e4n t\u00e4ysin s\u00e4hk\u00f6k\u00e4ytt\u00f6isiin ajoneuvoihin.\u201d<\/h3>\n<p>Renova AB, aikaisemmin G\u00f6teborgin puhtaanapitolaitos, on k\u00e4ytt\u00e4nyt JOABin tuotteita 1990-luvulta l\u00e4htien ja yhteisty\u00f6 jatkuu. JOABin p\u00e4\u00e4llirakenteet j\u00e4teautoja varten sek\u00e4 uusi tekniikka ovat auttaneet Renova siirtym\u00e4\u00e4n t\u00e4ysin s\u00e4hk\u00f6k\u00e4ytt\u00f6isiin ajoneuvoihin.<\/p>\n<p><a href=\"https:\/\/www.joab.se\/fi\/tapaa-kayttajamme-renova\/\">Lue lis\u00e4\u00e4 Renovasta ja siit\u00e4, miksi he valitsivat JOABin &gt;&gt;<\/a><\/p>\n    <\/div>\n<\/div>\n\n<\/div><\/div><\/div><\/div><\/div><\/div>","protected":false},"excerpt":{"rendered":"<p>J\u00e4tepakkaajat Asiakkaidemme tuottavuus on etusijalla, ja siksi l\u00f6yd\u00e4t meilt\u00e4 t\u00e4ydellisen j\u00e4tepakkaajaohjelman kaikkiin j\u00e4tteenk\u00e4sittelytarpeisiin. Innovatiivisista \u00e4lykk\u00e4ill\u00e4 toiminnoilla ja energiatehokkailla j\u00e4rjestelmill\u00e4 varustetuista j\u00e4tepakkaajista yksinkertaisiin, tehokkaisiin ja luotettaviin j\u00e4tepakkaajiin. Niit\u00e4 kaikkia yhdist\u00e4\u00e4 se, ett\u00e4 ne ovat vankkoja, kustannustehokkaita ja matalarakenteisia, niill\u00e4 pieni omapaino maksimaalista kuormitettavuutta varten ja ne soveltuvat kaikenlaisen talous- ja yritysj\u00e4tteen ker\u00e4ykseen. Jotta sin\u00e4 saat mahdollisimman [&hellip;]<\/p>\n","protected":false},"author":2,"featured_media":0,"parent":15311,"menu_order":0,"comment_status":"closed","ping_status":"closed","template":"","meta":{"footnotes":""},"class_list":["post-15345","page","type-page","status-publish","hentry"],"yoast_head":"<!-- This site is optimized with the Yoast SEO plugin v27.4 - https:\/\/yoast.com\/product\/yoast-seo-wordpress\/ -->\n<title>J\u00e4tepakkaajat - JOAB<\/title>\n<meta name=\"robots\" content=\"index, follow, max-snippet:-1, max-image-preview:large, max-video-preview:-1\" \/>\n<link rel=\"canonical\" href=\"https:\/\/www.joab.se\/fi\/tuotteet\/jatepakkaajat\/\" \/>\n<meta property=\"og:locale\" content=\"fi_FI\" \/>\n<meta property=\"og:type\" content=\"article\" \/>\n<meta property=\"og:title\" content=\"J\u00e4tepakkaajat - JOAB\" \/>\n<meta property=\"og:description\" content=\"J\u00e4tepakkaajat Asiakkaidemme tuottavuus on etusijalla, ja siksi l\u00f6yd\u00e4t meilt\u00e4 t\u00e4ydellisen j\u00e4tepakkaajaohjelman kaikkiin j\u00e4tteenk\u00e4sittelytarpeisiin. Innovatiivisista \u00e4lykk\u00e4ill\u00e4 toiminnoilla ja energiatehokkailla j\u00e4rjestelmill\u00e4 varustetuista j\u00e4tepakkaajista yksinkertaisiin, tehokkaisiin ja luotettaviin j\u00e4tepakkaajiin. Niit\u00e4 kaikkia yhdist\u00e4\u00e4 se, ett\u00e4 ne ovat vankkoja, kustannustehokkaita ja matalarakenteisia, niill\u00e4 pieni omapaino maksimaalista kuormitettavuutta varten ja ne soveltuvat kaikenlaisen talous- ja yritysj\u00e4tteen ker\u00e4ykseen. Jotta sin\u00e4 saat mahdollisimman [&hellip;]\" \/>\n<meta property=\"og:url\" content=\"https:\/\/www.joab.se\/fi\/tuotteet\/jatepakkaajat\/\" \/>\n<meta property=\"og:site_name\" content=\"JOAB\" \/>\n<meta property=\"article:publisher\" content=\"https:\/\/www.facebook.com\/joabsverige\/\" \/>\n<meta property=\"article:modified_time\" content=\"2024-10-03T08:39:32+00:00\" \/>\n<meta name=\"twitter:card\" content=\"summary_large_image\" \/>\n<meta name=\"twitter:label1\" content=\"Arvioitu lukuaika\" \/>\n\t<meta name=\"twitter:data1\" content=\"4 minuuttia\" \/>\n<script type=\"application\/ld+json\" class=\"yoast-schema-graph\">{\"@context\":\"https:\\\/\\\/schema.org\",\"@graph\":[{\"@type\":\"WebPage\",\"@id\":\"https:\\\/\\\/www.joab.se\\\/fi\\\/tuotteet\\\/jatepakkaajat\\\/\",\"url\":\"https:\\\/\\\/www.joab.se\\\/fi\\\/tuotteet\\\/jatepakkaajat\\\/\",\"name\":\"J\u00e4tepakkaajat - JOAB\",\"isPartOf\":{\"@id\":\"https:\\\/\\\/www.joab.se\\\/#website\"},\"datePublished\":\"2020-09-10T06:32:24+00:00\",\"dateModified\":\"2024-10-03T08:39:32+00:00\",\"breadcrumb\":{\"@id\":\"https:\\\/\\\/www.joab.se\\\/fi\\\/tuotteet\\\/jatepakkaajat\\\/#breadcrumb\"},\"inLanguage\":\"fi\",\"potentialAction\":[{\"@type\":\"ReadAction\",\"target\":[\"https:\\\/\\\/www.joab.se\\\/fi\\\/tuotteet\\\/jatepakkaajat\\\/\"]}]},{\"@type\":\"BreadcrumbList\",\"@id\":\"https:\\\/\\\/www.joab.se\\\/fi\\\/tuotteet\\\/jatepakkaajat\\\/#breadcrumb\",\"itemListElement\":[{\"@type\":\"ListItem\",\"position\":1,\"name\":\"Etusivu\",\"item\":\"https:\\\/\\\/www.joab.se\\\/fi\\\/\"},{\"@type\":\"ListItem\",\"position\":2,\"name\":\"Tuotteet\",\"item\":\"https:\\\/\\\/www.joab.se\\\/fi\\\/tuotteet\\\/\"},{\"@type\":\"ListItem\",\"position\":3,\"name\":\"J\u00e4tepakkaajat\"}]},{\"@type\":\"WebSite\",\"@id\":\"https:\\\/\\\/www.joab.se\\\/#website\",\"url\":\"https:\\\/\\\/www.joab.se\\\/\",\"name\":\"JOAB\",\"description\":\"En till WordPress-webbplats\",\"publisher\":{\"@id\":\"https:\\\/\\\/www.joab.se\\\/#organization\"},\"potentialAction\":[{\"@type\":\"SearchAction\",\"target\":{\"@type\":\"EntryPoint\",\"urlTemplate\":\"https:\\\/\\\/www.joab.se\\\/?s={search_term_string}\"},\"query-input\":{\"@type\":\"PropertyValueSpecification\",\"valueRequired\":true,\"valueName\":\"search_term_string\"}}],\"inLanguage\":\"fi\"},{\"@type\":\"Organization\",\"@id\":\"https:\\\/\\\/www.joab.se\\\/#organization\",\"name\":\"JOAB F\u00f6rs\u00e4ljnings AB\",\"url\":\"https:\\\/\\\/www.joab.se\\\/\",\"logo\":{\"@type\":\"ImageObject\",\"inLanguage\":\"fi\",\"@id\":\"https:\\\/\\\/www.joab.se\\\/#\\\/schema\\\/logo\\\/image\\\/\",\"url\":\"https:\\\/\\\/www.joab.se\\\/wp-content\\\/uploads\\\/2023\\\/02\\\/logo_storre.png\",\"contentUrl\":\"https:\\\/\\\/www.joab.se\\\/wp-content\\\/uploads\\\/2023\\\/02\\\/logo_storre.png\",\"width\":3100,\"height\":889,\"caption\":\"JOAB F\u00f6rs\u00e4ljnings AB\"},\"image\":{\"@id\":\"https:\\\/\\\/www.joab.se\\\/#\\\/schema\\\/logo\\\/image\\\/\"},\"sameAs\":[\"https:\\\/\\\/www.facebook.com\\\/joabsverige\\\/\",\"https:\\\/\\\/www.instagram.com\\\/joab.se\\\/?hl=sv\",\"https:\\\/\\\/www.linkedin.com\\\/company\\\/joab-ab\\\/\",\"https:\\\/\\\/www.youtube.com\\\/@joab2194\\\/featured\"]}]}<\/script>\n<!-- \/ Yoast SEO plugin. -->","yoast_head_json":{"title":"J\u00e4tepakkaajat - JOAB","robots":{"index":"index","follow":"follow","max-snippet":"max-snippet:-1","max-image-preview":"max-image-preview:large","max-video-preview":"max-video-preview:-1"},"canonical":"https:\/\/www.joab.se\/fi\/tuotteet\/jatepakkaajat\/","og_locale":"fi_FI","og_type":"article","og_title":"J\u00e4tepakkaajat - JOAB","og_description":"J\u00e4tepakkaajat Asiakkaidemme tuottavuus on etusijalla, ja siksi l\u00f6yd\u00e4t meilt\u00e4 t\u00e4ydellisen j\u00e4tepakkaajaohjelman kaikkiin j\u00e4tteenk\u00e4sittelytarpeisiin. Innovatiivisista \u00e4lykk\u00e4ill\u00e4 toiminnoilla ja energiatehokkailla j\u00e4rjestelmill\u00e4 varustetuista j\u00e4tepakkaajista yksinkertaisiin, tehokkaisiin ja luotettaviin j\u00e4tepakkaajiin. Niit\u00e4 kaikkia yhdist\u00e4\u00e4 se, ett\u00e4 ne ovat vankkoja, kustannustehokkaita ja matalarakenteisia, niill\u00e4 pieni omapaino maksimaalista kuormitettavuutta varten ja ne soveltuvat kaikenlaisen talous- ja yritysj\u00e4tteen ker\u00e4ykseen. Jotta sin\u00e4 saat mahdollisimman [&hellip;]","og_url":"https:\/\/www.joab.se\/fi\/tuotteet\/jatepakkaajat\/","og_site_name":"JOAB","article_publisher":"https:\/\/www.facebook.com\/joabsverige\/","article_modified_time":"2024-10-03T08:39:32+00:00","twitter_card":"summary_large_image","twitter_misc":{"Arvioitu lukuaika":"4 minuuttia"},"schema":{"@context":"https:\/\/schema.org","@graph":[{"@type":"WebPage","@id":"https:\/\/www.joab.se\/fi\/tuotteet\/jatepakkaajat\/","url":"https:\/\/www.joab.se\/fi\/tuotteet\/jatepakkaajat\/","name":"J\u00e4tepakkaajat - JOAB","isPartOf":{"@id":"https:\/\/www.joab.se\/#website"},"datePublished":"2020-09-10T06:32:24+00:00","dateModified":"2024-10-03T08:39:32+00:00","breadcrumb":{"@id":"https:\/\/www.joab.se\/fi\/tuotteet\/jatepakkaajat\/#breadcrumb"},"inLanguage":"fi","potentialAction":[{"@type":"ReadAction","target":["https:\/\/www.joab.se\/fi\/tuotteet\/jatepakkaajat\/"]}]},{"@type":"BreadcrumbList","@id":"https:\/\/www.joab.se\/fi\/tuotteet\/jatepakkaajat\/#breadcrumb","itemListElement":[{"@type":"ListItem","position":1,"name":"Etusivu","item":"https:\/\/www.joab.se\/fi\/"},{"@type":"ListItem","position":2,"name":"Tuotteet","item":"https:\/\/www.joab.se\/fi\/tuotteet\/"},{"@type":"ListItem","position":3,"name":"J\u00e4tepakkaajat"}]},{"@type":"WebSite","@id":"https:\/\/www.joab.se\/#website","url":"https:\/\/www.joab.se\/","name":"JOAB","description":"En till WordPress-webbplats","publisher":{"@id":"https:\/\/www.joab.se\/#organization"},"potentialAction":[{"@type":"SearchAction","target":{"@type":"EntryPoint","urlTemplate":"https:\/\/www.joab.se\/?s={search_term_string}"},"query-input":{"@type":"PropertyValueSpecification","valueRequired":true,"valueName":"search_term_string"}}],"inLanguage":"fi"},{"@type":"Organization","@id":"https:\/\/www.joab.se\/#organization","name":"JOAB F\u00f6rs\u00e4ljnings AB","url":"https:\/\/www.joab.se\/","logo":{"@type":"ImageObject","inLanguage":"fi","@id":"https:\/\/www.joab.se\/#\/schema\/logo\/image\/","url":"https:\/\/www.joab.se\/wp-content\/uploads\/2023\/02\/logo_storre.png","contentUrl":"https:\/\/www.joab.se\/wp-content\/uploads\/2023\/02\/logo_storre.png","width":3100,"height":889,"caption":"JOAB F\u00f6rs\u00e4ljnings AB"},"image":{"@id":"https:\/\/www.joab.se\/#\/schema\/logo\/image\/"},"sameAs":["https:\/\/www.facebook.com\/joabsverige\/","https:\/\/www.instagram.com\/joab.se\/?hl=sv","https:\/\/www.linkedin.com\/company\/joab-ab\/","https:\/\/www.youtube.com\/@joab2194\/featured"]}]}},"_links":{"self":[{"href":"https:\/\/www.joab.se\/fi\/wp-json\/wp\/v2\/pages\/15345","targetHints":{"allow":["GET"]}}],"collection":[{"href":"https:\/\/www.joab.se\/fi\/wp-json\/wp\/v2\/pages"}],"about":[{"href":"https:\/\/www.joab.se\/fi\/wp-json\/wp\/v2\/types\/page"}],"author":[{"embeddable":true,"href":"https:\/\/www.joab.se\/fi\/wp-json\/wp\/v2\/users\/2"}],"replies":[{"embeddable":true,"href":"https:\/\/www.joab.se\/fi\/wp-json\/wp\/v2\/comments?post=15345"}],"version-history":[{"count":46,"href":"https:\/\/www.joab.se\/fi\/wp-json\/wp\/v2\/pages\/15345\/revisions"}],"predecessor-version":[{"id":30674,"href":"https:\/\/www.joab.se\/fi\/wp-json\/wp\/v2\/pages\/15345\/revisions\/30674"}],"up":[{"embeddable":true,"href":"https:\/\/www.joab.se\/fi\/wp-json\/wp\/v2\/pages\/15311"}],"wp:attachment":[{"href":"https:\/\/www.joab.se\/fi\/wp-json\/wp\/v2\/media?parent=15345"}],"curies":[{"name":"wp","href":"https:\/\/api.w.org\/{rel}","templated":true}]}}