{"id":15340,"date":"2020-09-10T01:08:07","date_gmt":"2020-09-09T23:08:07","guid":{"rendered":"https:\/\/www.joab.se\/?page_id=15340"},"modified":"2024-09-26T09:42:37","modified_gmt":"2024-09-26T07:42:37","slug":"vaihtojarjestelma-skiftessystem","status":"publish","type":"page","link":"https:\/\/www.joab.se\/fi\/tuotteet\/vaihtojarjestelma-skiftessystem\/","title":{"rendered":"Vaihtoj\u00e4rjestelm\u00e4"},"content":{"rendered":"<div id=\"pl-15340\"  class=\"panel-layout\" ><div id=\"pg-15340-0\"  class=\"panel-grid panel-no-style\" ><div id=\"pgc-15340-0-0\"  class=\"panel-grid-cell\" ><div id=\"panel-15340-0-0-0\" class=\"so-panel widget widget_joab-hero-banner-widget panel-first-child panel-last-child\" data-index=\"0\" ><div\n\t\t\t\n\t\t\tclass=\"so-widget-joab-hero-banner-widget so-widget-joab-hero-banner-widget-default-d75171398898-15340\"\n\t\t\t\n\t\t><div class=\"hero-banner-container\" style=\"background: linear-gradient( rgba(0, 0, 0, 0.5), rgba(0, 0, 0, 0.5) ), url('https:\/\/www.joab.se\/wp-content\/uploads\/2023\/08\/Lastvaxlare-L20-Cameleont-Snabbskifte-1920x1440.jpg');background-position: 50% 50%\">\n        <div class=\"hero-content\">\n      <div class=\"border-container\" style=\"max-width: 40%\">\n          <h1 style=\"font-size: 3vw\">Cameleont - pitk\u00e4j\u00e4nteinen investointi<\/h1>\n      <\/div>\n    <\/div>\n<\/div>\n\n<div class=\"breadcrumbs\">\n            <p id=\"breadcrumbs\"><span><span><a href=\"https:\/\/www.joab.se\/fi\/\">Etusivu<\/a><\/span><\/span><\/p>    <\/div>\n\n<\/div><\/div><\/div><\/div><div id=\"pg-15340-1\"  class=\"panel-grid panel-no-style\" ><div id=\"pgc-15340-1-0\"  class=\"panel-grid-cell panel-grid-cell-empty\" ><\/div><div id=\"pgc-15340-1-1\"  class=\"panel-grid-cell panel-grid-cell-mobile-last\" ><div id=\"panel-15340-1-1-0\" class=\"so-panel widget widget_sow-editor panel-first-child panel-last-child\" data-index=\"1\" ><div\n\t\t\t\n\t\t\tclass=\"so-widget-sow-editor so-widget-sow-editor-base\"\n\t\t\t\n\t\t>\n<div class=\"siteorigin-widget-tinymce textwidget\">\n\t<h2 style=\"text-align: center;\">CAMELEONT<\/h2>\n<p style=\"text-align: center;\"><strong>Cameleont on innovatiivinen ja nopea vaihtoj\u00e4rjestelm\u00e4mme, joka luo uutta ajattelua kaukon\u00e4k\u00f6ist\u00e4 investointia ajatellen.<\/strong><\/p>\n<p>Vaihtoj\u00e4rjestelm\u00e4mme on paitsi \u00e4lyk\u00e4s ja joustava my\u00f6s helppok\u00e4ytt\u00f6inen. Se on suunniteltu p\u00e4\u00e4asiassa asiakkaille, joilla ajoneuvon k\u00e4ytt\u00f6 vaihtelee ymp\u00e4ri vuoden. JOABin Cameleont-j\u00e4rjestelm\u00e4n avulla voit helposti vaihtaa p\u00e4\u00e4llirakennetyyppi\u00e4 tarpeidesi mukaan, ja kaikki t\u00e4m\u00e4 samalla kuorma-auton alustalla. T\u00e4m\u00e4 lis\u00e4\u00e4 k\u00e4ytt\u00f6astetta ja siten yrityksesi kannattavuutta.<\/p>\n<p>Vain 60 mm:n korkeuden ansiosta v\u00e4lirunkomme on markkinoiden matalin. Se sopii t\u00e4ydellisesti alustan merkist\u00e4 ja mallista riippumatta. Cameleontin avulla kuorma-auton muokkaaminen on helpompaa kuin koskaan. Mit\u00e4 haluat ajaa t\u00e4n\u00e4\u00e4n? JOAB Cameleont tekee sen mahdolliseksi.<\/p>\n<\/div>\n<\/div><\/div><\/div><div id=\"pgc-15340-1-2\"  class=\"panel-grid-cell panel-grid-cell-empty\" ><\/div><\/div><div id=\"pg-15340-2\"  class=\"panel-grid panel-no-style\" ><div id=\"pgc-15340-2-0\"  class=\"panel-grid-cell panel-grid-cell-empty\" ><\/div><div id=\"pgc-15340-2-1\"  class=\"panel-grid-cell panel-grid-cell-mobile-last\" ><div id=\"panel-15340-2-1-0\" class=\"so-panel widget widget_joab-product-teaser-widget panel-first-child panel-last-child\" data-index=\"2\" ><div\n\t\t\t\n\t\t\tclass=\"so-widget-joab-product-teaser-widget so-widget-joab-product-teaser-widget-default-d75171398898-15340\"\n\t\t\t\n\t\t><div class=\"product-teaser-container\">\n    <a href=\"https:\/\/www.joab.se\/produkt\/cameleont\/\" >\n        <div class=\"img-container\">\n            <img loading=\"lazy\" decoding=\"async\" width=\"300\" height=\"220\" src=\"https:\/\/www.joab.se\/wp-content\/uploads\/2025\/03\/Cameleont-Skiftessystem-300x220.jpg\" class=\"attachment-joab-product-thumb size-joab-product-thumb wp-post-image\" alt=\"Skiftessystem Cameleont JOAB\" \/>        <\/div>\n        <h3>Cameleont<\/h3>\n    <\/a>\n<\/div>\n\n<\/div><\/div><\/div><div id=\"pgc-15340-2-2\"  class=\"panel-grid-cell panel-grid-cell-empty\" ><\/div><\/div><div id=\"pg-15340-3\"  class=\"panel-grid panel-has-style\" ><div class=\"panel-row-style panel-row-style-for-15340-3\" ><div id=\"pgc-15340-3-0\"  class=\"panel-grid-cell\" ><div id=\"panel-15340-3-0-0\" class=\"so-panel widget widget_sow-editor panel-first-child\" data-index=\"3\" ><div\n\t\t\t\n\t\t\tclass=\"so-widget-sow-editor so-widget-sow-editor-base\"\n\t\t\t\n\t\t>\n<div class=\"siteorigin-widget-tinymce textwidget\">\n\t<div id=\"panel-15321-3-0-0\" class=\"so-panel widget widget_sow-editor panel-first-child\" data-index=\"5\">\n<div class=\"so-widget-sow-editor so-widget-sow-editor-base\">\n<div class=\"siteorigin-widget-tinymce textwidget\">\n<h2 style=\"text-align: center;\"><strong>TAPAA K\u00c4YTT\u00c4J\u00c4MME<\/strong><\/h2>\n<\/div>\n<\/div>\n<\/div>\n<\/div>\n<\/div><\/div><div id=\"panel-15340-3-0-1\" class=\"so-panel widget widget_joab-media-and-text-widget panel-last-child\" data-index=\"4\" ><div\n\t\t\t\n\t\t\tclass=\"so-widget-joab-media-and-text-widget so-widget-joab-media-and-text-widget-default-d75171398898-15340\"\n\t\t\t\n\t\t><div class=\"image-and-text-container \">\n    <figure>\n        <img loading=\"lazy\" decoding=\"async\" width=\"1024\" height=\"630\" src=\"https:\/\/www.joab.se\/wp-content\/uploads\/2020\/09\/David-Carlsson-1.1.jpg\" class=\"attachment-large size-large\" alt=\"\" srcset=\"https:\/\/www.joab.se\/wp-content\/uploads\/2020\/09\/David-Carlsson-1.1.jpg 1024w, https:\/\/www.joab.se\/wp-content\/uploads\/2020\/09\/David-Carlsson-1.1-1000x615.jpg 1000w, https:\/\/www.joab.se\/wp-content\/uploads\/2020\/09\/David-Carlsson-1.1-300x185.jpg 300w, https:\/\/www.joab.se\/wp-content\/uploads\/2020\/09\/David-Carlsson-1.1-768x473.jpg 768w\" sizes=\"auto, (max-width: 1024px) 100vw, 1024px\" \/>    <\/figure>\n    <div class=\"text-container\" style=\"background-color: #ffffff; color: #000000; padding: 4% 8% 4% 8%;\">\n        <h3><strong>FRAKTAD - \"Sen ansiosta voimme tehd\u00e4 autoillamme aivan kaikkea.<\/strong><strong>\"\u00a0<\/strong><\/h3>\n<p>FraktAD Alings\u00e5sista on kuljetusliike, joka k\u00e4sittelee enimm\u00e4kseen j\u00e4te- ja kierr\u00e4tyskuljetuksia. Mutta he ajavat my\u00f6s soraa, multaa, koneita ja erilaisia rakennuskuljetuksia. JOABin tuotevalikoiman ansiosta he voivat hoitaa kaikki toimeksiannot.<\/p>\n<p><a href=\"https:\/\/www.joab.se\/fi\/tapaa-kayttajamme-fraktad\/\">Lue lis\u00e4\u00e4 FraktADista ja siit\u00e4, miksi he valitsivat JOABin &gt;&gt;<\/a><\/p>\n    <\/div>\n<\/div>\n\n<\/div><\/div><\/div><\/div><\/div><\/div>","protected":false},"excerpt":{"rendered":"<p>CAMELEONT Cameleont on innovatiivinen ja nopea vaihtoj\u00e4rjestelm\u00e4mme, joka luo uutta ajattelua kaukon\u00e4k\u00f6ist\u00e4 investointia ajatellen. Vaihtoj\u00e4rjestelm\u00e4mme on paitsi \u00e4lyk\u00e4s ja joustava my\u00f6s helppok\u00e4ytt\u00f6inen. Se on suunniteltu p\u00e4\u00e4asiassa asiakkaille, joilla ajoneuvon k\u00e4ytt\u00f6 vaihtelee ymp\u00e4ri vuoden. JOABin Cameleont-j\u00e4rjestelm\u00e4n avulla voit helposti vaihtaa p\u00e4\u00e4llirakennetyyppi\u00e4 tarpeidesi mukaan, ja kaikki t\u00e4m\u00e4 samalla kuorma-auton alustalla. T\u00e4m\u00e4 lis\u00e4\u00e4 k\u00e4ytt\u00f6astetta ja siten yrityksesi kannattavuutta. [&hellip;]<\/p>\n","protected":false},"author":2,"featured_media":0,"parent":15311,"menu_order":0,"comment_status":"closed","ping_status":"closed","template":"","meta":{"footnotes":""},"class_list":["post-15340","page","type-page","status-publish","hentry"],"yoast_head":"<!-- This site is optimized with the Yoast SEO plugin v27.4 - https:\/\/yoast.com\/product\/yoast-seo-wordpress\/ -->\n<title>Vaihtoj\u00e4rjestelm\u00e4 - JOAB<\/title>\n<meta name=\"robots\" content=\"index, follow, max-snippet:-1, max-image-preview:large, max-video-preview:-1\" \/>\n<link rel=\"canonical\" href=\"https:\/\/www.joab.se\/fi\/tuotteet\/vaihtojarjestelma-skiftessystem\/\" \/>\n<meta property=\"og:locale\" content=\"fi_FI\" \/>\n<meta property=\"og:type\" content=\"article\" \/>\n<meta property=\"og:title\" content=\"Vaihtoj\u00e4rjestelm\u00e4 - JOAB\" \/>\n<meta property=\"og:description\" content=\"CAMELEONT Cameleont on innovatiivinen ja nopea vaihtoj\u00e4rjestelm\u00e4mme, joka luo uutta ajattelua kaukon\u00e4k\u00f6ist\u00e4 investointia ajatellen. Vaihtoj\u00e4rjestelm\u00e4mme on paitsi \u00e4lyk\u00e4s ja joustava my\u00f6s helppok\u00e4ytt\u00f6inen. Se on suunniteltu p\u00e4\u00e4asiassa asiakkaille, joilla ajoneuvon k\u00e4ytt\u00f6 vaihtelee ymp\u00e4ri vuoden. JOABin Cameleont-j\u00e4rjestelm\u00e4n avulla voit helposti vaihtaa p\u00e4\u00e4llirakennetyyppi\u00e4 tarpeidesi mukaan, ja kaikki t\u00e4m\u00e4 samalla kuorma-auton alustalla. T\u00e4m\u00e4 lis\u00e4\u00e4 k\u00e4ytt\u00f6astetta ja siten yrityksesi kannattavuutta. [&hellip;]\" \/>\n<meta property=\"og:url\" content=\"https:\/\/www.joab.se\/fi\/tuotteet\/vaihtojarjestelma-skiftessystem\/\" \/>\n<meta property=\"og:site_name\" content=\"JOAB\" \/>\n<meta property=\"article:publisher\" content=\"https:\/\/www.facebook.com\/joabsverige\/\" \/>\n<meta property=\"article:modified_time\" content=\"2024-09-26T07:42:37+00:00\" \/>\n<meta name=\"twitter:card\" content=\"summary_large_image\" \/>\n<meta name=\"twitter:label1\" content=\"Arvioitu lukuaika\" \/>\n\t<meta name=\"twitter:data1\" content=\"2 minuuttia\" \/>\n<script type=\"application\/ld+json\" class=\"yoast-schema-graph\">{\"@context\":\"https:\\\/\\\/schema.org\",\"@graph\":[{\"@type\":\"WebPage\",\"@id\":\"https:\\\/\\\/www.joab.se\\\/fi\\\/tuotteet\\\/vaihtojarjestelma-skiftessystem\\\/\",\"url\":\"https:\\\/\\\/www.joab.se\\\/fi\\\/tuotteet\\\/vaihtojarjestelma-skiftessystem\\\/\",\"name\":\"Vaihtoj\u00e4rjestelm\u00e4 - JOAB\",\"isPartOf\":{\"@id\":\"https:\\\/\\\/www.joab.se\\\/#website\"},\"datePublished\":\"2020-09-09T23:08:07+00:00\",\"dateModified\":\"2024-09-26T07:42:37+00:00\",\"breadcrumb\":{\"@id\":\"https:\\\/\\\/www.joab.se\\\/fi\\\/tuotteet\\\/vaihtojarjestelma-skiftessystem\\\/#breadcrumb\"},\"inLanguage\":\"fi\",\"potentialAction\":[{\"@type\":\"ReadAction\",\"target\":[\"https:\\\/\\\/www.joab.se\\\/fi\\\/tuotteet\\\/vaihtojarjestelma-skiftessystem\\\/\"]}]},{\"@type\":\"BreadcrumbList\",\"@id\":\"https:\\\/\\\/www.joab.se\\\/fi\\\/tuotteet\\\/vaihtojarjestelma-skiftessystem\\\/#breadcrumb\",\"itemListElement\":[{\"@type\":\"ListItem\",\"position\":1,\"name\":\"Etusivu\",\"item\":\"https:\\\/\\\/www.joab.se\\\/fi\\\/\"},{\"@type\":\"ListItem\",\"position\":2,\"name\":\"Tuotteet\",\"item\":\"https:\\\/\\\/www.joab.se\\\/fi\\\/tuotteet\\\/\"},{\"@type\":\"ListItem\",\"position\":3,\"name\":\"Vaihtoj\u00e4rjestelm\u00e4\"}]},{\"@type\":\"WebSite\",\"@id\":\"https:\\\/\\\/www.joab.se\\\/#website\",\"url\":\"https:\\\/\\\/www.joab.se\\\/\",\"name\":\"JOAB\",\"description\":\"En till WordPress-webbplats\",\"publisher\":{\"@id\":\"https:\\\/\\\/www.joab.se\\\/#organization\"},\"potentialAction\":[{\"@type\":\"SearchAction\",\"target\":{\"@type\":\"EntryPoint\",\"urlTemplate\":\"https:\\\/\\\/www.joab.se\\\/?s={search_term_string}\"},\"query-input\":{\"@type\":\"PropertyValueSpecification\",\"valueRequired\":true,\"valueName\":\"search_term_string\"}}],\"inLanguage\":\"fi\"},{\"@type\":\"Organization\",\"@id\":\"https:\\\/\\\/www.joab.se\\\/#organization\",\"name\":\"JOAB F\u00f6rs\u00e4ljnings AB\",\"url\":\"https:\\\/\\\/www.joab.se\\\/\",\"logo\":{\"@type\":\"ImageObject\",\"inLanguage\":\"fi\",\"@id\":\"https:\\\/\\\/www.joab.se\\\/#\\\/schema\\\/logo\\\/image\\\/\",\"url\":\"https:\\\/\\\/www.joab.se\\\/wp-content\\\/uploads\\\/2023\\\/02\\\/logo_storre.png\",\"contentUrl\":\"https:\\\/\\\/www.joab.se\\\/wp-content\\\/uploads\\\/2023\\\/02\\\/logo_storre.png\",\"width\":3100,\"height\":889,\"caption\":\"JOAB F\u00f6rs\u00e4ljnings AB\"},\"image\":{\"@id\":\"https:\\\/\\\/www.joab.se\\\/#\\\/schema\\\/logo\\\/image\\\/\"},\"sameAs\":[\"https:\\\/\\\/www.facebook.com\\\/joabsverige\\\/\",\"https:\\\/\\\/www.instagram.com\\\/joab.se\\\/?hl=sv\",\"https:\\\/\\\/www.linkedin.com\\\/company\\\/joab-ab\\\/\",\"https:\\\/\\\/www.youtube.com\\\/@joab2194\\\/featured\"]}]}<\/script>\n<!-- \/ Yoast SEO plugin. -->","yoast_head_json":{"title":"Vaihtoj\u00e4rjestelm\u00e4 - JOAB","robots":{"index":"index","follow":"follow","max-snippet":"max-snippet:-1","max-image-preview":"max-image-preview:large","max-video-preview":"max-video-preview:-1"},"canonical":"https:\/\/www.joab.se\/fi\/tuotteet\/vaihtojarjestelma-skiftessystem\/","og_locale":"fi_FI","og_type":"article","og_title":"Vaihtoj\u00e4rjestelm\u00e4 - JOAB","og_description":"CAMELEONT Cameleont on innovatiivinen ja nopea vaihtoj\u00e4rjestelm\u00e4mme, joka luo uutta ajattelua kaukon\u00e4k\u00f6ist\u00e4 investointia ajatellen. Vaihtoj\u00e4rjestelm\u00e4mme on paitsi \u00e4lyk\u00e4s ja joustava my\u00f6s helppok\u00e4ytt\u00f6inen. Se on suunniteltu p\u00e4\u00e4asiassa asiakkaille, joilla ajoneuvon k\u00e4ytt\u00f6 vaihtelee ymp\u00e4ri vuoden. JOABin Cameleont-j\u00e4rjestelm\u00e4n avulla voit helposti vaihtaa p\u00e4\u00e4llirakennetyyppi\u00e4 tarpeidesi mukaan, ja kaikki t\u00e4m\u00e4 samalla kuorma-auton alustalla. T\u00e4m\u00e4 lis\u00e4\u00e4 k\u00e4ytt\u00f6astetta ja siten yrityksesi kannattavuutta. [&hellip;]","og_url":"https:\/\/www.joab.se\/fi\/tuotteet\/vaihtojarjestelma-skiftessystem\/","og_site_name":"JOAB","article_publisher":"https:\/\/www.facebook.com\/joabsverige\/","article_modified_time":"2024-09-26T07:42:37+00:00","twitter_card":"summary_large_image","twitter_misc":{"Arvioitu lukuaika":"2 minuuttia"},"schema":{"@context":"https:\/\/schema.org","@graph":[{"@type":"WebPage","@id":"https:\/\/www.joab.se\/fi\/tuotteet\/vaihtojarjestelma-skiftessystem\/","url":"https:\/\/www.joab.se\/fi\/tuotteet\/vaihtojarjestelma-skiftessystem\/","name":"Vaihtoj\u00e4rjestelm\u00e4 - JOAB","isPartOf":{"@id":"https:\/\/www.joab.se\/#website"},"datePublished":"2020-09-09T23:08:07+00:00","dateModified":"2024-09-26T07:42:37+00:00","breadcrumb":{"@id":"https:\/\/www.joab.se\/fi\/tuotteet\/vaihtojarjestelma-skiftessystem\/#breadcrumb"},"inLanguage":"fi","potentialAction":[{"@type":"ReadAction","target":["https:\/\/www.joab.se\/fi\/tuotteet\/vaihtojarjestelma-skiftessystem\/"]}]},{"@type":"BreadcrumbList","@id":"https:\/\/www.joab.se\/fi\/tuotteet\/vaihtojarjestelma-skiftessystem\/#breadcrumb","itemListElement":[{"@type":"ListItem","position":1,"name":"Etusivu","item":"https:\/\/www.joab.se\/fi\/"},{"@type":"ListItem","position":2,"name":"Tuotteet","item":"https:\/\/www.joab.se\/fi\/tuotteet\/"},{"@type":"ListItem","position":3,"name":"Vaihtoj\u00e4rjestelm\u00e4"}]},{"@type":"WebSite","@id":"https:\/\/www.joab.se\/#website","url":"https:\/\/www.joab.se\/","name":"JOAB","description":"En till WordPress-webbplats","publisher":{"@id":"https:\/\/www.joab.se\/#organization"},"potentialAction":[{"@type":"SearchAction","target":{"@type":"EntryPoint","urlTemplate":"https:\/\/www.joab.se\/?s={search_term_string}"},"query-input":{"@type":"PropertyValueSpecification","valueRequired":true,"valueName":"search_term_string"}}],"inLanguage":"fi"},{"@type":"Organization","@id":"https:\/\/www.joab.se\/#organization","name":"JOAB F\u00f6rs\u00e4ljnings AB","url":"https:\/\/www.joab.se\/","logo":{"@type":"ImageObject","inLanguage":"fi","@id":"https:\/\/www.joab.se\/#\/schema\/logo\/image\/","url":"https:\/\/www.joab.se\/wp-content\/uploads\/2023\/02\/logo_storre.png","contentUrl":"https:\/\/www.joab.se\/wp-content\/uploads\/2023\/02\/logo_storre.png","width":3100,"height":889,"caption":"JOAB F\u00f6rs\u00e4ljnings AB"},"image":{"@id":"https:\/\/www.joab.se\/#\/schema\/logo\/image\/"},"sameAs":["https:\/\/www.facebook.com\/joabsverige\/","https:\/\/www.instagram.com\/joab.se\/?hl=sv","https:\/\/www.linkedin.com\/company\/joab-ab\/","https:\/\/www.youtube.com\/@joab2194\/featured"]}]}},"_links":{"self":[{"href":"https:\/\/www.joab.se\/fi\/wp-json\/wp\/v2\/pages\/15340","targetHints":{"allow":["GET"]}}],"collection":[{"href":"https:\/\/www.joab.se\/fi\/wp-json\/wp\/v2\/pages"}],"about":[{"href":"https:\/\/www.joab.se\/fi\/wp-json\/wp\/v2\/types\/page"}],"author":[{"embeddable":true,"href":"https:\/\/www.joab.se\/fi\/wp-json\/wp\/v2\/users\/2"}],"replies":[{"embeddable":true,"href":"https:\/\/www.joab.se\/fi\/wp-json\/wp\/v2\/comments?post=15340"}],"version-history":[{"count":18,"href":"https:\/\/www.joab.se\/fi\/wp-json\/wp\/v2\/pages\/15340\/revisions"}],"predecessor-version":[{"id":30457,"href":"https:\/\/www.joab.se\/fi\/wp-json\/wp\/v2\/pages\/15340\/revisions\/30457"}],"up":[{"embeddable":true,"href":"https:\/\/www.joab.se\/fi\/wp-json\/wp\/v2\/pages\/15311"}],"wp:attachment":[{"href":"https:\/\/www.joab.se\/fi\/wp-json\/wp\/v2\/media?parent=15340"}],"curies":[{"name":"wp","href":"https:\/\/api.w.org\/{rel}","templated":true}]}}