{"id":15314,"date":"2020-09-02T22:06:42","date_gmt":"2020-09-02T20:06:42","guid":{"rendered":"https:\/\/www.joab.se\/?page_id=15314"},"modified":"2024-09-26T09:41:17","modified_gmt":"2024-09-26T07:41:17","slug":"vaihtolavalaite","status":"publish","type":"page","link":"https:\/\/www.joab.se\/fi\/tuotteet\/vaihtolavalaite\/","title":{"rendered":"Vaihtolavalaite"},"content":{"rendered":"<div id=\"pl-15314\"  class=\"panel-layout\" ><div id=\"pg-15314-0\"  class=\"panel-grid panel-no-style\" ><div id=\"pgc-15314-0-0\"  class=\"panel-grid-cell\" ><div id=\"panel-15314-0-0-0\" class=\"so-panel widget widget_joab-hero-banner-widget panel-first-child panel-last-child\" data-index=\"0\" ><div\n\t\t\t\n\t\t\tclass=\"so-widget-joab-hero-banner-widget so-widget-joab-hero-banner-widget-default-d75171398898-15314\"\n\t\t\t\n\t\t><div class=\"hero-banner-container\" style=\"background: linear-gradient( rgba(0, 0, 0, 0.5), rgba(0, 0, 0, 0.5) ), url('https:\/\/www.joab.se\/wp-content\/uploads\/2023\/08\/DJI_0788-Forbattrad-1920x1281.jpg');background-position: 50% 40%\">\n        <div class=\"hero-content\">\n      <div class=\"border-container\" style=\"max-width: 40%\">\n          <h1 style=\"font-size: 3vw\">Vaihtolavalaite<\/h1>\n      <\/div>\n    <\/div>\n<\/div>\n\n<div class=\"breadcrumbs\">\n            <p id=\"breadcrumbs\"><span><span><a href=\"https:\/\/www.joab.se\/fi\/\">Etusivu<\/a><\/span><\/span><\/p>    <\/div>\n\n<\/div><\/div><\/div><\/div><div id=\"pg-15314-1\"  class=\"panel-grid panel-no-style\" ><div id=\"pgc-15314-1-0\"  class=\"panel-grid-cell\" ><div id=\"panel-15314-1-0-0\" class=\"so-panel widget widget_sow-editor panel-first-child panel-last-child\" data-index=\"1\" ><div\n\t\t\t\n\t\t\tclass=\"so-widget-sow-editor so-widget-sow-editor-base\"\n\t\t\t\n\t\t>\n<div class=\"siteorigin-widget-tinymce textwidget\">\n\t<h2 style=\"text-align: center;\"><strong>VAIHTOLAVALAITTEEMME<\/strong><\/h2>\n<p><strong>Tuotteemme edustavat pohjoismaista voimaa. Koko matkan malmista ensimm\u00e4iseen nostoon. Pohjoisessa syntyy ruotsalainen ter\u00e4s, joka muodostaa pohjan tuotteillemme, jotka on valmistettu ankaraan pohjoismaiseen ilmastoon.\u00a0T\u00e4m\u00e4 tarkoittaa, ett\u00e4 saat eritt\u00e4in vakaan ja lujan tuotteen, jonka paino on minimoitu.<\/strong><\/p>\n<p>Asiakkaidemme tuottavuus on etusijalla, ja siksi l\u00f6yd\u00e4t meilt\u00e4 t\u00e4ydellisen siirtolavalaiteohjelman, joka on r\u00e4\u00e4t\u00e4l\u00f6ity t\u00e4ytt\u00e4m\u00e4\u00e4n kaikki kuljetustarpeesi. Valikoimamme ulottuu innovatiivisista siirtolavalaitteista, joissa on \u00e4lykk\u00e4it\u00e4 toimintoja ja energiatehokkaita j\u00e4rjestelmi\u00e4, luotettaviin ja vahvoihin malleihin. Vaihtolavalaitteemme on ominaista vankka rakenne, matala profiili ja kevyt rakenne, jotka yhdess\u00e4 takaavat suurimman kantavuuden ja tehokkaan suorituskyvyn kaikissa kuormaus- ja purkamistilanteissa. Olemme kehitt\u00e4neet siirtolavalaitteemme niin, ett\u00e4 sin\u00e4 voit maksimoida ty\u00f6p\u00e4iv\u00e4si ja saada mahdollisimman paljon aikaan.<\/p>\n<p>Meill\u00e4 on my\u00f6s paljon kokemusta nostureista ja yhteisty\u00f6ss\u00e4 tanskalaisen HMF:n kanssa olemme kehitt\u00e4neet nosturin ja siirtolavalaitteen yhdistelm\u00e4st\u00e4 tehokkaan ty\u00f6v\u00e4lineen.<\/p>\n<p>Energiaa s\u00e4\u00e4st\u00e4v\u00e4t EcoDrive- vaihtolavalaitteilla on varustettu ainutlaatuisilla k\u00e4ytt\u00f6ominaisuuksilla, jotka nopeuttavat, tehostavat ja helpottavat kuorman k\u00e4sittely\u00e4 ja v\u00e4hent\u00e4v\u00e4t samalla merkitt\u00e4v\u00e4sti siirtolavalaitteeseen ja lavaan kohdistuvaa kuormitusta. EcoDrive auttaa v\u00e4hent\u00e4m\u00e4\u00e4n polttoaineenkulutusta, mik\u00e4 on hyv\u00e4ksi sek\u00e4 lompakollesi ett\u00e4 ymp\u00e4rist\u00f6lle, ja lis\u00e4ksi se antaa sinulle suorituskyvyn, jota tarvitset, jotta saat ty\u00f6si tehty\u00e4 parhaalla mahdollisella tavalla. Lyhyesti sanottuna korkea suorituskyky ja kest\u00e4vyys samassa tuotteessa.<\/p>\n<\/div>\n<\/div><\/div><\/div><\/div><div id=\"pg-15314-2\"  class=\"panel-grid panel-no-style\" ><div id=\"pgc-15314-2-0\"  class=\"panel-grid-cell\" ><div id=\"panel-15314-2-0-0\" class=\"so-panel widget widget_joab-product-teaser-widget panel-first-child panel-last-child\" data-index=\"2\" ><div\n\t\t\t\n\t\t\tclass=\"so-widget-joab-product-teaser-widget so-widget-joab-product-teaser-widget-default-d75171398898-15314\"\n\t\t\t\n\t\t><div class=\"product-teaser-container\">\n    <a href=\"https:\/\/www.joab.se\/fi\/tuote\/ecodrive-vaihtolavalaite-l-la\/\" >\n        <div class=\"img-container\">\n            <img loading=\"lazy\" decoding=\"async\" width=\"300\" height=\"220\" src=\"https:\/\/www.joab.se\/wp-content\/uploads\/2020\/09\/DSC_4031-scaled-1-300x220.jpg\" class=\"attachment-joab-product-thumb size-joab-product-thumb wp-post-image\" alt=\"\" \/>        <\/div>\n        <h3>EcoDrive- Vaihtolavalaite L & LA<\/h3>\n    <\/a>\n<\/div>\n\n<\/div><\/div><\/div><div id=\"pgc-15314-2-1\"  class=\"panel-grid-cell\" ><div id=\"panel-15314-2-1-0\" class=\"so-panel widget widget_joab-product-teaser-widget panel-first-child panel-last-child\" data-index=\"3\" ><div\n\t\t\t\n\t\t\tclass=\"so-widget-joab-product-teaser-widget so-widget-joab-product-teaser-widget-default-d75171398898-15314\"\n\t\t\t\n\t\t><div class=\"product-teaser-container\">\n    <a href=\"https:\/\/www.joab.se\/fi\/tuote\/vaihtolavalaite-l-classic\/\" >\n        <div class=\"img-container\">\n            <img loading=\"lazy\" decoding=\"async\" width=\"300\" height=\"220\" src=\"https:\/\/www.joab.se\/wp-content\/uploads\/2020\/09\/4-DSC_0367-2-300x220.jpg\" class=\"attachment-joab-product-thumb size-joab-product-thumb wp-post-image\" alt=\"\" \/>        <\/div>\n        <h3>Vaihtolavalaite L (CLASSIC)<\/h3>\n    <\/a>\n<\/div>\n\n<\/div><\/div><\/div><div id=\"pgc-15314-2-2\"  class=\"panel-grid-cell\" ><div id=\"panel-15314-2-2-0\" class=\"so-panel widget widget_joab-product-teaser-widget panel-first-child panel-last-child\" data-index=\"4\" ><div\n\t\t\t\n\t\t\tclass=\"so-widget-joab-product-teaser-widget so-widget-joab-product-teaser-widget-default-d75171398898-15314\"\n\t\t\t\n\t\t><div class=\"product-teaser-container\">\n    <a href=\"https:\/\/www.joab.se\/fi\/tuote\/vaihtolavalaite-la-classic\/\" >\n        <div class=\"img-container\">\n            <img loading=\"lazy\" decoding=\"async\" width=\"300\" height=\"220\" src=\"https:\/\/www.joab.se\/wp-content\/uploads\/2020\/09\/IMG_0314-2-1-300x220.jpg\" class=\"attachment-joab-product-thumb size-joab-product-thumb wp-post-image\" alt=\"\" srcset=\"https:\/\/www.joab.se\/wp-content\/uploads\/2020\/09\/IMG_0314-2-1-300x219.jpg 300w, https:\/\/www.joab.se\/wp-content\/uploads\/2020\/09\/IMG_0314-2-1-1000x729.jpg 1000w, https:\/\/www.joab.se\/wp-content\/uploads\/2020\/09\/IMG_0314-2-1-1024x747.jpg 1024w, https:\/\/www.joab.se\/wp-content\/uploads\/2020\/09\/IMG_0314-2-1-768x560.jpg 768w, https:\/\/www.joab.se\/wp-content\/uploads\/2020\/09\/IMG_0314-2-1-1536x1120.jpg 1536w, https:\/\/www.joab.se\/wp-content\/uploads\/2020\/09\/IMG_0314-2-1.jpg 1920w\" sizes=\"auto, (max-width: 300px) 100vw, 300px\" \/>        <\/div>\n        <h3>Vaihtolavalaite LA (CLASSIC)<\/h3>\n    <\/a>\n<\/div>\n\n<\/div><\/div><\/div><\/div><div id=\"pg-15314-3\"  class=\"panel-grid panel-no-style\" ><div id=\"pgc-15314-3-0\"  class=\"panel-grid-cell\" ><div id=\"panel-15314-3-0-0\" class=\"so-panel widget widget_joab-product-teaser-widget panel-first-child panel-last-child\" data-index=\"5\" ><div\n\t\t\t\n\t\t\tclass=\"so-widget-joab-product-teaser-widget so-widget-joab-product-teaser-widget-default-d75171398898-15314\"\n\t\t\t\n\t\t><div class=\"product-teaser-container\">\n    <a href=\"https:\/\/www.joab.se\/fi\/tuote\/vaihtolavalaite-s10-15\/\" >\n        <div class=\"img-container\">\n            <img loading=\"lazy\" decoding=\"async\" width=\"300\" height=\"220\" src=\"https:\/\/www.joab.se\/wp-content\/uploads\/2020\/09\/2013-04-26-013-1-300x220.jpg\" class=\"attachment-joab-product-thumb size-joab-product-thumb wp-post-image\" alt=\"\" srcset=\"https:\/\/www.joab.se\/wp-content\/uploads\/2020\/09\/2013-04-26-013-1-300x219.jpg 300w, https:\/\/www.joab.se\/wp-content\/uploads\/2020\/09\/2013-04-26-013-1-1000x729.jpg 1000w, https:\/\/www.joab.se\/wp-content\/uploads\/2020\/09\/2013-04-26-013-1-1024x747.jpg 1024w, https:\/\/www.joab.se\/wp-content\/uploads\/2020\/09\/2013-04-26-013-1-768x560.jpg 768w, https:\/\/www.joab.se\/wp-content\/uploads\/2020\/09\/2013-04-26-013-1-1536x1120.jpg 1536w, https:\/\/www.joab.se\/wp-content\/uploads\/2020\/09\/2013-04-26-013-1.jpg 1920w\" sizes=\"auto, (max-width: 300px) 100vw, 300px\" \/>        <\/div>\n        <h3>Vaihtolavalaite S10-15<\/h3>\n    <\/a>\n<\/div>\n\n<\/div><\/div><\/div><div id=\"pgc-15314-3-1\"  class=\"panel-grid-cell\" ><div id=\"panel-15314-3-1-0\" class=\"so-panel widget widget_joab-product-teaser-widget panel-first-child panel-last-child\" data-index=\"6\" ><div\n\t\t\t\n\t\t\tclass=\"so-widget-joab-product-teaser-widget so-widget-joab-product-teaser-widget-default-d75171398898-15314\"\n\t\t\t\n\t\t><div class=\"product-teaser-container\">\n    <a href=\"https:\/\/www.joab.se\/fi\/tuote\/nostolavalaite\/\" >\n        <div class=\"img-container\">\n            <img loading=\"lazy\" decoding=\"async\" width=\"300\" height=\"220\" src=\"https:\/\/www.joab.se\/wp-content\/uploads\/2020\/09\/NMS_0299-1-300x220.jpg\" class=\"attachment-joab-product-thumb size-joab-product-thumb wp-post-image\" alt=\"\" \/>        <\/div>\n        <h3>Nostolavalaite<\/h3>\n    <\/a>\n<\/div>\n\n<\/div><\/div><\/div><div id=\"pgc-15314-3-2\"  class=\"panel-grid-cell\" ><div id=\"panel-15314-3-2-0\" class=\"so-panel widget widget_joab-product-teaser-widget panel-first-child panel-last-child\" data-index=\"7\" ><div\n\t\t\t\n\t\t\tclass=\"so-widget-joab-product-teaser-widget so-widget-joab-product-teaser-widget-default-d75171398898-15314\"\n\t\t\t\n\t\t><div class=\"product-teaser-container\">\n    <a href=\"https:\/\/www.joab.se\/fi\/tuote\/vaihtolavalaite-s8\/\" >\n        <div class=\"img-container\">\n            <img loading=\"lazy\" decoding=\"async\" width=\"300\" height=\"220\" src=\"https:\/\/www.joab.se\/wp-content\/uploads\/2020\/09\/2013-04-30-011-300x220.jpg\" class=\"attachment-joab-product-thumb size-joab-product-thumb wp-post-image\" alt=\"\" srcset=\"https:\/\/www.joab.se\/wp-content\/uploads\/2020\/09\/2013-04-30-011-300x219.jpg 300w, https:\/\/www.joab.se\/wp-content\/uploads\/2020\/09\/2013-04-30-011-1000x729.jpg 1000w, https:\/\/www.joab.se\/wp-content\/uploads\/2020\/09\/2013-04-30-011-1024x747.jpg 1024w, https:\/\/www.joab.se\/wp-content\/uploads\/2020\/09\/2013-04-30-011-768x560.jpg 768w, https:\/\/www.joab.se\/wp-content\/uploads\/2020\/09\/2013-04-30-011-1536x1120.jpg 1536w, https:\/\/www.joab.se\/wp-content\/uploads\/2020\/09\/2013-04-30-011.jpg 1920w\" sizes=\"auto, (max-width: 300px) 100vw, 300px\" \/>        <\/div>\n        <h3>Vaihtolavalaite S8<\/h3>\n    <\/a>\n<\/div>\n\n<\/div><\/div><\/div><div id=\"pgc-15314-3-3\"  class=\"panel-grid-cell\" ><div id=\"panel-15314-3-3-0\" class=\"so-panel widget widget_joab-product-teaser-widget panel-first-child panel-last-child\" data-index=\"8\" ><div\n\t\t\t\n\t\t\tclass=\"so-widget-joab-product-teaser-widget so-widget-joab-product-teaser-widget-default-d75171398898-15314\"\n\t\t\t\n\t\t><div class=\"product-teaser-container\">\n    <a href=\"https:\/\/www.joab.se\/fi\/tuote\/hookmaster\/\" >\n        <div class=\"img-container\">\n            <img loading=\"lazy\" decoding=\"async\" width=\"300\" height=\"220\" src=\"https:\/\/www.joab.se\/wp-content\/uploads\/2020\/09\/Hookmaster-Finland_1-300x220.jpg\" class=\"attachment-joab-product-thumb size-joab-product-thumb wp-post-image\" alt=\"\" \/>        <\/div>\n        <h3>Hookmaster<\/h3>\n    <\/a>\n<\/div>\n\n<\/div><\/div><\/div><\/div><div id=\"pg-15314-4\"  class=\"panel-grid panel-has-style\" ><div class=\"panel-row-style panel-row-style-for-15314-4\" ><div id=\"pgc-15314-4-0\"  class=\"panel-grid-cell\" ><div id=\"panel-15314-4-0-0\" class=\"so-panel widget widget_sow-editor panel-first-child\" data-index=\"9\" ><div\n\t\t\t\n\t\t\tclass=\"so-widget-sow-editor so-widget-sow-editor-base\"\n\t\t\t\n\t\t>\n<div class=\"siteorigin-widget-tinymce textwidget\">\n\t<h2 style=\"text-align: center;\"><strong>TAPAA K\u00c4YTT\u00c4J\u00c4MME<\/strong><\/h2>\n<\/div>\n<\/div><\/div><div id=\"panel-15314-4-0-1\" class=\"so-panel widget widget_joab-media-and-text-widget panel-last-child\" data-index=\"10\" ><div\n\t\t\t\n\t\t\tclass=\"so-widget-joab-media-and-text-widget so-widget-joab-media-and-text-widget-default-d75171398898-15314\"\n\t\t\t\n\t\t><div class=\"image-and-text-container reverse\">\n    <figure>\n        <img loading=\"lazy\" decoding=\"async\" width=\"875\" height=\"501\" src=\"https:\/\/www.joab.se\/wp-content\/uploads\/2020\/12\/PK_Transport-2.jpg\" class=\"attachment-large size-large\" alt=\"\" srcset=\"https:\/\/www.joab.se\/wp-content\/uploads\/2020\/12\/PK_Transport-2.jpg 875w, https:\/\/www.joab.se\/wp-content\/uploads\/2020\/12\/PK_Transport-2-300x172.jpg 300w, https:\/\/www.joab.se\/wp-content\/uploads\/2020\/12\/PK_Transport-2-768x440.jpg 768w\" sizes=\"auto, (max-width: 875px) 100vw, 875px\" \/>    <\/figure>\n    <div class=\"text-container\" style=\"background-color: #ffffff; color: #000000; padding: 4% 8% 4% 8%;\">\n        <h3>PK Transport AB \u2013 \u201dJOAB tarkoittaa minulle luotettavaa kumppania yritykseni jatkuvassa kehitysty\u00f6ss\u00e4<\/h3>\n<p>Peter Kjellv\u00e5s Transport AB Tukholman H\u00f6gdalenissa on k\u00e4ytt\u00e4nyt JOABin tuotteita vuodesta 2009 ja suorittaa kuljetuksia monille erilaisille asiakkaille, aina pienist\u00e4 urakoitsijoista Tukholman kaupunkiin, Sveviaan ja Skanskaan.<\/p>\n<p><a href=\"https:\/\/www.joab.se\/fi\/tapaa-kayttajamme-pk-transport-ab\/\">Lue lis\u00e4\u00e4 PK Transportista ja siit\u00e4, miksi he valitsivat JOABin &gt;&gt;<\/a><\/p>\n    <\/div>\n<\/div>\n\n<\/div><\/div><\/div><\/div><\/div><\/div>","protected":false},"excerpt":{"rendered":"<p>VAIHTOLAVALAITTEEMME Tuotteemme edustavat pohjoismaista voimaa. Koko matkan malmista ensimm\u00e4iseen nostoon. Pohjoisessa syntyy ruotsalainen ter\u00e4s, joka muodostaa pohjan tuotteillemme, jotka on valmistettu ankaraan pohjoismaiseen ilmastoon.\u00a0T\u00e4m\u00e4 tarkoittaa, ett\u00e4 saat eritt\u00e4in vakaan ja lujan tuotteen, jonka paino on minimoitu. Asiakkaidemme tuottavuus on etusijalla, ja siksi l\u00f6yd\u00e4t meilt\u00e4 t\u00e4ydellisen siirtolavalaiteohjelman, joka on r\u00e4\u00e4t\u00e4l\u00f6ity t\u00e4ytt\u00e4m\u00e4\u00e4n kaikki kuljetustarpeesi. Valikoimamme ulottuu innovatiivisista [&hellip;]<\/p>\n","protected":false},"author":2,"featured_media":0,"parent":15311,"menu_order":0,"comment_status":"closed","ping_status":"closed","template":"","meta":{"footnotes":""},"class_list":["post-15314","page","type-page","status-publish","hentry"],"yoast_head":"<!-- This site is optimized with the Yoast SEO plugin v27.4 - https:\/\/yoast.com\/product\/yoast-seo-wordpress\/ -->\n<title>Vaihtolavalaite - JOAB<\/title>\n<meta name=\"robots\" content=\"index, follow, max-snippet:-1, max-image-preview:large, max-video-preview:-1\" \/>\n<link rel=\"canonical\" href=\"https:\/\/www.joab.se\/fi\/tuotteet\/vaihtolavalaite\/\" \/>\n<meta property=\"og:locale\" content=\"fi_FI\" \/>\n<meta property=\"og:type\" content=\"article\" \/>\n<meta property=\"og:title\" content=\"Vaihtolavalaite - JOAB\" \/>\n<meta property=\"og:description\" content=\"VAIHTOLAVALAITTEEMME Tuotteemme edustavat pohjoismaista voimaa. Koko matkan malmista ensimm\u00e4iseen nostoon. Pohjoisessa syntyy ruotsalainen ter\u00e4s, joka muodostaa pohjan tuotteillemme, jotka on valmistettu ankaraan pohjoismaiseen ilmastoon.\u00a0T\u00e4m\u00e4 tarkoittaa, ett\u00e4 saat eritt\u00e4in vakaan ja lujan tuotteen, jonka paino on minimoitu. Asiakkaidemme tuottavuus on etusijalla, ja siksi l\u00f6yd\u00e4t meilt\u00e4 t\u00e4ydellisen siirtolavalaiteohjelman, joka on r\u00e4\u00e4t\u00e4l\u00f6ity t\u00e4ytt\u00e4m\u00e4\u00e4n kaikki kuljetustarpeesi. Valikoimamme ulottuu innovatiivisista [&hellip;]\" \/>\n<meta property=\"og:url\" content=\"https:\/\/www.joab.se\/fi\/tuotteet\/vaihtolavalaite\/\" \/>\n<meta property=\"og:site_name\" content=\"JOAB\" \/>\n<meta property=\"article:publisher\" content=\"https:\/\/www.facebook.com\/joabsverige\/\" \/>\n<meta property=\"article:modified_time\" content=\"2024-09-26T07:41:17+00:00\" \/>\n<meta name=\"twitter:card\" content=\"summary_large_image\" \/>\n<meta name=\"twitter:label1\" content=\"Arvioitu lukuaika\" \/>\n\t<meta name=\"twitter:data1\" content=\"3 minuuttia\" \/>\n<script type=\"application\/ld+json\" class=\"yoast-schema-graph\">{\"@context\":\"https:\\\/\\\/schema.org\",\"@graph\":[{\"@type\":\"WebPage\",\"@id\":\"https:\\\/\\\/www.joab.se\\\/fi\\\/tuotteet\\\/vaihtolavalaite\\\/\",\"url\":\"https:\\\/\\\/www.joab.se\\\/fi\\\/tuotteet\\\/vaihtolavalaite\\\/\",\"name\":\"Vaihtolavalaite - JOAB\",\"isPartOf\":{\"@id\":\"https:\\\/\\\/www.joab.se\\\/#website\"},\"datePublished\":\"2020-09-02T20:06:42+00:00\",\"dateModified\":\"2024-09-26T07:41:17+00:00\",\"breadcrumb\":{\"@id\":\"https:\\\/\\\/www.joab.se\\\/fi\\\/tuotteet\\\/vaihtolavalaite\\\/#breadcrumb\"},\"inLanguage\":\"fi\",\"potentialAction\":[{\"@type\":\"ReadAction\",\"target\":[\"https:\\\/\\\/www.joab.se\\\/fi\\\/tuotteet\\\/vaihtolavalaite\\\/\"]}]},{\"@type\":\"BreadcrumbList\",\"@id\":\"https:\\\/\\\/www.joab.se\\\/fi\\\/tuotteet\\\/vaihtolavalaite\\\/#breadcrumb\",\"itemListElement\":[{\"@type\":\"ListItem\",\"position\":1,\"name\":\"Etusivu\",\"item\":\"https:\\\/\\\/www.joab.se\\\/fi\\\/\"},{\"@type\":\"ListItem\",\"position\":2,\"name\":\"Tuotteet\",\"item\":\"https:\\\/\\\/www.joab.se\\\/fi\\\/tuotteet\\\/\"},{\"@type\":\"ListItem\",\"position\":3,\"name\":\"Vaihtolavalaite\"}]},{\"@type\":\"WebSite\",\"@id\":\"https:\\\/\\\/www.joab.se\\\/#website\",\"url\":\"https:\\\/\\\/www.joab.se\\\/\",\"name\":\"JOAB\",\"description\":\"En till WordPress-webbplats\",\"publisher\":{\"@id\":\"https:\\\/\\\/www.joab.se\\\/#organization\"},\"potentialAction\":[{\"@type\":\"SearchAction\",\"target\":{\"@type\":\"EntryPoint\",\"urlTemplate\":\"https:\\\/\\\/www.joab.se\\\/?s={search_term_string}\"},\"query-input\":{\"@type\":\"PropertyValueSpecification\",\"valueRequired\":true,\"valueName\":\"search_term_string\"}}],\"inLanguage\":\"fi\"},{\"@type\":\"Organization\",\"@id\":\"https:\\\/\\\/www.joab.se\\\/#organization\",\"name\":\"JOAB F\u00f6rs\u00e4ljnings AB\",\"url\":\"https:\\\/\\\/www.joab.se\\\/\",\"logo\":{\"@type\":\"ImageObject\",\"inLanguage\":\"fi\",\"@id\":\"https:\\\/\\\/www.joab.se\\\/#\\\/schema\\\/logo\\\/image\\\/\",\"url\":\"https:\\\/\\\/www.joab.se\\\/wp-content\\\/uploads\\\/2023\\\/02\\\/logo_storre.png\",\"contentUrl\":\"https:\\\/\\\/www.joab.se\\\/wp-content\\\/uploads\\\/2023\\\/02\\\/logo_storre.png\",\"width\":3100,\"height\":889,\"caption\":\"JOAB F\u00f6rs\u00e4ljnings AB\"},\"image\":{\"@id\":\"https:\\\/\\\/www.joab.se\\\/#\\\/schema\\\/logo\\\/image\\\/\"},\"sameAs\":[\"https:\\\/\\\/www.facebook.com\\\/joabsverige\\\/\",\"https:\\\/\\\/www.instagram.com\\\/joab.se\\\/?hl=sv\",\"https:\\\/\\\/www.linkedin.com\\\/company\\\/joab-ab\\\/\",\"https:\\\/\\\/www.youtube.com\\\/@joab2194\\\/featured\"]}]}<\/script>\n<!-- \/ Yoast SEO plugin. -->","yoast_head_json":{"title":"Vaihtolavalaite - JOAB","robots":{"index":"index","follow":"follow","max-snippet":"max-snippet:-1","max-image-preview":"max-image-preview:large","max-video-preview":"max-video-preview:-1"},"canonical":"https:\/\/www.joab.se\/fi\/tuotteet\/vaihtolavalaite\/","og_locale":"fi_FI","og_type":"article","og_title":"Vaihtolavalaite - JOAB","og_description":"VAIHTOLAVALAITTEEMME Tuotteemme edustavat pohjoismaista voimaa. Koko matkan malmista ensimm\u00e4iseen nostoon. Pohjoisessa syntyy ruotsalainen ter\u00e4s, joka muodostaa pohjan tuotteillemme, jotka on valmistettu ankaraan pohjoismaiseen ilmastoon.\u00a0T\u00e4m\u00e4 tarkoittaa, ett\u00e4 saat eritt\u00e4in vakaan ja lujan tuotteen, jonka paino on minimoitu. Asiakkaidemme tuottavuus on etusijalla, ja siksi l\u00f6yd\u00e4t meilt\u00e4 t\u00e4ydellisen siirtolavalaiteohjelman, joka on r\u00e4\u00e4t\u00e4l\u00f6ity t\u00e4ytt\u00e4m\u00e4\u00e4n kaikki kuljetustarpeesi. Valikoimamme ulottuu innovatiivisista [&hellip;]","og_url":"https:\/\/www.joab.se\/fi\/tuotteet\/vaihtolavalaite\/","og_site_name":"JOAB","article_publisher":"https:\/\/www.facebook.com\/joabsverige\/","article_modified_time":"2024-09-26T07:41:17+00:00","twitter_card":"summary_large_image","twitter_misc":{"Arvioitu lukuaika":"3 minuuttia"},"schema":{"@context":"https:\/\/schema.org","@graph":[{"@type":"WebPage","@id":"https:\/\/www.joab.se\/fi\/tuotteet\/vaihtolavalaite\/","url":"https:\/\/www.joab.se\/fi\/tuotteet\/vaihtolavalaite\/","name":"Vaihtolavalaite - JOAB","isPartOf":{"@id":"https:\/\/www.joab.se\/#website"},"datePublished":"2020-09-02T20:06:42+00:00","dateModified":"2024-09-26T07:41:17+00:00","breadcrumb":{"@id":"https:\/\/www.joab.se\/fi\/tuotteet\/vaihtolavalaite\/#breadcrumb"},"inLanguage":"fi","potentialAction":[{"@type":"ReadAction","target":["https:\/\/www.joab.se\/fi\/tuotteet\/vaihtolavalaite\/"]}]},{"@type":"BreadcrumbList","@id":"https:\/\/www.joab.se\/fi\/tuotteet\/vaihtolavalaite\/#breadcrumb","itemListElement":[{"@type":"ListItem","position":1,"name":"Etusivu","item":"https:\/\/www.joab.se\/fi\/"},{"@type":"ListItem","position":2,"name":"Tuotteet","item":"https:\/\/www.joab.se\/fi\/tuotteet\/"},{"@type":"ListItem","position":3,"name":"Vaihtolavalaite"}]},{"@type":"WebSite","@id":"https:\/\/www.joab.se\/#website","url":"https:\/\/www.joab.se\/","name":"JOAB","description":"En till WordPress-webbplats","publisher":{"@id":"https:\/\/www.joab.se\/#organization"},"potentialAction":[{"@type":"SearchAction","target":{"@type":"EntryPoint","urlTemplate":"https:\/\/www.joab.se\/?s={search_term_string}"},"query-input":{"@type":"PropertyValueSpecification","valueRequired":true,"valueName":"search_term_string"}}],"inLanguage":"fi"},{"@type":"Organization","@id":"https:\/\/www.joab.se\/#organization","name":"JOAB F\u00f6rs\u00e4ljnings AB","url":"https:\/\/www.joab.se\/","logo":{"@type":"ImageObject","inLanguage":"fi","@id":"https:\/\/www.joab.se\/#\/schema\/logo\/image\/","url":"https:\/\/www.joab.se\/wp-content\/uploads\/2023\/02\/logo_storre.png","contentUrl":"https:\/\/www.joab.se\/wp-content\/uploads\/2023\/02\/logo_storre.png","width":3100,"height":889,"caption":"JOAB F\u00f6rs\u00e4ljnings AB"},"image":{"@id":"https:\/\/www.joab.se\/#\/schema\/logo\/image\/"},"sameAs":["https:\/\/www.facebook.com\/joabsverige\/","https:\/\/www.instagram.com\/joab.se\/?hl=sv","https:\/\/www.linkedin.com\/company\/joab-ab\/","https:\/\/www.youtube.com\/@joab2194\/featured"]}]}},"_links":{"self":[{"href":"https:\/\/www.joab.se\/fi\/wp-json\/wp\/v2\/pages\/15314","targetHints":{"allow":["GET"]}}],"collection":[{"href":"https:\/\/www.joab.se\/fi\/wp-json\/wp\/v2\/pages"}],"about":[{"href":"https:\/\/www.joab.se\/fi\/wp-json\/wp\/v2\/types\/page"}],"author":[{"embeddable":true,"href":"https:\/\/www.joab.se\/fi\/wp-json\/wp\/v2\/users\/2"}],"replies":[{"embeddable":true,"href":"https:\/\/www.joab.se\/fi\/wp-json\/wp\/v2\/comments?post=15314"}],"version-history":[{"count":30,"href":"https:\/\/www.joab.se\/fi\/wp-json\/wp\/v2\/pages\/15314\/revisions"}],"predecessor-version":[{"id":30456,"href":"https:\/\/www.joab.se\/fi\/wp-json\/wp\/v2\/pages\/15314\/revisions\/30456"}],"up":[{"embeddable":true,"href":"https:\/\/www.joab.se\/fi\/wp-json\/wp\/v2\/pages\/15311"}],"wp:attachment":[{"href":"https:\/\/www.joab.se\/fi\/wp-json\/wp\/v2\/media?parent=15314"}],"curies":[{"name":"wp","href":"https:\/\/api.w.org\/{rel}","templated":true}]}}