{"id":17706,"date":"2021-02-15T13:10:46","date_gmt":"2021-02-15T12:10:46","guid":{"rendered":"https:\/\/www.joab.se\/?page_id=17706"},"modified":"2021-02-19T08:28:39","modified_gmt":"2021-02-19T07:28:39","slug":"meet-our-users-kran-uffe","status":"publish","type":"page","link":"https:\/\/www.joab.se\/en\/meet-our-users-kran-uffe\/","title":{"rendered":"Meet our users &#8211; Kran-Uffe"},"content":{"rendered":"<div id=\"pl-17706\"  class=\"panel-layout\" ><div id=\"pg-17706-0\"  class=\"panel-grid panel-no-style\" ><div id=\"pgc-17706-0-0\"  class=\"panel-grid-cell\" ><div id=\"panel-17706-0-0-0\" class=\"so-panel widget widget_joab-hero-banner-widget panel-first-child panel-last-child\" data-index=\"0\" ><div\n\t\t\t\n\t\t\tclass=\"so-widget-joab-hero-banner-widget so-widget-joab-hero-banner-widget-default-d75171398898-17706\"\n\t\t\t\n\t\t><div class=\"hero-banner-container\" style=\"background: linear-gradient( rgba(0, 0, 0, 0.5), rgba(0, 0, 0, 0.5) ), url('https:\/\/www.joab.se\/wp-content\/uploads\/2021\/02\/20160916_105601-1920x1080.jpg');background-position: 50% 50%\">\n        <div class=\"hero-content\">\n      <div class=\"border-container\" style=\"max-width: 40%\">\n          <h1 style=\"font-size: 3vw\">Meet our users<\/h1>\n      <\/div>\n    <\/div>\n<\/div>\n\n<div class=\"breadcrumbs\">\n            <p id=\"breadcrumbs\"><span><span><a href=\"https:\/\/www.joab.se\/en\/\">Home<\/a><\/span><\/span><\/p>    <\/div>\n\n<\/div><\/div><\/div><\/div><div id=\"pg-17706-1\"  class=\"panel-grid panel-no-style\" ><div id=\"pgc-17706-1-0\"  class=\"panel-grid-cell\" ><div id=\"panel-17706-1-0-0\" class=\"so-panel widget widget_sow-editor panel-first-child panel-last-child\" data-index=\"1\" ><div\n\t\t\t\n\t\t\tclass=\"so-widget-sow-editor so-widget-sow-editor-base\"\n\t\t\t\n\t\t>\n<div class=\"siteorigin-widget-tinymce textwidget\">\n\t<h2 style=\"text-align: center;\">KRAN-UFFE<\/h2>\n<p>&nbsp;<\/p>\n<\/div>\n<\/div><\/div><\/div><\/div><div id=\"pg-17706-2\"  class=\"panel-grid panel-no-style\" ><div id=\"pgc-17706-2-0\"  class=\"panel-grid-cell panel-grid-cell-empty\" ><\/div><div id=\"pgc-17706-2-1\"  class=\"panel-grid-cell panel-grid-cell-mobile-last\" ><div id=\"panel-17706-2-1-0\" class=\"so-panel widget widget_siteorigin-panels-builder panel-first-child\" data-index=\"2\" ><div id=\"pl-w602f68a771e97\"  class=\"panel-layout\" ><div id=\"pg-w602f68a771e97-0\"  class=\"panel-grid panel-no-style\" ><div id=\"pgc-w602f68a771e97-0-0\"  class=\"panel-grid-cell\" ><div id=\"panel-w602f68a771e97-0-0-0\" class=\"so-panel widget widget_sow-editor panel-first-child panel-last-child\" data-index=\"0\" ><div\n\t\t\t\n\t\t\tclass=\"so-widget-sow-editor so-widget-sow-editor-base\"\n\t\t\t\n\t\t>\n<div class=\"siteorigin-widget-tinymce textwidget\">\n\t<h2><\/h2>\n<p><strong>Location:<\/strong> Alings\u00e5s - V\u00e4stra G\u00f6taland<\/p>\n<p><strong>Number of employees:<\/strong> 3<\/p>\n<p><strong>Operations, what do you do?<\/strong><br \/>\nThe business is mostly in the construction industry such as assembly of houses and industrial halls, transport and raised roofing material as well as relocation of sheds and containers etc. But we also work with a few other assignments such as moving boats, works of art, pools, crushing equipment and some other exciting things.<\/p>\n<p><strong>When did you start working with JOAB? Which products do you have?<\/strong><br \/>\nIn the spring of 2014, our business was in full swing with a crane truck. Then later there were two more almost identical, one with HMF 8520 and one with HMF 9520.<\/p>\n<p><strong>How has JOAB helped you in your challenges?<\/strong><br \/>\nThe biggest challenge lies in solving all our customers' assignments, from small to large, demanding lifts. Our crane trucks handle most things imaginable and during all the years we have hired JOAB for problems and service of cranes, it has worked excellently. When ordering spare parts, for example, which need to arrive immediately, especially considering that the HMF cranes are manufactured in Denmark.<\/p>\n<p><strong>Otherwise, what do you think of JOAB? Support? Service etc.<\/strong><br \/>\nWe are very satisfied with both support and service. We have a great relationship with talented employees at JOAB and for us it is important to have a reliable partner to grow together in the future. JOAB is a very service-oriented company with many good employees who respond to problems quickly.<\/p>\n<\/div>\n<\/div><\/div><\/div><div id=\"pgc-w602f68a771e97-0-1\"  class=\"panel-grid-cell\" ><div id=\"panel-w602f68a771e97-0-1-0\" class=\"so-panel widget widget_joab-product-image-gallery-widget panel-first-child panel-last-child\" data-index=\"1\" ><div\n\t\t\t\n\t\t\tclass=\"so-widget-joab-product-image-gallery-widget so-widget-joab-product-image-gallery-widget-default-d75171398898\"\n\t\t\t\n\t\t><div class=\"product-gallery-container\">\n    <ul class=\"lightbox-gallery\">\n                        <li><img loading=\"lazy\" decoding=\"async\" width=\"1000\" height=\"750\" src=\"https:\/\/www.joab.se\/wp-content\/uploads\/2021\/02\/20201008_145005-1000x750.jpg\" class=\"attachment-joab-product-large size-joab-product-large\" alt=\"\" data-original-src=\"https:\/\/www.joab.se\/wp-content\/uploads\/2021\/02\/20201008_145005-1000x750.jpg\" data-poptype=\"image\" srcset=\"https:\/\/www.joab.se\/wp-content\/uploads\/2021\/02\/20201008_145005-1000x750.jpg 1000w, https:\/\/www.joab.se\/wp-content\/uploads\/2021\/02\/20201008_145005-300x225.jpg 300w, https:\/\/www.joab.se\/wp-content\/uploads\/2021\/02\/20201008_145005-1024x768.jpg 1024w, https:\/\/www.joab.se\/wp-content\/uploads\/2021\/02\/20201008_145005-768x576.jpg 768w, https:\/\/www.joab.se\/wp-content\/uploads\/2021\/02\/20201008_145005-1536x1152.jpg 1536w, https:\/\/www.joab.se\/wp-content\/uploads\/2021\/02\/20201008_145005-2048x1536.jpg 2048w, https:\/\/www.joab.se\/wp-content\/uploads\/2021\/02\/20201008_145005-1920x1440.jpg 1920w\" sizes=\"auto, (max-width: 1000px) 100vw, 1000px\" \/><\/li>\n                        <li><div class=\"gallery-item image-thumbnail\" data-original-src=\"https:\/\/www.joab.se\/wp-content\/uploads\/2021\/02\/20201110_080033-750x1000.jpg\" data-poptype=\"image\"><img loading=\"lazy\" decoding=\"async\" width=\"300\" height=\"220\" src=\"https:\/\/www.joab.se\/wp-content\/uploads\/2021\/02\/20201110_080033-300x220.jpg\" class=\"attachment-joab-product-thumb size-joab-product-thumb\" alt=\"\" \/><\/div><\/li>\n                        <li><div class=\"gallery-item image-thumbnail\" data-original-src=\"https:\/\/www.joab.se\/wp-content\/uploads\/2021\/02\/20200803_055906-1000x750.jpg\" data-poptype=\"image\"><img loading=\"lazy\" decoding=\"async\" width=\"300\" height=\"220\" src=\"https:\/\/www.joab.se\/wp-content\/uploads\/2021\/02\/20200803_055906-300x220.jpg\" class=\"attachment-joab-product-thumb size-joab-product-thumb\" alt=\"\" \/><\/div><\/li>\n                        <li><div class=\"gallery-item image-thumbnail\" data-original-src=\"https:\/\/www.joab.se\/wp-content\/uploads\/2021\/02\/20201019_113617-1000x750.jpg\" data-poptype=\"image\"><img loading=\"lazy\" decoding=\"async\" width=\"300\" height=\"220\" src=\"https:\/\/www.joab.se\/wp-content\/uploads\/2021\/02\/20201019_113617-300x220.jpg\" class=\"attachment-joab-product-thumb size-joab-product-thumb\" alt=\"\" \/><\/div><\/li>\n                        <li><div class=\"gallery-item image-thumbnail\" data-original-src=\"https:\/\/www.joab.se\/wp-content\/uploads\/2021\/02\/20161128_141501-1000x563.jpg\" data-poptype=\"image\"><img loading=\"lazy\" decoding=\"async\" width=\"300\" height=\"220\" src=\"https:\/\/www.joab.se\/wp-content\/uploads\/2021\/02\/20161128_141501-300x220.jpg\" class=\"attachment-joab-product-thumb size-joab-product-thumb\" alt=\"\" \/><\/div><\/li>\n                        <li><div class=\"gallery-item image-thumbnail\" data-original-src=\"https:\/\/www.joab.se\/wp-content\/uploads\/2021\/02\/20200306_100239-1000x563.jpg\" data-poptype=\"image\"><img loading=\"lazy\" decoding=\"async\" width=\"300\" height=\"220\" src=\"https:\/\/www.joab.se\/wp-content\/uploads\/2021\/02\/20200306_100239-300x220.jpg\" class=\"attachment-joab-product-thumb size-joab-product-thumb\" alt=\"\" \/><\/div><\/li>\n                        <li><div class=\"gallery-item image-thumbnail\" data-original-src=\"https:\/\/www.joab.se\/wp-content\/uploads\/2021\/02\/20141009_145959-1000x563.jpg\" data-poptype=\"image\"><img loading=\"lazy\" decoding=\"async\" width=\"300\" height=\"220\" src=\"https:\/\/www.joab.se\/wp-content\/uploads\/2021\/02\/20141009_145959-300x220.jpg\" class=\"attachment-joab-product-thumb size-joab-product-thumb\" alt=\"\" \/><\/div><\/li>\n                        <li><div class=\"gallery-item image-thumbnail\" data-original-src=\"https:\/\/www.joab.se\/wp-content\/uploads\/2021\/02\/20161007_095243-1000x563.jpg\" data-poptype=\"image\"><img loading=\"lazy\" decoding=\"async\" width=\"300\" height=\"220\" src=\"https:\/\/www.joab.se\/wp-content\/uploads\/2021\/02\/20161007_095243-300x220.jpg\" class=\"attachment-joab-product-thumb size-joab-product-thumb\" alt=\"\" \/><\/div><\/li>\n                        <li><div class=\"gallery-item image-thumbnail\" data-original-src=\"https:\/\/www.joab.se\/wp-content\/uploads\/2021\/02\/20160916_105601-1000x563.jpg\" data-poptype=\"image\"><img loading=\"lazy\" decoding=\"async\" width=\"300\" height=\"220\" src=\"https:\/\/www.joab.se\/wp-content\/uploads\/2021\/02\/20160916_105601-300x220.jpg\" class=\"attachment-joab-product-thumb size-joab-product-thumb\" alt=\"\" \/><\/div><\/li>\n            <\/ul>\n<\/div>\n\n<\/div><\/div><\/div><\/div><\/div><\/div><div id=\"panel-17706-2-1-1\" class=\"so-panel widget widget_sow-editor panel-last-child\" data-index=\"3\" ><div\n\t\t\t\n\t\t\tclass=\"so-widget-sow-editor so-widget-sow-editor-base\"\n\t\t\t\n\t\t>\n<div class=\"siteorigin-widget-tinymce textwidget\">\n\t<hr \/>\n<\/div>\n<\/div><\/div><\/div><div id=\"pgc-17706-2-2\"  class=\"panel-grid-cell panel-grid-cell-empty\" ><\/div><\/div><\/div>","protected":false},"excerpt":{"rendered":"<p>KRAN-UFFE &nbsp;<\/p>\n","protected":false},"author":2,"featured_media":0,"parent":0,"menu_order":0,"comment_status":"closed","ping_status":"closed","template":"","meta":{"footnotes":""},"class_list":["post-17706","page","type-page","status-publish","hentry"],"yoast_head":"<!-- This site is optimized with the Yoast SEO plugin v27.4 - https:\/\/yoast.com\/product\/yoast-seo-wordpress\/ -->\n<title>Meet our users - Kran-Uffe - JOAB<\/title>\n<meta name=\"robots\" content=\"index, follow, max-snippet:-1, max-image-preview:large, max-video-preview:-1\" \/>\n<link rel=\"canonical\" href=\"https:\/\/www.joab.se\/en\/meet-our-users-kran-uffe\/\" \/>\n<meta property=\"og:locale\" content=\"en_US\" \/>\n<meta property=\"og:type\" content=\"article\" \/>\n<meta property=\"og:title\" content=\"Meet our users - Kran-Uffe - JOAB\" \/>\n<meta property=\"og:description\" content=\"KRAN-UFFE &nbsp;\" \/>\n<meta property=\"og:url\" content=\"https:\/\/www.joab.se\/en\/meet-our-users-kran-uffe\/\" \/>\n<meta property=\"og:site_name\" content=\"JOAB\" \/>\n<meta property=\"article:publisher\" content=\"https:\/\/www.facebook.com\/joabsverige\/\" \/>\n<meta property=\"article:modified_time\" content=\"2021-02-19T07:28:39+00:00\" \/>\n<meta name=\"twitter:card\" content=\"summary_large_image\" \/>\n<meta name=\"twitter:label1\" content=\"Est. reading time\" \/>\n\t<meta name=\"twitter:data1\" content=\"1 minute\" \/>\n<script type=\"application\/ld+json\" class=\"yoast-schema-graph\">{\"@context\":\"https:\\\/\\\/schema.org\",\"@graph\":[{\"@type\":\"WebPage\",\"@id\":\"https:\\\/\\\/www.joab.se\\\/en\\\/meet-our-users-kran-uffe\\\/\",\"url\":\"https:\\\/\\\/www.joab.se\\\/en\\\/meet-our-users-kran-uffe\\\/\",\"name\":\"Meet our users - Kran-Uffe - JOAB\",\"isPartOf\":{\"@id\":\"https:\\\/\\\/www.joab.se\\\/#website\"},\"datePublished\":\"2021-02-15T12:10:46+00:00\",\"dateModified\":\"2021-02-19T07:28:39+00:00\",\"breadcrumb\":{\"@id\":\"https:\\\/\\\/www.joab.se\\\/en\\\/meet-our-users-kran-uffe\\\/#breadcrumb\"},\"inLanguage\":\"en-US\",\"potentialAction\":[{\"@type\":\"ReadAction\",\"target\":[\"https:\\\/\\\/www.joab.se\\\/en\\\/meet-our-users-kran-uffe\\\/\"]}]},{\"@type\":\"BreadcrumbList\",\"@id\":\"https:\\\/\\\/www.joab.se\\\/en\\\/meet-our-users-kran-uffe\\\/#breadcrumb\",\"itemListElement\":[{\"@type\":\"ListItem\",\"position\":1,\"name\":\"Home\",\"item\":\"https:\\\/\\\/www.joab.se\\\/en\\\/\"},{\"@type\":\"ListItem\",\"position\":2,\"name\":\"Meet our users &#8211; Kran-Uffe\"}]},{\"@type\":\"WebSite\",\"@id\":\"https:\\\/\\\/www.joab.se\\\/#website\",\"url\":\"https:\\\/\\\/www.joab.se\\\/\",\"name\":\"JOAB\",\"description\":\"En till WordPress-webbplats\",\"publisher\":{\"@id\":\"https:\\\/\\\/www.joab.se\\\/#organization\"},\"potentialAction\":[{\"@type\":\"SearchAction\",\"target\":{\"@type\":\"EntryPoint\",\"urlTemplate\":\"https:\\\/\\\/www.joab.se\\\/?s={search_term_string}\"},\"query-input\":{\"@type\":\"PropertyValueSpecification\",\"valueRequired\":true,\"valueName\":\"search_term_string\"}}],\"inLanguage\":\"en-US\"},{\"@type\":\"Organization\",\"@id\":\"https:\\\/\\\/www.joab.se\\\/#organization\",\"name\":\"JOAB F\u00f6rs\u00e4ljnings AB\",\"url\":\"https:\\\/\\\/www.joab.se\\\/\",\"logo\":{\"@type\":\"ImageObject\",\"inLanguage\":\"en-US\",\"@id\":\"https:\\\/\\\/www.joab.se\\\/#\\\/schema\\\/logo\\\/image\\\/\",\"url\":\"https:\\\/\\\/www.joab.se\\\/wp-content\\\/uploads\\\/2023\\\/02\\\/logo_storre.png\",\"contentUrl\":\"https:\\\/\\\/www.joab.se\\\/wp-content\\\/uploads\\\/2023\\\/02\\\/logo_storre.png\",\"width\":3100,\"height\":889,\"caption\":\"JOAB F\u00f6rs\u00e4ljnings AB\"},\"image\":{\"@id\":\"https:\\\/\\\/www.joab.se\\\/#\\\/schema\\\/logo\\\/image\\\/\"},\"sameAs\":[\"https:\\\/\\\/www.facebook.com\\\/joabsverige\\\/\",\"https:\\\/\\\/www.instagram.com\\\/joab.se\\\/?hl=sv\",\"https:\\\/\\\/www.linkedin.com\\\/company\\\/joab-ab\\\/\",\"https:\\\/\\\/www.youtube.com\\\/@joab2194\\\/featured\"]}]}<\/script>\n<!-- \/ Yoast SEO plugin. -->","yoast_head_json":{"title":"Meet our users - Kran-Uffe - JOAB","robots":{"index":"index","follow":"follow","max-snippet":"max-snippet:-1","max-image-preview":"max-image-preview:large","max-video-preview":"max-video-preview:-1"},"canonical":"https:\/\/www.joab.se\/en\/meet-our-users-kran-uffe\/","og_locale":"en_US","og_type":"article","og_title":"Meet our users - Kran-Uffe - JOAB","og_description":"KRAN-UFFE &nbsp;","og_url":"https:\/\/www.joab.se\/en\/meet-our-users-kran-uffe\/","og_site_name":"JOAB","article_publisher":"https:\/\/www.facebook.com\/joabsverige\/","article_modified_time":"2021-02-19T07:28:39+00:00","twitter_card":"summary_large_image","twitter_misc":{"Est. reading time":"1 minute"},"schema":{"@context":"https:\/\/schema.org","@graph":[{"@type":"WebPage","@id":"https:\/\/www.joab.se\/en\/meet-our-users-kran-uffe\/","url":"https:\/\/www.joab.se\/en\/meet-our-users-kran-uffe\/","name":"Meet our users - Kran-Uffe - JOAB","isPartOf":{"@id":"https:\/\/www.joab.se\/#website"},"datePublished":"2021-02-15T12:10:46+00:00","dateModified":"2021-02-19T07:28:39+00:00","breadcrumb":{"@id":"https:\/\/www.joab.se\/en\/meet-our-users-kran-uffe\/#breadcrumb"},"inLanguage":"en-US","potentialAction":[{"@type":"ReadAction","target":["https:\/\/www.joab.se\/en\/meet-our-users-kran-uffe\/"]}]},{"@type":"BreadcrumbList","@id":"https:\/\/www.joab.se\/en\/meet-our-users-kran-uffe\/#breadcrumb","itemListElement":[{"@type":"ListItem","position":1,"name":"Home","item":"https:\/\/www.joab.se\/en\/"},{"@type":"ListItem","position":2,"name":"Meet our users &#8211; Kran-Uffe"}]},{"@type":"WebSite","@id":"https:\/\/www.joab.se\/#website","url":"https:\/\/www.joab.se\/","name":"JOAB","description":"En till WordPress-webbplats","publisher":{"@id":"https:\/\/www.joab.se\/#organization"},"potentialAction":[{"@type":"SearchAction","target":{"@type":"EntryPoint","urlTemplate":"https:\/\/www.joab.se\/?s={search_term_string}"},"query-input":{"@type":"PropertyValueSpecification","valueRequired":true,"valueName":"search_term_string"}}],"inLanguage":"en-US"},{"@type":"Organization","@id":"https:\/\/www.joab.se\/#organization","name":"JOAB F\u00f6rs\u00e4ljnings AB","url":"https:\/\/www.joab.se\/","logo":{"@type":"ImageObject","inLanguage":"en-US","@id":"https:\/\/www.joab.se\/#\/schema\/logo\/image\/","url":"https:\/\/www.joab.se\/wp-content\/uploads\/2023\/02\/logo_storre.png","contentUrl":"https:\/\/www.joab.se\/wp-content\/uploads\/2023\/02\/logo_storre.png","width":3100,"height":889,"caption":"JOAB F\u00f6rs\u00e4ljnings AB"},"image":{"@id":"https:\/\/www.joab.se\/#\/schema\/logo\/image\/"},"sameAs":["https:\/\/www.facebook.com\/joabsverige\/","https:\/\/www.instagram.com\/joab.se\/?hl=sv","https:\/\/www.linkedin.com\/company\/joab-ab\/","https:\/\/www.youtube.com\/@joab2194\/featured"]}]}},"_links":{"self":[{"href":"https:\/\/www.joab.se\/en\/wp-json\/wp\/v2\/pages\/17706","targetHints":{"allow":["GET"]}}],"collection":[{"href":"https:\/\/www.joab.se\/en\/wp-json\/wp\/v2\/pages"}],"about":[{"href":"https:\/\/www.joab.se\/en\/wp-json\/wp\/v2\/types\/page"}],"author":[{"embeddable":true,"href":"https:\/\/www.joab.se\/en\/wp-json\/wp\/v2\/users\/2"}],"replies":[{"embeddable":true,"href":"https:\/\/www.joab.se\/en\/wp-json\/wp\/v2\/comments?post=17706"}],"version-history":[{"count":4,"href":"https:\/\/www.joab.se\/en\/wp-json\/wp\/v2\/pages\/17706\/revisions"}],"predecessor-version":[{"id":17710,"href":"https:\/\/www.joab.se\/en\/wp-json\/wp\/v2\/pages\/17706\/revisions\/17710"}],"wp:attachment":[{"href":"https:\/\/www.joab.se\/en\/wp-json\/wp\/v2\/media?parent=17706"}],"curies":[{"name":"wp","href":"https:\/\/api.w.org\/{rel}","templated":true}]}}